{"id":32405,"date":"2019-07-19T12:04:48","date_gmt":"2019-07-19T05:04:48","guid":{"rendered":"https:\/\/www.easydayphuket.com\/?page_id=32405"},"modified":"2024-05-28T02:47:27","modified_gmt":"2024-05-27T19:47:27","slug":"on-on-hotel-phuket-town","status":"publish","type":"page","link":"https:\/\/www.easydayphuket.com\/it\/on-on-hotel-phuket-town\/","title":{"rendered":"On On Hotel Phuket Town"},"content":{"rendered":"\n<div id=\"attachment_32435\" style=\"width: 302px\" class=\"wp-caption alignright\"><img loading=\"lazy\" decoding=\"async\" width=\"292\" height=\"195\" aria-describedby=\"caption-attachment-32435\" src=\"https:\/\/www.easydayphuket.com\/wp-content\/uploads\/2019\/07\/1215442236-architecture15.jpg\" alt=\"The Memory at On On Hotel Phuket Town\" class=\"wp-image-32435\" title=\"The Memory at On On Hotel Phuket Town\" srcset=\"https:\/\/www.easydayphuket.com\/wp-content\/uploads\/2019\/07\/1215442236-architecture15.jpg 292w, https:\/\/www.easydayphuket.com\/wp-content\/uploads\/2019\/07\/1215442236-architecture15-82x55.jpg 82w, https:\/\/www.easydayphuket.com\/wp-content\/uploads\/2019\/07\/1215442236-architecture15-180x120.jpg 180w\" sizes=\"(max-width: 292px) 100vw, 292px\" \/><p id=\"caption-attachment-32435\" class=\"wp-caption-text\"><\/figure>\n\n\n\n<p> On On Hotel Phuket Town<\/p><\/div>\n\n\n\n<p>On On Hotel Phuket Town.&nbsp;Immergetevi nel vero spirito della&nbsp;<a title=\"Old Phuket Town\" href=\"https:\/\/www.easydayphuket.com\/old-phuket-town\/\" target=\"_blank\" rel=\"noopener noreferrer\">Phuket Old Town<\/a> con un soggiorno allo storico Memory at On On Hotel. Questo \u00e8 il pi\u00f9 antico hotel di <a href=\"https:\/\/www.vacanzethailandia.com\/phuket\/\">Phuket<\/a> ed \u00e8 stato meticolosamente ristrutturato per mantenere la sua ricca architettura Sino-portoghese, rivelando un design classico che si fonde perfettamente con tutti i comfort moderni e recenti.<\/p>\n\n\n\n<ul class=\"wp-block-list\">\n<li><strong>Situato<\/strong> nella citt\u00e0 di Phuket.<\/li>\n\n\n\n<li><span lang=\"it\"><strong>Recentemente<\/strong> <\/span><span lang=\"it\">ristrutturato.<\/span><\/li>\n\n\n\n<li><span lang=\"it\">Personale <strong>con lunga esperienza<\/strong>.<\/span><\/li>\n\n\n\n<li>Numerosi negozi a disposizione, a pochi metri dall&#8217;hotel.<\/li>\n\n\n\n<li><strong>Decorato<\/strong> con stile ed eleganza.<\/li>\n\n\n\n<li><span lang=\"it\">Snacks\u00a0<strong>gratuiti<\/strong>.<\/span><\/li>\n<\/ul>\n\n\n\n<p><strong><span style=\"color: #ff0000;\"> 3 giorni \/ 2 notti <\/span>&nbsp;&#8211; P<span lang=\"it\">rezzo&nbsp;in Thai&nbsp;<\/span><span lang=\"it\">Baht&nbsp;<\/span><span lang=\"it\">a persona a partire da<\/span><\/strong><strong>&nbsp;<\/strong><strong>2,650&nbsp; <a title=\"Easy Day Contact Form\" href=\"#form\">&gt;&gt;&nbsp;Richiedi<\/a><a title=\"Easy Day Contact Form\" href=\"#form\">&nbsp;ora il tuo preventivo gratuito!<\/a><\/strong>&nbsp; <span lang=\"it\"><strong>Pacchetto Hotel<\/strong> <\/span><span lang=\"it\"><strong>Include:<\/strong><\/span><strong>&nbsp;<\/strong> <span style=\"line-height: 1.5em;\"><\/span><\/p>\n\n\n\n<ul class=\"wp-block-list\">\n<li><span lang=\"it\"><a title=\"Phuket Airport Transfer\" href=\"https:\/\/www.easydayphuket.com\/it\/trasferimenti-phuket-come-arrivare\/trasferimento-aeroporto-di-phuket\/\">Trasferimento privato dall&#8217;aeroporto di Phuket<\/a><\/span>.<\/li>\n\n\n\n<li>Sistemazione in camera doppia Superior.<\/li>\n\n\n\n<li><span lang=\"it\">WiFi gratuito.<\/span><\/li>\n\n\n\n<li>Tasse e assicurazione.<\/li>\n<\/ul>\n\n\n\n<p><\/p>\n\n\n\n<p class=\"has-text-align-right\"><a href='#form' class='small-button smallblue'>Prenota \/ Contattaci<\/a><\/p>\n\n\n\n<h2 class=\"wp-block-heading\">On On Hotel Room Galleria di Immagini<\/h2>\n\n\n\n\n\t\t<style type=\"text\/css\">\n\t\t\t#gallery-1 {\n\t\t\t\tmargin: auto;\n\t\t\t}\n\t\t\t#gallery-1 .gallery-item {\n\t\t\t\tfloat: left;\n\t\t\t\tmargin-top: 10px;\n\t\t\t\ttext-align: center;\n\t\t\t\twidth: 33%;\n\t\t\t}\n\t\t\t#gallery-1 img {\n\t\t\t\tborder: 2px solid #cfcfcf;\n\t\t\t}\n\t\t\t#gallery-1 .gallery-caption {\n\t\t\t\tmargin-left: 0;\n\t\t\t}\n\t\t\t\/* see gallery_shortcode() in wp-includes\/media.php *\/\n\t\t<\/style>\n\t\t<div id='gallery-1' class='gallery galleryid-32405 gallery-columns-3 gallery-size-large'><dl class='gallery-item'>\n\t\t\t<dt class='gallery-icon landscape'>\n\t\t\t\t<a href='https:\/\/www.easydayphuket.com\/it\/on-on-hotel-phuket-town\/2065293926-room30\/'><img loading=\"lazy\" decoding=\"async\" width=\"292\" height=\"188\" src=\"https:\/\/www.easydayphuket.com\/wp-content\/uploads\/2019\/07\/2065293926-room30.jpg\" class=\"attachment-large size-large\" alt=\"On On Hotel Phuket\" aria-describedby=\"gallery-1-32454\" srcset=\"https:\/\/www.easydayphuket.com\/wp-content\/uploads\/2019\/07\/2065293926-room30.jpg 292w, https:\/\/www.easydayphuket.com\/wp-content\/uploads\/2019\/07\/2065293926-room30-85x55.jpg 85w\" sizes=\"(max-width: 292px) 100vw, 292px\" \/><\/a>\n\t\t\t<\/dt>\n\t\t\t\t<dd class='wp-caption-text gallery-caption' id='gallery-1-32454'>\n\t\t\t\tOn On Hotel Phuket Town\n\t\t\t\t<\/dd><\/dl><dl class='gallery-item'>\n\t\t\t<dt class='gallery-icon landscape'>\n\t\t\t\t<a href='https:\/\/www.easydayphuket.com\/it\/on-on-hotel-phuket-town\/309984585-room2\/'><img loading=\"lazy\" decoding=\"async\" width=\"292\" height=\"195\" src=\"https:\/\/www.easydayphuket.com\/wp-content\/uploads\/2019\/07\/309984585-room2.jpg\" class=\"attachment-large size-large\" alt=\"On On Hotel Phuket\" aria-describedby=\"gallery-1-32442\" srcset=\"https:\/\/www.easydayphuket.com\/wp-content\/uploads\/2019\/07\/309984585-room2.jpg 292w, https:\/\/www.easydayphuket.com\/wp-content\/uploads\/2019\/07\/309984585-room2-82x55.jpg 82w, https:\/\/www.easydayphuket.com\/wp-content\/uploads\/2019\/07\/309984585-room2-180x120.jpg 180w\" sizes=\"(max-width: 292px) 100vw, 292px\" \/><\/a>\n\t\t\t<\/dt>\n\t\t\t\t<dd class='wp-caption-text gallery-caption' id='gallery-1-32442'>\n\t\t\t\tOn On Hotel Phuket Double Room\n\t\t\t\t<\/dd><\/dl><dl class='gallery-item'>\n\t\t\t<dt class='gallery-icon landscape'>\n\t\t\t\t<a href='https:\/\/www.easydayphuket.com\/it\/on-on-hotel-phuket-town\/934181208-room15\/'><img loading=\"lazy\" decoding=\"async\" width=\"292\" height=\"173\" src=\"https:\/\/www.easydayphuket.com\/wp-content\/uploads\/2019\/07\/934181208-room15.jpg\" class=\"attachment-large size-large\" alt=\"On On Hotel Phuket Double Room\" aria-describedby=\"gallery-1-32448\" srcset=\"https:\/\/www.easydayphuket.com\/wp-content\/uploads\/2019\/07\/934181208-room15.jpg 292w, https:\/\/www.easydayphuket.com\/wp-content\/uploads\/2019\/07\/934181208-room15-93x55.jpg 93w\" sizes=\"(max-width: 292px) 100vw, 292px\" \/><\/a>\n\t\t\t<\/dt>\n\t\t\t\t<dd class='wp-caption-text gallery-caption' id='gallery-1-32448'>\n\t\t\t\tSuperior Double Room\n\t\t\t\t<\/dd><\/dl><br style=\"clear: both\" \/>\n\t\t<\/div>\n\n\n\n\n<h2 class=\"wp-block-heading\">On On Hotel Phuket Servizi Disponibili<\/h2>\n\n\n\n<p>[twocol_one]<\/p>\n\n\n\n<ul class=\"wp-block-list\">\n<li>Reception aperta 24 ore al giorno.<\/li>\n\n\n\n<li>Tour.<\/li>\n\n\n\n<li>Servizio di limousine\/auto.<\/li>\n\n\n\n<li>Lavaggio a secco.<\/li>\n\n\n\n<li>Lavanderia.<\/li>\n<\/ul>\n\n\n\n<p>[\/twocol_one] [twocol_one_last]<\/p>\n\n\n\n<ul class=\"wp-block-list\">\n<li>Quotidiani gratuiti.<\/li>\n\n\n\n<li>Deposito bagagli.<\/li>\n\n\n\n<li>Negozio di souvenirs.<\/li>\n\n\n\n<li>Galleria d&#8217;arte.<\/li>\n<\/ul>\n\n\n\n<p>[\/twocol_one_last]<\/p>\n\n\n\n<h3 class=\"wp-block-heading\">Pacchetti Vacanze &#8211; Incluso il soggiorno al On On Phuket Hotel<\/h3>\n\n\n\n<p><span lang=\"it\"><strong>Le migliori offerte di vacanze a Phuket<\/strong> \u2013 I nostri <a href=\"https:\/\/www.easydayphuket.com\/it\/migliori-escursioni-a-phuket\/\" target=\"_blank\" rel=\"noopener noreferrer\">Tours di Phuket<\/a>\u00a0includono il trasferimento privato dall&#8217;aeroporto di Phuket ed il soggiorno in hotel. <strong>Ottieni ora il preventivo gratuito!<\/strong><\/span><\/p>\n\n\n\n<script charset=\"utf-8\" type=\"text\/javascript\" src=\"\/\/js.hsforms.net\/forms\/embed\/v2.js\"><\/script>\n<script>\n  hbspt.forms.create({\n    region: \"na1\",\n    portalId: \"3413662\",\n    formId: \"8d104c7e-56ee-413f-a880-2368de4d4d6a\"\n  });\n<\/script>\n\n\n\n<h2 class=\"wp-block-heading\">Come Arrivare all&#8217; On On Hotel<\/h2>\n\n\n\n<p><span lang=\"it\">I <a title=\"Phuket Airport Transfer\" href=\"https:\/\/www.easydayphuket.com\/phuket-transfers\/phuket-airport-transfer\/\" target=\"_blank\" rel=\"noopener noreferrer\">Trasferimenti<\/a> <a title=\"Phuket International Airport\" href=\"https:\/\/www.easydayphuket.com\/phuket-international-airport\/\" target=\"_blank\" rel=\"noopener noreferrer\">dall&#8217;Aeroporto di Phuket<\/a>&nbsp;sono inclusi in tutti i nostri pacchetti vacanze. <\/span><span lang=\"it\">Nel caso in cui desiderate viaggiare per conto vostro, saremo lieti di darvi i dettagli esatti su come raggiungere l&#8217;hotel. <\/span><span lang=\"it\">Si trova sulla Phang Nga Road a&nbsp;<a title=\"Old Phuket Town\" href=\"https:\/\/www.easydayphuket.com\/old-phuket-town\/\" target=\"_blank\" rel=\"noopener noreferrer\">Phuket Old Town<\/a>, il centro storico dell&#8217;isola che ancora oggi \u00e8 il centro culturale ed economico per la gente di Phuket. <\/span><span lang=\"it\">Il centro storico \u00e8 stato rinnovato negli ultimi anni, permettendo ai visitatori di vivere un lato diverso di Phuket e fornendo una meta alternativa alle spiagge come<a title=\"Patong Beach \u2013 The Beaches of Phuket\" href=\"https:\/\/www.easydayphuket.com\/patong-beach\/\" target=\"_blank\" rel=\"noopener noreferrer\"> Patong<\/a>, <a title=\"Karon Beach \u2013 The Beaches of Phuket\" href=\"https:\/\/www.easydayphuket.com\/it\/karon-beach-spiagge-di-phuket\/\" target=\"_blank\" rel=\"noopener noreferrer\">Karon <\/a>o <a title=\"Surin Beach \u2013 The Beaches of Phuket\" href=\"https:\/\/www.easydayphuket.com\/it\/surin-beach-spiagge-di-phuket\/\" target=\"_blank\" rel=\"noopener noreferrer\">Surin<\/a> che sono ancora solamente a 20 <\/span><span lang=\"it\">minuti di distanza.<\/span><\/p>\n\n\n\n<h2 class=\"wp-block-heading\">On On Hotel &#8211; Informazioni&nbsp;Generali<\/h2>\n\n\n\n<ul class=\"wp-block-list\">\n<li><strong>Check-in:<\/strong>\u00a0ore 14:00.<\/li>\n\n\n\n<li><strong>Check-out:<\/strong>\u00a0ore 12:00.<\/li>\n\n\n\n<li><span lang=\"it\"><strong>Early check-in \/ Late check-out:<\/strong> <\/span><span lang=\"it\">Soggetti a disponibilit\u00e0 durante il soggiorno.<\/span><\/li>\n\n\n\n<li><span lang=\"it\"><strong>Sconto bambini:<\/strong>\u00a0I b<\/span><span lang=\"it\">ambini sotto i 4 anni soggiornano gratuitamente condividendo la camera ed il letto con i genitori (colazione gratuita). I b<\/span><span lang=\"it\">ambini dai 4 ai 12 anni di et\u00e0 che dividono il letto con i genitori soggiornano gratuitamente, tuttavia la prima colazione e&#8217; da pagare in hotel.<\/span><\/li>\n\n\n\n<li><span lang=\"it\"><strong>Cena obbligatoria:<\/strong> <\/span><span lang=\"it\">Nessuna.<\/span><\/li>\n<\/ul>\n","protected":false},"excerpt":{"rendered":"<p>On On Hotel Phuket Town.&nbsp;Immergetevi nel vero spirito della&nbsp;Phuket Old Town con un soggiorno allo storico Memory at On On Hotel. Questo \u00e8 il pi\u00f9 antico hotel di Phuket ed \u00e8 stato meticolosamente ristrutturato per mantenere la sua ricca architettura Sino-portoghese, rivelando un design classico che si fonde perfettamente con tutti i comfort moderni e [&hellip;]<\/p>\n","protected":false},"author":4,"featured_media":6928,"parent":0,"menu_order":0,"comment_status":"closed","ping_status":"open","template":"","meta":{"_acf_changed":false,"_et_pb_use_builder":"off","_et_pb_old_content":"[caption id=\"attachment_3906\" align=\"alignright\" width=\"310\"]<a href=\"\/?page_id=3906\"><img class=\"wp-image-6928 size-full\" title=\"The Memory at On On Hotel Phuket Town\" src=\"https:\/\/www.easydayphuket.com\/wp-content\/uploads\/2014\/01\/View4.jpg\" alt=\"The Memory at On On Hotel Phuket Town\" width=\"310\" height=\"234\" \/><\/a> On On Hotel Phuket Town[\/caption]\r\n\r\nOn On Hotel Phuket Town.\u00a0Immerse yourself in the true spirit of <a title=\"Old Phuket Town\" href=\"\/?p=3266\" target=\"_blank\" rel=\"noopener\">Phuket Old Town<\/a> with a homely stay at the historical Memory at On On Hotel. This is the oldest hotel in Phuket and has been meticulously renovated to maintain its rich Sino-Portuguese architecture, revealing a classic design that blends perfectly with the brand new modern amenities.\r\n<ul>\r\n \t<li><strong>Located<\/strong> in Phuket Town.<\/li>\r\n \t<li><strong>Recently<\/strong> Restored.<\/li>\r\n \t<li><strong>Highly<\/strong> Experienced Staff.<\/li>\r\n \t<li>Quick access Shopping.<\/li>\r\n \t<li><strong>Decorated<\/strong> with style and elegance.<\/li>\r\n \t<li><strong>Complimentary<\/strong> Refreshments.<\/li>\r\n<\/ul>\r\n<strong><span style=\"color: #ff0000;\"> 3 day \/ 2 nights<\/span> - Price in <\/strong><strong>Thai Baht <\/strong><strong>per person starting from\u00a0<\/strong><strong>[hp_OnOn_3d2n]\u00a0 <a title=\"Easy Day Contact Form\" href=\"#form\">>> Get your Free Quote!<\/a><\/strong> \r\n\r\n<strong>Hotel package<\/strong><strong> Includes :\u00a0<\/strong>\r\n\r\n<span style=\"line-height: 1.5em;\"><\/span>\r\n<ul>\r\n \t<li><strong>Private<\/strong>\u00a0<a title=\"Phuket Airport Transfer\" href=\"\/?page_id=146\">Phuket Airport Transfer<\/a>.<\/li>\r\n \t<li>Accommodation in Superior Room based on twin\/double sharing.<\/li>\r\n \t<li><span style=\"line-height: 1.5em;\"><strong>Free<\/strong> W<\/span><span style=\"line-height: 1.5em;\">i-Fi Avialable.<\/span><\/li>\r\n \t<li>Tax & Insurance.<\/li>\r\n<\/ul>\r\n\r\n<p style=\"text-align: right;\">[button link=\"#form\"]Check rates![\/button]<\/p>\r\n\r\n<h2 style=\"text-align: left;\">On On Hotel Room Gallery<\/h2>\r\n[gallery size=\"large\" type=\"rectangular\" ids=\"3902,3904,3903\" orderby=\"rand\"]\r\n<h2>On On Hotel Phuket Room Facilities<\/h2>\r\n[twocol_one]\r\n<ul>\r\n \t<li>24-hour front desk.<\/li>\r\n \t<li>Tour.<\/li>\r\n \t<li>Limo\/Car service.<\/li>\r\n \t<li>Dry cleaning.<\/li>\r\n \t<li>Laundry.<\/li>\r\n<\/ul>\r\n[\/twocol_one] [twocol_one_last]\r\n<ul>\r\n \t<li>Complimentary newspapers.<\/li>\r\n \t<li>Luggage storage.<\/li>\r\n \t<li>Memeory Shop.<\/li>\r\n \t<li>Art Gallery.<\/li>\r\n<\/ul>\r\n[\/twocol_one_last]\r\n\r\n[anchor_contact]\r\n<h3>Holiday Packages - Including your Favourite Phuket Hotel<\/h3>\r\n<strong>Best of Phuket Vacation Deals<\/strong> - <a href=\"\/?page_id=60\" target=\"_blank\" rel=\"noopener\">Phuket Tours<\/a> Package includes Private Airport Transfers and Accommodation. <span style=\"color: #ff0000;\"><strong>Get your Free Quote Now!<\/strong><\/span>\r\n\r\n[gravityform id=\"6\" title=\"false\" description=\"true\" ajax=\"true\"]\r\n<h2>On On Hotel\u00a0How to Get there<\/h2>\r\nAs for all hotel packages <a title=\"Phuket Airport Transfer\" href=\"\/?page_id=146\" target=\"_blank\" rel=\"noopener\">Transfers<\/a>\u00a0from<a title=\"Phuket International Airport\" href=\"\/?p=3568\" target=\"_blank\" rel=\"noopener\">\u00a0Phuket Airport<\/a>\u00a0are included. In case you like to make your own way we are happy to give you the exact details.\r\n\r\nWe are situated on Phang Nga Road in <a title=\"Old Phuket Town\" href=\"\/?p=3266\" target=\"_blank\" rel=\"noopener\">Phuket Old Town<\/a>, the historic centre of the island which is still the cultural and economic hub for locals today. The Old Town has been renovated in recent years allowing visitors to experience a different side to Phuket, providing an alternative destination to the stunning beaches, such as<a title=\"Patong Beach \u2013 The Beaches of Phuket\" href=\"\/?p=3438\" target=\"_blank\" rel=\"noopener\"> Patong<\/a>, <a title=\"Karon Beach \u2013 The Beaches of Phuket\" href=\"\/?p=3449\" target=\"_blank\" rel=\"noopener\">Karon <\/a>or <a title=\"Surin Beach \u2013 The Beaches of Phuket\" href=\"\/?p=3496\" target=\"_blank\" rel=\"noopener\">Surin<\/a> which are still only 20 minutes away.\r\n<h2>On On Hotel - General Information<\/h2>\r\n<ul>\r\n \t<li><strong>Check in:<\/strong>\u00a014.00 hrs.<\/li>\r\n \t<li><strong>Check out:<\/strong>\u00a012.00 noon.<\/li>\r\n \t<li><strong>Early check in \/ Late check out: <\/strong>Subject to availability during stay.<\/li>\r\n \t<li><strong>Children\u2019s Policy:<\/strong>\u00a0Child under 4 years old stay free of charge when sharing with parents in exiting bed (breakfast free of\u00a0charge).\u00a0Child from 4 years to 12 years of age sharing bed with parents free of charge, however breakfast payable at hotel.<\/li>\r\n \t<li><strong>Compulsory Dinner:<\/strong>\u00a0 None.<\/li>\r\n<\/ul>","_et_gb_content_width":"","footnotes":""},"class_list":["post-32405","page","type-page","status-publish","has-post-thumbnail","hentry"],"acf":[],"yoast_head":"<!-- This site is optimized with the Yoast SEO plugin v25.1 - https:\/\/yoast.com\/wordpress\/plugins\/seo\/ -->\n<title>On On Hotel Phuket Town - Easy Day Phuket Tours<\/title>\n<meta name=\"description\" content=\"On On Hotel Phuket Town. Immergetevi nel vero spirito della Phuket Old Town con un soggiorno allo storico Memory at On On Hotel.\" \/>\n<meta name=\"robots\" content=\"index, follow, max-snippet:-1, max-image-preview:large, max-video-preview:-1\" \/>\n<link rel=\"canonical\" href=\"https:\/\/www.easydayphuket.com\/it\/on-on-hotel-phuket-town\/\" \/>\n<meta property=\"og:locale\" content=\"it_IT\" \/>\n<meta property=\"og:type\" content=\"article\" \/>\n<meta property=\"og:title\" content=\"On On Hotel Phuket Town - Easy Day Phuket Tours\" \/>\n<meta property=\"og:description\" content=\"On On Hotel Phuket Town. Immergetevi nel vero spirito della Phuket Old Town con un soggiorno allo storico Memory at On On Hotel.\" \/>\n<meta property=\"og:url\" content=\"https:\/\/www.easydayphuket.com\/it\/on-on-hotel-phuket-town\/\" \/>\n<meta property=\"og:site_name\" content=\"Easy Day Phuket\" \/>\n<meta property=\"article:publisher\" content=\"https:\/\/www.facebook.com\/Easydayinthailand\/\" \/>\n<meta property=\"article:modified_time\" content=\"2024-05-27T19:47:27+00:00\" \/>\n<meta property=\"og:image\" content=\"https:\/\/www.easydayphuket.com\/wp-content\/uploads\/2014\/01\/View4.jpg\" \/>\n\t<meta property=\"og:image:width\" content=\"310\" \/>\n\t<meta property=\"og:image:height\" content=\"234\" \/>\n\t<meta property=\"og:image:type\" content=\"image\/jpeg\" \/>\n<meta name=\"twitter:label1\" content=\"Tempo di lettura stimato\" \/>\n\t<meta name=\"twitter:data1\" content=\"3 minuti\" \/>\n<script type=\"application\/ld+json\" class=\"yoast-schema-graph\">{\"@context\":\"https:\/\/schema.org\",\"@graph\":[{\"@type\":\"WebPage\",\"@id\":\"https:\/\/www.easydayphuket.com\/it\/on-on-hotel-phuket-town\/\",\"url\":\"https:\/\/www.easydayphuket.com\/it\/on-on-hotel-phuket-town\/\",\"name\":\"On On Hotel Phuket Town - Easy Day Phuket Tours\",\"isPartOf\":{\"@id\":\"https:\/\/www.easydayphuket.com\/#website\"},\"primaryImageOfPage\":{\"@id\":\"https:\/\/www.easydayphuket.com\/it\/on-on-hotel-phuket-town\/#primaryimage\"},\"image\":{\"@id\":\"https:\/\/www.easydayphuket.com\/it\/on-on-hotel-phuket-town\/#primaryimage\"},\"thumbnailUrl\":\"https:\/\/www.easydayphuket.com\/wp-content\/uploads\/2014\/01\/View4.jpg\",\"datePublished\":\"2019-07-19T05:04:48+00:00\",\"dateModified\":\"2024-05-27T19:47:27+00:00\",\"description\":\"On On Hotel Phuket Town. Immergetevi nel vero spirito della Phuket Old Town con un soggiorno allo storico Memory at On On Hotel.\",\"breadcrumb\":{\"@id\":\"https:\/\/www.easydayphuket.com\/it\/on-on-hotel-phuket-town\/#breadcrumb\"},\"inLanguage\":\"it-IT\",\"potentialAction\":[{\"@type\":\"ReadAction\",\"target\":[\"https:\/\/www.easydayphuket.com\/it\/on-on-hotel-phuket-town\/\"]}]},{\"@type\":\"ImageObject\",\"inLanguage\":\"it-IT\",\"@id\":\"https:\/\/www.easydayphuket.com\/it\/on-on-hotel-phuket-town\/#primaryimage\",\"url\":\"https:\/\/www.easydayphuket.com\/wp-content\/uploads\/2014\/01\/View4.jpg\",\"contentUrl\":\"https:\/\/www.easydayphuket.com\/wp-content\/uploads\/2014\/01\/View4.jpg\",\"width\":310,\"height\":234,\"caption\":\"On On Hotel\"},{\"@type\":\"BreadcrumbList\",\"@id\":\"https:\/\/www.easydayphuket.com\/it\/on-on-hotel-phuket-town\/#breadcrumb\",\"itemListElement\":[{\"@type\":\"ListItem\",\"position\":1,\"name\":\"Home\",\"item\":\"https:\/\/www.easydayphuket.com\/it\/\"},{\"@type\":\"ListItem\",\"position\":2,\"name\":\"On On Hotel Phuket Town\"}]},{\"@type\":\"WebSite\",\"@id\":\"https:\/\/www.easydayphuket.com\/#website\",\"url\":\"https:\/\/www.easydayphuket.com\/\",\"name\":\"Easy Day Phuket\",\"description\":\"Per le tue vacanze a Phuket\",\"publisher\":{\"@id\":\"https:\/\/www.easydayphuket.com\/#organization\"},\"potentialAction\":[{\"@type\":\"SearchAction\",\"target\":{\"@type\":\"EntryPoint\",\"urlTemplate\":\"https:\/\/www.easydayphuket.com\/?s={search_term_string}\"},\"query-input\":{\"@type\":\"PropertyValueSpecification\",\"valueRequired\":true,\"valueName\":\"search_term_string\"}}],\"inLanguage\":\"it-IT\"},{\"@type\":\"Organization\",\"@id\":\"https:\/\/www.easydayphuket.com\/#organization\",\"name\":\"Easy Day Thailand\",\"url\":\"https:\/\/www.easydayphuket.com\/\",\"logo\":{\"@type\":\"ImageObject\",\"inLanguage\":\"it-IT\",\"@id\":\"https:\/\/www.easydayphuket.com\/#\/schema\/logo\/image\/\",\"url\":\"https:\/\/www.easydayphuket.com\/wp-content\/uploads\/2013\/07\/Sun-Thaiflag_booking12.gif\",\"contentUrl\":\"https:\/\/www.easydayphuket.com\/wp-content\/uploads\/2013\/07\/Sun-Thaiflag_booking12.gif\",\"width\":100,\"height\":94,\"caption\":\"Easy Day Thailand\"},\"image\":{\"@id\":\"https:\/\/www.easydayphuket.com\/#\/schema\/logo\/image\/\"},\"sameAs\":[\"https:\/\/www.facebook.com\/Easydayinthailand\/\",\"https:\/\/www.instagram.com\/easydaythailand\/\"]}]}<\/script>\n<!-- \/ Yoast SEO plugin. -->","yoast_head_json":{"title":"On On Hotel Phuket Town - Easy Day Phuket Tours","description":"On On Hotel Phuket Town. Immergetevi nel vero spirito della Phuket Old Town con un soggiorno allo storico Memory at On On Hotel.","robots":{"index":"index","follow":"follow","max-snippet":"max-snippet:-1","max-image-preview":"max-image-preview:large","max-video-preview":"max-video-preview:-1"},"canonical":"https:\/\/www.easydayphuket.com\/it\/on-on-hotel-phuket-town\/","og_locale":"it_IT","og_type":"article","og_title":"On On Hotel Phuket Town - Easy Day Phuket Tours","og_description":"On On Hotel Phuket Town. Immergetevi nel vero spirito della Phuket Old Town con un soggiorno allo storico Memory at On On Hotel.","og_url":"https:\/\/www.easydayphuket.com\/it\/on-on-hotel-phuket-town\/","og_site_name":"Easy Day Phuket","article_publisher":"https:\/\/www.facebook.com\/Easydayinthailand\/","article_modified_time":"2024-05-27T19:47:27+00:00","og_image":[{"width":310,"height":234,"url":"https:\/\/www.easydayphuket.com\/wp-content\/uploads\/2014\/01\/View4.jpg","type":"image\/jpeg"}],"twitter_misc":{"Tempo di lettura stimato":"3 minuti"},"schema":{"@context":"https:\/\/schema.org","@graph":[{"@type":"WebPage","@id":"https:\/\/www.easydayphuket.com\/it\/on-on-hotel-phuket-town\/","url":"https:\/\/www.easydayphuket.com\/it\/on-on-hotel-phuket-town\/","name":"On On Hotel Phuket Town - Easy Day Phuket Tours","isPartOf":{"@id":"https:\/\/www.easydayphuket.com\/#website"},"primaryImageOfPage":{"@id":"https:\/\/www.easydayphuket.com\/it\/on-on-hotel-phuket-town\/#primaryimage"},"image":{"@id":"https:\/\/www.easydayphuket.com\/it\/on-on-hotel-phuket-town\/#primaryimage"},"thumbnailUrl":"https:\/\/www.easydayphuket.com\/wp-content\/uploads\/2014\/01\/View4.jpg","datePublished":"2019-07-19T05:04:48+00:00","dateModified":"2024-05-27T19:47:27+00:00","description":"On On Hotel Phuket Town. Immergetevi nel vero spirito della Phuket Old Town con un soggiorno allo storico Memory at On On Hotel.","breadcrumb":{"@id":"https:\/\/www.easydayphuket.com\/it\/on-on-hotel-phuket-town\/#breadcrumb"},"inLanguage":"it-IT","potentialAction":[{"@type":"ReadAction","target":["https:\/\/www.easydayphuket.com\/it\/on-on-hotel-phuket-town\/"]}]},{"@type":"ImageObject","inLanguage":"it-IT","@id":"https:\/\/www.easydayphuket.com\/it\/on-on-hotel-phuket-town\/#primaryimage","url":"https:\/\/www.easydayphuket.com\/wp-content\/uploads\/2014\/01\/View4.jpg","contentUrl":"https:\/\/www.easydayphuket.com\/wp-content\/uploads\/2014\/01\/View4.jpg","width":310,"height":234,"caption":"On On Hotel"},{"@type":"BreadcrumbList","@id":"https:\/\/www.easydayphuket.com\/it\/on-on-hotel-phuket-town\/#breadcrumb","itemListElement":[{"@type":"ListItem","position":1,"name":"Home","item":"https:\/\/www.easydayphuket.com\/it\/"},{"@type":"ListItem","position":2,"name":"On On Hotel Phuket Town"}]},{"@type":"WebSite","@id":"https:\/\/www.easydayphuket.com\/#website","url":"https:\/\/www.easydayphuket.com\/","name":"Easy Day Phuket","description":"Per le tue vacanze a Phuket","publisher":{"@id":"https:\/\/www.easydayphuket.com\/#organization"},"potentialAction":[{"@type":"SearchAction","target":{"@type":"EntryPoint","urlTemplate":"https:\/\/www.easydayphuket.com\/?s={search_term_string}"},"query-input":{"@type":"PropertyValueSpecification","valueRequired":true,"valueName":"search_term_string"}}],"inLanguage":"it-IT"},{"@type":"Organization","@id":"https:\/\/www.easydayphuket.com\/#organization","name":"Easy Day Thailand","url":"https:\/\/www.easydayphuket.com\/","logo":{"@type":"ImageObject","inLanguage":"it-IT","@id":"https:\/\/www.easydayphuket.com\/#\/schema\/logo\/image\/","url":"https:\/\/www.easydayphuket.com\/wp-content\/uploads\/2013\/07\/Sun-Thaiflag_booking12.gif","contentUrl":"https:\/\/www.easydayphuket.com\/wp-content\/uploads\/2013\/07\/Sun-Thaiflag_booking12.gif","width":100,"height":94,"caption":"Easy Day Thailand"},"image":{"@id":"https:\/\/www.easydayphuket.com\/#\/schema\/logo\/image\/"},"sameAs":["https:\/\/www.facebook.com\/Easydayinthailand\/","https:\/\/www.instagram.com\/easydaythailand\/"]}]}},"_links":{"self":[{"href":"https:\/\/www.easydayphuket.com\/it\/wp-json\/wp\/v2\/pages\/32405","targetHints":{"allow":["GET"]}}],"collection":[{"href":"https:\/\/www.easydayphuket.com\/it\/wp-json\/wp\/v2\/pages"}],"about":[{"href":"https:\/\/www.easydayphuket.com\/it\/wp-json\/wp\/v2\/types\/page"}],"author":[{"embeddable":true,"href":"https:\/\/www.easydayphuket.com\/it\/wp-json\/wp\/v2\/users\/4"}],"replies":[{"embeddable":true,"href":"https:\/\/www.easydayphuket.com\/it\/wp-json\/wp\/v2\/comments?post=32405"}],"version-history":[{"count":0,"href":"https:\/\/www.easydayphuket.com\/it\/wp-json\/wp\/v2\/pages\/32405\/revisions"}],"wp:featuredmedia":[{"embeddable":true,"href":"https:\/\/www.easydayphuket.com\/it\/wp-json\/wp\/v2\/media\/6928"}],"wp:attachment":[{"href":"https:\/\/www.easydayphuket.com\/it\/wp-json\/wp\/v2\/media?parent=32405"}],"curies":[{"name":"wp","href":"https:\/\/api.w.org\/{rel}","templated":true}]}}