{"id":28603,"date":"2018-08-28T10:54:59","date_gmt":"2018-08-28T03:54:59","guid":{"rendered":"https:\/\/www.easydayphuket.com\/pacchetti-escursioni-a-phuket-con-easy-day-thailand\/"},"modified":"2019-03-13T14:24:18","modified_gmt":"2019-03-13T07:24:18","slug":"pacchetti-escursioni-a-phuket-con-easy-day-thailand","status":"publish","type":"page","link":"https:\/\/www.easydayphuket.com\/it\/","title":{"rendered":"Pacchetti Escursioni a Phuket con Easy Day Thailand"},"content":{"rendered":"<p>[et_pb_section bb_built=&#8221;1&#8243; _builder_version=&#8221;3.0.47&#8243; custom_padding=&#8221;0|0px|37.5938px|0px|false|false&#8221; next_background_color=&#8221;#000000&#8243;][et_pb_row _builder_version=&#8221;3.12.2&#8243;][et_pb_column type=&#8221;4_4&#8243;][et_pb_text disabled_on=&#8221;on|off|off&#8221; _builder_version=&#8221;3.15&#8243; text_orientation=&#8221;center&#8221;]<\/p>\n<p style=\"text-align: center;\">Abbiamo promesso a noi stessi ed ai nostri ospiti di non scendere mai a compromessi su Qualit\u00e0 &amp; Servizio in favore del prezzo. Non siamo i pi\u00f9 economici&#8230;siamo i migliori!<\/p>\n<h2 style=\"text-align: center;\">Escursioni &amp; Pacchetti a Phuket<\/h2>\n<p style=\"text-align: center;\"><strong>Invia la tua richiesta<\/strong>\u00a0<a href=\"mailto:Diego@easydaythailand.com\">Diego@easydaythailand.com\u00a0<\/a><br \/>\naoppure\u00a0<strong>chiama il\u00a0<\/strong><a href=\"tel:+66866897975\">+66 86 689 7975<\/a><br \/>\n<br clear=\"all\" \/>Easy Day Phuket Escursioni per Famiglie, Amici, Coppie &amp; Singles. Prova &amp; vivi la differenza\u00a0con i nostri <strong>Tour <\/strong>Privati<strong>\u00a0&amp; in Gruppo a Phuket.<\/strong>\u00a0Facci sapere\u00a0quali escursioni e attivit\u00e0 ti interessano e le organizzeremo &amp; prenoteremo per te.<\/p>\n<p>[\/et_pb_text][\/et_pb_column][\/et_pb_row][et_pb_row _builder_version=&#8221;3.0.48&#8243; background_size=&#8221;initial&#8221; background_position=&#8221;top_left&#8221; background_repeat=&#8221;repeat&#8221;][et_pb_column type=&#8221;1_3&#8243;][et_pb_blurb title=&#8221;Migliori Escursioni a Phuket&#8221; url=&#8221;https:\/\/www.easydayphuket.com\/it\/migliori-escursioni-a-phuket\/&#8221; image=&#8221;https:\/\/www.easydayphuket.com\/wp-content\/uploads\/2018\/08\/James-Bond-Island.jpg&#8221; image_max_width_last_edited=&#8221;on|phone&#8221; content_max_width_last_edited=&#8221;on|desktop&#8221; _builder_version=&#8221;3.15&#8243; header_text_align=&#8221;center&#8221; header_text_shadow_style=&#8221;preset2&#8243; body_text_align=&#8221;center&#8221; background_color=&#8221;rgba(226,226,226,0.62)&#8221; box_shadow_style=&#8221;preset2&#8243; custom_margin=&#8221;|||&#8221; custom_padding=&#8221;0px||4px|&#8221; saved_tabs=&#8221;all&#8221;]<\/p>\n<p>Escursioni a Phuket? Bisogna solo scegliere tra le cose da fare a Phuket offre tantissime opzioni per gite ed escursioni. C\u2019\u00e8 sempre qualcosa da vedere a Phuket<\/p>\n<p><strong><a title=\"More about Phuket Tours\" href=\"https:\/\/www.easydayphuket.com\/it\/migliori-escursioni-a-phuket\/\">Continua&#8230;<\/a><\/strong><\/p>\n<p>[\/et_pb_blurb][\/et_pb_column][et_pb_column type=&#8221;1_3&#8243;][et_pb_blurb title=&#8221;Gite Snorkeling Phuket&#8221; url=&#8221;https:\/\/www.easydayphuket.com\/it\/attivita-a-phuket\/escursione-phuket-snorkeling-tour\/&#8221; image=&#8221;https:\/\/www.easydayphuket.com\/wp-content\/uploads\/2018\/08\/Snorkeling-Thailand.jpg&#8221; image_max_width_last_edited=&#8221;on|phone&#8221; content_max_width_last_edited=&#8221;on|desktop&#8221; _builder_version=&#8221;3.15&#8243; header_text_align=&#8221;center&#8221; header_text_shadow_style=&#8221;preset2&#8243; body_text_align=&#8221;center&#8221; background_color=&#8221;rgba(226,226,226,0.62)&#8221; box_shadow_style=&#8221;preset2&#8243; custom_margin=&#8221;|||&#8221; custom_padding=&#8221;0px||4px|&#8221; saved_tabs=&#8221;all&#8221;]<\/p>\n<p>Invia una Mail Adesso! Snorkeling Tours Phuket \u00e8 adatto ad adulti e bambini.Lo Snorkeling \u00e8 probabilmente \u00e8 l\u2019attivit\u00e0 pi\u00f9 popolare tra gli sport acquatici qui a Phuket.<\/p>\n<p><strong><a title=\"More about Phuket Snorkeling Tours\" href=\"https:\/\/www.easydayphuket.com\/it\/attivita-a-phuket\/escursione-phuket-snorkeling-tour\/\">Continua&#8230;<\/a><\/strong><\/p>\n<p>[\/et_pb_blurb][\/et_pb_column][et_pb_column type=&#8221;1_3&#8243;][et_pb_blurb title=&#8221;Trasferimenti Aeroporto Phuket&#8221; url=&#8221;https:\/\/www.easydayphuket.com\/it\/trasferimenti-phuket-come-arrivare\/trasferimento-aeroporto-di-phuket\/&#8221; image=&#8221;https:\/\/www.easydayphuket.com\/wp-content\/uploads\/2018\/08\/Phuket-Airport-Transfers.jpg&#8221; image_max_width_last_edited=&#8221;on|phone&#8221; content_max_width_last_edited=&#8221;on|desktop&#8221; _builder_version=&#8221;3.15&#8243; header_text_align=&#8221;center&#8221; header_text_shadow_style=&#8221;preset2&#8243; body_text_align=&#8221;center&#8221; background_color=&#8221;rgba(226,226,226,0.62)&#8221; box_shadow_style=&#8221;preset2&#8243; custom_margin=&#8221;|||&#8221; custom_padding=&#8221;0px||4px|&#8221; saved_tabs=&#8221;all&#8221;]<\/p>\n<p>Trasferimento Aeroporto di Phuket \u2013 Prenota ora il tuo trasferimento dal tuo Hotel a Phuket all\u2019Aeroporto e viceversa. Prenota in anticipo con EasyDayThailand facile &amp; sicuro.<\/p>\n<p><strong><a title=\"More about Phuket Airport Transfers\" href=\"https:\/\/www.easydayphuket.com\/phuket-transfers\/phuket-airport-transfer\/\">Continua&#8230;<\/a><\/strong><\/p>\n<p>[\/et_pb_blurb][\/et_pb_column][\/et_pb_row][et_pb_row _builder_version=&#8221;3.0.48&#8243; background_size=&#8221;initial&#8221; background_position=&#8221;top_left&#8221; background_repeat=&#8221;repeat&#8221;][et_pb_column type=&#8221;1_3&#8243;][et_pb_blurb title=&#8221;Tour Privati a Phuket&#8221; url=&#8221;https:\/\/www.easydayphuket.com\/it\/escursione-giornaliera-privata-phuket\/&#8221; image=&#8221;https:\/\/www.easydayphuket.com\/wp-content\/uploads\/2018\/08\/Phi-Phi-Island-Tour-Speedboat-at-Maya-Bay.jpg&#8221; image_max_width_last_edited=&#8221;on|phone&#8221; content_max_width_last_edited=&#8221;on|desktop&#8221; _builder_version=&#8221;3.15&#8243; header_text_align=&#8221;center&#8221; header_text_shadow_style=&#8221;preset2&#8243; body_text_align=&#8221;center&#8221; background_color=&#8221;rgba(226,226,226,0.62)&#8221; box_shadow_style=&#8221;preset2&#8243; custom_margin=&#8221;|||&#8221; custom_padding=&#8221;0px||4px|&#8221; saved_tabs=&#8221;all&#8221;]<\/p>\n<p>Escursione Giornaliera Privata Phuket tour in collaborazione Easy Day Thailand Tours. Tour Privato delle Isole di Phuket tra cui Phang Nga Bay include la visita a James Bond Island.<\/p>\n<p><strong><a title=\"More about Private Phuket Tours\" href=\"https:\/\/www.easydayphuket.com\/it\/escursione-giornaliera-privata-phuket\/\">Continua&#8230;<\/a><\/strong><\/p>\n<p>[\/et_pb_blurb][\/et_pb_column][et_pb_column type=&#8221;1_3&#8243;][et_pb_blurb title=&#8221;Crociere tra le isole&#8221; url=&#8221;https:\/\/www.easydayphuket.com\/it\/crociera-isole-di-phuket\/&#8221; image=&#8221;https:\/\/www.easydayphuket.com\/wp-content\/uploads\/2018\/08\/Koh-Rok-Islands.jpg&#8221; image_max_width_last_edited=&#8221;on|phone&#8221; content_max_width_last_edited=&#8221;on|desktop&#8221; _builder_version=&#8221;3.15&#8243; header_text_align=&#8221;center&#8221; header_text_shadow_style=&#8221;preset2&#8243; body_text_align=&#8221;center&#8221; background_color=&#8221;rgba(226,226,226,0.62)&#8221; box_shadow_style=&#8221;preset2&#8243; custom_margin=&#8221;|||&#8221; custom_padding=&#8221;0px||4px|&#8221; saved_tabs=&#8221;all&#8221;]<\/p>\n<p>Crociera tra le Isole di Phuket Tour Privato delle Isole. Vedrete le pi\u00f9 belle localit\u00e0 e le isole attorno a Phuket con barca privata (crociera) oppure con barca privata ( un\u2019isola al giorno).<\/p>\n<p><strong><a title=\"More about Phuket Island Hopping Tours\" href=\"https:\/\/www.easydayphuket.com\/it\/crociera-isole-di-phuket\/\">Continua&#8230;<\/a><\/strong><\/p>\n<p>[\/et_pb_blurb][\/et_pb_column][et_pb_column type=&#8221;1_3&#8243;][et_pb_blurb title=&#8221;Full Moon Party&#8221; url=&#8221;https:\/\/www.easydayphuket.com\/it\/trasferimenti-phuket-come-arrivare\/come-arrivare-da-phuket-koh-phangan\/&#8221; image=&#8221;https:\/\/www.easydayphuket.com\/wp-content\/uploads\/2018\/08\/Lomprayah-High-Speed-Ferry.jpg&#8221; image_max_width_last_edited=&#8221;on|phone&#8221; content_max_width_last_edited=&#8221;on|desktop&#8221; _builder_version=&#8221;3.15&#8243; header_text_align=&#8221;center&#8221; header_text_shadow_style=&#8221;preset2&#8243; body_text_align=&#8221;center&#8221; background_color=&#8221;rgba(226,226,226,0.62)&#8221; box_shadow_style=&#8221;preset2&#8243; custom_margin=&#8221;|||&#8221; custom_padding=&#8221;0px||4px|&#8221; saved_tabs=&#8221;all&#8221;]<\/p>\n<p>Come arrivare da Phuket a Koh Phangan? \u2013 Easy Day Phuket Ogni Giorno con trasferimento combinato in Autobus &amp; Traghetto possibile su base condivisa o privata.<\/p>\n<p><strong><a title=\"More about Transfers to Koh Phangan\" href=\"https:\/\/www.easydayphuket.com\/it\/trasferimenti-phuket-come-arrivare\/come-arrivare-da-phuket-koh-phangan\/\">Continua&#8230;<\/a><\/strong><\/p>\n<p>[\/et_pb_blurb][\/et_pb_column][\/et_pb_row][\/et_pb_section][et_pb_section bb_built=&#8221;1&#8243; _builder_version=&#8221;3.12.2&#8243; custom_padding=&#8221;0|0px|37.5938px|0px|false|false&#8221; prev_background_color=&#8221;#000000&#8243; next_background_color=&#8221;#000000&#8243;][et_pb_row _builder_version=&#8221;3.12.2&#8243;][et_pb_column type=&#8221;4_4&#8243;][et_pb_text _builder_version=&#8221;3.19.2&#8243;]<\/p>\n<h2>Articoli sull&#8217;Isola di Phuket<\/h2>\n<p>Maggiori informazioni sulle <a href=\"https:\/\/www.vacanzethailandia.com\" target=\"_blank\" rel=\"noopener\">Vacanze in Thailandia qui ..<\/a><\/p>\n<p>[\/et_pb_text][et_pb_post_slider posts_number=&#8221;5&#8243; include_categories=&#8221;32,123,182,27&#8243; show_meta=&#8221;off&#8221; _builder_version=&#8221;3.12.2&#8243; button_text_size__hover_enabled=&#8221;off&#8221; button_text_size__hover=&#8221;null&#8221; button_one_text_size__hover_enabled=&#8221;off&#8221; button_one_text_size__hover=&#8221;null&#8221; button_two_text_size__hover_enabled=&#8221;off&#8221; button_two_text_size__hover=&#8221;null&#8221; button_text_color__hover_enabled=&#8221;off&#8221; button_text_color__hover=&#8221;null&#8221; button_one_text_color__hover_enabled=&#8221;off&#8221; button_one_text_color__hover=&#8221;null&#8221; button_two_text_color__hover_enabled=&#8221;off&#8221; button_two_text_color__hover=&#8221;null&#8221; button_border_width__hover_enabled=&#8221;off&#8221; button_border_width__hover=&#8221;null&#8221; button_one_border_width__hover_enabled=&#8221;off&#8221; button_one_border_width__hover=&#8221;null&#8221; button_two_border_width__hover_enabled=&#8221;off&#8221; button_two_border_width__hover=&#8221;null&#8221; button_border_color__hover_enabled=&#8221;off&#8221; button_border_color__hover=&#8221;null&#8221; button_one_border_color__hover_enabled=&#8221;off&#8221; button_one_border_color__hover=&#8221;null&#8221; button_two_border_color__hover_enabled=&#8221;off&#8221; button_two_border_color__hover=&#8221;null&#8221; button_border_radius__hover_enabled=&#8221;off&#8221; button_border_radius__hover=&#8221;null&#8221; button_one_border_radius__hover_enabled=&#8221;off&#8221; button_one_border_radius__hover=&#8221;null&#8221; button_two_border_radius__hover_enabled=&#8221;off&#8221; button_two_border_radius__hover=&#8221;null&#8221; button_letter_spacing__hover_enabled=&#8221;off&#8221; button_letter_spacing__hover=&#8221;null&#8221; button_one_letter_spacing__hover_enabled=&#8221;off&#8221; button_one_letter_spacing__hover=&#8221;null&#8221; button_two_letter_spacing__hover_enabled=&#8221;off&#8221; button_two_letter_spacing__hover=&#8221;null&#8221; button_bg_color__hover_enabled=&#8221;off&#8221; button_bg_color__hover=&#8221;null&#8221; button_one_bg_color__hover_enabled=&#8221;off&#8221; button_one_bg_color__hover=&#8221;null&#8221; button_two_bg_color__hover_enabled=&#8221;off&#8221; button_two_bg_color__hover=&#8221;null&#8221;]<\/p>\n<p>&nbsp;<\/p>\n<p>[\/et_pb_post_slider][\/et_pb_column][\/et_pb_row][\/et_pb_section][et_pb_section bb_built=&#8221;1&#8243; module_id=&#8221;form&#8221; _builder_version=&#8221;3.12.2&#8243; custom_padding=&#8221;0|0px|37.5938px|0px|false|false&#8221; prev_background_color=&#8221;#000000&#8243;][et_pb_row _builder_version=&#8221;3.12.2&#8243;][et_pb_column type=&#8221;4_4&#8243;][et_pb_cta title=&#8221;Contattaci adesso!&#8221; button_url=&#8221;https:\/\/www.easydayphuket.com\/it\/contattaci\/&#8221; url_new_window=&#8221;on&#8221; button_text=&#8221;Contattaci&#8221; _builder_version=&#8221;3.15&#8243; background_color=&#8221;rgba(249,104,0,0.99)&#8221; border_width_all=&#8221;1px&#8221; box_shadow_style=&#8221;preset2&#8243; button_text_size__hover_enabled=&#8221;off&#8221; button_text_size__hover=&#8221;null&#8221; button_one_text_size__hover_enabled=&#8221;off&#8221; button_one_text_size__hover=&#8221;null&#8221; button_two_text_size__hover_enabled=&#8221;off&#8221; button_two_text_size__hover=&#8221;null&#8221; button_text_color__hover_enabled=&#8221;off&#8221; button_text_color__hover=&#8221;null&#8221; button_one_text_color__hover_enabled=&#8221;off&#8221; button_one_text_color__hover=&#8221;null&#8221; button_two_text_color__hover_enabled=&#8221;off&#8221; button_two_text_color__hover=&#8221;null&#8221; button_border_width__hover_enabled=&#8221;off&#8221; button_border_width__hover=&#8221;null&#8221; button_one_border_width__hover_enabled=&#8221;off&#8221; button_one_border_width__hover=&#8221;null&#8221; button_two_border_width__hover_enabled=&#8221;off&#8221; button_two_border_width__hover=&#8221;null&#8221; button_border_color__hover_enabled=&#8221;off&#8221; button_border_color__hover=&#8221;null&#8221; button_one_border_color__hover_enabled=&#8221;off&#8221; button_one_border_color__hover=&#8221;null&#8221; button_two_border_color__hover_enabled=&#8221;off&#8221; button_two_border_color__hover=&#8221;null&#8221; button_border_radius__hover_enabled=&#8221;off&#8221; button_border_radius__hover=&#8221;null&#8221; button_one_border_radius__hover_enabled=&#8221;off&#8221; button_one_border_radius__hover=&#8221;null&#8221; button_two_border_radius__hover_enabled=&#8221;off&#8221; button_two_border_radius__hover=&#8221;null&#8221; button_letter_spacing__hover_enabled=&#8221;off&#8221; button_letter_spacing__hover=&#8221;null&#8221; button_one_letter_spacing__hover_enabled=&#8221;off&#8221; button_one_letter_spacing__hover=&#8221;null&#8221; button_two_letter_spacing__hover_enabled=&#8221;off&#8221; button_two_letter_spacing__hover=&#8221;null&#8221; button_bg_color__hover_enabled=&#8221;off&#8221; button_bg_color__hover=&#8221;null&#8221; button_one_bg_color__hover_enabled=&#8221;off&#8221; button_one_bg_color__hover=&#8221;null&#8221; button_two_bg_color__hover_enabled=&#8221;off&#8221; button_two_bg_color__hover=&#8221;null&#8221;]<\/p>\n<p>Domande riguardo alle\u00a0Escursioni &amp; Attivit\u00e0 a Phuket? Scrivici e chiedi adesso, non esitare.<\/p>\n<p>[\/et_pb_cta][\/et_pb_column][\/et_pb_row][\/et_pb_section]<\/p>\n","protected":false},"excerpt":{"rendered":"<p>Abbiamo promesso a noi stessi ed ai nostri ospiti di non scendere mai a compromessi su Qualit\u00e0 &amp; Servizio in favore del prezzo. Non siamo i pi\u00f9 economici&#8230;siamo i migliori! Escursioni &amp; Pacchetti a Phuket Invia la tua richiesta\u00a0Diego@easydaythailand.com\u00a0 aoppure\u00a0chiama il\u00a0+66 86 689 7975 Easy Day Phuket Escursioni per Famiglie, Amici, Coppie &amp; Singles. Prova [&hellip;]<\/p>\n","protected":false},"author":1,"featured_media":28566,"parent":0,"menu_order":0,"comment_status":"closed","ping_status":"closed","template":"","meta":{"_acf_changed":false,"_et_pb_use_builder":"on","_et_pb_old_content":"","_et_gb_content_width":"","footnotes":""},"class_list":["post-28603","page","type-page","status-publish","has-post-thumbnail","hentry"],"acf":[],"yoast_head":"<!-- This site is optimized with the Yoast SEO plugin v25.1 - https:\/\/yoast.com\/wordpress\/plugins\/seo\/ -->\n<title>Pacchetti Escursioni a Phuket con Easy Day Thailand - Easy Day Phuket<\/title>\n<meta name=\"robots\" content=\"index, follow, max-snippet:-1, max-image-preview:large, max-video-preview:-1\" \/>\n<link rel=\"canonical\" href=\"https:\/\/www.easydayphuket.com\/it\/\" \/>\n<meta property=\"og:locale\" content=\"it_IT\" \/>\n<meta property=\"og:type\" content=\"article\" \/>\n<meta property=\"og:title\" content=\"Pacchetti Escursioni a Phuket con Easy Day Thailand - Easy Day Phuket\" \/>\n<meta property=\"og:description\" content=\"Abbiamo promesso a noi stessi ed ai nostri ospiti di non scendere mai a compromessi su Qualit\u00e0 &amp; Servizio in favore del prezzo. Non siamo i pi\u00f9 economici...siamo i migliori! Escursioni &amp; Pacchetti a Phuket Invia la tua richiesta\u00a0Diego@easydaythailand.com\u00a0 aoppure\u00a0chiama il\u00a0+66 86 689 7975 Easy Day Phuket Escursioni per Famiglie, Amici, Coppie &amp; Singles. Prova [&hellip;]\" \/>\n<meta property=\"og:url\" content=\"https:\/\/www.easydayphuket.com\/it\/\" \/>\n<meta property=\"og:site_name\" content=\"Easy Day Phuket\" \/>\n<meta property=\"article:publisher\" content=\"https:\/\/www.facebook.com\/Easydayinthailand\/\" \/>\n<meta property=\"article:modified_time\" content=\"2019-03-13T07:24:18+00:00\" \/>\n<meta property=\"og:image\" content=\"https:\/\/www.easydayphuket.com\/wp-content\/uploads\/2018\/08\/James-Bond-Island.jpg\" \/>\n\t<meta property=\"og:image:width\" content=\"550\" \/>\n\t<meta property=\"og:image:height\" content=\"310\" \/>\n\t<meta property=\"og:image:type\" content=\"image\/jpeg\" \/>\n<meta name=\"twitter:label1\" content=\"Tempo di lettura stimato\" \/>\n\t<meta name=\"twitter:data1\" content=\"8 minuti\" \/>\n<script type=\"application\/ld+json\" class=\"yoast-schema-graph\">{\"@context\":\"https:\/\/schema.org\",\"@graph\":[{\"@type\":\"WebPage\",\"@id\":\"https:\/\/www.easydayphuket.com\/it\/\",\"url\":\"https:\/\/www.easydayphuket.com\/it\/\",\"name\":\"Pacchetti Escursioni a Phuket con Easy Day Thailand - Easy Day Phuket\",\"isPartOf\":{\"@id\":\"https:\/\/www.easydayphuket.com\/#website\"},\"primaryImageOfPage\":{\"@id\":\"https:\/\/www.easydayphuket.com\/it\/#primaryimage\"},\"image\":{\"@id\":\"https:\/\/www.easydayphuket.com\/it\/#primaryimage\"},\"thumbnailUrl\":\"https:\/\/www.easydayphuket.com\/wp-content\/uploads\/2018\/08\/James-Bond-Island.jpg\",\"datePublished\":\"2018-08-28T03:54:59+00:00\",\"dateModified\":\"2019-03-13T07:24:18+00:00\",\"breadcrumb\":{\"@id\":\"https:\/\/www.easydayphuket.com\/it\/#breadcrumb\"},\"inLanguage\":\"it-IT\",\"potentialAction\":[{\"@type\":\"ReadAction\",\"target\":[\"https:\/\/www.easydayphuket.com\/it\/\"]}]},{\"@type\":\"ImageObject\",\"inLanguage\":\"it-IT\",\"@id\":\"https:\/\/www.easydayphuket.com\/it\/#primaryimage\",\"url\":\"https:\/\/www.easydayphuket.com\/wp-content\/uploads\/2018\/08\/James-Bond-Island.jpg\",\"contentUrl\":\"https:\/\/www.easydayphuket.com\/wp-content\/uploads\/2018\/08\/James-Bond-Island.jpg\",\"width\":550,\"height\":310,\"caption\":\"James Bond Island\"},{\"@type\":\"BreadcrumbList\",\"@id\":\"https:\/\/www.easydayphuket.com\/it\/#breadcrumb\",\"itemListElement\":[{\"@type\":\"ListItem\",\"position\":1,\"name\":\"Home\",\"item\":\"https:\/\/www.easydayphuket.com\/it\/\"},{\"@type\":\"ListItem\",\"position\":2,\"name\":\"Pacchetti Escursioni a Phuket con Easy Day Thailand\"}]},{\"@type\":\"WebSite\",\"@id\":\"https:\/\/www.easydayphuket.com\/#website\",\"url\":\"https:\/\/www.easydayphuket.com\/\",\"name\":\"Easy Day Phuket\",\"description\":\"Per le tue vacanze a Phuket\",\"publisher\":{\"@id\":\"https:\/\/www.easydayphuket.com\/#organization\"},\"potentialAction\":[{\"@type\":\"SearchAction\",\"target\":{\"@type\":\"EntryPoint\",\"urlTemplate\":\"https:\/\/www.easydayphuket.com\/?s={search_term_string}\"},\"query-input\":{\"@type\":\"PropertyValueSpecification\",\"valueRequired\":true,\"valueName\":\"search_term_string\"}}],\"inLanguage\":\"it-IT\"},{\"@type\":\"Organization\",\"@id\":\"https:\/\/www.easydayphuket.com\/#organization\",\"name\":\"Easy Day Thailand\",\"url\":\"https:\/\/www.easydayphuket.com\/\",\"logo\":{\"@type\":\"ImageObject\",\"inLanguage\":\"it-IT\",\"@id\":\"https:\/\/www.easydayphuket.com\/#\/schema\/logo\/image\/\",\"url\":\"https:\/\/www.easydayphuket.com\/wp-content\/uploads\/2013\/07\/Sun-Thaiflag_booking12.gif\",\"contentUrl\":\"https:\/\/www.easydayphuket.com\/wp-content\/uploads\/2013\/07\/Sun-Thaiflag_booking12.gif\",\"width\":100,\"height\":94,\"caption\":\"Easy Day Thailand\"},\"image\":{\"@id\":\"https:\/\/www.easydayphuket.com\/#\/schema\/logo\/image\/\"},\"sameAs\":[\"https:\/\/www.facebook.com\/Easydayinthailand\/\",\"https:\/\/www.instagram.com\/easydaythailand\/\"]}]}<\/script>\n<!-- \/ Yoast SEO plugin. -->","yoast_head_json":{"title":"Pacchetti Escursioni a Phuket con Easy Day Thailand - Easy Day Phuket","robots":{"index":"index","follow":"follow","max-snippet":"max-snippet:-1","max-image-preview":"max-image-preview:large","max-video-preview":"max-video-preview:-1"},"canonical":"https:\/\/www.easydayphuket.com\/it\/","og_locale":"it_IT","og_type":"article","og_title":"Pacchetti Escursioni a Phuket con Easy Day Thailand - Easy Day Phuket","og_description":"Abbiamo promesso a noi stessi ed ai nostri ospiti di non scendere mai a compromessi su Qualit\u00e0 &amp; Servizio in favore del prezzo. Non siamo i pi\u00f9 economici...siamo i migliori! Escursioni &amp; Pacchetti a Phuket Invia la tua richiesta\u00a0Diego@easydaythailand.com\u00a0 aoppure\u00a0chiama il\u00a0+66 86 689 7975 Easy Day Phuket Escursioni per Famiglie, Amici, Coppie &amp; Singles. Prova [&hellip;]","og_url":"https:\/\/www.easydayphuket.com\/it\/","og_site_name":"Easy Day Phuket","article_publisher":"https:\/\/www.facebook.com\/Easydayinthailand\/","article_modified_time":"2019-03-13T07:24:18+00:00","og_image":[{"width":550,"height":310,"url":"https:\/\/www.easydayphuket.com\/wp-content\/uploads\/2018\/08\/James-Bond-Island.jpg","type":"image\/jpeg"}],"twitter_misc":{"Tempo di lettura stimato":"8 minuti"},"schema":{"@context":"https:\/\/schema.org","@graph":[{"@type":"WebPage","@id":"https:\/\/www.easydayphuket.com\/it\/","url":"https:\/\/www.easydayphuket.com\/it\/","name":"Pacchetti Escursioni a Phuket con Easy Day Thailand - Easy Day Phuket","isPartOf":{"@id":"https:\/\/www.easydayphuket.com\/#website"},"primaryImageOfPage":{"@id":"https:\/\/www.easydayphuket.com\/it\/#primaryimage"},"image":{"@id":"https:\/\/www.easydayphuket.com\/it\/#primaryimage"},"thumbnailUrl":"https:\/\/www.easydayphuket.com\/wp-content\/uploads\/2018\/08\/James-Bond-Island.jpg","datePublished":"2018-08-28T03:54:59+00:00","dateModified":"2019-03-13T07:24:18+00:00","breadcrumb":{"@id":"https:\/\/www.easydayphuket.com\/it\/#breadcrumb"},"inLanguage":"it-IT","potentialAction":[{"@type":"ReadAction","target":["https:\/\/www.easydayphuket.com\/it\/"]}]},{"@type":"ImageObject","inLanguage":"it-IT","@id":"https:\/\/www.easydayphuket.com\/it\/#primaryimage","url":"https:\/\/www.easydayphuket.com\/wp-content\/uploads\/2018\/08\/James-Bond-Island.jpg","contentUrl":"https:\/\/www.easydayphuket.com\/wp-content\/uploads\/2018\/08\/James-Bond-Island.jpg","width":550,"height":310,"caption":"James Bond Island"},{"@type":"BreadcrumbList","@id":"https:\/\/www.easydayphuket.com\/it\/#breadcrumb","itemListElement":[{"@type":"ListItem","position":1,"name":"Home","item":"https:\/\/www.easydayphuket.com\/it\/"},{"@type":"ListItem","position":2,"name":"Pacchetti Escursioni a Phuket con Easy Day Thailand"}]},{"@type":"WebSite","@id":"https:\/\/www.easydayphuket.com\/#website","url":"https:\/\/www.easydayphuket.com\/","name":"Easy Day Phuket","description":"Per le tue vacanze a Phuket","publisher":{"@id":"https:\/\/www.easydayphuket.com\/#organization"},"potentialAction":[{"@type":"SearchAction","target":{"@type":"EntryPoint","urlTemplate":"https:\/\/www.easydayphuket.com\/?s={search_term_string}"},"query-input":{"@type":"PropertyValueSpecification","valueRequired":true,"valueName":"search_term_string"}}],"inLanguage":"it-IT"},{"@type":"Organization","@id":"https:\/\/www.easydayphuket.com\/#organization","name":"Easy Day Thailand","url":"https:\/\/www.easydayphuket.com\/","logo":{"@type":"ImageObject","inLanguage":"it-IT","@id":"https:\/\/www.easydayphuket.com\/#\/schema\/logo\/image\/","url":"https:\/\/www.easydayphuket.com\/wp-content\/uploads\/2013\/07\/Sun-Thaiflag_booking12.gif","contentUrl":"https:\/\/www.easydayphuket.com\/wp-content\/uploads\/2013\/07\/Sun-Thaiflag_booking12.gif","width":100,"height":94,"caption":"Easy Day Thailand"},"image":{"@id":"https:\/\/www.easydayphuket.com\/#\/schema\/logo\/image\/"},"sameAs":["https:\/\/www.facebook.com\/Easydayinthailand\/","https:\/\/www.instagram.com\/easydaythailand\/"]}]}},"_links":{"self":[{"href":"https:\/\/www.easydayphuket.com\/it\/wp-json\/wp\/v2\/pages\/28603","targetHints":{"allow":["GET"]}}],"collection":[{"href":"https:\/\/www.easydayphuket.com\/it\/wp-json\/wp\/v2\/pages"}],"about":[{"href":"https:\/\/www.easydayphuket.com\/it\/wp-json\/wp\/v2\/types\/page"}],"author":[{"embeddable":true,"href":"https:\/\/www.easydayphuket.com\/it\/wp-json\/wp\/v2\/users\/1"}],"replies":[{"embeddable":true,"href":"https:\/\/www.easydayphuket.com\/it\/wp-json\/wp\/v2\/comments?post=28603"}],"version-history":[{"count":0,"href":"https:\/\/www.easydayphuket.com\/it\/wp-json\/wp\/v2\/pages\/28603\/revisions"}],"wp:featuredmedia":[{"embeddable":true,"href":"https:\/\/www.easydayphuket.com\/it\/wp-json\/wp\/v2\/media\/28566"}],"wp:attachment":[{"href":"https:\/\/www.easydayphuket.com\/it\/wp-json\/wp\/v2\/media?parent=28603"}],"curies":[{"name":"wp","href":"https:\/\/api.w.org\/{rel}","templated":true}]}}