{"id":16507,"date":"2017-01-25T18:07:50","date_gmt":"2017-01-25T11:07:50","guid":{"rendered":"https:\/\/www.easydayphuket.com\/crociera-subacquea-phuket\/"},"modified":"2024-05-27T02:12:55","modified_gmt":"2024-05-26T19:12:55","slug":"crociera-subacquea-phuket","status":"publish","type":"page","link":"https:\/\/www.easydayphuket.com\/it\/crociera-subacquea-phuket\/","title":{"rendered":"Crociera Subacquea Phuket"},"content":{"rendered":"\n<p class=\"has-text-align-left\"><strong>Crociera Subacquea Phuket<\/strong> &#8211; Se desiderate immergervi nei &nbsp;migliori siti di immersione della Thailandia partecipate ad una crociera Subacquea Phuket. Ci sono barche da crociera disponibili per una sola notte a bordo, oppure si pu\u00f2 rimanere 4 o 5 notti &amp; visitare tutti i migliori siti di immersione. Le Crociere partono da Phuket o Khao Lak in direzione delle Isole Similan e Surin pi\u00f9 Richelieu Rock, Koh Bon, Koh Tachai, Hin Daeng, Hin Muang e le isole Phi Phi. Le crociere pi\u00f9 lunghe toccano anche il Myanmar Mergui (Birmania). Le crociere comprendono quattro immersioni al giorno &amp; pensione completa.<\/p>\n\n\n\n<p class=\"has-text-align-left\">Ci sono crociere Sub per subacquei di tutti i livelli dal principiante all&#8217;avanzato &amp; ci sono barche per tutte le tasche dal servizio standard fino a 5 stelle.<\/p>\n\n\n\n<h2 class=\"wp-block-heading\">Crociera Subacquea Phuket<\/h2>\n\n\n\n<figure class=\"wp-block-image alignleft\"><a href=\"https:\/\/www.divephukettoday.com\/thailand-liveaboards\/mv-giamani\/\"><img loading=\"lazy\" decoding=\"async\" width=\"150\" height=\"150\" src=\"https:\/\/www.easydayphuket.com\/wp-content\/uploads\/2013\/10\/MV-Giamani-Phuket-Liveaboard-150x150.jpg\" alt=\"MV Giamani Phuket Liveaboard\" class=\"wp-image-10899\"\/><\/a><figcaption class=\"wp-element-caption\">MV Giamani<\/figcaption><\/figure>\n\n\n\n<h3 class=\"wp-block-heading\"><a href=\"https:\/\/www.mvgiamani.com\/\" target=\"_blank\" rel=\"noreferrer noopener\">MV Giamani<\/a><\/h3>\n\n\n<ul>\n<li><strong>Max. 10 Sub.<\/strong><\/li>\n<li><strong>Partenza dal molo Ao Chalong, \u00a0Phuket.<\/strong><\/li>\n<li><strong>Isole Similan,\u00a0Richelieu Rock, Burma &amp; Isole Phi Phi.<\/strong><\/li>\n<li><strong>Nitrox <\/strong>disponibile.<\/li>\n<\/ul>\n\n\n\n<p class=\"has-text-align-right\"><a href='http:\/\/www.divephukettoday.com\/thailand-liveaboards\/mv-giamani\/' class='small-button smallgreen'>Read more&#8230;<\/a><\/p>\n\n\n<div class=\"divider\"><\/div>\n\n\n\n<figure class=\"wp-block-image alignleft\"><a href=\"https:\/\/www.divephukettoday.com\/thailand-liveaboards\/diva-andaman\/\"><img loading=\"lazy\" decoding=\"async\" width=\"150\" height=\"150\" src=\"https:\/\/www.easydayphuket.com\/wp-content\/uploads\/2013\/10\/SY-Diva-Andaman-150x150.jpg\" alt=\"Phuket Liveaboard SY Diva Andaman\" class=\"wp-image-10904\"\/><\/a><figcaption class=\"wp-element-caption\">SY Diva Andaman<\/figcaption><\/figure>\n\n\n\n<h3 class=\"wp-block-heading\"><a href=\"https:\/\/www.divephukettoday.com\/thailand-liveaboards\/diva-andaman\/\" target=\"_blank\" rel=\"noopener noreferrer\">Diva Andaman<\/a><\/h3>\n\n\n<ul>\n<li><strong>Crociera a Vela.<\/strong><\/li>\n<li><strong>Max. 15 Ospiti.<\/strong><\/li>\n<li><strong>Nitrox disponibile.<\/strong><\/li>\n<li>Ottimo per\u00a0<strong>Subacquei<\/strong>\u00a0&amp; <strong>Non-Subacquei<\/strong>.<\/li>\n<\/ul>\n\n\n\n<p class=\"has-text-align-right\"><a href='http:\/\/www.divephukettoday.com\/thailand-liveaboards\/diva-andaman\/' class='small-button smallgreen'>Read more&#8230;<\/a><\/p>\n\n\n<div class=\"divider\"><\/div>\n\n\n\n<figure class=\"wp-block-image alignleft\"><a href=\"https:\/\/www.divephukettoday.com\/thailand-liveaboards\/june-lee-hong-the-junk\/\"><img loading=\"lazy\" decoding=\"async\" width=\"150\" height=\"150\" src=\"https:\/\/www.easydayphuket.com\/wp-content\/uploads\/2013\/10\/June-Hong-Chain-Lee-Phuket-150x150.jpg\" alt=\"June Hong Chain Lee - Phuket Liveaboard\" class=\"wp-image-10909\"\/><\/a><figcaption class=\"wp-element-caption\">June Hong Chain Lee<\/figcaption><\/figure>\n\n\n\n<h3 class=\"wp-block-heading\"><a href=\"https:\/\/www.divephukettoday.com\/thailand-liveaboards\/june-lee-hong-the-junk\/\" target=\"_blank\" rel=\"noopener noreferrer\">June Hong Chian Lee<\/a><\/h3>\n\n\n<ul>\n<li>Barca Orientale a Vela.<\/li>\n<li>Max. 18\u00a0Subacquei!<\/li>\n<li>Isole Similan, Koh Bon, Koh Tachai &amp; Richelieu Rock.<\/li>\n<li>Nitrox Disponibile.<\/li>\n<\/ul>\n\n\n\n<p class=\"has-text-align-right\"><a href='http:\/\/www.divephukettoday.com\/thailand-liveaboards\/june-lee-hong-the-junk\/' class='small-button smallgreen'>Read more&#8230;<\/a><\/p>\n\n\n<div class=\"divider\"><\/div>\n\n\n\n<h2 class=\"wp-block-heading\">Crociera Subacquea Phuket&nbsp;partenza da Khao Lak<\/h2>\n\n\n\n<p>Khao Lak si trova ad un&#8217;ora d&#8217; auto a nord di Phuket &amp; il porto pi\u00f9 importante per le Crociere in Thailandia. Qui di seguito una selezione di barche popolari..<\/p>\n\n\n\n<figure class=\"wp-block-image alignleft\"><a href=\"https:\/\/www.divephukettoday.com\/thailand-liveaboards\/mv-pawara\/\"><img loading=\"lazy\" decoding=\"async\" width=\"150\" height=\"150\" src=\"https:\/\/www.easydayphuket.com\/wp-content\/uploads\/2013\/10\/Pawara-resize-150x150.jpg\" alt=\"MV Pawara - Thailand Liveaboard\" class=\"wp-image-11090\"\/><\/a><figcaption class=\"wp-element-caption\">MV Pawara<\/figcaption><\/figure>\n\n\n\n<h3 class=\"wp-block-heading\"><a href=\"https:\/\/www.divephukettoday.com\/thailand-liveaboards\/mv-pawara\/\" target=\"_blank\" rel=\"noopener noreferrer\">MV Pawara<\/a><\/h3>\n\n\n<ul>\n<li>Max 22 Subacquei<\/li>\n<li>Buon rapporto qualit\u00e0 prezzo<\/li>\n<li>Cabine standard, Deluxe &amp; Master<\/li>\n<li>Isole Similan, Richelieu Rock, Koh Bon, Koh Tachai<\/li>\n<\/ul>\n\n\n\n<p class=\"has-text-align-right\"><a href='http:\/\/www.divephukettoday.com\/thailand-liveaboards\/mv-pawara\/' class='small-button smallgreen'>Read more&#8230;<\/a><\/p>\n\n\n<div class=\"divider\"><\/div>\n\n\n\n<figure class=\"wp-block-image alignleft\"><a href=\"https:\/\/www.divephukettoday.com\/thailand-liveaboards\/mv-deep-andaman-queen\/\"><img loading=\"lazy\" decoding=\"async\" width=\"150\" height=\"150\" src=\"https:\/\/www.easydayphuket.com\/wp-content\/uploads\/2013\/10\/deepandamanqueen-150x150.jpg\" alt=\"Deep Andaman Queen - Thailand Liveaboard\" class=\"wp-image-11095\"\/><\/a><figcaption class=\"wp-element-caption\">Deep Andaman Queen<\/figcaption><\/figure>\n\n\n\n<h3 class=\"wp-block-heading\"><a href=\"https:\/\/www.divephukettoday.com\/thailand-liveaboards\/mv-deep-andaman-queen\/\" target=\"_blank\" rel=\"noopener noreferrer\">MV Deep Andaman Queen<\/a><\/h3>\n\n\n<ul>\n<li>Max 21 Subacquei<\/li>\n<li>cabina matrimoniale con vista mare<\/li>\n<li>Nitrox disponibile<\/li>\n<li>Isole Similan, Richelieu Rock, Koh Bon, Koh Tachai<\/li>\n<\/ul>\n\n\n\n<p class=\"has-text-align-right\"><a href='http:\/\/www.divephukettoday.com\/thailand-liveaboards\/mv-deep-andaman-queen\/' class='small-button smallgreen'>Read more&#8230;<\/a><\/p>\n\n\n<div class=\"divider\"><\/div>\n\n\n\n<figure class=\"wp-block-image alignleft\"><a href=\"https:\/\/www.divephukettoday.com\/thailand-liveaboards\/mv-oktavia\/\"><img loading=\"lazy\" decoding=\"async\" width=\"150\" height=\"150\" src=\"https:\/\/www.easydayphuket.com\/wp-content\/uploads\/2013\/10\/oktavia-150x150.jpg\" alt=\"MV Oktavia - Thailand Liveaboard\" class=\"wp-image-11100\"\/><\/a><figcaption class=\"wp-element-caption\">MV Oktavia<\/figcaption><\/figure>\n\n\n\n<h3 class=\"wp-block-heading\"><a href=\"https:\/\/www.divephukettoday.com\/thailand-liveaboards\/mv-oktavia\/\" target=\"_blank\" rel=\"noopener noreferrer\">MV Oktavia<\/a><\/h3>\n\n\n<ul>\n<li>Buon rapporto qualit\u00e0 prezzo!<\/li>\n<li>Buona opzione per gli amanti dello snorkeling!<\/li>\n<li>Cabine private a buon prezzo!<\/li>\n<li>Isole Similan &amp; Surin!<\/li>\n<\/ul>\n\n\n\n<p class=\"has-text-align-right\"><a href='http:\/\/www.divephukettoday.com\/thailand-liveaboards\/mv-oktavia\/' class='small-button smallgreen'>Read more&#8230;<\/a><\/p>\n\n\n<div class=\"divider\"><\/div>\n\n\n\n<p>Il momento migliore per immergersi nei siti nel Mare delle Andamane in Thailandia da novembre ad aprile. Durante questi mesi i parchi nazionali marini delle isole Similan e Surin sono aperti e le condizioni meteorologiche sono favorevoli. Le isole Similan sono spesso descritte come la migliore destinazione per le immersioni in Thailandia, formata da &nbsp;nove isole di granito, tutte orlate di spiagge di sabbia bianca &amp; da acque limpide che toccano queste spiagge.<\/p>\n\n\n\n<p>La maggior parte delle crociere sub includono le&nbsp;<a href=\"https:\/\/www.divephukettoday.com\/category\/similan-islands\/\" target=\"_blank\" rel=\"noopener noreferrer\">Isole Similan<\/a>&nbsp;nei loro itinerari &amp; pi\u00f9 a nord anche il parco marino delle Isole Surin. Le piccole isole di Koh Bon e Koh Tachai sono popolari perch\u00e9 i subacquei hanno la possibilit\u00e0 di vedere le mante. Richelieu Rock, invece un sito di immersione in aperto oceano, &amp; il posto migliore in Thailandia per immergersi con gli squali balena. Questi giganti pelagici sono pi\u00f9 comunemente avvistati da febbraio ad aprile.<\/p>\n\n\n\n<p>Una destinazione alternativa come&nbsp;<strong>Crociera Subacquea Phuket<\/strong> sono i due Pinnacoli gemelli di Hin Daeng e Hin Muang (Red Rock &amp; Purple Rock). Queste rocce calcaree sommerse sono coperte di coralli molli e colorati sono una calamita per tutti i pesci, compreso i pelagici. Questi siti di immersione hanno il vantaggio aggiunto di essere tuffato da un minor numero di imbarcazioni che le isole Similan.<\/p>\n\n\n\n<p><strong>Crociera Subacquea Phuket<\/strong>&nbsp;parte da Phuket oppure da Thap Lamu molo vicino a Khao Lak. Organizziamo trasferimenti da \/ per le barche. Forniamo anche attrezzatura per le immersioni se ne avete bisogno. corsi PADI &amp; corsi di immersione SSI possono essere completati sulle barche da crociera. Molte barche hanno disponibile la miscela Nitrox per i subacquei certificati Nitrox.<\/p>\n\n\n\n<p>Una tipica giornata in crociera include tre immersioni al giorno in tre diversi siti di immersione pi\u00f9 un&#8217; immersione notturna. Il tempo tra le immersioni si trascorre mangiando, dormendo, relax a bordo oppure visitando le spiagge dell&#8217;isola.<\/p>\n\n\n\n<h3 class=\"wp-block-heading\">Contattaci<\/h3>\n\n\n\n<script charset=\"utf-8\" type=\"text\/javascript\" src=\"\/\/js.hsforms.net\/forms\/embed\/v2.js\"><\/script>\n<script>\n  hbspt.forms.create({\n    region: \"na1\",\n    portalId: \"3413662\",\n    formId: \"8d104c7e-56ee-413f-a880-2368de4d4d6a\"\n  });\n<\/script>\n","protected":false},"excerpt":{"rendered":"<p>Crociera Subacquea Phuket &#8211; Se desiderate immergervi nei &nbsp;migliori siti di immersione della Thailandia partecipate ad una crociera Subacquea Phuket. Ci sono barche da crociera disponibili per una sola notte a bordo, oppure si pu\u00f2 rimanere 4 o 5 notti &amp; visitare tutti i migliori siti di immersione. Le Crociere partono da Phuket o Khao [&hellip;]<\/p>\n","protected":false},"author":4,"featured_media":0,"parent":0,"menu_order":0,"comment_status":"closed","ping_status":"closed","template":"","meta":{"_acf_changed":false,"_et_pb_use_builder":"","_et_pb_old_content":"","_et_gb_content_width":"","footnotes":""},"class_list":["post-16507","page","type-page","status-publish","hentry"],"acf":[],"yoast_head":"<!-- This site is optimized with the Yoast SEO plugin v25.1 - https:\/\/yoast.com\/wordpress\/plugins\/seo\/ -->\n<title>Crociera Subacquea Phuket<\/title>\n<meta name=\"description\" content=\"Crociera Subacquea Phuket -Se desiderate immergervi nei migliori siti di immersione della Thailandia partecipate ad una crociera Subacquea. Scopri di pi\u00f9...\" \/>\n<meta name=\"robots\" content=\"index, follow, max-snippet:-1, max-image-preview:large, max-video-preview:-1\" \/>\n<link rel=\"canonical\" href=\"https:\/\/www.easydayphuket.com\/it\/crociera-subacquea-phuket\/\" \/>\n<meta property=\"og:locale\" content=\"it_IT\" \/>\n<meta property=\"og:type\" content=\"article\" \/>\n<meta property=\"og:title\" content=\"Crociera Subacquea Phuket\" \/>\n<meta property=\"og:description\" content=\"Crociera Subacquea Phuket -Se desiderate immergervi nei migliori siti di immersione della Thailandia partecipate ad una crociera Subacquea. Scopri di pi\u00f9...\" \/>\n<meta property=\"og:url\" content=\"https:\/\/www.easydayphuket.com\/it\/crociera-subacquea-phuket\/\" \/>\n<meta property=\"og:site_name\" content=\"Easy Day Phuket\" \/>\n<meta property=\"article:publisher\" content=\"https:\/\/www.facebook.com\/Easydayinthailand\/\" \/>\n<meta property=\"article:modified_time\" content=\"2024-05-26T19:12:55+00:00\" \/>\n<meta property=\"og:image\" content=\"https:\/\/www.easydayphuket.com\/wp-content\/uploads\/2013\/10\/MV-Giamani-Phuket-Liveaboard-150x150.jpg\" \/>\n<meta name=\"twitter:label1\" content=\"Tempo di lettura stimato\" \/>\n\t<meta name=\"twitter:data1\" content=\"5 minuti\" \/>\n<script type=\"application\/ld+json\" class=\"yoast-schema-graph\">{\"@context\":\"https:\/\/schema.org\",\"@graph\":[{\"@type\":\"WebPage\",\"@id\":\"https:\/\/www.easydayphuket.com\/it\/crociera-subacquea-phuket\/\",\"url\":\"https:\/\/www.easydayphuket.com\/it\/crociera-subacquea-phuket\/\",\"name\":\"Crociera Subacquea Phuket\",\"isPartOf\":{\"@id\":\"https:\/\/www.easydayphuket.com\/#website\"},\"primaryImageOfPage\":{\"@id\":\"https:\/\/www.easydayphuket.com\/it\/crociera-subacquea-phuket\/#primaryimage\"},\"image\":{\"@id\":\"https:\/\/www.easydayphuket.com\/it\/crociera-subacquea-phuket\/#primaryimage\"},\"thumbnailUrl\":\"https:\/\/www.easydayphuket.com\/wp-content\/uploads\/2013\/10\/MV-Giamani-Phuket-Liveaboard-150x150.jpg\",\"datePublished\":\"2017-01-25T11:07:50+00:00\",\"dateModified\":\"2024-05-26T19:12:55+00:00\",\"description\":\"Crociera Subacquea Phuket -Se desiderate immergervi nei migliori siti di immersione della Thailandia partecipate ad una crociera Subacquea. Scopri di pi\u00f9...\",\"breadcrumb\":{\"@id\":\"https:\/\/www.easydayphuket.com\/it\/crociera-subacquea-phuket\/#breadcrumb\"},\"inLanguage\":\"it-IT\",\"potentialAction\":[{\"@type\":\"ReadAction\",\"target\":[\"https:\/\/www.easydayphuket.com\/it\/crociera-subacquea-phuket\/\"]}]},{\"@type\":\"ImageObject\",\"inLanguage\":\"it-IT\",\"@id\":\"https:\/\/www.easydayphuket.com\/it\/crociera-subacquea-phuket\/#primaryimage\",\"url\":\"https:\/\/www.easydayphuket.com\/wp-content\/uploads\/2013\/10\/MV-Giamani-Phuket-Liveaboard-150x150.jpg\",\"contentUrl\":\"https:\/\/www.easydayphuket.com\/wp-content\/uploads\/2013\/10\/MV-Giamani-Phuket-Liveaboard-150x150.jpg\"},{\"@type\":\"BreadcrumbList\",\"@id\":\"https:\/\/www.easydayphuket.com\/it\/crociera-subacquea-phuket\/#breadcrumb\",\"itemListElement\":[{\"@type\":\"ListItem\",\"position\":1,\"name\":\"Home\",\"item\":\"https:\/\/www.easydayphuket.com\/it\/\"},{\"@type\":\"ListItem\",\"position\":2,\"name\":\"Crociera Subacquea Phuket\"}]},{\"@type\":\"WebSite\",\"@id\":\"https:\/\/www.easydayphuket.com\/#website\",\"url\":\"https:\/\/www.easydayphuket.com\/\",\"name\":\"Easy Day Phuket\",\"description\":\"Per le tue vacanze a Phuket\",\"publisher\":{\"@id\":\"https:\/\/www.easydayphuket.com\/#organization\"},\"potentialAction\":[{\"@type\":\"SearchAction\",\"target\":{\"@type\":\"EntryPoint\",\"urlTemplate\":\"https:\/\/www.easydayphuket.com\/?s={search_term_string}\"},\"query-input\":{\"@type\":\"PropertyValueSpecification\",\"valueRequired\":true,\"valueName\":\"search_term_string\"}}],\"inLanguage\":\"it-IT\"},{\"@type\":\"Organization\",\"@id\":\"https:\/\/www.easydayphuket.com\/#organization\",\"name\":\"Easy Day Thailand\",\"url\":\"https:\/\/www.easydayphuket.com\/\",\"logo\":{\"@type\":\"ImageObject\",\"inLanguage\":\"it-IT\",\"@id\":\"https:\/\/www.easydayphuket.com\/#\/schema\/logo\/image\/\",\"url\":\"https:\/\/www.easydayphuket.com\/wp-content\/uploads\/2013\/07\/Sun-Thaiflag_booking12.gif\",\"contentUrl\":\"https:\/\/www.easydayphuket.com\/wp-content\/uploads\/2013\/07\/Sun-Thaiflag_booking12.gif\",\"width\":100,\"height\":94,\"caption\":\"Easy Day Thailand\"},\"image\":{\"@id\":\"https:\/\/www.easydayphuket.com\/#\/schema\/logo\/image\/\"},\"sameAs\":[\"https:\/\/www.facebook.com\/Easydayinthailand\/\",\"https:\/\/www.instagram.com\/easydaythailand\/\"]}]}<\/script>\n<!-- \/ Yoast SEO plugin. -->","yoast_head_json":{"title":"Crociera Subacquea Phuket","description":"Crociera Subacquea Phuket -Se desiderate immergervi nei migliori siti di immersione della Thailandia partecipate ad una crociera Subacquea. Scopri di pi\u00f9...","robots":{"index":"index","follow":"follow","max-snippet":"max-snippet:-1","max-image-preview":"max-image-preview:large","max-video-preview":"max-video-preview:-1"},"canonical":"https:\/\/www.easydayphuket.com\/it\/crociera-subacquea-phuket\/","og_locale":"it_IT","og_type":"article","og_title":"Crociera Subacquea Phuket","og_description":"Crociera Subacquea Phuket -Se desiderate immergervi nei migliori siti di immersione della Thailandia partecipate ad una crociera Subacquea. Scopri di pi\u00f9...","og_url":"https:\/\/www.easydayphuket.com\/it\/crociera-subacquea-phuket\/","og_site_name":"Easy Day Phuket","article_publisher":"https:\/\/www.facebook.com\/Easydayinthailand\/","article_modified_time":"2024-05-26T19:12:55+00:00","og_image":[{"url":"https:\/\/www.easydayphuket.com\/wp-content\/uploads\/2013\/10\/MV-Giamani-Phuket-Liveaboard-150x150.jpg","type":"","width":"","height":""}],"twitter_misc":{"Tempo di lettura stimato":"5 minuti"},"schema":{"@context":"https:\/\/schema.org","@graph":[{"@type":"WebPage","@id":"https:\/\/www.easydayphuket.com\/it\/crociera-subacquea-phuket\/","url":"https:\/\/www.easydayphuket.com\/it\/crociera-subacquea-phuket\/","name":"Crociera Subacquea Phuket","isPartOf":{"@id":"https:\/\/www.easydayphuket.com\/#website"},"primaryImageOfPage":{"@id":"https:\/\/www.easydayphuket.com\/it\/crociera-subacquea-phuket\/#primaryimage"},"image":{"@id":"https:\/\/www.easydayphuket.com\/it\/crociera-subacquea-phuket\/#primaryimage"},"thumbnailUrl":"https:\/\/www.easydayphuket.com\/wp-content\/uploads\/2013\/10\/MV-Giamani-Phuket-Liveaboard-150x150.jpg","datePublished":"2017-01-25T11:07:50+00:00","dateModified":"2024-05-26T19:12:55+00:00","description":"Crociera Subacquea Phuket -Se desiderate immergervi nei migliori siti di immersione della Thailandia partecipate ad una crociera Subacquea. Scopri di pi\u00f9...","breadcrumb":{"@id":"https:\/\/www.easydayphuket.com\/it\/crociera-subacquea-phuket\/#breadcrumb"},"inLanguage":"it-IT","potentialAction":[{"@type":"ReadAction","target":["https:\/\/www.easydayphuket.com\/it\/crociera-subacquea-phuket\/"]}]},{"@type":"ImageObject","inLanguage":"it-IT","@id":"https:\/\/www.easydayphuket.com\/it\/crociera-subacquea-phuket\/#primaryimage","url":"https:\/\/www.easydayphuket.com\/wp-content\/uploads\/2013\/10\/MV-Giamani-Phuket-Liveaboard-150x150.jpg","contentUrl":"https:\/\/www.easydayphuket.com\/wp-content\/uploads\/2013\/10\/MV-Giamani-Phuket-Liveaboard-150x150.jpg"},{"@type":"BreadcrumbList","@id":"https:\/\/www.easydayphuket.com\/it\/crociera-subacquea-phuket\/#breadcrumb","itemListElement":[{"@type":"ListItem","position":1,"name":"Home","item":"https:\/\/www.easydayphuket.com\/it\/"},{"@type":"ListItem","position":2,"name":"Crociera Subacquea Phuket"}]},{"@type":"WebSite","@id":"https:\/\/www.easydayphuket.com\/#website","url":"https:\/\/www.easydayphuket.com\/","name":"Easy Day Phuket","description":"Per le tue vacanze a Phuket","publisher":{"@id":"https:\/\/www.easydayphuket.com\/#organization"},"potentialAction":[{"@type":"SearchAction","target":{"@type":"EntryPoint","urlTemplate":"https:\/\/www.easydayphuket.com\/?s={search_term_string}"},"query-input":{"@type":"PropertyValueSpecification","valueRequired":true,"valueName":"search_term_string"}}],"inLanguage":"it-IT"},{"@type":"Organization","@id":"https:\/\/www.easydayphuket.com\/#organization","name":"Easy Day Thailand","url":"https:\/\/www.easydayphuket.com\/","logo":{"@type":"ImageObject","inLanguage":"it-IT","@id":"https:\/\/www.easydayphuket.com\/#\/schema\/logo\/image\/","url":"https:\/\/www.easydayphuket.com\/wp-content\/uploads\/2013\/07\/Sun-Thaiflag_booking12.gif","contentUrl":"https:\/\/www.easydayphuket.com\/wp-content\/uploads\/2013\/07\/Sun-Thaiflag_booking12.gif","width":100,"height":94,"caption":"Easy Day Thailand"},"image":{"@id":"https:\/\/www.easydayphuket.com\/#\/schema\/logo\/image\/"},"sameAs":["https:\/\/www.facebook.com\/Easydayinthailand\/","https:\/\/www.instagram.com\/easydaythailand\/"]}]}},"_links":{"self":[{"href":"https:\/\/www.easydayphuket.com\/it\/wp-json\/wp\/v2\/pages\/16507","targetHints":{"allow":["GET"]}}],"collection":[{"href":"https:\/\/www.easydayphuket.com\/it\/wp-json\/wp\/v2\/pages"}],"about":[{"href":"https:\/\/www.easydayphuket.com\/it\/wp-json\/wp\/v2\/types\/page"}],"author":[{"embeddable":true,"href":"https:\/\/www.easydayphuket.com\/it\/wp-json\/wp\/v2\/users\/4"}],"replies":[{"embeddable":true,"href":"https:\/\/www.easydayphuket.com\/it\/wp-json\/wp\/v2\/comments?post=16507"}],"version-history":[{"count":0,"href":"https:\/\/www.easydayphuket.com\/it\/wp-json\/wp\/v2\/pages\/16507\/revisions"}],"wp:attachment":[{"href":"https:\/\/www.easydayphuket.com\/it\/wp-json\/wp\/v2\/media?parent=16507"}],"curies":[{"name":"wp","href":"https:\/\/api.w.org\/{rel}","templated":true}]}}