{"id":15991,"date":"2017-01-11T13:59:05","date_gmt":"2017-01-11T06:59:05","guid":{"rendered":"https:\/\/www.easydayphuket.com\/escursione-isola-surin-snorkeling-tour\/"},"modified":"2024-05-27T01:58:28","modified_gmt":"2024-05-26T18:58:28","slug":"escursione-isola-surin-snorkeling-tour","status":"publish","type":"page","link":"https:\/\/www.easydayphuket.com\/it\/attivita-a-phuket\/escursione-phuket-snorkeling-tour\/escursione-isola-surin-snorkeling-tour\/","title":{"rendered":"Escursione Isola Surin Snorkeling Tour"},"content":{"rendered":"\n<figure class=\"wp-block-image alignright\"><a href=\"https:\/\/www.easydayphuket.com\/wp-content\/uploads\/2013\/07\/Snorkeling-Trip-Surin-Islands.png\"><img decoding=\"async\" src=\"https:\/\/www.easydayphuket.com\/wp-content\/uploads\/2013\/07\/Snorkeling-Trip-Surin-Islands-300x194.png\" alt=\"Snorkeling Surin Islands\" class=\"wp-image-5378\"\/><\/a><figcaption class=\"wp-element-caption\">Snorkeling Trip Surin Islands<\/figcaption><\/figure>\n\n\n\n<p><strong>Escursione Isola Surin Snorkeling Tour<\/strong> &#8211; L&#8217;Escursione Giornaliera all&#8217;Isola di Surin per attivit\u00e0 di Snorkeling \u00e8 Disponibile da Novembre ad Aprile. Il parco nazionale dell&#8217; Isola di Surin ospita una delle pi\u00f9 grandi barriere coralline della Thailandia. Un gruppo di isole disabitate ad eccezione di una trib\u00f9 di zingari del mare nomadi chiamato &#8220;Moken.\u201d<\/p>\n\n\n\n<ul class=\"wp-block-list\">\n<li>Isole tropicali con spiagge di sabbia bianca<\/li>\n\n\n\n<li>Scogliere con colorati pesci Tropicali Tipici della barriera corallina<\/li>\n\n\n\n<li>Le acque cristalline del Mar delle Andamane<\/li>\n\n\n\n<li>Visita ai &#8220;Moken&#8221; una trib\u00f9 nomade chiamati gli\u00a0<a href=\"https:\/\/www.easydaythailand.com\/blog\/chao-ley-sea-gypsies\/\" target=\"_blank\" rel=\"noopener\">Zingari del Mare<\/a>.<\/li>\n\n\n\n<li><strong>Guida in\u00a0Italiano <\/strong>(a richiesta e in base alla disponibilit\u00e0)<\/li>\n<\/ul>\n\n\n<p><strong>Prezzo in Thai Baht per persona: 3,900 | Bambini (3-11anni) 2,700 <a href=\"#form\">&gt;&gt; Prenota \/ Contattaci<\/a><\/strong>\u00a0<\/p>\n\n\n\n<p><strong>Escursione Isola Surin Snorkeling Tour include:<\/strong><\/p>\n\n\n<ul>\n<li>Trasferimento Andata e Ritorno dal tuo hotel a Phuket.<\/li>\n<li>Pasti, Bevande Analcoliche, Acqua, caff\u00e8 &amp; th\u00e8.<\/li>\n<li>Attrezzatura per Attivit\u00e0 si \u00a0Snorkeling (Maschera, Boccaglio &amp; Giubbotto Salvagente).<\/li>\n<li>Tasse per l&#8217;accesso al Parco Nazionale di Surin.<\/li>\n<li>Esperta guida turistica &amp; snorkeling in lingua inglese (garantito), e lingua Italiana (in base alla disponibilit\u00e0)<\/li>\n<li>Assicurazione contro gli Incidenti.<\/li>\n<\/ul>\n\n\n\n<p class=\"has-text-align-right\"><a href='#form' class='small-button smallblue'>Prenota \/ Contattaci<\/a><\/p>\n\n\n\n<h2 class=\"wp-block-heading\">Escursione Isola Surin Snorkeling Tour Foto Gallery<\/h2>\n\n\n<p>[wzslider autoplay=&#8221;true&#8221; info=&#8221;true&#8221; lightbox=&#8221;true&#8221;]<\/p>\n\n\n\n<h2 class=\"wp-block-heading\"><strong>Escursione Isola Surin Snorkeling Tour esempio itinerario<\/strong>:<\/h2>\n\n\n\n<ul class=\"wp-block-list\">\n<li>05.00-05.30 &#8211;\u00a0 Prelievo dal tuo hotel a Phuket e trasferimento al molo di Kuraburi a nord di Khao Lak.<\/li>\n\n\n\n<li>08.45 &#8211; Check in al Punto di raduno e briefing di Benvenuto da parte della Guida.<\/li>\n\n\n\n<li>09.00 &#8211; Partenza dal porto Kuraburi in direzione del Parco Nazionale dell&#8217; Isola di Surin.<\/li>\n\n\n\n<li>10.30 &#8211; Arrivo alle isole Surin ed Inizio Prima Sessione attivit\u00e0 di Snorkeling.<\/li>\n\n\n\n<li>12.00 &#8211;\u00a0Delizioso pranzo Thai servito presso il ristorante alla stazione dei ranger del Parco Nazionale di Surin. Tempo libero per visitare l&#8217;isola e la spiaggia.<\/li>\n\n\n\n<li>13.30 &#8211; Seconda sessione di Snorkeling alle Isole Surin e sosta al villaggio dei &#8220;Moken&#8221;, i gitani del mare.<\/li>\n\n\n\n<li>15.30 &#8211; Partenza dalle isole Surin direzione molo di Kuraburi.<\/li>\n\n\n\n<li>16.30 &#8211; Arrivo al molo di Kuraburi e trasferimento al tuo hotel di Phuket.<\/li>\n\n\n\n<li>19.00-19.30 &#8211; Arrivo in hotel.<\/li>\n<\/ul>\n\n\n\n<p>*L&#8217;itinerario qui sopra&nbsp;\u00e8 un&#8217;esempio e potrebbe variare a seconda delle condizioni meteo e mare, logistica e altre variabili.<\/p>\n\n\n\n<h2 class=\"wp-block-heading\" id=\"form\">Contattaci Adesso per L&#8217;&nbsp;<strong>Escursione Isola Surin Snorkeling Tour<\/strong><\/h2>\n\n\n\n<h2 class=\"wp-block-heading\">Parco Nazionale Isola di Surin<\/h2>\n\n\n\n<p>Il Parco Nazionale delle Surin Islands \u00e8 formato da un gruppo di 5 isole circa 60 chilometri a ovest al largo della costa della Thailandia, nel Mar Delle Andamane. Il Parco \u00e8 aperto ai visitatori da novembre ad aprile dove l&#8217;attivit\u00e0 di snorkeling offre la possibilit\u00e0 di vedere incredibile biodiversit\u00e0 marina ed \u00e8 anche una destinazione popolare per i subacquei.<\/p>\n\n\n\n<p>Oltre alle splendide spiagge, le isole Surin sono note anche per una piccola comunit\u00e0 di zingari del mare, chiamati &#8220;Moken&#8221;<\/p>\n","protected":false},"excerpt":{"rendered":"<p>Escursione Isola Surin Snorkeling Tour &#8211; L&#8217;Escursione Giornaliera all&#8217;Isola di Surin per attivit\u00e0 di Snorkeling \u00e8 Disponibile da Novembre ad Aprile. Il parco nazionale dell&#8217; Isola di Surin ospita una delle pi\u00f9 grandi barriere coralline della Thailandia. Un gruppo di isole disabitate ad eccezione di una trib\u00f9 di zingari del mare nomadi chiamato &#8220;Moken.\u201d Escursione [&hellip;]<\/p>\n","protected":false},"author":4,"featured_media":0,"parent":15996,"menu_order":0,"comment_status":"closed","ping_status":"open","template":"","meta":{"_acf_changed":false,"_et_pb_use_builder":"","_et_pb_old_content":"","_et_gb_content_width":"","footnotes":""},"class_list":["post-15991","page","type-page","status-publish","hentry"],"acf":[],"yoast_head":"<!-- This site is optimized with the Yoast SEO plugin v25.1 - https:\/\/yoast.com\/wordpress\/plugins\/seo\/ -->\n<title>Escursione Isola Surin Snorkeling Tour<\/title>\n<meta name=\"description\" content=\"Escursione Isola Surin Snorkeling Tour - L&#039;Escursione Giornaliera all&#039; Isola di Surin per attivit\u00e0 di Snorkeling \u00e8 Disponibile da Novembre ad Aprile. Il parco nazionale dell&#039; Isola di Surin ospita una delle pi\u00f9 grandi barriere coralline della Thailandia. Un gruppo di isole disabitate ad eccezione di una trib\u00f9 di zingari del mare nomadi chiamato &quot;Moken.\u201d\" \/>\n<meta name=\"robots\" content=\"index, follow, max-snippet:-1, max-image-preview:large, max-video-preview:-1\" \/>\n<link rel=\"canonical\" href=\"https:\/\/www.easydayphuket.com\/it\/attivita-a-phuket\/escursione-phuket-snorkeling-tour\/escursione-isola-surin-snorkeling-tour\/\" \/>\n<meta property=\"og:locale\" content=\"it_IT\" \/>\n<meta property=\"og:type\" content=\"article\" \/>\n<meta property=\"og:title\" content=\"Escursione Isola Surin Snorkeling Tour\" \/>\n<meta property=\"og:description\" content=\"Escursione Isola Surin Snorkeling Tour - L&#039;Escursione Giornaliera all&#039; Isola di Surin per attivit\u00e0 di Snorkeling \u00e8 Disponibile da Novembre ad Aprile. Il parco nazionale dell&#039; Isola di Surin ospita una delle pi\u00f9 grandi barriere coralline della Thailandia. Un gruppo di isole disabitate ad eccezione di una trib\u00f9 di zingari del mare nomadi chiamato &quot;Moken.\u201d\" \/>\n<meta property=\"og:url\" content=\"https:\/\/www.easydayphuket.com\/it\/attivita-a-phuket\/escursione-phuket-snorkeling-tour\/escursione-isola-surin-snorkeling-tour\/\" \/>\n<meta property=\"og:site_name\" content=\"Easy Day Phuket\" \/>\n<meta property=\"article:publisher\" content=\"https:\/\/www.facebook.com\/Easydayinthailand\/\" \/>\n<meta property=\"article:modified_time\" content=\"2024-05-26T18:58:28+00:00\" \/>\n<meta property=\"og:image\" content=\"https:\/\/www.easydayphuket.com\/wp-content\/uploads\/2013\/07\/Snorkeling-Trip-Surin-Islands-300x194.png\" \/>\n<meta name=\"twitter:label1\" content=\"Tempo di lettura stimato\" \/>\n\t<meta name=\"twitter:data1\" content=\"3 minuti\" \/>\n<script type=\"application\/ld+json\" class=\"yoast-schema-graph\">{\"@context\":\"https:\/\/schema.org\",\"@graph\":[{\"@type\":\"WebPage\",\"@id\":\"https:\/\/www.easydayphuket.com\/it\/attivita-a-phuket\/escursione-phuket-snorkeling-tour\/escursione-isola-surin-snorkeling-tour\/\",\"url\":\"https:\/\/www.easydayphuket.com\/it\/attivita-a-phuket\/escursione-phuket-snorkeling-tour\/escursione-isola-surin-snorkeling-tour\/\",\"name\":\"Escursione Isola Surin Snorkeling Tour\",\"isPartOf\":{\"@id\":\"https:\/\/www.easydayphuket.com\/#website\"},\"primaryImageOfPage\":{\"@id\":\"https:\/\/www.easydayphuket.com\/it\/attivita-a-phuket\/escursione-phuket-snorkeling-tour\/escursione-isola-surin-snorkeling-tour\/#primaryimage\"},\"image\":{\"@id\":\"https:\/\/www.easydayphuket.com\/it\/attivita-a-phuket\/escursione-phuket-snorkeling-tour\/escursione-isola-surin-snorkeling-tour\/#primaryimage\"},\"thumbnailUrl\":\"https:\/\/www.easydayphuket.com\/wp-content\/uploads\/2013\/07\/Snorkeling-Trip-Surin-Islands-300x194.png\",\"datePublished\":\"2017-01-11T06:59:05+00:00\",\"dateModified\":\"2024-05-26T18:58:28+00:00\",\"description\":\"Escursione Isola Surin Snorkeling Tour - L'Escursione Giornaliera all' Isola di Surin per attivit\u00e0 di Snorkeling \u00e8 Disponibile da Novembre ad Aprile. Il parco nazionale dell' Isola di Surin ospita una delle pi\u00f9 grandi barriere coralline della Thailandia. Un gruppo di isole disabitate ad eccezione di una trib\u00f9 di zingari del mare nomadi chiamato \\\"Moken.\u201d\",\"breadcrumb\":{\"@id\":\"https:\/\/www.easydayphuket.com\/it\/attivita-a-phuket\/escursione-phuket-snorkeling-tour\/escursione-isola-surin-snorkeling-tour\/#breadcrumb\"},\"inLanguage\":\"it-IT\",\"potentialAction\":[{\"@type\":\"ReadAction\",\"target\":[\"https:\/\/www.easydayphuket.com\/it\/attivita-a-phuket\/escursione-phuket-snorkeling-tour\/escursione-isola-surin-snorkeling-tour\/\"]}]},{\"@type\":\"ImageObject\",\"inLanguage\":\"it-IT\",\"@id\":\"https:\/\/www.easydayphuket.com\/it\/attivita-a-phuket\/escursione-phuket-snorkeling-tour\/escursione-isola-surin-snorkeling-tour\/#primaryimage\",\"url\":\"https:\/\/www.easydayphuket.com\/wp-content\/uploads\/2013\/07\/Snorkeling-Trip-Surin-Islands-300x194.png\",\"contentUrl\":\"https:\/\/www.easydayphuket.com\/wp-content\/uploads\/2013\/07\/Snorkeling-Trip-Surin-Islands-300x194.png\"},{\"@type\":\"BreadcrumbList\",\"@id\":\"https:\/\/www.easydayphuket.com\/it\/attivita-a-phuket\/escursione-phuket-snorkeling-tour\/escursione-isola-surin-snorkeling-tour\/#breadcrumb\",\"itemListElement\":[{\"@type\":\"ListItem\",\"position\":1,\"name\":\"Home\",\"item\":\"https:\/\/www.easydayphuket.com\/it\/\"},{\"@type\":\"ListItem\",\"position\":2,\"name\":\"Attivit\u00e0 a Phuket\",\"item\":\"https:\/\/www.easydayphuket.com\/it\/attivita-a-phuket\/\"},{\"@type\":\"ListItem\",\"position\":3,\"name\":\"Snorkeling Tours Phuket\",\"item\":\"https:\/\/www.easydayphuket.com\/it\/attivita-a-phuket\/escursione-phuket-snorkeling-tour\/\"},{\"@type\":\"ListItem\",\"position\":4,\"name\":\"Escursione Isola Surin Snorkeling Tour\"}]},{\"@type\":\"WebSite\",\"@id\":\"https:\/\/www.easydayphuket.com\/#website\",\"url\":\"https:\/\/www.easydayphuket.com\/\",\"name\":\"Easy Day Phuket\",\"description\":\"Per le tue vacanze a Phuket\",\"publisher\":{\"@id\":\"https:\/\/www.easydayphuket.com\/#organization\"},\"potentialAction\":[{\"@type\":\"SearchAction\",\"target\":{\"@type\":\"EntryPoint\",\"urlTemplate\":\"https:\/\/www.easydayphuket.com\/?s={search_term_string}\"},\"query-input\":{\"@type\":\"PropertyValueSpecification\",\"valueRequired\":true,\"valueName\":\"search_term_string\"}}],\"inLanguage\":\"it-IT\"},{\"@type\":\"Organization\",\"@id\":\"https:\/\/www.easydayphuket.com\/#organization\",\"name\":\"Easy Day Thailand\",\"url\":\"https:\/\/www.easydayphuket.com\/\",\"logo\":{\"@type\":\"ImageObject\",\"inLanguage\":\"it-IT\",\"@id\":\"https:\/\/www.easydayphuket.com\/#\/schema\/logo\/image\/\",\"url\":\"https:\/\/www.easydayphuket.com\/wp-content\/uploads\/2013\/07\/Sun-Thaiflag_booking12.gif\",\"contentUrl\":\"https:\/\/www.easydayphuket.com\/wp-content\/uploads\/2013\/07\/Sun-Thaiflag_booking12.gif\",\"width\":100,\"height\":94,\"caption\":\"Easy Day Thailand\"},\"image\":{\"@id\":\"https:\/\/www.easydayphuket.com\/#\/schema\/logo\/image\/\"},\"sameAs\":[\"https:\/\/www.facebook.com\/Easydayinthailand\/\",\"https:\/\/www.instagram.com\/easydaythailand\/\"]}]}<\/script>\n<!-- \/ Yoast SEO plugin. -->","yoast_head_json":{"title":"Escursione Isola Surin Snorkeling Tour","description":"Escursione Isola Surin Snorkeling Tour - L'Escursione Giornaliera all' Isola di Surin per attivit\u00e0 di Snorkeling \u00e8 Disponibile da Novembre ad Aprile. Il parco nazionale dell' Isola di Surin ospita una delle pi\u00f9 grandi barriere coralline della Thailandia. Un gruppo di isole disabitate ad eccezione di una trib\u00f9 di zingari del mare nomadi chiamato \"Moken.\u201d","robots":{"index":"index","follow":"follow","max-snippet":"max-snippet:-1","max-image-preview":"max-image-preview:large","max-video-preview":"max-video-preview:-1"},"canonical":"https:\/\/www.easydayphuket.com\/it\/attivita-a-phuket\/escursione-phuket-snorkeling-tour\/escursione-isola-surin-snorkeling-tour\/","og_locale":"it_IT","og_type":"article","og_title":"Escursione Isola Surin Snorkeling Tour","og_description":"Escursione Isola Surin Snorkeling Tour - L'Escursione Giornaliera all' Isola di Surin per attivit\u00e0 di Snorkeling \u00e8 Disponibile da Novembre ad Aprile. Il parco nazionale dell' Isola di Surin ospita una delle pi\u00f9 grandi barriere coralline della Thailandia. Un gruppo di isole disabitate ad eccezione di una trib\u00f9 di zingari del mare nomadi chiamato \"Moken.\u201d","og_url":"https:\/\/www.easydayphuket.com\/it\/attivita-a-phuket\/escursione-phuket-snorkeling-tour\/escursione-isola-surin-snorkeling-tour\/","og_site_name":"Easy Day Phuket","article_publisher":"https:\/\/www.facebook.com\/Easydayinthailand\/","article_modified_time":"2024-05-26T18:58:28+00:00","og_image":[{"url":"https:\/\/www.easydayphuket.com\/wp-content\/uploads\/2013\/07\/Snorkeling-Trip-Surin-Islands-300x194.png","type":"","width":"","height":""}],"twitter_misc":{"Tempo di lettura stimato":"3 minuti"},"schema":{"@context":"https:\/\/schema.org","@graph":[{"@type":"WebPage","@id":"https:\/\/www.easydayphuket.com\/it\/attivita-a-phuket\/escursione-phuket-snorkeling-tour\/escursione-isola-surin-snorkeling-tour\/","url":"https:\/\/www.easydayphuket.com\/it\/attivita-a-phuket\/escursione-phuket-snorkeling-tour\/escursione-isola-surin-snorkeling-tour\/","name":"Escursione Isola Surin Snorkeling Tour","isPartOf":{"@id":"https:\/\/www.easydayphuket.com\/#website"},"primaryImageOfPage":{"@id":"https:\/\/www.easydayphuket.com\/it\/attivita-a-phuket\/escursione-phuket-snorkeling-tour\/escursione-isola-surin-snorkeling-tour\/#primaryimage"},"image":{"@id":"https:\/\/www.easydayphuket.com\/it\/attivita-a-phuket\/escursione-phuket-snorkeling-tour\/escursione-isola-surin-snorkeling-tour\/#primaryimage"},"thumbnailUrl":"https:\/\/www.easydayphuket.com\/wp-content\/uploads\/2013\/07\/Snorkeling-Trip-Surin-Islands-300x194.png","datePublished":"2017-01-11T06:59:05+00:00","dateModified":"2024-05-26T18:58:28+00:00","description":"Escursione Isola Surin Snorkeling Tour - L'Escursione Giornaliera all' Isola di Surin per attivit\u00e0 di Snorkeling \u00e8 Disponibile da Novembre ad Aprile. Il parco nazionale dell' Isola di Surin ospita una delle pi\u00f9 grandi barriere coralline della Thailandia. Un gruppo di isole disabitate ad eccezione di una trib\u00f9 di zingari del mare nomadi chiamato \"Moken.\u201d","breadcrumb":{"@id":"https:\/\/www.easydayphuket.com\/it\/attivita-a-phuket\/escursione-phuket-snorkeling-tour\/escursione-isola-surin-snorkeling-tour\/#breadcrumb"},"inLanguage":"it-IT","potentialAction":[{"@type":"ReadAction","target":["https:\/\/www.easydayphuket.com\/it\/attivita-a-phuket\/escursione-phuket-snorkeling-tour\/escursione-isola-surin-snorkeling-tour\/"]}]},{"@type":"ImageObject","inLanguage":"it-IT","@id":"https:\/\/www.easydayphuket.com\/it\/attivita-a-phuket\/escursione-phuket-snorkeling-tour\/escursione-isola-surin-snorkeling-tour\/#primaryimage","url":"https:\/\/www.easydayphuket.com\/wp-content\/uploads\/2013\/07\/Snorkeling-Trip-Surin-Islands-300x194.png","contentUrl":"https:\/\/www.easydayphuket.com\/wp-content\/uploads\/2013\/07\/Snorkeling-Trip-Surin-Islands-300x194.png"},{"@type":"BreadcrumbList","@id":"https:\/\/www.easydayphuket.com\/it\/attivita-a-phuket\/escursione-phuket-snorkeling-tour\/escursione-isola-surin-snorkeling-tour\/#breadcrumb","itemListElement":[{"@type":"ListItem","position":1,"name":"Home","item":"https:\/\/www.easydayphuket.com\/it\/"},{"@type":"ListItem","position":2,"name":"Attivit\u00e0 a Phuket","item":"https:\/\/www.easydayphuket.com\/it\/attivita-a-phuket\/"},{"@type":"ListItem","position":3,"name":"Snorkeling Tours Phuket","item":"https:\/\/www.easydayphuket.com\/it\/attivita-a-phuket\/escursione-phuket-snorkeling-tour\/"},{"@type":"ListItem","position":4,"name":"Escursione Isola Surin Snorkeling Tour"}]},{"@type":"WebSite","@id":"https:\/\/www.easydayphuket.com\/#website","url":"https:\/\/www.easydayphuket.com\/","name":"Easy Day Phuket","description":"Per le tue vacanze a Phuket","publisher":{"@id":"https:\/\/www.easydayphuket.com\/#organization"},"potentialAction":[{"@type":"SearchAction","target":{"@type":"EntryPoint","urlTemplate":"https:\/\/www.easydayphuket.com\/?s={search_term_string}"},"query-input":{"@type":"PropertyValueSpecification","valueRequired":true,"valueName":"search_term_string"}}],"inLanguage":"it-IT"},{"@type":"Organization","@id":"https:\/\/www.easydayphuket.com\/#organization","name":"Easy Day Thailand","url":"https:\/\/www.easydayphuket.com\/","logo":{"@type":"ImageObject","inLanguage":"it-IT","@id":"https:\/\/www.easydayphuket.com\/#\/schema\/logo\/image\/","url":"https:\/\/www.easydayphuket.com\/wp-content\/uploads\/2013\/07\/Sun-Thaiflag_booking12.gif","contentUrl":"https:\/\/www.easydayphuket.com\/wp-content\/uploads\/2013\/07\/Sun-Thaiflag_booking12.gif","width":100,"height":94,"caption":"Easy Day Thailand"},"image":{"@id":"https:\/\/www.easydayphuket.com\/#\/schema\/logo\/image\/"},"sameAs":["https:\/\/www.facebook.com\/Easydayinthailand\/","https:\/\/www.instagram.com\/easydaythailand\/"]}]}},"_links":{"self":[{"href":"https:\/\/www.easydayphuket.com\/it\/wp-json\/wp\/v2\/pages\/15991","targetHints":{"allow":["GET"]}}],"collection":[{"href":"https:\/\/www.easydayphuket.com\/it\/wp-json\/wp\/v2\/pages"}],"about":[{"href":"https:\/\/www.easydayphuket.com\/it\/wp-json\/wp\/v2\/types\/page"}],"author":[{"embeddable":true,"href":"https:\/\/www.easydayphuket.com\/it\/wp-json\/wp\/v2\/users\/4"}],"replies":[{"embeddable":true,"href":"https:\/\/www.easydayphuket.com\/it\/wp-json\/wp\/v2\/comments?post=15991"}],"version-history":[{"count":0,"href":"https:\/\/www.easydayphuket.com\/it\/wp-json\/wp\/v2\/pages\/15991\/revisions"}],"up":[{"embeddable":true,"href":"https:\/\/www.easydayphuket.com\/it\/wp-json\/wp\/v2\/pages\/15996"}],"wp:attachment":[{"href":"https:\/\/www.easydayphuket.com\/it\/wp-json\/wp\/v2\/media?parent=15991"}],"curies":[{"name":"wp","href":"https:\/\/api.w.org\/{rel}","templated":true}]}}