{"id":15937,"date":"2017-01-04T19:33:55","date_gmt":"2017-01-04T12:33:55","guid":{"rendered":"https:\/\/www.easydayphuket.com\/escursione-phi-phi-island\/"},"modified":"2024-05-27T02:17:42","modified_gmt":"2024-05-26T19:17:42","slug":"escursione-phi-phi-island","status":"publish","type":"page","link":"https:\/\/www.easydayphuket.com\/it\/crociera-isole-di-phuket\/escursione-phi-phi-island\/","title":{"rendered":"Escursione Phi Phi Island"},"content":{"rendered":"\n<figure class=\"wp-block-image alignright\"><a href=\"https:\/\/www.easydayphuket.com\/wp-content\/uploads\/2013\/07\/Speed-boats-at-Phi-Phi-Island-300x187.jpg\"><img loading=\"lazy\" decoding=\"async\" width=\"300\" height=\"187\" src=\"https:\/\/www.easydayphuket.com\/wp-content\/uploads\/2013\/07\/Speed-boats-at-Phi-Phi-Island-300x187.jpg\" alt=\"Phi Phi Island Hopping Tours\" class=\"wp-image-5719\" srcset=\"https:\/\/www.easydayphuket.com\/wp-content\/uploads\/2013\/07\/Speed-boats-at-Phi-Phi-Island-300x187.jpg 300w, https:\/\/www.easydayphuket.com\/wp-content\/uploads\/2013\/07\/Speed-boats-at-Phi-Phi-Island-88x55.jpg 88w, https:\/\/www.easydayphuket.com\/wp-content\/uploads\/2013\/07\/Speed-boats-at-Phi-Phi-Island.jpg 800w\" sizes=\"(max-width: 300px) 100vw, 300px\" \/><\/a><figcaption class=\"wp-element-caption\">Escursione Phi Phi Island Speed boat<\/figcaption><\/figure>\n\n\n\n<p>Escursione Phi Phi Island \u00e8 il tour che parte dall&#8217;Isola di Phuket organizzato da Easy Day Thailand &#8211; Un tour privato dell&#8217;Isola pi\u00f9 grande e delle isolette circostanti che costituiscono le famose isole Phi Phi.<\/p>\n\n\n\n<p>Vai alla scoperta di&nbsp;<a href=\"https:\/\/www.easydayphuket.com\/koh-phi-phi-island-juwel-krabi-province\/\" target=\"_blank\" rel=\"noopener\">Phi Phi Island<\/a>&nbsp;questa offerta \u00e8 pensata per te.<\/p>\n\n\n\n<ul class=\"wp-block-list\">\n<li><strong>Orari Flessibili!<\/strong><\/li>\n\n\n\n<li><strong>Tour privato<\/strong><\/li>\n\n\n\n<li><strong>Maschera e Pinne compresi per snorkelling<\/strong><\/li>\n\n\n\n<li><b>Passaggio a Maya Bay, Bamboo Island e la spiaggia delle scimmie&#8230;<\/b><\/li>\n<\/ul>\n\n\n<p> Prezzo in Thai Baht per gruppi: 1-6 adulti 28,000 | Persona Extra 2,100 <\/strong>\u00a0Bimbi sotto 5 anni gratis. Bambini dai 5-11 anni Thai Baht 1,200 per bambino.<strong> <a title=\"Easy Day Contact Form\" href=\"#form\">&gt;&gt; Chiedi un offerta gratuita ora! <\/a><\/p>\n\n\n\n<p>Oppure per un opzione meno impegnativa ma che offre lo stesso il meglio delle Isole Phi Phi considera il tour privato con la barca tipica longtail<\/p>\n\n\n\n<p><strong>Il T<\/strong><strong>our Escursione Phi Phi Island Include :<\/strong><\/p>\n\n\n<ul>\n<li>Trasferimenti da e per Hotel a Phuket con Minivan Climatizzato.<\/li>\n<li>Giubbotto-Salvagente per Attivit\u00e0 di Snorkelling.<\/li>\n<li>Guida Turistica in Inglese.<\/li>\n<li>Bevande Analcoliche, Acqua, Birre Locali e Frutta Fresca.<\/li>\n<li>Un delizioso Pranzo Thai a Phi Phi\u00a0Island o un pranzo Pic Nic sulla Spiaggia.<\/li>\n<li>Maschera &amp; Pinne.<\/li>\n<li>Assicurazione infortuni<\/li>\n<\/ul>\n\n\n\n<p><strong>Non Incluso nel Tour:<\/strong><\/p>\n\n\n<ul>\n<li>Tassa Parco Nazionale<\/li>\n<li>Guida Turistica in Italiano (700 Thai Baht), se disponibile<\/li>\n<\/ul>\n\n\n\n<p class=\"has-text-align-right\"><a href='#form' class='small-button smallblue'>Prenota \/ Contattaci<\/a><\/p>\n\n\n\n<h2 class=\"wp-block-heading\">Escursione Phi Phi Island Phi Phi Island Giro delle Isole &#8211; Snorkeling &amp; Divertimento<\/h2>\n\n\n\n<figure class=\"wp-block-gallery has-nested-images columns-3 is-cropped wp-block-gallery-1 is-layout-flex wp-block-gallery-is-layout-flex\">\n<figure class=\"wp-block-image size-large\"><img loading=\"lazy\" decoding=\"async\" width=\"800\" height=\"533\" data-id=\"8197\" src=\"https:\/\/www.easydayphuket.com\/wp-content\/uploads\/2013\/07\/Maya-Bay-Phi-Phi-Island.jpg\" alt=\"Escursione Phi Phi Island\" class=\"wp-image-8197\" srcset=\"https:\/\/www.easydayphuket.com\/wp-content\/uploads\/2013\/07\/Maya-Bay-Phi-Phi-Island.jpg 800w, https:\/\/www.easydayphuket.com\/wp-content\/uploads\/2013\/07\/Maya-Bay-Phi-Phi-Island-300x199.jpg 300w, https:\/\/www.easydayphuket.com\/wp-content\/uploads\/2013\/07\/Maya-Bay-Phi-Phi-Island-82x55.jpg 82w, https:\/\/www.easydayphuket.com\/wp-content\/uploads\/2013\/07\/Maya-Bay-Phi-Phi-Island-180x120.jpg 180w\" sizes=\"(max-width: 800px) 100vw, 800px\" \/><\/figure>\n\n\n\n<figure class=\"wp-block-image size-large\"><img loading=\"lazy\" decoding=\"async\" width=\"800\" height=\"500\" data-id=\"8206\" src=\"https:\/\/www.easydayphuket.com\/wp-content\/uploads\/2013\/07\/Phi-Phi-Island-views.jpg\" alt=\"Escursione Phi Phi Island\" class=\"wp-image-8206\" srcset=\"https:\/\/www.easydayphuket.com\/wp-content\/uploads\/2013\/07\/Phi-Phi-Island-views.jpg 800w, https:\/\/www.easydayphuket.com\/wp-content\/uploads\/2013\/07\/Phi-Phi-Island-views-300x187.jpg 300w, https:\/\/www.easydayphuket.com\/wp-content\/uploads\/2013\/07\/Phi-Phi-Island-views-88x55.jpg 88w\" sizes=\"(max-width: 800px) 100vw, 800px\" \/><\/figure>\n\n\n\n<figure class=\"wp-block-image size-large\"><img loading=\"lazy\" decoding=\"async\" width=\"608\" height=\"430\" data-id=\"8239\" src=\"https:\/\/www.easydayphuket.com\/wp-content\/uploads\/2014\/08\/Snorkeling-Phi-Phi-Island.jpg\" alt=\"Escursione Phi Phi Island\" class=\"wp-image-8239\" srcset=\"https:\/\/www.easydayphuket.com\/wp-content\/uploads\/2014\/08\/Snorkeling-Phi-Phi-Island.jpg 608w, https:\/\/www.easydayphuket.com\/wp-content\/uploads\/2014\/08\/Snorkeling-Phi-Phi-Island-300x212.jpg 300w, https:\/\/www.easydayphuket.com\/wp-content\/uploads\/2014\/08\/Snorkeling-Phi-Phi-Island-77x55.jpg 77w\" sizes=\"(max-width: 608px) 100vw, 608px\" \/><\/figure>\n\n\n\n<figure class=\"wp-block-image size-large\"><img loading=\"lazy\" decoding=\"async\" width=\"1024\" height=\"768\" data-id=\"28339\" src=\"https:\/\/www.easydayphuket.com\/wp-content\/uploads\/2018\/07\/Beach-at-Bamboo-Island--1024x768.jpg\" alt=\"Escursione Phi Phi Island\" class=\"wp-image-28339\" srcset=\"https:\/\/www.easydayphuket.com\/wp-content\/uploads\/2018\/07\/Beach-at-Bamboo-Island-.jpg 1024w, https:\/\/www.easydayphuket.com\/wp-content\/uploads\/2018\/07\/Beach-at-Bamboo-Island--300x225.jpg 300w, https:\/\/www.easydayphuket.com\/wp-content\/uploads\/2018\/07\/Beach-at-Bamboo-Island--768x576.jpg 768w, https:\/\/www.easydayphuket.com\/wp-content\/uploads\/2018\/07\/Beach-at-Bamboo-Island--73x55.jpg 73w, https:\/\/www.easydayphuket.com\/wp-content\/uploads\/2018\/07\/Beach-at-Bamboo-Island--510x382.jpg 510w\" sizes=\"(max-width: 1024px) 100vw, 1024px\" \/><\/figure>\n<\/figure>\n\n\n\n<h2 class=\"wp-block-heading\">Escursione Phi Phi Island Tour delle Isole esempio Itinerario<\/h2>\n\n\n\n<ul class=\"wp-block-list\">\n<li>07.00 &#8211; Prelievo dal tuo Hotel a Phuket e trasferimento con mini van climatizzato al molo.<\/li>\n\n\n\n<li>07.30 &#8211; Briefing Tour &amp; sicurezza con guida in lingua inglese prima della partenza.<\/li>\n\n\n\n<li>07.45 &#8211; Con 70-80 minuti di navigazione con motoscafo veloce si raggiungono le Phi Phi Island<b>.<\/b><\/li>\n\n\n\n<li>09.00 &#8211; Godetevi una nuotata oppure fate snorkeling, si pu\u00f2 sbarcare sulle spiagge, passando dalla riserva naturale di Maya Bay, dove non e possibile sbarcare.<\/li>\n\n\n\n<li>12.00 &#8211; Delizioso Pranzo Thai al Ristorante oppure godetevi un pranzo tipo Pic Nic sulla spiaggia. Pi\u00f9 tempo per le attivit\u00e0 di snorkeling, nuoto oppure visita del Ton Sai Village.<\/li>\n\n\n\n<li>13.30 &#8211; Tour di Monkey Beach e Bamboo Island.<\/li>\n\n\n\n<li>15.00 &#8211; Partenza da Phi Phi direzione Phuket.<\/li>\n\n\n\n<li>16.15 &#8211; Arrivo al molo e trasferimento al tuo hotel a Phuket.<\/li>\n<\/ul>\n\n\n\n<p>*Il programma di cui sopra \u00e8 indicativo, potrebbe subire variazioni in base al tempo, condizioni del mare e di sicurezza. Il tour di Phi Phi Island \u00e8 uno dei possibili Itinerari.Il Team Easy Day Thailand organizzer\u00e0 il vostro viaggio perfetto in base alla stagione, numero di persone ed i vostri desideri.<\/p>\n\n\n\n<p>** Maya Bay e divenuta nel 2018 una riserva naturale protetta, ora visibile in tutta la sua bellezza solo dal mare.<\/p>\n\n\n\n<h2 class=\"wp-block-heading\" id=\"form\">Contattaci Adesso &#8211; Escursione Phi Phi Island<\/h2>\n\n\n\n<script charset=\"utf-8\" type=\"text\/javascript\" src=\"\/\/js.hsforms.net\/forms\/embed\/v2.js\"><\/script>\n<script>\n  hbspt.forms.create({\n    region: \"na1\",\n    portalId: \"3413662\",\n    formId: \"8d104c7e-56ee-413f-a880-2368de4d4d6a\"\n  });\n<\/script>\n","protected":false},"excerpt":{"rendered":"<p>Escursione Phi Phi Island \u00e8 il tour che parte dall&#8217;Isola di Phuket organizzato da Easy Day Thailand &#8211; Un tour privato dell&#8217;Isola pi\u00f9 grande e delle isolette circostanti che costituiscono le famose isole Phi Phi. Vai alla scoperta di&nbsp;Phi Phi Island&nbsp;questa offerta \u00e8 pensata per te. Oppure per un opzione meno impegnativa ma che offre [&hellip;]<\/p>\n","protected":false},"author":4,"featured_media":28574,"parent":15957,"menu_order":0,"comment_status":"closed","ping_status":"open","template":"","meta":{"_acf_changed":false,"_et_pb_use_builder":"","_et_pb_old_content":"","_et_gb_content_width":"","footnotes":""},"class_list":["post-15937","page","type-page","status-publish","has-post-thumbnail","hentry"],"acf":[],"yoast_head":"<!-- This site is optimized with the Yoast SEO plugin v25.1 - https:\/\/yoast.com\/wordpress\/plugins\/seo\/ -->\n<title>Escursione Phi Phi Island - Gita Privata da Phuket con Easy Day Thailand<\/title>\n<meta name=\"description\" content=\"Escursione Phi Phi Island da Phuket tour privato del Tour Operator Italiano a Phuket. Easy Day Thailand. Il modo migliore per scoprire Phi Phi Island.\" \/>\n<meta name=\"robots\" content=\"index, follow, max-snippet:-1, max-image-preview:large, max-video-preview:-1\" \/>\n<link rel=\"canonical\" href=\"https:\/\/www.easydayphuket.com\/it\/crociera-isole-di-phuket\/escursione-phi-phi-island\/\" \/>\n<meta property=\"og:locale\" content=\"it_IT\" \/>\n<meta property=\"og:type\" content=\"article\" \/>\n<meta property=\"og:title\" content=\"Escursione Phi Phi Island - Gita Privata da Phuket con Easy Day Thailand\" \/>\n<meta property=\"og:description\" content=\"Escursione Phi Phi Island da Phuket tour privato del Tour Operator Italiano a Phuket. Easy Day Thailand. Il modo migliore per scoprire Phi Phi Island.\" \/>\n<meta property=\"og:url\" content=\"https:\/\/www.easydayphuket.com\/it\/crociera-isole-di-phuket\/escursione-phi-phi-island\/\" \/>\n<meta property=\"og:site_name\" content=\"Easy Day Phuket\" \/>\n<meta property=\"article:publisher\" content=\"https:\/\/www.facebook.com\/Easydayinthailand\/\" \/>\n<meta property=\"article:modified_time\" content=\"2024-05-26T19:17:42+00:00\" \/>\n<meta property=\"og:image\" content=\"https:\/\/www.easydayphuket.com\/wp-content\/uploads\/2018\/08\/Phi-Phi-Island-Tour-Speedboat-at-Maya-Bay.jpg\" \/>\n\t<meta property=\"og:image:width\" content=\"550\" \/>\n\t<meta property=\"og:image:height\" content=\"310\" \/>\n\t<meta property=\"og:image:type\" content=\"image\/jpeg\" \/>\n<meta name=\"twitter:label1\" content=\"Tempo di lettura stimato\" \/>\n\t<meta name=\"twitter:data1\" content=\"4 minuti\" \/>\n<script type=\"application\/ld+json\" class=\"yoast-schema-graph\">{\"@context\":\"https:\/\/schema.org\",\"@graph\":[{\"@type\":\"WebPage\",\"@id\":\"https:\/\/www.easydayphuket.com\/it\/crociera-isole-di-phuket\/escursione-phi-phi-island\/\",\"url\":\"https:\/\/www.easydayphuket.com\/it\/crociera-isole-di-phuket\/escursione-phi-phi-island\/\",\"name\":\"Escursione Phi Phi Island - Gita Privata da Phuket con Easy Day Thailand\",\"isPartOf\":{\"@id\":\"https:\/\/www.easydayphuket.com\/#website\"},\"primaryImageOfPage\":{\"@id\":\"https:\/\/www.easydayphuket.com\/it\/crociera-isole-di-phuket\/escursione-phi-phi-island\/#primaryimage\"},\"image\":{\"@id\":\"https:\/\/www.easydayphuket.com\/it\/crociera-isole-di-phuket\/escursione-phi-phi-island\/#primaryimage\"},\"thumbnailUrl\":\"https:\/\/www.easydayphuket.com\/wp-content\/uploads\/2018\/08\/Phi-Phi-Island-Tour-Speedboat-at-Maya-Bay.jpg\",\"datePublished\":\"2017-01-04T12:33:55+00:00\",\"dateModified\":\"2024-05-26T19:17:42+00:00\",\"description\":\"Escursione Phi Phi Island da Phuket tour privato del Tour Operator Italiano a Phuket. Easy Day Thailand. Il modo migliore per scoprire Phi Phi Island.\",\"breadcrumb\":{\"@id\":\"https:\/\/www.easydayphuket.com\/it\/crociera-isole-di-phuket\/escursione-phi-phi-island\/#breadcrumb\"},\"inLanguage\":\"it-IT\",\"potentialAction\":[{\"@type\":\"ReadAction\",\"target\":[\"https:\/\/www.easydayphuket.com\/it\/crociera-isole-di-phuket\/escursione-phi-phi-island\/\"]}]},{\"@type\":\"ImageObject\",\"inLanguage\":\"it-IT\",\"@id\":\"https:\/\/www.easydayphuket.com\/it\/crociera-isole-di-phuket\/escursione-phi-phi-island\/#primaryimage\",\"url\":\"https:\/\/www.easydayphuket.com\/wp-content\/uploads\/2018\/08\/Phi-Phi-Island-Tour-Speedboat-at-Maya-Bay.jpg\",\"contentUrl\":\"https:\/\/www.easydayphuket.com\/wp-content\/uploads\/2018\/08\/Phi-Phi-Island-Tour-Speedboat-at-Maya-Bay.jpg\",\"width\":550,\"height\":310,\"caption\":\"Private Phuket Tours\"},{\"@type\":\"BreadcrumbList\",\"@id\":\"https:\/\/www.easydayphuket.com\/it\/crociera-isole-di-phuket\/escursione-phi-phi-island\/#breadcrumb\",\"itemListElement\":[{\"@type\":\"ListItem\",\"position\":1,\"name\":\"Home\",\"item\":\"https:\/\/www.easydayphuket.com\/it\/\"},{\"@type\":\"ListItem\",\"position\":2,\"name\":\"Crociera tra le Isole di Phuket\",\"item\":\"https:\/\/www.easydayphuket.com\/it\/crociera-isole-di-phuket\/\"},{\"@type\":\"ListItem\",\"position\":3,\"name\":\"Escursione Phi Phi Island\"}]},{\"@type\":\"WebSite\",\"@id\":\"https:\/\/www.easydayphuket.com\/#website\",\"url\":\"https:\/\/www.easydayphuket.com\/\",\"name\":\"Easy Day Phuket\",\"description\":\"Per le tue vacanze a Phuket\",\"publisher\":{\"@id\":\"https:\/\/www.easydayphuket.com\/#organization\"},\"potentialAction\":[{\"@type\":\"SearchAction\",\"target\":{\"@type\":\"EntryPoint\",\"urlTemplate\":\"https:\/\/www.easydayphuket.com\/?s={search_term_string}\"},\"query-input\":{\"@type\":\"PropertyValueSpecification\",\"valueRequired\":true,\"valueName\":\"search_term_string\"}}],\"inLanguage\":\"it-IT\"},{\"@type\":\"Organization\",\"@id\":\"https:\/\/www.easydayphuket.com\/#organization\",\"name\":\"Easy Day Thailand\",\"url\":\"https:\/\/www.easydayphuket.com\/\",\"logo\":{\"@type\":\"ImageObject\",\"inLanguage\":\"it-IT\",\"@id\":\"https:\/\/www.easydayphuket.com\/#\/schema\/logo\/image\/\",\"url\":\"https:\/\/www.easydayphuket.com\/wp-content\/uploads\/2013\/07\/Sun-Thaiflag_booking12.gif\",\"contentUrl\":\"https:\/\/www.easydayphuket.com\/wp-content\/uploads\/2013\/07\/Sun-Thaiflag_booking12.gif\",\"width\":100,\"height\":94,\"caption\":\"Easy Day Thailand\"},\"image\":{\"@id\":\"https:\/\/www.easydayphuket.com\/#\/schema\/logo\/image\/\"},\"sameAs\":[\"https:\/\/www.facebook.com\/Easydayinthailand\/\",\"https:\/\/www.instagram.com\/easydaythailand\/\"]}]}<\/script>\n<!-- \/ Yoast SEO plugin. -->","yoast_head_json":{"title":"Escursione Phi Phi Island - Gita Privata da Phuket con Easy Day Thailand","description":"Escursione Phi Phi Island da Phuket tour privato del Tour Operator Italiano a Phuket. Easy Day Thailand. Il modo migliore per scoprire Phi Phi Island.","robots":{"index":"index","follow":"follow","max-snippet":"max-snippet:-1","max-image-preview":"max-image-preview:large","max-video-preview":"max-video-preview:-1"},"canonical":"https:\/\/www.easydayphuket.com\/it\/crociera-isole-di-phuket\/escursione-phi-phi-island\/","og_locale":"it_IT","og_type":"article","og_title":"Escursione Phi Phi Island - Gita Privata da Phuket con Easy Day Thailand","og_description":"Escursione Phi Phi Island da Phuket tour privato del Tour Operator Italiano a Phuket. Easy Day Thailand. Il modo migliore per scoprire Phi Phi Island.","og_url":"https:\/\/www.easydayphuket.com\/it\/crociera-isole-di-phuket\/escursione-phi-phi-island\/","og_site_name":"Easy Day Phuket","article_publisher":"https:\/\/www.facebook.com\/Easydayinthailand\/","article_modified_time":"2024-05-26T19:17:42+00:00","og_image":[{"width":550,"height":310,"url":"https:\/\/www.easydayphuket.com\/wp-content\/uploads\/2018\/08\/Phi-Phi-Island-Tour-Speedboat-at-Maya-Bay.jpg","type":"image\/jpeg"}],"twitter_misc":{"Tempo di lettura stimato":"4 minuti"},"schema":{"@context":"https:\/\/schema.org","@graph":[{"@type":"WebPage","@id":"https:\/\/www.easydayphuket.com\/it\/crociera-isole-di-phuket\/escursione-phi-phi-island\/","url":"https:\/\/www.easydayphuket.com\/it\/crociera-isole-di-phuket\/escursione-phi-phi-island\/","name":"Escursione Phi Phi Island - Gita Privata da Phuket con Easy Day Thailand","isPartOf":{"@id":"https:\/\/www.easydayphuket.com\/#website"},"primaryImageOfPage":{"@id":"https:\/\/www.easydayphuket.com\/it\/crociera-isole-di-phuket\/escursione-phi-phi-island\/#primaryimage"},"image":{"@id":"https:\/\/www.easydayphuket.com\/it\/crociera-isole-di-phuket\/escursione-phi-phi-island\/#primaryimage"},"thumbnailUrl":"https:\/\/www.easydayphuket.com\/wp-content\/uploads\/2018\/08\/Phi-Phi-Island-Tour-Speedboat-at-Maya-Bay.jpg","datePublished":"2017-01-04T12:33:55+00:00","dateModified":"2024-05-26T19:17:42+00:00","description":"Escursione Phi Phi Island da Phuket tour privato del Tour Operator Italiano a Phuket. Easy Day Thailand. Il modo migliore per scoprire Phi Phi Island.","breadcrumb":{"@id":"https:\/\/www.easydayphuket.com\/it\/crociera-isole-di-phuket\/escursione-phi-phi-island\/#breadcrumb"},"inLanguage":"it-IT","potentialAction":[{"@type":"ReadAction","target":["https:\/\/www.easydayphuket.com\/it\/crociera-isole-di-phuket\/escursione-phi-phi-island\/"]}]},{"@type":"ImageObject","inLanguage":"it-IT","@id":"https:\/\/www.easydayphuket.com\/it\/crociera-isole-di-phuket\/escursione-phi-phi-island\/#primaryimage","url":"https:\/\/www.easydayphuket.com\/wp-content\/uploads\/2018\/08\/Phi-Phi-Island-Tour-Speedboat-at-Maya-Bay.jpg","contentUrl":"https:\/\/www.easydayphuket.com\/wp-content\/uploads\/2018\/08\/Phi-Phi-Island-Tour-Speedboat-at-Maya-Bay.jpg","width":550,"height":310,"caption":"Private Phuket Tours"},{"@type":"BreadcrumbList","@id":"https:\/\/www.easydayphuket.com\/it\/crociera-isole-di-phuket\/escursione-phi-phi-island\/#breadcrumb","itemListElement":[{"@type":"ListItem","position":1,"name":"Home","item":"https:\/\/www.easydayphuket.com\/it\/"},{"@type":"ListItem","position":2,"name":"Crociera tra le Isole di Phuket","item":"https:\/\/www.easydayphuket.com\/it\/crociera-isole-di-phuket\/"},{"@type":"ListItem","position":3,"name":"Escursione Phi Phi Island"}]},{"@type":"WebSite","@id":"https:\/\/www.easydayphuket.com\/#website","url":"https:\/\/www.easydayphuket.com\/","name":"Easy Day Phuket","description":"Per le tue vacanze a Phuket","publisher":{"@id":"https:\/\/www.easydayphuket.com\/#organization"},"potentialAction":[{"@type":"SearchAction","target":{"@type":"EntryPoint","urlTemplate":"https:\/\/www.easydayphuket.com\/?s={search_term_string}"},"query-input":{"@type":"PropertyValueSpecification","valueRequired":true,"valueName":"search_term_string"}}],"inLanguage":"it-IT"},{"@type":"Organization","@id":"https:\/\/www.easydayphuket.com\/#organization","name":"Easy Day Thailand","url":"https:\/\/www.easydayphuket.com\/","logo":{"@type":"ImageObject","inLanguage":"it-IT","@id":"https:\/\/www.easydayphuket.com\/#\/schema\/logo\/image\/","url":"https:\/\/www.easydayphuket.com\/wp-content\/uploads\/2013\/07\/Sun-Thaiflag_booking12.gif","contentUrl":"https:\/\/www.easydayphuket.com\/wp-content\/uploads\/2013\/07\/Sun-Thaiflag_booking12.gif","width":100,"height":94,"caption":"Easy Day Thailand"},"image":{"@id":"https:\/\/www.easydayphuket.com\/#\/schema\/logo\/image\/"},"sameAs":["https:\/\/www.facebook.com\/Easydayinthailand\/","https:\/\/www.instagram.com\/easydaythailand\/"]}]}},"_links":{"self":[{"href":"https:\/\/www.easydayphuket.com\/it\/wp-json\/wp\/v2\/pages\/15937","targetHints":{"allow":["GET"]}}],"collection":[{"href":"https:\/\/www.easydayphuket.com\/it\/wp-json\/wp\/v2\/pages"}],"about":[{"href":"https:\/\/www.easydayphuket.com\/it\/wp-json\/wp\/v2\/types\/page"}],"author":[{"embeddable":true,"href":"https:\/\/www.easydayphuket.com\/it\/wp-json\/wp\/v2\/users\/4"}],"replies":[{"embeddable":true,"href":"https:\/\/www.easydayphuket.com\/it\/wp-json\/wp\/v2\/comments?post=15937"}],"version-history":[{"count":0,"href":"https:\/\/www.easydayphuket.com\/it\/wp-json\/wp\/v2\/pages\/15937\/revisions"}],"up":[{"embeddable":true,"href":"https:\/\/www.easydayphuket.com\/it\/wp-json\/wp\/v2\/pages\/15957"}],"wp:featuredmedia":[{"embeddable":true,"href":"https:\/\/www.easydayphuket.com\/it\/wp-json\/wp\/v2\/media\/28574"}],"wp:attachment":[{"href":"https:\/\/www.easydayphuket.com\/it\/wp-json\/wp\/v2\/media?parent=15937"}],"curies":[{"name":"wp","href":"https:\/\/api.w.org\/{rel}","templated":true}]}}