{"id":14561,"date":"2016-07-10T12:30:11","date_gmt":"2016-07-10T05:30:11","guid":{"rendered":"https:\/\/www.easydayphuket.com\/it\/sugar-marina-fashion\/"},"modified":"2024-05-27T02:27:33","modified_gmt":"2024-05-26T19:27:33","slug":"sugar-marina-fashion","status":"publish","type":"page","link":"https:\/\/www.easydayphuket.com\/it\/hotel-phuket\/hotel-kata-beach\/sugar-marina-fashion\/","title":{"rendered":"Sugar Marina Fashion"},"content":{"rendered":"\n<figure class=\"wp-block-image alignright size-full wp-image-3195\"><img loading=\"lazy\" decoding=\"async\" width=\"240\" height=\"180\" src=\"https:\/\/www.easydayphuket.com\/wp-content\/uploads\/2013\/11\/sugar-marina-fashion-e1383662293959.jpg\" alt=\"Sugar Marina Fashion Resort kata Beach, Phuket\" class=\"wp-image-3195\"\/><figcaption class=\"wp-element-caption\">Sugar Marina Fashion<\/figcaption><\/figure>\n\n\n\n<p>Lo <strong>Sugar Marina Fashion<\/strong>&nbsp;<strong>Resort<\/strong>&nbsp;\u00e8 stato pensato per gli ospiti con grande gusto che desiderano vivere la vacanza in stile, comfort e un&#8217;atmosfera conviviale.<\/p>\n\n\n\n<ul class=\"wp-block-list\">\n<li>Design distintivo.<\/li>\n\n\n\n<li>Strutture moderne.<\/li>\n\n\n\n<li>Free Wifi.<\/li>\n\n\n\n<li>Vicino al centro di\u00a0<a title=\"Kata Beach \u2013 The Beaches of Phuket\" href=\"https:\/\/www.easydayphuket.com\/kata-beach-beaches-phuket\/\">Kata Beach<\/a>.<\/li>\n\n\n\n<li>Piscina.<\/li>\n\n\n\n<li>Spa.<\/li>\n<\/ul>\n\n\n<p><strong><span style=\"color: #ff0000;\"> 3 giorni \/ 2 notti<\/span>\u00a0&#8211; Prezzo in\u00a0<\/strong><strong>Thai Baht <\/strong><strong>per persona a partire da\u00a0<\/strong><strong>2,300\u00a0 <a title=\"Easy Day Contact Form\" href=\"#form\">&gt;&gt; Preventivo Gratuito!<\/a><\/strong> <\/p>\n\n\n\n<p><strong>Il Pacchetto Resort &nbsp;Include :&nbsp;<\/strong><strong><br><\/strong><\/p>\n\n\n<ul>\n<li>Trasferimento Privato dall&#8217;<a href=\"https:\/\/www.easydayphuket.com\/phuket-transfers\/phuket-airport-transfer\/\">Aeroporto di Phuket<\/a>.<\/li>\n<li>2 Pernottamenti in Camera Deluxe\u00a0matrimoniale o doppia con letti singoli.<\/li>\n<li>Colazione a buffet.<\/li>\n<li>Assicurazione &amp; Tasse.<\/li>\n<\/ul>\n\n\n\n<p class=\"has-text-align-right\"><a href='#form' class='small-button smallblue'>Check rates!<\/a><\/p>\n\n\n\n<h2 class=\"wp-block-heading\">Sugar Marina Fashion Tipologia delle Camere<\/h2>\n\n\n\n<figure class=\"wp-block-gallery has-nested-images columns-3 is-cropped wp-block-gallery-1 is-layout-flex wp-block-gallery-is-layout-flex\">\n\n\n\n<\/figure>\n\n\n\n<h2 class=\"wp-block-heading\"><strong>I Servizi dello Sugar Marina Fashion<\/strong>&nbsp;Resort<\/h2>\n\n\n<p>[twocol_one]<\/p>\n<ul>\n<li>Free WiFi.<\/li>\n<li>TV con una selezione di titoli in DVD.<\/li>\n<li>Mini-bar.<\/li>\n<li>Bollitore \/ macchina per il caff\u00e8 compreso th\u00e8 e caff\u00e8.<\/li>\n<\/ul>\n<p>[\/twocol_one]<\/p>\n\n\n<p>[twocol_one_last]<\/p>\n<ul>\n<li>Sala Fitness.<\/li>\n<li>Boutique.<\/li>\n<li>Piscina.<\/li>\n<li>Servizio di pulizia giornaliero.<\/li>\n<\/ul>\n<p>[\/twocol_one_last]<\/p>\n\n\n\n<h3 class=\"wp-block-heading\" id=\"form\">Pacchetti vacanza &#8211; con hotel selezionati a Phuket<\/h3>\n\n\n\n<p><strong>Le Migliori Offerte per le tue Vacanze<\/strong> nei Resort di Phuket &#8211; Scegli\u00a0<a href=\"https:\/\/www.easydayphuket.com\/it\/migliori-escursioni-a-phuket\/\">Phuket Tours<\/a>\u00a0con il pacchetto Hotel pi\u00f9 Trasferimento privato dall&#8217;Aeroporto di Phuket al tuo resort. <strong><span style=\"color: #ff0000;\">Chiedi il preventivo gratuito Ora!<\/span><\/strong><\/p>\n\n\n\n<script charset=\"utf-8\" type=\"text\/javascript\" src=\"\/\/js.hsforms.net\/forms\/embed\/v2.js\"><\/script>\n<script>\n  hbspt.forms.create({\n    region: \"na1\",\n    portalId: \"3413662\",\n    formId: \"8d104c7e-56ee-413f-a880-2368de4d4d6a\"\n  });\n<\/script>\n\n\n\n<h2 class=\"wp-block-heading\">Come Arrivare a Destinazione<\/h2>\n\n\n\n<p>Con tutti i Pacchetti Phuket Resort pi\u00f9 trasferimenti da \/ per &nbsp;l&#8217;<a href=\"https:\/\/www.easydayphuket.com\/it\/aeroporto-di-phuket\/\">Aeroporto di Phuket<\/a> i trasferimenti sono inclusi nel prezzo. In caso voi voleste fare a modo vostro saremo lieti di darvi i dettagli esatti.<\/p>\n\n\n\n<p>La posizione dello&nbsp;<strong>Sugar Marina Fashion<\/strong>&nbsp;<strong>Resort<\/strong>&nbsp;lo rende una base perfetta per il vostro soggiorno di vacanza Phuket. l&#8217;hotel \u00e8 situato vicino alla spiaggia di Kata Sulla costa sud-occidentale dell&#8217;isola di Phuket lontano dalla strada. Tutte le fantastiche attivit\u00e0 che Phuket ha da offrire si trovano nelle vicinanze. Il design ed i colori scelti per questo resort lo rendono unico e moderno. Venite a godere dell&#8217;ospitalit\u00e0 dello&nbsp;<strong>Sugar Marina Fashion<\/strong>&nbsp;<strong>Resort<\/strong>. Una fuga perfetta sull&#8217;isola tropicale di Phuket.<\/p>\n\n\n\n<h2 class=\"wp-block-heading\">Sugar Marina Fashion &#8211; Informazioni Utili<\/h2>\n\n\n\n<ul class=\"wp-block-list\">\n<li><strong>Check in:<\/strong>\u00a014.00 hrs<\/li>\n\n\n\n<li><strong>Check out:<\/strong>\u00a012.00 mezzogiorno<\/li>\n\n\n\n<li><strong>Check in Anticipato \/ Check out Posticipato: <\/strong>Soggetto a Disponibilit\u00e0.<strong>\u00a0<\/strong><\/li>\n\n\n\n<li><strong>Bambini:<\/strong> \u2022 Bambini sotto i 4 anni gratis in camera con i genitori senza colazione. (massimo 1 bambino per camera gratis). Culla Gratis. \u00a0Per i bambini dai 4-12 anni viene applicato il 50% della tariffa adulto con un massimo di 2 bambini per camera.<\/li>\n\n\n\n<li><strong>Cena Obbligatoria: <\/strong>No.<\/li>\n\n\n\n<li><strong>Soggiorno minimo:<\/strong>\u00a0No.<\/li>\n<\/ul>\n","protected":false},"excerpt":{"rendered":"<p>Lo Sugar Marina Fashion&nbsp;Resort&nbsp;\u00e8 stato pensato per gli ospiti con grande gusto che desiderano vivere la vacanza in stile, comfort e un&#8217;atmosfera conviviale. Il Pacchetto Resort &nbsp;Include :&nbsp; Sugar Marina Fashion Tipologia delle Camere I Servizi dello Sugar Marina Fashion&nbsp;Resort Pacchetti vacanza &#8211; con hotel selezionati a Phuket Le Migliori Offerte per le tue Vacanze [&hellip;]<\/p>\n","protected":false},"author":4,"featured_media":0,"parent":14590,"menu_order":0,"comment_status":"closed","ping_status":"closed","template":"","meta":{"_acf_changed":false,"_et_pb_use_builder":"","_et_pb_old_content":"","_et_gb_content_width":"","footnotes":""},"class_list":["post-14561","page","type-page","status-publish","hentry"],"acf":[],"yoast_head":"<!-- This site is optimized with the Yoast SEO plugin v25.1 - https:\/\/yoast.com\/wordpress\/plugins\/seo\/ -->\n<title>Sugar Marina Fashion Resort - Easy Day Phuket Tours<\/title>\n<meta name=\"description\" content=\"Sugar Marina Fashion Resort \u00e8 stato pensato per gli ospiti che desiderano vivere la vacanza in stile, comfort e un&#039;atmosfera conviviale. Scopri di pi\u00f9...\" \/>\n<meta name=\"robots\" content=\"index, follow, max-snippet:-1, max-image-preview:large, max-video-preview:-1\" \/>\n<link rel=\"canonical\" href=\"https:\/\/www.easydayphuket.com\/it\/hotel-phuket\/hotel-kata-beach\/sugar-marina-fashion\/\" \/>\n<meta property=\"og:locale\" content=\"it_IT\" \/>\n<meta property=\"og:type\" content=\"article\" \/>\n<meta property=\"og:title\" content=\"Sugar Marina Fashion Resort - Easy Day Phuket Tours\" \/>\n<meta property=\"og:description\" content=\"Sugar Marina Fashion Resort \u00e8 stato pensato per gli ospiti che desiderano vivere la vacanza in stile, comfort e un&#039;atmosfera conviviale. Scopri di pi\u00f9...\" \/>\n<meta property=\"og:url\" content=\"https:\/\/www.easydayphuket.com\/it\/hotel-phuket\/hotel-kata-beach\/sugar-marina-fashion\/\" \/>\n<meta property=\"og:site_name\" content=\"Easy Day Phuket\" \/>\n<meta property=\"article:publisher\" content=\"https:\/\/www.facebook.com\/Easydayinthailand\/\" \/>\n<meta property=\"article:modified_time\" content=\"2024-05-26T19:27:33+00:00\" \/>\n<meta property=\"og:image\" content=\"https:\/\/www.easydayphuket.com\/wp-content\/uploads\/2013\/11\/sugar-marina-fashion-e1383662293959.jpg\" \/>\n<meta name=\"twitter:label1\" content=\"Tempo di lettura stimato\" \/>\n\t<meta name=\"twitter:data1\" content=\"3 minuti\" \/>\n<script type=\"application\/ld+json\" class=\"yoast-schema-graph\">{\"@context\":\"https:\/\/schema.org\",\"@graph\":[{\"@type\":\"WebPage\",\"@id\":\"https:\/\/www.easydayphuket.com\/it\/hotel-phuket\/hotel-kata-beach\/sugar-marina-fashion\/\",\"url\":\"https:\/\/www.easydayphuket.com\/it\/hotel-phuket\/hotel-kata-beach\/sugar-marina-fashion\/\",\"name\":\"Sugar Marina Fashion Resort - Easy Day Phuket Tours\",\"isPartOf\":{\"@id\":\"https:\/\/www.easydayphuket.com\/#website\"},\"primaryImageOfPage\":{\"@id\":\"https:\/\/www.easydayphuket.com\/it\/hotel-phuket\/hotel-kata-beach\/sugar-marina-fashion\/#primaryimage\"},\"image\":{\"@id\":\"https:\/\/www.easydayphuket.com\/it\/hotel-phuket\/hotel-kata-beach\/sugar-marina-fashion\/#primaryimage\"},\"thumbnailUrl\":\"https:\/\/www.easydayphuket.com\/wp-content\/uploads\/2013\/11\/sugar-marina-fashion-e1383662293959.jpg\",\"datePublished\":\"2016-07-10T05:30:11+00:00\",\"dateModified\":\"2024-05-26T19:27:33+00:00\",\"description\":\"Sugar Marina Fashion Resort \u00e8 stato pensato per gli ospiti che desiderano vivere la vacanza in stile, comfort e un'atmosfera conviviale. Scopri di pi\u00f9...\",\"breadcrumb\":{\"@id\":\"https:\/\/www.easydayphuket.com\/it\/hotel-phuket\/hotel-kata-beach\/sugar-marina-fashion\/#breadcrumb\"},\"inLanguage\":\"it-IT\",\"potentialAction\":[{\"@type\":\"ReadAction\",\"target\":[\"https:\/\/www.easydayphuket.com\/it\/hotel-phuket\/hotel-kata-beach\/sugar-marina-fashion\/\"]}]},{\"@type\":\"ImageObject\",\"inLanguage\":\"it-IT\",\"@id\":\"https:\/\/www.easydayphuket.com\/it\/hotel-phuket\/hotel-kata-beach\/sugar-marina-fashion\/#primaryimage\",\"url\":\"https:\/\/www.easydayphuket.com\/wp-content\/uploads\/2013\/11\/sugar-marina-fashion-e1383662293959.jpg\",\"contentUrl\":\"https:\/\/www.easydayphuket.com\/wp-content\/uploads\/2013\/11\/sugar-marina-fashion-e1383662293959.jpg\"},{\"@type\":\"BreadcrumbList\",\"@id\":\"https:\/\/www.easydayphuket.com\/it\/hotel-phuket\/hotel-kata-beach\/sugar-marina-fashion\/#breadcrumb\",\"itemListElement\":[{\"@type\":\"ListItem\",\"position\":1,\"name\":\"Home\",\"item\":\"https:\/\/www.easydayphuket.com\/it\/\"},{\"@type\":\"ListItem\",\"position\":2,\"name\":\"Hotel Phuket\",\"item\":\"https:\/\/www.easydayphuket.com\/it\/hotel-phuket\/\"},{\"@type\":\"ListItem\",\"position\":3,\"name\":\"Hotel Kata Beach\",\"item\":\"https:\/\/www.easydayphuket.com\/it\/hotel-phuket\/hotel-kata-beach\/\"},{\"@type\":\"ListItem\",\"position\":4,\"name\":\"Sugar Marina Fashion\"}]},{\"@type\":\"WebSite\",\"@id\":\"https:\/\/www.easydayphuket.com\/#website\",\"url\":\"https:\/\/www.easydayphuket.com\/\",\"name\":\"Easy Day Phuket\",\"description\":\"Per le tue vacanze a Phuket\",\"publisher\":{\"@id\":\"https:\/\/www.easydayphuket.com\/#organization\"},\"potentialAction\":[{\"@type\":\"SearchAction\",\"target\":{\"@type\":\"EntryPoint\",\"urlTemplate\":\"https:\/\/www.easydayphuket.com\/?s={search_term_string}\"},\"query-input\":{\"@type\":\"PropertyValueSpecification\",\"valueRequired\":true,\"valueName\":\"search_term_string\"}}],\"inLanguage\":\"it-IT\"},{\"@type\":\"Organization\",\"@id\":\"https:\/\/www.easydayphuket.com\/#organization\",\"name\":\"Easy Day Thailand\",\"url\":\"https:\/\/www.easydayphuket.com\/\",\"logo\":{\"@type\":\"ImageObject\",\"inLanguage\":\"it-IT\",\"@id\":\"https:\/\/www.easydayphuket.com\/#\/schema\/logo\/image\/\",\"url\":\"https:\/\/www.easydayphuket.com\/wp-content\/uploads\/2013\/07\/Sun-Thaiflag_booking12.gif\",\"contentUrl\":\"https:\/\/www.easydayphuket.com\/wp-content\/uploads\/2013\/07\/Sun-Thaiflag_booking12.gif\",\"width\":100,\"height\":94,\"caption\":\"Easy Day Thailand\"},\"image\":{\"@id\":\"https:\/\/www.easydayphuket.com\/#\/schema\/logo\/image\/\"},\"sameAs\":[\"https:\/\/www.facebook.com\/Easydayinthailand\/\",\"https:\/\/www.instagram.com\/easydaythailand\/\"]}]}<\/script>\n<!-- \/ Yoast SEO plugin. -->","yoast_head_json":{"title":"Sugar Marina Fashion Resort - Easy Day Phuket Tours","description":"Sugar Marina Fashion Resort \u00e8 stato pensato per gli ospiti che desiderano vivere la vacanza in stile, comfort e un'atmosfera conviviale. Scopri di pi\u00f9...","robots":{"index":"index","follow":"follow","max-snippet":"max-snippet:-1","max-image-preview":"max-image-preview:large","max-video-preview":"max-video-preview:-1"},"canonical":"https:\/\/www.easydayphuket.com\/it\/hotel-phuket\/hotel-kata-beach\/sugar-marina-fashion\/","og_locale":"it_IT","og_type":"article","og_title":"Sugar Marina Fashion Resort - Easy Day Phuket Tours","og_description":"Sugar Marina Fashion Resort \u00e8 stato pensato per gli ospiti che desiderano vivere la vacanza in stile, comfort e un'atmosfera conviviale. Scopri di pi\u00f9...","og_url":"https:\/\/www.easydayphuket.com\/it\/hotel-phuket\/hotel-kata-beach\/sugar-marina-fashion\/","og_site_name":"Easy Day Phuket","article_publisher":"https:\/\/www.facebook.com\/Easydayinthailand\/","article_modified_time":"2024-05-26T19:27:33+00:00","og_image":[{"url":"https:\/\/www.easydayphuket.com\/wp-content\/uploads\/2013\/11\/sugar-marina-fashion-e1383662293959.jpg","type":"","width":"","height":""}],"twitter_misc":{"Tempo di lettura stimato":"3 minuti"},"schema":{"@context":"https:\/\/schema.org","@graph":[{"@type":"WebPage","@id":"https:\/\/www.easydayphuket.com\/it\/hotel-phuket\/hotel-kata-beach\/sugar-marina-fashion\/","url":"https:\/\/www.easydayphuket.com\/it\/hotel-phuket\/hotel-kata-beach\/sugar-marina-fashion\/","name":"Sugar Marina Fashion Resort - Easy Day Phuket Tours","isPartOf":{"@id":"https:\/\/www.easydayphuket.com\/#website"},"primaryImageOfPage":{"@id":"https:\/\/www.easydayphuket.com\/it\/hotel-phuket\/hotel-kata-beach\/sugar-marina-fashion\/#primaryimage"},"image":{"@id":"https:\/\/www.easydayphuket.com\/it\/hotel-phuket\/hotel-kata-beach\/sugar-marina-fashion\/#primaryimage"},"thumbnailUrl":"https:\/\/www.easydayphuket.com\/wp-content\/uploads\/2013\/11\/sugar-marina-fashion-e1383662293959.jpg","datePublished":"2016-07-10T05:30:11+00:00","dateModified":"2024-05-26T19:27:33+00:00","description":"Sugar Marina Fashion Resort \u00e8 stato pensato per gli ospiti che desiderano vivere la vacanza in stile, comfort e un'atmosfera conviviale. Scopri di pi\u00f9...","breadcrumb":{"@id":"https:\/\/www.easydayphuket.com\/it\/hotel-phuket\/hotel-kata-beach\/sugar-marina-fashion\/#breadcrumb"},"inLanguage":"it-IT","potentialAction":[{"@type":"ReadAction","target":["https:\/\/www.easydayphuket.com\/it\/hotel-phuket\/hotel-kata-beach\/sugar-marina-fashion\/"]}]},{"@type":"ImageObject","inLanguage":"it-IT","@id":"https:\/\/www.easydayphuket.com\/it\/hotel-phuket\/hotel-kata-beach\/sugar-marina-fashion\/#primaryimage","url":"https:\/\/www.easydayphuket.com\/wp-content\/uploads\/2013\/11\/sugar-marina-fashion-e1383662293959.jpg","contentUrl":"https:\/\/www.easydayphuket.com\/wp-content\/uploads\/2013\/11\/sugar-marina-fashion-e1383662293959.jpg"},{"@type":"BreadcrumbList","@id":"https:\/\/www.easydayphuket.com\/it\/hotel-phuket\/hotel-kata-beach\/sugar-marina-fashion\/#breadcrumb","itemListElement":[{"@type":"ListItem","position":1,"name":"Home","item":"https:\/\/www.easydayphuket.com\/it\/"},{"@type":"ListItem","position":2,"name":"Hotel Phuket","item":"https:\/\/www.easydayphuket.com\/it\/hotel-phuket\/"},{"@type":"ListItem","position":3,"name":"Hotel Kata Beach","item":"https:\/\/www.easydayphuket.com\/it\/hotel-phuket\/hotel-kata-beach\/"},{"@type":"ListItem","position":4,"name":"Sugar Marina Fashion"}]},{"@type":"WebSite","@id":"https:\/\/www.easydayphuket.com\/#website","url":"https:\/\/www.easydayphuket.com\/","name":"Easy Day Phuket","description":"Per le tue vacanze a Phuket","publisher":{"@id":"https:\/\/www.easydayphuket.com\/#organization"},"potentialAction":[{"@type":"SearchAction","target":{"@type":"EntryPoint","urlTemplate":"https:\/\/www.easydayphuket.com\/?s={search_term_string}"},"query-input":{"@type":"PropertyValueSpecification","valueRequired":true,"valueName":"search_term_string"}}],"inLanguage":"it-IT"},{"@type":"Organization","@id":"https:\/\/www.easydayphuket.com\/#organization","name":"Easy Day Thailand","url":"https:\/\/www.easydayphuket.com\/","logo":{"@type":"ImageObject","inLanguage":"it-IT","@id":"https:\/\/www.easydayphuket.com\/#\/schema\/logo\/image\/","url":"https:\/\/www.easydayphuket.com\/wp-content\/uploads\/2013\/07\/Sun-Thaiflag_booking12.gif","contentUrl":"https:\/\/www.easydayphuket.com\/wp-content\/uploads\/2013\/07\/Sun-Thaiflag_booking12.gif","width":100,"height":94,"caption":"Easy Day Thailand"},"image":{"@id":"https:\/\/www.easydayphuket.com\/#\/schema\/logo\/image\/"},"sameAs":["https:\/\/www.facebook.com\/Easydayinthailand\/","https:\/\/www.instagram.com\/easydaythailand\/"]}]}},"_links":{"self":[{"href":"https:\/\/www.easydayphuket.com\/it\/wp-json\/wp\/v2\/pages\/14561","targetHints":{"allow":["GET"]}}],"collection":[{"href":"https:\/\/www.easydayphuket.com\/it\/wp-json\/wp\/v2\/pages"}],"about":[{"href":"https:\/\/www.easydayphuket.com\/it\/wp-json\/wp\/v2\/types\/page"}],"author":[{"embeddable":true,"href":"https:\/\/www.easydayphuket.com\/it\/wp-json\/wp\/v2\/users\/4"}],"replies":[{"embeddable":true,"href":"https:\/\/www.easydayphuket.com\/it\/wp-json\/wp\/v2\/comments?post=14561"}],"version-history":[{"count":0,"href":"https:\/\/www.easydayphuket.com\/it\/wp-json\/wp\/v2\/pages\/14561\/revisions"}],"up":[{"embeddable":true,"href":"https:\/\/www.easydayphuket.com\/it\/wp-json\/wp\/v2\/pages\/14590"}],"wp:attachment":[{"href":"https:\/\/www.easydayphuket.com\/it\/wp-json\/wp\/v2\/media?parent=14561"}],"curies":[{"name":"wp","href":"https:\/\/api.w.org\/{rel}","templated":true}]}}