{"id":14548,"date":"2016-07-07T17:46:38","date_gmt":"2016-07-07T10:46:38","guid":{"rendered":"https:\/\/www.easydayphuket.com\/it\/patong-beach-hotel\/"},"modified":"2024-05-27T02:32:03","modified_gmt":"2024-05-26T19:32:03","slug":"patong-beach-hotel","status":"publish","type":"page","link":"https:\/\/www.easydayphuket.com\/it\/hotel-phuket\/patong-beach-hotel\/","title":{"rendered":"Patong Beach Hotel"},"content":{"rendered":"\n<p>Patong Beach Hotel Selection &#8211;\u00a0Un Hotel a Patong \u00e8 la scelta giusta se avete programmato le vacanze all&#8217;insegna del divertimento.\u00a0<a title=\"Patong Beach \u2013 The Beaches of Phuket\" href=\"https:\/\/www.easydayphuket.com\/patong-beach\/\">Patong Beach<\/a> \u00e8 famosa per la sua vita notturna. La Bangla Road nel centro di Patong \u00e8 il punto di riferimento di un sacco di discoteche, go go bar e innumerevoli ristoranti, e\u00a0centri commerciali. Si trova di tutto a buon mercato, piccoli ostelli economici, ottimi alberghi di classe media e naturalmente, una lunga lista di resort a 5 stelle.<\/p>\n\n\n\n<figure class=\"wp-block-image alignleft\"><a href=\"https:\/\/www.easydayphuket.com\/it\/hotel-phuket\/patong-beach-hotel\/eden-bungalow-resort\/\"><img loading=\"lazy\" decoding=\"async\" width=\"150\" height=\"150\" src=\"https:\/\/www.easydayphuket.com\/wp-content\/uploads\/2013\/10\/Garden-150x150.jpg\" alt=\"Eden Bungalow Resort - Hotel Selezionati a Patong Beach\" class=\"wp-image-3072\"\/><\/a><figcaption class=\"wp-element-caption\">Eden Bungalow Resort<\/figcaption><\/figure>\n\n\n\n<h2 class=\"wp-block-heading\"><a title=\"Eden Bungalow Resort\" href=\"https:\/\/www.easydayphuket.com\/it\/hotel-phuket\/patong-beach-hotel\/eden-bungalow-resort\/\">Eden Bungalow Resort <\/a><\/h2>\n\n\n\n<p>Eden Bungalow Resort si trova in un bel giardino tropicale a soli 2 minuti a piedi dalla spiaggia di Patong. In pi\u00f9 ha un facile accesso alla Bangla Road famosa per la vita notturna, ristoranti e centri commerciali nel centro di&nbsp;<a title=\"Patong Beach \u2013 The Beaches of Phuket\" href=\"https:\/\/www.easydayphuket.com\/patong-beach\/\">Patong Beach<\/a>.<\/p>\n\n\n\n<p><strong><span style=\"color: #ff0000;\">3 giorni \/ 2 notti<\/span>&nbsp;&#8211; Prezzo in <\/strong><strong>Thai Baht <\/strong><strong>per persona a partire da&nbsp;<\/strong><strong>2,500<\/strong><\/p>\n\n\n\n<p class=\"has-text-align-right\"><strong><a title=\"Eden Bungalow Resort\" href=\"https:\/\/www.easydayphuket.com\/it\/hotel-phuket\/patong-beach-hotel\/eden-bungalow-resort\/\">Leggi ancora&#8230;<\/a><\/strong><\/p>\n\n\n\n<hr class=\"wp-block-separator has-alpha-channel-opacity\"\/>\n\n\n\n<figure class=\"wp-block-image alignleft\"><a href=\"https:\/\/www.easydayphuket.com\/phuket-hotels\/patong-beach-hotel\/x2-vibe-patong\/\"><img loading=\"lazy\" decoding=\"async\" width=\"150\" height=\"150\" src=\"https:\/\/www.easydayphuket.com\/wp-content\/uploads\/2013\/07\/The-Nap-Patong-Daydream-Deluxe-150x150.jpg\" alt=\"Camera Deluxe Nap Hotel\" class=\"wp-image-1109\"\/><\/a><figcaption class=\"wp-element-caption\">Camera Deluxe Nap Hotel<\/figcaption><\/figure>\n\n\n\n<h2 class=\"wp-block-heading\"><a title=\"The Nap Patong Beach Hotel\" href=\"https:\/\/www.easydayphuket.com\/phuket-hotels\/patong-beach-hotel\/x2-vibe-patong\/\">The&nbsp;Nap Patong<\/a><\/h2>\n\n\n\n<p>The&nbsp;Nap Patong \u00e8 un elegante &amp; raffinato hotel resort a pochi passi dalla spiaggia di Patong. Il Nap caratterizzato da un <strong>Design Moderno<\/strong> con un ambiente amichevole. Il Nap Patong si concentra sul servizio al cliente in modo che tutti gli ospiti si sentano come dei veri VIP.<\/p>\n\n\n\n<p><strong><strong><span style=\"color: #ff0000;\">3 giorni \/ 2 notti<\/span><\/strong> &#8211;&nbsp;<strong>Prezzo in <\/strong><strong>Thai Baht <\/strong><strong>per persona a partire da<\/strong><\/strong><strong>&nbsp;<\/strong><strong>4,800<\/strong><\/p>\n\n\n\n<p class=\"has-text-align-right\"><strong><a title=\"The Nap Patong Beach Hotel\" href=\"https:\/\/www.easydayphuket.com\/phuket-hotels\/patong-beach-hotel\/x2-vibe-patong\/\">Leggi ancora&#8230; <\/a><\/strong><\/p>\n\n\n\n<hr class=\"wp-block-separator has-alpha-channel-opacity\"\/>\n\n\n\n<figure class=\"wp-block-image alignleft\"><a href=\"https:\/\/www.easydayphuket.com\/phuket-hotels\/patong-beach-hotel\/\"><img loading=\"lazy\" decoding=\"async\" width=\"150\" height=\"150\" src=\"https:\/\/www.easydayphuket.com\/wp-content\/uploads\/2014\/01\/Deluxe-150x150.jpg\" alt=\"Deluxe Room Allano Hotel\" class=\"wp-image-3629\"\/><\/a><figcaption class=\"wp-element-caption\">Deluxe Room Allano Hotel<\/figcaption><\/figure>\n\n\n\n<h2 class=\"wp-block-heading\"><a title=\"The Allano Phuket Hotel\" href=\"https:\/\/www.easydayphuket.com\/phuket-hotels\/patong-beach-hotel\/\">Allano Phuket<\/a><\/h2>\n\n\n\n<p><span style=\"line-height: 1.5em;\">L&#8217; Allano Phuket&nbsp;\u00e8 la scelta giusta, se siete alla ricerca di un posto dove stare ma senza essere disturbati dal vivace intrattenimento della vita notturna di Patong. Davvero non c&#8217;\u00e8 bisogno di guardare oltre L&#8217; Allano Phuket. Situato nel centro di Patong, gli ospiti hanno&nbsp;molteplici attivit\u00e0 da scegliere che la citt\u00e0 offre.<\/span><\/p>\n\n\n\n<p><strong><strong><span style=\"color: #ff0000;\">3 giorni \/ 2 notti<\/span><\/strong> &#8211;&nbsp;<strong><strong>Prezzo in <\/strong><strong>Thai Baht <\/strong><strong>per persona a partire da<\/strong><\/strong><\/strong><strong>&nbsp;<\/strong><strong>2,100<\/strong><\/p>\n\n\n\n<p class=\"has-text-align-right\"><strong><span style=\"line-height: 1.5em;\"><a title=\"The Allano Phuket Hotel\" href=\"https:\/\/www.easydayphuket.com\/phuket-hotels\/patong-beach-hotel\/\">Leggi ancora&#8230; <\/a><\/span><\/strong><\/p>\n\n\n\n<hr class=\"wp-block-separator has-alpha-channel-opacity\"\/>\n\n\n\n<figure class=\"wp-block-image alignleft\"><a href=\"https:\/\/www.easydayphuket.com\/phuket-hotels\/patong-beach-hotel\/seaview-patong-hotel\/\"><img loading=\"lazy\" decoding=\"async\" width=\"150\" height=\"150\" src=\"https:\/\/www.easydayphuket.com\/wp-content\/uploads\/2013\/07\/View-150x150.jpg\" alt=\"Entrata del Patong Seaview Hotel\" class=\"wp-image-2500\"\/><\/a><figcaption class=\"wp-element-caption\">Entrata del Patong Seaview Hotel<\/figcaption><\/figure>\n\n\n\n<h2 class=\"wp-block-heading\"><a title=\"Seaview Patong Hotel\" href=\"https:\/\/www.easydayphuket.com\/phuket-hotels\/patong-beach-hotel\/seaview-patong-hotel\/\">Patong Seaview Hotel<\/a><\/h2>\n\n\n\n<p>Le camere del Patong Seaview Hotel si affacciano tutte sul Mare delle Andamane, che garantisce ottima vista mare e splendidi tramonti. Situato all&#8217;estremit\u00e0 meridionale della spiaggia di Patong, a pochi minuti a piedi dal centro.<\/p>\n\n\n\n<p><strong><strong><span style=\"color: #ff0000;\">3 giorni \/ 2 notti<\/span><\/strong> &#8211;<strong><strong>Prezzo in <\/strong><strong>Thai Baht <\/strong><strong>per persona a partire da<\/strong><\/strong><\/strong><strong>&nbsp;<\/strong><strong>3,750<br><\/strong><\/p>\n\n\n\n<p class=\"has-text-align-right\"><strong><a title=\"Seaview Patong Hotel\" href=\"https:\/\/www.easydayphuket.com\/phuket-hotels\/patong-beach-hotel\/seaview-patong-hotel\/\">Leggi ancora&#8230; <\/a><\/strong><\/p>\n\n\n\n<hr class=\"wp-block-separator has-alpha-channel-opacity\"\/>\n\n\n\n<figure class=\"wp-block-image alignleft\"><a href=\"https:\/\/www.easydayphuket.com\/it\/hotel-phuket\/patong-beach-hotel\/eastin-easy-patong\/\"><img loading=\"lazy\" decoding=\"async\" width=\"150\" height=\"150\" src=\"https:\/\/www.easydayphuket.com\/wp-content\/uploads\/2013\/09\/Eastin-Easy-Patong-Pool-150x150.jpg\" alt=\"Eastin Easy Patong Piscina\" class=\"wp-image-11864\"\/><\/a><figcaption class=\"wp-element-caption\">Eastin Easy Patong Piscina<\/figcaption><\/figure>\n\n\n\n<h2 class=\"wp-block-heading\"><a href=\"https:\/\/www.easydayphuket.com\/it\/hotel-phuket\/patong-beach-hotel\/eastin-easy-patong\/\">Eastin Easy Patong<\/a><\/h2>\n\n\n\n<p>Eastin Easy Patong \u00e8 situato a Rat-u-Thit 200 Pee Road a Patong Beach. Con una passeggiata sarete praticamente ovunque a Patong, ad esempio, il Centro Commerciale Jungceylon, la spiaggia di Patong e La Bangla Road per la vita notturna.<\/p>\n\n\n\n<p><strong><strong><span style=\"color: #ff0000;\">3 giorni \/ 2 notti<\/span><\/strong> &#8211;<strong><strong>Prezzo in <\/strong><strong>Thai Baht <\/strong><strong>per persona a partire da<\/strong><\/strong><\/strong><strong>&nbsp;<\/strong><strong>2,400<\/strong><\/p>\n\n\n\n<p class=\"has-text-align-right\"><strong><a title=\"Seaview Patong Hotel\" href=\"https:\/\/www.easydayphuket.com\/it\/hotel-phuket\/patong-beach-hotel\/eastin-easy-patong\/\">Leggi ancora&#8230;<\/a><\/strong><\/p>\n\n\n\n<hr class=\"wp-block-separator has-alpha-channel-opacity\"\/>\n\n\n\n<figure class=\"wp-block-image alignleft\"><a href=\"https:\/\/www.easydayphuket.com\/wp-content\/uploads\/2014\/01\/natural-resort-1-e1390568767846.jpg\"><img loading=\"lazy\" decoding=\"async\" width=\"150\" height=\"150\" src=\"https:\/\/www.easydayphuket.com\/wp-content\/uploads\/2014\/01\/natural-resort-1-150x150.jpg\" alt=\"Natural Resort\" class=\"wp-image-4000\"\/><\/a><figcaption class=\"wp-element-caption\">Natural Resort<\/figcaption><\/figure>\n\n\n\n<h2 class=\"wp-block-heading\"><a title=\"The Natural Resort\" href=\"https:\/\/www.easydayphuket.com\/phuket-hotels\/patong-beach-hotel\/the-natural-resort\/\">Il Natural Resort<\/a><\/h2>\n\n\n\n<p>Il Natural Resort vi d\u00e0 camere pi\u00f9 spaziose in un&#8217;atmosfera pi\u00f9 tranquilla di molti altri hotel della zona di Nanai Road. La piscina si trova a pochi passi dalla vostra camera. La sua posizione \u00e8 ideale per arrivare al cuore della vita notturna.<\/p>\n\n\n\n<p><strong><strong><span style=\"color: #ff0000;\">3 giorni \/ 2 notti<\/span><\/strong> &#8211;<strong><strong>Prezzo in <\/strong><strong>Thai Baht <\/strong><strong>per persona a partire da<\/strong><\/strong><\/strong><strong>&nbsp;<\/strong><strong>1,900<\/strong><\/p>\n\n\n\n<p class=\"has-text-align-right\"><strong><a title=\"The Natural Resort\" href=\"https:\/\/www.easydayphuket.com\/phuket-hotels\/patong-beach-hotel\/the-natural-resort\/\">Leggi ancora&#8230;<\/a><\/strong><\/p>\n\n\n\n<hr class=\"wp-block-separator has-alpha-channel-opacity\"\/>\n\n\n\n<h3 class=\"wp-block-heading\" id=\"form\">Pacchetti Phuket Holiday &#8211; compreso il vostro Hotel preferito&nbsp;a&nbsp;Phuket<\/h3>\n\n\n\n<p><strong>Il Meglio delle Offerte Vacanza a Phuket<\/strong> &#8211; Scegli Phuket Tours in pi\u00f9 Trasferimento privato dall&#8217; aeroporto di Phuket al tuo Hotel tutto incluso. <strong>Chiedi\u00a0il tuo preventivo gratuito!<\/strong><\/p>\n\n\n\n<script charset=\"utf-8\" type=\"text\/javascript\" src=\"\/\/js.hsforms.net\/forms\/embed\/v2.js\"><\/script>\n<script>\n  hbspt.forms.create({\n    region: \"na1\",\n    portalId: \"3413662\",\n    formId: \"8d104c7e-56ee-413f-a880-2368de4d4d6a\"\n  });\n<\/script>\n","protected":false},"excerpt":{"rendered":"<p>Patong Beach Hotel Selection &#8211;\u00a0Un Hotel a Patong \u00e8 la scelta giusta se avete programmato le vacanze all&#8217;insegna del divertimento.\u00a0Patong Beach \u00e8 famosa per la sua vita notturna. La Bangla Road nel centro di Patong \u00e8 il punto di riferimento di un sacco di discoteche, go go bar e innumerevoli ristoranti, e\u00a0centri commerciali. Si trova [&hellip;]<\/p>\n","protected":false},"author":4,"featured_media":0,"parent":14550,"menu_order":0,"comment_status":"closed","ping_status":"closed","template":"template-fullwidth.php","meta":{"_acf_changed":false,"_et_pb_use_builder":"","_et_pb_old_content":"","_et_gb_content_width":"","footnotes":""},"class_list":["post-14548","page","type-page","status-publish","hentry"],"acf":[],"yoast_head":"<!-- This site is optimized with the Yoast SEO plugin v25.1 - https:\/\/yoast.com\/wordpress\/plugins\/seo\/ -->\n<title>Selezione Hotel Patong Beach by Easy Day Phuket Tours<\/title>\n<meta name=\"description\" content=\"Selezione Hotel Patong Beach by Easy Day Phuket Tours - Da Semplice Hotel a Resort 5 Stelle. Tutto ci\u00f2 che serve per un soggiorno rilassante a Patong Beach.\" \/>\n<meta name=\"robots\" content=\"index, follow, max-snippet:-1, max-image-preview:large, max-video-preview:-1\" \/>\n<link rel=\"canonical\" href=\"https:\/\/www.easydayphuket.com\/it\/hotel-phuket\/patong-beach-hotel\/\" \/>\n<meta property=\"og:locale\" content=\"it_IT\" \/>\n<meta property=\"og:type\" content=\"article\" \/>\n<meta property=\"og:title\" content=\"Selezione Hotel Patong Beach by Easy Day Phuket Tours\" \/>\n<meta property=\"og:description\" content=\"Selezione Hotel Patong Beach by Easy Day Phuket Tours - Da Semplice Hotel a Resort 5 Stelle. Tutto ci\u00f2 che serve per un soggiorno rilassante a Patong Beach.\" \/>\n<meta property=\"og:url\" content=\"https:\/\/www.easydayphuket.com\/it\/hotel-phuket\/patong-beach-hotel\/\" \/>\n<meta property=\"og:site_name\" content=\"Easy Day Phuket\" \/>\n<meta property=\"article:publisher\" content=\"https:\/\/www.facebook.com\/Easydayinthailand\/\" \/>\n<meta property=\"article:modified_time\" content=\"2024-05-26T19:32:03+00:00\" \/>\n<meta property=\"og:image\" content=\"https:\/\/www.easydayphuket.com\/wp-content\/uploads\/2013\/10\/Garden-150x150.jpg\" \/>\n<meta name=\"twitter:label1\" content=\"Tempo di lettura stimato\" \/>\n\t<meta name=\"twitter:data1\" content=\"4 minuti\" \/>\n<script type=\"application\/ld+json\" class=\"yoast-schema-graph\">{\"@context\":\"https:\/\/schema.org\",\"@graph\":[{\"@type\":\"WebPage\",\"@id\":\"https:\/\/www.easydayphuket.com\/it\/hotel-phuket\/patong-beach-hotel\/\",\"url\":\"https:\/\/www.easydayphuket.com\/it\/hotel-phuket\/patong-beach-hotel\/\",\"name\":\"Selezione Hotel Patong Beach by Easy Day Phuket Tours\",\"isPartOf\":{\"@id\":\"https:\/\/www.easydayphuket.com\/#website\"},\"primaryImageOfPage\":{\"@id\":\"https:\/\/www.easydayphuket.com\/it\/hotel-phuket\/patong-beach-hotel\/#primaryimage\"},\"image\":{\"@id\":\"https:\/\/www.easydayphuket.com\/it\/hotel-phuket\/patong-beach-hotel\/#primaryimage\"},\"thumbnailUrl\":\"https:\/\/www.easydayphuket.com\/wp-content\/uploads\/2013\/10\/Garden-150x150.jpg\",\"datePublished\":\"2016-07-07T10:46:38+00:00\",\"dateModified\":\"2024-05-26T19:32:03+00:00\",\"description\":\"Selezione Hotel Patong Beach by Easy Day Phuket Tours - Da Semplice Hotel a Resort 5 Stelle. Tutto ci\u00f2 che serve per un soggiorno rilassante a Patong Beach.\",\"breadcrumb\":{\"@id\":\"https:\/\/www.easydayphuket.com\/it\/hotel-phuket\/patong-beach-hotel\/#breadcrumb\"},\"inLanguage\":\"it-IT\",\"potentialAction\":[{\"@type\":\"ReadAction\",\"target\":[\"https:\/\/www.easydayphuket.com\/it\/hotel-phuket\/patong-beach-hotel\/\"]}]},{\"@type\":\"ImageObject\",\"inLanguage\":\"it-IT\",\"@id\":\"https:\/\/www.easydayphuket.com\/it\/hotel-phuket\/patong-beach-hotel\/#primaryimage\",\"url\":\"https:\/\/www.easydayphuket.com\/wp-content\/uploads\/2013\/10\/Garden-150x150.jpg\",\"contentUrl\":\"https:\/\/www.easydayphuket.com\/wp-content\/uploads\/2013\/10\/Garden-150x150.jpg\"},{\"@type\":\"BreadcrumbList\",\"@id\":\"https:\/\/www.easydayphuket.com\/it\/hotel-phuket\/patong-beach-hotel\/#breadcrumb\",\"itemListElement\":[{\"@type\":\"ListItem\",\"position\":1,\"name\":\"Home\",\"item\":\"https:\/\/www.easydayphuket.com\/it\/\"},{\"@type\":\"ListItem\",\"position\":2,\"name\":\"Hotel Phuket\",\"item\":\"https:\/\/www.easydayphuket.com\/it\/hotel-phuket\/\"},{\"@type\":\"ListItem\",\"position\":3,\"name\":\"Patong Beach Hotel\"}]},{\"@type\":\"WebSite\",\"@id\":\"https:\/\/www.easydayphuket.com\/#website\",\"url\":\"https:\/\/www.easydayphuket.com\/\",\"name\":\"Easy Day Phuket\",\"description\":\"Per le tue vacanze a Phuket\",\"publisher\":{\"@id\":\"https:\/\/www.easydayphuket.com\/#organization\"},\"potentialAction\":[{\"@type\":\"SearchAction\",\"target\":{\"@type\":\"EntryPoint\",\"urlTemplate\":\"https:\/\/www.easydayphuket.com\/?s={search_term_string}\"},\"query-input\":{\"@type\":\"PropertyValueSpecification\",\"valueRequired\":true,\"valueName\":\"search_term_string\"}}],\"inLanguage\":\"it-IT\"},{\"@type\":\"Organization\",\"@id\":\"https:\/\/www.easydayphuket.com\/#organization\",\"name\":\"Easy Day Thailand\",\"url\":\"https:\/\/www.easydayphuket.com\/\",\"logo\":{\"@type\":\"ImageObject\",\"inLanguage\":\"it-IT\",\"@id\":\"https:\/\/www.easydayphuket.com\/#\/schema\/logo\/image\/\",\"url\":\"https:\/\/www.easydayphuket.com\/wp-content\/uploads\/2013\/07\/Sun-Thaiflag_booking12.gif\",\"contentUrl\":\"https:\/\/www.easydayphuket.com\/wp-content\/uploads\/2013\/07\/Sun-Thaiflag_booking12.gif\",\"width\":100,\"height\":94,\"caption\":\"Easy Day Thailand\"},\"image\":{\"@id\":\"https:\/\/www.easydayphuket.com\/#\/schema\/logo\/image\/\"},\"sameAs\":[\"https:\/\/www.facebook.com\/Easydayinthailand\/\",\"https:\/\/www.instagram.com\/easydaythailand\/\"]}]}<\/script>\n<!-- \/ Yoast SEO plugin. -->","yoast_head_json":{"title":"Selezione Hotel Patong Beach by Easy Day Phuket Tours","description":"Selezione Hotel Patong Beach by Easy Day Phuket Tours - Da Semplice Hotel a Resort 5 Stelle. Tutto ci\u00f2 che serve per un soggiorno rilassante a Patong Beach.","robots":{"index":"index","follow":"follow","max-snippet":"max-snippet:-1","max-image-preview":"max-image-preview:large","max-video-preview":"max-video-preview:-1"},"canonical":"https:\/\/www.easydayphuket.com\/it\/hotel-phuket\/patong-beach-hotel\/","og_locale":"it_IT","og_type":"article","og_title":"Selezione Hotel Patong Beach by Easy Day Phuket Tours","og_description":"Selezione Hotel Patong Beach by Easy Day Phuket Tours - Da Semplice Hotel a Resort 5 Stelle. Tutto ci\u00f2 che serve per un soggiorno rilassante a Patong Beach.","og_url":"https:\/\/www.easydayphuket.com\/it\/hotel-phuket\/patong-beach-hotel\/","og_site_name":"Easy Day Phuket","article_publisher":"https:\/\/www.facebook.com\/Easydayinthailand\/","article_modified_time":"2024-05-26T19:32:03+00:00","og_image":[{"url":"https:\/\/www.easydayphuket.com\/wp-content\/uploads\/2013\/10\/Garden-150x150.jpg","type":"","width":"","height":""}],"twitter_misc":{"Tempo di lettura stimato":"4 minuti"},"schema":{"@context":"https:\/\/schema.org","@graph":[{"@type":"WebPage","@id":"https:\/\/www.easydayphuket.com\/it\/hotel-phuket\/patong-beach-hotel\/","url":"https:\/\/www.easydayphuket.com\/it\/hotel-phuket\/patong-beach-hotel\/","name":"Selezione Hotel Patong Beach by Easy Day Phuket Tours","isPartOf":{"@id":"https:\/\/www.easydayphuket.com\/#website"},"primaryImageOfPage":{"@id":"https:\/\/www.easydayphuket.com\/it\/hotel-phuket\/patong-beach-hotel\/#primaryimage"},"image":{"@id":"https:\/\/www.easydayphuket.com\/it\/hotel-phuket\/patong-beach-hotel\/#primaryimage"},"thumbnailUrl":"https:\/\/www.easydayphuket.com\/wp-content\/uploads\/2013\/10\/Garden-150x150.jpg","datePublished":"2016-07-07T10:46:38+00:00","dateModified":"2024-05-26T19:32:03+00:00","description":"Selezione Hotel Patong Beach by Easy Day Phuket Tours - Da Semplice Hotel a Resort 5 Stelle. Tutto ci\u00f2 che serve per un soggiorno rilassante a Patong Beach.","breadcrumb":{"@id":"https:\/\/www.easydayphuket.com\/it\/hotel-phuket\/patong-beach-hotel\/#breadcrumb"},"inLanguage":"it-IT","potentialAction":[{"@type":"ReadAction","target":["https:\/\/www.easydayphuket.com\/it\/hotel-phuket\/patong-beach-hotel\/"]}]},{"@type":"ImageObject","inLanguage":"it-IT","@id":"https:\/\/www.easydayphuket.com\/it\/hotel-phuket\/patong-beach-hotel\/#primaryimage","url":"https:\/\/www.easydayphuket.com\/wp-content\/uploads\/2013\/10\/Garden-150x150.jpg","contentUrl":"https:\/\/www.easydayphuket.com\/wp-content\/uploads\/2013\/10\/Garden-150x150.jpg"},{"@type":"BreadcrumbList","@id":"https:\/\/www.easydayphuket.com\/it\/hotel-phuket\/patong-beach-hotel\/#breadcrumb","itemListElement":[{"@type":"ListItem","position":1,"name":"Home","item":"https:\/\/www.easydayphuket.com\/it\/"},{"@type":"ListItem","position":2,"name":"Hotel Phuket","item":"https:\/\/www.easydayphuket.com\/it\/hotel-phuket\/"},{"@type":"ListItem","position":3,"name":"Patong Beach Hotel"}]},{"@type":"WebSite","@id":"https:\/\/www.easydayphuket.com\/#website","url":"https:\/\/www.easydayphuket.com\/","name":"Easy Day Phuket","description":"Per le tue vacanze a Phuket","publisher":{"@id":"https:\/\/www.easydayphuket.com\/#organization"},"potentialAction":[{"@type":"SearchAction","target":{"@type":"EntryPoint","urlTemplate":"https:\/\/www.easydayphuket.com\/?s={search_term_string}"},"query-input":{"@type":"PropertyValueSpecification","valueRequired":true,"valueName":"search_term_string"}}],"inLanguage":"it-IT"},{"@type":"Organization","@id":"https:\/\/www.easydayphuket.com\/#organization","name":"Easy Day Thailand","url":"https:\/\/www.easydayphuket.com\/","logo":{"@type":"ImageObject","inLanguage":"it-IT","@id":"https:\/\/www.easydayphuket.com\/#\/schema\/logo\/image\/","url":"https:\/\/www.easydayphuket.com\/wp-content\/uploads\/2013\/07\/Sun-Thaiflag_booking12.gif","contentUrl":"https:\/\/www.easydayphuket.com\/wp-content\/uploads\/2013\/07\/Sun-Thaiflag_booking12.gif","width":100,"height":94,"caption":"Easy Day Thailand"},"image":{"@id":"https:\/\/www.easydayphuket.com\/#\/schema\/logo\/image\/"},"sameAs":["https:\/\/www.facebook.com\/Easydayinthailand\/","https:\/\/www.instagram.com\/easydaythailand\/"]}]}},"_links":{"self":[{"href":"https:\/\/www.easydayphuket.com\/it\/wp-json\/wp\/v2\/pages\/14548","targetHints":{"allow":["GET"]}}],"collection":[{"href":"https:\/\/www.easydayphuket.com\/it\/wp-json\/wp\/v2\/pages"}],"about":[{"href":"https:\/\/www.easydayphuket.com\/it\/wp-json\/wp\/v2\/types\/page"}],"author":[{"embeddable":true,"href":"https:\/\/www.easydayphuket.com\/it\/wp-json\/wp\/v2\/users\/4"}],"replies":[{"embeddable":true,"href":"https:\/\/www.easydayphuket.com\/it\/wp-json\/wp\/v2\/comments?post=14548"}],"version-history":[{"count":0,"href":"https:\/\/www.easydayphuket.com\/it\/wp-json\/wp\/v2\/pages\/14548\/revisions"}],"up":[{"embeddable":true,"href":"https:\/\/www.easydayphuket.com\/it\/wp-json\/wp\/v2\/pages\/14550"}],"wp:attachment":[{"href":"https:\/\/www.easydayphuket.com\/it\/wp-json\/wp\/v2\/media?parent=14548"}],"curies":[{"name":"wp","href":"https:\/\/api.w.org\/{rel}","templated":true}]}}