{"id":14487,"date":"2016-06-30T16:30:13","date_gmt":"2016-06-30T09:30:13","guid":{"rendered":"https:\/\/www.easydayphuket.com\/it\/trasferimento-a-phuket-come-arrivare\/"},"modified":"2024-05-28T03:01:48","modified_gmt":"2024-05-27T20:01:48","slug":"trasferimenti-phuket-come-arrivare","status":"publish","type":"page","link":"https:\/\/www.easydayphuket.com\/it\/trasferimenti-phuket-come-arrivare\/","title":{"rendered":"Trasferimento a Phuket &#8211; Come arrivare &#8230;"},"content":{"rendered":"\n<figure class=\"wp-block-image alignright\"><a href=\"https:\/\/www.easydayphuket.com\/wp-content\/uploads\/2013\/07\/transfers.jpg\"><img loading=\"lazy\" decoding=\"async\" width=\"180\" height=\"114\" src=\"https:\/\/www.easydayphuket.com\/wp-content\/uploads\/2013\/07\/transfers.jpg\" alt=\"Phuket Transfers - We tell you how to get from Phuket to Koha Samui, Phi Phi &amp; Krabi...\" class=\"wp-image-2206\" srcset=\"https:\/\/www.easydayphuket.com\/wp-content\/uploads\/2013\/07\/transfers.jpg 180w, https:\/\/www.easydayphuket.com\/wp-content\/uploads\/2013\/07\/transfers-86x55.jpg 86w\" sizes=\"(max-width: 180px) 100vw, 180px\" \/><\/a><figcaption class=\"wp-element-caption\">Trasferimenti a Phuket<\/figcaption><\/figure>\n\n\n\n<p>Trasferimenti Phuket Easy Day &nbsp;&#8211; Come raggiungere dall&#8217;isola di Phuket&#8230;<\/p>\n\n\n<ul>\n<li><strong><a href=\"https:\/\/www.easydayphuket.com\/it\/trasferimenti-phuket-come-arrivare\/come-arrivare-da-phuket-a-koh-samui\/\">Koh Samui<\/a><\/strong><\/li>\n<li><strong><a href=\"https:\/\/www.easydayphuket.com\/it\/trasferimenti-phuket-come-arrivare\/come-arrivare-da-phuket-a-koh-tao\/\">Koh Tao<\/a><\/strong>,<\/li>\n<li><strong><a href=\"https:\/\/www.easydayphuket.com\/it\/trasferimenti-phuket-come-arrivare\/traghetto-da-phuket-a-phi-phi-island\/\">Phi Phi Island<\/a><\/strong>,<\/li>\n<li><strong><a href=\"https:\/\/www.easydayphuket.com\/it\/trasferimenti-phuket-come-arrivare\/come-arrivare-da-phuket-koh-phangan\/\">Koh Phangan<\/a><\/strong>,<\/li>\n<li>Krabi, Khao Lak, \u00a0e Bangkok.<\/li>\n<\/ul>\n\n\n\n<p>Noi abbiamo le risposte, ed in pi\u00f9 offriamo il nostro servizio Trasferimenti Phuket attivo H24 dall&#8217;Aeroporto di Phuket in qualsiasi struttura alberghiera presente sull&#8217;isola \u00e8 anche negli Hotels siti a Khao Lak e Krabi.<\/p>\n\n\n\n<h2 class=\"wp-block-heading\"><a title=\"Phuket Airport Transfer\" href=\"https:\/\/www.easydayphuket.com\/it\/trasferimenti-phuket-come-arrivare\/trasferimento-aeroporto-di-phuket\/\">Come raggiungere il vostro Hotel dall&#8217;Aeroporto di Phuket?<\/a><\/h2>\n\n\n\n<figure class=\"wp-block-image alignleft\"><a href=\"https:\/\/www.easydayphuket.com\/wp-content\/uploads\/2014\/01\/Phuket-International-Airport-Landing.jpg\"><img loading=\"lazy\" decoding=\"async\" width=\"150\" height=\"150\" src=\"https:\/\/www.easydayphuket.com\/wp-content\/uploads\/2014\/01\/Phuket-International-Airport-Landing-150x150.jpg\" alt=\"Trasferimento Aeroporto di Phuket con Easy Day Thailand\" class=\"wp-image-3571\"\/><\/a><figcaption class=\"wp-element-caption\">Transferimento Aeroporto<\/figcaption><\/figure>\n\n\n\n<p>Non sprecate tempo prezioso una volta arrivati in aeroporto.&nbsp;Vi aspettiamo al vostro arrivo con Trasferimenti Phuket diretti al vostro albergo!<\/p>\n\n\n<ul>\n<li><strong><a title=\"Phuket Airport Transfer\" href=\"https:\/\/www.easydayphuket.com\/it\/trasferimenti-phuket-come-arrivare\/trasferimento-aeroporto-di-phuket\/\">Trasferimento Privato Aeroporto di Phuket<\/a>\u00a0<\/strong><\/li>\n<li><strong>24\/24 ore<\/strong>, 365 giorni all&#8217;anno!<\/li>\n<li>Verso\u00a0<strong>tutti gli hotels a Phuket, Khao Lak &amp; Krabi!<\/strong><\/li>\n<\/ul>\n\n\n\n<p class=\"has-text-align-right\">&nbsp;<a title=\"Phuket Airport Transfer\" href=\"https:\/\/www.easydayphuket.com\/it\/trasferimenti-phuket-come-arrivare\/trasferimento-aeroporto-di-phuket\/\"><strong>Leggi di pi\u00f9&#8230;<\/strong><\/a><\/p>\n\n\n<div class=\"divider\"><\/div>\n\n\n\n<h2 class=\"wp-block-heading\"><a title=\"Ferry from Phuket to Phi Phi Island\" href=\"https:\/\/www.easydayphuket.com\/it\/trasferimenti-phuket-come-arrivare\/traghetto-da-phuket-a-phi-phi-island\/\">Come raggiungere Phi Phi Island da Phuket?<\/a><\/h2>\n\n\n\n<figure class=\"wp-block-image alignleft\"><a href=\"https:\/\/www.easydayphuket.com\/wp-content\/uploads\/2013\/07\/royaljet.jpg\"><img loading=\"lazy\" decoding=\"async\" width=\"150\" height=\"143\" src=\"https:\/\/www.easydayphuket.com\/wp-content\/uploads\/2013\/07\/royaljet-150x143.jpg\" alt=\"Il Traghetto Royal Jet Cruise 9 Trasferimento Phi Phi Island\" class=\"wp-image-1019\"\/><\/a><figcaption class=\"wp-element-caption\">Traghetto per Phi Phi<\/figcaption><\/figure>\n\n\n\n<p>L&#8217;unico modo di raggiungere Phi Phi island \u00e8 via Traghetto. Organizziamo 2 trasferimenti al giorno per l&#8217;isola di Phi Phi da qualsiasi hotel voi siate alloggiati sull&#8217;isola di Phuket.<br><\/p>\n\n\n<ul>\n<li><a href=\"https:\/\/www.easydayphuket.com\/it\/trasferimenti-phuket-come-arrivare\/traghetto-da-phuket-a-phi-phi-island\/\"><strong>Phi Phi island<\/strong>\u00a0<strong>Ferry!<\/strong><\/a><\/li>\n<li><strong>2 trasferimenti al giorno!<\/strong><\/li>\n<li>\n<ul>\n<li><strong>Prelievo da tutti gli Hotels di Phuket<\/strong><\/li>\n<\/ul>\n<\/li>\n<\/ul>\n\n\n\n<p class=\"has-text-align-right\"><a title=\"Ferry from Phuket to Phi Phi Island\" href=\"https:\/\/www.easydayphuket.com\/it\/trasferimenti-phuket-come-arrivare\/traghetto-da-phuket-a-phi-phi-island\/\"><strong>Leggi di pi\u00f9&#8230;<\/strong><\/a><\/p>\n\n\n<div class=\"divider\"><\/div>\n\n\n\n<h2 class=\"wp-block-heading\"><a href=\"https:\/\/www.easydayphuket.com\/it\/trasferimenti-phuket-come-arrivare\/come-arrivare-da-phuket-a-koh-samui\/\">Come raggiungere Koh Samui da Phuket?&nbsp;<\/a><\/h2>\n\n\n\n<figure class=\"wp-block-image alignleft\"><a href=\"https:\/\/www.easydayphuket.com\/wp-content\/uploads\/2015\/07\/Lomprayah-Ferry-1.jpg\"><img loading=\"lazy\" decoding=\"async\" width=\"150\" height=\"150\" src=\"https:\/\/www.easydayphuket.com\/wp-content\/uploads\/2015\/07\/Lomprayah-Ferry-1-150x150.jpg\" alt=\"Traghetto Lomprayah\" class=\"wp-image-10941\"\/><\/a><figcaption class=\"wp-element-caption\">Traghetto Veloce<\/figcaption><\/figure>\n\n\n\n<p>Il modo pi\u00f9 conveniente in termini di tempo \u00e8 quello di volare, ma quello pi\u00f9 comune per raggiungere Koh Samui \u00e8 via Bus &amp; Traghetto<\/p>\n\n\n<ul>\n<li><strong><a href=\"https:\/\/www.easydayphuket.com\/it\/trasferimenti-phuket-come-arrivare\/come-arrivare-da-phuket-a-koh-samui\/\">DA Phuket a Koh Samui<\/a><\/strong><\/li>\n<li><strong>2 trasferimenti al giorno!<\/strong><\/li>\n<li><strong>Prelievo da qualsiasi hotel sito sull&#8217;isola di Phuket.<\/strong><\/li>\n<li><strong>Minibus con aria Climatizzata \/ Bus &amp; Traghetto Veloce.<\/strong><\/li>\n<\/ul>\n\n\n\n<p class=\"has-text-align-right\"><strong><a href=\"https:\/\/www.easydayphuket.com\/it\/trasferimenti-phuket-come-arrivare\/come-arrivare-da-phuket-a-koh-samui\/\">Leggi di pi\u00f9&#8230;<\/a><\/strong><\/p>\n\n\n<div class=\"divider\"><\/div>\n\n\n\n<h2 class=\"wp-block-heading\"><a href=\"https:\/\/www.easydayphuket.com\/it\/trasferimenti-phuket-come-arrivare\/come-arrivare-da-phuket-a-koh-tao\/\">Come raggiungere Koh Tao da Phuket?<\/a><\/h2>\n\n\n\n<figure class=\"wp-block-image alignleft\"><a href=\"https:\/\/www.easydayphuket.com\/wp-content\/uploads\/2015\/07\/Ferry-Pier-Koh-Tao.jpg\"><img loading=\"lazy\" decoding=\"async\" width=\"150\" height=\"150\" src=\"https:\/\/www.easydayphuket.com\/wp-content\/uploads\/2015\/07\/Ferry-Pier-Koh-Tao-150x150.jpg\" alt=\"Traghetto Molo Koh Tao - Come raggiungere Koh Tao da Phuket\" class=\"wp-image-10971\"\/><\/a><figcaption class=\"wp-element-caption\">Traghetto al molo di Koh Tao<\/figcaption><\/figure>\n\n\n\n<p>Organizziamo Trasferimenti a Koh Tao da tutti gli Hotels di Phuket via Bus &amp; Traghetto.In modo veloce &amp; confortevole.<\/p>\n\n\n<ul>\n<li><strong><a href=\"https:\/\/www.easydayphuket.com\/it\/trasferimenti-phuket-come-arrivare\/come-arrivare-da-phuket-a-koh-tao\/\">Da Phuket a Koh Tao<\/a><\/strong><\/li>\n<li><strong>Trasferimenti Giornalieri<\/strong><\/li>\n<li><strong>Prelievo da tutti gli Hotels di Phuket<\/strong><\/li>\n<li>\n<ul>\n<li><strong>Minibus con aria Climatizzata \/ Bus &amp; Traghetto Veloce.<\/strong><\/li>\n<\/ul>\n<\/li>\n<\/ul>\n\n\n\n<p class=\"has-text-align-right\"><strong><a href=\"https:\/\/www.easydayphuket.com\/it\/trasferimenti-phuket-come-arrivare\/come-arrivare-da-phuket-a-koh-tao\/\">Leggi di pi\u00f9&#8230;<\/a><\/strong><\/p>\n\n\n<div class=\"divider\"><\/div>\n\n\n\n<h2 class=\"wp-block-heading\">&nbsp;<a href=\"https:\/\/www.easydayphuket.com\/it\/trasferimenti-phuket-come-arrivare\/come-arrivare-da-phuket-koh-phangan\/\">Come raggiungere Koh Phangan da Phuket?<\/a><\/h2>\n\n\n\n<figure class=\"wp-block-image alignleft\"><a href=\"https:\/\/www.easydayphuket.com\/wp-content\/uploads\/2013\/12\/full-moon.jpg\"><img loading=\"lazy\" decoding=\"async\" width=\"150\" height=\"150\" src=\"https:\/\/www.easydayphuket.com\/wp-content\/uploads\/2013\/12\/full-moon-150x150.jpg\" alt=\"Full Moon Party\" class=\"wp-image-3339\"\/><\/a><figcaption class=\"wp-element-caption\">Full Moon Party<\/figcaption><\/figure>\n\n\n\n<p>Volete partecipare al Full Moon Party ? la festa parte da Phuket con i nostri trasferimenti diretti verso l&#8217;evento pi\u00f9 spettacolare di sempre il Full Moon Party a Koh Phangan. Prenota Ora! i posti disponibili si esauriscono in fretta!<\/p>\n\n\n<ul>\n<li><strong><a href=\"https:\/\/www.easydayphuket.com\/it\/trasferimenti-phuket-come-arrivare\/come-arrivare-da-phuket-koh-phangan\/\">Da Phuket a Koh Phangan<\/a><\/strong><\/li>\n<li>\n<ul>\n<li><strong>2 trasferimenti al giorno!<\/strong><\/li>\n<\/ul>\n<\/li>\n<li><strong>Minibus con aria Climatizzata \/ Bus &amp; Traghetto Veloce.<\/strong><\/li>\n<li>\n<ul>\n<li><strong>Prelievo da tutti gli Hotels di Phuket<\/strong><\/li>\n<\/ul>\n<p><span style=\"line-height: 1.5;\"><\/p>\n\n\n\n<p class=\"has-text-align-right\"><strong><a href=\"https:\/\/www.easydayphuket.com\/it\/trasferimenti-phuket-come-arrivare\/come-arrivare-da-phuket-koh-phangan\/\">Leggi di pi\u00f9&#8230;<\/a><\/strong><\/p>\n\n\n<div class=\"divider\"><\/div>\n\n\n\n<h2 class=\"wp-block-heading\">Come raggiungere Krabi ed Ao Nang da Phuket?<\/h2>\n\n\n<ul>\n<li>Arrivare<strong>\u00a0<\/strong>a<strong> Krabi ed Ao Nang<\/strong>\u00a0in modo facile &amp; confortevole<strong>\u00a0dall&#8217;Aeroporto di Phuket &amp; Tutti gli hotels di Phuket<\/strong>. <strong>&gt;&gt; Leggi di pi\u00f9&#8230;<\/strong><\/li>\n<\/ul>\n\n\n\n<h2 class=\"wp-block-heading\">Come raggiungere Bangkok da Phuket?<\/h2>\n\n\n<ul>\n<li>Volare a Bangkok \u00e8 il metodo pi\u00f9 pratico e veloce. Tuttavia se volete tenere basso il vostro Budget ed avete una vacanza molto lunga, Trasferimenti Phuket consiglia un metodo alternativo che vi far\u00e0 apprezzare molto di pi\u00f9 la Thailandia, prenotare un Minibus VIP con tutti i comfort ammirando gli splendidi paesaggi che offrono questa terra.\u00a0 <strong>&gt;&gt; Leggi di pi\u00f9&#8230;<\/strong><\/li>\n<\/ul>\n\n\n\n<h2 class=\"wp-block-heading\"><a title=\"Phuket Taxi Service\" href=\"https:\/\/www.easydayphuket.com\/phuket-taxi-service\/\">Phuket Taxi Service<\/a><\/h2>\n\n\n<ul>\n<li>Come spostarsi da un punto all&#8217;altro dell&#8217;Isola di \u00a0Phuket? Con\u00a0Easy Day Phuket Taxi Service. \u00a0 <a title=\"Phuket Taxi Service\" href=\"https:\/\/www.easydayphuket.com\/phuket-taxi-service\/\"><strong>&gt;&gt; Leggi di pi\u00f9&#8230;<\/strong><\/a><\/li>\n<\/ul>\n\n\n\n<h3 class=\"wp-block-heading\">&nbsp;<\/h3>\n\n\n\n<h3 class=\"wp-block-heading\">Commenti dei Clienti<\/h3>\n\n\n\n<blockquote class=\"wp-block-quote is-layout-flow wp-block-quote-is-layout-flow\">\n<p>Ciao Francesco,<\/p>\n\n\n\n<p>Mi scuso per il ritardo dell&#8217;e-mail\u2026 un enorme ringraziamento a te e al tuo team\u2026 avete fatto uno sforzo meraviglioso per rendere la nostra luna di miele ancora pi\u00f9 bella\u2026 sono arrivato sano e salvo in Malesia e sono riuscito a prendere il volo quel giorno\u2026 tutto \u00e8 andato liscio e facile\u2026 di sicuro Consiglier\u00f2 il vostro servizio a familiari e amici.. ancora grazie mille.. non vedo l&#8217;ora che arrivino le prossime vacanze e sicuramente vi contatter\u00f2 di nuovo\u2026<\/p>\n\n\n\n<p>Grazie,<br>Sathia<\/p>\n<\/blockquote>\n\n\n\n<h3 class=\"wp-block-heading\">Contattaci Ora &#8211; Trasferimenti Phuket<\/h3>\n\n\n\n<script charset=\"utf-8\" type=\"text\/javascript\" src=\"\/\/js.hsforms.net\/forms\/embed\/v2.js\"><\/script>\n<script>\n  hbspt.forms.create({\n    region: \"na1\",\n    portalId: \"3413662\",\n    formId: \"8d104c7e-56ee-413f-a880-2368de4d4d6a\"\n  });\n<\/script>\n","protected":false},"excerpt":{"rendered":"<p>Trasferimenti Phuket Easy Day &nbsp;&#8211; Come raggiungere dall&#8217;isola di Phuket&#8230; Noi abbiamo le risposte, ed in pi\u00f9 offriamo il nostro servizio Trasferimenti Phuket attivo H24 dall&#8217;Aeroporto di Phuket in qualsiasi struttura alberghiera presente sull&#8217;isola \u00e8 anche negli Hotels siti a Khao Lak e Krabi. Come raggiungere il vostro Hotel dall&#8217;Aeroporto di Phuket? Non sprecate tempo [&hellip;]<\/p>\n","protected":false},"author":4,"featured_media":0,"parent":0,"menu_order":0,"comment_status":"closed","ping_status":"closed","template":"","meta":{"_acf_changed":false,"_et_pb_use_builder":"","_et_pb_old_content":"","_et_gb_content_width":"","footnotes":""},"class_list":["post-14487","page","type-page","status-publish","hentry"],"acf":[],"yoast_head":"<!-- This site is optimized with the Yoast SEO plugin v25.1 - https:\/\/yoast.com\/wordpress\/plugins\/seo\/ -->\n<title>Trasferimenti Phuket - Come arrivare da Phuket<\/title>\n<meta name=\"description\" content=\"Trasferimenti a Phuket - Vi porteremo dall&#039;Aeroporto di Phuket al vostro hotel o qualsiasi altra destinazione,\" \/>\n<meta name=\"robots\" content=\"index, follow, max-snippet:-1, max-image-preview:large, max-video-preview:-1\" \/>\n<link rel=\"canonical\" href=\"https:\/\/www.easydayphuket.com\/it\/trasferimenti-phuket-come-arrivare\/\" \/>\n<meta property=\"og:locale\" content=\"it_IT\" \/>\n<meta property=\"og:type\" content=\"article\" \/>\n<meta property=\"og:title\" content=\"Trasferimenti Phuket - Come arrivare da Phuket\" \/>\n<meta property=\"og:description\" content=\"Trasferimenti a Phuket - Vi porteremo dall&#039;Aeroporto di Phuket al vostro hotel o qualsiasi altra destinazione,\" \/>\n<meta property=\"og:url\" content=\"https:\/\/www.easydayphuket.com\/it\/trasferimenti-phuket-come-arrivare\/\" \/>\n<meta property=\"og:site_name\" content=\"Easy Day Phuket\" \/>\n<meta property=\"article:publisher\" content=\"https:\/\/www.facebook.com\/Easydayinthailand\/\" \/>\n<meta property=\"article:modified_time\" content=\"2024-05-27T20:01:48+00:00\" \/>\n<meta property=\"og:image\" content=\"https:\/\/www.easydayphuket.com\/wp-content\/uploads\/2013\/07\/transfers.jpg\" \/>\n<meta name=\"twitter:label1\" content=\"Tempo di lettura stimato\" \/>\n\t<meta name=\"twitter:data1\" content=\"4 minuti\" \/>\n<script type=\"application\/ld+json\" class=\"yoast-schema-graph\">{\"@context\":\"https:\/\/schema.org\",\"@graph\":[{\"@type\":\"WebPage\",\"@id\":\"https:\/\/www.easydayphuket.com\/it\/trasferimenti-phuket-come-arrivare\/\",\"url\":\"https:\/\/www.easydayphuket.com\/it\/trasferimenti-phuket-come-arrivare\/\",\"name\":\"Trasferimenti Phuket - Come arrivare da Phuket\",\"isPartOf\":{\"@id\":\"https:\/\/www.easydayphuket.com\/#website\"},\"primaryImageOfPage\":{\"@id\":\"https:\/\/www.easydayphuket.com\/it\/trasferimenti-phuket-come-arrivare\/#primaryimage\"},\"image\":{\"@id\":\"https:\/\/www.easydayphuket.com\/it\/trasferimenti-phuket-come-arrivare\/#primaryimage\"},\"thumbnailUrl\":\"https:\/\/www.easydayphuket.com\/wp-content\/uploads\/2013\/07\/transfers.jpg\",\"datePublished\":\"2016-06-30T09:30:13+00:00\",\"dateModified\":\"2024-05-27T20:01:48+00:00\",\"description\":\"Trasferimenti a Phuket - Vi porteremo dall'Aeroporto di Phuket al vostro hotel o qualsiasi altra destinazione,\",\"breadcrumb\":{\"@id\":\"https:\/\/www.easydayphuket.com\/it\/trasferimenti-phuket-come-arrivare\/#breadcrumb\"},\"inLanguage\":\"it-IT\",\"potentialAction\":[{\"@type\":\"ReadAction\",\"target\":[\"https:\/\/www.easydayphuket.com\/it\/trasferimenti-phuket-come-arrivare\/\"]}]},{\"@type\":\"ImageObject\",\"inLanguage\":\"it-IT\",\"@id\":\"https:\/\/www.easydayphuket.com\/it\/trasferimenti-phuket-come-arrivare\/#primaryimage\",\"url\":\"https:\/\/www.easydayphuket.com\/wp-content\/uploads\/2013\/07\/transfers.jpg\",\"contentUrl\":\"https:\/\/www.easydayphuket.com\/wp-content\/uploads\/2013\/07\/transfers.jpg\"},{\"@type\":\"BreadcrumbList\",\"@id\":\"https:\/\/www.easydayphuket.com\/it\/trasferimenti-phuket-come-arrivare\/#breadcrumb\",\"itemListElement\":[{\"@type\":\"ListItem\",\"position\":1,\"name\":\"Home\",\"item\":\"https:\/\/www.easydayphuket.com\/it\/\"},{\"@type\":\"ListItem\",\"position\":2,\"name\":\"Trasferimento a Phuket &#8211; Come arrivare &#8230;\"}]},{\"@type\":\"WebSite\",\"@id\":\"https:\/\/www.easydayphuket.com\/#website\",\"url\":\"https:\/\/www.easydayphuket.com\/\",\"name\":\"Easy Day Phuket\",\"description\":\"Per le tue vacanze a Phuket\",\"publisher\":{\"@id\":\"https:\/\/www.easydayphuket.com\/#organization\"},\"potentialAction\":[{\"@type\":\"SearchAction\",\"target\":{\"@type\":\"EntryPoint\",\"urlTemplate\":\"https:\/\/www.easydayphuket.com\/?s={search_term_string}\"},\"query-input\":{\"@type\":\"PropertyValueSpecification\",\"valueRequired\":true,\"valueName\":\"search_term_string\"}}],\"inLanguage\":\"it-IT\"},{\"@type\":\"Organization\",\"@id\":\"https:\/\/www.easydayphuket.com\/#organization\",\"name\":\"Easy Day Thailand\",\"url\":\"https:\/\/www.easydayphuket.com\/\",\"logo\":{\"@type\":\"ImageObject\",\"inLanguage\":\"it-IT\",\"@id\":\"https:\/\/www.easydayphuket.com\/#\/schema\/logo\/image\/\",\"url\":\"https:\/\/www.easydayphuket.com\/wp-content\/uploads\/2013\/07\/Sun-Thaiflag_booking12.gif\",\"contentUrl\":\"https:\/\/www.easydayphuket.com\/wp-content\/uploads\/2013\/07\/Sun-Thaiflag_booking12.gif\",\"width\":100,\"height\":94,\"caption\":\"Easy Day Thailand\"},\"image\":{\"@id\":\"https:\/\/www.easydayphuket.com\/#\/schema\/logo\/image\/\"},\"sameAs\":[\"https:\/\/www.facebook.com\/Easydayinthailand\/\",\"https:\/\/www.instagram.com\/easydaythailand\/\"]}]}<\/script>\n<!-- \/ Yoast SEO plugin. -->","yoast_head_json":{"title":"Trasferimenti Phuket - Come arrivare da Phuket","description":"Trasferimenti a Phuket - Vi porteremo dall'Aeroporto di Phuket al vostro hotel o qualsiasi altra destinazione,","robots":{"index":"index","follow":"follow","max-snippet":"max-snippet:-1","max-image-preview":"max-image-preview:large","max-video-preview":"max-video-preview:-1"},"canonical":"https:\/\/www.easydayphuket.com\/it\/trasferimenti-phuket-come-arrivare\/","og_locale":"it_IT","og_type":"article","og_title":"Trasferimenti Phuket - Come arrivare da Phuket","og_description":"Trasferimenti a Phuket - Vi porteremo dall'Aeroporto di Phuket al vostro hotel o qualsiasi altra destinazione,","og_url":"https:\/\/www.easydayphuket.com\/it\/trasferimenti-phuket-come-arrivare\/","og_site_name":"Easy Day Phuket","article_publisher":"https:\/\/www.facebook.com\/Easydayinthailand\/","article_modified_time":"2024-05-27T20:01:48+00:00","og_image":[{"url":"https:\/\/www.easydayphuket.com\/wp-content\/uploads\/2013\/07\/transfers.jpg","type":"","width":"","height":""}],"twitter_misc":{"Tempo di lettura stimato":"4 minuti"},"schema":{"@context":"https:\/\/schema.org","@graph":[{"@type":"WebPage","@id":"https:\/\/www.easydayphuket.com\/it\/trasferimenti-phuket-come-arrivare\/","url":"https:\/\/www.easydayphuket.com\/it\/trasferimenti-phuket-come-arrivare\/","name":"Trasferimenti Phuket - Come arrivare da Phuket","isPartOf":{"@id":"https:\/\/www.easydayphuket.com\/#website"},"primaryImageOfPage":{"@id":"https:\/\/www.easydayphuket.com\/it\/trasferimenti-phuket-come-arrivare\/#primaryimage"},"image":{"@id":"https:\/\/www.easydayphuket.com\/it\/trasferimenti-phuket-come-arrivare\/#primaryimage"},"thumbnailUrl":"https:\/\/www.easydayphuket.com\/wp-content\/uploads\/2013\/07\/transfers.jpg","datePublished":"2016-06-30T09:30:13+00:00","dateModified":"2024-05-27T20:01:48+00:00","description":"Trasferimenti a Phuket - Vi porteremo dall'Aeroporto di Phuket al vostro hotel o qualsiasi altra destinazione,","breadcrumb":{"@id":"https:\/\/www.easydayphuket.com\/it\/trasferimenti-phuket-come-arrivare\/#breadcrumb"},"inLanguage":"it-IT","potentialAction":[{"@type":"ReadAction","target":["https:\/\/www.easydayphuket.com\/it\/trasferimenti-phuket-come-arrivare\/"]}]},{"@type":"ImageObject","inLanguage":"it-IT","@id":"https:\/\/www.easydayphuket.com\/it\/trasferimenti-phuket-come-arrivare\/#primaryimage","url":"https:\/\/www.easydayphuket.com\/wp-content\/uploads\/2013\/07\/transfers.jpg","contentUrl":"https:\/\/www.easydayphuket.com\/wp-content\/uploads\/2013\/07\/transfers.jpg"},{"@type":"BreadcrumbList","@id":"https:\/\/www.easydayphuket.com\/it\/trasferimenti-phuket-come-arrivare\/#breadcrumb","itemListElement":[{"@type":"ListItem","position":1,"name":"Home","item":"https:\/\/www.easydayphuket.com\/it\/"},{"@type":"ListItem","position":2,"name":"Trasferimento a Phuket &#8211; Come arrivare &#8230;"}]},{"@type":"WebSite","@id":"https:\/\/www.easydayphuket.com\/#website","url":"https:\/\/www.easydayphuket.com\/","name":"Easy Day Phuket","description":"Per le tue vacanze a Phuket","publisher":{"@id":"https:\/\/www.easydayphuket.com\/#organization"},"potentialAction":[{"@type":"SearchAction","target":{"@type":"EntryPoint","urlTemplate":"https:\/\/www.easydayphuket.com\/?s={search_term_string}"},"query-input":{"@type":"PropertyValueSpecification","valueRequired":true,"valueName":"search_term_string"}}],"inLanguage":"it-IT"},{"@type":"Organization","@id":"https:\/\/www.easydayphuket.com\/#organization","name":"Easy Day Thailand","url":"https:\/\/www.easydayphuket.com\/","logo":{"@type":"ImageObject","inLanguage":"it-IT","@id":"https:\/\/www.easydayphuket.com\/#\/schema\/logo\/image\/","url":"https:\/\/www.easydayphuket.com\/wp-content\/uploads\/2013\/07\/Sun-Thaiflag_booking12.gif","contentUrl":"https:\/\/www.easydayphuket.com\/wp-content\/uploads\/2013\/07\/Sun-Thaiflag_booking12.gif","width":100,"height":94,"caption":"Easy Day Thailand"},"image":{"@id":"https:\/\/www.easydayphuket.com\/#\/schema\/logo\/image\/"},"sameAs":["https:\/\/www.facebook.com\/Easydayinthailand\/","https:\/\/www.instagram.com\/easydaythailand\/"]}]}},"_links":{"self":[{"href":"https:\/\/www.easydayphuket.com\/it\/wp-json\/wp\/v2\/pages\/14487","targetHints":{"allow":["GET"]}}],"collection":[{"href":"https:\/\/www.easydayphuket.com\/it\/wp-json\/wp\/v2\/pages"}],"about":[{"href":"https:\/\/www.easydayphuket.com\/it\/wp-json\/wp\/v2\/types\/page"}],"author":[{"embeddable":true,"href":"https:\/\/www.easydayphuket.com\/it\/wp-json\/wp\/v2\/users\/4"}],"replies":[{"embeddable":true,"href":"https:\/\/www.easydayphuket.com\/it\/wp-json\/wp\/v2\/comments?post=14487"}],"version-history":[{"count":0,"href":"https:\/\/www.easydayphuket.com\/it\/wp-json\/wp\/v2\/pages\/14487\/revisions"}],"wp:attachment":[{"href":"https:\/\/www.easydayphuket.com\/it\/wp-json\/wp\/v2\/media?parent=14487"}],"curies":[{"name":"wp","href":"https:\/\/api.w.org\/{rel}","templated":true}]}}