{"id":12360,"date":"2016-01-28T15:58:56","date_gmt":"2016-01-28T08:58:56","guid":{"rendered":"https:\/\/www.easydayphuket.com\/it\/safari-nella-giungla-di-kapong\/"},"modified":"2024-05-27T01:50:12","modified_gmt":"2024-05-26T18:50:12","slug":"safari-nella-giungla-di-kapong","status":"publish","type":"page","link":"https:\/\/www.easydayphuket.com\/it\/attivita-a-phuket\/safari-nella-giungla-di-kapong\/","title":{"rendered":"Safari nella giungla di Kapong"},"content":{"rendered":"\n<figure class=\"wp-block-image alignright\"><a href=\"https:\/\/www.easydayphuket.com\/wp-content\/uploads\/2014\/03\/Kapong-Adriano-e1394077724730.jpg\"><img loading=\"lazy\" decoding=\"async\" width=\"300\" height=\"200\" src=\"https:\/\/www.easydayphuket.com\/wp-content\/uploads\/2014\/03\/Kapong-Adriano-300x200.jpg\" alt=\"Safari nella giungla a Kapong - Tubing sul fiume a Phuket\" class=\"wp-image-4831\"\/><\/a><figcaption class=\"wp-element-caption\">Tubing sul fiume<\/figcaption><\/figure>\n\n\n\n<p>Il <strong>Safari giungla di Kapong<\/strong><span style=\"font-weight: 600;\">&nbsp;<\/span>garantisce una cosa sola, che vi divertirete un sacco! Questo \u00e8 uno dei tour pi\u00f9 eccitanti che offriamo, assolutamnete da non perdere. Guiderete veicoli Off Road, farete un\u2019escursione sugli elefanti e poi il bagno con loro, ve la spasserete presso una cascata e poi tubing lungo I fiumi.<br>(con &#8220;tubing&#8221;, da &#8220;inner tube&#8221; o &#8220;camera d&#8217;aria&#8221;, ci si riferisce al galleggiare e navigare sulla superficie dell&#8217;acqua per mezzo di una grossa camera d&#8217;aria, detta anche ciambella).<\/p>\n\n\n\n<ul class=\"wp-block-list\">\n<li><strong>Bagno con gli elefanti. <\/strong><\/li>\n\n\n\n<li><strong>Tubing sul fiume.<\/strong><\/li>\n\n\n\n<li><strong>Divertimento per tutto la famiglia.<\/strong><\/li>\n\n\n\n<li><strong>Paesaggi incredibili e fauna locale assolutamente da vedere.<\/strong><strong><br><\/strong><\/li>\n<\/ul>\n\n\n\n<p><strong>Prezzo in Thai Baht per persona: 3,200 | Bambino (4-12 anni) 2,000<\/strong><\/p>\n\n\n\n<p><strong>Il Safari nella giungla a Kapong include :<\/strong><\/p>\n\n\n\n<figure class=\"wp-block-image alignright\"><a href=\"https:\/\/www.easydayphuket.com\/wp-content\/uploads\/2014\/03\/Elephant-Bathing-in-Kapong-5.jpg\"><img loading=\"lazy\" decoding=\"async\" width=\"150\" height=\"150\" src=\"https:\/\/www.easydayphuket.com\/wp-content\/uploads\/2014\/03\/Elephant-Bathing-in-Kapong-5-150x150.jpg\" alt=\"Piccolo elefante che fa il bagno durante il nostro Safari a Kapong\" class=\"wp-image-10381\"\/><\/a><figcaption class=\"wp-element-caption\">Piccolo elefante che fa il bagno a Kapong<\/figcaption><\/figure>\n\n\n\n<ul class=\"wp-block-list\">\n<li>Trasferimenti da e per il vostro Hotel a Phuket**<\/li>\n\n\n\n<li><strong>Bagno con gli elefanti <\/strong>(ma nessuna escursione nella giungla).<\/li>\n\n\n\n<li>Tubing &amp; divertimento alla cascata<\/li>\n\n\n\n<li>Nuotata alla cascata di Kapong<\/li>\n\n\n\n<li>Tour su jeep 4 x 4 in fuori strada<\/li>\n\n\n\n<li>Pranzo Thai<\/li>\n\n\n\n<li>Guida turistica, in lingua inglese.<\/li>\n<\/ul>\n\n\n\n<p class=\"has-text-align-right\"><a href='#form' class='small-button smallgreen'>Prenota \/ Contattaci<\/a><\/p>\n\n\n\n<p><strong>** <\/strong>Per trasferimenti da e per&nbsp;hotels a Cape Panwa, Khao Kad, Koh Sirey e Phuket Town extra THB 400 per persona da aggiungere al prezzo del tour.<\/p>\n\n\n\n<h2 class=\"wp-block-heading\">Safari nella giungla di Kapong &#8211; Video<\/h2>\n\n\n\n<figure class=\"wp-block-embed is-type-video is-provider-youtube wp-block-embed-youtube wp-embed-aspect-16-9 wp-has-aspect-ratio\"><div class=\"wp-block-embed__wrapper\">\n<iframe loading=\"lazy\" title=\"Kapong River Tubing &amp; Jungle Safari Tour - Easy Day Thailand Adventure\" width=\"1080\" height=\"608\" src=\"https:\/\/www.youtube.com\/embed\/dyB4MMy8GYE?feature=oembed\"  allow=\"accelerometer; autoplay; clipboard-write; encrypted-media; gyroscope; picture-in-picture; web-share\" referrerpolicy=\"strict-origin-when-cross-origin\" allowfullscreen><\/iframe>\n<\/div><\/figure>\n\n\n\n<h2 class=\"wp-block-heading\"><strong>Safari a&nbsp;<\/strong><strong>Kapong:&nbsp;<\/strong>Galleria di immagini<\/h2>\n\n\n<p>[wzslider autoplay=&#8221;true&#8221; info=&#8221;true&#8221; lightbox=&#8221;true&#8221;]<\/p>\n\n\n\n<h2 class=\"wp-block-heading\"><strong>Safari a&nbsp;<\/strong><strong>Kapong:&nbsp;<\/strong><strong>Esempio di Itinerario<\/strong><\/h2>\n\n\n\n<ul class=\"wp-block-list\">\n<li>07.00 \u2013 Incontro al vostro hotel a Phuket.<\/li>\n\n\n\n<li>09.00 \u2013 Si arriva a Kapong, nella provincia di Phang Nga, per godersi la natura intorno e le attivita\u2019 a disposizione:<\/li>\n<\/ul>\n\n\n\n<p>&gt; Bagno con gli elefanti all&#8217;etico Phang Nga Elephant Park.<\/p>\n\n\n\n<p>&gt; Tour sulle jeep 4 \u00d7 4 in fuori strada.<\/p>\n\n\n\n<p>&gt; Breve escursione nella foresta di bamb\u00f9.<\/p>\n\n\n\n<p>&gt; Tempo libero e divertimento alla cascata, dove potrete nuotare, tuffarsi dalle rocce e gustare la specialit\u00e0 locale &#8220;bamboo tea &amp; coffee&#8221;.<\/p>\n\n\n\n<p>&gt; Il momento clou della giornata: il River Tubing lungo le rapide del fiume tra la giungla.<\/p>\n\n\n\n<ul class=\"wp-block-list\">\n<li>14:00 \u2013 Pranzo Thai a menu fisso al ristorante sul fiume (zuppa Tom Yam, pesce in agrodolce, verdure, pollo fritto, frutta di stagione e riso).<\/li>\n\n\n\n<li>Ore 15.00 \u2013 Inizia il trasferimento verso Phuket.<\/li>\n\n\n\n<li>17:00-18:00 Arrivo al vostro hotel a Phuket (l\u2019orario preciso d\u2019arrivo dipende dall\u2019indirizzo dell\u2019hotel, il traffico, eccetera..)<\/li>\n<\/ul>\n\n\n\n<h3 class=\"wp-block-heading\">Commenti &amp; Recensioni<\/h3>\n\n\n\n<ul class=\"wp-block-list\">\n<li><a href=\"https:\/\/www.easydayphuket.com\/wp-content\/uploads\/2015\/06\/Feed-Back-Kapoog.pdf\" target=\"_blank\" rel=\"noopener noreferrer\">Denver &amp; Melissa &#8211; 25 Maggio 2015<\/a><\/li>\n\n\n\n<li><a href=\"https:\/\/easydaythailand.blogspot.com\/2013\/02\/a-day-at-kapong-nature-and-great-fun.html\" target=\"_blank\" rel=\"noopener noreferrer\">Francesco &#8211; Easy Day Thailand<\/a><\/li>\n<\/ul>\n\n\n\n<h2 class=\"wp-block-heading\" id=\"form\">Contattateci Ora per il Vostro Safari a Kapong<\/h2>\n\n\n\n<script charset=\"utf-8\" type=\"text\/javascript\" src=\"\/\/js.hsforms.net\/forms\/embed\/v2.js\"><\/script>\n<script>\n  hbspt.forms.create({\n    region: \"na1\",\n    portalId: \"3413662\",\n    formId: \"8d104c7e-56ee-413f-a880-2368de4d4d6a\"\n  });\n<\/script>\n\n\n\n<p><strong>Oggetti che suggeriamo di portare con voi:<\/strong><\/p>\n\n\n\n<ul class=\"wp-block-list\">\n<li>Fotocamera<\/li>\n\n\n\n<li>Crema solare<\/li>\n\n\n\n<li>Cappello<\/li>\n\n\n\n<li>Asciugamano<\/li>\n\n\n\n<li>Costume<\/li>\n\n\n\n<li>Spray antizanzare<\/li>\n<\/ul>\n\n\n\n<p>Il trasferimento per il Safari nella giungla a Kapong sar\u00e0 attorno alle 7:30 e sarete accolti sui minibus dai nostri sorridenti autisti e dalle nostre guide, che si prenderanno cura di voi, delle vostre famiglie e amici, per il resto della giornata. Il viaggio vi porter\u00e0 oltre il <a title=\"Sarasin Bridge\" href=\"https:\/\/www.easydayphuket.com\/sarasin-bridge\/\">Sarasin Bridge<\/a> e fuori dall&#8217;isola di Phuket, verso Khao Lak. Siate sicuri di avere la fotocamera a portata per immortalare gli splendidi scenari che vedrete lungo il tragitto. Lo stesso ponte ha una storia tutta sua.<\/p>\n\n\n\n<p>Il Safari nella giungla di Kapong \u00e8 una giornata speciale ed \u00e8 l&#8217;ideale per tutta la famiglia.<\/p>\n\n\n\n<p>Il Safari nella giungla di Kapong pu\u00f2 subire modifiche a seconda delle condizioni meterologiche. Non \u00e8 raccomandato per donne incinte o persone con disabilit\u00e0, a causa dell&#8217;elevato tasso di attivit\u00e0 coinvolte.<\/p>\n","protected":false},"excerpt":{"rendered":"<p>Il Safari giungla di Kapong&nbsp;garantisce una cosa sola, che vi divertirete un sacco! Questo \u00e8 uno dei tour pi\u00f9 eccitanti che offriamo, assolutamnete da non perdere. Guiderete veicoli Off Road, farete un\u2019escursione sugli elefanti e poi il bagno con loro, ve la spasserete presso una cascata e poi tubing lungo I fiumi.(con &#8220;tubing&#8221;, da &#8220;inner [&hellip;]<\/p>\n","protected":false},"author":4,"featured_media":10432,"parent":12376,"menu_order":0,"comment_status":"closed","ping_status":"open","template":"","meta":{"_acf_changed":false,"_et_pb_use_builder":"","_et_pb_old_content":"","_et_gb_content_width":"","footnotes":""},"class_list":["post-12360","page","type-page","status-publish","has-post-thumbnail","hentry"],"acf":[],"yoast_head":"<!-- This site is optimized with the Yoast SEO plugin v25.1 - https:\/\/yoast.com\/wordpress\/plugins\/seo\/ -->\n<title>Safari Giungla di Kapong - Tubing, Elefanti &amp; Escursione nella Giungla<\/title>\n<meta name=\"description\" content=\"Safari nella giungla di Kapong - Tubing, Giungla, Cascate, Bagno con gli elefanti &amp; Trekking. Tanta azione &amp; atmosfera per un Tour dall&#039;isola di Phuket\" \/>\n<meta name=\"robots\" content=\"index, follow, max-snippet:-1, max-image-preview:large, max-video-preview:-1\" \/>\n<link rel=\"canonical\" href=\"https:\/\/www.easydayphuket.com\/it\/attivita-a-phuket\/safari-nella-giungla-di-kapong\/\" \/>\n<meta property=\"og:locale\" content=\"it_IT\" \/>\n<meta property=\"og:type\" content=\"article\" \/>\n<meta property=\"og:title\" content=\"Safari Giungla di Kapong - Tubing, Elefanti &amp; Escursione nella Giungla\" \/>\n<meta property=\"og:description\" content=\"Safari nella giungla di Kapong - Tubing, Giungla, Cascate, Bagno con gli elefanti &amp; Trekking. Tanta azione &amp; atmosfera per un Tour dall&#039;isola di Phuket\" \/>\n<meta property=\"og:url\" content=\"https:\/\/www.easydayphuket.com\/it\/attivita-a-phuket\/safari-nella-giungla-di-kapong\/\" \/>\n<meta property=\"og:site_name\" content=\"Easy Day Phuket\" \/>\n<meta property=\"article:publisher\" content=\"https:\/\/www.facebook.com\/Easydayinthailand\/\" \/>\n<meta property=\"article:modified_time\" content=\"2024-05-26T18:50:12+00:00\" \/>\n<meta property=\"og:image\" content=\"https:\/\/www.easydayphuket.com\/wp-content\/uploads\/2014\/03\/Kapong-Safari-Tour-Tubing-in-Phang-Nga-Thailand.jpg\" \/>\n\t<meta property=\"og:image:width\" content=\"1024\" \/>\n\t<meta property=\"og:image:height\" content=\"682\" \/>\n\t<meta property=\"og:image:type\" content=\"image\/jpeg\" \/>\n<meta name=\"twitter:label1\" content=\"Tempo di lettura stimato\" \/>\n\t<meta name=\"twitter:data1\" content=\"3 minuti\" \/>\n<script type=\"application\/ld+json\" class=\"yoast-schema-graph\">{\"@context\":\"https:\/\/schema.org\",\"@graph\":[{\"@type\":\"WebPage\",\"@id\":\"https:\/\/www.easydayphuket.com\/it\/attivita-a-phuket\/safari-nella-giungla-di-kapong\/\",\"url\":\"https:\/\/www.easydayphuket.com\/it\/attivita-a-phuket\/safari-nella-giungla-di-kapong\/\",\"name\":\"Safari Giungla di Kapong - Tubing, Elefanti & Escursione nella Giungla\",\"isPartOf\":{\"@id\":\"https:\/\/www.easydayphuket.com\/#website\"},\"primaryImageOfPage\":{\"@id\":\"https:\/\/www.easydayphuket.com\/it\/attivita-a-phuket\/safari-nella-giungla-di-kapong\/#primaryimage\"},\"image\":{\"@id\":\"https:\/\/www.easydayphuket.com\/it\/attivita-a-phuket\/safari-nella-giungla-di-kapong\/#primaryimage\"},\"thumbnailUrl\":\"https:\/\/www.easydayphuket.com\/wp-content\/uploads\/2014\/03\/Kapong-Safari-Tour-Tubing-in-Phang-Nga-Thailand.jpg\",\"datePublished\":\"2016-01-28T08:58:56+00:00\",\"dateModified\":\"2024-05-26T18:50:12+00:00\",\"description\":\"Safari nella giungla di Kapong - Tubing, Giungla, Cascate, Bagno con gli elefanti & Trekking. Tanta azione & atmosfera per un Tour dall'isola di Phuket\",\"breadcrumb\":{\"@id\":\"https:\/\/www.easydayphuket.com\/it\/attivita-a-phuket\/safari-nella-giungla-di-kapong\/#breadcrumb\"},\"inLanguage\":\"it-IT\",\"potentialAction\":[{\"@type\":\"ReadAction\",\"target\":[\"https:\/\/www.easydayphuket.com\/it\/attivita-a-phuket\/safari-nella-giungla-di-kapong\/\"]}]},{\"@type\":\"ImageObject\",\"inLanguage\":\"it-IT\",\"@id\":\"https:\/\/www.easydayphuket.com\/it\/attivita-a-phuket\/safari-nella-giungla-di-kapong\/#primaryimage\",\"url\":\"https:\/\/www.easydayphuket.com\/wp-content\/uploads\/2014\/03\/Kapong-Safari-Tour-Tubing-in-Phang-Nga-Thailand.jpg\",\"contentUrl\":\"https:\/\/www.easydayphuket.com\/wp-content\/uploads\/2014\/03\/Kapong-Safari-Tour-Tubing-in-Phang-Nga-Thailand.jpg\",\"width\":1024,\"height\":682},{\"@type\":\"BreadcrumbList\",\"@id\":\"https:\/\/www.easydayphuket.com\/it\/attivita-a-phuket\/safari-nella-giungla-di-kapong\/#breadcrumb\",\"itemListElement\":[{\"@type\":\"ListItem\",\"position\":1,\"name\":\"Home\",\"item\":\"https:\/\/www.easydayphuket.com\/it\/\"},{\"@type\":\"ListItem\",\"position\":2,\"name\":\"Attivit\u00e0 a Phuket\",\"item\":\"https:\/\/www.easydayphuket.com\/it\/attivita-a-phuket\/\"},{\"@type\":\"ListItem\",\"position\":3,\"name\":\"Safari nella giungla di Kapong\"}]},{\"@type\":\"WebSite\",\"@id\":\"https:\/\/www.easydayphuket.com\/#website\",\"url\":\"https:\/\/www.easydayphuket.com\/\",\"name\":\"Easy Day Phuket\",\"description\":\"Per le tue vacanze a Phuket\",\"publisher\":{\"@id\":\"https:\/\/www.easydayphuket.com\/#organization\"},\"potentialAction\":[{\"@type\":\"SearchAction\",\"target\":{\"@type\":\"EntryPoint\",\"urlTemplate\":\"https:\/\/www.easydayphuket.com\/?s={search_term_string}\"},\"query-input\":{\"@type\":\"PropertyValueSpecification\",\"valueRequired\":true,\"valueName\":\"search_term_string\"}}],\"inLanguage\":\"it-IT\"},{\"@type\":\"Organization\",\"@id\":\"https:\/\/www.easydayphuket.com\/#organization\",\"name\":\"Easy Day Thailand\",\"url\":\"https:\/\/www.easydayphuket.com\/\",\"logo\":{\"@type\":\"ImageObject\",\"inLanguage\":\"it-IT\",\"@id\":\"https:\/\/www.easydayphuket.com\/#\/schema\/logo\/image\/\",\"url\":\"https:\/\/www.easydayphuket.com\/wp-content\/uploads\/2013\/07\/Sun-Thaiflag_booking12.gif\",\"contentUrl\":\"https:\/\/www.easydayphuket.com\/wp-content\/uploads\/2013\/07\/Sun-Thaiflag_booking12.gif\",\"width\":100,\"height\":94,\"caption\":\"Easy Day Thailand\"},\"image\":{\"@id\":\"https:\/\/www.easydayphuket.com\/#\/schema\/logo\/image\/\"},\"sameAs\":[\"https:\/\/www.facebook.com\/Easydayinthailand\/\",\"https:\/\/www.instagram.com\/easydaythailand\/\"]}]}<\/script>\n<!-- \/ Yoast SEO plugin. -->","yoast_head_json":{"title":"Safari Giungla di Kapong - Tubing, Elefanti & Escursione nella Giungla","description":"Safari nella giungla di Kapong - Tubing, Giungla, Cascate, Bagno con gli elefanti & Trekking. Tanta azione & atmosfera per un Tour dall'isola di Phuket","robots":{"index":"index","follow":"follow","max-snippet":"max-snippet:-1","max-image-preview":"max-image-preview:large","max-video-preview":"max-video-preview:-1"},"canonical":"https:\/\/www.easydayphuket.com\/it\/attivita-a-phuket\/safari-nella-giungla-di-kapong\/","og_locale":"it_IT","og_type":"article","og_title":"Safari Giungla di Kapong - Tubing, Elefanti & Escursione nella Giungla","og_description":"Safari nella giungla di Kapong - Tubing, Giungla, Cascate, Bagno con gli elefanti & Trekking. Tanta azione & atmosfera per un Tour dall'isola di Phuket","og_url":"https:\/\/www.easydayphuket.com\/it\/attivita-a-phuket\/safari-nella-giungla-di-kapong\/","og_site_name":"Easy Day Phuket","article_publisher":"https:\/\/www.facebook.com\/Easydayinthailand\/","article_modified_time":"2024-05-26T18:50:12+00:00","og_image":[{"width":1024,"height":682,"url":"https:\/\/www.easydayphuket.com\/wp-content\/uploads\/2014\/03\/Kapong-Safari-Tour-Tubing-in-Phang-Nga-Thailand.jpg","type":"image\/jpeg"}],"twitter_misc":{"Tempo di lettura stimato":"3 minuti"},"schema":{"@context":"https:\/\/schema.org","@graph":[{"@type":"WebPage","@id":"https:\/\/www.easydayphuket.com\/it\/attivita-a-phuket\/safari-nella-giungla-di-kapong\/","url":"https:\/\/www.easydayphuket.com\/it\/attivita-a-phuket\/safari-nella-giungla-di-kapong\/","name":"Safari Giungla di Kapong - Tubing, Elefanti & Escursione nella Giungla","isPartOf":{"@id":"https:\/\/www.easydayphuket.com\/#website"},"primaryImageOfPage":{"@id":"https:\/\/www.easydayphuket.com\/it\/attivita-a-phuket\/safari-nella-giungla-di-kapong\/#primaryimage"},"image":{"@id":"https:\/\/www.easydayphuket.com\/it\/attivita-a-phuket\/safari-nella-giungla-di-kapong\/#primaryimage"},"thumbnailUrl":"https:\/\/www.easydayphuket.com\/wp-content\/uploads\/2014\/03\/Kapong-Safari-Tour-Tubing-in-Phang-Nga-Thailand.jpg","datePublished":"2016-01-28T08:58:56+00:00","dateModified":"2024-05-26T18:50:12+00:00","description":"Safari nella giungla di Kapong - Tubing, Giungla, Cascate, Bagno con gli elefanti & Trekking. Tanta azione & atmosfera per un Tour dall'isola di Phuket","breadcrumb":{"@id":"https:\/\/www.easydayphuket.com\/it\/attivita-a-phuket\/safari-nella-giungla-di-kapong\/#breadcrumb"},"inLanguage":"it-IT","potentialAction":[{"@type":"ReadAction","target":["https:\/\/www.easydayphuket.com\/it\/attivita-a-phuket\/safari-nella-giungla-di-kapong\/"]}]},{"@type":"ImageObject","inLanguage":"it-IT","@id":"https:\/\/www.easydayphuket.com\/it\/attivita-a-phuket\/safari-nella-giungla-di-kapong\/#primaryimage","url":"https:\/\/www.easydayphuket.com\/wp-content\/uploads\/2014\/03\/Kapong-Safari-Tour-Tubing-in-Phang-Nga-Thailand.jpg","contentUrl":"https:\/\/www.easydayphuket.com\/wp-content\/uploads\/2014\/03\/Kapong-Safari-Tour-Tubing-in-Phang-Nga-Thailand.jpg","width":1024,"height":682},{"@type":"BreadcrumbList","@id":"https:\/\/www.easydayphuket.com\/it\/attivita-a-phuket\/safari-nella-giungla-di-kapong\/#breadcrumb","itemListElement":[{"@type":"ListItem","position":1,"name":"Home","item":"https:\/\/www.easydayphuket.com\/it\/"},{"@type":"ListItem","position":2,"name":"Attivit\u00e0 a Phuket","item":"https:\/\/www.easydayphuket.com\/it\/attivita-a-phuket\/"},{"@type":"ListItem","position":3,"name":"Safari nella giungla di Kapong"}]},{"@type":"WebSite","@id":"https:\/\/www.easydayphuket.com\/#website","url":"https:\/\/www.easydayphuket.com\/","name":"Easy Day Phuket","description":"Per le tue vacanze a Phuket","publisher":{"@id":"https:\/\/www.easydayphuket.com\/#organization"},"potentialAction":[{"@type":"SearchAction","target":{"@type":"EntryPoint","urlTemplate":"https:\/\/www.easydayphuket.com\/?s={search_term_string}"},"query-input":{"@type":"PropertyValueSpecification","valueRequired":true,"valueName":"search_term_string"}}],"inLanguage":"it-IT"},{"@type":"Organization","@id":"https:\/\/www.easydayphuket.com\/#organization","name":"Easy Day Thailand","url":"https:\/\/www.easydayphuket.com\/","logo":{"@type":"ImageObject","inLanguage":"it-IT","@id":"https:\/\/www.easydayphuket.com\/#\/schema\/logo\/image\/","url":"https:\/\/www.easydayphuket.com\/wp-content\/uploads\/2013\/07\/Sun-Thaiflag_booking12.gif","contentUrl":"https:\/\/www.easydayphuket.com\/wp-content\/uploads\/2013\/07\/Sun-Thaiflag_booking12.gif","width":100,"height":94,"caption":"Easy Day Thailand"},"image":{"@id":"https:\/\/www.easydayphuket.com\/#\/schema\/logo\/image\/"},"sameAs":["https:\/\/www.facebook.com\/Easydayinthailand\/","https:\/\/www.instagram.com\/easydaythailand\/"]}]}},"_links":{"self":[{"href":"https:\/\/www.easydayphuket.com\/it\/wp-json\/wp\/v2\/pages\/12360","targetHints":{"allow":["GET"]}}],"collection":[{"href":"https:\/\/www.easydayphuket.com\/it\/wp-json\/wp\/v2\/pages"}],"about":[{"href":"https:\/\/www.easydayphuket.com\/it\/wp-json\/wp\/v2\/types\/page"}],"author":[{"embeddable":true,"href":"https:\/\/www.easydayphuket.com\/it\/wp-json\/wp\/v2\/users\/4"}],"replies":[{"embeddable":true,"href":"https:\/\/www.easydayphuket.com\/it\/wp-json\/wp\/v2\/comments?post=12360"}],"version-history":[{"count":0,"href":"https:\/\/www.easydayphuket.com\/it\/wp-json\/wp\/v2\/pages\/12360\/revisions"}],"up":[{"embeddable":true,"href":"https:\/\/www.easydayphuket.com\/it\/wp-json\/wp\/v2\/pages\/12376"}],"wp:featuredmedia":[{"embeddable":true,"href":"https:\/\/www.easydayphuket.com\/it\/wp-json\/wp\/v2\/media\/10432"}],"wp:attachment":[{"href":"https:\/\/www.easydayphuket.com\/it\/wp-json\/wp\/v2\/media?parent=12360"}],"curies":[{"name":"wp","href":"https:\/\/api.w.org\/{rel}","templated":true}]}}