{"id":10848,"date":"2015-06-28T16:18:28","date_gmt":"2015-06-28T09:18:28","guid":{"rendered":"https:\/\/www.easydayphuket.com\/it\/escursioni-phuket\/baia-di-phang-nga\/krabi-in-kayak-giro-turistico-e-kayak-in-phang-nga-krabi\/"},"modified":"2024-05-27T11:05:40","modified_gmt":"2024-05-27T04:05:40","slug":"escursione-in-canoa-a-krabi","status":"publish","type":"page","link":"https:\/\/www.easydayphuket.com\/it\/migliori-escursioni-a-phuket\/baia-di-phang-nga\/escursione-in-canoa-a-krabi\/","title":{"rendered":"Escursione in canoa a Krabi"},"content":{"rendered":"\n<figure class=\"wp-block-image alignright wp-image-2232 size-medium\"><img loading=\"lazy\" decoding=\"async\" width=\"300\" height=\"199\" src=\"https:\/\/www.easydayphuket.com\/wp-content\/uploads\/2013\/09\/Krabi030-300x199.jpg\" alt=\"Escursione in canoa a Krabi\" class=\"wp-image-2232\"\/><figcaption class=\"wp-element-caption\">Escursione in canoa a Krabi<\/figcaption><\/figure>\n\n\n\n<p><strong>Escursione in canoa a krabi<\/strong><\/p>\n\n\n\n<p>Andate fuori dai percorsi tradizionali con questa escursione in canoa nella Baia di Krabi &amp;&nbsp;Phang Nga.<\/p>\n\n\n\n<p>La nostra avventura in canoa e il giro turistico vi porteranno nell&#8217;incontaminato Parco Nazionale di Thambok Koranee nella provincia di Krabi.<br>Vedrete luoghi che non vedrete in nessun altro Tour a Phuket.<\/p>\n\n\n\n<ul class=\"wp-block-list\">\n<li>Fuori dai percorsi tradizionali<\/li>\n\n\n\n<li>Esperienza in un Parco Nazionale incontaminato<\/li>\n\n\n\n<li>Affascinanti canali pieni di mangrovie &amp; grotte calcaree<\/li>\n\n\n\n<li>3 ore di affascinanti avventure con escursione in canoa\u00a0a Krabi<\/li>\n\n\n\n<li>Visita allo spettacolare tempio &#8220;Wat Bang Rieng&#8221;<\/li>\n\n\n\n<li><strong>Disponibile ogni Luned\u00ec, Mercoled\u00ec e Venerd\u00ec<\/strong><\/li>\n<\/ul>\n\n\n<p><strong>Prezzo in Thai Baht per persona: [pnb_krabi_adult] | Child (4-11 anni) [pnb_krabi_child]\u00a0\u00a0<\/strong><a title=\"Easy Day Contact Form\" href=\"#form\">&gt;&gt; Prenota \/ Contattaci<\/a> <\/p>\n\n\n\n<p><strong>L&#8217;Escursione include<\/strong><strong> :<\/strong><\/p>\n\n\n<ul>\n<li>Trasferimento da \/ al vostro hotel ( Phuket Town , <a title=\"Patong Beach \u2013 The Beaches of Phuket\" href=\"https:\/\/www.easydayphuket.com\/patong-beach\/\">Patong Beach<\/a>, <a title=\"Kata Beach \u2013 The Beaches of Phuket\" href=\"https:\/\/www.easydayphuket.com\/kata-beach-beaches-phuket\/\">Kata Beach<\/a> o <a title=\"Karon Beach \u2013 The Beaches of Phuket\" href=\"https:\/\/www.easydayphuket.com\/it\/karon-beach-spiagge-di-phuket\/\">Karon Beach<\/a> )<\/li>\n<li>Un delizioso pranzo Thai (vegetariano disponibile su richiesta)<\/li>\n<li>Rinfresco<\/li>\n<li>Tassa d&#8217;ingresso al Parco Nazionale e al Tempio<\/li>\n<li>Guida esperta in lingua inglese<\/li>\n<li>Equipaggiamento per la canoa e borse stagne<\/li>\n<li>Tasse e assicurazione<\/li>\n<\/ul>\n\n\n\n<p class=\"has-text-align-right\"><a href='#form' class='small-button smallblue'>Prenota \/ Contattaci<\/a><\/p>\n\n\n\n<figure class=\"wp-block-gallery has-nested-images columns-3 is-cropped wp-block-gallery-1 is-layout-flex wp-block-gallery-is-layout-flex\">\n<figure class=\"wp-block-image size-large\"><img loading=\"lazy\" decoding=\"async\" width=\"640\" height=\"426\" data-id=\"6079\" src=\"https:\/\/www.easydayphuket.com\/wp-content\/uploads\/2013\/09\/Krabi159.jpg\" alt=\"Caverne a Krabi\" class=\"wp-image-6079\" srcset=\"https:\/\/www.easydayphuket.com\/wp-content\/uploads\/2013\/09\/Krabi159.jpg 640w, https:\/\/www.easydayphuket.com\/wp-content\/uploads\/2013\/09\/Krabi159-300x199.jpg 300w, https:\/\/www.easydayphuket.com\/wp-content\/uploads\/2013\/09\/Krabi159-82x55.jpg 82w, https:\/\/www.easydayphuket.com\/wp-content\/uploads\/2013\/09\/Krabi159-180x120.jpg 180w\" sizes=\"(max-width: 640px) 100vw, 640px\" \/><\/figure>\n\n\n\n<figure class=\"wp-block-image size-large\"><img loading=\"lazy\" decoding=\"async\" width=\"640\" height=\"426\" data-id=\"6082\" src=\"https:\/\/www.easydayphuket.com\/wp-content\/uploads\/2013\/09\/Krabi266.jpg\" alt=\"Cascate a Krabi\" class=\"wp-image-6082\" srcset=\"https:\/\/www.easydayphuket.com\/wp-content\/uploads\/2013\/09\/Krabi266.jpg 640w, https:\/\/www.easydayphuket.com\/wp-content\/uploads\/2013\/09\/Krabi266-300x199.jpg 300w, https:\/\/www.easydayphuket.com\/wp-content\/uploads\/2013\/09\/Krabi266-82x55.jpg 82w, https:\/\/www.easydayphuket.com\/wp-content\/uploads\/2013\/09\/Krabi266-180x120.jpg 180w\" sizes=\"(max-width: 640px) 100vw, 640px\" \/><\/figure>\n\n\n\n<figure class=\"wp-block-image size-large\"><img loading=\"lazy\" decoding=\"async\" width=\"1024\" height=\"768\" data-id=\"6085\" src=\"https:\/\/www.easydayphuket.com\/wp-content\/uploads\/2013\/09\/temple-1024x768.jpg\" alt=\"Tempio Wat Bang Rieng\" class=\"wp-image-6085\" srcset=\"https:\/\/www.easydayphuket.com\/wp-content\/uploads\/2013\/09\/temple.jpg 1024w, https:\/\/www.easydayphuket.com\/wp-content\/uploads\/2013\/09\/temple-300x225.jpg 300w, https:\/\/www.easydayphuket.com\/wp-content\/uploads\/2013\/09\/temple-73x55.jpg 73w\" sizes=\"(max-width: 1024px) 100vw, 1024px\" \/><\/figure>\n<\/figure>\n\n\n\n<h2 class=\"wp-block-heading\">Escursione in canoa a Krabi &#8211; Itinerario d&#8217;esempio:<\/h2>\n\n\n\n<ul class=\"wp-block-list\">\n<li>07.00 &#8211; Prelievo presso il vostro hotel a Phuket e viaggio a nord verso la provincia di Krabi<\/li>\n\n\n\n<li>09.30 &#8211; Pausa caff\u00e8 presso un ristorante<\/li>\n\n\n\n<li>10.00 &#8211; Approssimativamente 3 ore di divertimento in kayak tra le mangrovie e le lagune, poi le caverne di &#8220;Tham Lod&#8221; e &#8220;Tham Pi Hua To&#8221;. Potrete scegliere se pagaiare da soli o lasciare che gli amichevoli rematori a vostra disposizione lo facciano per voi<\/li>\n\n\n\n<li>13.00 &#8211; Ritorno al punto di partenza per pranzare con un gustoso men\u00f9 Thai presso uno scenografico ristorante sulle zattere<\/li>\n\n\n\n<li>14.00 &#8211; Si prosegue verso le bellissime cascate, a soli 10 minuti dal Parco Nazionale Thambok Koranee. Un&#8217;ora di divertimento e relax alle cascate<\/li>\n\n\n\n<li>15.00 &#8211; Si continua poi con lo spettacolare tempio &#8220;Wat Bang Rieng&#8221; (a.k.a. Tempio del patrocinio) dove potrete scattare delle fantastiche foto e, con un p\u00f2 di fortuna, vedere i giganteschi scoiattoli neri locali<\/li>\n\n\n\n<li>16.30 &#8211; Ritorno a Phuket<\/li>\n\n\n\n<li>18.00 &#8211; Arrivo al vostro hotel in Phuket<\/li>\n<\/ul>\n\n\n\n<p>* Il programma e gli orari dell&#8217;escursione in canoa a Krabi potrebbero subire variazioni dovute all&#8217;agibilit\u00e0 delle zone e alle condizioni meteo<\/p>\n\n\n\n<h2 class=\"wp-block-heading\" id=\"form\">Scrivici per l&#8217;escursione in canoa\u00a0a Krabi<\/h2>\n\n\n\n<script charset=\"utf-8\" type=\"text\/javascript\" src=\"\/\/js.hsforms.net\/forms\/embed\/v2.js\"><\/script>\n<script>\n  hbspt.forms.create({\n    region: \"na1\",\n    portalId: \"3413662\",\n    formId: \"8d104c7e-56ee-413f-a880-2368de4d4d6a\"\n  });\n<\/script>\n","protected":false},"excerpt":{"rendered":"<p>Escursione in canoa a krabi Andate fuori dai percorsi tradizionali con questa escursione in canoa nella Baia di Krabi &amp;&nbsp;Phang Nga. La nostra avventura in canoa e il giro turistico vi porteranno nell&#8217;incontaminato Parco Nazionale di Thambok Koranee nella provincia di Krabi.Vedrete luoghi che non vedrete in nessun altro Tour a Phuket. L&#8217;Escursione include : [&hellip;]<\/p>\n","protected":false},"author":8,"featured_media":0,"parent":5613,"menu_order":0,"comment_status":"closed","ping_status":"open","template":"","meta":{"_acf_changed":false,"_et_pb_use_builder":"","_et_pb_old_content":"","_et_gb_content_width":"","footnotes":""},"class_list":["post-10848","page","type-page","status-publish","hentry"],"acf":[],"yoast_head":"<!-- This site is optimized with the Yoast SEO plugin v25.1 - https:\/\/yoast.com\/wordpress\/plugins\/seo\/ -->\n<title>Escursione in canoa a Krabi - Giro turistico e avventura a Krabi<\/title>\n<meta name=\"description\" content=\"Escursione in canoa a Krabi - Andate fuori dai percorsi tradizionali in kayak nella Baia di Phang Nga &amp; Krabi. Tanto divertimento e in pi\u00f9 cascate &amp; templi.\" \/>\n<meta name=\"robots\" content=\"index, follow, max-snippet:-1, max-image-preview:large, max-video-preview:-1\" \/>\n<link rel=\"canonical\" href=\"https:\/\/www.easydayphuket.com\/it\/migliori-escursioni-a-phuket\/baia-di-phang-nga\/escursione-in-canoa-a-krabi\/\" \/>\n<meta property=\"og:locale\" content=\"it_IT\" \/>\n<meta property=\"og:type\" content=\"article\" \/>\n<meta property=\"og:title\" content=\"Escursione in canoa a Krabi - Giro turistico e avventura a Krabi\" \/>\n<meta property=\"og:description\" content=\"Escursione in canoa a Krabi - Andate fuori dai percorsi tradizionali in kayak nella Baia di Phang Nga &amp; Krabi. Tanto divertimento e in pi\u00f9 cascate &amp; templi.\" \/>\n<meta property=\"og:url\" content=\"https:\/\/www.easydayphuket.com\/it\/migliori-escursioni-a-phuket\/baia-di-phang-nga\/escursione-in-canoa-a-krabi\/\" \/>\n<meta property=\"og:site_name\" content=\"Easy Day Phuket\" \/>\n<meta property=\"article:publisher\" content=\"https:\/\/www.facebook.com\/Easydayinthailand\/\" \/>\n<meta property=\"article:modified_time\" content=\"2024-05-27T04:05:40+00:00\" \/>\n<meta property=\"og:image\" content=\"https:\/\/www.easydayphuket.com\/wp-content\/uploads\/2013\/09\/Krabi030-300x199.jpg\" \/>\n<meta name=\"twitter:label1\" content=\"Tempo di lettura stimato\" \/>\n\t<meta name=\"twitter:data1\" content=\"3 minuti\" \/>\n<script type=\"application\/ld+json\" class=\"yoast-schema-graph\">{\"@context\":\"https:\/\/schema.org\",\"@graph\":[{\"@type\":\"WebPage\",\"@id\":\"https:\/\/www.easydayphuket.com\/it\/migliori-escursioni-a-phuket\/baia-di-phang-nga\/escursione-in-canoa-a-krabi\/\",\"url\":\"https:\/\/www.easydayphuket.com\/it\/migliori-escursioni-a-phuket\/baia-di-phang-nga\/escursione-in-canoa-a-krabi\/\",\"name\":\"Escursione in canoa a Krabi - Giro turistico e avventura a Krabi\",\"isPartOf\":{\"@id\":\"https:\/\/www.easydayphuket.com\/#website\"},\"primaryImageOfPage\":{\"@id\":\"https:\/\/www.easydayphuket.com\/it\/migliori-escursioni-a-phuket\/baia-di-phang-nga\/escursione-in-canoa-a-krabi\/#primaryimage\"},\"image\":{\"@id\":\"https:\/\/www.easydayphuket.com\/it\/migliori-escursioni-a-phuket\/baia-di-phang-nga\/escursione-in-canoa-a-krabi\/#primaryimage\"},\"thumbnailUrl\":\"https:\/\/www.easydayphuket.com\/wp-content\/uploads\/2013\/09\/Krabi030-300x199.jpg\",\"datePublished\":\"2015-06-28T09:18:28+00:00\",\"dateModified\":\"2024-05-27T04:05:40+00:00\",\"description\":\"Escursione in canoa a Krabi - Andate fuori dai percorsi tradizionali in kayak nella Baia di Phang Nga & Krabi. Tanto divertimento e in pi\u00f9 cascate & templi.\",\"breadcrumb\":{\"@id\":\"https:\/\/www.easydayphuket.com\/it\/migliori-escursioni-a-phuket\/baia-di-phang-nga\/escursione-in-canoa-a-krabi\/#breadcrumb\"},\"inLanguage\":\"it-IT\",\"potentialAction\":[{\"@type\":\"ReadAction\",\"target\":[\"https:\/\/www.easydayphuket.com\/it\/migliori-escursioni-a-phuket\/baia-di-phang-nga\/escursione-in-canoa-a-krabi\/\"]}]},{\"@type\":\"ImageObject\",\"inLanguage\":\"it-IT\",\"@id\":\"https:\/\/www.easydayphuket.com\/it\/migliori-escursioni-a-phuket\/baia-di-phang-nga\/escursione-in-canoa-a-krabi\/#primaryimage\",\"url\":\"https:\/\/www.easydayphuket.com\/wp-content\/uploads\/2013\/09\/Krabi030-300x199.jpg\",\"contentUrl\":\"https:\/\/www.easydayphuket.com\/wp-content\/uploads\/2013\/09\/Krabi030-300x199.jpg\"},{\"@type\":\"BreadcrumbList\",\"@id\":\"https:\/\/www.easydayphuket.com\/it\/migliori-escursioni-a-phuket\/baia-di-phang-nga\/escursione-in-canoa-a-krabi\/#breadcrumb\",\"itemListElement\":[{\"@type\":\"ListItem\",\"position\":1,\"name\":\"Home\",\"item\":\"https:\/\/www.easydayphuket.com\/it\/\"},{\"@type\":\"ListItem\",\"position\":2,\"name\":\"Migliori Escursioni a Phuket\",\"item\":\"https:\/\/www.easydayphuket.com\/it\/migliori-escursioni-a-phuket\/\"},{\"@type\":\"ListItem\",\"position\":3,\"name\":\"Baia di Phang Nga\",\"item\":\"https:\/\/www.easydayphuket.com\/it\/migliori-escursioni-a-phuket\/baia-di-phang-nga\/\"},{\"@type\":\"ListItem\",\"position\":4,\"name\":\"Escursione in canoa a Krabi\"}]},{\"@type\":\"WebSite\",\"@id\":\"https:\/\/www.easydayphuket.com\/#website\",\"url\":\"https:\/\/www.easydayphuket.com\/\",\"name\":\"Easy Day Phuket\",\"description\":\"Per le tue vacanze a Phuket\",\"publisher\":{\"@id\":\"https:\/\/www.easydayphuket.com\/#organization\"},\"potentialAction\":[{\"@type\":\"SearchAction\",\"target\":{\"@type\":\"EntryPoint\",\"urlTemplate\":\"https:\/\/www.easydayphuket.com\/?s={search_term_string}\"},\"query-input\":{\"@type\":\"PropertyValueSpecification\",\"valueRequired\":true,\"valueName\":\"search_term_string\"}}],\"inLanguage\":\"it-IT\"},{\"@type\":\"Organization\",\"@id\":\"https:\/\/www.easydayphuket.com\/#organization\",\"name\":\"Easy Day Thailand\",\"url\":\"https:\/\/www.easydayphuket.com\/\",\"logo\":{\"@type\":\"ImageObject\",\"inLanguage\":\"it-IT\",\"@id\":\"https:\/\/www.easydayphuket.com\/#\/schema\/logo\/image\/\",\"url\":\"https:\/\/www.easydayphuket.com\/wp-content\/uploads\/2013\/07\/Sun-Thaiflag_booking12.gif\",\"contentUrl\":\"https:\/\/www.easydayphuket.com\/wp-content\/uploads\/2013\/07\/Sun-Thaiflag_booking12.gif\",\"width\":100,\"height\":94,\"caption\":\"Easy Day Thailand\"},\"image\":{\"@id\":\"https:\/\/www.easydayphuket.com\/#\/schema\/logo\/image\/\"},\"sameAs\":[\"https:\/\/www.facebook.com\/Easydayinthailand\/\",\"https:\/\/www.instagram.com\/easydaythailand\/\"]}]}<\/script>\n<!-- \/ Yoast SEO plugin. -->","yoast_head_json":{"title":"Escursione in canoa a Krabi - Giro turistico e avventura a Krabi","description":"Escursione in canoa a Krabi - Andate fuori dai percorsi tradizionali in kayak nella Baia di Phang Nga & Krabi. Tanto divertimento e in pi\u00f9 cascate & templi.","robots":{"index":"index","follow":"follow","max-snippet":"max-snippet:-1","max-image-preview":"max-image-preview:large","max-video-preview":"max-video-preview:-1"},"canonical":"https:\/\/www.easydayphuket.com\/it\/migliori-escursioni-a-phuket\/baia-di-phang-nga\/escursione-in-canoa-a-krabi\/","og_locale":"it_IT","og_type":"article","og_title":"Escursione in canoa a Krabi - Giro turistico e avventura a Krabi","og_description":"Escursione in canoa a Krabi - Andate fuori dai percorsi tradizionali in kayak nella Baia di Phang Nga & Krabi. Tanto divertimento e in pi\u00f9 cascate & templi.","og_url":"https:\/\/www.easydayphuket.com\/it\/migliori-escursioni-a-phuket\/baia-di-phang-nga\/escursione-in-canoa-a-krabi\/","og_site_name":"Easy Day Phuket","article_publisher":"https:\/\/www.facebook.com\/Easydayinthailand\/","article_modified_time":"2024-05-27T04:05:40+00:00","og_image":[{"url":"https:\/\/www.easydayphuket.com\/wp-content\/uploads\/2013\/09\/Krabi030-300x199.jpg","type":"","width":"","height":""}],"twitter_misc":{"Tempo di lettura stimato":"3 minuti"},"schema":{"@context":"https:\/\/schema.org","@graph":[{"@type":"WebPage","@id":"https:\/\/www.easydayphuket.com\/it\/migliori-escursioni-a-phuket\/baia-di-phang-nga\/escursione-in-canoa-a-krabi\/","url":"https:\/\/www.easydayphuket.com\/it\/migliori-escursioni-a-phuket\/baia-di-phang-nga\/escursione-in-canoa-a-krabi\/","name":"Escursione in canoa a Krabi - Giro turistico e avventura a Krabi","isPartOf":{"@id":"https:\/\/www.easydayphuket.com\/#website"},"primaryImageOfPage":{"@id":"https:\/\/www.easydayphuket.com\/it\/migliori-escursioni-a-phuket\/baia-di-phang-nga\/escursione-in-canoa-a-krabi\/#primaryimage"},"image":{"@id":"https:\/\/www.easydayphuket.com\/it\/migliori-escursioni-a-phuket\/baia-di-phang-nga\/escursione-in-canoa-a-krabi\/#primaryimage"},"thumbnailUrl":"https:\/\/www.easydayphuket.com\/wp-content\/uploads\/2013\/09\/Krabi030-300x199.jpg","datePublished":"2015-06-28T09:18:28+00:00","dateModified":"2024-05-27T04:05:40+00:00","description":"Escursione in canoa a Krabi - Andate fuori dai percorsi tradizionali in kayak nella Baia di Phang Nga & Krabi. Tanto divertimento e in pi\u00f9 cascate & templi.","breadcrumb":{"@id":"https:\/\/www.easydayphuket.com\/it\/migliori-escursioni-a-phuket\/baia-di-phang-nga\/escursione-in-canoa-a-krabi\/#breadcrumb"},"inLanguage":"it-IT","potentialAction":[{"@type":"ReadAction","target":["https:\/\/www.easydayphuket.com\/it\/migliori-escursioni-a-phuket\/baia-di-phang-nga\/escursione-in-canoa-a-krabi\/"]}]},{"@type":"ImageObject","inLanguage":"it-IT","@id":"https:\/\/www.easydayphuket.com\/it\/migliori-escursioni-a-phuket\/baia-di-phang-nga\/escursione-in-canoa-a-krabi\/#primaryimage","url":"https:\/\/www.easydayphuket.com\/wp-content\/uploads\/2013\/09\/Krabi030-300x199.jpg","contentUrl":"https:\/\/www.easydayphuket.com\/wp-content\/uploads\/2013\/09\/Krabi030-300x199.jpg"},{"@type":"BreadcrumbList","@id":"https:\/\/www.easydayphuket.com\/it\/migliori-escursioni-a-phuket\/baia-di-phang-nga\/escursione-in-canoa-a-krabi\/#breadcrumb","itemListElement":[{"@type":"ListItem","position":1,"name":"Home","item":"https:\/\/www.easydayphuket.com\/it\/"},{"@type":"ListItem","position":2,"name":"Migliori Escursioni a Phuket","item":"https:\/\/www.easydayphuket.com\/it\/migliori-escursioni-a-phuket\/"},{"@type":"ListItem","position":3,"name":"Baia di Phang Nga","item":"https:\/\/www.easydayphuket.com\/it\/migliori-escursioni-a-phuket\/baia-di-phang-nga\/"},{"@type":"ListItem","position":4,"name":"Escursione in canoa a Krabi"}]},{"@type":"WebSite","@id":"https:\/\/www.easydayphuket.com\/#website","url":"https:\/\/www.easydayphuket.com\/","name":"Easy Day Phuket","description":"Per le tue vacanze a Phuket","publisher":{"@id":"https:\/\/www.easydayphuket.com\/#organization"},"potentialAction":[{"@type":"SearchAction","target":{"@type":"EntryPoint","urlTemplate":"https:\/\/www.easydayphuket.com\/?s={search_term_string}"},"query-input":{"@type":"PropertyValueSpecification","valueRequired":true,"valueName":"search_term_string"}}],"inLanguage":"it-IT"},{"@type":"Organization","@id":"https:\/\/www.easydayphuket.com\/#organization","name":"Easy Day Thailand","url":"https:\/\/www.easydayphuket.com\/","logo":{"@type":"ImageObject","inLanguage":"it-IT","@id":"https:\/\/www.easydayphuket.com\/#\/schema\/logo\/image\/","url":"https:\/\/www.easydayphuket.com\/wp-content\/uploads\/2013\/07\/Sun-Thaiflag_booking12.gif","contentUrl":"https:\/\/www.easydayphuket.com\/wp-content\/uploads\/2013\/07\/Sun-Thaiflag_booking12.gif","width":100,"height":94,"caption":"Easy Day Thailand"},"image":{"@id":"https:\/\/www.easydayphuket.com\/#\/schema\/logo\/image\/"},"sameAs":["https:\/\/www.facebook.com\/Easydayinthailand\/","https:\/\/www.instagram.com\/easydaythailand\/"]}]}},"_links":{"self":[{"href":"https:\/\/www.easydayphuket.com\/it\/wp-json\/wp\/v2\/pages\/10848","targetHints":{"allow":["GET"]}}],"collection":[{"href":"https:\/\/www.easydayphuket.com\/it\/wp-json\/wp\/v2\/pages"}],"about":[{"href":"https:\/\/www.easydayphuket.com\/it\/wp-json\/wp\/v2\/types\/page"}],"author":[{"embeddable":true,"href":"https:\/\/www.easydayphuket.com\/it\/wp-json\/wp\/v2\/users\/8"}],"replies":[{"embeddable":true,"href":"https:\/\/www.easydayphuket.com\/it\/wp-json\/wp\/v2\/comments?post=10848"}],"version-history":[{"count":0,"href":"https:\/\/www.easydayphuket.com\/it\/wp-json\/wp\/v2\/pages\/10848\/revisions"}],"up":[{"embeddable":true,"href":"https:\/\/www.easydayphuket.com\/it\/wp-json\/wp\/v2\/pages\/5613"}],"wp:attachment":[{"href":"https:\/\/www.easydayphuket.com\/it\/wp-json\/wp\/v2\/media?parent=10848"}],"curies":[{"name":"wp","href":"https:\/\/api.w.org\/{rel}","templated":true}]}}