{"id":28844,"date":"2018-09-24T18:11:21","date_gmt":"2018-09-24T11:11:21","guid":{"rendered":"https:\/\/www.easydayphuket.com\/?page_id=28844"},"modified":"2024-04-07T05:45:37","modified_gmt":"2024-04-06T22:45:37","slug":"easy-day-formulaire-de-contact","status":"publish","type":"page","link":"https:\/\/www.easydayphuket.com\/fr\/easy-day-formulaire-de-contact\/","title":{"rendered":"Easy Day Formulaire De Contact"},"content":{"rendered":"\n<p>Si vous avez la moindre question faites nous en part ici.<\/p>\n\n\n\n<p>L&rsquo;\u00c9quipe d&rsquo;Easy Day Phuket est toujours&nbsp;l\u00e0 pour vous aider.&nbsp;Si vous souhaitez discuter de vos projets de voyage \u00e0 Phuket, faire une r\u00e9servation, ou simplement obtenir plus d&rsquo;informations, contactez-nous.<\/p>\n\n\n\n<p>Si vous ne recevez pas de r\u00e9ponse dans les 24 heures suivant votre envoi, renvoyez-nous votre demande ou appelez-nous. Nous attendons de vos nouvelles!<\/p>\n\n\n\n<script charset=\"utf-8\" type=\"text\/javascript\" src=\"\/\/js.hsforms.net\/forms\/embed\/v2.js\"><\/script>\n<script>\n  hbspt.forms.create({\n    region: \"na1\",\n    portalId: \"3413662\",\n    formId: \"754fb1c1-f3a8-443f-b140-4c5c6ce7ba68\"\n  });\n<\/script>\n","protected":false},"excerpt":{"rendered":"<p>Si vous avez la moindre question faites nous en part ici. L&rsquo;\u00c9quipe d&rsquo;Easy Day Phuket est toujours&nbsp;l\u00e0 pour vous aider.&nbsp;Si vous souhaitez discuter de vos projets de voyage \u00e0 Phuket, faire une r\u00e9servation, ou simplement obtenir plus d&rsquo;informations, contactez-nous. Si vous ne recevez pas de r\u00e9ponse dans les 24 heures suivant votre envoi, renvoyez-nous votre [&hellip;]<\/p>\n","protected":false},"author":18,"featured_media":0,"parent":0,"menu_order":0,"comment_status":"closed","ping_status":"closed","template":"","meta":{"_acf_changed":false,"_et_pb_use_builder":"","_et_pb_old_content":"","_et_gb_content_width":"","footnotes":""},"class_list":["post-28844","page","type-page","status-publish","hentry"],"acf":[],"yoast_head":"<!-- This site is optimized with the Yoast SEO plugin v25.1 - https:\/\/yoast.com\/wordpress\/plugins\/seo\/ -->\n<title>Easy Day Formulaire De Contact - Easy Day Phuket Tours<\/title>\n<meta name=\"robots\" content=\"index, follow, max-snippet:-1, max-image-preview:large, max-video-preview:-1\" \/>\n<link rel=\"canonical\" href=\"https:\/\/www.easydayphuket.com\/fr\/easy-day-formulaire-de-contact\/\" \/>\n<meta property=\"og:locale\" content=\"fr_FR\" \/>\n<meta property=\"og:type\" content=\"article\" \/>\n<meta property=\"og:title\" content=\"Easy Day Formulaire De Contact - Easy Day Phuket Tours\" \/>\n<meta property=\"og:description\" content=\"Si vous avez la moindre question faites nous en part ici. L&rsquo;\u00c9quipe d&rsquo;Easy Day Phuket est toujours&nbsp;l\u00e0 pour vous aider.&nbsp;Si vous souhaitez discuter de vos projets de voyage \u00e0 Phuket, faire une r\u00e9servation, ou simplement obtenir plus d&rsquo;informations, contactez-nous. Si vous ne recevez pas de r\u00e9ponse dans les 24 heures suivant votre envoi, renvoyez-nous votre [&hellip;]\" \/>\n<meta property=\"og:url\" content=\"https:\/\/www.easydayphuket.com\/fr\/easy-day-formulaire-de-contact\/\" \/>\n<meta property=\"og:site_name\" content=\"Easy Day Phuket Tours\" \/>\n<meta property=\"article:publisher\" content=\"https:\/\/www.facebook.com\/Easydayinthailand\/\" \/>\n<meta property=\"article:modified_time\" content=\"2024-04-06T22:45:37+00:00\" \/>\n<meta name=\"twitter:label1\" content=\"Dur\u00e9e de lecture estim\u00e9e\" \/>\n\t<meta name=\"twitter:data1\" content=\"1 minute\" \/>\n<script type=\"application\/ld+json\" class=\"yoast-schema-graph\">{\"@context\":\"https:\/\/schema.org\",\"@graph\":[{\"@type\":\"WebPage\",\"@id\":\"https:\/\/www.easydayphuket.com\/fr\/easy-day-formulaire-de-contact\/\",\"url\":\"https:\/\/www.easydayphuket.com\/fr\/easy-day-formulaire-de-contact\/\",\"name\":\"Easy Day Formulaire De Contact - Easy Day Phuket Tours\",\"isPartOf\":{\"@id\":\"https:\/\/www.easydayphuket.com\/#website\"},\"datePublished\":\"2018-09-24T11:11:21+00:00\",\"dateModified\":\"2024-04-06T22:45:37+00:00\",\"breadcrumb\":{\"@id\":\"https:\/\/www.easydayphuket.com\/fr\/easy-day-formulaire-de-contact\/#breadcrumb\"},\"inLanguage\":\"fr-FR\",\"potentialAction\":[{\"@type\":\"ReadAction\",\"target\":[\"https:\/\/www.easydayphuket.com\/fr\/easy-day-formulaire-de-contact\/\"]}]},{\"@type\":\"BreadcrumbList\",\"@id\":\"https:\/\/www.easydayphuket.com\/fr\/easy-day-formulaire-de-contact\/#breadcrumb\",\"itemListElement\":[{\"@type\":\"ListItem\",\"position\":1,\"name\":\"Home\",\"item\":\"https:\/\/www.easydayphuket.com\/fr\/\"},{\"@type\":\"ListItem\",\"position\":2,\"name\":\"Easy Day Formulaire De Contact\"}]},{\"@type\":\"WebSite\",\"@id\":\"https:\/\/www.easydayphuket.com\/#website\",\"url\":\"https:\/\/www.easydayphuket.com\/\",\"name\":\"Easy Day Phuket Tours\",\"description\":\"Your Phuket Tours &amp; Travel Partner\",\"publisher\":{\"@id\":\"https:\/\/www.easydayphuket.com\/#organization\"},\"potentialAction\":[{\"@type\":\"SearchAction\",\"target\":{\"@type\":\"EntryPoint\",\"urlTemplate\":\"https:\/\/www.easydayphuket.com\/?s={search_term_string}\"},\"query-input\":{\"@type\":\"PropertyValueSpecification\",\"valueRequired\":true,\"valueName\":\"search_term_string\"}}],\"inLanguage\":\"fr-FR\"},{\"@type\":\"Organization\",\"@id\":\"https:\/\/www.easydayphuket.com\/#organization\",\"name\":\"Easy Day Thailand\",\"url\":\"https:\/\/www.easydayphuket.com\/\",\"logo\":{\"@type\":\"ImageObject\",\"inLanguage\":\"fr-FR\",\"@id\":\"https:\/\/www.easydayphuket.com\/#\/schema\/logo\/image\/\",\"url\":\"https:\/\/www.easydayphuket.com\/wp-content\/uploads\/2013\/07\/Sun-Thaiflag_booking12.gif\",\"contentUrl\":\"https:\/\/www.easydayphuket.com\/wp-content\/uploads\/2013\/07\/Sun-Thaiflag_booking12.gif\",\"width\":100,\"height\":94,\"caption\":\"Easy Day Thailand\"},\"image\":{\"@id\":\"https:\/\/www.easydayphuket.com\/#\/schema\/logo\/image\/\"},\"sameAs\":[\"https:\/\/www.facebook.com\/Easydayinthailand\/\",\"https:\/\/www.instagram.com\/easydaythailand\/\"]}]}<\/script>\n<!-- \/ Yoast SEO plugin. -->","yoast_head_json":{"title":"Easy Day Formulaire De Contact - Easy Day Phuket Tours","robots":{"index":"index","follow":"follow","max-snippet":"max-snippet:-1","max-image-preview":"max-image-preview:large","max-video-preview":"max-video-preview:-1"},"canonical":"https:\/\/www.easydayphuket.com\/fr\/easy-day-formulaire-de-contact\/","og_locale":"fr_FR","og_type":"article","og_title":"Easy Day Formulaire De Contact - Easy Day Phuket Tours","og_description":"Si vous avez la moindre question faites nous en part ici. L&rsquo;\u00c9quipe d&rsquo;Easy Day Phuket est toujours&nbsp;l\u00e0 pour vous aider.&nbsp;Si vous souhaitez discuter de vos projets de voyage \u00e0 Phuket, faire une r\u00e9servation, ou simplement obtenir plus d&rsquo;informations, contactez-nous. Si vous ne recevez pas de r\u00e9ponse dans les 24 heures suivant votre envoi, renvoyez-nous votre [&hellip;]","og_url":"https:\/\/www.easydayphuket.com\/fr\/easy-day-formulaire-de-contact\/","og_site_name":"Easy Day Phuket Tours","article_publisher":"https:\/\/www.facebook.com\/Easydayinthailand\/","article_modified_time":"2024-04-06T22:45:37+00:00","twitter_misc":{"Dur\u00e9e de lecture estim\u00e9e":"1 minute"},"schema":{"@context":"https:\/\/schema.org","@graph":[{"@type":"WebPage","@id":"https:\/\/www.easydayphuket.com\/fr\/easy-day-formulaire-de-contact\/","url":"https:\/\/www.easydayphuket.com\/fr\/easy-day-formulaire-de-contact\/","name":"Easy Day Formulaire De Contact - Easy Day Phuket Tours","isPartOf":{"@id":"https:\/\/www.easydayphuket.com\/#website"},"datePublished":"2018-09-24T11:11:21+00:00","dateModified":"2024-04-06T22:45:37+00:00","breadcrumb":{"@id":"https:\/\/www.easydayphuket.com\/fr\/easy-day-formulaire-de-contact\/#breadcrumb"},"inLanguage":"fr-FR","potentialAction":[{"@type":"ReadAction","target":["https:\/\/www.easydayphuket.com\/fr\/easy-day-formulaire-de-contact\/"]}]},{"@type":"BreadcrumbList","@id":"https:\/\/www.easydayphuket.com\/fr\/easy-day-formulaire-de-contact\/#breadcrumb","itemListElement":[{"@type":"ListItem","position":1,"name":"Home","item":"https:\/\/www.easydayphuket.com\/fr\/"},{"@type":"ListItem","position":2,"name":"Easy Day Formulaire De Contact"}]},{"@type":"WebSite","@id":"https:\/\/www.easydayphuket.com\/#website","url":"https:\/\/www.easydayphuket.com\/","name":"Easy Day Phuket Tours","description":"Your Phuket Tours &amp; Travel Partner","publisher":{"@id":"https:\/\/www.easydayphuket.com\/#organization"},"potentialAction":[{"@type":"SearchAction","target":{"@type":"EntryPoint","urlTemplate":"https:\/\/www.easydayphuket.com\/?s={search_term_string}"},"query-input":{"@type":"PropertyValueSpecification","valueRequired":true,"valueName":"search_term_string"}}],"inLanguage":"fr-FR"},{"@type":"Organization","@id":"https:\/\/www.easydayphuket.com\/#organization","name":"Easy Day Thailand","url":"https:\/\/www.easydayphuket.com\/","logo":{"@type":"ImageObject","inLanguage":"fr-FR","@id":"https:\/\/www.easydayphuket.com\/#\/schema\/logo\/image\/","url":"https:\/\/www.easydayphuket.com\/wp-content\/uploads\/2013\/07\/Sun-Thaiflag_booking12.gif","contentUrl":"https:\/\/www.easydayphuket.com\/wp-content\/uploads\/2013\/07\/Sun-Thaiflag_booking12.gif","width":100,"height":94,"caption":"Easy Day Thailand"},"image":{"@id":"https:\/\/www.easydayphuket.com\/#\/schema\/logo\/image\/"},"sameAs":["https:\/\/www.facebook.com\/Easydayinthailand\/","https:\/\/www.instagram.com\/easydaythailand\/"]}]}},"_links":{"self":[{"href":"https:\/\/www.easydayphuket.com\/fr\/wp-json\/wp\/v2\/pages\/28844","targetHints":{"allow":["GET"]}}],"collection":[{"href":"https:\/\/www.easydayphuket.com\/fr\/wp-json\/wp\/v2\/pages"}],"about":[{"href":"https:\/\/www.easydayphuket.com\/fr\/wp-json\/wp\/v2\/types\/page"}],"author":[{"embeddable":true,"href":"https:\/\/www.easydayphuket.com\/fr\/wp-json\/wp\/v2\/users\/18"}],"replies":[{"embeddable":true,"href":"https:\/\/www.easydayphuket.com\/fr\/wp-json\/wp\/v2\/comments?post=28844"}],"version-history":[{"count":0,"href":"https:\/\/www.easydayphuket.com\/fr\/wp-json\/wp\/v2\/pages\/28844\/revisions"}],"wp:attachment":[{"href":"https:\/\/www.easydayphuket.com\/fr\/wp-json\/wp\/v2\/media?parent=28844"}],"curies":[{"name":"wp","href":"https:\/\/api.w.org\/{rel}","templated":true}]}}