{"id":9362,"date":"2015-03-20T09:27:00","date_gmt":"2015-03-20T02:27:00","guid":{"rendered":"https:\/\/www.easydayphuket.com\/?page_id=9362"},"modified":"2024-05-15T00:40:03","modified_gmt":"2024-05-14T17:40:03","slug":"phuket-veranstaltungen","status":"publish","type":"page","link":"https:\/\/www.easydayphuket.com\/de\/phuket-ausfluege\/phuket-veranstaltungen\/","title":{"rendered":"Phuket Veranstaltungen"},"content":{"rendered":"\n<p><strong>Phuket Veranstaltungen <\/strong>&#8211; Phuket bietet ein Nachtleben was sich sehen lassen kann und verf\u00fcgt \u00fcber Veranstaltungen die seines Gleichen suchen. Aufwendige Shows mit Tieren und zahlreichen K\u00fcnstlern entf\u00fchren Sie in eine Welt der Vergangenheit und Tradition von Thailand. Hier sind die bekanntesten und beliebtesten Veranstaltungen aufgef\u00fchrt.<\/p>\n\n\n\n<figure class=\"wp-block-image alignleft\"><a href=\"https:\/\/www.easydayphuket.com\/de\/phuket-ausfluege\/phuket-veranstaltungen\/phuket-fantasea-show\/\"><img decoding=\"async\" src=\"https:\/\/www.easydayphuket.com\/wp-content\/uploads\/2013\/07\/fantasea_show-e1380608149849-150x150.jpg\" alt=\"Phuket Veranstaltungen mit Easy DayPhuket zur Fantasea Show\" class=\"wp-image-2778\"\/><\/a><figcaption class=\"wp-element-caption\">Phuket Fantasea<\/figcaption><\/figure>\n\n\n\n<h2 class=\"wp-block-heading\"><a title=\"Phuket Fantasea Tour\" href=\"https:\/\/www.easydayphuket.com\/de\/phuket-ausfluege\/phuket-veranstaltungen\/phuket-fantasea-show\/\">Phuket Fantasea Veranstaltung<\/a><\/h2>\n\n\n\n<p>Die Phuket Fantasea Show ist eine Mischung aus Tieren, K\u00fcnstlern und Spezialeffekten. Eine Veranstaltung mit Abendessen lassen Sie unvergessene Momente erleben. <strong>Preise in Thai Baht pro Person: 2,650 | Kinder (4-12 Jahre) 2,450<\/strong><\/p>\n\n\n\n<p class=\"has-text-align-right\"><strong><a title=\"Phuket Fantasea Tour\" href=\"https:\/\/www.easydayphuket.com\/de\/kontakt\/\">Kontakt<\/a> | <a title=\"Phuket Fantasea Tour\" href=\"https:\/\/www.easydayphuket.com\/de\/phuket-ausfluege\/phuket-veranstaltungen\/phuket-fantasea-show\/\">Mehr Infos&#8230;<\/a><\/strong><\/p>\n\n\n<div class=\"divider\"><\/div>\n\n\n\n<figure class=\"wp-block-image alignleft\"><a href=\"https:\/\/www.easydayphuket.com\/de\/phuket-ausfluege\/phuket-veranstaltungen\/siam-niramit-show\/\"><img decoding=\"async\" src=\"https:\/\/www.easydayphuket.com\/wp-content\/uploads\/2013\/09\/siam-niramit-150x150.jpg\" alt=\"Zum Siam Niramit Phuket mit den Phuket Veranstaltungen von Easy Day Phuket\" class=\"wp-image-2806\"\/><\/a><figcaption class=\"wp-element-caption\">Siam Niramit Phuket<\/figcaption><\/figure>\n\n\n\n<h2 class=\"wp-block-heading\"><a title=\"Siam Niramit Show\" href=\"https:\/\/www.easydayphuket.com\/de\/phuket-ausfluege\/phuket-veranstaltungen\/siam-niramit-show\/\">Siam Niramit Phuket<\/a><\/h2>\n\n\n\n<p>Phuket&#8217;s Siam Niramit Show ist mit \u00fcber 100 K\u00fcnstlern eine der aufwendigsten Veranstaltungen der Insel. Erfahren Sie mehr von der thail\u00e4ndischen Kultur und des Landes.&nbsp;<strong> Preise in Thai Baht pro Person: 2,550 |&nbsp; (4-12 Jahre)** 2,150 <\/strong><\/p>\n\n\n\n<p class=\"has-text-align-right\"><strong><a title=\"Easy Day Contact Form\" href=\"https:\/\/www.easydayphuket.com\/de\/kontakt\/\">Kontakt<\/a> | <a title=\"Siam Niramit Show Phuket\" href=\"https:\/\/www.easydayphuket.com\/de\/phuket-ausfluege\/phuket-veranstaltungen\/siam-niramit-show\/\">Mehr Infos&#8230;<\/a><\/strong><\/p>\n\n\n<div class=\"divider\"><\/div>\n\n\n\n<figure class=\"wp-block-image alignleft\"><a href=\"https:\/\/www.easydayphuket.com\/de\/phuket-ausfluege\/phuket-veranstaltungen\/simon-cabaret\/\"><img decoding=\"async\" src=\"https:\/\/www.easydayphuket.com\/wp-content\/uploads\/2013\/09\/simon-star-cabaret-150x150.jpg\" alt=\"Simon Star Cabaret Phuket\" class=\"wp-image-2808\"\/><\/a><figcaption class=\"wp-element-caption\">Simon Star Cabaret<\/figcaption><\/figure>\n\n\n\n<h2 class=\"wp-block-heading\"><a title=\"Simon Cabaret \u2013 Simon Star Show\" href=\"https:\/\/www.easydayphuket.com\/de\/phuket-ausfluege\/phuket-veranstaltungen\/simon-cabaret\/\">Simon Star Show<\/a><\/h2>\n\n\n\n<p>Die Simon Star Show ist eine Filiale von dem ber\u00fchmten Simon Cabaret in Patong. Eine Veranstaltung f\u00fcr alle Altersgruppen mit einer Menge Glamour und extravaganten Kost\u00fcmen. <strong>Preise in Thai Baht pro Person: 800 | Kinder (&lt;130cm) 600<\/strong><\/p>\n\n\n\n<p class=\"has-text-align-right\"><strong><a title=\"Simon Cabaret \u2013 Simon Star Show\" href=\"https:\/\/www.easydayphuket.com\/de\/kontakt\/\">Kontakt<\/a> | <a title=\"Simon Cabaret \u2013 Simon Star Show\" href=\"https:\/\/www.easydayphuket.com\/de\/phuket-ausfluege\/phuket-veranstaltungen\/simon-cabaret\/\">Mehr Infos&#8230;<\/a><\/strong><\/p>\n\n\n\n<p><div class=\"divider\"><\/div> Genie\u00dfen Sie eine von Easy Day Phuket veranstaltete private Inselrundfahrt die ihren kr\u00f6nenden Abschluss mit einer der Phuket Veranstaltungen findet.<\/p>\n\n\n\n<h2 class=\"wp-block-heading\" id=\"form\">Kontaktieren Sie uns f\u00fcr Ihre Phuket Veranstaltungen<\/h2>\n\n\n\n<script charset=\"utf-8\" type=\"text\/javascript\" src=\"\/\/js.hsforms.net\/forms\/embed\/v2.js\"><\/script>\n<script>\n  hbspt.forms.create({\n    region: \"na1\",\n    portalId: \"3413662\",\n    formId: \"59765d47-ffdf-4452-a315-11081d03c004\"\n  });\n<\/script>\n","protected":false},"excerpt":{"rendered":"<p>Phuket Veranstaltungen &#8211; Phuket bietet ein Nachtleben was sich sehen lassen kann und verf\u00fcgt \u00fcber Veranstaltungen die seines Gleichen suchen. Aufwendige Shows mit Tieren und zahlreichen K\u00fcnstlern entf\u00fchren Sie in eine Welt der Vergangenheit und Tradition von Thailand. Hier sind die bekanntesten und beliebtesten Veranstaltungen aufgef\u00fchrt. Phuket Fantasea Veranstaltung Die Phuket Fantasea Show ist eine [&hellip;]<\/p>\n","protected":false},"author":4,"featured_media":0,"parent":5572,"menu_order":0,"comment_status":"closed","ping_status":"closed","template":"","meta":{"_acf_changed":false,"_et_pb_use_builder":"","_et_pb_old_content":"","_et_gb_content_width":"","footnotes":""},"class_list":["post-9362","page","type-page","status-publish","hentry"],"acf":[],"yoast_head":"<!-- This site is optimized with the Yoast SEO plugin v25.1 - https:\/\/yoast.com\/wordpress\/plugins\/seo\/ -->\n<title>Phuket Veranstaltungen online buchen bei Easy Day Phuket<\/title>\n<meta name=\"description\" content=\"Es gibt ein umfassendes Abendprogramm von Phuket Veranstaltungen, wir haben hier ein paar unterschiedliche aufgef\u00fchrt, die sich lohnen zu besuchen.\" \/>\n<meta name=\"robots\" content=\"index, follow, max-snippet:-1, max-image-preview:large, max-video-preview:-1\" \/>\n<link rel=\"canonical\" href=\"https:\/\/www.easydayphuket.com\/de\/phuket-ausfluege\/phuket-veranstaltungen\/\" \/>\n<meta property=\"og:locale\" content=\"de_DE\" \/>\n<meta property=\"og:type\" content=\"article\" \/>\n<meta property=\"og:title\" content=\"Phuket Veranstaltungen online buchen bei Easy Day Phuket\" \/>\n<meta property=\"og:description\" content=\"Es gibt ein umfassendes Abendprogramm von Phuket Veranstaltungen, wir haben hier ein paar unterschiedliche aufgef\u00fchrt, die sich lohnen zu besuchen.\" \/>\n<meta property=\"og:url\" content=\"https:\/\/www.easydayphuket.com\/de\/phuket-ausfluege\/phuket-veranstaltungen\/\" \/>\n<meta property=\"og:site_name\" content=\"Easy Day Phuket\" \/>\n<meta property=\"article:publisher\" content=\"https:\/\/www.facebook.com\/Easydayinthailand\/\" \/>\n<meta property=\"article:modified_time\" content=\"2024-05-14T17:40:03+00:00\" \/>\n<meta property=\"og:image\" content=\"https:\/\/www.easydayphuket.com\/wp-content\/uploads\/2013\/07\/fantasea_show-e1380608149849-150x150.jpg\" \/>\n<meta name=\"twitter:label1\" content=\"Gesch\u00e4tzte Lesezeit\" \/>\n\t<meta name=\"twitter:data1\" content=\"2\u00a0Minuten\" \/>\n<script type=\"application\/ld+json\" class=\"yoast-schema-graph\">{\"@context\":\"https:\/\/schema.org\",\"@graph\":[{\"@type\":\"WebPage\",\"@id\":\"https:\/\/www.easydayphuket.com\/de\/phuket-ausfluege\/phuket-veranstaltungen\/\",\"url\":\"https:\/\/www.easydayphuket.com\/de\/phuket-ausfluege\/phuket-veranstaltungen\/\",\"name\":\"Phuket Veranstaltungen online buchen bei Easy Day Phuket\",\"isPartOf\":{\"@id\":\"https:\/\/www.easydayphuket.com\/#website\"},\"primaryImageOfPage\":{\"@id\":\"https:\/\/www.easydayphuket.com\/de\/phuket-ausfluege\/phuket-veranstaltungen\/#primaryimage\"},\"image\":{\"@id\":\"https:\/\/www.easydayphuket.com\/de\/phuket-ausfluege\/phuket-veranstaltungen\/#primaryimage\"},\"thumbnailUrl\":\"https:\/\/www.easydayphuket.com\/wp-content\/uploads\/2013\/07\/fantasea_show-e1380608149849-150x150.jpg\",\"datePublished\":\"2015-03-20T02:27:00+00:00\",\"dateModified\":\"2024-05-14T17:40:03+00:00\",\"description\":\"Es gibt ein umfassendes Abendprogramm von Phuket Veranstaltungen, wir haben hier ein paar unterschiedliche aufgef\u00fchrt, die sich lohnen zu besuchen.\",\"breadcrumb\":{\"@id\":\"https:\/\/www.easydayphuket.com\/de\/phuket-ausfluege\/phuket-veranstaltungen\/#breadcrumb\"},\"inLanguage\":\"de\",\"potentialAction\":[{\"@type\":\"ReadAction\",\"target\":[\"https:\/\/www.easydayphuket.com\/de\/phuket-ausfluege\/phuket-veranstaltungen\/\"]}]},{\"@type\":\"ImageObject\",\"inLanguage\":\"de\",\"@id\":\"https:\/\/www.easydayphuket.com\/de\/phuket-ausfluege\/phuket-veranstaltungen\/#primaryimage\",\"url\":\"https:\/\/www.easydayphuket.com\/wp-content\/uploads\/2013\/07\/fantasea_show-e1380608149849-150x150.jpg\",\"contentUrl\":\"https:\/\/www.easydayphuket.com\/wp-content\/uploads\/2013\/07\/fantasea_show-e1380608149849-150x150.jpg\"},{\"@type\":\"BreadcrumbList\",\"@id\":\"https:\/\/www.easydayphuket.com\/de\/phuket-ausfluege\/phuket-veranstaltungen\/#breadcrumb\",\"itemListElement\":[{\"@type\":\"ListItem\",\"position\":1,\"name\":\"Home\",\"item\":\"https:\/\/www.easydayphuket.com\/de\/\"},{\"@type\":\"ListItem\",\"position\":2,\"name\":\"Phuket Ausfl\u00fcge\",\"item\":\"https:\/\/www.easydayphuket.com\/de\/phuket-ausfluege\/\"},{\"@type\":\"ListItem\",\"position\":3,\"name\":\"Phuket Veranstaltungen\"}]},{\"@type\":\"WebSite\",\"@id\":\"https:\/\/www.easydayphuket.com\/#website\",\"url\":\"https:\/\/www.easydayphuket.com\/\",\"name\":\"Easy Day Phuket\",\"description\":\"Ihr Phuket Tour & Reise Partner\",\"publisher\":{\"@id\":\"https:\/\/www.easydayphuket.com\/#organization\"},\"potentialAction\":[{\"@type\":\"SearchAction\",\"target\":{\"@type\":\"EntryPoint\",\"urlTemplate\":\"https:\/\/www.easydayphuket.com\/?s={search_term_string}\"},\"query-input\":{\"@type\":\"PropertyValueSpecification\",\"valueRequired\":true,\"valueName\":\"search_term_string\"}}],\"inLanguage\":\"de\"},{\"@type\":\"Organization\",\"@id\":\"https:\/\/www.easydayphuket.com\/#organization\",\"name\":\"Easy Day Thailand\",\"url\":\"https:\/\/www.easydayphuket.com\/\",\"logo\":{\"@type\":\"ImageObject\",\"inLanguage\":\"de\",\"@id\":\"https:\/\/www.easydayphuket.com\/#\/schema\/logo\/image\/\",\"url\":\"https:\/\/www.easydayphuket.com\/wp-content\/uploads\/2013\/07\/Sun-Thaiflag_booking12.gif\",\"contentUrl\":\"https:\/\/www.easydayphuket.com\/wp-content\/uploads\/2013\/07\/Sun-Thaiflag_booking12.gif\",\"width\":100,\"height\":94,\"caption\":\"Easy Day Thailand\"},\"image\":{\"@id\":\"https:\/\/www.easydayphuket.com\/#\/schema\/logo\/image\/\"},\"sameAs\":[\"https:\/\/www.facebook.com\/Easydayinthailand\/\",\"https:\/\/www.instagram.com\/easydaythailand\/\"]}]}<\/script>\n<!-- \/ Yoast SEO plugin. -->","yoast_head_json":{"title":"Phuket Veranstaltungen online buchen bei Easy Day Phuket","description":"Es gibt ein umfassendes Abendprogramm von Phuket Veranstaltungen, wir haben hier ein paar unterschiedliche aufgef\u00fchrt, die sich lohnen zu besuchen.","robots":{"index":"index","follow":"follow","max-snippet":"max-snippet:-1","max-image-preview":"max-image-preview:large","max-video-preview":"max-video-preview:-1"},"canonical":"https:\/\/www.easydayphuket.com\/de\/phuket-ausfluege\/phuket-veranstaltungen\/","og_locale":"de_DE","og_type":"article","og_title":"Phuket Veranstaltungen online buchen bei Easy Day Phuket","og_description":"Es gibt ein umfassendes Abendprogramm von Phuket Veranstaltungen, wir haben hier ein paar unterschiedliche aufgef\u00fchrt, die sich lohnen zu besuchen.","og_url":"https:\/\/www.easydayphuket.com\/de\/phuket-ausfluege\/phuket-veranstaltungen\/","og_site_name":"Easy Day Phuket","article_publisher":"https:\/\/www.facebook.com\/Easydayinthailand\/","article_modified_time":"2024-05-14T17:40:03+00:00","og_image":[{"url":"https:\/\/www.easydayphuket.com\/wp-content\/uploads\/2013\/07\/fantasea_show-e1380608149849-150x150.jpg","type":"","width":"","height":""}],"twitter_misc":{"Gesch\u00e4tzte Lesezeit":"2\u00a0Minuten"},"schema":{"@context":"https:\/\/schema.org","@graph":[{"@type":"WebPage","@id":"https:\/\/www.easydayphuket.com\/de\/phuket-ausfluege\/phuket-veranstaltungen\/","url":"https:\/\/www.easydayphuket.com\/de\/phuket-ausfluege\/phuket-veranstaltungen\/","name":"Phuket Veranstaltungen online buchen bei Easy Day Phuket","isPartOf":{"@id":"https:\/\/www.easydayphuket.com\/#website"},"primaryImageOfPage":{"@id":"https:\/\/www.easydayphuket.com\/de\/phuket-ausfluege\/phuket-veranstaltungen\/#primaryimage"},"image":{"@id":"https:\/\/www.easydayphuket.com\/de\/phuket-ausfluege\/phuket-veranstaltungen\/#primaryimage"},"thumbnailUrl":"https:\/\/www.easydayphuket.com\/wp-content\/uploads\/2013\/07\/fantasea_show-e1380608149849-150x150.jpg","datePublished":"2015-03-20T02:27:00+00:00","dateModified":"2024-05-14T17:40:03+00:00","description":"Es gibt ein umfassendes Abendprogramm von Phuket Veranstaltungen, wir haben hier ein paar unterschiedliche aufgef\u00fchrt, die sich lohnen zu besuchen.","breadcrumb":{"@id":"https:\/\/www.easydayphuket.com\/de\/phuket-ausfluege\/phuket-veranstaltungen\/#breadcrumb"},"inLanguage":"de","potentialAction":[{"@type":"ReadAction","target":["https:\/\/www.easydayphuket.com\/de\/phuket-ausfluege\/phuket-veranstaltungen\/"]}]},{"@type":"ImageObject","inLanguage":"de","@id":"https:\/\/www.easydayphuket.com\/de\/phuket-ausfluege\/phuket-veranstaltungen\/#primaryimage","url":"https:\/\/www.easydayphuket.com\/wp-content\/uploads\/2013\/07\/fantasea_show-e1380608149849-150x150.jpg","contentUrl":"https:\/\/www.easydayphuket.com\/wp-content\/uploads\/2013\/07\/fantasea_show-e1380608149849-150x150.jpg"},{"@type":"BreadcrumbList","@id":"https:\/\/www.easydayphuket.com\/de\/phuket-ausfluege\/phuket-veranstaltungen\/#breadcrumb","itemListElement":[{"@type":"ListItem","position":1,"name":"Home","item":"https:\/\/www.easydayphuket.com\/de\/"},{"@type":"ListItem","position":2,"name":"Phuket Ausfl\u00fcge","item":"https:\/\/www.easydayphuket.com\/de\/phuket-ausfluege\/"},{"@type":"ListItem","position":3,"name":"Phuket Veranstaltungen"}]},{"@type":"WebSite","@id":"https:\/\/www.easydayphuket.com\/#website","url":"https:\/\/www.easydayphuket.com\/","name":"Easy Day Phuket","description":"Ihr Phuket Tour & Reise Partner","publisher":{"@id":"https:\/\/www.easydayphuket.com\/#organization"},"potentialAction":[{"@type":"SearchAction","target":{"@type":"EntryPoint","urlTemplate":"https:\/\/www.easydayphuket.com\/?s={search_term_string}"},"query-input":{"@type":"PropertyValueSpecification","valueRequired":true,"valueName":"search_term_string"}}],"inLanguage":"de"},{"@type":"Organization","@id":"https:\/\/www.easydayphuket.com\/#organization","name":"Easy Day Thailand","url":"https:\/\/www.easydayphuket.com\/","logo":{"@type":"ImageObject","inLanguage":"de","@id":"https:\/\/www.easydayphuket.com\/#\/schema\/logo\/image\/","url":"https:\/\/www.easydayphuket.com\/wp-content\/uploads\/2013\/07\/Sun-Thaiflag_booking12.gif","contentUrl":"https:\/\/www.easydayphuket.com\/wp-content\/uploads\/2013\/07\/Sun-Thaiflag_booking12.gif","width":100,"height":94,"caption":"Easy Day Thailand"},"image":{"@id":"https:\/\/www.easydayphuket.com\/#\/schema\/logo\/image\/"},"sameAs":["https:\/\/www.facebook.com\/Easydayinthailand\/","https:\/\/www.instagram.com\/easydaythailand\/"]}]}},"_links":{"self":[{"href":"https:\/\/www.easydayphuket.com\/de\/wp-json\/wp\/v2\/pages\/9362","targetHints":{"allow":["GET"]}}],"collection":[{"href":"https:\/\/www.easydayphuket.com\/de\/wp-json\/wp\/v2\/pages"}],"about":[{"href":"https:\/\/www.easydayphuket.com\/de\/wp-json\/wp\/v2\/types\/page"}],"author":[{"embeddable":true,"href":"https:\/\/www.easydayphuket.com\/de\/wp-json\/wp\/v2\/users\/4"}],"replies":[{"embeddable":true,"href":"https:\/\/www.easydayphuket.com\/de\/wp-json\/wp\/v2\/comments?post=9362"}],"version-history":[{"count":0,"href":"https:\/\/www.easydayphuket.com\/de\/wp-json\/wp\/v2\/pages\/9362\/revisions"}],"up":[{"embeddable":true,"href":"https:\/\/www.easydayphuket.com\/de\/wp-json\/wp\/v2\/pages\/5572"}],"wp:attachment":[{"href":"https:\/\/www.easydayphuket.com\/de\/wp-json\/wp\/v2\/media?parent=9362"}],"curies":[{"name":"wp","href":"https:\/\/api.w.org\/{rel}","templated":true}]}}