{"id":9153,"date":"2015-03-12T12:46:40","date_gmt":"2015-03-12T05:46:40","guid":{"rendered":"https:\/\/www.easydayphuket.com\/?page_id=9153"},"modified":"2024-05-13T02:59:57","modified_gmt":"2024-05-12T19:59:57","slug":"june-bathra","status":"publish","type":"page","link":"https:\/\/www.easydayphuket.com\/de\/phuket-ausfluege\/phang-nga-bucht-ausflug\/june-bathra\/","title":{"rendered":"June Bathra &#8211; Phang Nga Bay Ausflug"},"content":{"rendered":"\n<figure class=\"wp-block-image alignright\"><a href=\"https:\/\/www.flickr.com\/photos\/easydaythailand\/sets\/72157623584637290\/\" rel=\"noopener noreferrer\"><img decoding=\"async\" src=\"https:\/\/farm5.staticflickr.com\/4003\/4418886187_89159014d5_m.jpg\" alt=\"June Bathra Phang Nga Bay Rundfahrt\"\/><\/a><figcaption class=\"wp-element-caption\">Dschunke June Bathra Ausflug<\/figcaption><\/figure>\n\n\n\n<p>June Bathra &#8211; Dschunke Phang Nga Bay Ausflug&nbsp;mit der June Bathra, einer traditionellen Dschunke, ist eine faszinierende Art dieses wundersch\u00f6ne Archipel zu entdecken.<\/p>\n\n\n\n<ul class=\"wp-block-list\">\n<li>Besuchen Sie die bekannte James Bond Insel.<\/li>\n\n\n\n<li>Koh Panyee, das Dorf der Seezigeuner.<\/li>\n\n\n\n<li>Fahrt durch die Mangroven und H\u00f6hlen.<\/li>\n\n\n\n<li>Deutschsprachige Reiseleiter, jeden Mittwoch, Freitag und Sonntag.<\/li>\n\n\n\n<li>Erstklassige Besatzung und Verpflegung.<\/li>\n<\/ul>\n\n\n<p><strong>Preise in Thai Baht pro Person: 4,200 | Kinder (2-12year) 3,150\u00a0 <a href=\"#form\">&gt;&gt; Buchen \/ Kontakt<\/a><\/strong> <\/p>\n\n\n\n<p><strong>T<\/strong><strong>our inklusive :<\/strong><\/p>\n\n\n<ul>\n<li>Hoteltransfer zum Yacht Hafen Marina und retour.<\/li>\n<li>Nationalpark-Geb\u00fchr.<\/li>\n<li>Mittagessen, sowie Kaffee und Tee.<\/li>\n<li>Alkohohfreie Getr\u00e4nke und Wasser (Bier steht zum Verkauf an board)<\/li>\n<li>Fr\u00fcchte und Snacks.<\/li>\n<li>Fahrt mit einem Lontailboot.<\/li>\n<li>Versicherung und Steuern.<\/li>\n<\/ul>\n\n\n\n<p class=\"has-text-align-right\"><a href='#form' class='small-button smallblue'>Buchen \/ Kontakt<\/a><\/p>\n\n\n\n<h2 class=\"wp-block-heading\">June Bathra &#8211; Galerie<\/h2>\n\n\n\n<figure class=\"wp-block-gallery has-nested-images columns-3 is-cropped wp-block-gallery-1 is-layout-flex wp-block-gallery-is-layout-flex\">\n<figure class=\"wp-block-image size-large\"><img loading=\"lazy\" decoding=\"async\" width=\"600\" height=\"400\" data-id=\"8178\" src=\"https:\/\/www.easydayphuket.com\/wp-content\/uploads\/2013\/07\/June-Bahtra-Phuket-Thailand-5.jpg\" alt=\"June Bathra Phang Nga Bay\" class=\"wp-image-8178\" srcset=\"https:\/\/www.easydayphuket.com\/wp-content\/uploads\/2013\/07\/June-Bahtra-Phuket-Thailand-5.jpg 600w, https:\/\/www.easydayphuket.com\/wp-content\/uploads\/2013\/07\/June-Bahtra-Phuket-Thailand-5-300x200.jpg 300w, https:\/\/www.easydayphuket.com\/wp-content\/uploads\/2013\/07\/June-Bahtra-Phuket-Thailand-5-82x55.jpg 82w, https:\/\/www.easydayphuket.com\/wp-content\/uploads\/2013\/07\/June-Bahtra-Phuket-Thailand-5-180x120.jpg 180w\" sizes=\"(max-width: 600px) 100vw, 600px\" \/><\/figure>\n\n\n\n<figure class=\"wp-block-image size-large\"><img loading=\"lazy\" decoding=\"async\" width=\"600\" height=\"400\" data-id=\"8181\" src=\"https:\/\/www.easydayphuket.com\/wp-content\/uploads\/2013\/07\/June-Bahtra-Phuket-Thailand-7.jpg\" alt=\"June Bathra Phang Nga Bay\" class=\"wp-image-8181\" srcset=\"https:\/\/www.easydayphuket.com\/wp-content\/uploads\/2013\/07\/June-Bahtra-Phuket-Thailand-7.jpg 600w, https:\/\/www.easydayphuket.com\/wp-content\/uploads\/2013\/07\/June-Bahtra-Phuket-Thailand-7-300x200.jpg 300w, https:\/\/www.easydayphuket.com\/wp-content\/uploads\/2013\/07\/June-Bahtra-Phuket-Thailand-7-82x55.jpg 82w, https:\/\/www.easydayphuket.com\/wp-content\/uploads\/2013\/07\/June-Bahtra-Phuket-Thailand-7-180x120.jpg 180w\" sizes=\"(max-width: 600px) 100vw, 600px\" \/><\/figure>\n\n\n\n<figure class=\"wp-block-image size-large\"><img loading=\"lazy\" decoding=\"async\" width=\"400\" height=\"600\" data-id=\"8184\" src=\"https:\/\/www.easydayphuket.com\/wp-content\/uploads\/2013\/07\/June-Bahtra-Phuket-Thailand-9.jpg\" alt=\"June Bathra Phang Nga Bay\" class=\"wp-image-8184\" srcset=\"https:\/\/www.easydayphuket.com\/wp-content\/uploads\/2013\/07\/June-Bahtra-Phuket-Thailand-9.jpg 400w, https:\/\/www.easydayphuket.com\/wp-content\/uploads\/2013\/07\/June-Bahtra-Phuket-Thailand-9-200x300.jpg 200w, https:\/\/www.easydayphuket.com\/wp-content\/uploads\/2013\/07\/June-Bahtra-Phuket-Thailand-9-36x55.jpg 36w\" sizes=\"(max-width: 400px) 100vw, 400px\" \/><\/figure>\n\n\n\n<figure class=\"wp-block-image size-large\"><img loading=\"lazy\" decoding=\"async\" width=\"1024\" height=\"768\" data-id=\"25404\" src=\"https:\/\/www.easydayphuket.com\/wp-content\/uploads\/2013\/07\/Easy-Days-Francesco-at-James-Bond-Island-1024x768.jpg\" alt=\"June Bathra Phang Nga Bay\" class=\"wp-image-25404\" srcset=\"https:\/\/www.easydayphuket.com\/wp-content\/uploads\/2013\/07\/Easy-Days-Francesco-at-James-Bond-Island.jpg 1024w, https:\/\/www.easydayphuket.com\/wp-content\/uploads\/2013\/07\/Easy-Days-Francesco-at-James-Bond-Island-300x225.jpg 300w, https:\/\/www.easydayphuket.com\/wp-content\/uploads\/2013\/07\/Easy-Days-Francesco-at-James-Bond-Island-768x576.jpg 768w, https:\/\/www.easydayphuket.com\/wp-content\/uploads\/2013\/07\/Easy-Days-Francesco-at-James-Bond-Island-73x55.jpg 73w, https:\/\/www.easydayphuket.com\/wp-content\/uploads\/2013\/07\/Easy-Days-Francesco-at-James-Bond-Island-510x382.jpg 510w\" sizes=\"(max-width: 1024px) 100vw, 1024px\" \/><\/figure>\n\n\n\n<figure class=\"wp-block-image size-large\"><img loading=\"lazy\" decoding=\"async\" width=\"1024\" height=\"576\" data-id=\"25400\" src=\"https:\/\/www.easydayphuket.com\/wp-content\/uploads\/2013\/07\/Panyee-Island-Village-on-Stilts-1024x576.jpg\" alt=\"June Bathra Phang Nga Bay\" class=\"wp-image-25400\" srcset=\"https:\/\/www.easydayphuket.com\/wp-content\/uploads\/2013\/07\/Panyee-Island-Village-on-Stilts-1024x576.jpg 1024w, https:\/\/www.easydayphuket.com\/wp-content\/uploads\/2013\/07\/Panyee-Island-Village-on-Stilts-300x169.jpg 300w, https:\/\/www.easydayphuket.com\/wp-content\/uploads\/2013\/07\/Panyee-Island-Village-on-Stilts-768x432.jpg 768w, https:\/\/www.easydayphuket.com\/wp-content\/uploads\/2013\/07\/Panyee-Island-Village-on-Stilts-98x55.jpg 98w, https:\/\/www.easydayphuket.com\/wp-content\/uploads\/2013\/07\/Panyee-Island-Village-on-Stilts.jpg 1080w\" sizes=\"(max-width: 1024px) 100vw, 1024px\" \/><\/figure>\n\n\n\n<figure class=\"wp-block-image size-large\"><img loading=\"lazy\" decoding=\"async\" width=\"1024\" height=\"768\" data-id=\"25428\" src=\"https:\/\/www.easydayphuket.com\/wp-content\/uploads\/2013\/07\/June-Bahtra-Spirit-of-Phang-Nga-Bay-Cruise-Charming-boat-1024x768.jpg\" alt=\"June Bathra Phang Nga Bay\" class=\"wp-image-25428\" srcset=\"https:\/\/www.easydayphuket.com\/wp-content\/uploads\/2013\/07\/June-Bahtra-Spirit-of-Phang-Nga-Bay-Cruise-Charming-boat.jpg 1024w, https:\/\/www.easydayphuket.com\/wp-content\/uploads\/2013\/07\/June-Bahtra-Spirit-of-Phang-Nga-Bay-Cruise-Charming-boat-300x225.jpg 300w, https:\/\/www.easydayphuket.com\/wp-content\/uploads\/2013\/07\/June-Bahtra-Spirit-of-Phang-Nga-Bay-Cruise-Charming-boat-768x576.jpg 768w, https:\/\/www.easydayphuket.com\/wp-content\/uploads\/2013\/07\/June-Bahtra-Spirit-of-Phang-Nga-Bay-Cruise-Charming-boat-73x55.jpg 73w, https:\/\/www.easydayphuket.com\/wp-content\/uploads\/2013\/07\/June-Bahtra-Spirit-of-Phang-Nga-Bay-Cruise-Charming-boat-510x382.jpg 510w\" sizes=\"(max-width: 1024px) 100vw, 1024px\" \/><\/figure>\n\n\n\n<figure class=\"wp-block-image size-large\"><img loading=\"lazy\" decoding=\"async\" width=\"1024\" height=\"768\" data-id=\"25440\" src=\"https:\/\/www.easydayphuket.com\/wp-content\/uploads\/2013\/07\/June-Bahtra-Spirit-of-Phang-Nga-Bay-Cruise-Jit-Jai-Boat-2-1024x768.jpg\" alt=\"June Bathra Phang Nga Bay\" class=\"wp-image-25440\" srcset=\"https:\/\/www.easydayphuket.com\/wp-content\/uploads\/2013\/07\/June-Bahtra-Spirit-of-Phang-Nga-Bay-Cruise-Jit-Jai-Boat-2.jpg 1024w, https:\/\/www.easydayphuket.com\/wp-content\/uploads\/2013\/07\/June-Bahtra-Spirit-of-Phang-Nga-Bay-Cruise-Jit-Jai-Boat-2-300x225.jpg 300w, https:\/\/www.easydayphuket.com\/wp-content\/uploads\/2013\/07\/June-Bahtra-Spirit-of-Phang-Nga-Bay-Cruise-Jit-Jai-Boat-2-768x576.jpg 768w, https:\/\/www.easydayphuket.com\/wp-content\/uploads\/2013\/07\/June-Bahtra-Spirit-of-Phang-Nga-Bay-Cruise-Jit-Jai-Boat-2-73x55.jpg 73w, https:\/\/www.easydayphuket.com\/wp-content\/uploads\/2013\/07\/June-Bahtra-Spirit-of-Phang-Nga-Bay-Cruise-Jit-Jai-Boat-2-510x382.jpg 510w\" sizes=\"(max-width: 1024px) 100vw, 1024px\" \/><\/figure>\n\n\n\n<figure class=\"wp-block-image size-large\"><img loading=\"lazy\" decoding=\"async\" width=\"1024\" height=\"768\" data-id=\"25452\" src=\"https:\/\/www.easydayphuket.com\/wp-content\/uploads\/2013\/07\/June-Bahtra-Spirit-of-Phang-Nga-Bay-Cruise-Lunch-1024x768.jpg\" alt=\"June Bathra Phang Nga Bay\" class=\"wp-image-25452\" srcset=\"https:\/\/www.easydayphuket.com\/wp-content\/uploads\/2013\/07\/June-Bahtra-Spirit-of-Phang-Nga-Bay-Cruise-Lunch.jpg 1024w, https:\/\/www.easydayphuket.com\/wp-content\/uploads\/2013\/07\/June-Bahtra-Spirit-of-Phang-Nga-Bay-Cruise-Lunch-300x225.jpg 300w, https:\/\/www.easydayphuket.com\/wp-content\/uploads\/2013\/07\/June-Bahtra-Spirit-of-Phang-Nga-Bay-Cruise-Lunch-768x576.jpg 768w, https:\/\/www.easydayphuket.com\/wp-content\/uploads\/2013\/07\/June-Bahtra-Spirit-of-Phang-Nga-Bay-Cruise-Lunch-73x55.jpg 73w, https:\/\/www.easydayphuket.com\/wp-content\/uploads\/2013\/07\/June-Bahtra-Spirit-of-Phang-Nga-Bay-Cruise-Lunch-510x382.jpg 510w\" sizes=\"(max-width: 1024px) 100vw, 1024px\" \/><\/figure>\n\n\n\n<figure class=\"wp-block-image size-large\"><img loading=\"lazy\" decoding=\"async\" width=\"1024\" height=\"412\" data-id=\"25476\" src=\"https:\/\/www.easydayphuket.com\/wp-content\/uploads\/2013\/07\/June-Bahtra-Spirit-of-Phang-Nga-Bay-Cruise-Feature-1024x412.jpg\" alt=\"June Bathra Phang Nga Bay\" class=\"wp-image-25476\" srcset=\"https:\/\/www.easydayphuket.com\/wp-content\/uploads\/2013\/07\/June-Bahtra-Spirit-of-Phang-Nga-Bay-Cruise-Feature-1024x412.jpg 1024w, https:\/\/www.easydayphuket.com\/wp-content\/uploads\/2013\/07\/June-Bahtra-Spirit-of-Phang-Nga-Bay-Cruise-Feature-300x121.jpg 300w, https:\/\/www.easydayphuket.com\/wp-content\/uploads\/2013\/07\/June-Bahtra-Spirit-of-Phang-Nga-Bay-Cruise-Feature-768x309.jpg 768w, https:\/\/www.easydayphuket.com\/wp-content\/uploads\/2013\/07\/June-Bahtra-Spirit-of-Phang-Nga-Bay-Cruise-Feature-137x55.jpg 137w, https:\/\/www.easydayphuket.com\/wp-content\/uploads\/2013\/07\/June-Bahtra-Spirit-of-Phang-Nga-Bay-Cruise-Feature.jpg 1080w, https:\/\/www.easydayphuket.com\/wp-content\/uploads\/2013\/07\/June-Bahtra-Spirit-of-Phang-Nga-Bay-Cruise-Feature-620x250.jpg 620w\" sizes=\"(max-width: 1024px) 100vw, 1024px\" \/><\/figure>\n\n\n\n<figure class=\"wp-block-image size-large\"><img loading=\"lazy\" decoding=\"async\" width=\"1024\" height=\"768\" data-id=\"25448\" src=\"https:\/\/www.easydayphuket.com\/wp-content\/uploads\/2013\/07\/June-Bahtra-Spirit-of-Phang-Nga-Bay-Cruise-Lunch-with-a-view-1024x768.jpg\" alt=\"\" class=\"wp-image-25448\" srcset=\"https:\/\/www.easydayphuket.com\/wp-content\/uploads\/2013\/07\/June-Bahtra-Spirit-of-Phang-Nga-Bay-Cruise-Lunch-with-a-view.jpg 1024w, https:\/\/www.easydayphuket.com\/wp-content\/uploads\/2013\/07\/June-Bahtra-Spirit-of-Phang-Nga-Bay-Cruise-Lunch-with-a-view-300x225.jpg 300w, https:\/\/www.easydayphuket.com\/wp-content\/uploads\/2013\/07\/June-Bahtra-Spirit-of-Phang-Nga-Bay-Cruise-Lunch-with-a-view-768x576.jpg 768w, https:\/\/www.easydayphuket.com\/wp-content\/uploads\/2013\/07\/June-Bahtra-Spirit-of-Phang-Nga-Bay-Cruise-Lunch-with-a-view-73x55.jpg 73w, https:\/\/www.easydayphuket.com\/wp-content\/uploads\/2013\/07\/June-Bahtra-Spirit-of-Phang-Nga-Bay-Cruise-Lunch-with-a-view-510x382.jpg 510w\" sizes=\"(max-width: 1024px) 100vw, 1024px\" \/><\/figure>\n<\/figure>\n\n\n\n<h2 class=\"wp-block-heading\">Die Magie der Phang Nga Bay &#8211; Tourablauf<\/h2>\n\n\n\n<ul class=\"wp-block-list\">\n<li>07.30 &#8211; Hotlabholung und Transfer im klimatisierten Minibus zum Yacht Hafen Marina.<\/li>\n\n\n\n<li>08.30 &#8211; Abfahrt an board der June Bathra in die Phang Nga Bay. (Kamera nicht vergessen)<\/li>\n\n\n\n<li>11.15 &#8211; Ankunft bei der James Bond Insel, von dort dann mit dem Longtailboot zum Dorf der Seezigeuner <a title=\"Koh Panyee Floating Fishing Village\" href=\"https:\/\/www.easydayphuket.com\/de\/phang-nga-bay-koh-panyee\/\">Koh Panyee<\/a> und fahrt durch die Mangroven und H\u00f6hlen.<\/li>\n\n\n\n<li>13.00 &#8211; Leckeres Thai Buffet an board der June Bathra. R\u00fcckfahrt in Richtung Phuket mit stop bei Lawa Insel zum entspannen und schwimmen.<\/li>\n\n\n\n<li>16.15 -Zur\u00fcck im Yacht Hafen Marina und Transfer zum Hotel.<\/li>\n<\/ul>\n\n\n\n<p>* Das Tourprogramm und die Zeiten k\u00f6nnen sich je nach Wetterlage und Bedingungen \u00e4ndern.<\/p>\n\n\n\n<p>Die Boote der June Bathra Flotte sind wundersch\u00f6ne authentische Dschunken mit malaysischen und niederl\u00e4ndischen Einfl\u00fcssen. Sie sehen aus wie aus dem Zeitalter der Piraten und Schmuggler und verf\u00fcgen \u00fcber internationale Sicherheitsstandards.<\/p>\n\n\n\n<h2 class=\"wp-block-heading\" id=\"form\">Kontaktieren Sie uns f\u00fcr Ihre Phang Nga Bay Tour<\/h2>\n\n\n\n<script charset=\"utf-8\" type=\"text\/javascript\" src=\"\/\/js.hsforms.net\/forms\/embed\/v2.js\"><\/script>\n<script>\n  hbspt.forms.create({\n    region: \"na1\",\n    portalId: \"3413662\",\n    formId: \"59765d47-ffdf-4452-a315-11081d03c004\"\n  });\n<\/script>\n\n\n\n<p>Das Team von Easy Day Thailand ist regelm\u00e4\u00dfig auf den Touren vor Ort um sich zu vergewissern das der Service und die Sicherheit unserer G\u00e4ste gew\u00e4hrleistet ist.<\/p>\n","protected":false},"excerpt":{"rendered":"<p>June Bathra &#8211; Dschunke Phang Nga Bay Ausflug&nbsp;mit der June Bathra, einer traditionellen Dschunke, ist eine faszinierende Art dieses wundersch\u00f6ne Archipel zu entdecken. Tour inklusive : June Bathra &#8211; Galerie Die Magie der Phang Nga Bay &#8211; Tourablauf * Das Tourprogramm und die Zeiten k\u00f6nnen sich je nach Wetterlage und Bedingungen \u00e4ndern. Die Boote der [&hellip;]<\/p>\n","protected":false},"author":4,"featured_media":8178,"parent":8318,"menu_order":0,"comment_status":"closed","ping_status":"open","template":"","meta":{"_acf_changed":false,"_et_pb_use_builder":"","_et_pb_old_content":"","_et_gb_content_width":"","footnotes":""},"class_list":["post-9153","page","type-page","status-publish","has-post-thumbnail","hentry"],"acf":[],"yoast_head":"<!-- This site is optimized with the Yoast SEO plugin v25.1 - https:\/\/yoast.com\/wordpress\/plugins\/seo\/ -->\n<title>June Bathra - Phang Nga Bay Ausflug mir Easy Day Phuket<\/title>\n<meta name=\"description\" content=\"June Bathra - Phang Nga Bay Ausflug ist eine Reise in vergangene Zeiten und ein Spass f\u00fcr die ganze Familie. Entdecken Sie die sch\u00f6ne Welt der Phang Nga Bay\" \/>\n<meta name=\"robots\" content=\"index, follow, max-snippet:-1, max-image-preview:large, max-video-preview:-1\" \/>\n<link rel=\"canonical\" href=\"https:\/\/www.easydayphuket.com\/de\/phuket-ausfluege\/phang-nga-bucht-ausflug\/june-bathra\/\" \/>\n<meta property=\"og:locale\" content=\"de_DE\" \/>\n<meta property=\"og:type\" content=\"article\" \/>\n<meta property=\"og:title\" content=\"June Bathra - Phang Nga Bay Ausflug mir Easy Day Phuket\" \/>\n<meta property=\"og:description\" content=\"June Bathra - Phang Nga Bay Ausflug ist eine Reise in vergangene Zeiten und ein Spass f\u00fcr die ganze Familie. Entdecken Sie die sch\u00f6ne Welt der Phang Nga Bay\" \/>\n<meta property=\"og:url\" content=\"https:\/\/www.easydayphuket.com\/de\/phuket-ausfluege\/phang-nga-bucht-ausflug\/june-bathra\/\" \/>\n<meta property=\"og:site_name\" content=\"Easy Day Phuket\" \/>\n<meta property=\"article:publisher\" content=\"https:\/\/www.facebook.com\/Easydayinthailand\/\" \/>\n<meta property=\"article:modified_time\" content=\"2024-05-12T19:59:57+00:00\" \/>\n<meta property=\"og:image\" content=\"https:\/\/www.easydayphuket.com\/wp-content\/uploads\/2013\/07\/June-Bahtra-Phuket-Thailand-5.jpg\" \/>\n\t<meta property=\"og:image:width\" content=\"600\" \/>\n\t<meta property=\"og:image:height\" content=\"400\" \/>\n\t<meta property=\"og:image:type\" content=\"image\/jpeg\" \/>\n<meta name=\"twitter:label1\" content=\"Gesch\u00e4tzte Lesezeit\" \/>\n\t<meta name=\"twitter:data1\" content=\"4\u00a0Minuten\" \/>\n<script type=\"application\/ld+json\" class=\"yoast-schema-graph\">{\"@context\":\"https:\/\/schema.org\",\"@graph\":[{\"@type\":\"WebPage\",\"@id\":\"https:\/\/www.easydayphuket.com\/de\/phuket-ausfluege\/phang-nga-bucht-ausflug\/june-bathra\/\",\"url\":\"https:\/\/www.easydayphuket.com\/de\/phuket-ausfluege\/phang-nga-bucht-ausflug\/june-bathra\/\",\"name\":\"June Bathra - Phang Nga Bay Ausflug mir Easy Day Phuket\",\"isPartOf\":{\"@id\":\"https:\/\/www.easydayphuket.com\/#website\"},\"primaryImageOfPage\":{\"@id\":\"https:\/\/www.easydayphuket.com\/de\/phuket-ausfluege\/phang-nga-bucht-ausflug\/june-bathra\/#primaryimage\"},\"image\":{\"@id\":\"https:\/\/www.easydayphuket.com\/de\/phuket-ausfluege\/phang-nga-bucht-ausflug\/june-bathra\/#primaryimage\"},\"thumbnailUrl\":\"https:\/\/www.easydayphuket.com\/wp-content\/uploads\/2013\/07\/June-Bahtra-Phuket-Thailand-5.jpg\",\"datePublished\":\"2015-03-12T05:46:40+00:00\",\"dateModified\":\"2024-05-12T19:59:57+00:00\",\"description\":\"June Bathra - Phang Nga Bay Ausflug ist eine Reise in vergangene Zeiten und ein Spass f\u00fcr die ganze Familie. Entdecken Sie die sch\u00f6ne Welt der Phang Nga Bay\",\"breadcrumb\":{\"@id\":\"https:\/\/www.easydayphuket.com\/de\/phuket-ausfluege\/phang-nga-bucht-ausflug\/june-bathra\/#breadcrumb\"},\"inLanguage\":\"de\",\"potentialAction\":[{\"@type\":\"ReadAction\",\"target\":[\"https:\/\/www.easydayphuket.com\/de\/phuket-ausfluege\/phang-nga-bucht-ausflug\/june-bathra\/\"]}]},{\"@type\":\"ImageObject\",\"inLanguage\":\"de\",\"@id\":\"https:\/\/www.easydayphuket.com\/de\/phuket-ausfluege\/phang-nga-bucht-ausflug\/june-bathra\/#primaryimage\",\"url\":\"https:\/\/www.easydayphuket.com\/wp-content\/uploads\/2013\/07\/June-Bahtra-Phuket-Thailand-5.jpg\",\"contentUrl\":\"https:\/\/www.easydayphuket.com\/wp-content\/uploads\/2013\/07\/June-Bahtra-Phuket-Thailand-5.jpg\",\"width\":600,\"height\":400,\"caption\":\"June Bahtra's\"},{\"@type\":\"BreadcrumbList\",\"@id\":\"https:\/\/www.easydayphuket.com\/de\/phuket-ausfluege\/phang-nga-bucht-ausflug\/june-bathra\/#breadcrumb\",\"itemListElement\":[{\"@type\":\"ListItem\",\"position\":1,\"name\":\"Home\",\"item\":\"https:\/\/www.easydayphuket.com\/de\/\"},{\"@type\":\"ListItem\",\"position\":2,\"name\":\"Phuket Ausfl\u00fcge\",\"item\":\"https:\/\/www.easydayphuket.com\/de\/phuket-ausfluege\/\"},{\"@type\":\"ListItem\",\"position\":3,\"name\":\"Phang Nga Bay Ausflug\",\"item\":\"https:\/\/www.easydayphuket.com\/de\/phuket-ausfluege\/phang-nga-bucht-ausflug\/\"},{\"@type\":\"ListItem\",\"position\":4,\"name\":\"June Bathra &#8211; Phang Nga Bay Ausflug\"}]},{\"@type\":\"WebSite\",\"@id\":\"https:\/\/www.easydayphuket.com\/#website\",\"url\":\"https:\/\/www.easydayphuket.com\/\",\"name\":\"Easy Day Phuket\",\"description\":\"Ihr Phuket Tour & Reise Partner\",\"publisher\":{\"@id\":\"https:\/\/www.easydayphuket.com\/#organization\"},\"potentialAction\":[{\"@type\":\"SearchAction\",\"target\":{\"@type\":\"EntryPoint\",\"urlTemplate\":\"https:\/\/www.easydayphuket.com\/?s={search_term_string}\"},\"query-input\":{\"@type\":\"PropertyValueSpecification\",\"valueRequired\":true,\"valueName\":\"search_term_string\"}}],\"inLanguage\":\"de\"},{\"@type\":\"Organization\",\"@id\":\"https:\/\/www.easydayphuket.com\/#organization\",\"name\":\"Easy Day Thailand\",\"url\":\"https:\/\/www.easydayphuket.com\/\",\"logo\":{\"@type\":\"ImageObject\",\"inLanguage\":\"de\",\"@id\":\"https:\/\/www.easydayphuket.com\/#\/schema\/logo\/image\/\",\"url\":\"https:\/\/www.easydayphuket.com\/wp-content\/uploads\/2013\/07\/Sun-Thaiflag_booking12.gif\",\"contentUrl\":\"https:\/\/www.easydayphuket.com\/wp-content\/uploads\/2013\/07\/Sun-Thaiflag_booking12.gif\",\"width\":100,\"height\":94,\"caption\":\"Easy Day Thailand\"},\"image\":{\"@id\":\"https:\/\/www.easydayphuket.com\/#\/schema\/logo\/image\/\"},\"sameAs\":[\"https:\/\/www.facebook.com\/Easydayinthailand\/\",\"https:\/\/www.instagram.com\/easydaythailand\/\"]}]}<\/script>\n<!-- \/ Yoast SEO plugin. -->","yoast_head_json":{"title":"June Bathra - Phang Nga Bay Ausflug mir Easy Day Phuket","description":"June Bathra - Phang Nga Bay Ausflug ist eine Reise in vergangene Zeiten und ein Spass f\u00fcr die ganze Familie. Entdecken Sie die sch\u00f6ne Welt der Phang Nga Bay","robots":{"index":"index","follow":"follow","max-snippet":"max-snippet:-1","max-image-preview":"max-image-preview:large","max-video-preview":"max-video-preview:-1"},"canonical":"https:\/\/www.easydayphuket.com\/de\/phuket-ausfluege\/phang-nga-bucht-ausflug\/june-bathra\/","og_locale":"de_DE","og_type":"article","og_title":"June Bathra - Phang Nga Bay Ausflug mir Easy Day Phuket","og_description":"June Bathra - Phang Nga Bay Ausflug ist eine Reise in vergangene Zeiten und ein Spass f\u00fcr die ganze Familie. Entdecken Sie die sch\u00f6ne Welt der Phang Nga Bay","og_url":"https:\/\/www.easydayphuket.com\/de\/phuket-ausfluege\/phang-nga-bucht-ausflug\/june-bathra\/","og_site_name":"Easy Day Phuket","article_publisher":"https:\/\/www.facebook.com\/Easydayinthailand\/","article_modified_time":"2024-05-12T19:59:57+00:00","og_image":[{"width":600,"height":400,"url":"https:\/\/www.easydayphuket.com\/wp-content\/uploads\/2013\/07\/June-Bahtra-Phuket-Thailand-5.jpg","type":"image\/jpeg"}],"twitter_misc":{"Gesch\u00e4tzte Lesezeit":"4\u00a0Minuten"},"schema":{"@context":"https:\/\/schema.org","@graph":[{"@type":"WebPage","@id":"https:\/\/www.easydayphuket.com\/de\/phuket-ausfluege\/phang-nga-bucht-ausflug\/june-bathra\/","url":"https:\/\/www.easydayphuket.com\/de\/phuket-ausfluege\/phang-nga-bucht-ausflug\/june-bathra\/","name":"June Bathra - Phang Nga Bay Ausflug mir Easy Day Phuket","isPartOf":{"@id":"https:\/\/www.easydayphuket.com\/#website"},"primaryImageOfPage":{"@id":"https:\/\/www.easydayphuket.com\/de\/phuket-ausfluege\/phang-nga-bucht-ausflug\/june-bathra\/#primaryimage"},"image":{"@id":"https:\/\/www.easydayphuket.com\/de\/phuket-ausfluege\/phang-nga-bucht-ausflug\/june-bathra\/#primaryimage"},"thumbnailUrl":"https:\/\/www.easydayphuket.com\/wp-content\/uploads\/2013\/07\/June-Bahtra-Phuket-Thailand-5.jpg","datePublished":"2015-03-12T05:46:40+00:00","dateModified":"2024-05-12T19:59:57+00:00","description":"June Bathra - Phang Nga Bay Ausflug ist eine Reise in vergangene Zeiten und ein Spass f\u00fcr die ganze Familie. Entdecken Sie die sch\u00f6ne Welt der Phang Nga Bay","breadcrumb":{"@id":"https:\/\/www.easydayphuket.com\/de\/phuket-ausfluege\/phang-nga-bucht-ausflug\/june-bathra\/#breadcrumb"},"inLanguage":"de","potentialAction":[{"@type":"ReadAction","target":["https:\/\/www.easydayphuket.com\/de\/phuket-ausfluege\/phang-nga-bucht-ausflug\/june-bathra\/"]}]},{"@type":"ImageObject","inLanguage":"de","@id":"https:\/\/www.easydayphuket.com\/de\/phuket-ausfluege\/phang-nga-bucht-ausflug\/june-bathra\/#primaryimage","url":"https:\/\/www.easydayphuket.com\/wp-content\/uploads\/2013\/07\/June-Bahtra-Phuket-Thailand-5.jpg","contentUrl":"https:\/\/www.easydayphuket.com\/wp-content\/uploads\/2013\/07\/June-Bahtra-Phuket-Thailand-5.jpg","width":600,"height":400,"caption":"June Bahtra's"},{"@type":"BreadcrumbList","@id":"https:\/\/www.easydayphuket.com\/de\/phuket-ausfluege\/phang-nga-bucht-ausflug\/june-bathra\/#breadcrumb","itemListElement":[{"@type":"ListItem","position":1,"name":"Home","item":"https:\/\/www.easydayphuket.com\/de\/"},{"@type":"ListItem","position":2,"name":"Phuket Ausfl\u00fcge","item":"https:\/\/www.easydayphuket.com\/de\/phuket-ausfluege\/"},{"@type":"ListItem","position":3,"name":"Phang Nga Bay Ausflug","item":"https:\/\/www.easydayphuket.com\/de\/phuket-ausfluege\/phang-nga-bucht-ausflug\/"},{"@type":"ListItem","position":4,"name":"June Bathra &#8211; Phang Nga Bay Ausflug"}]},{"@type":"WebSite","@id":"https:\/\/www.easydayphuket.com\/#website","url":"https:\/\/www.easydayphuket.com\/","name":"Easy Day Phuket","description":"Ihr Phuket Tour & Reise Partner","publisher":{"@id":"https:\/\/www.easydayphuket.com\/#organization"},"potentialAction":[{"@type":"SearchAction","target":{"@type":"EntryPoint","urlTemplate":"https:\/\/www.easydayphuket.com\/?s={search_term_string}"},"query-input":{"@type":"PropertyValueSpecification","valueRequired":true,"valueName":"search_term_string"}}],"inLanguage":"de"},{"@type":"Organization","@id":"https:\/\/www.easydayphuket.com\/#organization","name":"Easy Day Thailand","url":"https:\/\/www.easydayphuket.com\/","logo":{"@type":"ImageObject","inLanguage":"de","@id":"https:\/\/www.easydayphuket.com\/#\/schema\/logo\/image\/","url":"https:\/\/www.easydayphuket.com\/wp-content\/uploads\/2013\/07\/Sun-Thaiflag_booking12.gif","contentUrl":"https:\/\/www.easydayphuket.com\/wp-content\/uploads\/2013\/07\/Sun-Thaiflag_booking12.gif","width":100,"height":94,"caption":"Easy Day Thailand"},"image":{"@id":"https:\/\/www.easydayphuket.com\/#\/schema\/logo\/image\/"},"sameAs":["https:\/\/www.facebook.com\/Easydayinthailand\/","https:\/\/www.instagram.com\/easydaythailand\/"]}]}},"_links":{"self":[{"href":"https:\/\/www.easydayphuket.com\/de\/wp-json\/wp\/v2\/pages\/9153","targetHints":{"allow":["GET"]}}],"collection":[{"href":"https:\/\/www.easydayphuket.com\/de\/wp-json\/wp\/v2\/pages"}],"about":[{"href":"https:\/\/www.easydayphuket.com\/de\/wp-json\/wp\/v2\/types\/page"}],"author":[{"embeddable":true,"href":"https:\/\/www.easydayphuket.com\/de\/wp-json\/wp\/v2\/users\/4"}],"replies":[{"embeddable":true,"href":"https:\/\/www.easydayphuket.com\/de\/wp-json\/wp\/v2\/comments?post=9153"}],"version-history":[{"count":0,"href":"https:\/\/www.easydayphuket.com\/de\/wp-json\/wp\/v2\/pages\/9153\/revisions"}],"up":[{"embeddable":true,"href":"https:\/\/www.easydayphuket.com\/de\/wp-json\/wp\/v2\/pages\/8318"}],"wp:featuredmedia":[{"embeddable":true,"href":"https:\/\/www.easydayphuket.com\/de\/wp-json\/wp\/v2\/media\/8178"}],"wp:attachment":[{"href":"https:\/\/www.easydayphuket.com\/de\/wp-json\/wp\/v2\/media?parent=9153"}],"curies":[{"name":"wp","href":"https:\/\/api.w.org\/{rel}","templated":true}]}}