{"id":9141,"date":"2015-03-12T16:28:15","date_gmt":"2015-03-12T09:28:15","guid":{"rendered":"https:\/\/www.easydayphuket.com\/?page_id=9141"},"modified":"2024-05-13T03:00:46","modified_gmt":"2024-05-12T20:00:46","slug":"kanu","status":"publish","type":"page","link":"https:\/\/www.easydayphuket.com\/de\/phuket-ausfluege\/phang-nga-bucht-ausflug\/kanu\/","title":{"rendered":"Kanu &#8211; Phang Nga Bay Tagestour"},"content":{"rendered":"\n<figure class=\"wp-block-image alignright\"><a href=\"https:\/\/www.easydayphuket.com\/wp-content\/uploads\/2013\/07\/Phuekt-Sea-Canoe.jpg\"><img loading=\"lazy\" decoding=\"async\" width=\"300\" height=\"169\" src=\"https:\/\/www.easydayphuket.com\/wp-content\/uploads\/2013\/07\/Phuekt-Sea-Canoe-300x169.jpg\" alt=\"Phang Nga Bay Kanu Tagestour\" class=\"wp-image-15314\" srcset=\"https:\/\/www.easydayphuket.com\/wp-content\/uploads\/2013\/07\/Phuekt-Sea-Canoe-300x169.jpg 300w, https:\/\/www.easydayphuket.com\/wp-content\/uploads\/2013\/07\/Phuekt-Sea-Canoe-768x432.jpg 768w, https:\/\/www.easydayphuket.com\/wp-content\/uploads\/2013\/07\/Phuekt-Sea-Canoe.jpg 1024w, https:\/\/www.easydayphuket.com\/wp-content\/uploads\/2013\/07\/Phuekt-Sea-Canoe-98x55.jpg 98w\" sizes=\"(max-width: 300px) 100vw, 300px\" \/><\/a><figcaption class=\"wp-element-caption\">Kanuing<\/figcaption><\/figure>\n\n\n\n<p>Phuket Ausfl\u00fcge &#8211; Phang Nga Bay Kanu Tagestour ist eine gro\u00dfe Rundfahrt in der Bucht von Phang Nga. Eine Tour f\u00fcr die ganze Familie an die man sich lange zur\u00fcck erinnern wird.<\/p>\n\n\n\n<ul class=\"wp-block-list\">\n<li>Mit erfahrenen Guides durch H\u00f6hlen, Lagunen entlang der Mangroven.<\/li>\n\n\n\n<li>Sie werden Flederm\u00e4use in H\u00f6hlen und Affen auf den Inseln der\u00a0 Phang Nga Bay sehen.<\/li>\n\n\n\n<li>Seeadler sind w\u00e4hrend der Kanutour st\u00e4ndig gegenw\u00e4rtig.<\/li>\n\n\n\n<li>Entspannen und schwimmen an wei\u00dfen Str\u00e4nden.<\/li>\n\n\n\n<li>Abstecher zur James Bond Insel.<\/li>\n<\/ul>\n\n\n\n\t\t\t<div class='et-tabs-container et_sliderfx_fade et_sliderauto_false et_sliderauto_speed_5000 et_slidertype_top_tabs'>\n\t\t\t\t<div class='et_slidecontent'>\n\t\t\t<p><strong>Preise in Thai Baht pro Person:\u00a01,800 | Kinder (3-10 Jahren) 1,400\u00a0<\/strong><\/p>\n<p><strong>T<\/strong><strong>our Inklusive :<\/strong><\/p>\n<ul>\n<li>Hoteltransfer mit klimatisierten Minibus.<\/li>\n<li>Leckeres Thail\u00e4ndisches Buffet, Snacks, Softdrinks und Fr\u00fcchte.<\/li>\n<li>Ortskundiger Reiseleiter, Schwimmwesten, Versicherung und Steuern<\/li>\n<\/ul>\n<p style=\"text-align: right;\"><a href='#form' class='small-button smallblue'>Buchen \/ Kontakt<\/a><\/p>\n\t\t<\/div> \n\t\t<div class='et_slidecontent'>\n\t\t\t<p><strong>Preise in Thai Baht pro Gruppe: 1-10 Erwachsene 43,000<\/span>\u00a0| Extra Person 1,900<\/span><\/strong><\/p>\n<ul>\n<li>Hoteltransfer mit klimatisierten Minibus.<\/li>\n<li>Nationalpark-Geb\u00fchr.<\/li>\n<li>Leckeres Thail\u00e4ndisches Buffet, Snacks, Softdrinks und Fr\u00fcchte.<\/li>\n<li>Ortskundiger Reiseleiter, Schwimmwesten, Versicherung und Steuern<\/li>\n<\/ul>\n\t\t<\/div>\n\t\t\t<\/div>\n\n\n\n<h2 class=\"wp-block-heading\">Sea Kanu Gallerie<\/h2>\n\n\n\n<figure class=\"wp-block-gallery has-nested-images columns-3 is-cropped wp-block-gallery-1 is-layout-flex wp-block-gallery-is-layout-flex\">\n<figure class=\"wp-block-image size-large\"><img loading=\"lazy\" decoding=\"async\" width=\"1024\" height=\"661\" data-id=\"9090\" src=\"https:\/\/www.easydayphuket.com\/wp-content\/uploads\/2013\/07\/Phuket-Sea-Canoe-Tour-Phang-Nga-areal-1024x661.jpg\" alt=\"Phang Nga Bay Kanu Tagestour\" class=\"wp-image-9090\" srcset=\"https:\/\/www.easydayphuket.com\/wp-content\/uploads\/2013\/07\/Phuket-Sea-Canoe-Tour-Phang-Nga-areal-1024x661.jpg 1024w, https:\/\/www.easydayphuket.com\/wp-content\/uploads\/2013\/07\/Phuket-Sea-Canoe-Tour-Phang-Nga-areal-300x194.jpg 300w, https:\/\/www.easydayphuket.com\/wp-content\/uploads\/2013\/07\/Phuket-Sea-Canoe-Tour-Phang-Nga-areal-85x55.jpg 85w, https:\/\/www.easydayphuket.com\/wp-content\/uploads\/2013\/07\/Phuket-Sea-Canoe-Tour-Phang-Nga-areal.jpg 1200w\" sizes=\"(max-width: 1024px) 100vw, 1024px\" \/><\/figure>\n\n\n\n<figure class=\"wp-block-image size-large\"><img loading=\"lazy\" decoding=\"async\" width=\"1024\" height=\"661\" data-id=\"9095\" src=\"https:\/\/www.easydayphuket.com\/wp-content\/uploads\/2013\/07\/Phuket-Sea-Canoe-Tour-Phang-Nga-canoeing-1024x661.jpg\" alt=\"Phuket Kanu Tagestour\" class=\"wp-image-9095\" srcset=\"https:\/\/www.easydayphuket.com\/wp-content\/uploads\/2013\/07\/Phuket-Sea-Canoe-Tour-Phang-Nga-canoeing-1024x661.jpg 1024w, https:\/\/www.easydayphuket.com\/wp-content\/uploads\/2013\/07\/Phuket-Sea-Canoe-Tour-Phang-Nga-canoeing-300x194.jpg 300w, https:\/\/www.easydayphuket.com\/wp-content\/uploads\/2013\/07\/Phuket-Sea-Canoe-Tour-Phang-Nga-canoeing-85x55.jpg 85w, https:\/\/www.easydayphuket.com\/wp-content\/uploads\/2013\/07\/Phuket-Sea-Canoe-Tour-Phang-Nga-canoeing.jpg 1200w\" sizes=\"(max-width: 1024px) 100vw, 1024px\" \/><\/figure>\n\n\n\n<figure class=\"wp-block-image size-large\"><img loading=\"lazy\" decoding=\"async\" width=\"1024\" height=\"661\" data-id=\"9100\" src=\"https:\/\/www.easydayphuket.com\/wp-content\/uploads\/2013\/07\/Phuket-Sea-Canoe-Tour-Phang-Nga-Cave-1024x661.jpg\" alt=\"Wetter Phuket\" class=\"wp-image-9100\" srcset=\"https:\/\/www.easydayphuket.com\/wp-content\/uploads\/2013\/07\/Phuket-Sea-Canoe-Tour-Phang-Nga-Cave-1024x661.jpg 1024w, https:\/\/www.easydayphuket.com\/wp-content\/uploads\/2013\/07\/Phuket-Sea-Canoe-Tour-Phang-Nga-Cave-300x194.jpg 300w, https:\/\/www.easydayphuket.com\/wp-content\/uploads\/2013\/07\/Phuket-Sea-Canoe-Tour-Phang-Nga-Cave-85x55.jpg 85w, https:\/\/www.easydayphuket.com\/wp-content\/uploads\/2013\/07\/Phuket-Sea-Canoe-Tour-Phang-Nga-Cave.jpg 1200w\" sizes=\"(max-width: 1024px) 100vw, 1024px\" \/><\/figure>\n\n\n\n<figure class=\"wp-block-image size-large\"><img loading=\"lazy\" decoding=\"async\" width=\"1024\" height=\"661\" data-id=\"9125\" src=\"https:\/\/www.easydayphuket.com\/wp-content\/uploads\/2013\/07\/Phuket-Sea-Canoe-Tour-Phang-Nga-The-Boat-1024x661.jpg\" alt=\"Phang Nga Bay Kanu Tagestour\" class=\"wp-image-9125\" srcset=\"https:\/\/www.easydayphuket.com\/wp-content\/uploads\/2013\/07\/Phuket-Sea-Canoe-Tour-Phang-Nga-The-Boat-1024x661.jpg 1024w, https:\/\/www.easydayphuket.com\/wp-content\/uploads\/2013\/07\/Phuket-Sea-Canoe-Tour-Phang-Nga-The-Boat-300x194.jpg 300w, https:\/\/www.easydayphuket.com\/wp-content\/uploads\/2013\/07\/Phuket-Sea-Canoe-Tour-Phang-Nga-The-Boat-85x55.jpg 85w, https:\/\/www.easydayphuket.com\/wp-content\/uploads\/2013\/07\/Phuket-Sea-Canoe-Tour-Phang-Nga-The-Boat.jpg 1200w\" sizes=\"(max-width: 1024px) 100vw, 1024px\" \/><\/figure>\n\n\n\n<figure class=\"wp-block-image size-large\"><img loading=\"lazy\" decoding=\"async\" width=\"1024\" height=\"661\" data-id=\"9105\" src=\"https:\/\/www.easydayphuket.com\/wp-content\/uploads\/2013\/07\/Phuket-Sea-Canoe-Tour-Phang-Nga-Cave-2-1024x661.jpg\" alt=\"Phuket Sea Kanu\" class=\"wp-image-9105\" srcset=\"https:\/\/www.easydayphuket.com\/wp-content\/uploads\/2013\/07\/Phuket-Sea-Canoe-Tour-Phang-Nga-Cave-2-1024x661.jpg 1024w, https:\/\/www.easydayphuket.com\/wp-content\/uploads\/2013\/07\/Phuket-Sea-Canoe-Tour-Phang-Nga-Cave-2-300x194.jpg 300w, https:\/\/www.easydayphuket.com\/wp-content\/uploads\/2013\/07\/Phuket-Sea-Canoe-Tour-Phang-Nga-Cave-2-85x55.jpg 85w, https:\/\/www.easydayphuket.com\/wp-content\/uploads\/2013\/07\/Phuket-Sea-Canoe-Tour-Phang-Nga-Cave-2.jpg 1200w\" sizes=\"(max-width: 1024px) 100vw, 1024px\" \/><\/figure>\n\n\n\n<figure class=\"wp-block-image size-large\"><img loading=\"lazy\" decoding=\"async\" width=\"1024\" height=\"661\" data-id=\"9115\" src=\"https:\/\/www.easydayphuket.com\/wp-content\/uploads\/2013\/07\/Phuket-Sea-Canoe-Tour-Phang-Nga-Hong-1024x661.jpg\" alt=\"Phang Nga Bay Kanu Tagestour\" class=\"wp-image-9115\" srcset=\"https:\/\/www.easydayphuket.com\/wp-content\/uploads\/2013\/07\/Phuket-Sea-Canoe-Tour-Phang-Nga-Hong-1024x661.jpg 1024w, https:\/\/www.easydayphuket.com\/wp-content\/uploads\/2013\/07\/Phuket-Sea-Canoe-Tour-Phang-Nga-Hong-300x194.jpg 300w, https:\/\/www.easydayphuket.com\/wp-content\/uploads\/2013\/07\/Phuket-Sea-Canoe-Tour-Phang-Nga-Hong-85x55.jpg 85w, https:\/\/www.easydayphuket.com\/wp-content\/uploads\/2013\/07\/Phuket-Sea-Canoe-Tour-Phang-Nga-Hong.jpg 1200w\" sizes=\"(max-width: 1024px) 100vw, 1024px\" \/><\/figure>\n\n\n\n<figure class=\"wp-block-image size-large\"><img loading=\"lazy\" decoding=\"async\" width=\"1024\" height=\"576\" data-id=\"15320\" src=\"https:\/\/www.easydayphuket.com\/wp-content\/uploads\/2013\/07\/Koh-Hong-the-Lagoon-1024x576.jpg\" alt=\"Phang Nga Bay Kanu Tagestour\" class=\"wp-image-15320\" srcset=\"https:\/\/www.easydayphuket.com\/wp-content\/uploads\/2013\/07\/Koh-Hong-the-Lagoon.jpg 1024w, https:\/\/www.easydayphuket.com\/wp-content\/uploads\/2013\/07\/Koh-Hong-the-Lagoon-300x169.jpg 300w, https:\/\/www.easydayphuket.com\/wp-content\/uploads\/2013\/07\/Koh-Hong-the-Lagoon-768x432.jpg 768w, https:\/\/www.easydayphuket.com\/wp-content\/uploads\/2013\/07\/Koh-Hong-the-Lagoon-98x55.jpg 98w\" sizes=\"(max-width: 1024px) 100vw, 1024px\" \/><\/figure>\n\n\n\n<figure class=\"wp-block-image size-large\"><img loading=\"lazy\" decoding=\"async\" width=\"1024\" height=\"661\" data-id=\"9110\" src=\"https:\/\/www.easydayphuket.com\/wp-content\/uploads\/2013\/07\/Phuket-Sea-Canoe-Tour-Phang-Nga-Happy-Guests-1024x661.jpg\" alt=\"Koh Hong Island Kanuing\" class=\"wp-image-9110\" srcset=\"https:\/\/www.easydayphuket.com\/wp-content\/uploads\/2013\/07\/Phuket-Sea-Canoe-Tour-Phang-Nga-Happy-Guests-1024x661.jpg 1024w, https:\/\/www.easydayphuket.com\/wp-content\/uploads\/2013\/07\/Phuket-Sea-Canoe-Tour-Phang-Nga-Happy-Guests-300x194.jpg 300w, https:\/\/www.easydayphuket.com\/wp-content\/uploads\/2013\/07\/Phuket-Sea-Canoe-Tour-Phang-Nga-Happy-Guests-85x55.jpg 85w, https:\/\/www.easydayphuket.com\/wp-content\/uploads\/2013\/07\/Phuket-Sea-Canoe-Tour-Phang-Nga-Happy-Guests.jpg 1200w\" sizes=\"(max-width: 1024px) 100vw, 1024px\" \/><\/figure>\n<\/figure>\n\n\n\n<h2 class=\"wp-block-heading\">Phuket Sea Kanu &#8211; Tourablauf<\/h2>\n\n\n\n<ul class=\"wp-block-list\">\n<li>07.30 &#8211; Ihr Phuket Sea Kanoe Abenteuer f\u00e4ngt mit der Hotelabholung an und bringt Sie zum Klong Kian Pier\u00a0 nord\u00f6stlich von Phuket. Auf dem Weg dorthin werden Sie die Sarasin Br\u00fccke \u00fcberqueren die Phuket mit dem Festland verbindet.<\/li>\n\n\n\n<li>09.00 &#8211; Gehts an board und das Schiff f\u00e4hrt in die Phang Nga Bucht wo man die Kamera zur Hand haben sollte.<\/li>\n\n\n\n<li>10.00 &#8211; Stop an der Panak Insel wo es in die Kanus geht um die Insel zu entdecken.<\/li>\n\n\n\n<li>11.30 &#8211; Besuch der James Bond Insel und danach leckeres Thai Buffet an board.<\/li>\n\n\n\n<li>14.00 &#8211; Besuch der Hong Insel mit dem Kanu.<\/li>\n\n\n\n<li>15.30 &#8211;\u00a0 Am Nachmittag gehts an einen der wei\u00dfen Str\u00e4nd wo genug Zeit bleibt zum Kanufahren, Schwimmen 0der Entspannen.<\/li>\n\n\n\n<li>16.30 &#8211; Zur\u00fcck am Ao Por Hafen und Transfer zum Hotel.<\/li>\n<\/ul>\n\n\n\n<p>* Das Tourprogramm und die Zeiten k\u00f6nnen sich je nach Wetterlage und Bedingungen \u00e4ndern.<\/p>\n\n\n\n<p class=\"has-text-align-left\">Wenn Sie es bevorzugen in kleineren Gruppen die Phang Nga Bucht zu erkuden, dann schauen Sie sich diese Seite an. <a title=\"John Gray\u2019s Hong By Starlight Tour\" href=\"https:\/\/www.easydayphuket.com\/de\/phuket-ausfluege\/phang-nga-bucht-ausflug\/john-gray\/\">John Gray&#8217;s Hong By Starlight Tour.&nbsp;<\/a><\/p>\n\n\n\n<h2 class=\"wp-block-heading\" id=\"form\">Kontakt\u00a0zur Phang Nga Bay Kanu Tagestour<\/h2>\n\n\n\n<script charset=\"utf-8\" type=\"text\/javascript\" src=\"\/\/js.hsforms.net\/forms\/embed\/v2.js\"><\/script>\n<script>\n  hbspt.forms.create({\n    region: \"na1\",\n    portalId: \"3413662\",\n    formId: \"59765d47-ffdf-4452-a315-11081d03c004\"\n  });\n<\/script>\n","protected":false},"excerpt":{"rendered":"<p>Phuket Ausfl\u00fcge &#8211; Phang Nga Bay Kanu Tagestour ist eine gro\u00dfe Rundfahrt in der Bucht von Phang Nga. Eine Tour f\u00fcr die ganze Familie an die man sich lange zur\u00fcck erinnern wird. Sea Kanu Gallerie Phuket Sea Kanu &#8211; Tourablauf * Das Tourprogramm und die Zeiten k\u00f6nnen sich je nach Wetterlage und Bedingungen \u00e4ndern. Wenn [&hellip;]<\/p>\n","protected":false},"author":4,"featured_media":0,"parent":8318,"menu_order":0,"comment_status":"closed","ping_status":"open","template":"","meta":{"_acf_changed":false,"_et_pb_use_builder":"","_et_pb_old_content":"","_et_gb_content_width":"","footnotes":""},"class_list":["post-9141","page","type-page","status-publish","hentry"],"acf":[],"yoast_head":"<!-- This site is optimized with the Yoast SEO plugin v25.1 - https:\/\/yoast.com\/wordpress\/plugins\/seo\/ -->\n<title>Phang Nga Bay Kanu Tagesausflug mit Easy Day Phuket<\/title>\n<meta name=\"description\" content=\"Phang Nga Bay Kanu Tagesausflug ist an Sch\u00f6nheit der Umgebung wirklich schwer zu \u00fcbertreffen, ein Ausflug mit bleibenden Eindr\u00fccken.\" \/>\n<meta name=\"robots\" content=\"index, follow, max-snippet:-1, max-image-preview:large, max-video-preview:-1\" \/>\n<link rel=\"canonical\" href=\"https:\/\/www.easydayphuket.com\/de\/phuket-ausfluege\/phang-nga-bucht-ausflug\/kanu\/\" \/>\n<meta property=\"og:locale\" content=\"de_DE\" \/>\n<meta property=\"og:type\" content=\"article\" \/>\n<meta property=\"og:title\" content=\"Phang Nga Bay Kanu Tagesausflug mit Easy Day Phuket\" \/>\n<meta property=\"og:description\" content=\"Phang Nga Bay Kanu Tagesausflug ist an Sch\u00f6nheit der Umgebung wirklich schwer zu \u00fcbertreffen, ein Ausflug mit bleibenden Eindr\u00fccken.\" \/>\n<meta property=\"og:url\" content=\"https:\/\/www.easydayphuket.com\/de\/phuket-ausfluege\/phang-nga-bucht-ausflug\/kanu\/\" \/>\n<meta property=\"og:site_name\" content=\"Easy Day Phuket\" \/>\n<meta property=\"article:publisher\" content=\"https:\/\/www.facebook.com\/Easydayinthailand\/\" \/>\n<meta property=\"article:modified_time\" content=\"2024-05-12T20:00:46+00:00\" \/>\n<meta property=\"og:image\" content=\"https:\/\/www.easydayphuket.com\/wp-content\/uploads\/2013\/07\/Phuekt-Sea-Canoe-300x169.jpg\" \/>\n<meta name=\"twitter:label1\" content=\"Gesch\u00e4tzte Lesezeit\" \/>\n\t<meta name=\"twitter:data1\" content=\"7\u00a0Minuten\" \/>\n<script type=\"application\/ld+json\" class=\"yoast-schema-graph\">{\"@context\":\"https:\/\/schema.org\",\"@graph\":[{\"@type\":\"WebPage\",\"@id\":\"https:\/\/www.easydayphuket.com\/de\/phuket-ausfluege\/phang-nga-bucht-ausflug\/kanu\/\",\"url\":\"https:\/\/www.easydayphuket.com\/de\/phuket-ausfluege\/phang-nga-bucht-ausflug\/kanu\/\",\"name\":\"Phang Nga Bay Kanu Tagesausflug mit Easy Day Phuket\",\"isPartOf\":{\"@id\":\"https:\/\/www.easydayphuket.com\/#website\"},\"primaryImageOfPage\":{\"@id\":\"https:\/\/www.easydayphuket.com\/de\/phuket-ausfluege\/phang-nga-bucht-ausflug\/kanu\/#primaryimage\"},\"image\":{\"@id\":\"https:\/\/www.easydayphuket.com\/de\/phuket-ausfluege\/phang-nga-bucht-ausflug\/kanu\/#primaryimage\"},\"thumbnailUrl\":\"https:\/\/www.easydayphuket.com\/wp-content\/uploads\/2013\/07\/Phuekt-Sea-Canoe-300x169.jpg\",\"datePublished\":\"2015-03-12T09:28:15+00:00\",\"dateModified\":\"2024-05-12T20:00:46+00:00\",\"description\":\"Phang Nga Bay Kanu Tagesausflug ist an Sch\u00f6nheit der Umgebung wirklich schwer zu \u00fcbertreffen, ein Ausflug mit bleibenden Eindr\u00fccken.\",\"breadcrumb\":{\"@id\":\"https:\/\/www.easydayphuket.com\/de\/phuket-ausfluege\/phang-nga-bucht-ausflug\/kanu\/#breadcrumb\"},\"inLanguage\":\"de\",\"potentialAction\":[{\"@type\":\"ReadAction\",\"target\":[\"https:\/\/www.easydayphuket.com\/de\/phuket-ausfluege\/phang-nga-bucht-ausflug\/kanu\/\"]}]},{\"@type\":\"ImageObject\",\"inLanguage\":\"de\",\"@id\":\"https:\/\/www.easydayphuket.com\/de\/phuket-ausfluege\/phang-nga-bucht-ausflug\/kanu\/#primaryimage\",\"url\":\"https:\/\/www.easydayphuket.com\/wp-content\/uploads\/2013\/07\/Phuekt-Sea-Canoe-300x169.jpg\",\"contentUrl\":\"https:\/\/www.easydayphuket.com\/wp-content\/uploads\/2013\/07\/Phuekt-Sea-Canoe-300x169.jpg\"},{\"@type\":\"BreadcrumbList\",\"@id\":\"https:\/\/www.easydayphuket.com\/de\/phuket-ausfluege\/phang-nga-bucht-ausflug\/kanu\/#breadcrumb\",\"itemListElement\":[{\"@type\":\"ListItem\",\"position\":1,\"name\":\"Home\",\"item\":\"https:\/\/www.easydayphuket.com\/de\/\"},{\"@type\":\"ListItem\",\"position\":2,\"name\":\"Phuket Ausfl\u00fcge\",\"item\":\"https:\/\/www.easydayphuket.com\/de\/phuket-ausfluege\/\"},{\"@type\":\"ListItem\",\"position\":3,\"name\":\"Phang Nga Bay Ausflug\",\"item\":\"https:\/\/www.easydayphuket.com\/de\/phuket-ausfluege\/phang-nga-bucht-ausflug\/\"},{\"@type\":\"ListItem\",\"position\":4,\"name\":\"Kanu &#8211; Phang Nga Bay Tagestour\"}]},{\"@type\":\"WebSite\",\"@id\":\"https:\/\/www.easydayphuket.com\/#website\",\"url\":\"https:\/\/www.easydayphuket.com\/\",\"name\":\"Easy Day Phuket\",\"description\":\"Ihr Phuket Tour & Reise Partner\",\"publisher\":{\"@id\":\"https:\/\/www.easydayphuket.com\/#organization\"},\"potentialAction\":[{\"@type\":\"SearchAction\",\"target\":{\"@type\":\"EntryPoint\",\"urlTemplate\":\"https:\/\/www.easydayphuket.com\/?s={search_term_string}\"},\"query-input\":{\"@type\":\"PropertyValueSpecification\",\"valueRequired\":true,\"valueName\":\"search_term_string\"}}],\"inLanguage\":\"de\"},{\"@type\":\"Organization\",\"@id\":\"https:\/\/www.easydayphuket.com\/#organization\",\"name\":\"Easy Day Thailand\",\"url\":\"https:\/\/www.easydayphuket.com\/\",\"logo\":{\"@type\":\"ImageObject\",\"inLanguage\":\"de\",\"@id\":\"https:\/\/www.easydayphuket.com\/#\/schema\/logo\/image\/\",\"url\":\"https:\/\/www.easydayphuket.com\/wp-content\/uploads\/2013\/07\/Sun-Thaiflag_booking12.gif\",\"contentUrl\":\"https:\/\/www.easydayphuket.com\/wp-content\/uploads\/2013\/07\/Sun-Thaiflag_booking12.gif\",\"width\":100,\"height\":94,\"caption\":\"Easy Day Thailand\"},\"image\":{\"@id\":\"https:\/\/www.easydayphuket.com\/#\/schema\/logo\/image\/\"},\"sameAs\":[\"https:\/\/www.facebook.com\/Easydayinthailand\/\",\"https:\/\/www.instagram.com\/easydaythailand\/\"]}]}<\/script>\n<!-- \/ Yoast SEO plugin. -->","yoast_head_json":{"title":"Phang Nga Bay Kanu Tagesausflug mit Easy Day Phuket","description":"Phang Nga Bay Kanu Tagesausflug ist an Sch\u00f6nheit der Umgebung wirklich schwer zu \u00fcbertreffen, ein Ausflug mit bleibenden Eindr\u00fccken.","robots":{"index":"index","follow":"follow","max-snippet":"max-snippet:-1","max-image-preview":"max-image-preview:large","max-video-preview":"max-video-preview:-1"},"canonical":"https:\/\/www.easydayphuket.com\/de\/phuket-ausfluege\/phang-nga-bucht-ausflug\/kanu\/","og_locale":"de_DE","og_type":"article","og_title":"Phang Nga Bay Kanu Tagesausflug mit Easy Day Phuket","og_description":"Phang Nga Bay Kanu Tagesausflug ist an Sch\u00f6nheit der Umgebung wirklich schwer zu \u00fcbertreffen, ein Ausflug mit bleibenden Eindr\u00fccken.","og_url":"https:\/\/www.easydayphuket.com\/de\/phuket-ausfluege\/phang-nga-bucht-ausflug\/kanu\/","og_site_name":"Easy Day Phuket","article_publisher":"https:\/\/www.facebook.com\/Easydayinthailand\/","article_modified_time":"2024-05-12T20:00:46+00:00","og_image":[{"url":"https:\/\/www.easydayphuket.com\/wp-content\/uploads\/2013\/07\/Phuekt-Sea-Canoe-300x169.jpg","type":"","width":"","height":""}],"twitter_misc":{"Gesch\u00e4tzte Lesezeit":"7\u00a0Minuten"},"schema":{"@context":"https:\/\/schema.org","@graph":[{"@type":"WebPage","@id":"https:\/\/www.easydayphuket.com\/de\/phuket-ausfluege\/phang-nga-bucht-ausflug\/kanu\/","url":"https:\/\/www.easydayphuket.com\/de\/phuket-ausfluege\/phang-nga-bucht-ausflug\/kanu\/","name":"Phang Nga Bay Kanu Tagesausflug mit Easy Day Phuket","isPartOf":{"@id":"https:\/\/www.easydayphuket.com\/#website"},"primaryImageOfPage":{"@id":"https:\/\/www.easydayphuket.com\/de\/phuket-ausfluege\/phang-nga-bucht-ausflug\/kanu\/#primaryimage"},"image":{"@id":"https:\/\/www.easydayphuket.com\/de\/phuket-ausfluege\/phang-nga-bucht-ausflug\/kanu\/#primaryimage"},"thumbnailUrl":"https:\/\/www.easydayphuket.com\/wp-content\/uploads\/2013\/07\/Phuekt-Sea-Canoe-300x169.jpg","datePublished":"2015-03-12T09:28:15+00:00","dateModified":"2024-05-12T20:00:46+00:00","description":"Phang Nga Bay Kanu Tagesausflug ist an Sch\u00f6nheit der Umgebung wirklich schwer zu \u00fcbertreffen, ein Ausflug mit bleibenden Eindr\u00fccken.","breadcrumb":{"@id":"https:\/\/www.easydayphuket.com\/de\/phuket-ausfluege\/phang-nga-bucht-ausflug\/kanu\/#breadcrumb"},"inLanguage":"de","potentialAction":[{"@type":"ReadAction","target":["https:\/\/www.easydayphuket.com\/de\/phuket-ausfluege\/phang-nga-bucht-ausflug\/kanu\/"]}]},{"@type":"ImageObject","inLanguage":"de","@id":"https:\/\/www.easydayphuket.com\/de\/phuket-ausfluege\/phang-nga-bucht-ausflug\/kanu\/#primaryimage","url":"https:\/\/www.easydayphuket.com\/wp-content\/uploads\/2013\/07\/Phuekt-Sea-Canoe-300x169.jpg","contentUrl":"https:\/\/www.easydayphuket.com\/wp-content\/uploads\/2013\/07\/Phuekt-Sea-Canoe-300x169.jpg"},{"@type":"BreadcrumbList","@id":"https:\/\/www.easydayphuket.com\/de\/phuket-ausfluege\/phang-nga-bucht-ausflug\/kanu\/#breadcrumb","itemListElement":[{"@type":"ListItem","position":1,"name":"Home","item":"https:\/\/www.easydayphuket.com\/de\/"},{"@type":"ListItem","position":2,"name":"Phuket Ausfl\u00fcge","item":"https:\/\/www.easydayphuket.com\/de\/phuket-ausfluege\/"},{"@type":"ListItem","position":3,"name":"Phang Nga Bay Ausflug","item":"https:\/\/www.easydayphuket.com\/de\/phuket-ausfluege\/phang-nga-bucht-ausflug\/"},{"@type":"ListItem","position":4,"name":"Kanu &#8211; Phang Nga Bay Tagestour"}]},{"@type":"WebSite","@id":"https:\/\/www.easydayphuket.com\/#website","url":"https:\/\/www.easydayphuket.com\/","name":"Easy Day Phuket","description":"Ihr Phuket Tour & Reise Partner","publisher":{"@id":"https:\/\/www.easydayphuket.com\/#organization"},"potentialAction":[{"@type":"SearchAction","target":{"@type":"EntryPoint","urlTemplate":"https:\/\/www.easydayphuket.com\/?s={search_term_string}"},"query-input":{"@type":"PropertyValueSpecification","valueRequired":true,"valueName":"search_term_string"}}],"inLanguage":"de"},{"@type":"Organization","@id":"https:\/\/www.easydayphuket.com\/#organization","name":"Easy Day Thailand","url":"https:\/\/www.easydayphuket.com\/","logo":{"@type":"ImageObject","inLanguage":"de","@id":"https:\/\/www.easydayphuket.com\/#\/schema\/logo\/image\/","url":"https:\/\/www.easydayphuket.com\/wp-content\/uploads\/2013\/07\/Sun-Thaiflag_booking12.gif","contentUrl":"https:\/\/www.easydayphuket.com\/wp-content\/uploads\/2013\/07\/Sun-Thaiflag_booking12.gif","width":100,"height":94,"caption":"Easy Day Thailand"},"image":{"@id":"https:\/\/www.easydayphuket.com\/#\/schema\/logo\/image\/"},"sameAs":["https:\/\/www.facebook.com\/Easydayinthailand\/","https:\/\/www.instagram.com\/easydaythailand\/"]}]}},"_links":{"self":[{"href":"https:\/\/www.easydayphuket.com\/de\/wp-json\/wp\/v2\/pages\/9141","targetHints":{"allow":["GET"]}}],"collection":[{"href":"https:\/\/www.easydayphuket.com\/de\/wp-json\/wp\/v2\/pages"}],"about":[{"href":"https:\/\/www.easydayphuket.com\/de\/wp-json\/wp\/v2\/types\/page"}],"author":[{"embeddable":true,"href":"https:\/\/www.easydayphuket.com\/de\/wp-json\/wp\/v2\/users\/4"}],"replies":[{"embeddable":true,"href":"https:\/\/www.easydayphuket.com\/de\/wp-json\/wp\/v2\/comments?post=9141"}],"version-history":[{"count":0,"href":"https:\/\/www.easydayphuket.com\/de\/wp-json\/wp\/v2\/pages\/9141\/revisions"}],"up":[{"embeddable":true,"href":"https:\/\/www.easydayphuket.com\/de\/wp-json\/wp\/v2\/pages\/8318"}],"wp:attachment":[{"href":"https:\/\/www.easydayphuket.com\/de\/wp-json\/wp\/v2\/media?parent=9141"}],"curies":[{"name":"wp","href":"https:\/\/api.w.org\/{rel}","templated":true}]}}