{"id":9084,"date":"2015-03-13T08:58:22","date_gmt":"2015-03-13T01:58:22","guid":{"rendered":"https:\/\/www.easydayphuket.com\/?page_id=9084"},"modified":"2024-05-13T03:03:43","modified_gmt":"2024-05-12T20:03:43","slug":"krabi-kanutour","status":"publish","type":"page","link":"https:\/\/www.easydayphuket.com\/de\/phuket-ausfluege\/phang-nga-bucht-ausflug\/krabi-kanutour\/","title":{"rendered":"Krabi Kanutour Abenteuer"},"content":{"rendered":"\n<figure class=\"wp-block-image alignright wp-image-2232\"><img loading=\"lazy\" decoding=\"async\" width=\"300\" height=\"199\" src=\"https:\/\/www.easydayphuket.com\/wp-content\/uploads\/2013\/09\/Krabi030-300x199.jpg\" alt=\"Krabi Kanutour\" class=\"wp-image-2232\"\/><figcaption class=\"wp-element-caption\">Krabi Kanutour<\/figcaption><\/figure>\n\n\n\n<p>Unser Krabi Kanutour Abenteuer f\u00fchrt Sie zu dem unber\u00fchrten Thambok Koranee Nationalpark in der Provinz Krabi. Sie werden Orte besuchen die Sie auf anderen Touren nicht angeboten werden und werden dieses Abenteuer lange in Erinnerung behalten.<\/p>\n\n\n\n<ul class=\"wp-block-list\">\n<li>Eine Reise Abseits der Massen.<\/li>\n\n\n\n<li>Unber\u00fchrte Natur.<\/li>\n\n\n\n<li>Mangroven und Tropfsteinh\u00f6hlen.<\/li>\n\n\n\n<li>Drei Stunden Kanuing Abenteuer<\/li>\n\n\n\n<li>Besuch des spektakul\u00e4ren &#8222;Wat Bang Rieng&#8220; Tempel.<\/li>\n<\/ul>\n\n\n\n<p><strong>Preise in Thai Baht pro Person: <\/strong><a href=\"https:\/\/www.easydayphuket.com\/de\/kontakt\/\">Bitte kontaktieren Sie uns!<\/a><\/p>\n\n\n\n<p><strong>T<\/strong><strong>our Inklusive :<\/strong> <\/p>\n\n\n<ul>\n<li>Hotelabholung und retour ( Phuket Town , <a title=\"Patong Beach \u2013 The Beaches of Phuket\" href=\"https:\/\/www.easydayphuket.com\/de\/phukets-straende-patong-beach\/\">Patong Beach<\/a>, <a title=\"Kata Beach \u2013 The Beaches of Phuket\" href=\"https:\/\/www.easydayphuket.com\/kata-beach-beaches-phuket\/\">Kata Beach<\/a> und <a title=\"Karon Beach \u2013 The Beaches of Phuket\" href=\"https:\/\/www.easydayphuket.com\/karon-beach\/\">Karon Beach<\/a> ).<\/li>\n<li>Leckeres thail&#8217;ndisches Mittagessen (Vegetarisch auf Bestellung).<\/li>\n<li>Erfrischungen.<\/li>\n<li>Nationalparkgeb[hren und Eintrittspreise.<\/li>\n<li>Erfahrene Reiseleiter.<\/li>\n<li>Kanuausr\u00fcstung und wasserdichte Taschen.<\/li>\n<li>Steuern und Versicherung.<\/li>\n<\/ul>\n\n\n\n<p class=\"has-text-align-right\"><a href='#form' class='small-button smallblue'>Buchen \/ Kontakt<\/a><\/p>\n\n\n\n<figure class=\"wp-block-gallery has-nested-images columns-3 is-cropped wp-block-gallery-1 is-layout-flex wp-block-gallery-is-layout-flex\">\n<figure class=\"wp-block-image size-large\"><img loading=\"lazy\" decoding=\"async\" width=\"240\" height=\"160\" data-id=\"6075\" src=\"https:\/\/www.easydayphuket.com\/wp-content\/uploads\/2013\/09\/Krabi030-e1378368477550.jpg\" alt=\"Krabi Kanu Tour\" class=\"wp-image-6075\"\/><\/figure>\n\n\n\n<figure class=\"wp-block-image size-large\"><img loading=\"lazy\" decoding=\"async\" width=\"640\" height=\"426\" data-id=\"6078\" src=\"https:\/\/www.easydayphuket.com\/wp-content\/uploads\/2013\/09\/Krabi159.jpg\" alt=\"Krabi Kanu Tour\" class=\"wp-image-6078\" srcset=\"https:\/\/www.easydayphuket.com\/wp-content\/uploads\/2013\/09\/Krabi159.jpg 640w, https:\/\/www.easydayphuket.com\/wp-content\/uploads\/2013\/09\/Krabi159-300x199.jpg 300w, https:\/\/www.easydayphuket.com\/wp-content\/uploads\/2013\/09\/Krabi159-82x55.jpg 82w, https:\/\/www.easydayphuket.com\/wp-content\/uploads\/2013\/09\/Krabi159-180x120.jpg 180w\" sizes=\"(max-width: 640px) 100vw, 640px\" \/><\/figure>\n\n\n\n<figure class=\"wp-block-image size-large\"><img loading=\"lazy\" decoding=\"async\" width=\"640\" height=\"426\" data-id=\"6081\" src=\"https:\/\/www.easydayphuket.com\/wp-content\/uploads\/2013\/09\/Krabi266.jpg\" alt=\"Krabi Kanu Tour\" class=\"wp-image-6081\" srcset=\"https:\/\/www.easydayphuket.com\/wp-content\/uploads\/2013\/09\/Krabi266.jpg 640w, https:\/\/www.easydayphuket.com\/wp-content\/uploads\/2013\/09\/Krabi266-300x199.jpg 300w, https:\/\/www.easydayphuket.com\/wp-content\/uploads\/2013\/09\/Krabi266-82x55.jpg 82w, https:\/\/www.easydayphuket.com\/wp-content\/uploads\/2013\/09\/Krabi266-180x120.jpg 180w\" sizes=\"(max-width: 640px) 100vw, 640px\" \/><\/figure>\n\n\n\n<figure class=\"wp-block-image size-large\"><img loading=\"lazy\" decoding=\"async\" width=\"1024\" height=\"768\" data-id=\"6084\" src=\"https:\/\/www.easydayphuket.com\/wp-content\/uploads\/2013\/09\/temple-1024x768.jpg\" alt=\"Krabi Kanu Tour\" class=\"wp-image-6084\" srcset=\"https:\/\/www.easydayphuket.com\/wp-content\/uploads\/2013\/09\/temple.jpg 1024w, https:\/\/www.easydayphuket.com\/wp-content\/uploads\/2013\/09\/temple-300x225.jpg 300w, https:\/\/www.easydayphuket.com\/wp-content\/uploads\/2013\/09\/temple-73x55.jpg 73w\" sizes=\"(max-width: 1024px) 100vw, 1024px\" \/><\/figure>\n<\/figure>\n\n\n\n<h2 class=\"wp-block-heading\">Krabi Kanu Abenteuer &#8211; Tourablauf:<\/h2>\n\n\n\n<ul class=\"wp-block-list\">\n<li>07.00 &#8211; Hotelabholung und fahrt in Richtung Norden zur Provinz Krabi.<\/li>\n\n\n\n<li>09.30 &#8211; Kaffeepause im Restaurant.<\/li>\n\n\n\n<li>10.00 &#8211; Ca. 3 Stunden mit dem Kanudurch die Mangroven und Lagunen. Danach gehts durch die H\u00f6hlen von &#8222;Tham Lod&#8220; und &#8222;Tham Pi Hua To&#8220;. Sie k\u00f6nnen w\u00e4hlen ob Sie sich paddeln lassen oder es selbst \u00fcbernehmen m\u00f6chten.<\/li>\n\n\n\n<li>13.00 &#8211; Gehts zur\u00fcck zum Ausgangspunkt wo Sie auf einem Flo\u00dfrestaurant ein leckeres Mittagessen serviert bekommen.<\/li>\n\n\n\n<li>14.00 &#8211; Besuch wundersch\u00f6ner Wasserf\u00e4lle des Thambok Koranee Nationalparks zum schwimmen und entspannen.<\/li>\n\n\n\n<li>15.00 &#8211; Besuch des spektakul\u00e4ren Tempel &#8222;Wat Bang Rieng&#8220; wo man gut fotgrafieren kann und mit etwas Gl\u00fcck gro\u00dfe schwarze Eichh\u00f6rnchen sehen kann.<\/li>\n\n\n\n<li>16.30 &#8211; R\u00fcckfahrt nach Phuket.<\/li>\n\n\n\n<li>18.00 &#8211; Zur\u00fcck im Hotel<\/li>\n<\/ul>\n\n\n\n<p>*Das Tour Programm und die Zeiten k\u00f6nnen sich je nach Wetterlage und Bedingungen \u00e4ndern.<\/p>\n\n\n\n<h2 class=\"wp-block-heading\" id=\"form\">Kontaktieren Sie uns f\u00fcr Ihr Krabi Kanutour<\/h2>\n\n\n\n<script charset=\"utf-8\" type=\"text\/javascript\" src=\"\/\/js.hsforms.net\/forms\/embed\/v2.js\"><\/script>\n<script>\n  hbspt.forms.create({\n    region: \"na1\",\n    portalId: \"3413662\",\n    formId: \"59765d47-ffdf-4452-a315-11081d03c004\"\n  });\n<\/script>\n","protected":false},"excerpt":{"rendered":"<p>Unser Krabi Kanutour Abenteuer f\u00fchrt Sie zu dem unber\u00fchrten Thambok Koranee Nationalpark in der Provinz Krabi. Sie werden Orte besuchen die Sie auf anderen Touren nicht angeboten werden und werden dieses Abenteuer lange in Erinnerung behalten. Preise in Thai Baht pro Person: Bitte kontaktieren Sie uns! Tour Inklusive : Krabi Kanu Abenteuer &#8211; Tourablauf: *Das [&hellip;]<\/p>\n","protected":false},"author":4,"featured_media":0,"parent":8318,"menu_order":0,"comment_status":"closed","ping_status":"open","template":"","meta":{"_acf_changed":false,"_et_pb_use_builder":"","_et_pb_old_content":"","_et_gb_content_width":"","footnotes":""},"class_list":["post-9084","page","type-page","status-publish","hentry"],"acf":[],"yoast_head":"<!-- This site is optimized with the Yoast SEO plugin v25.1 - https:\/\/yoast.com\/wordpress\/plugins\/seo\/ -->\n<title>Krabi Kanutour - Fantastisches Erlebnis in der Phang Nga Bay<\/title>\n<meta name=\"description\" content=\"Unser Krabi Kanutour Abenteuer f\u00fchrt Sie zu dem unber\u00fchrten Thambok Koranee Nationalpark in der Provinz Krabi. Wundersch\u00f6nes Natur Erlebnis mit Easy Day.\" \/>\n<meta name=\"robots\" content=\"index, follow, max-snippet:-1, max-image-preview:large, max-video-preview:-1\" \/>\n<link rel=\"canonical\" href=\"https:\/\/www.easydayphuket.com\/de\/phuket-ausfluege\/phang-nga-bucht-ausflug\/krabi-kanutour\/\" \/>\n<meta property=\"og:locale\" content=\"de_DE\" \/>\n<meta property=\"og:type\" content=\"article\" \/>\n<meta property=\"og:title\" content=\"Krabi Kanutour - Fantastisches Erlebnis in der Phang Nga Bay\" \/>\n<meta property=\"og:description\" content=\"Unser Krabi Kanutour Abenteuer f\u00fchrt Sie zu dem unber\u00fchrten Thambok Koranee Nationalpark in der Provinz Krabi. Wundersch\u00f6nes Natur Erlebnis mit Easy Day.\" \/>\n<meta property=\"og:url\" content=\"https:\/\/www.easydayphuket.com\/de\/phuket-ausfluege\/phang-nga-bucht-ausflug\/krabi-kanutour\/\" \/>\n<meta property=\"og:site_name\" content=\"Easy Day Phuket\" \/>\n<meta property=\"article:publisher\" content=\"https:\/\/www.facebook.com\/Easydayinthailand\/\" \/>\n<meta property=\"article:modified_time\" content=\"2024-05-12T20:03:43+00:00\" \/>\n<meta property=\"og:image\" content=\"https:\/\/www.easydayphuket.com\/wp-content\/uploads\/2013\/09\/Krabi030-300x199.jpg\" \/>\n<meta name=\"twitter:label1\" content=\"Gesch\u00e4tzte Lesezeit\" \/>\n\t<meta name=\"twitter:data1\" content=\"3\u00a0Minuten\" \/>\n<script type=\"application\/ld+json\" class=\"yoast-schema-graph\">{\"@context\":\"https:\/\/schema.org\",\"@graph\":[{\"@type\":\"WebPage\",\"@id\":\"https:\/\/www.easydayphuket.com\/de\/phuket-ausfluege\/phang-nga-bucht-ausflug\/krabi-kanutour\/\",\"url\":\"https:\/\/www.easydayphuket.com\/de\/phuket-ausfluege\/phang-nga-bucht-ausflug\/krabi-kanutour\/\",\"name\":\"Krabi Kanutour - Fantastisches Erlebnis in der Phang Nga Bay\",\"isPartOf\":{\"@id\":\"https:\/\/www.easydayphuket.com\/#website\"},\"primaryImageOfPage\":{\"@id\":\"https:\/\/www.easydayphuket.com\/de\/phuket-ausfluege\/phang-nga-bucht-ausflug\/krabi-kanutour\/#primaryimage\"},\"image\":{\"@id\":\"https:\/\/www.easydayphuket.com\/de\/phuket-ausfluege\/phang-nga-bucht-ausflug\/krabi-kanutour\/#primaryimage\"},\"thumbnailUrl\":\"https:\/\/www.easydayphuket.com\/wp-content\/uploads\/2013\/09\/Krabi030-300x199.jpg\",\"datePublished\":\"2015-03-13T01:58:22+00:00\",\"dateModified\":\"2024-05-12T20:03:43+00:00\",\"description\":\"Unser Krabi Kanutour Abenteuer f\u00fchrt Sie zu dem unber\u00fchrten Thambok Koranee Nationalpark in der Provinz Krabi. Wundersch\u00f6nes Natur Erlebnis mit Easy Day.\",\"breadcrumb\":{\"@id\":\"https:\/\/www.easydayphuket.com\/de\/phuket-ausfluege\/phang-nga-bucht-ausflug\/krabi-kanutour\/#breadcrumb\"},\"inLanguage\":\"de\",\"potentialAction\":[{\"@type\":\"ReadAction\",\"target\":[\"https:\/\/www.easydayphuket.com\/de\/phuket-ausfluege\/phang-nga-bucht-ausflug\/krabi-kanutour\/\"]}]},{\"@type\":\"ImageObject\",\"inLanguage\":\"de\",\"@id\":\"https:\/\/www.easydayphuket.com\/de\/phuket-ausfluege\/phang-nga-bucht-ausflug\/krabi-kanutour\/#primaryimage\",\"url\":\"https:\/\/www.easydayphuket.com\/wp-content\/uploads\/2013\/09\/Krabi030-300x199.jpg\",\"contentUrl\":\"https:\/\/www.easydayphuket.com\/wp-content\/uploads\/2013\/09\/Krabi030-300x199.jpg\"},{\"@type\":\"BreadcrumbList\",\"@id\":\"https:\/\/www.easydayphuket.com\/de\/phuket-ausfluege\/phang-nga-bucht-ausflug\/krabi-kanutour\/#breadcrumb\",\"itemListElement\":[{\"@type\":\"ListItem\",\"position\":1,\"name\":\"Home\",\"item\":\"https:\/\/www.easydayphuket.com\/de\/\"},{\"@type\":\"ListItem\",\"position\":2,\"name\":\"Phuket Ausfl\u00fcge\",\"item\":\"https:\/\/www.easydayphuket.com\/de\/phuket-ausfluege\/\"},{\"@type\":\"ListItem\",\"position\":3,\"name\":\"Phang Nga Bay Ausflug\",\"item\":\"https:\/\/www.easydayphuket.com\/de\/phuket-ausfluege\/phang-nga-bucht-ausflug\/\"},{\"@type\":\"ListItem\",\"position\":4,\"name\":\"Krabi Kanutour Abenteuer\"}]},{\"@type\":\"WebSite\",\"@id\":\"https:\/\/www.easydayphuket.com\/#website\",\"url\":\"https:\/\/www.easydayphuket.com\/\",\"name\":\"Easy Day Phuket\",\"description\":\"Ihr Phuket Tour & Reise Partner\",\"publisher\":{\"@id\":\"https:\/\/www.easydayphuket.com\/#organization\"},\"potentialAction\":[{\"@type\":\"SearchAction\",\"target\":{\"@type\":\"EntryPoint\",\"urlTemplate\":\"https:\/\/www.easydayphuket.com\/?s={search_term_string}\"},\"query-input\":{\"@type\":\"PropertyValueSpecification\",\"valueRequired\":true,\"valueName\":\"search_term_string\"}}],\"inLanguage\":\"de\"},{\"@type\":\"Organization\",\"@id\":\"https:\/\/www.easydayphuket.com\/#organization\",\"name\":\"Easy Day Thailand\",\"url\":\"https:\/\/www.easydayphuket.com\/\",\"logo\":{\"@type\":\"ImageObject\",\"inLanguage\":\"de\",\"@id\":\"https:\/\/www.easydayphuket.com\/#\/schema\/logo\/image\/\",\"url\":\"https:\/\/www.easydayphuket.com\/wp-content\/uploads\/2013\/07\/Sun-Thaiflag_booking12.gif\",\"contentUrl\":\"https:\/\/www.easydayphuket.com\/wp-content\/uploads\/2013\/07\/Sun-Thaiflag_booking12.gif\",\"width\":100,\"height\":94,\"caption\":\"Easy Day Thailand\"},\"image\":{\"@id\":\"https:\/\/www.easydayphuket.com\/#\/schema\/logo\/image\/\"},\"sameAs\":[\"https:\/\/www.facebook.com\/Easydayinthailand\/\",\"https:\/\/www.instagram.com\/easydaythailand\/\"]}]}<\/script>\n<!-- \/ Yoast SEO plugin. -->","yoast_head_json":{"title":"Krabi Kanutour - Fantastisches Erlebnis in der Phang Nga Bay","description":"Unser Krabi Kanutour Abenteuer f\u00fchrt Sie zu dem unber\u00fchrten Thambok Koranee Nationalpark in der Provinz Krabi. Wundersch\u00f6nes Natur Erlebnis mit Easy Day.","robots":{"index":"index","follow":"follow","max-snippet":"max-snippet:-1","max-image-preview":"max-image-preview:large","max-video-preview":"max-video-preview:-1"},"canonical":"https:\/\/www.easydayphuket.com\/de\/phuket-ausfluege\/phang-nga-bucht-ausflug\/krabi-kanutour\/","og_locale":"de_DE","og_type":"article","og_title":"Krabi Kanutour - Fantastisches Erlebnis in der Phang Nga Bay","og_description":"Unser Krabi Kanutour Abenteuer f\u00fchrt Sie zu dem unber\u00fchrten Thambok Koranee Nationalpark in der Provinz Krabi. Wundersch\u00f6nes Natur Erlebnis mit Easy Day.","og_url":"https:\/\/www.easydayphuket.com\/de\/phuket-ausfluege\/phang-nga-bucht-ausflug\/krabi-kanutour\/","og_site_name":"Easy Day Phuket","article_publisher":"https:\/\/www.facebook.com\/Easydayinthailand\/","article_modified_time":"2024-05-12T20:03:43+00:00","og_image":[{"url":"https:\/\/www.easydayphuket.com\/wp-content\/uploads\/2013\/09\/Krabi030-300x199.jpg","type":"","width":"","height":""}],"twitter_misc":{"Gesch\u00e4tzte Lesezeit":"3\u00a0Minuten"},"schema":{"@context":"https:\/\/schema.org","@graph":[{"@type":"WebPage","@id":"https:\/\/www.easydayphuket.com\/de\/phuket-ausfluege\/phang-nga-bucht-ausflug\/krabi-kanutour\/","url":"https:\/\/www.easydayphuket.com\/de\/phuket-ausfluege\/phang-nga-bucht-ausflug\/krabi-kanutour\/","name":"Krabi Kanutour - Fantastisches Erlebnis in der Phang Nga Bay","isPartOf":{"@id":"https:\/\/www.easydayphuket.com\/#website"},"primaryImageOfPage":{"@id":"https:\/\/www.easydayphuket.com\/de\/phuket-ausfluege\/phang-nga-bucht-ausflug\/krabi-kanutour\/#primaryimage"},"image":{"@id":"https:\/\/www.easydayphuket.com\/de\/phuket-ausfluege\/phang-nga-bucht-ausflug\/krabi-kanutour\/#primaryimage"},"thumbnailUrl":"https:\/\/www.easydayphuket.com\/wp-content\/uploads\/2013\/09\/Krabi030-300x199.jpg","datePublished":"2015-03-13T01:58:22+00:00","dateModified":"2024-05-12T20:03:43+00:00","description":"Unser Krabi Kanutour Abenteuer f\u00fchrt Sie zu dem unber\u00fchrten Thambok Koranee Nationalpark in der Provinz Krabi. Wundersch\u00f6nes Natur Erlebnis mit Easy Day.","breadcrumb":{"@id":"https:\/\/www.easydayphuket.com\/de\/phuket-ausfluege\/phang-nga-bucht-ausflug\/krabi-kanutour\/#breadcrumb"},"inLanguage":"de","potentialAction":[{"@type":"ReadAction","target":["https:\/\/www.easydayphuket.com\/de\/phuket-ausfluege\/phang-nga-bucht-ausflug\/krabi-kanutour\/"]}]},{"@type":"ImageObject","inLanguage":"de","@id":"https:\/\/www.easydayphuket.com\/de\/phuket-ausfluege\/phang-nga-bucht-ausflug\/krabi-kanutour\/#primaryimage","url":"https:\/\/www.easydayphuket.com\/wp-content\/uploads\/2013\/09\/Krabi030-300x199.jpg","contentUrl":"https:\/\/www.easydayphuket.com\/wp-content\/uploads\/2013\/09\/Krabi030-300x199.jpg"},{"@type":"BreadcrumbList","@id":"https:\/\/www.easydayphuket.com\/de\/phuket-ausfluege\/phang-nga-bucht-ausflug\/krabi-kanutour\/#breadcrumb","itemListElement":[{"@type":"ListItem","position":1,"name":"Home","item":"https:\/\/www.easydayphuket.com\/de\/"},{"@type":"ListItem","position":2,"name":"Phuket Ausfl\u00fcge","item":"https:\/\/www.easydayphuket.com\/de\/phuket-ausfluege\/"},{"@type":"ListItem","position":3,"name":"Phang Nga Bay Ausflug","item":"https:\/\/www.easydayphuket.com\/de\/phuket-ausfluege\/phang-nga-bucht-ausflug\/"},{"@type":"ListItem","position":4,"name":"Krabi Kanutour Abenteuer"}]},{"@type":"WebSite","@id":"https:\/\/www.easydayphuket.com\/#website","url":"https:\/\/www.easydayphuket.com\/","name":"Easy Day Phuket","description":"Ihr Phuket Tour & Reise Partner","publisher":{"@id":"https:\/\/www.easydayphuket.com\/#organization"},"potentialAction":[{"@type":"SearchAction","target":{"@type":"EntryPoint","urlTemplate":"https:\/\/www.easydayphuket.com\/?s={search_term_string}"},"query-input":{"@type":"PropertyValueSpecification","valueRequired":true,"valueName":"search_term_string"}}],"inLanguage":"de"},{"@type":"Organization","@id":"https:\/\/www.easydayphuket.com\/#organization","name":"Easy Day Thailand","url":"https:\/\/www.easydayphuket.com\/","logo":{"@type":"ImageObject","inLanguage":"de","@id":"https:\/\/www.easydayphuket.com\/#\/schema\/logo\/image\/","url":"https:\/\/www.easydayphuket.com\/wp-content\/uploads\/2013\/07\/Sun-Thaiflag_booking12.gif","contentUrl":"https:\/\/www.easydayphuket.com\/wp-content\/uploads\/2013\/07\/Sun-Thaiflag_booking12.gif","width":100,"height":94,"caption":"Easy Day Thailand"},"image":{"@id":"https:\/\/www.easydayphuket.com\/#\/schema\/logo\/image\/"},"sameAs":["https:\/\/www.facebook.com\/Easydayinthailand\/","https:\/\/www.instagram.com\/easydaythailand\/"]}]}},"_links":{"self":[{"href":"https:\/\/www.easydayphuket.com\/de\/wp-json\/wp\/v2\/pages\/9084","targetHints":{"allow":["GET"]}}],"collection":[{"href":"https:\/\/www.easydayphuket.com\/de\/wp-json\/wp\/v2\/pages"}],"about":[{"href":"https:\/\/www.easydayphuket.com\/de\/wp-json\/wp\/v2\/types\/page"}],"author":[{"embeddable":true,"href":"https:\/\/www.easydayphuket.com\/de\/wp-json\/wp\/v2\/users\/4"}],"replies":[{"embeddable":true,"href":"https:\/\/www.easydayphuket.com\/de\/wp-json\/wp\/v2\/comments?post=9084"}],"version-history":[{"count":0,"href":"https:\/\/www.easydayphuket.com\/de\/wp-json\/wp\/v2\/pages\/9084\/revisions"}],"up":[{"embeddable":true,"href":"https:\/\/www.easydayphuket.com\/de\/wp-json\/wp\/v2\/pages\/8318"}],"wp:attachment":[{"href":"https:\/\/www.easydayphuket.com\/de\/wp-json\/wp\/v2\/media?parent=9084"}],"curies":[{"name":"wp","href":"https:\/\/api.w.org\/{rel}","templated":true}]}}