{"id":9073,"date":"2015-05-21T10:05:34","date_gmt":"2015-05-21T03:05:34","guid":{"rendered":"https:\/\/www.easydayphuket.com\/?page_id=9073"},"modified":"2024-05-13T02:59:01","modified_gmt":"2024-05-12T19:59:01","slug":"john-gray","status":"publish","type":"page","link":"https:\/\/www.easydayphuket.com\/de\/phuket-ausfluege\/phang-nga-bucht-ausflug\/john-gray\/","title":{"rendered":"John Gray&#8217;s Hong by Starlight Ausflug"},"content":{"rendered":"\n<figure class=\"wp-block-image alignright wp-image-5967\"><img loading=\"lazy\" decoding=\"async\" width=\"300\" height=\"194\" src=\"https:\/\/www.easydayphuket.com\/wp-content\/uploads\/2013\/07\/sunset-300x194.jpg\" alt=\"John Gray's Hong By Starlight Tour\" class=\"wp-image-1284\"\/><figcaption class=\"wp-element-caption\">Abendstimmung Phang Nga Bay<\/figcaption><\/figure>\n\n\n\n<p>John&nbsp;Gray&#8217;s&nbsp; Hong by Starlight Ausflug wird von einem der Pioniere durchgef\u00fchrt die die Phang Nga Bucht in den achtziger Jahren erforschten.<\/p>\n\n\n\n<ul class=\"wp-block-list\">\n<li>Beste Kanufahrt in Phang Nga.<\/li>\n\n\n\n<li>Kombiniert aus Natur, Kultur und k\u00f6stlicher Thai-K\u00fcche.<\/li>\n\n\n\n<li>Sp\u00e4terer Tour-beginn, so geht man den Massentourismus am Morgen aus dem Weg.<\/li>\n\n\n\n<li>Ein Ausflug f\u00fcr Jung und Alt den man sich nicht entgehen lassen sollte.<\/li>\n<\/ul>\n\n\n<p><strong>Preise in Thai Baht pro Person: 3,950\u00a0| Kinder (7-12 Jahren) 1,975 <a title=\"Easy Day Contact Form\" href=\"#form\">&gt;&gt; Buchen \/ Kontakt<\/a><\/strong> <\/p>\n\n\n\n<p><strong>Tour inklusive:<\/strong><\/p>\n\n\n<ul>\n<li>Hin und R\u00fcckfahrt vom Hotel oder Flughafen.<\/li>\n<li>Gef\u00fchrte Kanufahrt.<\/li>\n<li>Mittag und Abendessen sowie Erfrischungen.<\/li>\n<\/ul>\n\n\n\n<figure class=\"wp-block-gallery has-nested-images columns-3 is-cropped wp-block-gallery-1 is-layout-flex wp-block-gallery-is-layout-flex\">\n<figure class=\"wp-block-image size-large\"><img loading=\"lazy\" decoding=\"async\" width=\"240\" height=\"155\" data-id=\"5967\" src=\"https:\/\/www.easydayphuket.com\/wp-content\/uploads\/2013\/07\/sunset-e1375254240599.jpg\" alt=\"John Gray\u2019s Hong By Starlight Tour\" class=\"wp-image-5967\"\/><\/figure>\n\n\n\n<figure class=\"wp-block-image size-large\"><img loading=\"lazy\" decoding=\"async\" width=\"600\" height=\"391\" data-id=\"5970\" src=\"https:\/\/www.easydayphuket.com\/wp-content\/uploads\/2013\/07\/hongs2.jpg\" alt=\"John Gray\u2019s Hong By Starlight Tour\" class=\"wp-image-5970\" srcset=\"https:\/\/www.easydayphuket.com\/wp-content\/uploads\/2013\/07\/hongs2.jpg 600w, https:\/\/www.easydayphuket.com\/wp-content\/uploads\/2013\/07\/hongs2-300x195.jpg 300w, https:\/\/www.easydayphuket.com\/wp-content\/uploads\/2013\/07\/hongs2-84x55.jpg 84w\" sizes=\"(max-width: 600px) 100vw, 600px\" \/><\/figure>\n\n\n\n<figure class=\"wp-block-image size-large\"><img loading=\"lazy\" decoding=\"async\" width=\"600\" height=\"439\" data-id=\"5973\" src=\"https:\/\/www.easydayphuket.com\/wp-content\/uploads\/2013\/07\/koh_hong.jpg\" alt=\"John Gray\u2019s Hong By Starlight Tour\" class=\"wp-image-5973\" srcset=\"https:\/\/www.easydayphuket.com\/wp-content\/uploads\/2013\/07\/koh_hong.jpg 600w, https:\/\/www.easydayphuket.com\/wp-content\/uploads\/2013\/07\/koh_hong-300x219.jpg 300w, https:\/\/www.easydayphuket.com\/wp-content\/uploads\/2013\/07\/koh_hong-75x55.jpg 75w\" sizes=\"(max-width: 600px) 100vw, 600px\" \/><\/figure>\n\n\n\n<figure class=\"wp-block-image size-large\"><img loading=\"lazy\" decoding=\"async\" width=\"600\" height=\"450\" data-id=\"5976\" src=\"https:\/\/www.easydayphuket.com\/wp-content\/uploads\/2013\/07\/hongs.jpg\" alt=\"John Gray\u2019s Hong By Starlight Tour\" class=\"wp-image-5976\" srcset=\"https:\/\/www.easydayphuket.com\/wp-content\/uploads\/2013\/07\/hongs.jpg 600w, https:\/\/www.easydayphuket.com\/wp-content\/uploads\/2013\/07\/hongs-300x225.jpg 300w, https:\/\/www.easydayphuket.com\/wp-content\/uploads\/2013\/07\/hongs-73x55.jpg 73w\" sizes=\"(max-width: 600px) 100vw, 600px\" \/><\/figure>\n<\/figure>\n\n\n\n<p class=\"has-text-align-right\"><a href='#form' class='small-button smallblue'>Buchen \/ Kontakt<\/a><\/p>\n\n\n\n<h2 class=\"wp-block-heading\">Gray&#8217;s Hong by Starlight&nbsp;Ausflug &nbsp;&#8211; Tourablauf<\/h2>\n\n\n\n<ul class=\"wp-block-list\">\n<li>12.30-13.00 &#8211; Hotelabholung in Phuket.<\/li>\n\n\n\n<li>13.30 &#8211; Ankunft in Ao Por Hafen und Abfahrt in die Phang Nga Bucht mit Mittagessen und Reiseinformationen.<\/li>\n\n\n\n<li>14.30 &#8211; Ankunft an der ersten Insel in der Phang Nga Bay. Erkundung der H\u00f6hlen und Hongs.<\/li>\n\n\n\n<li>15.30 &#8211; Zur\u00fcck zum Boot und weiter geht es zur n\u00e4chsten Insel.<\/li>\n\n\n\n<li>16.00 &#8211; Weitere besuche von H\u00f6hlen und Hongs.<\/li>\n\n\n\n<li>18.00 &#8211; Zeit zum Schwimmen oder mit dem Kanu zu fahren. Sie lernen Ihren eigenen Kratong zu bauen und danach Abendessen im Sonnenuntergang mit Meeresfr\u00fcchten und Buffet.<\/li>\n\n\n\n<li>19.00 &#8211; Start der Loi Kratong Zeremonie.<\/li>\n\n\n\n<li>20.00 &#8211; R\u00fcckfahrt in den Sternenhimmel zum Ao Por Hafen.<\/li>\n\n\n\n<li>21.00 &#8211; Ankunft am Ao Por Hafen und Transfer zum Hotel.<\/li>\n<\/ul>\n\n\n\n<p class=\"has-text-align-right\"><a href='#form' class='small-button smallblue'>Buchen \/ Kontakt<\/a><\/p>\n\n\n\n<h3 class=\"wp-block-heading\">Ein wenig \u00fcber John Gray<\/h3>\n\n\n\n<p>John Gray ist so was wie eine Legende in Phuket, gekommen von Hawaii hat er sich sofort dem Kanuing gewidmet und die Phang Nga Bay erkundet. Es hat nicht lange gedauert und er erkannte das Potenzial was diese fantastische Gegend zu bieten hat. F\u00fcr die Einheimische waren die Mangroven und H\u00f6hlen nichts besonderes, aber f\u00fcr den Tourismus war es ein Volltreffer.<\/p>\n\n\n\n<p>Fantastische Ausfl\u00fcge werden jetzt angboten und man findet kaum jemand der sich der Faszination entziehen kann. John Grey war der erste der die G\u00e4ste durch die H\u00f6hlen und Mangroven f\u00fchrte. Als es dann Schule machte wurde es in der Phang Nga Bay etwas voller und man entschied sich dazu, den Ausflug erst am Mittag stattfinden zu lassen, mit dem Vorteil eines wundersch\u00f6nen Sternenhimmel zum Abendessen.<\/p>\n\n\n\n<h3 class=\"wp-block-heading\" id=\"form\">Kontaktieren Sie uns f\u00fcr Ihre Hong By Starlight Tour<\/h3>\n\n\n\n<script charset=\"utf-8\" type=\"text\/javascript\" src=\"\/\/js.hsforms.net\/forms\/embed\/v2.js\"><\/script>\n<script>\n  hbspt.forms.create({\n    region: \"na1\",\n    portalId: \"3413662\",\n    formId: \"59765d47-ffdf-4452-a315-11081d03c004\"\n  });\n<\/script>\n","protected":false},"excerpt":{"rendered":"<p>John&nbsp;Gray&#8217;s&nbsp; Hong by Starlight Ausflug wird von einem der Pioniere durchgef\u00fchrt die die Phang Nga Bucht in den achtziger Jahren erforschten. Tour inklusive: Gray&#8217;s Hong by Starlight&nbsp;Ausflug &nbsp;&#8211; Tourablauf Ein wenig \u00fcber John Gray John Gray ist so was wie eine Legende in Phuket, gekommen von Hawaii hat er sich sofort dem Kanuing gewidmet und [&hellip;]<\/p>\n","protected":false},"author":4,"featured_media":0,"parent":8318,"menu_order":0,"comment_status":"closed","ping_status":"open","template":"","meta":{"_acf_changed":false,"_et_pb_use_builder":"","_et_pb_old_content":"","_et_gb_content_width":"","footnotes":""},"class_list":["post-9073","page","type-page","status-publish","hentry"],"acf":[],"yoast_head":"<!-- This site is optimized with the Yoast SEO plugin v25.1 - https:\/\/yoast.com\/wordpress\/plugins\/seo\/ -->\n<title>John Gray&#039;s Hong by Starlight Ausflug - Easy Day Phuket<\/title>\n<meta name=\"description\" content=\"John Gray&#039;s Hong by Starlight Ausflug gebucht mit Easy Day Phuket. Beste Kanu Tour in Phang Nga. Eine Kombination aus Natur, Kultur &amp; k\u00f6stlicher Thai-K\u00fcche.\" \/>\n<meta name=\"robots\" content=\"index, follow, max-snippet:-1, max-image-preview:large, max-video-preview:-1\" \/>\n<link rel=\"canonical\" href=\"https:\/\/www.easydayphuket.com\/de\/phuket-ausfluege\/phang-nga-bucht-ausflug\/john-gray\/\" \/>\n<meta property=\"og:locale\" content=\"de_DE\" \/>\n<meta property=\"og:type\" content=\"article\" \/>\n<meta property=\"og:title\" content=\"John Gray&#039;s Hong by Starlight Ausflug - Easy Day Phuket\" \/>\n<meta property=\"og:description\" content=\"John Gray&#039;s Hong by Starlight Ausflug gebucht mit Easy Day Phuket. Beste Kanu Tour in Phang Nga. Eine Kombination aus Natur, Kultur &amp; k\u00f6stlicher Thai-K\u00fcche.\" \/>\n<meta property=\"og:url\" content=\"https:\/\/www.easydayphuket.com\/de\/phuket-ausfluege\/phang-nga-bucht-ausflug\/john-gray\/\" \/>\n<meta property=\"og:site_name\" content=\"Easy Day Phuket\" \/>\n<meta property=\"article:publisher\" content=\"https:\/\/www.facebook.com\/Easydayinthailand\/\" \/>\n<meta property=\"article:modified_time\" content=\"2024-05-12T19:59:01+00:00\" \/>\n<meta property=\"og:image\" content=\"https:\/\/www.easydayphuket.com\/wp-content\/uploads\/2013\/07\/sunset-300x194.jpg\" \/>\n<meta name=\"twitter:label1\" content=\"Gesch\u00e4tzte Lesezeit\" \/>\n\t<meta name=\"twitter:data1\" content=\"3\u00a0Minuten\" \/>\n<script type=\"application\/ld+json\" class=\"yoast-schema-graph\">{\"@context\":\"https:\/\/schema.org\",\"@graph\":[{\"@type\":\"WebPage\",\"@id\":\"https:\/\/www.easydayphuket.com\/de\/phuket-ausfluege\/phang-nga-bucht-ausflug\/john-gray\/\",\"url\":\"https:\/\/www.easydayphuket.com\/de\/phuket-ausfluege\/phang-nga-bucht-ausflug\/john-gray\/\",\"name\":\"John Gray's Hong by Starlight Ausflug - Easy Day Phuket\",\"isPartOf\":{\"@id\":\"https:\/\/www.easydayphuket.com\/#website\"},\"primaryImageOfPage\":{\"@id\":\"https:\/\/www.easydayphuket.com\/de\/phuket-ausfluege\/phang-nga-bucht-ausflug\/john-gray\/#primaryimage\"},\"image\":{\"@id\":\"https:\/\/www.easydayphuket.com\/de\/phuket-ausfluege\/phang-nga-bucht-ausflug\/john-gray\/#primaryimage\"},\"thumbnailUrl\":\"https:\/\/www.easydayphuket.com\/wp-content\/uploads\/2013\/07\/sunset-300x194.jpg\",\"datePublished\":\"2015-05-21T03:05:34+00:00\",\"dateModified\":\"2024-05-12T19:59:01+00:00\",\"description\":\"John Gray's Hong by Starlight Ausflug gebucht mit Easy Day Phuket. Beste Kanu Tour in Phang Nga. Eine Kombination aus Natur, Kultur & k\u00f6stlicher Thai-K\u00fcche.\",\"breadcrumb\":{\"@id\":\"https:\/\/www.easydayphuket.com\/de\/phuket-ausfluege\/phang-nga-bucht-ausflug\/john-gray\/#breadcrumb\"},\"inLanguage\":\"de\",\"potentialAction\":[{\"@type\":\"ReadAction\",\"target\":[\"https:\/\/www.easydayphuket.com\/de\/phuket-ausfluege\/phang-nga-bucht-ausflug\/john-gray\/\"]}]},{\"@type\":\"ImageObject\",\"inLanguage\":\"de\",\"@id\":\"https:\/\/www.easydayphuket.com\/de\/phuket-ausfluege\/phang-nga-bucht-ausflug\/john-gray\/#primaryimage\",\"url\":\"https:\/\/www.easydayphuket.com\/wp-content\/uploads\/2013\/07\/sunset-300x194.jpg\",\"contentUrl\":\"https:\/\/www.easydayphuket.com\/wp-content\/uploads\/2013\/07\/sunset-300x194.jpg\"},{\"@type\":\"BreadcrumbList\",\"@id\":\"https:\/\/www.easydayphuket.com\/de\/phuket-ausfluege\/phang-nga-bucht-ausflug\/john-gray\/#breadcrumb\",\"itemListElement\":[{\"@type\":\"ListItem\",\"position\":1,\"name\":\"Home\",\"item\":\"https:\/\/www.easydayphuket.com\/de\/\"},{\"@type\":\"ListItem\",\"position\":2,\"name\":\"Phuket Ausfl\u00fcge\",\"item\":\"https:\/\/www.easydayphuket.com\/de\/phuket-ausfluege\/\"},{\"@type\":\"ListItem\",\"position\":3,\"name\":\"Phang Nga Bay Ausflug\",\"item\":\"https:\/\/www.easydayphuket.com\/de\/phuket-ausfluege\/phang-nga-bucht-ausflug\/\"},{\"@type\":\"ListItem\",\"position\":4,\"name\":\"John Gray&#8217;s Hong by Starlight Ausflug\"}]},{\"@type\":\"WebSite\",\"@id\":\"https:\/\/www.easydayphuket.com\/#website\",\"url\":\"https:\/\/www.easydayphuket.com\/\",\"name\":\"Easy Day Phuket\",\"description\":\"Ihr Phuket Tour & Reise Partner\",\"publisher\":{\"@id\":\"https:\/\/www.easydayphuket.com\/#organization\"},\"potentialAction\":[{\"@type\":\"SearchAction\",\"target\":{\"@type\":\"EntryPoint\",\"urlTemplate\":\"https:\/\/www.easydayphuket.com\/?s={search_term_string}\"},\"query-input\":{\"@type\":\"PropertyValueSpecification\",\"valueRequired\":true,\"valueName\":\"search_term_string\"}}],\"inLanguage\":\"de\"},{\"@type\":\"Organization\",\"@id\":\"https:\/\/www.easydayphuket.com\/#organization\",\"name\":\"Easy Day Thailand\",\"url\":\"https:\/\/www.easydayphuket.com\/\",\"logo\":{\"@type\":\"ImageObject\",\"inLanguage\":\"de\",\"@id\":\"https:\/\/www.easydayphuket.com\/#\/schema\/logo\/image\/\",\"url\":\"https:\/\/www.easydayphuket.com\/wp-content\/uploads\/2013\/07\/Sun-Thaiflag_booking12.gif\",\"contentUrl\":\"https:\/\/www.easydayphuket.com\/wp-content\/uploads\/2013\/07\/Sun-Thaiflag_booking12.gif\",\"width\":100,\"height\":94,\"caption\":\"Easy Day Thailand\"},\"image\":{\"@id\":\"https:\/\/www.easydayphuket.com\/#\/schema\/logo\/image\/\"},\"sameAs\":[\"https:\/\/www.facebook.com\/Easydayinthailand\/\",\"https:\/\/www.instagram.com\/easydaythailand\/\"]}]}<\/script>\n<!-- \/ Yoast SEO plugin. -->","yoast_head_json":{"title":"John Gray's Hong by Starlight Ausflug - Easy Day Phuket","description":"John Gray's Hong by Starlight Ausflug gebucht mit Easy Day Phuket. Beste Kanu Tour in Phang Nga. Eine Kombination aus Natur, Kultur & k\u00f6stlicher Thai-K\u00fcche.","robots":{"index":"index","follow":"follow","max-snippet":"max-snippet:-1","max-image-preview":"max-image-preview:large","max-video-preview":"max-video-preview:-1"},"canonical":"https:\/\/www.easydayphuket.com\/de\/phuket-ausfluege\/phang-nga-bucht-ausflug\/john-gray\/","og_locale":"de_DE","og_type":"article","og_title":"John Gray's Hong by Starlight Ausflug - Easy Day Phuket","og_description":"John Gray's Hong by Starlight Ausflug gebucht mit Easy Day Phuket. Beste Kanu Tour in Phang Nga. Eine Kombination aus Natur, Kultur & k\u00f6stlicher Thai-K\u00fcche.","og_url":"https:\/\/www.easydayphuket.com\/de\/phuket-ausfluege\/phang-nga-bucht-ausflug\/john-gray\/","og_site_name":"Easy Day Phuket","article_publisher":"https:\/\/www.facebook.com\/Easydayinthailand\/","article_modified_time":"2024-05-12T19:59:01+00:00","og_image":[{"url":"https:\/\/www.easydayphuket.com\/wp-content\/uploads\/2013\/07\/sunset-300x194.jpg","type":"","width":"","height":""}],"twitter_misc":{"Gesch\u00e4tzte Lesezeit":"3\u00a0Minuten"},"schema":{"@context":"https:\/\/schema.org","@graph":[{"@type":"WebPage","@id":"https:\/\/www.easydayphuket.com\/de\/phuket-ausfluege\/phang-nga-bucht-ausflug\/john-gray\/","url":"https:\/\/www.easydayphuket.com\/de\/phuket-ausfluege\/phang-nga-bucht-ausflug\/john-gray\/","name":"John Gray's Hong by Starlight Ausflug - Easy Day Phuket","isPartOf":{"@id":"https:\/\/www.easydayphuket.com\/#website"},"primaryImageOfPage":{"@id":"https:\/\/www.easydayphuket.com\/de\/phuket-ausfluege\/phang-nga-bucht-ausflug\/john-gray\/#primaryimage"},"image":{"@id":"https:\/\/www.easydayphuket.com\/de\/phuket-ausfluege\/phang-nga-bucht-ausflug\/john-gray\/#primaryimage"},"thumbnailUrl":"https:\/\/www.easydayphuket.com\/wp-content\/uploads\/2013\/07\/sunset-300x194.jpg","datePublished":"2015-05-21T03:05:34+00:00","dateModified":"2024-05-12T19:59:01+00:00","description":"John Gray's Hong by Starlight Ausflug gebucht mit Easy Day Phuket. Beste Kanu Tour in Phang Nga. Eine Kombination aus Natur, Kultur & k\u00f6stlicher Thai-K\u00fcche.","breadcrumb":{"@id":"https:\/\/www.easydayphuket.com\/de\/phuket-ausfluege\/phang-nga-bucht-ausflug\/john-gray\/#breadcrumb"},"inLanguage":"de","potentialAction":[{"@type":"ReadAction","target":["https:\/\/www.easydayphuket.com\/de\/phuket-ausfluege\/phang-nga-bucht-ausflug\/john-gray\/"]}]},{"@type":"ImageObject","inLanguage":"de","@id":"https:\/\/www.easydayphuket.com\/de\/phuket-ausfluege\/phang-nga-bucht-ausflug\/john-gray\/#primaryimage","url":"https:\/\/www.easydayphuket.com\/wp-content\/uploads\/2013\/07\/sunset-300x194.jpg","contentUrl":"https:\/\/www.easydayphuket.com\/wp-content\/uploads\/2013\/07\/sunset-300x194.jpg"},{"@type":"BreadcrumbList","@id":"https:\/\/www.easydayphuket.com\/de\/phuket-ausfluege\/phang-nga-bucht-ausflug\/john-gray\/#breadcrumb","itemListElement":[{"@type":"ListItem","position":1,"name":"Home","item":"https:\/\/www.easydayphuket.com\/de\/"},{"@type":"ListItem","position":2,"name":"Phuket Ausfl\u00fcge","item":"https:\/\/www.easydayphuket.com\/de\/phuket-ausfluege\/"},{"@type":"ListItem","position":3,"name":"Phang Nga Bay Ausflug","item":"https:\/\/www.easydayphuket.com\/de\/phuket-ausfluege\/phang-nga-bucht-ausflug\/"},{"@type":"ListItem","position":4,"name":"John Gray&#8217;s Hong by Starlight Ausflug"}]},{"@type":"WebSite","@id":"https:\/\/www.easydayphuket.com\/#website","url":"https:\/\/www.easydayphuket.com\/","name":"Easy Day Phuket","description":"Ihr Phuket Tour & Reise Partner","publisher":{"@id":"https:\/\/www.easydayphuket.com\/#organization"},"potentialAction":[{"@type":"SearchAction","target":{"@type":"EntryPoint","urlTemplate":"https:\/\/www.easydayphuket.com\/?s={search_term_string}"},"query-input":{"@type":"PropertyValueSpecification","valueRequired":true,"valueName":"search_term_string"}}],"inLanguage":"de"},{"@type":"Organization","@id":"https:\/\/www.easydayphuket.com\/#organization","name":"Easy Day Thailand","url":"https:\/\/www.easydayphuket.com\/","logo":{"@type":"ImageObject","inLanguage":"de","@id":"https:\/\/www.easydayphuket.com\/#\/schema\/logo\/image\/","url":"https:\/\/www.easydayphuket.com\/wp-content\/uploads\/2013\/07\/Sun-Thaiflag_booking12.gif","contentUrl":"https:\/\/www.easydayphuket.com\/wp-content\/uploads\/2013\/07\/Sun-Thaiflag_booking12.gif","width":100,"height":94,"caption":"Easy Day Thailand"},"image":{"@id":"https:\/\/www.easydayphuket.com\/#\/schema\/logo\/image\/"},"sameAs":["https:\/\/www.facebook.com\/Easydayinthailand\/","https:\/\/www.instagram.com\/easydaythailand\/"]}]}},"_links":{"self":[{"href":"https:\/\/www.easydayphuket.com\/de\/wp-json\/wp\/v2\/pages\/9073","targetHints":{"allow":["GET"]}}],"collection":[{"href":"https:\/\/www.easydayphuket.com\/de\/wp-json\/wp\/v2\/pages"}],"about":[{"href":"https:\/\/www.easydayphuket.com\/de\/wp-json\/wp\/v2\/types\/page"}],"author":[{"embeddable":true,"href":"https:\/\/www.easydayphuket.com\/de\/wp-json\/wp\/v2\/users\/4"}],"replies":[{"embeddable":true,"href":"https:\/\/www.easydayphuket.com\/de\/wp-json\/wp\/v2\/comments?post=9073"}],"version-history":[{"count":0,"href":"https:\/\/www.easydayphuket.com\/de\/wp-json\/wp\/v2\/pages\/9073\/revisions"}],"up":[{"embeddable":true,"href":"https:\/\/www.easydayphuket.com\/de\/wp-json\/wp\/v2\/pages\/8318"}],"wp:attachment":[{"href":"https:\/\/www.easydayphuket.com\/de\/wp-json\/wp\/v2\/media?parent=9073"}],"curies":[{"name":"wp","href":"https:\/\/api.w.org\/{rel}","templated":true}]}}