{"id":9065,"date":"2015-05-21T10:49:29","date_gmt":"2015-05-21T03:49:29","guid":{"rendered":"https:\/\/www.easydayphuket.com\/?page_id=9065"},"modified":"2024-05-13T02:58:03","modified_gmt":"2024-05-12T19:58:03","slug":"james-bond-insel","status":"publish","type":"page","link":"https:\/\/www.easydayphuket.com\/de\/phuket-ausfluege\/phang-nga-bucht-ausflug\/james-bond-insel\/","title":{"rendered":"James Bond Insel mit Schnellboot"},"content":{"rendered":"\n<figure class=\"wp-block-image alignright\"><a href=\"https:\/\/www.easydayphuket.com\/wp-content\/uploads\/2014\/08\/Phang-Nga-Bay-Tour.jpg\"><img loading=\"lazy\" decoding=\"async\" width=\"300\" height=\"241\" src=\"https:\/\/www.easydayphuket.com\/wp-content\/uploads\/2014\/08\/Phang-Nga-Bay-Tour-e1409295999203-300x241.jpg\" alt=\"James Bond Insel mit dem Schnellboot\" class=\"wp-image-5779\" srcset=\"https:\/\/www.easydayphuket.com\/wp-content\/uploads\/2014\/08\/Phang-Nga-Bay-Tour-e1409295999203-300x241.jpg 300w, https:\/\/www.easydayphuket.com\/wp-content\/uploads\/2014\/08\/Phang-Nga-Bay-Tour-e1409295999203-68x55.jpg 68w, https:\/\/www.easydayphuket.com\/wp-content\/uploads\/2014\/08\/Phang-Nga-Bay-Tour-e1409295999203.jpg 763w\" sizes=\"(max-width: 300px) 100vw, 300px\" \/><\/a><figcaption class=\"wp-element-caption\">James Bond Insel<\/figcaption><\/figure>\n\n\n\n<p>James Bond Insel mit Schnellboot &#8211; Erleben sie die Faszination der Phang Nga Bay und besuchen sie den James Bond Felsen.<\/p>\n\n\n\n<ul class=\"wp-block-list\">\n<li><strong>Komfortables Schnellboot<\/strong><\/li>\n\n\n\n<li><strong>Limitierte Anzahl G\u00e4ste<\/strong><\/li>\n\n\n\n<li><strong>Besuch James Bond Insel<\/strong><\/li>\n\n\n\n<li><strong>Koh Panyee Village\u00a0<\/strong><\/li>\n\n\n\n<li><strong>Kanuing<\/strong><\/li>\n\n\n\n<li><strong>Rundfahrt und Schwimmen<\/strong><\/li>\n\n\n\n<li><strong>Mehrsprachige Reiseleiter<\/strong> &#8211; Englisch, Deutsch, Franz\u00f6sisch, Italienisch &amp; Spanisch<\/li>\n<\/ul>\n\n\n<p><strong>Preie in Thai Baht pro Person: 3,900 | Kinder (3-12 Jahren)\u00a02,450\u00a0 <a href=\"#form\">&gt;&gt;Buchen \/ Kontakt <\/a><\/strong><\/p>\n\n\n\n<p><strong>T<\/strong><strong>our Inklusive :<\/strong><\/p>\n\n\n<ul>\n<li>Hoteltransfer innerhalb Phukets<\/li>\n<li>Schnellboot<\/li>\n<li>Alkoholfreie Getr\u00e4nke, Fr\u00fcchte und Geb\u00e4ck<\/li>\n<li>Schwimmwesten<\/li>\n<li>Mittagessen auf Koh Yao Yai.<\/li>\n<li>Deutschsprachige Reiseleiter (Ab 6 deutschsprachigen G\u00e4sten)<\/li>\n<li>Englischsprechende Reiseleiter<\/li>\n<li>Steuern und Versicherung<\/li>\n<\/ul>\n\n\n\n<p class=\"has-text-align-right\"><a href='#form' class='small-button smallblue'>Buchen \/ Kontakt<\/a><\/p>\n\n\n\n<h2 class=\"wp-block-heading\">James Bond Insel mit Schnellboot Tour &#8211; Galerie<\/h2>\n\n\n\n<figure class=\"wp-block-gallery has-nested-images columns-3 is-cropped wp-block-gallery-1 is-layout-flex wp-block-gallery-is-layout-flex\">\n<figure class=\"wp-block-image size-large\"><img loading=\"lazy\" decoding=\"async\" width=\"600\" height=\"360\" data-id=\"8262\" src=\"https:\/\/www.easydayphuket.com\/wp-content\/uploads\/2014\/08\/Canoeing-in-Phang-Nga-Bay.jpg\" alt=\"James Bond Insel mit dem Schnellboot\" class=\"wp-image-8262\" srcset=\"https:\/\/www.easydayphuket.com\/wp-content\/uploads\/2014\/08\/Canoeing-in-Phang-Nga-Bay.jpg 600w, https:\/\/www.easydayphuket.com\/wp-content\/uploads\/2014\/08\/Canoeing-in-Phang-Nga-Bay-300x180.jpg 300w, https:\/\/www.easydayphuket.com\/wp-content\/uploads\/2014\/08\/Canoeing-in-Phang-Nga-Bay-91x55.jpg 91w, https:\/\/www.easydayphuket.com\/wp-content\/uploads\/2014\/08\/Canoeing-in-Phang-Nga-Bay-140x85.jpg 140w\" sizes=\"(max-width: 600px) 100vw, 600px\" \/><\/figure>\n\n\n\n<figure class=\"wp-block-image size-large\"><img loading=\"lazy\" decoding=\"async\" width=\"606\" height=\"380\" data-id=\"8265\" src=\"https:\/\/www.easydayphuket.com\/wp-content\/uploads\/2014\/08\/Ice-Cream-Cave-Phang-Nga-Bay.jpg\" alt=\"James Bond Insel mit dem Schnellboot\" class=\"wp-image-8265\" srcset=\"https:\/\/www.easydayphuket.com\/wp-content\/uploads\/2014\/08\/Ice-Cream-Cave-Phang-Nga-Bay.jpg 606w, https:\/\/www.easydayphuket.com\/wp-content\/uploads\/2014\/08\/Ice-Cream-Cave-Phang-Nga-Bay-300x188.jpg 300w, https:\/\/www.easydayphuket.com\/wp-content\/uploads\/2014\/08\/Ice-Cream-Cave-Phang-Nga-Bay-87x55.jpg 87w\" sizes=\"(max-width: 606px) 100vw, 606px\" \/><\/figure>\n\n\n\n<figure class=\"wp-block-image size-large\"><img loading=\"lazy\" decoding=\"async\" width=\"800\" height=\"450\" data-id=\"8268\" src=\"https:\/\/www.easydayphuket.com\/wp-content\/uploads\/2014\/08\/Islands-in-Phang-Nga-Bay.jpg\" alt=\"James Bond Insel mit dem Schnellboot\" class=\"wp-image-8268\" srcset=\"https:\/\/www.easydayphuket.com\/wp-content\/uploads\/2014\/08\/Islands-in-Phang-Nga-Bay.jpg 800w, https:\/\/www.easydayphuket.com\/wp-content\/uploads\/2014\/08\/Islands-in-Phang-Nga-Bay-300x168.jpg 300w, https:\/\/www.easydayphuket.com\/wp-content\/uploads\/2014\/08\/Islands-in-Phang-Nga-Bay-97x55.jpg 97w\" sizes=\"(max-width: 800px) 100vw, 800px\" \/><\/figure>\n\n\n\n<figure class=\"wp-block-image size-large\"><img loading=\"lazy\" decoding=\"async\" width=\"800\" height=\"450\" data-id=\"8271\" src=\"https:\/\/www.easydayphuket.com\/wp-content\/uploads\/2014\/08\/James-Bond-Island.jpg\" alt=\"James Bond Insel mit dem Schnellboot\" class=\"wp-image-8271\" srcset=\"https:\/\/www.easydayphuket.com\/wp-content\/uploads\/2014\/08\/James-Bond-Island.jpg 800w, https:\/\/www.easydayphuket.com\/wp-content\/uploads\/2014\/08\/James-Bond-Island-300x168.jpg 300w, https:\/\/www.easydayphuket.com\/wp-content\/uploads\/2014\/08\/James-Bond-Island-97x55.jpg 97w\" sizes=\"(max-width: 800px) 100vw, 800px\" \/><\/figure>\n\n\n\n<figure class=\"wp-block-image size-large\"><img loading=\"lazy\" decoding=\"async\" width=\"800\" height=\"450\" data-id=\"8274\" src=\"https:\/\/www.easydayphuket.com\/wp-content\/uploads\/2014\/08\/Panyee-Island.jpg\" alt=\"James Bond Insel mit dem Schnellboot\" class=\"wp-image-8274\" srcset=\"https:\/\/www.easydayphuket.com\/wp-content\/uploads\/2014\/08\/Panyee-Island.jpg 800w, https:\/\/www.easydayphuket.com\/wp-content\/uploads\/2014\/08\/Panyee-Island-300x168.jpg 300w, https:\/\/www.easydayphuket.com\/wp-content\/uploads\/2014\/08\/Panyee-Island-97x55.jpg 97w\" sizes=\"(max-width: 800px) 100vw, 800px\" \/><\/figure>\n\n\n\n<figure class=\"wp-block-image size-large\"><img loading=\"lazy\" decoding=\"async\" width=\"800\" height=\"450\" data-id=\"8280\" src=\"https:\/\/www.easydayphuket.com\/wp-content\/uploads\/2014\/08\/Phang-Nga-Cave-Exploration.jpg\" alt=\"James Bond Insel mit dem Schnellboot\" class=\"wp-image-8280\" srcset=\"https:\/\/www.easydayphuket.com\/wp-content\/uploads\/2014\/08\/Phang-Nga-Cave-Exploration.jpg 800w, https:\/\/www.easydayphuket.com\/wp-content\/uploads\/2014\/08\/Phang-Nga-Cave-Exploration-300x168.jpg 300w, https:\/\/www.easydayphuket.com\/wp-content\/uploads\/2014\/08\/Phang-Nga-Cave-Exploration-97x55.jpg 97w\" sizes=\"(max-width: 800px) 100vw, 800px\" \/><\/figure>\n\n\n\n<figure class=\"wp-block-image size-large\"><img loading=\"lazy\" decoding=\"async\" width=\"763\" height=\"614\" data-id=\"8277\" src=\"https:\/\/www.easydayphuket.com\/wp-content\/uploads\/2014\/08\/Phang-Nga-Bay-Tour-e1409295999203.jpg\" alt=\"James Bond Insel mit dem Schnellboot\" class=\"wp-image-8277\" srcset=\"https:\/\/www.easydayphuket.com\/wp-content\/uploads\/2014\/08\/Phang-Nga-Bay-Tour-e1409295999203.jpg 763w, https:\/\/www.easydayphuket.com\/wp-content\/uploads\/2014\/08\/Phang-Nga-Bay-Tour-e1409295999203-300x241.jpg 300w, https:\/\/www.easydayphuket.com\/wp-content\/uploads\/2014\/08\/Phang-Nga-Bay-Tour-e1409295999203-68x55.jpg 68w\" sizes=\"(max-width: 763px) 100vw, 763px\" \/><\/figure>\n<\/figure>\n\n\n\n<h2 class=\"wp-block-heading\">James Bond Insel Tour mit Schnellboot- Tourplan<\/h2>\n\n\n\n<ul class=\"wp-block-list\">\n<li>06.00 -Hotelabholung im klimatisierten Minibus und fahrt zum Royal Phuket Marina Hafen. Die genaue Uhrzeit wird bei Buchung mitgeteilt, abh\u00e4ngig vom Hotel und Standort.<\/li>\n\n\n\n<li>07.30 &#8211; Abfahrt in die\u00a0<a title=\"Phang Nga Bay &amp; James Bond Island\" href=\"https:\/\/www.easydayphuket.com\/phang-nga-bay-james-bond-island\/\" target=\"_blank\" rel=\"noopener\"> Phang Nga Bay<\/a> und zur James Bond Insel.<\/li>\n\n\n\n<li>Ankunft im Phang Nga Bay Nationalpark und start der Touraktivit\u00e4ten\n<ul class=\"wp-block-list\">\n<li><b>Besuch der James Bond Insel.<\/b><\/li>\n\n\n\n<li><b>Besichtigung der H\u00f6hlen und Mangroven.<\/b><\/li>\n\n\n\n<li><b>Kanuing in der Phang Nga Bay f\u00fcr ca. 40 Minuten, durch H\u00f6hlen und Inseln.<br><\/b><\/li>\n\n\n\n<li><b>Besuch von\u00a0<a title=\"Koh Panyee Floating Fishing Village\" href=\"https:\/\/www.easydayphuket.com\/de\/phang-nga-bay-koh-panyee\/\">Koh Panyee Fishing Village<\/a><\/b><\/li>\n\n\n\n<li><strong>Mittagessen auf Koh Yao Yai.<\/strong><\/li>\n\n\n\n<li><strong>Zeit f\u00fcr Rundgang im Panyee Village.<\/strong><\/li>\n\n\n\n<li><strong>Schwimmen und entspannen am Strand, abseits der Massen.<\/strong><\/li>\n<\/ul>\n<\/li>\n\n\n\n<li>16:00 &#8211; R\u00fcckfahrt nach Phuket.<\/li>\n\n\n\n<li>17:00 &#8211; Ankunft im Royal Phuket Marina Hafen und Transfer zur\u00fcck zum Hotel.<\/li>\n\n\n\n<li>18:30 &#8211; Ankunft im Hotel.<\/li>\n<\/ul>\n\n\n\n<h2 class=\"wp-block-heading\" id=\"form\">Kontaktieren Sie uns f\u00fcr Ihre James Bond Tour<\/h2>\n\n\n\n<script charset=\"utf-8\" type=\"text\/javascript\" src=\"\/\/js.hsforms.net\/forms\/embed\/v2.js\"><\/script>\n<script>\n  hbspt.forms.create({\n    region: \"na1\",\n    portalId: \"3413662\",\n    formId: \"59765d47-ffdf-4452-a315-11081d03c004\"\n  });\n<\/script>\n\n\n\n<p><strong>Interessante Links zur Phang Nga Bay:<\/strong><\/p>\n\n\n\n<ul class=\"wp-block-list\">\n<li><a title=\"A day at Koh Panyee with Easy Day Thailand\" href=\"https:\/\/easydaythailand.blogspot.com\/2013\/09\/panyee-bungalow-restaurant-phang-nga-bay.html\" target=\"_blank\" rel=\"noopener\">Koh Panyee Fishing Village<\/a><\/li>\n<\/ul>\n","protected":false},"excerpt":{"rendered":"<p>James Bond Insel mit Schnellboot &#8211; Erleben sie die Faszination der Phang Nga Bay und besuchen sie den James Bond Felsen. Tour Inklusive : James Bond Insel mit Schnellboot Tour &#8211; Galerie James Bond Insel Tour mit Schnellboot- Tourplan Kontaktieren Sie uns f\u00fcr Ihre James Bond Tour Interessante Links zur Phang Nga Bay:<\/p>\n","protected":false},"author":4,"featured_media":0,"parent":8318,"menu_order":0,"comment_status":"closed","ping_status":"open","template":"","meta":{"_acf_changed":false,"_et_pb_use_builder":"","_et_pb_old_content":"","_et_gb_content_width":"","footnotes":""},"class_list":["post-9065","page","type-page","status-publish","hentry"],"acf":[],"yoast_head":"<!-- This site is optimized with the Yoast SEO plugin v25.1 - https:\/\/yoast.com\/wordpress\/plugins\/seo\/ -->\n<title>James Bond Insel mit Schnellboot von Easy Day Phuket<\/title>\n<meta name=\"description\" content=\"James Bond Insel mit Schnellboot. Entdecken Sie die Sch\u00f6nheit der Phang Nga Bay mit unserem schnellen &amp; komfortablen Schnellboot.\" \/>\n<meta name=\"robots\" content=\"index, follow, max-snippet:-1, max-image-preview:large, max-video-preview:-1\" \/>\n<link rel=\"canonical\" href=\"https:\/\/www.easydayphuket.com\/de\/phuket-ausfluege\/phang-nga-bucht-ausflug\/james-bond-insel\/\" \/>\n<meta property=\"og:locale\" content=\"de_DE\" \/>\n<meta property=\"og:type\" content=\"article\" \/>\n<meta property=\"og:title\" content=\"James Bond Insel mit Schnellboot von Easy Day Phuket\" \/>\n<meta property=\"og:description\" content=\"James Bond Insel mit Schnellboot. Entdecken Sie die Sch\u00f6nheit der Phang Nga Bay mit unserem schnellen &amp; komfortablen Schnellboot.\" \/>\n<meta property=\"og:url\" content=\"https:\/\/www.easydayphuket.com\/de\/phuket-ausfluege\/phang-nga-bucht-ausflug\/james-bond-insel\/\" \/>\n<meta property=\"og:site_name\" content=\"Easy Day Phuket\" \/>\n<meta property=\"article:publisher\" content=\"https:\/\/www.facebook.com\/Easydayinthailand\/\" \/>\n<meta property=\"article:modified_time\" content=\"2024-05-12T19:58:03+00:00\" \/>\n<meta property=\"og:image\" content=\"https:\/\/www.easydayphuket.com\/wp-content\/uploads\/2014\/08\/Phang-Nga-Bay-Tour-e1409295999203-300x241.jpg\" \/>\n<meta name=\"twitter:label1\" content=\"Gesch\u00e4tzte Lesezeit\" \/>\n\t<meta name=\"twitter:data1\" content=\"3\u00a0Minuten\" \/>\n<script type=\"application\/ld+json\" class=\"yoast-schema-graph\">{\"@context\":\"https:\/\/schema.org\",\"@graph\":[{\"@type\":\"WebPage\",\"@id\":\"https:\/\/www.easydayphuket.com\/de\/phuket-ausfluege\/phang-nga-bucht-ausflug\/james-bond-insel\/\",\"url\":\"https:\/\/www.easydayphuket.com\/de\/phuket-ausfluege\/phang-nga-bucht-ausflug\/james-bond-insel\/\",\"name\":\"James Bond Insel mit Schnellboot von Easy Day Phuket\",\"isPartOf\":{\"@id\":\"https:\/\/www.easydayphuket.com\/#website\"},\"primaryImageOfPage\":{\"@id\":\"https:\/\/www.easydayphuket.com\/de\/phuket-ausfluege\/phang-nga-bucht-ausflug\/james-bond-insel\/#primaryimage\"},\"image\":{\"@id\":\"https:\/\/www.easydayphuket.com\/de\/phuket-ausfluege\/phang-nga-bucht-ausflug\/james-bond-insel\/#primaryimage\"},\"thumbnailUrl\":\"https:\/\/www.easydayphuket.com\/wp-content\/uploads\/2014\/08\/Phang-Nga-Bay-Tour-e1409295999203-300x241.jpg\",\"datePublished\":\"2015-05-21T03:49:29+00:00\",\"dateModified\":\"2024-05-12T19:58:03+00:00\",\"description\":\"James Bond Insel mit Schnellboot. Entdecken Sie die Sch\u00f6nheit der Phang Nga Bay mit unserem schnellen & komfortablen Schnellboot.\",\"breadcrumb\":{\"@id\":\"https:\/\/www.easydayphuket.com\/de\/phuket-ausfluege\/phang-nga-bucht-ausflug\/james-bond-insel\/#breadcrumb\"},\"inLanguage\":\"de\",\"potentialAction\":[{\"@type\":\"ReadAction\",\"target\":[\"https:\/\/www.easydayphuket.com\/de\/phuket-ausfluege\/phang-nga-bucht-ausflug\/james-bond-insel\/\"]}]},{\"@type\":\"ImageObject\",\"inLanguage\":\"de\",\"@id\":\"https:\/\/www.easydayphuket.com\/de\/phuket-ausfluege\/phang-nga-bucht-ausflug\/james-bond-insel\/#primaryimage\",\"url\":\"https:\/\/www.easydayphuket.com\/wp-content\/uploads\/2014\/08\/Phang-Nga-Bay-Tour-e1409295999203-300x241.jpg\",\"contentUrl\":\"https:\/\/www.easydayphuket.com\/wp-content\/uploads\/2014\/08\/Phang-Nga-Bay-Tour-e1409295999203-300x241.jpg\"},{\"@type\":\"BreadcrumbList\",\"@id\":\"https:\/\/www.easydayphuket.com\/de\/phuket-ausfluege\/phang-nga-bucht-ausflug\/james-bond-insel\/#breadcrumb\",\"itemListElement\":[{\"@type\":\"ListItem\",\"position\":1,\"name\":\"Home\",\"item\":\"https:\/\/www.easydayphuket.com\/de\/\"},{\"@type\":\"ListItem\",\"position\":2,\"name\":\"Phuket Ausfl\u00fcge\",\"item\":\"https:\/\/www.easydayphuket.com\/de\/phuket-ausfluege\/\"},{\"@type\":\"ListItem\",\"position\":3,\"name\":\"Phang Nga Bay Ausflug\",\"item\":\"https:\/\/www.easydayphuket.com\/de\/phuket-ausfluege\/phang-nga-bucht-ausflug\/\"},{\"@type\":\"ListItem\",\"position\":4,\"name\":\"James Bond Insel mit Schnellboot\"}]},{\"@type\":\"WebSite\",\"@id\":\"https:\/\/www.easydayphuket.com\/#website\",\"url\":\"https:\/\/www.easydayphuket.com\/\",\"name\":\"Easy Day Phuket\",\"description\":\"Ihr Phuket Tour & Reise Partner\",\"publisher\":{\"@id\":\"https:\/\/www.easydayphuket.com\/#organization\"},\"potentialAction\":[{\"@type\":\"SearchAction\",\"target\":{\"@type\":\"EntryPoint\",\"urlTemplate\":\"https:\/\/www.easydayphuket.com\/?s={search_term_string}\"},\"query-input\":{\"@type\":\"PropertyValueSpecification\",\"valueRequired\":true,\"valueName\":\"search_term_string\"}}],\"inLanguage\":\"de\"},{\"@type\":\"Organization\",\"@id\":\"https:\/\/www.easydayphuket.com\/#organization\",\"name\":\"Easy Day Thailand\",\"url\":\"https:\/\/www.easydayphuket.com\/\",\"logo\":{\"@type\":\"ImageObject\",\"inLanguage\":\"de\",\"@id\":\"https:\/\/www.easydayphuket.com\/#\/schema\/logo\/image\/\",\"url\":\"https:\/\/www.easydayphuket.com\/wp-content\/uploads\/2013\/07\/Sun-Thaiflag_booking12.gif\",\"contentUrl\":\"https:\/\/www.easydayphuket.com\/wp-content\/uploads\/2013\/07\/Sun-Thaiflag_booking12.gif\",\"width\":100,\"height\":94,\"caption\":\"Easy Day Thailand\"},\"image\":{\"@id\":\"https:\/\/www.easydayphuket.com\/#\/schema\/logo\/image\/\"},\"sameAs\":[\"https:\/\/www.facebook.com\/Easydayinthailand\/\",\"https:\/\/www.instagram.com\/easydaythailand\/\"]}]}<\/script>\n<!-- \/ Yoast SEO plugin. -->","yoast_head_json":{"title":"James Bond Insel mit Schnellboot von Easy Day Phuket","description":"James Bond Insel mit Schnellboot. Entdecken Sie die Sch\u00f6nheit der Phang Nga Bay mit unserem schnellen & komfortablen Schnellboot.","robots":{"index":"index","follow":"follow","max-snippet":"max-snippet:-1","max-image-preview":"max-image-preview:large","max-video-preview":"max-video-preview:-1"},"canonical":"https:\/\/www.easydayphuket.com\/de\/phuket-ausfluege\/phang-nga-bucht-ausflug\/james-bond-insel\/","og_locale":"de_DE","og_type":"article","og_title":"James Bond Insel mit Schnellboot von Easy Day Phuket","og_description":"James Bond Insel mit Schnellboot. Entdecken Sie die Sch\u00f6nheit der Phang Nga Bay mit unserem schnellen & komfortablen Schnellboot.","og_url":"https:\/\/www.easydayphuket.com\/de\/phuket-ausfluege\/phang-nga-bucht-ausflug\/james-bond-insel\/","og_site_name":"Easy Day Phuket","article_publisher":"https:\/\/www.facebook.com\/Easydayinthailand\/","article_modified_time":"2024-05-12T19:58:03+00:00","og_image":[{"url":"https:\/\/www.easydayphuket.com\/wp-content\/uploads\/2014\/08\/Phang-Nga-Bay-Tour-e1409295999203-300x241.jpg","type":"","width":"","height":""}],"twitter_misc":{"Gesch\u00e4tzte Lesezeit":"3\u00a0Minuten"},"schema":{"@context":"https:\/\/schema.org","@graph":[{"@type":"WebPage","@id":"https:\/\/www.easydayphuket.com\/de\/phuket-ausfluege\/phang-nga-bucht-ausflug\/james-bond-insel\/","url":"https:\/\/www.easydayphuket.com\/de\/phuket-ausfluege\/phang-nga-bucht-ausflug\/james-bond-insel\/","name":"James Bond Insel mit Schnellboot von Easy Day Phuket","isPartOf":{"@id":"https:\/\/www.easydayphuket.com\/#website"},"primaryImageOfPage":{"@id":"https:\/\/www.easydayphuket.com\/de\/phuket-ausfluege\/phang-nga-bucht-ausflug\/james-bond-insel\/#primaryimage"},"image":{"@id":"https:\/\/www.easydayphuket.com\/de\/phuket-ausfluege\/phang-nga-bucht-ausflug\/james-bond-insel\/#primaryimage"},"thumbnailUrl":"https:\/\/www.easydayphuket.com\/wp-content\/uploads\/2014\/08\/Phang-Nga-Bay-Tour-e1409295999203-300x241.jpg","datePublished":"2015-05-21T03:49:29+00:00","dateModified":"2024-05-12T19:58:03+00:00","description":"James Bond Insel mit Schnellboot. Entdecken Sie die Sch\u00f6nheit der Phang Nga Bay mit unserem schnellen & komfortablen Schnellboot.","breadcrumb":{"@id":"https:\/\/www.easydayphuket.com\/de\/phuket-ausfluege\/phang-nga-bucht-ausflug\/james-bond-insel\/#breadcrumb"},"inLanguage":"de","potentialAction":[{"@type":"ReadAction","target":["https:\/\/www.easydayphuket.com\/de\/phuket-ausfluege\/phang-nga-bucht-ausflug\/james-bond-insel\/"]}]},{"@type":"ImageObject","inLanguage":"de","@id":"https:\/\/www.easydayphuket.com\/de\/phuket-ausfluege\/phang-nga-bucht-ausflug\/james-bond-insel\/#primaryimage","url":"https:\/\/www.easydayphuket.com\/wp-content\/uploads\/2014\/08\/Phang-Nga-Bay-Tour-e1409295999203-300x241.jpg","contentUrl":"https:\/\/www.easydayphuket.com\/wp-content\/uploads\/2014\/08\/Phang-Nga-Bay-Tour-e1409295999203-300x241.jpg"},{"@type":"BreadcrumbList","@id":"https:\/\/www.easydayphuket.com\/de\/phuket-ausfluege\/phang-nga-bucht-ausflug\/james-bond-insel\/#breadcrumb","itemListElement":[{"@type":"ListItem","position":1,"name":"Home","item":"https:\/\/www.easydayphuket.com\/de\/"},{"@type":"ListItem","position":2,"name":"Phuket Ausfl\u00fcge","item":"https:\/\/www.easydayphuket.com\/de\/phuket-ausfluege\/"},{"@type":"ListItem","position":3,"name":"Phang Nga Bay Ausflug","item":"https:\/\/www.easydayphuket.com\/de\/phuket-ausfluege\/phang-nga-bucht-ausflug\/"},{"@type":"ListItem","position":4,"name":"James Bond Insel mit Schnellboot"}]},{"@type":"WebSite","@id":"https:\/\/www.easydayphuket.com\/#website","url":"https:\/\/www.easydayphuket.com\/","name":"Easy Day Phuket","description":"Ihr Phuket Tour & Reise Partner","publisher":{"@id":"https:\/\/www.easydayphuket.com\/#organization"},"potentialAction":[{"@type":"SearchAction","target":{"@type":"EntryPoint","urlTemplate":"https:\/\/www.easydayphuket.com\/?s={search_term_string}"},"query-input":{"@type":"PropertyValueSpecification","valueRequired":true,"valueName":"search_term_string"}}],"inLanguage":"de"},{"@type":"Organization","@id":"https:\/\/www.easydayphuket.com\/#organization","name":"Easy Day Thailand","url":"https:\/\/www.easydayphuket.com\/","logo":{"@type":"ImageObject","inLanguage":"de","@id":"https:\/\/www.easydayphuket.com\/#\/schema\/logo\/image\/","url":"https:\/\/www.easydayphuket.com\/wp-content\/uploads\/2013\/07\/Sun-Thaiflag_booking12.gif","contentUrl":"https:\/\/www.easydayphuket.com\/wp-content\/uploads\/2013\/07\/Sun-Thaiflag_booking12.gif","width":100,"height":94,"caption":"Easy Day Thailand"},"image":{"@id":"https:\/\/www.easydayphuket.com\/#\/schema\/logo\/image\/"},"sameAs":["https:\/\/www.facebook.com\/Easydayinthailand\/","https:\/\/www.instagram.com\/easydaythailand\/"]}]}},"_links":{"self":[{"href":"https:\/\/www.easydayphuket.com\/de\/wp-json\/wp\/v2\/pages\/9065","targetHints":{"allow":["GET"]}}],"collection":[{"href":"https:\/\/www.easydayphuket.com\/de\/wp-json\/wp\/v2\/pages"}],"about":[{"href":"https:\/\/www.easydayphuket.com\/de\/wp-json\/wp\/v2\/types\/page"}],"author":[{"embeddable":true,"href":"https:\/\/www.easydayphuket.com\/de\/wp-json\/wp\/v2\/users\/4"}],"replies":[{"embeddable":true,"href":"https:\/\/www.easydayphuket.com\/de\/wp-json\/wp\/v2\/comments?post=9065"}],"version-history":[{"count":0,"href":"https:\/\/www.easydayphuket.com\/de\/wp-json\/wp\/v2\/pages\/9065\/revisions"}],"up":[{"embeddable":true,"href":"https:\/\/www.easydayphuket.com\/de\/wp-json\/wp\/v2\/pages\/8318"}],"wp:attachment":[{"href":"https:\/\/www.easydayphuket.com\/de\/wp-json\/wp\/v2\/media?parent=9065"}],"curies":[{"name":"wp","href":"https:\/\/api.w.org\/{rel}","templated":true}]}}