{"id":8320,"date":"2014-09-23T08:50:08","date_gmt":"2014-09-23T01:50:08","guid":{"rendered":"https:\/\/www.easydayphuket.com\/?page_id=8320"},"modified":"2024-05-13T03:13:06","modified_gmt":"2024-05-12T20:13:06","slug":"private-phang-nga-bay-tour","status":"publish","type":"page","link":"https:\/\/www.easydayphuket.com\/de\/phuket-ausfluege\/phang-nga-bucht-ausflug\/private-phang-nga-bay-tour\/","title":{"rendered":"Private Phang Nga Bay Ausflug"},"content":{"rendered":"\n<figure class=\"wp-block-image alignright\"><a href=\"https:\/\/www.flickr.com\/photos\/easydaythailand\/sets\/72157626950310909\/\" rel=\"noopener noreferrer\"><img decoding=\"async\" src=\"https:\/\/farm6.staticflickr.com\/5226\/5884060954_7b81037416_m.jpg\" alt=\"Private Phang Nga Bay Tour - Rundfahrt am James Bond Felsen\"\/><\/a><figcaption class=\"wp-element-caption\">James Bond Island<\/figcaption><\/figure>\n\n\n\n<p>Easy Day&#8217;s private Phang Nga Bay Tour ist die beliebteste und entspannte Tour in die Phang Nga Bay. Genie\u00dfen Sie einen Tag mit uns an den sch\u00f6nsten Pl\u00e4tzen der Phang Nga Bay, abseits der Massen.<\/p>\n\n\n\n<ul class=\"wp-block-list\">\n<li>Unsere<strong> private Tour <\/strong>ist ideal f\u00fcr Familien und kl. Gruppen die das unber\u00fchrte Phang Nga besuchen m\u00f6chten.<\/li>\n\n\n\n<li>Mit dem Longtailboot durch die <strong>Mangroven<\/strong> zur ber\u00fchmten <strong>James Bond Insel<\/strong> und den <strong>See Zigeunern<\/strong> von Koh Panyee.<\/li>\n\n\n\n<li>Genie\u00dfen sie die Phang Nga Bay ohne Zeitdruck.<\/li>\n\n\n\n<li>Besuchen Sie den Affentempel <strong>Wat&nbsp;Sawan Kuha.<\/strong><\/li>\n\n\n\n<li>Unsere Tour auf&nbsp; <a title=\"Easy Days private Phang Nga Tour on Youtube\" href=\"http:\/\/www.youtube.com\/watch?v=Wf8ZFZh-olg\" target=\"_blank\" rel=\"noopener noreferrer\">YouTube<\/a><\/li>\n<\/ul>\n\n\n<p> Preise in Thai Baht pro Gruppe: 1-2 Erwachsene 10,400 | Extra Person\u00a02,400 <\/strong>Kinder unter 3 Jahren kostenlos. Kinder 3 &#8211; 15 Jahren Thai Baht \u00a01,200\u00a0pro Kind.<strong>\u00a0<a title=\"Easy Day Contact Form\" href=\"#form\">&gt;&gt; Kostenloses Angebot! <\/a><\/p>\n\n\n\n<p class=\"has-text-align-left\"><strong>Im Preis inklusive:<\/strong><\/p>\n\n\n\n<p class=\"has-text-align-left\"><\/p>\n\n\n<ul>\n<li>Alle Transfers.<\/li>\n<li>Softdrinks und Wasser im Minibus.<\/li>\n<li>Mittagessen im Thail\u00e4ndischen Restaurant in der Phang Nga Bay.<\/li>\n<li>Erfahrene Guides.<\/li>\n<\/ul>\n\n\n\n<p class=\"has-text-align-left\"><strong>Nicht inklusive:<\/strong><strong> Phang Nga Nationalpark-Geb\u00fchren <\/strong>(Erwachsene 300 Thai Baht &amp; Kinder 100 Thai Baht)<strong><br><\/strong><\/p>\n\n\n\n<p class=\"has-text-align-left\"><a href=\"#add\"><strong>Zus\u00e4tzliche Aktivit\u00e4ten<\/strong><\/a>&nbsp;&#8211; Das Kanufahren ist die einzige Option die direkt am Tag der Tour gebucht werden kann. Das Elefantenreiten &amp; Baden sowie das ATV Abenteuer sollte bitte im voraus angemeldet werden. <a href=\"#add\">Mehr Infos&#8230;<\/a><\/p>\n\n\n\n<p class=\"has-text-align-right\"><a href='#form' class='small-button smallblue'>Buchen \/ Kontakt<\/a><\/p>\n\n\n\n<h2 class=\"wp-block-heading\">Phang Nga Tour &#8211; Galerie<\/h2>\n\n\n\n<p><iframe loading=\"lazy\" title=\"Private Phang Nga Bay Tour\" width=\"1080\" height=\"608\" src=\"https:\/\/www.youtube.com\/embed\/Wf8ZFZh-olg?feature=oembed\"  allow=\"accelerometer; autoplay; clipboard-write; encrypted-media; gyroscope; picture-in-picture; web-share\" referrerpolicy=\"strict-origin-when-cross-origin\" allowfullscreen><\/iframe><\/p>\n\n\n\n<h3 class=\"wp-block-heading\" id=\"add\">Phang Nga&nbsp;Ausflug&nbsp;mit zu zus\u00e4tzlichen Aktivit\u00e4ten<\/h3>\n\n\n\n\n\t\t\t<div class='et-tabs-container et_sliderfx_fade et_sliderauto_false et_sliderauto_speed_5000 et_slidertype_top_tabs'>\n\t\t\t\t<div class='et_slidecontent'>\n\t\t\t<figure class=\"wp-block-image alignleft size-thumbnail wp-image-10381\"><img loading=\"lazy\" decoding=\"async\" width=\"150\" height=\"150\" src=\"https:\/\/www.easydayphuket.com\/wp-content\/uploads\/2014\/03\/Elephant-Bathing-in-Kapong-5-150x150.jpg\" alt=\"Baby Elephant Bathing in Kapong\" class=\"wp-image-10381\"\/><figcaption class=\"wp-element-caption\">Baby Elephant Bathing<\/figcaption><\/figure>\n\n\n\n<h3 class=\"wp-block-heading\">Elefantenreiten &amp; Baden<\/h3>\n\n\n\n<p>Phang Nga Elefanten Camp<\/p>\n\n\n\n<ul class=\"wp-block-list\">\n<li>60 Min Reiten &amp; Baden&nbsp;&#8211; 1,200<\/li>\n\n\n\n<li>45 Min reiten&nbsp;&#8211; 900<\/li>\n<\/ul>\n\n\n\n<p>Preise in Thai Baht pro Person.<\/p>\n\n\n\n<p><strong>Hinweis:<\/strong>&nbsp;Aufgrund der beschr\u00e4nkten Anzahl der G\u00e4ste is eine Voranmeldung notwendig.<\/p>\n\t\t<\/div> \n\t\t<div class='et_slidecontent'>\n\t\t\t<figure class=\"wp-block-image alignleft size-thumbnail wp-image-13270\"><img loading=\"lazy\" decoding=\"async\" width=\"150\" height=\"150\" src=\"https:\/\/www.easydayphuket.com\/wp-content\/uploads\/2013\/07\/Phang-Nga-Sea-Canoe-at-Tam-Lot-150x150.jpg\" alt=\"Phang Nga Sea Canoe at Tam Lot\" class=\"wp-image-13270\"\/><figcaption class=\"wp-element-caption\">Sea Canoe<\/figcaption><\/figure>\n\n\n\n<h3 class=\"wp-block-heading\">Kanufahren in der Phang Nga Bay<\/h3>\n\n\n\n<p>Sea Canoing in Phang Nga Bay &#8211; Ein riesen Spa\u00df ist es mit dem Kanu durch die H\u00f6hlen im Tab Lot zu fahren. Es ist eine Tour die dann auch an dem Tag gebucht werden kann an dem der Ausflug stattfindet.<\/p>\n\t\t<\/div> \n\t\t<div class='et_slidecontent'>\n\t\t\t<figure class=\"wp-block-image alignleft size-thumbnail wp-image-11626\"><img loading=\"lazy\" decoding=\"async\" width=\"150\" height=\"150\" src=\"https:\/\/www.easydayphuket.com\/wp-content\/uploads\/2013\/07\/Phuket-ATV-Tours-150x150.jpg\" alt=\"Phuket ATV Tours\" class=\"wp-image-11626\"\/><figcaption class=\"wp-element-caption\">Phuket ATV Tours<\/figcaption><\/figure>\n\n\n\n<h3 class=\"wp-block-heading\"><a href=\"https:\/\/www.easydayphuket.com\/de\/phuket-unternehmungen\/phuket-atv-tour\/\" target=\"_blank\" rel=\"noopener noreferrer\">Phuket ATV Abenteuer<\/a><\/h3>\n\n\n\n<p>F\u00fcr alle die gerne noch etwas mehr Abenteuer ben\u00f6tigen, empfehlen wir die 2 Stunden mit dem ATV durch den Dschungel.<\/p>\n\n\n\n<p><strong>Preise in Thai Baht pro Person: 2,900<br><\/strong>Kinder (8-15 Jahren) oder Beifahrer 2,300<\/p>\n\n\n\n<p><strong>Notes:<\/strong> Aufgrund der beschr\u00e4nkten Anzahl der G\u00e4ste is eine Voranmeldung notwendig.<\/p>\n\t\t<\/div>\n\t\t\t<\/div>\n\n\n\n<h2 class=\"wp-block-heading\">Private Phang Nga Bay Tour &#8211; Tourplan<\/h2>\n\n\n\n<p>Wir haben eigentlich keine festgelegte private Phang Nga Bay Tour, das was hier aufgef\u00fchrt steht ist nur ein Beispiel wie wir diese Tour anbieten. Sollten Sie spezielle W\u00fcnsche oder Vorschl\u00e4ge haben, dann werden wir das zu Ihrer Zufriedenheit erledigen.<\/p>\n\n\n\n<ul class=\"wp-block-list\">\n<li>07:00 &#8211; Unser Guide holt Sie vom Hotel ab und Sie fahren dann nach Phang Nga Bay wo unser Longtailboot bereit steht. Die fahrt dauert zwischen 60 und 90 Minuten.<\/li>\n\n\n\n<li>08:30 &#8211; Fahrt mit dem Longtailboot durch die Mangroven in die Phang Nga Bay. Als erstes besuchen wir die James Bond Insel, eine imposante Erscheinung inmitten der Natur. Von dort geht es in Richtung <a title=\"Koh Panyee Floating Fishing Village\" href=\"https:\/\/www.easydayphuket.com\/de\/phang-nga-bay-koh-panyee\/\">Koh Panyee<\/a>, auf dem Weg dorthin passieren Sie wundervolle Inseln und fahren durch H\u00f6hlen die an Sch\u00f6nheit kaum zu vergleichen sind. In Koh Panyee angekommen besuchen Sie das auf Stelzen gebaute Dorf der See Zigeuner. Das Dorf hat nicht gerade den besten Ruf da t\u00e4glich. viele Touristen kommen und sich nicht immer nett verhalten. Wir fahren dort schon seit Jahren mit unseren Familien hin und haben uns mit einigen Leuten dort angefreundet und k\u00f6nnen denn mit unseren G\u00e4sten auch mal hinter die Kulissen schauen.<\/li>\n\n\n\n<li>12.00 -Nach der Tour quer durch die Phang Nga Bay gibt es Mittagessen im Restaurant vom Nationalpark. Das Restaurant befindet sich an einem fantastisch gelegenen Kanal den man \u00fcber einen kl. Holzweg erreicht. Super Essen mit Fisch und vielen anderen thail\u00e4ndischen Gerichten.<\/li>\n\n\n\n<li>13.30 -Besuchen Sie den Sawan Kuha Temple, ein Tempel mit einer gro\u00dfen liegenden Buddha Statue in einer H\u00f6hle.<\/li>\n\n\n\n<li>14:30 &#8211;&nbsp; Die R\u00fcckfahrt nach Phuket, f\u00fchrt uns entlang der Str\u00e4nde an der Westk\u00fcste. Hier gibt es dann noch genug Zeit f\u00fcr Fotos oder zum einkaufen. M\u00f6chten Sie lieber einen Abstecher nach <a href=\"https:\/\/www.easydayphuket.com\/de\/rang-hill-phuket\/\">Phuket Town<\/a> machen, so ist das f\u00fcr uns auch kein Problem. Was immer Ihnen vorschwebt, sagen Sie es dem Reiseleiter und er wird Ihnen ihren Wunsch erf\u00fcllen.<\/li>\n<\/ul>\n\n\n\n<h3 class=\"wp-block-heading\">Ihre eigene private Phang Nga Bay Tour<\/h3>\n\n\n\n<p>Sollte der oben genannte Tourplan f\u00fcr Ihre private Phang Nga Bay Tour nicht zutreffend oder ansprechend sein, dann werden wir die Tour so umbauen das die W\u00fcnsche und Bed\u00fcrfnisse zu Ihrer Zufriedenheit erf\u00fcllt werden. Vielleicht haben Sie ja das Eine oder Andere schon gesehen oder besucht, dann werden wir das vor der Tour besprechen und ber\u00fccksichtigen.<\/p>\n\n\n\n<h3 class=\"wp-block-heading\">Kunden Kommentare<\/h3>\n\n\n\n<p>Bericht \u00fcber unsere Private Phang Nga Bay Tour &#8211;&nbsp;<strong><a title=\"Phang Nga Bay Tour mit Easy Day Thailand\" href=\"https:\/\/www.soiblossom.com\/2015\/03\/02\/auf-den-spuren-von-james-bond\/\" target=\"_blank\" rel=\"noopener noreferrer\">Soi Blossom Reiseblog&nbsp;<\/a><\/strong><\/p>\n\n\n\n<h2 class=\"wp-block-heading\" id=\"form\">Kontakt f\u00fcr Ihre Private Phang Nga Bay Tour<\/h2>\n\n\n\n<script charset=\"utf-8\" type=\"text\/javascript\" src=\"\/\/js.hsforms.net\/forms\/embed\/v2.js\"><\/script>\n<script>\n  hbspt.forms.create({\n    region: \"na1\",\n    portalId: \"3413662\",\n    formId: \"59765d47-ffdf-4452-a315-11081d03c004\"\n  });\n<\/script>\n","protected":false},"excerpt":{"rendered":"<p>Easy Day&#8217;s private Phang Nga Bay Tour ist die beliebteste und entspannte Tour in die Phang Nga Bay. Genie\u00dfen Sie einen Tag mit uns an den sch\u00f6nsten Pl\u00e4tzen der Phang Nga Bay, abseits der Massen. Im Preis inklusive: Nicht inklusive: Phang Nga Nationalpark-Geb\u00fchren (Erwachsene 300 Thai Baht &amp; Kinder 100 Thai Baht) Zus\u00e4tzliche Aktivit\u00e4ten&nbsp;&#8211; Das [&hellip;]<\/p>\n","protected":false},"author":4,"featured_media":17464,"parent":8318,"menu_order":0,"comment_status":"closed","ping_status":"open","template":"","meta":{"_acf_changed":false,"_et_pb_use_builder":"","_et_pb_old_content":"","_et_gb_content_width":"","footnotes":""},"class_list":["post-8320","page","type-page","status-publish","has-post-thumbnail","hentry"],"acf":[],"yoast_head":"<!-- This site is optimized with the Yoast SEO plugin v25.1 - https:\/\/yoast.com\/wordpress\/plugins\/seo\/ -->\n<title>Easy Day Phukets private Phang Nga Bay Tour - Genialer Ausflug<\/title>\n<meta name=\"description\" content=\"Easy Day Phukets private Phang Nga Bay Tour ist die beste M\u00f6glichkeit die Mangroven und die Faszination der Phang Nga Bay selbstst\u00e4ndig zu erkunden.\" \/>\n<meta name=\"robots\" content=\"index, follow, max-snippet:-1, max-image-preview:large, max-video-preview:-1\" \/>\n<link rel=\"canonical\" href=\"https:\/\/www.easydayphuket.com\/de\/phuket-ausfluege\/phang-nga-bucht-ausflug\/private-phang-nga-bay-tour\/\" \/>\n<meta property=\"og:locale\" content=\"de_DE\" \/>\n<meta property=\"og:type\" content=\"article\" \/>\n<meta property=\"og:title\" content=\"Easy Day Phukets private Phang Nga Bay Tour - Genialer Ausflug\" \/>\n<meta property=\"og:description\" content=\"Easy Day Phukets private Phang Nga Bay Tour ist die beste M\u00f6glichkeit die Mangroven und die Faszination der Phang Nga Bay selbstst\u00e4ndig zu erkunden.\" \/>\n<meta property=\"og:url\" content=\"https:\/\/www.easydayphuket.com\/de\/phuket-ausfluege\/phang-nga-bucht-ausflug\/private-phang-nga-bay-tour\/\" \/>\n<meta property=\"og:site_name\" content=\"Easy Day Phuket\" \/>\n<meta property=\"article:publisher\" content=\"https:\/\/www.facebook.com\/Easydayinthailand\/\" \/>\n<meta property=\"article:modified_time\" content=\"2024-05-12T20:13:06+00:00\" \/>\n<meta property=\"og:image\" content=\"https:\/\/www.easydayphuket.com\/wp-content\/uploads\/2017\/03\/Phang-Nga-Bay-Caves-Sea-Canoe-Koh-Hong-Island.jpg\" \/>\n\t<meta property=\"og:image:width\" content=\"910\" \/>\n\t<meta property=\"og:image:height\" content=\"683\" \/>\n\t<meta property=\"og:image:type\" content=\"image\/jpeg\" \/>\n<meta name=\"twitter:label1\" content=\"Gesch\u00e4tzte Lesezeit\" \/>\n\t<meta name=\"twitter:data1\" content=\"5\u00a0Minuten\" \/>\n<script type=\"application\/ld+json\" class=\"yoast-schema-graph\">{\"@context\":\"https:\/\/schema.org\",\"@graph\":[{\"@type\":\"WebPage\",\"@id\":\"https:\/\/www.easydayphuket.com\/de\/phuket-ausfluege\/phang-nga-bucht-ausflug\/private-phang-nga-bay-tour\/\",\"url\":\"https:\/\/www.easydayphuket.com\/de\/phuket-ausfluege\/phang-nga-bucht-ausflug\/private-phang-nga-bay-tour\/\",\"name\":\"Easy Day Phukets private Phang Nga Bay Tour - Genialer Ausflug\",\"isPartOf\":{\"@id\":\"https:\/\/www.easydayphuket.com\/#website\"},\"primaryImageOfPage\":{\"@id\":\"https:\/\/www.easydayphuket.com\/de\/phuket-ausfluege\/phang-nga-bucht-ausflug\/private-phang-nga-bay-tour\/#primaryimage\"},\"image\":{\"@id\":\"https:\/\/www.easydayphuket.com\/de\/phuket-ausfluege\/phang-nga-bucht-ausflug\/private-phang-nga-bay-tour\/#primaryimage\"},\"thumbnailUrl\":\"https:\/\/www.easydayphuket.com\/wp-content\/uploads\/2017\/03\/Phang-Nga-Bay-Caves-Sea-Canoe-Koh-Hong-Island.jpg\",\"datePublished\":\"2014-09-23T01:50:08+00:00\",\"dateModified\":\"2024-05-12T20:13:06+00:00\",\"description\":\"Easy Day Phukets private Phang Nga Bay Tour ist die beste M\u00f6glichkeit die Mangroven und die Faszination der Phang Nga Bay selbstst\u00e4ndig zu erkunden.\",\"breadcrumb\":{\"@id\":\"https:\/\/www.easydayphuket.com\/de\/phuket-ausfluege\/phang-nga-bucht-ausflug\/private-phang-nga-bay-tour\/#breadcrumb\"},\"inLanguage\":\"de\",\"potentialAction\":[{\"@type\":\"ReadAction\",\"target\":[\"https:\/\/www.easydayphuket.com\/de\/phuket-ausfluege\/phang-nga-bucht-ausflug\/private-phang-nga-bay-tour\/\"]}]},{\"@type\":\"ImageObject\",\"inLanguage\":\"de\",\"@id\":\"https:\/\/www.easydayphuket.com\/de\/phuket-ausfluege\/phang-nga-bucht-ausflug\/private-phang-nga-bay-tour\/#primaryimage\",\"url\":\"https:\/\/www.easydayphuket.com\/wp-content\/uploads\/2017\/03\/Phang-Nga-Bay-Caves-Sea-Canoe-Koh-Hong-Island.jpg\",\"contentUrl\":\"https:\/\/www.easydayphuket.com\/wp-content\/uploads\/2017\/03\/Phang-Nga-Bay-Caves-Sea-Canoe-Koh-Hong-Island.jpg\",\"width\":910,\"height\":683,\"caption\":\"Phang Nga Bay Caves &amp; Sea Canoe - Koh Hong Island\"},{\"@type\":\"BreadcrumbList\",\"@id\":\"https:\/\/www.easydayphuket.com\/de\/phuket-ausfluege\/phang-nga-bucht-ausflug\/private-phang-nga-bay-tour\/#breadcrumb\",\"itemListElement\":[{\"@type\":\"ListItem\",\"position\":1,\"name\":\"Home\",\"item\":\"https:\/\/www.easydayphuket.com\/de\/\"},{\"@type\":\"ListItem\",\"position\":2,\"name\":\"Phuket Ausfl\u00fcge\",\"item\":\"https:\/\/www.easydayphuket.com\/de\/phuket-ausfluege\/\"},{\"@type\":\"ListItem\",\"position\":3,\"name\":\"Phang Nga Bay Ausflug\",\"item\":\"https:\/\/www.easydayphuket.com\/de\/phuket-ausfluege\/phang-nga-bucht-ausflug\/\"},{\"@type\":\"ListItem\",\"position\":4,\"name\":\"Private Phang Nga Bay Ausflug\"}]},{\"@type\":\"WebSite\",\"@id\":\"https:\/\/www.easydayphuket.com\/#website\",\"url\":\"https:\/\/www.easydayphuket.com\/\",\"name\":\"Easy Day Phuket\",\"description\":\"Ihr Phuket Tour & Reise Partner\",\"publisher\":{\"@id\":\"https:\/\/www.easydayphuket.com\/#organization\"},\"potentialAction\":[{\"@type\":\"SearchAction\",\"target\":{\"@type\":\"EntryPoint\",\"urlTemplate\":\"https:\/\/www.easydayphuket.com\/?s={search_term_string}\"},\"query-input\":{\"@type\":\"PropertyValueSpecification\",\"valueRequired\":true,\"valueName\":\"search_term_string\"}}],\"inLanguage\":\"de\"},{\"@type\":\"Organization\",\"@id\":\"https:\/\/www.easydayphuket.com\/#organization\",\"name\":\"Easy Day Thailand\",\"url\":\"https:\/\/www.easydayphuket.com\/\",\"logo\":{\"@type\":\"ImageObject\",\"inLanguage\":\"de\",\"@id\":\"https:\/\/www.easydayphuket.com\/#\/schema\/logo\/image\/\",\"url\":\"https:\/\/www.easydayphuket.com\/wp-content\/uploads\/2013\/07\/Sun-Thaiflag_booking12.gif\",\"contentUrl\":\"https:\/\/www.easydayphuket.com\/wp-content\/uploads\/2013\/07\/Sun-Thaiflag_booking12.gif\",\"width\":100,\"height\":94,\"caption\":\"Easy Day Thailand\"},\"image\":{\"@id\":\"https:\/\/www.easydayphuket.com\/#\/schema\/logo\/image\/\"},\"sameAs\":[\"https:\/\/www.facebook.com\/Easydayinthailand\/\",\"https:\/\/www.instagram.com\/easydaythailand\/\"]}]}<\/script>\n<!-- \/ Yoast SEO plugin. -->","yoast_head_json":{"title":"Easy Day Phukets private Phang Nga Bay Tour - Genialer Ausflug","description":"Easy Day Phukets private Phang Nga Bay Tour ist die beste M\u00f6glichkeit die Mangroven und die Faszination der Phang Nga Bay selbstst\u00e4ndig zu erkunden.","robots":{"index":"index","follow":"follow","max-snippet":"max-snippet:-1","max-image-preview":"max-image-preview:large","max-video-preview":"max-video-preview:-1"},"canonical":"https:\/\/www.easydayphuket.com\/de\/phuket-ausfluege\/phang-nga-bucht-ausflug\/private-phang-nga-bay-tour\/","og_locale":"de_DE","og_type":"article","og_title":"Easy Day Phukets private Phang Nga Bay Tour - Genialer Ausflug","og_description":"Easy Day Phukets private Phang Nga Bay Tour ist die beste M\u00f6glichkeit die Mangroven und die Faszination der Phang Nga Bay selbstst\u00e4ndig zu erkunden.","og_url":"https:\/\/www.easydayphuket.com\/de\/phuket-ausfluege\/phang-nga-bucht-ausflug\/private-phang-nga-bay-tour\/","og_site_name":"Easy Day Phuket","article_publisher":"https:\/\/www.facebook.com\/Easydayinthailand\/","article_modified_time":"2024-05-12T20:13:06+00:00","og_image":[{"width":910,"height":683,"url":"https:\/\/www.easydayphuket.com\/wp-content\/uploads\/2017\/03\/Phang-Nga-Bay-Caves-Sea-Canoe-Koh-Hong-Island.jpg","type":"image\/jpeg"}],"twitter_misc":{"Gesch\u00e4tzte Lesezeit":"5\u00a0Minuten"},"schema":{"@context":"https:\/\/schema.org","@graph":[{"@type":"WebPage","@id":"https:\/\/www.easydayphuket.com\/de\/phuket-ausfluege\/phang-nga-bucht-ausflug\/private-phang-nga-bay-tour\/","url":"https:\/\/www.easydayphuket.com\/de\/phuket-ausfluege\/phang-nga-bucht-ausflug\/private-phang-nga-bay-tour\/","name":"Easy Day Phukets private Phang Nga Bay Tour - Genialer Ausflug","isPartOf":{"@id":"https:\/\/www.easydayphuket.com\/#website"},"primaryImageOfPage":{"@id":"https:\/\/www.easydayphuket.com\/de\/phuket-ausfluege\/phang-nga-bucht-ausflug\/private-phang-nga-bay-tour\/#primaryimage"},"image":{"@id":"https:\/\/www.easydayphuket.com\/de\/phuket-ausfluege\/phang-nga-bucht-ausflug\/private-phang-nga-bay-tour\/#primaryimage"},"thumbnailUrl":"https:\/\/www.easydayphuket.com\/wp-content\/uploads\/2017\/03\/Phang-Nga-Bay-Caves-Sea-Canoe-Koh-Hong-Island.jpg","datePublished":"2014-09-23T01:50:08+00:00","dateModified":"2024-05-12T20:13:06+00:00","description":"Easy Day Phukets private Phang Nga Bay Tour ist die beste M\u00f6glichkeit die Mangroven und die Faszination der Phang Nga Bay selbstst\u00e4ndig zu erkunden.","breadcrumb":{"@id":"https:\/\/www.easydayphuket.com\/de\/phuket-ausfluege\/phang-nga-bucht-ausflug\/private-phang-nga-bay-tour\/#breadcrumb"},"inLanguage":"de","potentialAction":[{"@type":"ReadAction","target":["https:\/\/www.easydayphuket.com\/de\/phuket-ausfluege\/phang-nga-bucht-ausflug\/private-phang-nga-bay-tour\/"]}]},{"@type":"ImageObject","inLanguage":"de","@id":"https:\/\/www.easydayphuket.com\/de\/phuket-ausfluege\/phang-nga-bucht-ausflug\/private-phang-nga-bay-tour\/#primaryimage","url":"https:\/\/www.easydayphuket.com\/wp-content\/uploads\/2017\/03\/Phang-Nga-Bay-Caves-Sea-Canoe-Koh-Hong-Island.jpg","contentUrl":"https:\/\/www.easydayphuket.com\/wp-content\/uploads\/2017\/03\/Phang-Nga-Bay-Caves-Sea-Canoe-Koh-Hong-Island.jpg","width":910,"height":683,"caption":"Phang Nga Bay Caves &amp; Sea Canoe - Koh Hong Island"},{"@type":"BreadcrumbList","@id":"https:\/\/www.easydayphuket.com\/de\/phuket-ausfluege\/phang-nga-bucht-ausflug\/private-phang-nga-bay-tour\/#breadcrumb","itemListElement":[{"@type":"ListItem","position":1,"name":"Home","item":"https:\/\/www.easydayphuket.com\/de\/"},{"@type":"ListItem","position":2,"name":"Phuket Ausfl\u00fcge","item":"https:\/\/www.easydayphuket.com\/de\/phuket-ausfluege\/"},{"@type":"ListItem","position":3,"name":"Phang Nga Bay Ausflug","item":"https:\/\/www.easydayphuket.com\/de\/phuket-ausfluege\/phang-nga-bucht-ausflug\/"},{"@type":"ListItem","position":4,"name":"Private Phang Nga Bay Ausflug"}]},{"@type":"WebSite","@id":"https:\/\/www.easydayphuket.com\/#website","url":"https:\/\/www.easydayphuket.com\/","name":"Easy Day Phuket","description":"Ihr Phuket Tour & Reise Partner","publisher":{"@id":"https:\/\/www.easydayphuket.com\/#organization"},"potentialAction":[{"@type":"SearchAction","target":{"@type":"EntryPoint","urlTemplate":"https:\/\/www.easydayphuket.com\/?s={search_term_string}"},"query-input":{"@type":"PropertyValueSpecification","valueRequired":true,"valueName":"search_term_string"}}],"inLanguage":"de"},{"@type":"Organization","@id":"https:\/\/www.easydayphuket.com\/#organization","name":"Easy Day Thailand","url":"https:\/\/www.easydayphuket.com\/","logo":{"@type":"ImageObject","inLanguage":"de","@id":"https:\/\/www.easydayphuket.com\/#\/schema\/logo\/image\/","url":"https:\/\/www.easydayphuket.com\/wp-content\/uploads\/2013\/07\/Sun-Thaiflag_booking12.gif","contentUrl":"https:\/\/www.easydayphuket.com\/wp-content\/uploads\/2013\/07\/Sun-Thaiflag_booking12.gif","width":100,"height":94,"caption":"Easy Day Thailand"},"image":{"@id":"https:\/\/www.easydayphuket.com\/#\/schema\/logo\/image\/"},"sameAs":["https:\/\/www.facebook.com\/Easydayinthailand\/","https:\/\/www.instagram.com\/easydaythailand\/"]}]}},"_links":{"self":[{"href":"https:\/\/www.easydayphuket.com\/de\/wp-json\/wp\/v2\/pages\/8320","targetHints":{"allow":["GET"]}}],"collection":[{"href":"https:\/\/www.easydayphuket.com\/de\/wp-json\/wp\/v2\/pages"}],"about":[{"href":"https:\/\/www.easydayphuket.com\/de\/wp-json\/wp\/v2\/types\/page"}],"author":[{"embeddable":true,"href":"https:\/\/www.easydayphuket.com\/de\/wp-json\/wp\/v2\/users\/4"}],"replies":[{"embeddable":true,"href":"https:\/\/www.easydayphuket.com\/de\/wp-json\/wp\/v2\/comments?post=8320"}],"version-history":[{"count":0,"href":"https:\/\/www.easydayphuket.com\/de\/wp-json\/wp\/v2\/pages\/8320\/revisions"}],"up":[{"embeddable":true,"href":"https:\/\/www.easydayphuket.com\/de\/wp-json\/wp\/v2\/pages\/8318"}],"wp:featuredmedia":[{"embeddable":true,"href":"https:\/\/www.easydayphuket.com\/de\/wp-json\/wp\/v2\/media\/17464"}],"wp:attachment":[{"href":"https:\/\/www.easydayphuket.com\/de\/wp-json\/wp\/v2\/media?parent=8320"}],"curies":[{"name":"wp","href":"https:\/\/api.w.org\/{rel}","templated":true}]}}