{"id":8314,"date":"2014-09-23T09:29:00","date_gmt":"2014-09-23T02:29:00","guid":{"rendered":"https:\/\/www.easydayphuket.com\/?page_id=8314"},"modified":"2024-05-15T01:02:09","modified_gmt":"2024-05-14T18:02:09","slug":"racha-island-tours","status":"publish","type":"page","link":"https:\/\/www.easydayphuket.com\/de\/phuket-ausfluege\/racha-island-tours\/","title":{"rendered":"Racha Island Tour"},"content":{"rendered":"\n<p>Einen Tagesausflug nach Racha Yai ist auf verschiedene Arten m\u00f6glich, wir bieten hier mal die bequemsten und komfortabelsten Touren an. <a title=\"Raya Island\" href=\"https:\/\/www.easydayphuket.com\/de\/raya-island\/\">Raya Island<\/a>\u00a0 befindet sich ca. 23 km s\u00fcdlich von Phuket und hat traumhafte Str\u00e4nde mit glasklarem Wasser was f\u00fcr Wassersportler ein absoluter Highlight ist.<\/p>\n\n\n\n<figure class=\"wp-block-image alignleft\"><a href=\"https:\/\/www.easydayphuket.com\/de\/phuket-ausfluege\/racha-island-tours\/premium-racha-island-ausflug\/\"><img loading=\"lazy\" decoding=\"async\" width=\"150\" height=\"150\" src=\"https:\/\/www.easydayphuket.com\/wp-content\/uploads\/2013\/10\/racha-yai-jump-1-150x150.jpg\" alt=\"Spa\u00df in der Bungalow Bay\" class=\"wp-image-3116\"\/><\/a><figcaption class=\"wp-element-caption\">Familienausflug Racha Yai<\/figcaption><\/figure>\n\n\n\n<h2 class=\"wp-block-heading\"><a title=\"Racha Island Day Trip\" href=\"https:\/\/www.easydayphuket.com\/de\/phuket-ausfluege\/racha-island-tours\/premium-racha-island-ausflug\/\">Easy Days &#8211; Racha Premium Tour<\/a><\/h2>\n\n\n\n<p>Mit einem komfortablen Speedboot&nbsp;k\u00f6nnen wir gew\u00e4hrleisten das Sie eine entspannte und fantastische Tagestour nach Racha Yai haben werden. Wir gehen&nbsp;<strong>den Massen aus dem Weg<\/strong>&nbsp;um Ihnen die Sch\u00f6nheit der Insel Racha Yai zu zeigen.<\/p>\n\n\n\n<p><strong>Preise THB 1,900<\/strong> \/ Person<\/p>\n\n\n\n<p class=\"has-text-align-right\"><a title=\"Easy Day Contact Form\" href=\"https:\/\/www.easydayphuket.com\/de\/kontakt\/\">Kontakt<\/a> | <a title=\"Racha Island Day Trip\" href=\"https:\/\/www.easydayphuket.com\/de\/kontakt\/\">Mehr Infos<\/a><\/p>\n\n\n<div class=\"divider\"><\/div>\n\n\n\n<figure class=\"wp-block-image alignleft\"><a href=\"https:\/\/www.easydayphuket.com\/de\/phuket-ausfluege\/racha-island-tours\/racha-island-tour\/\"><img decoding=\"async\" src=\"https:\/\/farm2.staticflickr.com\/1090\/5134119261_ccc927b717_q.jpg\" alt=\"Wei\u00dfe Str\u00e4nde mit Easy Day's Racha Island Tours \"\/><\/a><figcaption class=\"wp-element-caption\">Siam Bay<\/figcaption><\/figure>\n\n\n\n<h2 class=\"wp-block-heading\"><a title=\"Racha Yai Island Tour with Ban Raya \" href=\"https:\/\/www.easydayphuket.com\/de\/phuket-ausfluege\/racha-island-tours\/racha-island-tour\/\">Racha Island Tour mit Schnellboot<\/a><\/h2>\n\n\n\n<p>Willkommen an Bord, geniessen Sie einen Tagesausflug mit guten Leuten zur wundersch\u00f6nen Insel Racha Yai. Schnorcheln und schwimmen in klarem Wasser und ein spitzen Mittagessen im Ban Raya.<\/p>\n\n\n\n<p><strong>Preise THB 1,900<\/strong> \/ Person<\/p>\n\n\n\n<p class=\"has-text-align-right\"><a title=\"Easy Day Contact Form\" href=\"https:\/\/www.easydayphuket.com\/de\/kontakt\/\">Kontakt<\/a> | <a title=\"Ban Raya Speed boat Tour to Racha Yai Island\" href=\"https:\/\/www.easydayphuket.com\/de\/phuket-ausfluege\/racha-island-tours\/racha-island-tour\/\">Mehr Infos<\/a><\/p>\n\n\n<div class=\"divider\"><\/div>\n\n\n\n<figure class=\"wp-block-image alignleft\"><a href=\"https:\/\/www.easydayphuket.com\/de\/phuket-ausfluege\/racha-island-tours\/tauchen-racha-island\/\"><img decoding=\"async\" src=\"https:\/\/farm6.staticflickr.com\/5489\/9345068715_628387c8d8_q.jpg\" alt=\"Mur\u00e4ne - Raya Yai Island Tauch Tour\"\/><\/a><figcaption class=\"wp-element-caption\">Mur\u00e4ne bei Raya Yai<\/figcaption><\/figure>\n\n\n\n<h2 class=\"wp-block-heading\"><a title=\"Scuba Diving at racha Yai Island\" href=\"https:\/\/www.easydayphuket.com\/de\/phuket-ausfluege\/racha-island-tours\/tauchen-racha-island\/\">Tauchen bei Racha Island<\/a><\/h2>\n\n\n\n<p>Tauchen bei <a title=\"Racha Yai Diving Sites\" href=\"https:\/\/www.easydayphuket.com\/racha-yai-diving\/\" target=\"_blank\" rel=\"noopener noreferrer\">Racha Yai Island<\/a> jeden Mittwoch &amp; Samstag an Bord des besten Tagestourboots von Phuket. Max. 20 Taucher, kl, Gruppen, Nitrox und erfahrene Tauchlehrer.<\/p>\n\n\n\n<p><strong>Preise THB 3,900 \/<\/strong> Person<\/p>\n\n\n\n<p class=\"has-text-align-right\"><a title=\"Easy Day Contact Form\" href=\"https:\/\/www.easydayphuket.com\/de\/kontakt\/\">Kontakt<\/a> | <a title=\"Scuba DIving trip to Raya Yai Island\" href=\"https:\/\/www.easydayphuket.com\/de\/phuket-ausfluege\/racha-island-tours\/tauchen-racha-island\/\">Mehr Infos<\/a><\/p>\n\n\n<div class=\"divider\"><\/div>\n\n\n\n<figure class=\"wp-block-image alignleft\"><img decoding=\"async\" src=\"https:\/\/farm5.staticflickr.com\/4015\/5134711632_fc64b8ff7d_q.jpg\" alt=\"Ban Raya Resort auf Racha Island\"\/><figcaption class=\"wp-element-caption\">Ban Raya Gartenblick<\/figcaption><\/figure>\n\n\n\n<h2 class=\"wp-block-heading\">Racha Island Tour mit \u00dcbernachtung<\/h2>\n\n\n\n<p>Geniessen Sie Ihren Urlaub auf der Insel Racha Yai, eine wundersch\u00f6ne Insel die f\u00fcr Ruhe und Entspannung wie geschaffen ist. Kommen Sie und \u00fcbernachten Sie im Baan Raya Resort<\/p>\n\n\n\n<p class=\"has-text-align-right\"><a title=\"Easy Day Contact Form\" href=\"https:\/\/www.easydayphuket.com\/de\/kontakt\/\">Kontakt<\/a><\/p>\n\n\n\n<p><\/p>\n\n\n\n<h2 class=\"wp-block-heading\" id=\"form\">Informieren Sie uns \u00fcber Ihre Racha Island Tour<\/h2>\n\n\n\n<script charset=\"utf-8\" type=\"text\/javascript\" src=\"\/\/js.hsforms.net\/forms\/embed\/v2.js\"><\/script>\n<script>\n  hbspt.forms.create({\n    region: \"na1\",\n    portalId: \"3413662\",\n    formId: \"59765d47-ffdf-4452-a315-11081d03c004\"\n  });\n<\/script>\n","protected":false},"excerpt":{"rendered":"<p>Einen Tagesausflug nach Racha Yai ist auf verschiedene Arten m\u00f6glich, wir bieten hier mal die bequemsten und komfortabelsten Touren an. Raya Island\u00a0 befindet sich ca. 23 km s\u00fcdlich von Phuket und hat traumhafte Str\u00e4nde mit glasklarem Wasser was f\u00fcr Wassersportler ein absoluter Highlight ist. Easy Days &#8211; Racha Premium Tour Mit einem komfortablen Speedboot&nbsp;k\u00f6nnen wir [&hellip;]<\/p>\n","protected":false},"author":4,"featured_media":0,"parent":5572,"menu_order":0,"comment_status":"closed","ping_status":"closed","template":"","meta":{"_acf_changed":false,"_et_pb_use_builder":"","_et_pb_old_content":"","_et_gb_content_width":"","footnotes":""},"class_list":["post-8314","page","type-page","status-publish","hentry"],"acf":[],"yoast_head":"<!-- This site is optimized with the Yoast SEO plugin v25.1 - https:\/\/yoast.com\/wordpress\/plugins\/seo\/ -->\n<title>Racha Island Tour - Spa\u00df &amp; Schnorcheln f\u00fcr die ganze Familie<\/title>\n<meta name=\"description\" content=\"Racha Island Tour - Tagestouren oder mit \u00dcbernachtung nach racha Island verspricht Spass beim schnorcheln, tauchen und entspannen. Ein tropisches Paradies in der N\u00e4\u00f6he von Phuket\" \/>\n<meta name=\"robots\" content=\"index, follow, max-snippet:-1, max-image-preview:large, max-video-preview:-1\" \/>\n<link rel=\"canonical\" href=\"https:\/\/www.easydayphuket.com\/de\/phuket-ausfluege\/racha-island-tours\/\" \/>\n<meta property=\"og:locale\" content=\"de_DE\" \/>\n<meta property=\"og:type\" content=\"article\" \/>\n<meta property=\"og:title\" content=\"Racha Island Tour - Spa\u00df &amp; Schnorcheln f\u00fcr die ganze Familie\" \/>\n<meta property=\"og:description\" content=\"Racha Island Tour - Tagestouren oder mit \u00dcbernachtung nach racha Island verspricht Spass beim schnorcheln, tauchen und entspannen. Ein tropisches Paradies in der N\u00e4\u00f6he von Phuket\" \/>\n<meta property=\"og:url\" content=\"https:\/\/www.easydayphuket.com\/de\/phuket-ausfluege\/racha-island-tours\/\" \/>\n<meta property=\"og:site_name\" content=\"Easy Day Phuket\" \/>\n<meta property=\"article:publisher\" content=\"https:\/\/www.facebook.com\/Easydayinthailand\/\" \/>\n<meta property=\"article:modified_time\" content=\"2024-05-14T18:02:09+00:00\" \/>\n<meta property=\"og:image\" content=\"https:\/\/www.easydayphuket.com\/wp-content\/uploads\/2013\/10\/racha-yai-jump-1-150x150.jpg\" \/>\n<meta name=\"twitter:label1\" content=\"Gesch\u00e4tzte Lesezeit\" \/>\n\t<meta name=\"twitter:data1\" content=\"2\u00a0Minuten\" \/>\n<script type=\"application\/ld+json\" class=\"yoast-schema-graph\">{\"@context\":\"https:\/\/schema.org\",\"@graph\":[{\"@type\":\"WebPage\",\"@id\":\"https:\/\/www.easydayphuket.com\/de\/phuket-ausfluege\/racha-island-tours\/\",\"url\":\"https:\/\/www.easydayphuket.com\/de\/phuket-ausfluege\/racha-island-tours\/\",\"name\":\"Racha Island Tour - Spa\u00df & Schnorcheln f\u00fcr die ganze Familie\",\"isPartOf\":{\"@id\":\"https:\/\/www.easydayphuket.com\/#website\"},\"primaryImageOfPage\":{\"@id\":\"https:\/\/www.easydayphuket.com\/de\/phuket-ausfluege\/racha-island-tours\/#primaryimage\"},\"image\":{\"@id\":\"https:\/\/www.easydayphuket.com\/de\/phuket-ausfluege\/racha-island-tours\/#primaryimage\"},\"thumbnailUrl\":\"https:\/\/www.easydayphuket.com\/wp-content\/uploads\/2013\/10\/racha-yai-jump-1-150x150.jpg\",\"datePublished\":\"2014-09-23T02:29:00+00:00\",\"dateModified\":\"2024-05-14T18:02:09+00:00\",\"description\":\"Racha Island Tour - Tagestouren oder mit \u00dcbernachtung nach racha Island verspricht Spass beim schnorcheln, tauchen und entspannen. Ein tropisches Paradies in der N\u00e4\u00f6he von Phuket\",\"breadcrumb\":{\"@id\":\"https:\/\/www.easydayphuket.com\/de\/phuket-ausfluege\/racha-island-tours\/#breadcrumb\"},\"inLanguage\":\"de\",\"potentialAction\":[{\"@type\":\"ReadAction\",\"target\":[\"https:\/\/www.easydayphuket.com\/de\/phuket-ausfluege\/racha-island-tours\/\"]}]},{\"@type\":\"ImageObject\",\"inLanguage\":\"de\",\"@id\":\"https:\/\/www.easydayphuket.com\/de\/phuket-ausfluege\/racha-island-tours\/#primaryimage\",\"url\":\"https:\/\/www.easydayphuket.com\/wp-content\/uploads\/2013\/10\/racha-yai-jump-1-150x150.jpg\",\"contentUrl\":\"https:\/\/www.easydayphuket.com\/wp-content\/uploads\/2013\/10\/racha-yai-jump-1-150x150.jpg\"},{\"@type\":\"BreadcrumbList\",\"@id\":\"https:\/\/www.easydayphuket.com\/de\/phuket-ausfluege\/racha-island-tours\/#breadcrumb\",\"itemListElement\":[{\"@type\":\"ListItem\",\"position\":1,\"name\":\"Home\",\"item\":\"https:\/\/www.easydayphuket.com\/de\/\"},{\"@type\":\"ListItem\",\"position\":2,\"name\":\"Phuket Ausfl\u00fcge\",\"item\":\"https:\/\/www.easydayphuket.com\/de\/phuket-ausfluege\/\"},{\"@type\":\"ListItem\",\"position\":3,\"name\":\"Racha Island Tour\"}]},{\"@type\":\"WebSite\",\"@id\":\"https:\/\/www.easydayphuket.com\/#website\",\"url\":\"https:\/\/www.easydayphuket.com\/\",\"name\":\"Easy Day Phuket\",\"description\":\"Ihr Phuket Tour & Reise Partner\",\"publisher\":{\"@id\":\"https:\/\/www.easydayphuket.com\/#organization\"},\"potentialAction\":[{\"@type\":\"SearchAction\",\"target\":{\"@type\":\"EntryPoint\",\"urlTemplate\":\"https:\/\/www.easydayphuket.com\/?s={search_term_string}\"},\"query-input\":{\"@type\":\"PropertyValueSpecification\",\"valueRequired\":true,\"valueName\":\"search_term_string\"}}],\"inLanguage\":\"de\"},{\"@type\":\"Organization\",\"@id\":\"https:\/\/www.easydayphuket.com\/#organization\",\"name\":\"Easy Day Thailand\",\"url\":\"https:\/\/www.easydayphuket.com\/\",\"logo\":{\"@type\":\"ImageObject\",\"inLanguage\":\"de\",\"@id\":\"https:\/\/www.easydayphuket.com\/#\/schema\/logo\/image\/\",\"url\":\"https:\/\/www.easydayphuket.com\/wp-content\/uploads\/2013\/07\/Sun-Thaiflag_booking12.gif\",\"contentUrl\":\"https:\/\/www.easydayphuket.com\/wp-content\/uploads\/2013\/07\/Sun-Thaiflag_booking12.gif\",\"width\":100,\"height\":94,\"caption\":\"Easy Day Thailand\"},\"image\":{\"@id\":\"https:\/\/www.easydayphuket.com\/#\/schema\/logo\/image\/\"},\"sameAs\":[\"https:\/\/www.facebook.com\/Easydayinthailand\/\",\"https:\/\/www.instagram.com\/easydaythailand\/\"]}]}<\/script>\n<!-- \/ Yoast SEO plugin. -->","yoast_head_json":{"title":"Racha Island Tour - Spa\u00df & Schnorcheln f\u00fcr die ganze Familie","description":"Racha Island Tour - Tagestouren oder mit \u00dcbernachtung nach racha Island verspricht Spass beim schnorcheln, tauchen und entspannen. Ein tropisches Paradies in der N\u00e4\u00f6he von Phuket","robots":{"index":"index","follow":"follow","max-snippet":"max-snippet:-1","max-image-preview":"max-image-preview:large","max-video-preview":"max-video-preview:-1"},"canonical":"https:\/\/www.easydayphuket.com\/de\/phuket-ausfluege\/racha-island-tours\/","og_locale":"de_DE","og_type":"article","og_title":"Racha Island Tour - Spa\u00df & Schnorcheln f\u00fcr die ganze Familie","og_description":"Racha Island Tour - Tagestouren oder mit \u00dcbernachtung nach racha Island verspricht Spass beim schnorcheln, tauchen und entspannen. Ein tropisches Paradies in der N\u00e4\u00f6he von Phuket","og_url":"https:\/\/www.easydayphuket.com\/de\/phuket-ausfluege\/racha-island-tours\/","og_site_name":"Easy Day Phuket","article_publisher":"https:\/\/www.facebook.com\/Easydayinthailand\/","article_modified_time":"2024-05-14T18:02:09+00:00","og_image":[{"url":"https:\/\/www.easydayphuket.com\/wp-content\/uploads\/2013\/10\/racha-yai-jump-1-150x150.jpg","type":"","width":"","height":""}],"twitter_misc":{"Gesch\u00e4tzte Lesezeit":"2\u00a0Minuten"},"schema":{"@context":"https:\/\/schema.org","@graph":[{"@type":"WebPage","@id":"https:\/\/www.easydayphuket.com\/de\/phuket-ausfluege\/racha-island-tours\/","url":"https:\/\/www.easydayphuket.com\/de\/phuket-ausfluege\/racha-island-tours\/","name":"Racha Island Tour - Spa\u00df & Schnorcheln f\u00fcr die ganze Familie","isPartOf":{"@id":"https:\/\/www.easydayphuket.com\/#website"},"primaryImageOfPage":{"@id":"https:\/\/www.easydayphuket.com\/de\/phuket-ausfluege\/racha-island-tours\/#primaryimage"},"image":{"@id":"https:\/\/www.easydayphuket.com\/de\/phuket-ausfluege\/racha-island-tours\/#primaryimage"},"thumbnailUrl":"https:\/\/www.easydayphuket.com\/wp-content\/uploads\/2013\/10\/racha-yai-jump-1-150x150.jpg","datePublished":"2014-09-23T02:29:00+00:00","dateModified":"2024-05-14T18:02:09+00:00","description":"Racha Island Tour - Tagestouren oder mit \u00dcbernachtung nach racha Island verspricht Spass beim schnorcheln, tauchen und entspannen. Ein tropisches Paradies in der N\u00e4\u00f6he von Phuket","breadcrumb":{"@id":"https:\/\/www.easydayphuket.com\/de\/phuket-ausfluege\/racha-island-tours\/#breadcrumb"},"inLanguage":"de","potentialAction":[{"@type":"ReadAction","target":["https:\/\/www.easydayphuket.com\/de\/phuket-ausfluege\/racha-island-tours\/"]}]},{"@type":"ImageObject","inLanguage":"de","@id":"https:\/\/www.easydayphuket.com\/de\/phuket-ausfluege\/racha-island-tours\/#primaryimage","url":"https:\/\/www.easydayphuket.com\/wp-content\/uploads\/2013\/10\/racha-yai-jump-1-150x150.jpg","contentUrl":"https:\/\/www.easydayphuket.com\/wp-content\/uploads\/2013\/10\/racha-yai-jump-1-150x150.jpg"},{"@type":"BreadcrumbList","@id":"https:\/\/www.easydayphuket.com\/de\/phuket-ausfluege\/racha-island-tours\/#breadcrumb","itemListElement":[{"@type":"ListItem","position":1,"name":"Home","item":"https:\/\/www.easydayphuket.com\/de\/"},{"@type":"ListItem","position":2,"name":"Phuket Ausfl\u00fcge","item":"https:\/\/www.easydayphuket.com\/de\/phuket-ausfluege\/"},{"@type":"ListItem","position":3,"name":"Racha Island Tour"}]},{"@type":"WebSite","@id":"https:\/\/www.easydayphuket.com\/#website","url":"https:\/\/www.easydayphuket.com\/","name":"Easy Day Phuket","description":"Ihr Phuket Tour & Reise Partner","publisher":{"@id":"https:\/\/www.easydayphuket.com\/#organization"},"potentialAction":[{"@type":"SearchAction","target":{"@type":"EntryPoint","urlTemplate":"https:\/\/www.easydayphuket.com\/?s={search_term_string}"},"query-input":{"@type":"PropertyValueSpecification","valueRequired":true,"valueName":"search_term_string"}}],"inLanguage":"de"},{"@type":"Organization","@id":"https:\/\/www.easydayphuket.com\/#organization","name":"Easy Day Thailand","url":"https:\/\/www.easydayphuket.com\/","logo":{"@type":"ImageObject","inLanguage":"de","@id":"https:\/\/www.easydayphuket.com\/#\/schema\/logo\/image\/","url":"https:\/\/www.easydayphuket.com\/wp-content\/uploads\/2013\/07\/Sun-Thaiflag_booking12.gif","contentUrl":"https:\/\/www.easydayphuket.com\/wp-content\/uploads\/2013\/07\/Sun-Thaiflag_booking12.gif","width":100,"height":94,"caption":"Easy Day Thailand"},"image":{"@id":"https:\/\/www.easydayphuket.com\/#\/schema\/logo\/image\/"},"sameAs":["https:\/\/www.facebook.com\/Easydayinthailand\/","https:\/\/www.instagram.com\/easydaythailand\/"]}]}},"_links":{"self":[{"href":"https:\/\/www.easydayphuket.com\/de\/wp-json\/wp\/v2\/pages\/8314","targetHints":{"allow":["GET"]}}],"collection":[{"href":"https:\/\/www.easydayphuket.com\/de\/wp-json\/wp\/v2\/pages"}],"about":[{"href":"https:\/\/www.easydayphuket.com\/de\/wp-json\/wp\/v2\/types\/page"}],"author":[{"embeddable":true,"href":"https:\/\/www.easydayphuket.com\/de\/wp-json\/wp\/v2\/users\/4"}],"replies":[{"embeddable":true,"href":"https:\/\/www.easydayphuket.com\/de\/wp-json\/wp\/v2\/comments?post=8314"}],"version-history":[{"count":0,"href":"https:\/\/www.easydayphuket.com\/de\/wp-json\/wp\/v2\/pages\/8314\/revisions"}],"up":[{"embeddable":true,"href":"https:\/\/www.easydayphuket.com\/de\/wp-json\/wp\/v2\/pages\/5572"}],"wp:attachment":[{"href":"https:\/\/www.easydayphuket.com\/de\/wp-json\/wp\/v2\/media?parent=8314"}],"curies":[{"name":"wp","href":"https:\/\/api.w.org\/{rel}","templated":true}]}}