{"id":8307,"date":"2014-10-05T07:27:15","date_gmt":"2014-10-05T00:27:15","guid":{"rendered":"https:\/\/www.easydayphuket.com\/?page_id=8307"},"modified":"2024-05-15T00:47:22","modified_gmt":"2024-05-14T17:47:22","slug":"private-phuket-inselrundfahrt","status":"publish","type":"page","link":"https:\/\/www.easydayphuket.com\/de\/phuket-ausfluege\/private-phuket-inselrundfahrt\/","title":{"rendered":"Private Phuket Inselrundfahrt"},"content":{"rendered":"\n<p>Unsere private <strong>Phuket Inselrundfahrt<\/strong>&nbsp;ist ma\u00dfgeschneidert und richtet sich ausschlie\u00dflich um Ihre pers\u00f6nlichen Belange. Egal wie viel Zeit Sie haben, wir werden die richtigen Ausflug f\u00fcr Sie zusammenstellen und uns die Zeit nehmen die Sie f\u00fcr Ihren Ausflug ben\u00f6tigen.<\/p>\n\n\n\n<h2 class=\"wp-block-heading\">Private Phuket Inselrundfahrt<\/h2>\n\n\n\n<figure class=\"wp-block-image alignleft\"><a href=\"https:\/\/www.easydayphuket.com\/de\/phuket-ausfluege\/private-phuket-inselrundfahrt\/privater-phuket-halbtagesausflug\/\"><img loading=\"lazy\" decoding=\"async\" width=\"150\" height=\"150\" src=\"https:\/\/www.easydayphuket.com\/wp-content\/uploads\/2013\/07\/kata-noi-view-point-phuket-150x150.jpg\" alt=\"Private Phuket Inselrundfahrt\" class=\"wp-image-5360\"\/><\/a><figcaption class=\"wp-element-caption\">Kata Noi Aussichtspunkt<\/figcaption><\/figure>\n\n\n\n<h3 class=\"wp-block-heading\"><a title=\"Half Day Tour Phuket Sightseeing\" href=\"https:\/\/www.easydayphuket.com\/de\/phuket-ausfluege\/private-phuket-inselrundfahrt\/privater-phuket-halbtagesausflug\/\">Halbtagestour Phuket<\/a><\/h3>\n\n\n\n<p>Einen halben Tag mit unserem klimat. Minibus zu den sch\u00f6nsten Sehensw\u00fcrdigkeiten von Phuket. Eine wirklich entspannte Tour ohne Zeitdruck f\u00fcr die ganze Familie. Genie\u00dfen Sie Phuket mit einer der komfortabelsten Touren der Insel.<\/p>\n\n\n\n<p><strong>Preise in Thai Baht: 1-2 Erwachsene 4,600&nbsp; Extra Person 900<\/strong><\/p>\n\n\n\n<p class=\"has-text-align-right\"><a title=\"Half Day Tour Phuket Sightseeing\" href=\"https:\/\/www.easydayphuket.com\/de\/phuket-ausfluege\/private-phuket-inselrundfahrt\/privater-phuket-halbtagesausflug\/\"><strong>Mehr Infos<\/strong><\/a><\/p>\n\n\n\n<hr class=\"wp-block-separator has-alpha-channel-opacity\"\/>\n\n\n\n<figure class=\"wp-block-image alignleft\"><a href=\"https:\/\/www.easydayphuket.com\/de\/phuket-ausfluege\/private-phuket-inselrundfahrt\/privater-phuket-tagesausflug\/\"><img loading=\"lazy\" decoding=\"async\" width=\"150\" height=\"150\" src=\"https:\/\/www.easydayphuket.com\/wp-content\/uploads\/2013\/08\/old-phuket-town-soi-romanee-150x150.jpg\" alt=\"Private Phuket Inselrundfahrt\" class=\"wp-image-5361\"\/><\/a><figcaption class=\"wp-element-caption\">Soi Romanee &#8211; Altstadt<\/figcaption><\/figure>\n\n\n\n<h3 class=\"wp-block-heading\"><a title=\"Full Day Tour Phuket Sightseeing\" href=\"https:\/\/www.easydayphuket.com\/de\/phuket-ausfluege\/private-phuket-inselrundfahrt\/privater-phuket-tagesausflug\/\">Phuket Inselrundfahrt<\/a><\/h3>\n\n\n\n<p>Einen Tag mit dem klimat. Minibus auf Inselrundfahrt in Phuket. Sie werden erstaunt sein was es in Phuket an Sehensw\u00fcrdigkeiten gibt. Die Sch\u00f6nheit der Insel l\u00e4sst die Zeit wie im Flug vergehen. Ein Ausflug f\u00fcr die ganze Familie, der im Ablauf mit Ihnen abgesprochen wird.<\/p>\n\n\n\n<p><strong> Preise in Thai Baht: 1-2 Erwachsene 8,200&nbsp; Extra Person 1,500<\/strong><\/p>\n\n\n\n<p class=\"has-text-align-right\"><a title=\"Full Day Tour Phuket Sightseeing\" href=\"https:\/\/www.easydayphuket.com\/de\/phuket-ausfluege\/private-phuket-inselrundfahrt\/privater-phuket-tagesausflug\/\"><strong>Mehr Infos<\/strong><\/a><\/p>\n\n\n\n<hr class=\"wp-block-separator has-alpha-channel-opacity\"\/>\n\n\n\n<figure class=\"wp-block-image alignleft\"><a href=\"https:\/\/www.easydayphuket.com\/de\/phuket-ausfluege\/private-phuket-inselrundfahrt\/phuket-wochenend-markt\/\"><img loading=\"lazy\" decoding=\"async\" width=\"150\" height=\"150\" src=\"https:\/\/www.easydayphuket.com\/wp-content\/uploads\/2013\/08\/Naka-Weekend-Market-Phuket-150x150.jpg\" alt=\"Private Phuket Inselrundfahrt\" class=\"wp-image-5364\"\/><\/a><figcaption class=\"wp-element-caption\">Nachtmarkt<\/figcaption><\/figure>\n\n\n\n<h3 class=\"wp-block-heading\"><a title=\"Weekend Market Phuket\" href=\"https:\/\/www.easydayphuket.com\/de\/phuket-ausfluege\/private-phuket-inselrundfahrt\/phuket-wochenend-markt\/\">Tour zum Wochenendmarkt<\/a><\/h3>\n\n\n\n<p>Ein Besuch auf dem Wochenendmarkt in der N\u00e4he vom Phuket Naka Tempel, ist ein absoluter Geheimtip. Der Markt \u00f6ffnet jeden Samstag und Sonntag von 17 bis 23 Uhr. Hier k\u00f6nnen Sie einkaufen und sich kulinarisch voll der thail\u00e4ndischen K\u00fcche widmen.<\/p>\n\n\n\n<p><strong>Preise in Thai Baht: 1-2 Erwachsene 5,600&nbsp; Extra Person 1,500<\/strong><\/p>\n\n\n\n<p class=\"has-text-align-right\"><a title=\"Weekend Market Phuket\" href=\"https:\/\/www.easydayphuket.com\/de\/phuket-ausfluege\/private-phuket-inselrundfahrt\/phuket-wochenend-markt\/\"><strong>Mehr Infos<\/strong><\/a><\/p>\n\n\n\n<hr class=\"wp-block-separator has-alpha-channel-opacity\"\/>\n\n\n\n<figure class=\"wp-block-image alignleft\"><a href=\"https:\/\/www.easydayphuket.com\/de\/phuket-ausfluege\/private-phuket-inselrundfahrt\/phuket-altstadt\/\"><img loading=\"lazy\" decoding=\"async\" width=\"150\" height=\"150\" src=\"https:\/\/www.easydayphuket.com\/wp-content\/uploads\/2014\/03\/House-on-Thalang-Road-Old-Phuket-Town-150x150.jpg\" alt=\"Haus in der Thalang Road, Old Phuket Town\" class=\"wp-image-5366\"\/><\/a><figcaption class=\"wp-element-caption\">Haus in der Thalang Road<\/figcaption><\/figure>\n\n\n\n<h3 class=\"wp-block-heading\"><a title=\"Phuket Old Town Tour\" href=\"https:\/\/www.easydayphuket.com\/de\/phuket-ausfluege\/private-phuket-inselrundfahrt\/phuket-altstadt\/\">Altstadt von Phuket Town<\/a><\/h3>\n\n\n\n<p>Die Altstadt von Phuket ist eine Reise durch die Kultur von Thailand, alleine die Architektur ist einen Ausflug wert. Hier sehen Sie wie alte Traditionen aufrecht erhalten werden. <span id=\"result_box\" class=\"\" lang=\"de\"><span class=\"hps\">Es gibt Tempel<\/span>,&nbsp; <span class=\"hps\">chinesische Schreine<\/span>, lokale M\u00e4rkte <span class=\"hps\">und vielen kleine<\/span> Bars in versteckten Gassen. <\/span><\/p>\n\n\n\n<p><strong>Preise in Thai Baht: 1-2 Erwachsene 4,600&nbsp; Extra Person&nbsp;900<\/strong><\/p>\n\n\n\n<p class=\"has-text-align-right\"><a title=\"Phuket Old Town Tour\" href=\"https:\/\/www.easydayphuket.com\/de\/phuket-ausfluege\/private-phuket-inselrundfahrt\/phuket-altstadt\/\"><strong>Mehr Infos<\/strong><\/a><\/p>\n\n\n\n<hr class=\"wp-block-separator has-alpha-channel-opacity\"\/>\n\n\n\n<p>Es gibt eine&nbsp;Menge zu tun&nbsp;und&nbsp;zu sehen&nbsp;auf der Insel&nbsp;Phuket. Nat\u00fcrlich sind viele der Sehensw\u00fcrdigkeiten touristisch sehr erschlossen aber es gibt Zeiten und vor allem Orte wohin keine Touren angeboten werden. Wir haben uns auf solche spezialisiert um unseren G\u00e4sten das urspr\u00fcngliche und wirkliche Phuket zu zeigen.<\/p>\n\n\n\n<h2 class=\"wp-block-heading\">Top Adressen f\u00fcr private Phuket Inselrundfahrt<\/h2>\n\n\n\n<h3 class=\"wp-block-heading\">Old Phuket Town (Altstadt von Phuket Stadt)<\/h3>\n\n\n\n<p>In der Altstadt gibt es genug was die Kultur von Thailand widerspiegelt, der Charakter der Stadt ist gepr\u00e4gt von chinesischen Gesch\u00e4ftsleuten die schon im 19 Jahrhundert nach Phuket kamen um hier den Zinnabbau zu f\u00f6rdern. So hat es Spuren hinterlassen die von buddhistischen Tempeln, chinesischen Heiligt\u00fcmern bis hin zu alten Gew\u00fcrzl\u00e4den reichen. Schauen Sie sich das wirkliche Leben der Thail\u00e4nder an.&nbsp;<a href=\"https:\/\/www.easydayphuket.com\/de\/phuket-ausfluege\/private-phuket-inselrundfahrt\/phuket-altstadt\/\">Old Phuket Town<\/a><\/p>\n\n\n\n<h3 class=\"wp-block-heading\">Phuket Aussichtspunkte<\/h3>\n\n\n\n<p><a href=\"https:\/\/www.easydayphuket.com\/promthep-cape\/\">Promthep Cape<\/a>, Kata View Point und&nbsp;<a href=\"https:\/\/www.easydayphuket.com\/big-buddha\/\">Big Buddha<\/a>&nbsp;sind nur einige der Aussichtspunkte die Phuket zu bieten hat. Mit etwas Gl\u00fcck hat man eine Aussicht die einem Fotos der Spitzenklasse erm\u00f6glicht.<\/p>\n\n\n\n<h3 class=\"wp-block-heading\">Tempel &amp; Heiligt\u00fcmer<\/h3>\n\n\n\n<p>Entdecken&nbsp;Sie den buddhistische Tempel&nbsp;von&nbsp;<a href=\"https:\/\/www.easydayphuket.com\/de\/wat-chalong-phuket\/\">Wat Chalong<\/a>,&nbsp;Big Buddha und viele von den kleineren Tempeln die wir Ihnen zeigen werden. Es gibt einige Tempel die abseits des Tourismus liegen und so ihren Reiz behalten haben. Speziell zu empfehlen sind die Schreine im Oktober w\u00e4hrend des Vegetarien Festivals, hier gibt es jeden Tag Veranstaltungen mit reichlich Feuerwerk und gutem Essen.<\/p>\n\n\n\n<h2 class=\"wp-block-heading\">Andere Sehensw\u00fcrdigkeiten<\/h2>\n\n\n\n<h3 class=\"wp-block-heading\">Str\u00e4nde<\/h3>\n\n\n\n<p>Phuket ist f\u00fcr seine zahlreichen und sch\u00f6nen Str\u00e4nde in der ganzen Welt bekannt. Die sch\u00f6nsten liegen an der Westk\u00fcste der Insel und sind im Norden der&nbsp;<a href=\"https:\/\/www.easydayphuket.com\/de\/mai-khao-beach-phukets-straende\/\">Mai Khao Beach<\/a>&nbsp;und im S\u00fcden der&nbsp;<a href=\"https:\/\/www.easydayphuket.com\/rawai-beach\/\">Rawai Beach<\/a>. Es gibt viele kleine Str\u00e4nde entlang der K\u00fcste wo man super zum Baden und Schwimmen gehen kann, aber in der Nebensaison zwischen Juni und Oktober sollte man vorsichtig mit den Wellen und der Str\u00f6mung sein.<\/p>\n\n\n\n<h3 class=\"wp-block-heading\">Wasserf\u00e4lle<\/h3>\n\n\n\n<p>Die Wasserf\u00e4lle sind an hei\u00dfen Tagen immer eine sch\u00f6ne Abk\u00fchlung, wenn das k\u00fchle Wasser von den Bergen kommt und man auf einer Inselrundfahrt schon ins schwitzen gekommen ist kann man hier einen Zwischenstopp einlegen. Die bekanntesten Wasserf\u00e4lle sind der Ton Sai Wasserfall und der Kathu Wasserfall.<\/p>\n\n\n\n<h3 class=\"wp-block-heading\">Museen<\/h3>\n\n\n\n<p>Wenn Sie mehr \u00fcber die Geschichte von Phuket erfahren m\u00f6chten, empfehlen wir Ihnen ein Besuch in einem der zahlreichen Museen wie zb. das Thalang&nbsp;Nationalmuseum, das&nbsp;Zinn&nbsp;Bergbau-Museum&nbsp;in Kathu&nbsp;oder das ber\u00fchmte&nbsp;Thai&nbsp;Hua&nbsp;Museum.<\/p>\n\n\n\n<h3 class=\"wp-block-heading\">In der N\u00e4he von Phuket<\/h3>\n\n\n\n<p>Auch die Umgebung um Phuket hat viel an interessanten Ausflugsm\u00f6glichkeiten zu bieten. Sehr gute Touren gehen in die Phang Nga Bay oder zu der bekannten Insel von&nbsp;<a href=\"https:\/\/www.easydayphuket.com\/koh-phi-phi-island-juwel-krabi-province\/\">Phi Phi Island<\/a>&nbsp;mit seiner atemberaubenden Landschaft und Str\u00e4nden. Weiter oben im Norden finden Sie den sch\u00f6nsten Nationalpark von Thailand, den Khao Sok Nationalpark. Schreiben Sie uns un holen sich Informationen \u00fcber weitere Ausflugsziele.<\/p>\n\n\n\n<h2 class=\"wp-block-heading\" id=\"form\">Kontakt f\u00fcr ihre Phuket Inselrundfahrt<\/h2>\n\n\n\n<script charset=\"utf-8\" type=\"text\/javascript\" src=\"\/\/js.hsforms.net\/forms\/embed\/v2.js\"><\/script>\n<script>\n  hbspt.forms.create({\n    region: \"na1\",\n    portalId: \"3413662\",\n    formId: \"59765d47-ffdf-4452-a315-11081d03c004\"\n  });\n<\/script>\n","protected":false},"excerpt":{"rendered":"<p>Unsere private Phuket Inselrundfahrt&nbsp;ist ma\u00dfgeschneidert und richtet sich ausschlie\u00dflich um Ihre pers\u00f6nlichen Belange. Egal wie viel Zeit Sie haben, wir werden die richtigen Ausflug f\u00fcr Sie zusammenstellen und uns die Zeit nehmen die Sie f\u00fcr Ihren Ausflug ben\u00f6tigen. Private Phuket Inselrundfahrt Halbtagestour Phuket Einen halben Tag mit unserem klimat. Minibus zu den sch\u00f6nsten Sehensw\u00fcrdigkeiten von [&hellip;]<\/p>\n","protected":false},"author":4,"featured_media":8067,"parent":5572,"menu_order":0,"comment_status":"closed","ping_status":"closed","template":"","meta":{"_acf_changed":false,"_et_pb_use_builder":"","_et_pb_old_content":"","_et_gb_content_width":"","footnotes":""},"class_list":["post-8307","page","type-page","status-publish","has-post-thumbnail","hentry"],"acf":[],"yoast_head":"<!-- This site is optimized with the Yoast SEO plugin v25.1 - https:\/\/yoast.com\/wordpress\/plugins\/seo\/ -->\n<title>Private Phuket Inselrundfahrt mit Easy Day Phuket<\/title>\n<meta name=\"description\" content=\"Eine private Phuket Inselrundfahrt bringt Sie zu den attraktivsten und sch\u00f6nsten Sehensw\u00fcrdigkeiten der ganzen Insel Phuket.\" \/>\n<meta name=\"robots\" content=\"index, follow, max-snippet:-1, max-image-preview:large, max-video-preview:-1\" \/>\n<link rel=\"canonical\" href=\"https:\/\/www.easydayphuket.com\/de\/phuket-ausfluege\/private-phuket-inselrundfahrt\/\" \/>\n<meta property=\"og:locale\" content=\"de_DE\" \/>\n<meta property=\"og:type\" content=\"article\" \/>\n<meta property=\"og:title\" content=\"Private Phuket Inselrundfahrt mit Easy Day Phuket\" \/>\n<meta property=\"og:description\" content=\"Eine private Phuket Inselrundfahrt bringt Sie zu den attraktivsten und sch\u00f6nsten Sehensw\u00fcrdigkeiten der ganzen Insel Phuket.\" \/>\n<meta property=\"og:url\" content=\"https:\/\/www.easydayphuket.com\/de\/phuket-ausfluege\/private-phuket-inselrundfahrt\/\" \/>\n<meta property=\"og:site_name\" content=\"Easy Day Phuket\" \/>\n<meta property=\"article:publisher\" content=\"https:\/\/www.facebook.com\/Easydayinthailand\/\" \/>\n<meta property=\"article:modified_time\" content=\"2024-05-14T17:47:22+00:00\" \/>\n<meta property=\"og:image\" content=\"https:\/\/www.easydayphuket.com\/wp-content\/uploads\/2013\/07\/kata-noi-view-point-phuket.jpg\" \/>\n\t<meta property=\"og:image:width\" content=\"1024\" \/>\n\t<meta property=\"og:image:height\" content=\"680\" \/>\n\t<meta property=\"og:image:type\" content=\"image\/jpeg\" \/>\n<meta name=\"twitter:label1\" content=\"Gesch\u00e4tzte Lesezeit\" \/>\n\t<meta name=\"twitter:data1\" content=\"5\u00a0Minuten\" \/>\n<script type=\"application\/ld+json\" class=\"yoast-schema-graph\">{\"@context\":\"https:\/\/schema.org\",\"@graph\":[{\"@type\":\"WebPage\",\"@id\":\"https:\/\/www.easydayphuket.com\/de\/phuket-ausfluege\/private-phuket-inselrundfahrt\/\",\"url\":\"https:\/\/www.easydayphuket.com\/de\/phuket-ausfluege\/private-phuket-inselrundfahrt\/\",\"name\":\"Private Phuket Inselrundfahrt mit Easy Day Phuket\",\"isPartOf\":{\"@id\":\"https:\/\/www.easydayphuket.com\/#website\"},\"primaryImageOfPage\":{\"@id\":\"https:\/\/www.easydayphuket.com\/de\/phuket-ausfluege\/private-phuket-inselrundfahrt\/#primaryimage\"},\"image\":{\"@id\":\"https:\/\/www.easydayphuket.com\/de\/phuket-ausfluege\/private-phuket-inselrundfahrt\/#primaryimage\"},\"thumbnailUrl\":\"https:\/\/www.easydayphuket.com\/wp-content\/uploads\/2013\/07\/kata-noi-view-point-phuket.jpg\",\"datePublished\":\"2014-10-05T00:27:15+00:00\",\"dateModified\":\"2024-05-14T17:47:22+00:00\",\"description\":\"Eine private Phuket Inselrundfahrt bringt Sie zu den attraktivsten und sch\u00f6nsten Sehensw\u00fcrdigkeiten der ganzen Insel Phuket.\",\"breadcrumb\":{\"@id\":\"https:\/\/www.easydayphuket.com\/de\/phuket-ausfluege\/private-phuket-inselrundfahrt\/#breadcrumb\"},\"inLanguage\":\"de\",\"potentialAction\":[{\"@type\":\"ReadAction\",\"target\":[\"https:\/\/www.easydayphuket.com\/de\/phuket-ausfluege\/private-phuket-inselrundfahrt\/\"]}]},{\"@type\":\"ImageObject\",\"inLanguage\":\"de\",\"@id\":\"https:\/\/www.easydayphuket.com\/de\/phuket-ausfluege\/private-phuket-inselrundfahrt\/#primaryimage\",\"url\":\"https:\/\/www.easydayphuket.com\/wp-content\/uploads\/2013\/07\/kata-noi-view-point-phuket.jpg\",\"contentUrl\":\"https:\/\/www.easydayphuket.com\/wp-content\/uploads\/2013\/07\/kata-noi-view-point-phuket.jpg\",\"width\":1024,\"height\":680,\"caption\":\"Kata Noi View Point\"},{\"@type\":\"BreadcrumbList\",\"@id\":\"https:\/\/www.easydayphuket.com\/de\/phuket-ausfluege\/private-phuket-inselrundfahrt\/#breadcrumb\",\"itemListElement\":[{\"@type\":\"ListItem\",\"position\":1,\"name\":\"Home\",\"item\":\"https:\/\/www.easydayphuket.com\/de\/\"},{\"@type\":\"ListItem\",\"position\":2,\"name\":\"Phuket Ausfl\u00fcge\",\"item\":\"https:\/\/www.easydayphuket.com\/de\/phuket-ausfluege\/\"},{\"@type\":\"ListItem\",\"position\":3,\"name\":\"Private Phuket Inselrundfahrt\"}]},{\"@type\":\"WebSite\",\"@id\":\"https:\/\/www.easydayphuket.com\/#website\",\"url\":\"https:\/\/www.easydayphuket.com\/\",\"name\":\"Easy Day Phuket\",\"description\":\"Ihr Phuket Tour & Reise Partner\",\"publisher\":{\"@id\":\"https:\/\/www.easydayphuket.com\/#organization\"},\"potentialAction\":[{\"@type\":\"SearchAction\",\"target\":{\"@type\":\"EntryPoint\",\"urlTemplate\":\"https:\/\/www.easydayphuket.com\/?s={search_term_string}\"},\"query-input\":{\"@type\":\"PropertyValueSpecification\",\"valueRequired\":true,\"valueName\":\"search_term_string\"}}],\"inLanguage\":\"de\"},{\"@type\":\"Organization\",\"@id\":\"https:\/\/www.easydayphuket.com\/#organization\",\"name\":\"Easy Day Thailand\",\"url\":\"https:\/\/www.easydayphuket.com\/\",\"logo\":{\"@type\":\"ImageObject\",\"inLanguage\":\"de\",\"@id\":\"https:\/\/www.easydayphuket.com\/#\/schema\/logo\/image\/\",\"url\":\"https:\/\/www.easydayphuket.com\/wp-content\/uploads\/2013\/07\/Sun-Thaiflag_booking12.gif\",\"contentUrl\":\"https:\/\/www.easydayphuket.com\/wp-content\/uploads\/2013\/07\/Sun-Thaiflag_booking12.gif\",\"width\":100,\"height\":94,\"caption\":\"Easy Day Thailand\"},\"image\":{\"@id\":\"https:\/\/www.easydayphuket.com\/#\/schema\/logo\/image\/\"},\"sameAs\":[\"https:\/\/www.facebook.com\/Easydayinthailand\/\",\"https:\/\/www.instagram.com\/easydaythailand\/\"]}]}<\/script>\n<!-- \/ Yoast SEO plugin. -->","yoast_head_json":{"title":"Private Phuket Inselrundfahrt mit Easy Day Phuket","description":"Eine private Phuket Inselrundfahrt bringt Sie zu den attraktivsten und sch\u00f6nsten Sehensw\u00fcrdigkeiten der ganzen Insel Phuket.","robots":{"index":"index","follow":"follow","max-snippet":"max-snippet:-1","max-image-preview":"max-image-preview:large","max-video-preview":"max-video-preview:-1"},"canonical":"https:\/\/www.easydayphuket.com\/de\/phuket-ausfluege\/private-phuket-inselrundfahrt\/","og_locale":"de_DE","og_type":"article","og_title":"Private Phuket Inselrundfahrt mit Easy Day Phuket","og_description":"Eine private Phuket Inselrundfahrt bringt Sie zu den attraktivsten und sch\u00f6nsten Sehensw\u00fcrdigkeiten der ganzen Insel Phuket.","og_url":"https:\/\/www.easydayphuket.com\/de\/phuket-ausfluege\/private-phuket-inselrundfahrt\/","og_site_name":"Easy Day Phuket","article_publisher":"https:\/\/www.facebook.com\/Easydayinthailand\/","article_modified_time":"2024-05-14T17:47:22+00:00","og_image":[{"width":1024,"height":680,"url":"https:\/\/www.easydayphuket.com\/wp-content\/uploads\/2013\/07\/kata-noi-view-point-phuket.jpg","type":"image\/jpeg"}],"twitter_misc":{"Gesch\u00e4tzte Lesezeit":"5\u00a0Minuten"},"schema":{"@context":"https:\/\/schema.org","@graph":[{"@type":"WebPage","@id":"https:\/\/www.easydayphuket.com\/de\/phuket-ausfluege\/private-phuket-inselrundfahrt\/","url":"https:\/\/www.easydayphuket.com\/de\/phuket-ausfluege\/private-phuket-inselrundfahrt\/","name":"Private Phuket Inselrundfahrt mit Easy Day Phuket","isPartOf":{"@id":"https:\/\/www.easydayphuket.com\/#website"},"primaryImageOfPage":{"@id":"https:\/\/www.easydayphuket.com\/de\/phuket-ausfluege\/private-phuket-inselrundfahrt\/#primaryimage"},"image":{"@id":"https:\/\/www.easydayphuket.com\/de\/phuket-ausfluege\/private-phuket-inselrundfahrt\/#primaryimage"},"thumbnailUrl":"https:\/\/www.easydayphuket.com\/wp-content\/uploads\/2013\/07\/kata-noi-view-point-phuket.jpg","datePublished":"2014-10-05T00:27:15+00:00","dateModified":"2024-05-14T17:47:22+00:00","description":"Eine private Phuket Inselrundfahrt bringt Sie zu den attraktivsten und sch\u00f6nsten Sehensw\u00fcrdigkeiten der ganzen Insel Phuket.","breadcrumb":{"@id":"https:\/\/www.easydayphuket.com\/de\/phuket-ausfluege\/private-phuket-inselrundfahrt\/#breadcrumb"},"inLanguage":"de","potentialAction":[{"@type":"ReadAction","target":["https:\/\/www.easydayphuket.com\/de\/phuket-ausfluege\/private-phuket-inselrundfahrt\/"]}]},{"@type":"ImageObject","inLanguage":"de","@id":"https:\/\/www.easydayphuket.com\/de\/phuket-ausfluege\/private-phuket-inselrundfahrt\/#primaryimage","url":"https:\/\/www.easydayphuket.com\/wp-content\/uploads\/2013\/07\/kata-noi-view-point-phuket.jpg","contentUrl":"https:\/\/www.easydayphuket.com\/wp-content\/uploads\/2013\/07\/kata-noi-view-point-phuket.jpg","width":1024,"height":680,"caption":"Kata Noi View Point"},{"@type":"BreadcrumbList","@id":"https:\/\/www.easydayphuket.com\/de\/phuket-ausfluege\/private-phuket-inselrundfahrt\/#breadcrumb","itemListElement":[{"@type":"ListItem","position":1,"name":"Home","item":"https:\/\/www.easydayphuket.com\/de\/"},{"@type":"ListItem","position":2,"name":"Phuket Ausfl\u00fcge","item":"https:\/\/www.easydayphuket.com\/de\/phuket-ausfluege\/"},{"@type":"ListItem","position":3,"name":"Private Phuket Inselrundfahrt"}]},{"@type":"WebSite","@id":"https:\/\/www.easydayphuket.com\/#website","url":"https:\/\/www.easydayphuket.com\/","name":"Easy Day Phuket","description":"Ihr Phuket Tour & Reise Partner","publisher":{"@id":"https:\/\/www.easydayphuket.com\/#organization"},"potentialAction":[{"@type":"SearchAction","target":{"@type":"EntryPoint","urlTemplate":"https:\/\/www.easydayphuket.com\/?s={search_term_string}"},"query-input":{"@type":"PropertyValueSpecification","valueRequired":true,"valueName":"search_term_string"}}],"inLanguage":"de"},{"@type":"Organization","@id":"https:\/\/www.easydayphuket.com\/#organization","name":"Easy Day Thailand","url":"https:\/\/www.easydayphuket.com\/","logo":{"@type":"ImageObject","inLanguage":"de","@id":"https:\/\/www.easydayphuket.com\/#\/schema\/logo\/image\/","url":"https:\/\/www.easydayphuket.com\/wp-content\/uploads\/2013\/07\/Sun-Thaiflag_booking12.gif","contentUrl":"https:\/\/www.easydayphuket.com\/wp-content\/uploads\/2013\/07\/Sun-Thaiflag_booking12.gif","width":100,"height":94,"caption":"Easy Day Thailand"},"image":{"@id":"https:\/\/www.easydayphuket.com\/#\/schema\/logo\/image\/"},"sameAs":["https:\/\/www.facebook.com\/Easydayinthailand\/","https:\/\/www.instagram.com\/easydaythailand\/"]}]}},"_links":{"self":[{"href":"https:\/\/www.easydayphuket.com\/de\/wp-json\/wp\/v2\/pages\/8307","targetHints":{"allow":["GET"]}}],"collection":[{"href":"https:\/\/www.easydayphuket.com\/de\/wp-json\/wp\/v2\/pages"}],"about":[{"href":"https:\/\/www.easydayphuket.com\/de\/wp-json\/wp\/v2\/types\/page"}],"author":[{"embeddable":true,"href":"https:\/\/www.easydayphuket.com\/de\/wp-json\/wp\/v2\/users\/4"}],"replies":[{"embeddable":true,"href":"https:\/\/www.easydayphuket.com\/de\/wp-json\/wp\/v2\/comments?post=8307"}],"version-history":[{"count":0,"href":"https:\/\/www.easydayphuket.com\/de\/wp-json\/wp\/v2\/pages\/8307\/revisions"}],"up":[{"embeddable":true,"href":"https:\/\/www.easydayphuket.com\/de\/wp-json\/wp\/v2\/pages\/5572"}],"wp:featuredmedia":[{"embeddable":true,"href":"https:\/\/www.easydayphuket.com\/de\/wp-json\/wp\/v2\/media\/8067"}],"wp:attachment":[{"href":"https:\/\/www.easydayphuket.com\/de\/wp-json\/wp\/v2\/media?parent=8307"}],"curies":[{"name":"wp","href":"https:\/\/api.w.org\/{rel}","templated":true}]}}