{"id":5572,"date":"2014-10-09T14:06:06","date_gmt":"2014-10-09T07:06:06","guid":{"rendered":"https:\/\/www.easydayphuket.com\/?page_id=5572"},"modified":"2024-05-13T02:50:08","modified_gmt":"2024-05-12T19:50:08","slug":"phuket-ausfluege","status":"publish","type":"page","link":"https:\/\/www.easydayphuket.com\/de\/phuket-ausfluege\/","title":{"rendered":"Phuket Ausfl\u00fcge"},"content":{"rendered":"\n<p>Phuket Ausfl\u00fcge &#8211; Entdecken Sie das perfekte Reiseziel in S\u00fcd-Ost Asien, die Insel Phuket. In Phuket gibt es nicht nur atemberaubende Palmenstr\u00e4nde, es gibt ein gro\u00dfes Angebot an Ausflugsm\u00f6glichkeiten das sich sehen lassen kann. Kommen Sie mit uns auf Tour und wir werden Ihnen das Phuket zeigen so wie es wirklich ist.<\/p>\n\n\n\n<figure class=\"wp-block-image alignleft\"><a href=\"https:\/\/www.easydayphuket.com\/de\/phuket-ausfluege\/phang-nga-bucht-ausflug\/private-phang-nga-bay-tour\/\"><img loading=\"lazy\" decoding=\"async\" width=\"150\" height=\"150\" src=\"https:\/\/www.easydayphuket.com\/wp-content\/uploads\/2013\/07\/top-phuket-tours-private-phang-nga-150x150.jpg\" alt=\"Private Phuket Ausfl\u00fcge mit Easy Day Phuket Tours zu James Bond Island\" class=\"wp-image-2836\"\/><\/a><figcaption class=\"wp-element-caption\">Private Phang Nga Phuket Ausfl\u00fcge<\/figcaption><\/figure>\n\n\n\n<h2 class=\"wp-block-heading\">Private Easy Day Phuket Ausfl\u00fcge<\/h2>\n\n\n<ul>\n<li><a title=\"Private Phang Nga Bay Tour\" href=\"https:\/\/www.easydayphuket.com\/de\/phuket-ausfluege\/phang-nga-bucht-ausflug\/private-phang-nga-bay-tour\/\">Private Phang Nga Bay und James Bond Island Tour<\/a><\/li>\n<li><a title=\"Premium Racha Island Day Trip\" href=\"https:\/\/www.easydayphuket.com\/de\/phuket-ausfluege\/racha-island-tours\/premium-racha-island-ausflug\/\">Schnorchelausflug zur Insel Koh Raya <\/a><\/li>\n<li><a href=\"https:\/\/www.easydayphuket.com\/de\/phuket-ausfluege\/private-phuket-inselrundfahrt\/\">Phuket Ausfl\u00fcge <\/a><\/li>\n<li><a href=\"https:\/\/www.easydayphuket.com\/de\/phuket-ausfluege\/phuket-dinner-cruise\/dinner-sai-mai\/\">Abendessen am Schiff<\/a><\/li>\n<\/ul>\n\n\n\n<p>Private und interessante Ausfl\u00fcge durchgef\u00fchrt von Easy Day Thailand.<\/p>\n\n\n\n<p class=\"has-text-align-right\"><a href=\"#form\">Kontakt<\/a><\/p>\n\n\n\n<hr class=\"wp-block-separator has-alpha-channel-opacity\"\/>\n\n\n\n<h2 class=\"wp-block-heading\"><a title=\"Rundfahrten\" href=\"https:\/\/www.easydayphuket.com\/de\/phuket-ausfluege\/private-phuket-inselrundfahrt\/\">Phuket Ausfl\u00fcge<\/a><\/h2>\n\n\n<ul>\n<li><a href=\"https:\/\/www.easydayphuket.com\/de\/phuket-ausfluege\/private-phuket-inselrundfahrt\/privater-phuket-tagesausflug\/\">Inselrundfahrt Phuket <\/a><\/li>\n<li><a title=\"Half Day Tour Phuket Sightseeing\" href=\"https:\/\/www.easydayphuket.com\/de\/phuket-ausfluege\/private-phuket-inselrundfahrt\/privater-phuket-halbtagesausflug\/\" target=\"_blank\" rel=\"noopener noreferrer\">Halbtags Inselrundfahrt Phuket<\/a><\/li>\n<li><a title=\"Half Day Tour Phuket Sightseeing\" href=\"https:\/\/www.easydayphuket.com\/de\/phuket-ausfluege\/private-phuket-inselrundfahrt\/phuket-wochenend-markt\/\" target=\"_blank\" rel=\"noopener noreferrer\">Besuch des Wochenendmarktes in Phuket Town<\/a><\/li>\n<\/ul>\n\n\n\n<p>Eine private Inselrundfahrt ist der beste Weg die Sehensw\u00fcrdigkeiten von Phuket zu erkunden<\/p>\n\n\n\n<p class=\"has-text-align-right\"><a title=\"Phuket Sightseeing Tours\" href=\"https:\/\/www.easydayphuket.com\/de\/phuket-ausfluege\/private-phuket-inselrundfahrt\/\">Mehr Infos<\/a><\/p>\n\n\n\n<hr class=\"wp-block-separator has-alpha-channel-opacity\"\/>\n\n\n\n<h2 class=\"wp-block-heading\"><a title=\"Sunset Dinner Cruise Phuket\" href=\"https:\/\/www.easydayphuket.com\/de\/phuket-ausfluege\/phuket-dinner-cruise\/\">Abendessen beim Sonnenuntergang<\/a><\/h2>\n\n\n<ul>\n<li><a title=\"Dinner Sai Mai\" href=\"https:\/\/www.easydayphuket.com\/de\/phuket-ausfluege\/phuket-dinner-cruise\/dinner-sai-mai\/\">Exklusive Luxus Dinner Cruise<\/a><\/li>\n<li><a title=\"Phuket Dinner Cruise\" href=\"https:\/\/www.easydayphuket.com\/de\/phuket-ausfluege\/phuket-dinner-cruise\/sunset-cruise-phuket\/\">Sonnenuntergang der Phang Nga Bay<\/a><\/li>\n<li><a title=\"Phuket Party Boat Cruise\" href=\"https:\/\/www.easydayphuket.com\/de\/phuket-ausfluege\/phuket-dinner-cruise\/phuket-party-boot\/\">Phuket Partyboot<\/a> (Nov &#8211; April)<\/li>\n<\/ul>\n\n\n\n<p><span id=\"result_box\" class=\"\" lang=\"de\"><span class=\"hps\">Genie\u00dfen Sie einen entspannten<\/span> <span class=\"hps\">Nachmittag oder fr\u00fchen Abend<\/span> <span class=\"hps\">an Bord<\/span> <span class=\"hps\">unserer Schiffe und fahren in den Sonnenuntergang bei einem kulinarischen Abendessen.<\/span> <\/span><\/p>\n\n\n\n<p class=\"has-text-align-right\"><a title=\"Sunset Dinner Cruise Phuket\" href=\"https:\/\/www.easydayphuket.com\/de\/phuket-ausfluege\/phuket-dinner-cruise\/\">Mehr Infos<\/a><\/p>\n\n\n\n<hr class=\"wp-block-separator has-alpha-channel-opacity\"\/>\n\n\n\n<h2 class=\"wp-block-heading\"><a title=\"Snorkeling Tours Phuket, Thailand\" href=\"https:\/\/www.easydayphuket.com\/de\/phuket-unternehmungen\/phuket-schnorchelausflug\/\">Schnorchelausfl\u00fcge<\/a><\/h2>\n\n\n<ul>\n<li><a title=\"Premium Racha Island Day Trip\" href=\"https:\/\/www.easydayphuket.com\/de\/phuket-ausfluege\/racha-island-tours\/premium-racha-island-ausflug\/\"><strong>Easy Days Premium Raya Island Tour<\/strong><\/a><\/li>\n<li><a title=\"Phi Phi Tours \u2013 Premium\" href=\"https:\/\/www.easydayphuket.com\/de\/phuket-ausfluege\/phi-phi-island-touren\/phi-phi-island-premium-tour\/\">Schnorcheln in Phi Phi Island<\/a><\/li>\n<li><a title=\"Snorkeling Similan Islands\" href=\"https:\/\/www.easydayphuket.com\/de\/phuket-unternehmungen\/phuket-schnorchelausflug\/schnorcheln-similan-islands\/\">Schnorcheln in Similan Islands <\/a> (Nov &#8211; April)<\/li>\n<\/ul>\n\n\n\n<p>Schnorchelausfl\u00fcge zu den sch\u00f6nsten Riffen in der Umgebung von Phuket. Entdecken Sie die Sch\u00f6nheit der Inseln von Phi Phi Island, Racha Island und den Similan Islands.<\/p>\n\n\n\n<p class=\"has-text-align-right\"><a title=\"Snorkeling Tours Phuket, Thailand\" href=\"https:\/\/www.easydayphuket.com\/de\/phuket-unternehmungen\/phuket-schnorchelausflug\/\">Mehr Infos<\/a><\/p>\n\n\n\n<hr class=\"wp-block-separator has-alpha-channel-opacity\"\/>\n\n\n\n<h2 class=\"wp-block-heading\"><a title=\"James Bond &amp; Phang Nga Bay Tours\" href=\"https:\/\/www.easydayphuket.com\/de\/phuket-ausfluege\/phang-nga-bucht-ausflug\/\">Phang Nga Bay &amp; James Bond Island<\/a><\/h2>\n\n\n<ul>\n<li><a title=\"Private Phang Nga Bay Tour\" href=\"https:\/\/www.easydayphuket.com\/de\/phuket-ausfluege\/phang-nga-bucht-ausflug\/private-phang-nga-bay-tour\/\">Private Phang Nga Bay &amp; James Bond Island Tour<\/a><\/li>\n<li><a title=\"John Gray\u2019s Hong By Starlight Tour\" href=\"https:\/\/www.easydayphuket.com\/de\/phuket-ausfluege\/phang-nga-bucht-ausflug\/john-gray\/\">John Gray&#8217;s Hong By Starlight Tour<\/a><\/li>\n<li><a title=\"Phuket Sea Canoe Day trip\" href=\"https:\/\/www.easydayphuket.com\/de\/phuket-ausfluege\/phang-nga-bucht-ausflug\/kanu\/\">Phang Nga Bay Kanutour<\/a><\/li>\n<\/ul>\n\n\n\n<p>Kommen Sie mit uns auf eine unseren private Touren in die Phang Nga Bay oder erkunden Sie die Hongs mit John Gray. Die Touren sind ein Spa\u00df f\u00fcr die ganze Familie und f\u00fcr jede Altersgruppe.<\/p>\n\n\n\n<p class=\"has-text-align-right\"><span id=\"result_box\" class=\"\" lang=\"de\"><\/span><a title=\"James Bond &amp; Phang Nga Bay Tours\" href=\"https:\/\/www.easydayphuket.com\/de\/phuket-ausfluege\/phang-nga-bucht-ausflug\/\">Mehr Infos<\/a><\/p>\n\n\n\n<hr class=\"wp-block-separator has-alpha-channel-opacity\"\/>\n\n\n\n<h2 class=\"wp-block-heading\"><a title=\"Phi Phi Island Tour options \u2013 Selected Tours\" href=\"https:\/\/www.easydayphuket.com\/de\/phuket-ausfluege\/phi-phi-island-touren\/\">Phi Phi Island Touren &amp; Ausfl\u00fcge<\/a><\/h2>\n\n\n<ul>\n<li><a title=\"Phi Phi Tours \u2013 Premium\" href=\"https:\/\/www.easydayphuket.com\/de\/phuket-ausfluege\/phi-phi-island-touren\/phi-phi-island-premium-tour\/\"><strong>Phi Phi Premium Tour<\/strong><\/a><\/li>\n<li><a title=\"Phi Phi Speedboat Tour\" href=\"https:\/\/www.easydayphuket.com\/de\/phuket-ausfluege\/phi-phi-island-touren\/phi-phi-speedboat-ausflug\/\">Phi Phi Island Speedboot<\/a><\/li>\n<li><a title=\"Phi Phi Overnight Tour\" href=\"https:\/\/www.easydayphuket.com\/de\/phuket-ausfluege\/phi-phi-island-touren\/phi-phi-overnight-tour\/\">Phi Phi Island \u00dcbernachttour<\/a><\/li>\n<li><a href=\"https:\/\/www.easydayphuket.com\/de\/phuket-ausfluege\/phi-phi-island-touren\/tauchen-phi-phi-island\/\">Phi Phi Island Tauchen<\/a><\/li>\n<\/ul>\n\n\n\n<p><span id=\"result_box\" class=\"\" lang=\"de\"><span class=\"hps\">Besuchen Sie die ber\u00fchmten<\/span> <span class=\"hps\">Phi Phi Inseln<\/span> <span class=\"hps\">mit Ausfl\u00fcgen Phuket<\/span> <span class=\"hps\">oder bleiben Sie \u00fcber Nacht<\/span> <span class=\"hps\">in einem der sch\u00f6nen Hotels. Was ganz besonderes ist es mit unserem Boot, die MV Giamani zu verbringen. <\/span><span class=\"hps\"><br><\/span><\/span><\/p>\n\n\n\n<p class=\"has-text-align-right\"><a title=\"Phi Phi Island Tours\" href=\"https:\/\/www.easydayphuket.com\/de\/phuket-ausfluege\/phi-phi-island-touren\/\" target=\"_blank\" rel=\"noopener noreferrer\">&nbsp;Mehr Infos<\/a><\/p>\n\n\n\n<hr class=\"wp-block-separator has-alpha-channel-opacity\"\/>\n\n\n\n<h2 class=\"wp-block-heading\"><a title=\"Khao Sok Tours\" href=\"https:\/\/www.easydayphuket.com\/de\/phuket-ausfluege\/khao-sok-ausfluege\/\">Khao Sok Abenteuer Ausfl\u00fcge<\/a><\/h2>\n\n\n<ul>\n<li><a title=\"Khao Sok Discovery Tour\" href=\"https:\/\/www.easydayphuket.com\/de\/phuket-ausfluege\/khao-sok-ausfluege\/khao-sok-tagesausflug\/\">Elefant Dschungel Trekking &amp; Kayaking Tagestour<\/a><\/li>\n<li><a title=\"Khao Sok Overnight Tours \u2013 Jungle Discovery\" href=\"https:\/\/www.easydayphuket.com\/de\/phuket-ausfluege\/khao-sok-ausfluege\/khao-sok-baumhaus-ausflug\/\">Dschungel Expedition \u00dcbernachttour<\/a><\/li>\n<li><a title=\"Khao Sok Overnight Lake Trip \u2013 Raft House\" href=\"https:\/\/www.easydayphuket.com\/de\/phuket-ausfluege\/khao-sok-ausfluege\/khao-sok-seeausflug\/\">Khao Sok Wasserbungalows<\/a><\/li>\n<\/ul>\n\n\n\n<p>Entdecken Sie mit uns von Easy Day Khao Sok den sch\u00f6nsten Nationalpark von Thailand. Der Khao Sok Nationalpark ist einer der beliebtesten Ausflugsziele von Phuket<\/p>\n\n\n\n<p class=\"has-text-align-right\"><a title=\"Khao Sok Tours\" href=\"https:\/\/www.easydayphuket.com\/de\/phuket-ausfluege\/khao-sok-ausfluege\/\">Mehr Infos<\/a><\/p>\n\n\n\n<hr class=\"wp-block-separator has-alpha-channel-opacity\"\/>\n\n\n\n<h2 class=\"wp-block-heading\"><a title=\"Phuket Shows\" href=\"https:\/\/www.easydayphuket.com\/de\/phuket-ausfluege\/phuket-veranstaltungen\/\">Abendveranstaltungen<\/a><\/h2>\n\n\n<ul>\n<li><a title=\"Phuket Fantasea Tour\" href=\"https:\/\/www.easydayphuket.com\/de\/phuket-ausfluege\/phuket-veranstaltungen\/phuket-fantasea-show\/\">Phuket Fantasea Show<\/a><\/li>\n<li><a title=\"Siam Niramit Show\" href=\"https:\/\/www.easydayphuket.com\/de\/phuket-ausfluege\/phuket-veranstaltungen\/siam-niramit-show\/\">Siam Niramit Show<\/a><\/li>\n<\/ul>\n\n\n\n<p>Meistens geht es nur darum sich zu entscheiden welche von den beiden Veranstaltungen man sich ansehen soll, wenn Sie genug Zeit haben schauen Sie sich am besten beide an. Beide sind wirklich fantastisch und absolut empfehlenswert.<\/p>\n\n\n\n<p class=\"has-text-align-right\"><a title=\"Phuket Shows\" href=\"https:\/\/www.easydayphuket.com\/de\/phuket-ausfluege\/phuket-veranstaltungen\/\">Mehr Infos<\/a><\/p>\n\n\n\n<hr class=\"wp-block-separator has-alpha-channel-opacity\"\/>\n\n\n\n<h2 class=\"wp-block-heading\">Spa &amp; Gesundheit<\/h2>\n\n\n<ul>\n<li><span id=\"result_box\" class=\"\" lang=\"de\"><span class=\"hps\">Nach all den<\/span> <span class=\"hps\">Besichtigungen &amp; Aktivit\u00e4ten<\/span> <span class=\"hps\">rund<\/span> um die<span class=\"hps\"> Insel,\u00a0<\/span> <span class=\"hps\">ist es Zeit f\u00fcr<\/span> eine <span class=\"hps\">Thai<\/span> <span class=\"hps\">Massage<\/span> <span class=\"hps\">&amp;<\/span> <span class=\"hps\">Sauna<\/span><\/span>. <a title=\"Spa Tours by Easy Day Thailand\" href=\"https:\/\/easydaythailand.blogspot.com\/2013\/07\/herbal-spa-and-thai-massage-in-phuket.html\" target=\"_blank\" rel=\"noopener noreferrer\">Mehr Infos&gt;&gt;<\/a><\/li>\n<\/ul>\n\n\n\n<p>Phuket ist ein Reiseziel wo man viel unternehmen und ansehen kann. Viele der Veranstaltungen wie zb. die Phuket Fantasea Show oder das Simon Cabaret sind touristisch sehr gefragt. Wir haben uns aber auch andere Touren einfallen lassen die etwas Abseits der Massen sind. Unser Ziel ist es Ihnen die Sch\u00f6nheit unserer Insel zu pr\u00e4sentieren damit Sie einen unvergesslichen Urlaub haben. Kommen Sie mit uns auf Ihre private Tour, die f\u00fcr Sie ma\u00dfgeschneidert ist.<br><a name=\"form\"><\/a><\/p>\n\n\n\n<h2 class=\"wp-block-heading\">Informieren Sie uns \u00fcber Ihre Phuket Ausfl\u00fcge<\/h2>\n\n\n\n<script charset=\"utf-8\" type=\"text\/javascript\" src=\"\/\/js.hsforms.net\/forms\/embed\/v2.js\"><\/script>\n<script>\n  hbspt.forms.create({\n    region: \"na1\",\n    portalId: \"3413662\",\n    formId: \"59765d47-ffdf-4452-a315-11081d03c004\"\n  });\n<\/script>\n\n\n\n<h2 class=\"wp-block-heading\">Private Phuket Ausfl\u00fcge&nbsp;vs. Gemeinsame Ausfl\u00fcge<\/h2>\n\n\n<p>[twocol_one]<\/p>\n<h3>Private Ausfl\u00fcge<\/h3>\n<ul>\n<li>Kleine Gruppen!<\/li>\n<li>Flexible Zeiten &amp; Termine!<\/li>\n<li>Pers\u00f6nlicher Service &amp; Aufmerksamkeit!<\/li>\n<\/ul>\n<p>[\/twocol_one]<\/p>\n\n\n<p>[twocol_one_last]<\/p>\n<h3>Gemeinsame Ausfl\u00fcge<\/h3>\n<ul>\n<li>Gr\u00f6\u00dfere Gruppen.<\/li>\n<li>Feste Zeiten &amp; Termine.<\/li>\n<li>Einer von vielen.<\/li>\n<\/ul>\n<p>[\/twocol_one_last]<\/p>\n\n\n\n<p>[twocol_one][\/twocol_one] [twocol_one_last][\/twocol_one_last]<\/p>\n","protected":false},"excerpt":{"rendered":"<p>Phuket Ausfl\u00fcge &#8211; Entdecken Sie das perfekte Reiseziel in S\u00fcd-Ost Asien, die Insel Phuket. In Phuket gibt es nicht nur atemberaubende Palmenstr\u00e4nde, es gibt ein gro\u00dfes Angebot an Ausflugsm\u00f6glichkeiten das sich sehen lassen kann. Kommen Sie mit uns auf Tour und wir werden Ihnen das Phuket zeigen so wie es wirklich ist. Private Easy Day [&hellip;]<\/p>\n","protected":false},"author":4,"featured_media":5892,"parent":0,"menu_order":0,"comment_status":"closed","ping_status":"open","template":"template-fullwidth.php","meta":{"_acf_changed":false,"_et_pb_use_builder":"","_et_pb_old_content":"","_et_gb_content_width":"","footnotes":""},"class_list":["post-5572","page","type-page","status-publish","has-post-thumbnail","hentry"],"acf":[],"yoast_head":"<!-- This site is optimized with the Yoast SEO plugin v25.1 - https:\/\/yoast.com\/wordpress\/plugins\/seo\/ -->\n<title>Phuket Ausfl\u00fcge von Ihrem Reisepartner Easy Day Phuket<\/title>\n<meta name=\"description\" content=\"Phuket Ausfl\u00fcge mit Easy Day Phuket Tours - Ausfl\u00fcge zu den sch\u00f6nsten Sehensw\u00fcrdigkeiten auf Phuket und auf der umliegenden Inseln. Sorglos Online buchen.\" \/>\n<meta name=\"robots\" content=\"index, follow, max-snippet:-1, max-image-preview:large, max-video-preview:-1\" \/>\n<link rel=\"canonical\" href=\"https:\/\/www.easydayphuket.com\/de\/phuket-ausfluege\/\" \/>\n<meta property=\"og:locale\" content=\"de_DE\" \/>\n<meta property=\"og:type\" content=\"article\" \/>\n<meta property=\"og:title\" content=\"Phuket Ausfl\u00fcge von Ihrem Reisepartner Easy Day Phuket\" \/>\n<meta property=\"og:description\" content=\"Phuket Ausfl\u00fcge mit Easy Day Phuket Tours - Ausfl\u00fcge zu den sch\u00f6nsten Sehensw\u00fcrdigkeiten auf Phuket und auf der umliegenden Inseln. Sorglos Online buchen.\" \/>\n<meta property=\"og:url\" content=\"https:\/\/www.easydayphuket.com\/de\/phuket-ausfluege\/\" \/>\n<meta property=\"og:site_name\" content=\"Easy Day Phuket\" \/>\n<meta property=\"article:publisher\" content=\"https:\/\/www.facebook.com\/Easydayinthailand\/\" \/>\n<meta property=\"article:modified_time\" content=\"2024-05-12T19:50:08+00:00\" \/>\n<meta property=\"og:image\" content=\"https:\/\/www.easydayphuket.com\/wp-content\/uploads\/2013\/07\/James-Bond-Island.jpg\" \/>\n\t<meta property=\"og:image:width\" content=\"620\" \/>\n\t<meta property=\"og:image:height\" content=\"250\" \/>\n\t<meta property=\"og:image:type\" content=\"image\/jpeg\" \/>\n<meta name=\"twitter:label1\" content=\"Gesch\u00e4tzte Lesezeit\" \/>\n\t<meta name=\"twitter:data1\" content=\"3\u00a0Minuten\" \/>\n<script type=\"application\/ld+json\" class=\"yoast-schema-graph\">{\"@context\":\"https:\/\/schema.org\",\"@graph\":[{\"@type\":\"WebPage\",\"@id\":\"https:\/\/www.easydayphuket.com\/de\/phuket-ausfluege\/\",\"url\":\"https:\/\/www.easydayphuket.com\/de\/phuket-ausfluege\/\",\"name\":\"Phuket Ausfl\u00fcge von Ihrem Reisepartner Easy Day Phuket\",\"isPartOf\":{\"@id\":\"https:\/\/www.easydayphuket.com\/#website\"},\"primaryImageOfPage\":{\"@id\":\"https:\/\/www.easydayphuket.com\/de\/phuket-ausfluege\/#primaryimage\"},\"image\":{\"@id\":\"https:\/\/www.easydayphuket.com\/de\/phuket-ausfluege\/#primaryimage\"},\"thumbnailUrl\":\"https:\/\/www.easydayphuket.com\/wp-content\/uploads\/2013\/07\/James-Bond-Island.jpg\",\"datePublished\":\"2014-10-09T07:06:06+00:00\",\"dateModified\":\"2024-05-12T19:50:08+00:00\",\"description\":\"Phuket Ausfl\u00fcge mit Easy Day Phuket Tours - Ausfl\u00fcge zu den sch\u00f6nsten Sehensw\u00fcrdigkeiten auf Phuket und auf der umliegenden Inseln. Sorglos Online buchen.\",\"breadcrumb\":{\"@id\":\"https:\/\/www.easydayphuket.com\/de\/phuket-ausfluege\/#breadcrumb\"},\"inLanguage\":\"de\",\"potentialAction\":[{\"@type\":\"ReadAction\",\"target\":[\"https:\/\/www.easydayphuket.com\/de\/phuket-ausfluege\/\"]}]},{\"@type\":\"ImageObject\",\"inLanguage\":\"de\",\"@id\":\"https:\/\/www.easydayphuket.com\/de\/phuket-ausfluege\/#primaryimage\",\"url\":\"https:\/\/www.easydayphuket.com\/wp-content\/uploads\/2013\/07\/James-Bond-Island.jpg\",\"contentUrl\":\"https:\/\/www.easydayphuket.com\/wp-content\/uploads\/2013\/07\/James-Bond-Island.jpg\",\"width\":620,\"height\":250,\"caption\":\"Private Phang Nga Tour\"},{\"@type\":\"BreadcrumbList\",\"@id\":\"https:\/\/www.easydayphuket.com\/de\/phuket-ausfluege\/#breadcrumb\",\"itemListElement\":[{\"@type\":\"ListItem\",\"position\":1,\"name\":\"Home\",\"item\":\"https:\/\/www.easydayphuket.com\/de\/\"},{\"@type\":\"ListItem\",\"position\":2,\"name\":\"Phuket Ausfl\u00fcge\"}]},{\"@type\":\"WebSite\",\"@id\":\"https:\/\/www.easydayphuket.com\/#website\",\"url\":\"https:\/\/www.easydayphuket.com\/\",\"name\":\"Easy Day Phuket\",\"description\":\"Ihr Phuket Tour & Reise Partner\",\"publisher\":{\"@id\":\"https:\/\/www.easydayphuket.com\/#organization\"},\"potentialAction\":[{\"@type\":\"SearchAction\",\"target\":{\"@type\":\"EntryPoint\",\"urlTemplate\":\"https:\/\/www.easydayphuket.com\/?s={search_term_string}\"},\"query-input\":{\"@type\":\"PropertyValueSpecification\",\"valueRequired\":true,\"valueName\":\"search_term_string\"}}],\"inLanguage\":\"de\"},{\"@type\":\"Organization\",\"@id\":\"https:\/\/www.easydayphuket.com\/#organization\",\"name\":\"Easy Day Thailand\",\"url\":\"https:\/\/www.easydayphuket.com\/\",\"logo\":{\"@type\":\"ImageObject\",\"inLanguage\":\"de\",\"@id\":\"https:\/\/www.easydayphuket.com\/#\/schema\/logo\/image\/\",\"url\":\"https:\/\/www.easydayphuket.com\/wp-content\/uploads\/2013\/07\/Sun-Thaiflag_booking12.gif\",\"contentUrl\":\"https:\/\/www.easydayphuket.com\/wp-content\/uploads\/2013\/07\/Sun-Thaiflag_booking12.gif\",\"width\":100,\"height\":94,\"caption\":\"Easy Day Thailand\"},\"image\":{\"@id\":\"https:\/\/www.easydayphuket.com\/#\/schema\/logo\/image\/\"},\"sameAs\":[\"https:\/\/www.facebook.com\/Easydayinthailand\/\",\"https:\/\/www.instagram.com\/easydaythailand\/\"]}]}<\/script>\n<!-- \/ Yoast SEO plugin. -->","yoast_head_json":{"title":"Phuket Ausfl\u00fcge von Ihrem Reisepartner Easy Day Phuket","description":"Phuket Ausfl\u00fcge mit Easy Day Phuket Tours - Ausfl\u00fcge zu den sch\u00f6nsten Sehensw\u00fcrdigkeiten auf Phuket und auf der umliegenden Inseln. Sorglos Online buchen.","robots":{"index":"index","follow":"follow","max-snippet":"max-snippet:-1","max-image-preview":"max-image-preview:large","max-video-preview":"max-video-preview:-1"},"canonical":"https:\/\/www.easydayphuket.com\/de\/phuket-ausfluege\/","og_locale":"de_DE","og_type":"article","og_title":"Phuket Ausfl\u00fcge von Ihrem Reisepartner Easy Day Phuket","og_description":"Phuket Ausfl\u00fcge mit Easy Day Phuket Tours - Ausfl\u00fcge zu den sch\u00f6nsten Sehensw\u00fcrdigkeiten auf Phuket und auf der umliegenden Inseln. Sorglos Online buchen.","og_url":"https:\/\/www.easydayphuket.com\/de\/phuket-ausfluege\/","og_site_name":"Easy Day Phuket","article_publisher":"https:\/\/www.facebook.com\/Easydayinthailand\/","article_modified_time":"2024-05-12T19:50:08+00:00","og_image":[{"width":620,"height":250,"url":"https:\/\/www.easydayphuket.com\/wp-content\/uploads\/2013\/07\/James-Bond-Island.jpg","type":"image\/jpeg"}],"twitter_misc":{"Gesch\u00e4tzte Lesezeit":"3\u00a0Minuten"},"schema":{"@context":"https:\/\/schema.org","@graph":[{"@type":"WebPage","@id":"https:\/\/www.easydayphuket.com\/de\/phuket-ausfluege\/","url":"https:\/\/www.easydayphuket.com\/de\/phuket-ausfluege\/","name":"Phuket Ausfl\u00fcge von Ihrem Reisepartner Easy Day Phuket","isPartOf":{"@id":"https:\/\/www.easydayphuket.com\/#website"},"primaryImageOfPage":{"@id":"https:\/\/www.easydayphuket.com\/de\/phuket-ausfluege\/#primaryimage"},"image":{"@id":"https:\/\/www.easydayphuket.com\/de\/phuket-ausfluege\/#primaryimage"},"thumbnailUrl":"https:\/\/www.easydayphuket.com\/wp-content\/uploads\/2013\/07\/James-Bond-Island.jpg","datePublished":"2014-10-09T07:06:06+00:00","dateModified":"2024-05-12T19:50:08+00:00","description":"Phuket Ausfl\u00fcge mit Easy Day Phuket Tours - Ausfl\u00fcge zu den sch\u00f6nsten Sehensw\u00fcrdigkeiten auf Phuket und auf der umliegenden Inseln. Sorglos Online buchen.","breadcrumb":{"@id":"https:\/\/www.easydayphuket.com\/de\/phuket-ausfluege\/#breadcrumb"},"inLanguage":"de","potentialAction":[{"@type":"ReadAction","target":["https:\/\/www.easydayphuket.com\/de\/phuket-ausfluege\/"]}]},{"@type":"ImageObject","inLanguage":"de","@id":"https:\/\/www.easydayphuket.com\/de\/phuket-ausfluege\/#primaryimage","url":"https:\/\/www.easydayphuket.com\/wp-content\/uploads\/2013\/07\/James-Bond-Island.jpg","contentUrl":"https:\/\/www.easydayphuket.com\/wp-content\/uploads\/2013\/07\/James-Bond-Island.jpg","width":620,"height":250,"caption":"Private Phang Nga Tour"},{"@type":"BreadcrumbList","@id":"https:\/\/www.easydayphuket.com\/de\/phuket-ausfluege\/#breadcrumb","itemListElement":[{"@type":"ListItem","position":1,"name":"Home","item":"https:\/\/www.easydayphuket.com\/de\/"},{"@type":"ListItem","position":2,"name":"Phuket Ausfl\u00fcge"}]},{"@type":"WebSite","@id":"https:\/\/www.easydayphuket.com\/#website","url":"https:\/\/www.easydayphuket.com\/","name":"Easy Day Phuket","description":"Ihr Phuket Tour & Reise Partner","publisher":{"@id":"https:\/\/www.easydayphuket.com\/#organization"},"potentialAction":[{"@type":"SearchAction","target":{"@type":"EntryPoint","urlTemplate":"https:\/\/www.easydayphuket.com\/?s={search_term_string}"},"query-input":{"@type":"PropertyValueSpecification","valueRequired":true,"valueName":"search_term_string"}}],"inLanguage":"de"},{"@type":"Organization","@id":"https:\/\/www.easydayphuket.com\/#organization","name":"Easy Day Thailand","url":"https:\/\/www.easydayphuket.com\/","logo":{"@type":"ImageObject","inLanguage":"de","@id":"https:\/\/www.easydayphuket.com\/#\/schema\/logo\/image\/","url":"https:\/\/www.easydayphuket.com\/wp-content\/uploads\/2013\/07\/Sun-Thaiflag_booking12.gif","contentUrl":"https:\/\/www.easydayphuket.com\/wp-content\/uploads\/2013\/07\/Sun-Thaiflag_booking12.gif","width":100,"height":94,"caption":"Easy Day Thailand"},"image":{"@id":"https:\/\/www.easydayphuket.com\/#\/schema\/logo\/image\/"},"sameAs":["https:\/\/www.facebook.com\/Easydayinthailand\/","https:\/\/www.instagram.com\/easydaythailand\/"]}]}},"_links":{"self":[{"href":"https:\/\/www.easydayphuket.com\/de\/wp-json\/wp\/v2\/pages\/5572","targetHints":{"allow":["GET"]}}],"collection":[{"href":"https:\/\/www.easydayphuket.com\/de\/wp-json\/wp\/v2\/pages"}],"about":[{"href":"https:\/\/www.easydayphuket.com\/de\/wp-json\/wp\/v2\/types\/page"}],"author":[{"embeddable":true,"href":"https:\/\/www.easydayphuket.com\/de\/wp-json\/wp\/v2\/users\/4"}],"replies":[{"embeddable":true,"href":"https:\/\/www.easydayphuket.com\/de\/wp-json\/wp\/v2\/comments?post=5572"}],"version-history":[{"count":0,"href":"https:\/\/www.easydayphuket.com\/de\/wp-json\/wp\/v2\/pages\/5572\/revisions"}],"wp:featuredmedia":[{"embeddable":true,"href":"https:\/\/www.easydayphuket.com\/de\/wp-json\/wp\/v2\/media\/5892"}],"wp:attachment":[{"href":"https:\/\/www.easydayphuket.com\/de\/wp-json\/wp\/v2\/media?parent=5572"}],"curies":[{"name":"wp","href":"https:\/\/api.w.org\/{rel}","templated":true}]}}