{"id":29006,"date":"2018-12-02T07:34:49","date_gmt":"2018-12-02T00:34:49","guid":{"rendered":"https:\/\/www.easydayphuket.com\/?page_id=29006"},"modified":"2024-05-23T12:48:01","modified_gmt":"2024-05-23T05:48:01","slug":"privater-phuket-schnorchelausflug","status":"publish","type":"page","link":"https:\/\/www.easydayphuket.com\/de\/phuket-inselhuepfen\/privater-phuket-schnorchelausflug\/","title":{"rendered":"Privater Phuket Schnorchelausflug"},"content":{"rendered":"\n<figure class=\"wp-block-image alignright\"><a href=\"https:\/\/www.easydayphuket.com\/wp-content\/uploads\/2017\/12\/Banana-Beach.jpg\"><img loading=\"lazy\" decoding=\"async\" width=\"300\" height=\"169\" src=\"https:\/\/www.easydayphuket.com\/wp-content\/uploads\/2017\/12\/Banana-Beach-300x169.jpg\" alt=\"Private Phuket Snorkeling Tour\" class=\"wp-image-26920\" srcset=\"https:\/\/www.easydayphuket.com\/wp-content\/uploads\/2017\/12\/Banana-Beach-300x169.jpg 300w, https:\/\/www.easydayphuket.com\/wp-content\/uploads\/2017\/12\/Banana-Beach-768x432.jpg 768w, https:\/\/www.easydayphuket.com\/wp-content\/uploads\/2017\/12\/Banana-Beach-1024x576.jpg 1024w, https:\/\/www.easydayphuket.com\/wp-content\/uploads\/2017\/12\/Banana-Beach-98x55.jpg 98w, https:\/\/www.easydayphuket.com\/wp-content\/uploads\/2017\/12\/Banana-Beach.jpg 1080w\" sizes=\"(max-width: 300px) 100vw, 300px\" \/><\/a><figcaption class=\"wp-element-caption\">Banana Beach Phuket<\/figcaption><\/figure>\n\n\n\n<p>Easy Day&#8217;s<strong> Privater Phuket Schnorchelausflug<\/strong>&nbsp;zeigt Ihnen die Sch\u00f6nheit der Westk\u00fcste von Phuket mit einem traditionellen Longatail Boot. Genie\u00dfen Sie das Schnorcheln an tollen Riffe und von etwas abseits liegenden Str\u00e4nden.<\/p>\n\n\n<ul>\n<li><strong>Das ganze Jahr \u00fcber<\/strong>!<\/li>\n<li>Felxibler Tourplan!<\/li>\n<li>Abseits der Massen!<\/li>\n<li>Keine langen Anfahrtswege!<\/li>\n<li>Perfekt f\u00fcr Gruppen &amp; Familien!<\/li>\n<\/ul>\n\n\n<p> <strong>Preise in Thai Baht pro Gruppe: 1-6 Person 13,900 <\/strong><a title=\"Easy Day Contact Form\" href=\"#form\"><strong>&gt;&gt;Ihr unverbindliches Angebot!<\/strong> <\/a><\/p>\n\n\n\n<p><strong>Phuket Schnorchelausflug inklusive:<\/strong><br><\/p>\n\n\n<ul>\n<li>Private Hin &amp; R\u00fcckfahrt zum Hotel in Phuket mit dem Air-Con-Minivan.<\/li>\n<li>Privates Longtail Boot mit Skipper f\u00fcr 4 Stunden.<\/li>\n<li>Freundlicher und kompetenter, englischsprachiger Guide.<\/li>\n<li>Kalte alkoholfreie Getr\u00e4nke und Wasser an Bord.<\/li>\n<li>Sandwiches, frisches Obst &amp; Snacks an Bord.<\/li>\n<li>Erfrischende T\u00fccher.<\/li>\n<li>Schnorchelausr\u00fcstung inklusive Flossen.<\/li>\n<li>Schwimmwesten.<\/li>\n<li>Steuer- und Unfallversicherung.<\/li>\n<\/ul>\n\n\n\n<p><strong>Nicht inklusive:&nbsp;<\/strong>Insel-Geb\u00fchr in Koh Hae 200 THB pro Person<\/p>\n\n\n\n<p class=\"has-text-align-right\"><a href='#form' class='small-button smallblue'>Buchen \/ Kontakt<\/a><br><\/p>\n\n\n<p><div class='et-box et-note'>\n\t\t\t\t\t<div class='et-box-content'><\/div><\/div><span style=\"color: #ff0000;\"><strong>NOTE:<\/strong><\/span>\u00a0Aufgrund des s\u00fcdwestlichen Monsuns findet der Private Phuket Schnorchelausflug nur von Mitte Oktober bis Mitte Mai statt. W\u00e4hrend des Sommers darf die Tour nur dann durchgef\u00fchrt werden, wenn die Meeresbedingungen das zulassen.<\/p>\n\n\n\n<h2 class=\"wp-block-heading\">Privater Phuket Schnorchelausflug &#8211; Galerie<\/h2>\n\n\n\n<figure class=\"wp-block-gallery has-nested-images columns-3 is-cropped wp-block-gallery-1 is-layout-flex wp-block-gallery-is-layout-flex\">\n<figure class=\"wp-block-image size-large\"><img loading=\"lazy\" decoding=\"async\" width=\"1024\" height=\"576\" data-id=\"26924\" src=\"https:\/\/www.easydayphuket.com\/wp-content\/uploads\/2017\/12\/Koh-Waeo-1024x576.jpg\" alt=\"Privater Phuket Schnorchelausflug\" class=\"wp-image-26924\" srcset=\"https:\/\/www.easydayphuket.com\/wp-content\/uploads\/2017\/12\/Koh-Waeo-1024x576.jpg 1024w, https:\/\/www.easydayphuket.com\/wp-content\/uploads\/2017\/12\/Koh-Waeo-300x169.jpg 300w, https:\/\/www.easydayphuket.com\/wp-content\/uploads\/2017\/12\/Koh-Waeo-768x432.jpg 768w, https:\/\/www.easydayphuket.com\/wp-content\/uploads\/2017\/12\/Koh-Waeo-98x55.jpg 98w, https:\/\/www.easydayphuket.com\/wp-content\/uploads\/2017\/12\/Koh-Waeo.jpg 1080w\" sizes=\"(max-width: 1024px) 100vw, 1024px\" \/><\/figure>\n\n\n\n<figure class=\"wp-block-image size-large\"><img loading=\"lazy\" decoding=\"async\" width=\"1024\" height=\"576\" data-id=\"26920\" src=\"https:\/\/www.easydayphuket.com\/wp-content\/uploads\/2017\/12\/Banana-Beach-1024x576.jpg\" alt=\"Privater Phuket Schnorchelausflug\" class=\"wp-image-26920\" srcset=\"https:\/\/www.easydayphuket.com\/wp-content\/uploads\/2017\/12\/Banana-Beach-1024x576.jpg 1024w, https:\/\/www.easydayphuket.com\/wp-content\/uploads\/2017\/12\/Banana-Beach-300x169.jpg 300w, https:\/\/www.easydayphuket.com\/wp-content\/uploads\/2017\/12\/Banana-Beach-768x432.jpg 768w, https:\/\/www.easydayphuket.com\/wp-content\/uploads\/2017\/12\/Banana-Beach-98x55.jpg 98w, https:\/\/www.easydayphuket.com\/wp-content\/uploads\/2017\/12\/Banana-Beach.jpg 1080w\" sizes=\"(max-width: 1024px) 100vw, 1024px\" \/><\/figure>\n\n\n\n<figure class=\"wp-block-image size-large\"><img loading=\"lazy\" decoding=\"async\" width=\"1024\" height=\"576\" data-id=\"26916\" src=\"https:\/\/www.easydayphuket.com\/wp-content\/uploads\/2017\/12\/Snorkeling-Phuket-1024x576.jpg\" alt=\"Privater Phuket Schnorchelausflug\" class=\"wp-image-26916\" srcset=\"https:\/\/www.easydayphuket.com\/wp-content\/uploads\/2017\/12\/Snorkeling-Phuket-1024x576.jpg 1024w, https:\/\/www.easydayphuket.com\/wp-content\/uploads\/2017\/12\/Snorkeling-Phuket-300x169.jpg 300w, https:\/\/www.easydayphuket.com\/wp-content\/uploads\/2017\/12\/Snorkeling-Phuket-768x432.jpg 768w, https:\/\/www.easydayphuket.com\/wp-content\/uploads\/2017\/12\/Snorkeling-Phuket-98x55.jpg 98w, https:\/\/www.easydayphuket.com\/wp-content\/uploads\/2017\/12\/Snorkeling-Phuket.jpg 1080w\" sizes=\"(max-width: 1024px) 100vw, 1024px\" \/><\/figure>\n\n\n\n<figure class=\"wp-block-image size-large\"><img loading=\"lazy\" decoding=\"async\" width=\"1024\" height=\"576\" data-id=\"26912\" src=\"https:\/\/www.easydayphuket.com\/wp-content\/uploads\/2017\/12\/Snorkeling-Koh-Waeo-1024x576.jpg\" alt=\"Privater Phuket Schnorchelausflug\" class=\"wp-image-26912\" srcset=\"https:\/\/www.easydayphuket.com\/wp-content\/uploads\/2017\/12\/Snorkeling-Koh-Waeo-1024x576.jpg 1024w, https:\/\/www.easydayphuket.com\/wp-content\/uploads\/2017\/12\/Snorkeling-Koh-Waeo-300x169.jpg 300w, https:\/\/www.easydayphuket.com\/wp-content\/uploads\/2017\/12\/Snorkeling-Koh-Waeo-768x432.jpg 768w, https:\/\/www.easydayphuket.com\/wp-content\/uploads\/2017\/12\/Snorkeling-Koh-Waeo-98x55.jpg 98w, https:\/\/www.easydayphuket.com\/wp-content\/uploads\/2017\/12\/Snorkeling-Koh-Waeo.jpg 1080w\" sizes=\"(max-width: 1024px) 100vw, 1024px\" \/><\/figure>\n<\/figure>\n\n\n\n<h2 class=\"wp-block-heading\">Phuket Schnorchelausflug &#8211; Tourplan<\/h2>\n\n\n\n<h3 class=\"wp-block-heading\">4 Inseln mit dem Longtailboot von Chalong<\/h3>\n\n\n\n<ul class=\"wp-block-list\">\n<li>08:00 Uhr &#8211; Abholung von Ihrem Hotel und privater Transfer nach Chalong.<\/li>\n\n\n\n<li>08:45 Uhr &#8211; Abfahrt mit dem traditionellen Longtail-Boot vom Chalong Pier und \u00dcberfahrt nach Koh Bon.<\/li>\n\n\n\n<li>09:15 Uhr &#8211; Ankunft in Koh Bon und erste Schnorchelstopp vom Boot aus.<\/li>\n\n\n\n<li>10:30 Uhr &#8211; Abfahrt von Koh Bon nach Koh Hae zum Schnorcheln und Schwimmen mit bunten Fischen und wei\u00dfem Sandstrand.<\/li>\n\n\n\n<li>12:30 Uhr: Ankunft in Koh Lone, wo Sie sich an einem abgelegenen Strand entspannen und zu Mittag essen k\u00f6nnen. Sie sehen eine Schule und erfahren, wie man &#8222;Batik&#8220; macht und wie die Einheimischen auf der Insel ihren Lebensunterhalt verdienen.<\/li>\n\n\n\n<li>14:30 Uhr: Abfahrt nach Koh Tanan zum Entspannen und Schwimmen vom Strand aus. Sie k\u00f6nnen schnorcheln und je nach Gezeiten k\u00f6nnen Sie auf einer Sandbank spazieren gehen.<\/li>\n\n\n\n<li>16:00 Uhr: Ankunft am Chalong Pier und R\u00fcckfahrt zum Hotel.<\/li>\n<\/ul>\n\n\n\n<h3 class=\"wp-block-heading\">3 Inseln mit dem Longtailboot von Rawai Beach<\/h3>\n\n\n\n<ul class=\"wp-block-list\">\n<li>09:00 Uhr &#8211; Abholung von Ihrem Hotel und privater Transfer zum Rawai Beach.<\/li>\n\n\n\n<li>09:30 Uhr &#8211; Abfahrt von Rawai Beach s\u00fcdlich von Phuket und Kreuzfahrt nach Koh Hae.<\/li>\n\n\n\n<li>10:00 Uhr &#8211; Ankunft in Koh Hae, Schnorcheln und wei\u00dfer Sandstrand.<\/li>\n\n\n\n<li>11:15 Uhr &#8211; Abfahrt von Koh Hae nach Koh Bon im S\u00fcden der Insel Phuket.<\/li>\n\n\n\n<li>12:35 Uhr &#8211; Ankunft in Koh Bon, Schnorcheln und Besuch der Insel je nach Wasserstand.<\/li>\n\n\n\n<li>13:40 Uhr &#8211; \u00dcberfahrt von Koh Bon r\u00fcber nach Koh Kaew.<\/li>\n\n\n\n<li>14:00 Uhr &#8211; Ankunft in Koh Kaew und Besuch eines kleinen ruhigen Tempels, der abseits der touristischen Sehensw\u00fcrdigkeiten liegt.<\/li>\n\n\n\n<li>15:00 Uhr &#8211; R\u00fcckfahrt zum Rawai Beach, wo man Sie bereits erwartet und zum Hotel gebracht werden.<\/li>\n<\/ul>\n\n\n\n<h3 class=\"wp-block-heading\">Koh Waeow &amp; Banana Beach (November bis April )<\/h3>\n\n\n\n<ul class=\"wp-block-list\">\n<li>09:00 &#8211;\u00a0Abholung von Ihrem Hotel in Phuket und Transfer zum Kamala Beach, wo Ihre privates\u00a0<a href=\"https:\/\/www.easydaythailand.com\/blog\/boats-of-thailand\/\" target=\"_blank\" rel=\"noopener noreferrer\">Long Tail Boat<\/a>\u00a0schon auf Sie wartet.<\/li>\n\n\n\n<li>09:30 &#8211;\u00a0Beginn der 30-40-min\u00fctige Bootsfahrt nach Koh Waeo, wo Sie viel Zeit zum Schnorcheln an lebhaften Korallenriff genie\u00dfen k\u00f6nnen.<\/li>\n\n\n\n<li>11:00 &#8211;\u00a0Fahren Sie von Koh Waeo zum nahe gelegenen Banana Beach, wo Sie genug Zeit haben sich am sch\u00f6nen Strand zu entspannen und \/ oder mehr Schnorcheln zu gehen.<\/li>\n\n\n\n<li>12:00 &#8211; Picknick oder Mittagessen am Banana Beach.<\/li>\n\n\n\n<li>13:00 &#8211;\u00a0Zur\u00fcck auf dem Boot, geht es zu dem sch\u00f6nen und ruhigen Laem Singh Beach, der jetzt nur mit dem Boot erreichbar ist.<\/li>\n\n\n\n<li>15:00 &#8211;\u00a0Zur\u00fcck zum Kamala Beach und Transfer mit dem Air-Con-Minivan zu Ihrem Phuket Hotel.<\/li>\n\n\n\n<li>15:30-16:00 &#8211; Ankunft im Hotel.<\/li>\n<\/ul>\n\n\n\n<p><span style=\"color: #ff6600;\">*Das oben aufgef\u00fchrte Programm ist nur ein Beispiel f\u00fcr eine Reiseroute. Der Ausflug und die Zeiten k\u00f6nnen an Ihre Bed\u00fcrfnisse angepasst werden und k\u00f6nnen sich je nach Wetter und Meeresbedingungen \u00e4ndern.<\/span><\/p>\n\n\n\n<p class=\"has-text-align-right\"><a href='#form' class='small-button smallblue'>Buchen \/ Kontakt<\/a><\/p>\n\n\n\n<p>Unsrer <strong>Privater Phuket Schnorchelausflug<\/strong> mit dem Longtail Boat ist ideal f\u00fcr Paare, Familien mit Kindern und kleine Gruppen von Freunden. Sie m\u00fcssen nicht zu weit entfernten Inseln fahren, um ein gutes Schnorchelgebiet w\u00e4hrend Ihres Aufenthalts in Phuket zu erreichen.<\/p>\n\n\n\n<p>Bei unserer privaten Tour k\u00f6nnen Sie an einigen weniger touristischen Orten rund um die Insel Phuket gut schnorcheln und sich dabei Zeit lassen, die Sie f\u00fcr sich ben\u00f6tigen, so k\u00f6nnen wir den Zeitplan und die Reiseroute an Ihre pers\u00f6nlichen Bed\u00fcrfnisse angepasst werden.&nbsp;Es bleibt Ihnen \u00fcberlassen, wie viel Zeit Sie beim Schnorcheln oder Entspannen an den Str\u00e4nden verbringen m\u00f6chten. Genie\u00dfen Sie einfach den pers\u00f6nlichen Service und die Aufmerksamkeit Ihres privaten englischsprachigen Guides.<\/p>\n\n\n\n<h2 class=\"wp-block-heading\" id=\"form\">Schreiben Sie uns &#8211;\u00a0Privater Phuket Schnorchel Ausflug<\/h2>\n\n\n\n<p><span style=\"color: #000000;\"><strong>Gleiche Art von Ausfl\u00fcgen in anderen Easy Day Destinationen<\/strong><\/span><\/p>\n\n\n\n<ul class=\"wp-block-list\">\n<li><a href=\"https:\/\/www.easydayphuket.com\/phuket-tours\/phang-nga-bay-tours\/private-phang-nga-bay-tour\/\" target=\"_blank\" rel=\"noopener noreferrer\">Private Phang Nga Bay Tour by Long Tail &#8211; &#8222;The Original&#8220;<\/a><\/li>\n\n\n\n<li><a href=\"https:\/\/www.easydayphuket.com\/phuket-tours\/phang-nga-bay-tours\/phang-nga-bay-caves-sea-canoe-tour\/\" target=\"_blank\" rel=\"noopener noreferrer\">Private Phang Nga Bay Tour &#8211; &#8222;Caves &amp; Sea Canoe&#8220;<\/a><\/li>\n\n\n\n<li><a href=\"https:\/\/www.easydaythailand.com\/koh-phi-phi-island\/phi-phi-island-tour\/\" target=\"_blank\" rel=\"noopener noreferrer\">Private Phi Phi Islands Tour by Long Tail Boat<\/a><\/li>\n<\/ul>\n","protected":false},"excerpt":{"rendered":"<p>Easy Day&#8217;s Privater Phuket Schnorchelausflug&nbsp;zeigt Ihnen die Sch\u00f6nheit der Westk\u00fcste von Phuket mit einem traditionellen Longatail Boot. Genie\u00dfen Sie das Schnorcheln an tollen Riffe und von etwas abseits liegenden Str\u00e4nden. Phuket Schnorchelausflug inklusive: Nicht inklusive:&nbsp;Insel-Geb\u00fchr in Koh Hae 200 THB pro Person Privater Phuket Schnorchelausflug &#8211; Galerie Phuket Schnorchelausflug &#8211; Tourplan 4 Inseln mit dem [&hellip;]<\/p>\n","protected":false},"author":14,"featured_media":26932,"parent":11262,"menu_order":0,"comment_status":"closed","ping_status":"closed","template":"","meta":{"_acf_changed":false,"_et_pb_use_builder":"","_et_pb_old_content":"","_et_gb_content_width":"","footnotes":""},"class_list":["post-29006","page","type-page","status-publish","has-post-thumbnail","hentry"],"acf":[],"yoast_head":"<!-- This site is optimized with the Yoast SEO plugin v25.1 - https:\/\/yoast.com\/wordpress\/plugins\/seo\/ -->\n<title>Privater Phuket Schnorchelausflug von Easy Day Thailand<\/title>\n<meta name=\"description\" content=\"Unser privater Phuket Schnorchelausflug mit dem Longtailboot lassen Sie die Westk\u00fcste von Phuket erkunden. Es geht an abgelegene Orte und sch\u00f6nen Str\u00e4nden\" \/>\n<meta name=\"robots\" content=\"index, follow, max-snippet:-1, max-image-preview:large, max-video-preview:-1\" \/>\n<link rel=\"canonical\" href=\"https:\/\/www.easydayphuket.com\/de\/phuket-inselhuepfen\/privater-phuket-schnorchelausflug\/\" \/>\n<meta property=\"og:locale\" content=\"de_DE\" \/>\n<meta property=\"og:type\" content=\"article\" \/>\n<meta property=\"og:title\" content=\"Privater Phuket Schnorchelausflug von Easy Day Thailand\" \/>\n<meta property=\"og:description\" content=\"Unser privater Phuket Schnorchelausflug mit dem Longtailboot lassen Sie die Westk\u00fcste von Phuket erkunden. Es geht an abgelegene Orte und sch\u00f6nen Str\u00e4nden\" \/>\n<meta property=\"og:url\" content=\"https:\/\/www.easydayphuket.com\/de\/phuket-inselhuepfen\/privater-phuket-schnorchelausflug\/\" \/>\n<meta property=\"og:site_name\" content=\"Easy Day Phuket\" \/>\n<meta property=\"article:publisher\" content=\"https:\/\/www.facebook.com\/Easydayinthailand\/\" \/>\n<meta property=\"article:modified_time\" content=\"2024-05-23T05:48:01+00:00\" \/>\n<meta property=\"og:image\" content=\"https:\/\/www.easydayphuket.com\/wp-content\/uploads\/2017\/12\/Phuket-Snorkeling-Tour-feature.jpg\" \/>\n\t<meta property=\"og:image:width\" content=\"620\" \/>\n\t<meta property=\"og:image:height\" content=\"250\" \/>\n\t<meta property=\"og:image:type\" content=\"image\/jpeg\" \/>\n<meta name=\"twitter:label1\" content=\"Gesch\u00e4tzte Lesezeit\" \/>\n\t<meta name=\"twitter:data1\" content=\"5\u00a0Minuten\" \/>\n<script type=\"application\/ld+json\" class=\"yoast-schema-graph\">{\"@context\":\"https:\/\/schema.org\",\"@graph\":[{\"@type\":\"WebPage\",\"@id\":\"https:\/\/www.easydayphuket.com\/de\/phuket-inselhuepfen\/privater-phuket-schnorchelausflug\/\",\"url\":\"https:\/\/www.easydayphuket.com\/de\/phuket-inselhuepfen\/privater-phuket-schnorchelausflug\/\",\"name\":\"Privater Phuket Schnorchelausflug von Easy Day Thailand\",\"isPartOf\":{\"@id\":\"https:\/\/www.easydayphuket.com\/#website\"},\"primaryImageOfPage\":{\"@id\":\"https:\/\/www.easydayphuket.com\/de\/phuket-inselhuepfen\/privater-phuket-schnorchelausflug\/#primaryimage\"},\"image\":{\"@id\":\"https:\/\/www.easydayphuket.com\/de\/phuket-inselhuepfen\/privater-phuket-schnorchelausflug\/#primaryimage\"},\"thumbnailUrl\":\"https:\/\/www.easydayphuket.com\/wp-content\/uploads\/2017\/12\/Phuket-Snorkeling-Tour-feature.jpg\",\"datePublished\":\"2018-12-02T00:34:49+00:00\",\"dateModified\":\"2024-05-23T05:48:01+00:00\",\"description\":\"Unser privater Phuket Schnorchelausflug mit dem Longtailboot lassen Sie die Westk\u00fcste von Phuket erkunden. Es geht an abgelegene Orte und sch\u00f6nen Str\u00e4nden\",\"breadcrumb\":{\"@id\":\"https:\/\/www.easydayphuket.com\/de\/phuket-inselhuepfen\/privater-phuket-schnorchelausflug\/#breadcrumb\"},\"inLanguage\":\"de\",\"potentialAction\":[{\"@type\":\"ReadAction\",\"target\":[\"https:\/\/www.easydayphuket.com\/de\/phuket-inselhuepfen\/privater-phuket-schnorchelausflug\/\"]}]},{\"@type\":\"ImageObject\",\"inLanguage\":\"de\",\"@id\":\"https:\/\/www.easydayphuket.com\/de\/phuket-inselhuepfen\/privater-phuket-schnorchelausflug\/#primaryimage\",\"url\":\"https:\/\/www.easydayphuket.com\/wp-content\/uploads\/2017\/12\/Phuket-Snorkeling-Tour-feature.jpg\",\"contentUrl\":\"https:\/\/www.easydayphuket.com\/wp-content\/uploads\/2017\/12\/Phuket-Snorkeling-Tour-feature.jpg\",\"width\":620,\"height\":250},{\"@type\":\"BreadcrumbList\",\"@id\":\"https:\/\/www.easydayphuket.com\/de\/phuket-inselhuepfen\/privater-phuket-schnorchelausflug\/#breadcrumb\",\"itemListElement\":[{\"@type\":\"ListItem\",\"position\":1,\"name\":\"Home\",\"item\":\"https:\/\/www.easydayphuket.com\/de\/\"},{\"@type\":\"ListItem\",\"position\":2,\"name\":\"Phuket Inselh\u00fcpfen\",\"item\":\"https:\/\/www.easydayphuket.com\/de\/phuket-inselhuepfen\/\"},{\"@type\":\"ListItem\",\"position\":3,\"name\":\"Privater Phuket Schnorchelausflug\"}]},{\"@type\":\"WebSite\",\"@id\":\"https:\/\/www.easydayphuket.com\/#website\",\"url\":\"https:\/\/www.easydayphuket.com\/\",\"name\":\"Easy Day Phuket\",\"description\":\"Ihr Phuket Tour & Reise Partner\",\"publisher\":{\"@id\":\"https:\/\/www.easydayphuket.com\/#organization\"},\"potentialAction\":[{\"@type\":\"SearchAction\",\"target\":{\"@type\":\"EntryPoint\",\"urlTemplate\":\"https:\/\/www.easydayphuket.com\/?s={search_term_string}\"},\"query-input\":{\"@type\":\"PropertyValueSpecification\",\"valueRequired\":true,\"valueName\":\"search_term_string\"}}],\"inLanguage\":\"de\"},{\"@type\":\"Organization\",\"@id\":\"https:\/\/www.easydayphuket.com\/#organization\",\"name\":\"Easy Day Thailand\",\"url\":\"https:\/\/www.easydayphuket.com\/\",\"logo\":{\"@type\":\"ImageObject\",\"inLanguage\":\"de\",\"@id\":\"https:\/\/www.easydayphuket.com\/#\/schema\/logo\/image\/\",\"url\":\"https:\/\/www.easydayphuket.com\/wp-content\/uploads\/2013\/07\/Sun-Thaiflag_booking12.gif\",\"contentUrl\":\"https:\/\/www.easydayphuket.com\/wp-content\/uploads\/2013\/07\/Sun-Thaiflag_booking12.gif\",\"width\":100,\"height\":94,\"caption\":\"Easy Day Thailand\"},\"image\":{\"@id\":\"https:\/\/www.easydayphuket.com\/#\/schema\/logo\/image\/\"},\"sameAs\":[\"https:\/\/www.facebook.com\/Easydayinthailand\/\",\"https:\/\/www.instagram.com\/easydaythailand\/\"]}]}<\/script>\n<!-- \/ Yoast SEO plugin. -->","yoast_head_json":{"title":"Privater Phuket Schnorchelausflug von Easy Day Thailand","description":"Unser privater Phuket Schnorchelausflug mit dem Longtailboot lassen Sie die Westk\u00fcste von Phuket erkunden. Es geht an abgelegene Orte und sch\u00f6nen Str\u00e4nden","robots":{"index":"index","follow":"follow","max-snippet":"max-snippet:-1","max-image-preview":"max-image-preview:large","max-video-preview":"max-video-preview:-1"},"canonical":"https:\/\/www.easydayphuket.com\/de\/phuket-inselhuepfen\/privater-phuket-schnorchelausflug\/","og_locale":"de_DE","og_type":"article","og_title":"Privater Phuket Schnorchelausflug von Easy Day Thailand","og_description":"Unser privater Phuket Schnorchelausflug mit dem Longtailboot lassen Sie die Westk\u00fcste von Phuket erkunden. Es geht an abgelegene Orte und sch\u00f6nen Str\u00e4nden","og_url":"https:\/\/www.easydayphuket.com\/de\/phuket-inselhuepfen\/privater-phuket-schnorchelausflug\/","og_site_name":"Easy Day Phuket","article_publisher":"https:\/\/www.facebook.com\/Easydayinthailand\/","article_modified_time":"2024-05-23T05:48:01+00:00","og_image":[{"width":620,"height":250,"url":"https:\/\/www.easydayphuket.com\/wp-content\/uploads\/2017\/12\/Phuket-Snorkeling-Tour-feature.jpg","type":"image\/jpeg"}],"twitter_misc":{"Gesch\u00e4tzte Lesezeit":"5\u00a0Minuten"},"schema":{"@context":"https:\/\/schema.org","@graph":[{"@type":"WebPage","@id":"https:\/\/www.easydayphuket.com\/de\/phuket-inselhuepfen\/privater-phuket-schnorchelausflug\/","url":"https:\/\/www.easydayphuket.com\/de\/phuket-inselhuepfen\/privater-phuket-schnorchelausflug\/","name":"Privater Phuket Schnorchelausflug von Easy Day Thailand","isPartOf":{"@id":"https:\/\/www.easydayphuket.com\/#website"},"primaryImageOfPage":{"@id":"https:\/\/www.easydayphuket.com\/de\/phuket-inselhuepfen\/privater-phuket-schnorchelausflug\/#primaryimage"},"image":{"@id":"https:\/\/www.easydayphuket.com\/de\/phuket-inselhuepfen\/privater-phuket-schnorchelausflug\/#primaryimage"},"thumbnailUrl":"https:\/\/www.easydayphuket.com\/wp-content\/uploads\/2017\/12\/Phuket-Snorkeling-Tour-feature.jpg","datePublished":"2018-12-02T00:34:49+00:00","dateModified":"2024-05-23T05:48:01+00:00","description":"Unser privater Phuket Schnorchelausflug mit dem Longtailboot lassen Sie die Westk\u00fcste von Phuket erkunden. Es geht an abgelegene Orte und sch\u00f6nen Str\u00e4nden","breadcrumb":{"@id":"https:\/\/www.easydayphuket.com\/de\/phuket-inselhuepfen\/privater-phuket-schnorchelausflug\/#breadcrumb"},"inLanguage":"de","potentialAction":[{"@type":"ReadAction","target":["https:\/\/www.easydayphuket.com\/de\/phuket-inselhuepfen\/privater-phuket-schnorchelausflug\/"]}]},{"@type":"ImageObject","inLanguage":"de","@id":"https:\/\/www.easydayphuket.com\/de\/phuket-inselhuepfen\/privater-phuket-schnorchelausflug\/#primaryimage","url":"https:\/\/www.easydayphuket.com\/wp-content\/uploads\/2017\/12\/Phuket-Snorkeling-Tour-feature.jpg","contentUrl":"https:\/\/www.easydayphuket.com\/wp-content\/uploads\/2017\/12\/Phuket-Snorkeling-Tour-feature.jpg","width":620,"height":250},{"@type":"BreadcrumbList","@id":"https:\/\/www.easydayphuket.com\/de\/phuket-inselhuepfen\/privater-phuket-schnorchelausflug\/#breadcrumb","itemListElement":[{"@type":"ListItem","position":1,"name":"Home","item":"https:\/\/www.easydayphuket.com\/de\/"},{"@type":"ListItem","position":2,"name":"Phuket Inselh\u00fcpfen","item":"https:\/\/www.easydayphuket.com\/de\/phuket-inselhuepfen\/"},{"@type":"ListItem","position":3,"name":"Privater Phuket Schnorchelausflug"}]},{"@type":"WebSite","@id":"https:\/\/www.easydayphuket.com\/#website","url":"https:\/\/www.easydayphuket.com\/","name":"Easy Day Phuket","description":"Ihr Phuket Tour & Reise Partner","publisher":{"@id":"https:\/\/www.easydayphuket.com\/#organization"},"potentialAction":[{"@type":"SearchAction","target":{"@type":"EntryPoint","urlTemplate":"https:\/\/www.easydayphuket.com\/?s={search_term_string}"},"query-input":{"@type":"PropertyValueSpecification","valueRequired":true,"valueName":"search_term_string"}}],"inLanguage":"de"},{"@type":"Organization","@id":"https:\/\/www.easydayphuket.com\/#organization","name":"Easy Day Thailand","url":"https:\/\/www.easydayphuket.com\/","logo":{"@type":"ImageObject","inLanguage":"de","@id":"https:\/\/www.easydayphuket.com\/#\/schema\/logo\/image\/","url":"https:\/\/www.easydayphuket.com\/wp-content\/uploads\/2013\/07\/Sun-Thaiflag_booking12.gif","contentUrl":"https:\/\/www.easydayphuket.com\/wp-content\/uploads\/2013\/07\/Sun-Thaiflag_booking12.gif","width":100,"height":94,"caption":"Easy Day Thailand"},"image":{"@id":"https:\/\/www.easydayphuket.com\/#\/schema\/logo\/image\/"},"sameAs":["https:\/\/www.facebook.com\/Easydayinthailand\/","https:\/\/www.instagram.com\/easydaythailand\/"]}]}},"_links":{"self":[{"href":"https:\/\/www.easydayphuket.com\/de\/wp-json\/wp\/v2\/pages\/29006","targetHints":{"allow":["GET"]}}],"collection":[{"href":"https:\/\/www.easydayphuket.com\/de\/wp-json\/wp\/v2\/pages"}],"about":[{"href":"https:\/\/www.easydayphuket.com\/de\/wp-json\/wp\/v2\/types\/page"}],"author":[{"embeddable":true,"href":"https:\/\/www.easydayphuket.com\/de\/wp-json\/wp\/v2\/users\/14"}],"replies":[{"embeddable":true,"href":"https:\/\/www.easydayphuket.com\/de\/wp-json\/wp\/v2\/comments?post=29006"}],"version-history":[{"count":0,"href":"https:\/\/www.easydayphuket.com\/de\/wp-json\/wp\/v2\/pages\/29006\/revisions"}],"up":[{"embeddable":true,"href":"https:\/\/www.easydayphuket.com\/de\/wp-json\/wp\/v2\/pages\/11262"}],"wp:featuredmedia":[{"embeddable":true,"href":"https:\/\/www.easydayphuket.com\/de\/wp-json\/wp\/v2\/media\/26932"}],"wp:attachment":[{"href":"https:\/\/www.easydayphuket.com\/de\/wp-json\/wp\/v2\/media?parent=29006"}],"curies":[{"name":"wp","href":"https:\/\/api.w.org\/{rel}","templated":true}]}}