{"id":28611,"date":"2018-08-31T08:55:29","date_gmt":"2018-08-31T01:55:29","guid":{"rendered":"https:\/\/www.easydayphuket.com\/phuket-ausfluge-pakete-von-easy-day-thailand\/"},"modified":"2022-03-09T04:29:29","modified_gmt":"2022-03-08T21:29:29","slug":"phuket-ausfluege-pakete-von-easy-day-thailand","status":"publish","type":"page","link":"https:\/\/www.easydayphuket.com\/de\/","title":{"rendered":"Phuket Ausfl\u00fcge &#038; Pakete von Easy Day Thailand"},"content":{"rendered":"<p>[et_pb_section fb_built=&#8220;1&#8243; _builder_version=&#8220;3.22&#8243; custom_padding=&#8220;0|0px|37.5938px|0px|false|false&#8220; global_colors_info=&#8220;{}&#8220;][et_pb_row _builder_version=&#8220;3.25&#8243; global_colors_info=&#8220;{}&#8220;][et_pb_column type=&#8220;4_4&#8243; _builder_version=&#8220;3.25&#8243; custom_padding=&#8220;|||&#8220; global_colors_info=&#8220;{}&#8220; custom_padding__hover=&#8220;|||&#8220;][et_pb_text disabled_on=&#8220;off|off|off&#8220; _builder_version=&#8220;4.14.8&#8243; text_orientation=&#8220;center&#8220; hover_enabled=&#8220;0&#8243; global_colors_info=&#8220;{}&#8220; sticky_enabled=&#8220;0&#8243;]<\/p>\n<p>Easy Day Phuket Ausfl\u00fcge sind ideal f\u00fcr Familien, Freunde, Paare und Singles. Genie\u00dfen unsere <strong>privaten Ausfl\u00fcgen<\/strong> oder die Touren mit anderen G\u00e4sten zusammen. Schreiben Sie uns was Sie interessiert und wir werden es f\u00fcr Sie in die Wege leiten und Ihnen einen wundersch\u00f6nen Tag garantieren<\/p>\n<p><a href=\"https:\/\/www.easydayphuket.com\/de\/\"><img loading=\"lazy\" decoding=\"async\" class=\"iclflag\" title=\"\" src=\"https:\/\/www.easydayphuket.com\/wp-content\/plugins\/sitepress-multilingual-cms\/res\/flags\/de.png\" alt=\"\" width=\"18\" height=\"12\" \/><\/a>\u00a0<strong>Schreiben Sie Uns:<\/strong>\u00a0Andreas@easydaythailand.com\u00a0oder\u00a0<strong>Rufen Sie an\u00a0<\/strong><a href=\"tel:+66841864882\">+66 841864882<\/a><br \/>\n<br clear=\"all\" \/>Wir sind stets bem\u00fcht unseren G\u00e4sten das beste Angebot zukommen zu lassen, wo Qualit\u00e4t und Sicherheit immer gew\u00e4hrleistet ist. Wir sind vielleicht nicht die G\u00fcnstigsten, aber wir k\u00f6nnen von uns behaupten, das wir wirklich gut sind!<\/p>\n<p>[\/et_pb_text][\/et_pb_column][\/et_pb_row][et_pb_row _builder_version=&#8220;3.25&#8243; background_size=&#8220;initial&#8220; background_position=&#8220;top_left&#8220; background_repeat=&#8220;repeat&#8220; global_colors_info=&#8220;{}&#8220; column_structure=&#8220;1_3,1_3,1_3&#8243;][et_pb_column type=&#8220;1_3&#8243; _builder_version=&#8220;3.25&#8243; custom_padding=&#8220;|||&#8220; global_colors_info=&#8220;{}&#8220; custom_padding__hover=&#8220;|||&#8220;][et_pb_blurb title=&#8220;Besten Phuket Ausfl\u00fcge&#8220; url=&#8220;https:\/\/www.easydayphuket.com\/de\/phuket-ausfluege\/&#8220; image=&#8220;https:\/\/www.easydayphuket.com\/wp-content\/uploads\/2018\/08\/James-Bond-Island.jpg&#8220; image_icon_width_last_edited=&#8220;on|phone&#8220; content_max_width_tablet=&#8220;&#8220; content_max_width_phone=&#8220;&#8220; content_max_width_last_edited=&#8220;on|desktop&#8220; _builder_version=&#8220;4.13.0&#8243; header_text_align=&#8220;center&#8220; body_text_align=&#8220;center&#8220; background_color=&#8220;rgba(226,226,226,0.62)&#8220; custom_margin=&#8220;|||&#8220; custom_padding=&#8220;0px||4px|&#8220; header_text_shadow_style=&#8220;preset2&#8243; box_shadow_style=&#8220;preset2&#8243; image_max_width_tablet=&#8220;&#8220; image_max_width_phone=&#8220;&#8220; image_max_width_last_edited=&#8220;on|phone&#8220; saved_tabs=&#8220;all&#8220; global_colors_info=&#8220;{}&#8220;]<\/p>\n<p>Phuket Ausfl\u00fcge \u2013 Die Insel Phuket ist ein perfektes Urlaubsziel mit vielen abwechslungsreichen Touren um Land und Leute kennen zu lernen. Schneewei\u00dfe Str\u00e4nde, glasklares Wasser machen die Ausfl\u00fcge rund um Phuket zu einem unvergesslichen Erlebnis.<\/p>\n<p><strong><a title=\"More about Phuket Tours\" href=\"https:\/\/www.easydayphuket.com\/de\/phuket-ausfluege\/\">Mehr Infos&#8230;<\/a><\/strong><\/p>\n<p>[\/et_pb_blurb][\/et_pb_column][et_pb_column type=&#8220;1_3&#8243; _builder_version=&#8220;3.25&#8243; custom_padding=&#8220;|||&#8220; global_colors_info=&#8220;{}&#8220; custom_padding__hover=&#8220;|||&#8220;][et_pb_blurb title=&#8220;Schnorchel Touren Phuket&#8220; url=&#8220;https:\/\/www.easydayphuket.com\/de\/phuket-unternehmungen\/phuket-schnorchelausflug\/&#8220; image=&#8220;https:\/\/www.easydayphuket.com\/wp-content\/uploads\/2018\/08\/Snorkeling-Thailand.jpg&#8220; image_icon_width_last_edited=&#8220;on|phone&#8220; content_max_width_tablet=&#8220;&#8220; content_max_width_phone=&#8220;&#8220; content_max_width_last_edited=&#8220;on|desktop&#8220; _builder_version=&#8220;4.13.0&#8243; header_text_align=&#8220;center&#8220; body_text_align=&#8220;center&#8220; background_color=&#8220;rgba(226,226,226,0.62)&#8220; custom_margin=&#8220;|||&#8220; custom_padding=&#8220;0px||4px|&#8220; header_text_shadow_style=&#8220;preset2&#8243; box_shadow_style=&#8220;preset2&#8243; image_max_width_tablet=&#8220;&#8220; image_max_width_phone=&#8220;&#8220; image_max_width_last_edited=&#8220;on|phone&#8220; saved_tabs=&#8220;all&#8220; global_colors_info=&#8220;{}&#8220;]<\/p>\n<p>Schnorchel Ausfl\u00fcge in Phuket\u00a0sind f\u00fcr jeden geeignet, egal ob jung oder alt. Die Ausfl\u00fcge zum schnorcheln sind \u00e4u\u00dferst beliebt und werden auch das ganze Jahr \u00fcber angeboten. Die beliebtesten Ziele hierf\u00fcr sind die Phi Phi Inseln, Similan Island und die Racha Inseln.<\/p>\n<p><strong><a title=\"More about Phuket Snorkeling Tours\" href=\"https:\/\/www.easydayphuket.com\/de\/phuket-unternehmungen\/phuket-schnorchelausflug\/\">Mehr Infos&#8230;<\/a><\/strong><\/p>\n<p>[\/et_pb_blurb][\/et_pb_column][et_pb_column type=&#8220;1_3&#8243; _builder_version=&#8220;3.25&#8243; custom_padding=&#8220;|||&#8220; global_colors_info=&#8220;{}&#8220; custom_padding__hover=&#8220;|||&#8220;][et_pb_blurb title=&#8220;Phuket Flughafen Transfer&#8220; url=&#8220;https:\/\/www.easydayphuket.com\/de\/phuket-transfers\/phuket-flughafentransfer\/&#8220; image=&#8220;https:\/\/www.easydayphuket.com\/wp-content\/uploads\/2018\/08\/Phuket-Airport-Transfers.jpg&#8220; image_icon_width_last_edited=&#8220;on|phone&#8220; content_max_width_tablet=&#8220;&#8220; content_max_width_phone=&#8220;&#8220; content_max_width_last_edited=&#8220;on|desktop&#8220; _builder_version=&#8220;4.13.0&#8243; header_text_align=&#8220;center&#8220; body_text_align=&#8220;center&#8220; background_color=&#8220;rgba(226,226,226,0.62)&#8220; custom_margin=&#8220;|||&#8220; custom_padding=&#8220;0px||4px|&#8220; header_text_shadow_style=&#8220;preset2&#8243; box_shadow_style=&#8220;preset2&#8243; image_max_width_tablet=&#8220;&#8220; image_max_width_phone=&#8220;&#8220; image_max_width_last_edited=&#8220;on|phone&#8220; saved_tabs=&#8220;all&#8220; global_colors_info=&#8220;{}&#8220;]<\/p>\n<p>Phuket Flughafen Transfer \u2013 Genie\u00dfen Sie ihren Urlaub schon bei der Ankunft in Phuket mit unserem privatem Transfer vom Flughafen Phuket zu Ihrem Hotel! Einfach jetzt schon online im voraus buchen und wissen es wartet jemand auf Sie in Phuket.<\/p>\n<p><strong><a title=\"More about Phuket Airport Transfers\" href=\"https:\/\/www.easydayphuket.com\/de\/phuket-transfers\/phuket-flughafentransfer\/\">Mehr Infos&#8230;<\/a><\/strong><\/p>\n<p>[\/et_pb_blurb][\/et_pb_column][\/et_pb_row][et_pb_row _builder_version=&#8220;3.25&#8243; background_size=&#8220;initial&#8220; background_position=&#8220;top_left&#8220; background_repeat=&#8220;repeat&#8220; global_colors_info=&#8220;{}&#8220; column_structure=&#8220;1_3,1_3,1_3&#8243;][et_pb_column type=&#8220;1_3&#8243; _builder_version=&#8220;3.25&#8243; custom_padding=&#8220;|||&#8220; global_colors_info=&#8220;{}&#8220; custom_padding__hover=&#8220;|||&#8220;][et_pb_blurb title=&#8220;Private Phuket Ausfl\u00fcge&#8220; url=&#8220;https:\/\/www.easydayphuket.com\/de\/private-phuket-tagesausfluge\/&#8220; image=&#8220;https:\/\/www.easydayphuket.com\/wp-content\/uploads\/2018\/08\/Phi-Phi-Island-Tour-Speedboat-at-Maya-Bay.jpg&#8220; image_icon_width_last_edited=&#8220;on|phone&#8220; content_max_width_tablet=&#8220;&#8220; content_max_width_phone=&#8220;&#8220; content_max_width_last_edited=&#8220;on|desktop&#8220; _builder_version=&#8220;4.13.0&#8243; header_text_align=&#8220;center&#8220; body_text_align=&#8220;center&#8220; background_color=&#8220;rgba(226,226,226,0.62)&#8220; custom_margin=&#8220;|||&#8220; custom_padding=&#8220;0px||4px|&#8220; header_text_shadow_style=&#8220;preset2&#8243; box_shadow_style=&#8220;preset2&#8243; image_max_width_tablet=&#8220;&#8220; image_max_width_phone=&#8220;&#8220; image_max_width_last_edited=&#8220;on|phone&#8220; saved_tabs=&#8220;all&#8220; global_colors_info=&#8220;{}&#8220;]<\/p>\n<p>Private Phuket Tagestouren durchgef\u00fchrt von Ihrem Phuket Tour Partner Easy Day Thailand. Phuket Inselrundfahrten, Private Ausfl\u00fcge in die Phang Nga Bay mit Besuch der James Bond Insel &amp; Koh Panyee und zu den Phi Phi Islands.<\/p>\n<p><strong><a title=\"More about Private Phuket Tours\" href=\"https:\/\/www.easydayphuket.com\/de\/private-phuket-tagesausfluge\/\">Mehr Infos&#8230;<\/a><\/strong><\/p>\n<p>[\/et_pb_blurb][\/et_pb_column][et_pb_column type=&#8220;1_3&#8243; _builder_version=&#8220;3.25&#8243; custom_padding=&#8220;|||&#8220; global_colors_info=&#8220;{}&#8220; custom_padding__hover=&#8220;|||&#8220;][et_pb_blurb title=&#8220;Inselspringen&#8220; url=&#8220;https:\/\/www.easydayphuket.com\/de\/phuket-inselhuepfen\/&#8220; image=&#8220;https:\/\/www.easydayphuket.com\/wp-content\/uploads\/2018\/09\/Koh-Rok-Islands.jpg&#8220; image_icon_width_last_edited=&#8220;on|phone&#8220; content_max_width_tablet=&#8220;&#8220; content_max_width_phone=&#8220;&#8220; content_max_width_last_edited=&#8220;on|desktop&#8220; _builder_version=&#8220;4.13.0&#8243; header_text_align=&#8220;center&#8220; body_text_align=&#8220;center&#8220; background_color=&#8220;rgba(226,226,226,0.62)&#8220; custom_margin=&#8220;|||&#8220; custom_padding=&#8220;0px||4px|&#8220; header_text_shadow_style=&#8220;preset2&#8243; box_shadow_style=&#8220;preset2&#8243; image_max_width_tablet=&#8220;&#8220; image_max_width_phone=&#8220;&#8220; image_max_width_last_edited=&#8220;on|phone&#8220; saved_tabs=&#8220;all&#8220; global_colors_info=&#8220;{}&#8220;]<\/p>\n<p>Phuket Inselhopping mit Easy Day Thailand.\u00a0Besuchen Sie die sch\u00f6nsten Orte und Inseln rund um die Insel Phuket mit private Touren oder Insel Ausfl\u00fcgen mit Easy Day Thailand, Ihrem Reise Partner vor Ort.<\/p>\n<p><strong><a title=\"More about Phuket Island Hopping Tours\" href=\"https:\/\/www.easydayphuket.com\/de\/phuket-inselhuepfen\/\">Mehr Infos&#8230;<\/a><\/strong><\/p>\n<p>[\/et_pb_blurb][\/et_pb_column][et_pb_column type=&#8220;1_3&#8243; _builder_version=&#8220;3.25&#8243; custom_padding=&#8220;|||&#8220; global_colors_info=&#8220;{}&#8220; custom_padding__hover=&#8220;|||&#8220;][et_pb_blurb title=&#8220;Full Moon Party&#8220; url=&#8220;https:\/\/www.easydayphuket.com\/de\/phuket-transfers\/&#8220; image=&#8220;https:\/\/www.easydayphuket.com\/wp-content\/uploads\/2018\/08\/Lomprayah-High-Speed-Ferry.jpg&#8220; image_icon_width_last_edited=&#8220;on|phone&#8220; content_max_width_tablet=&#8220;&#8220; content_max_width_phone=&#8220;&#8220; content_max_width_last_edited=&#8220;on|desktop&#8220; _builder_version=&#8220;4.13.0&#8243; header_text_align=&#8220;center&#8220; body_text_align=&#8220;center&#8220; background_color=&#8220;rgba(226,226,226,0.62)&#8220; custom_margin=&#8220;|||&#8220; custom_padding=&#8220;0px||4px|&#8220; header_text_shadow_style=&#8220;preset2&#8243; box_shadow_style=&#8220;preset2&#8243; image_max_width_tablet=&#8220;&#8220; image_max_width_phone=&#8220;&#8220; image_max_width_last_edited=&#8220;on|phone&#8220; saved_tabs=&#8220;all&#8220; global_colors_info=&#8220;{}&#8220;]<\/p>\n<p>Wie komme ich von Phuket nach Koh Phangan? \u2013\u00a0T\u00e4gliche Transfers mit Bus und Hi-Speed-F\u00e4hre, oder mit Fl\u00fcgen vom Flughafen Phuket zum Koh Samui Airport und anschlie\u00dfend mit der F\u00e4hre nach Koh Phangan.<\/p>\n<p><strong><a title=\"More about Transfers to Koh Phangan\" href=\"https:\/\/www.easydayphuket.com\/de\/phuket-transfers\/reisen-von-phuket-nach-koh-phangan\/\">Mehr Infos&#8230;<\/a><\/strong><\/p>\n<p>[\/et_pb_blurb][\/et_pb_column][\/et_pb_row][\/et_pb_section][et_pb_section fb_built=&#8220;1&#8243; _builder_version=&#8220;3.22&#8243; custom_padding=&#8220;0|0px|37.5938px|0px|false|false&#8220; global_colors_info=&#8220;{}&#8220;][et_pb_row _builder_version=&#8220;3.25&#8243; global_colors_info=&#8220;{}&#8220;][et_pb_column type=&#8220;4_4&#8243; _builder_version=&#8220;3.25&#8243; custom_padding=&#8220;|||&#8220; global_colors_info=&#8220;{}&#8220; custom_padding__hover=&#8220;|||&#8220;][et_pb_text _builder_version=&#8220;3.27.4&#8243; global_colors_info=&#8220;{}&#8220;]<\/p>\n<h2>Artikel \u00fcber die Insel Phuket!<\/h2>\n<p>[\/et_pb_text][et_pb_post_slider posts_number=&#8220;5&#8243; include_categories=&#8220;173,133,147&#8243; show_meta=&#8220;off&#8220; use_text_overlay=&#8220;off&#8220; _builder_version=&#8220;3.16&#8243; global_colors_info=&#8220;{}&#8220; button_text_size__hover_enabled=&#8220;off&#8220; button_one_text_size__hover_enabled=&#8220;off&#8220; button_two_text_size__hover_enabled=&#8220;off&#8220; button_text_color__hover_enabled=&#8220;off&#8220; button_one_text_color__hover_enabled=&#8220;off&#8220; button_two_text_color__hover_enabled=&#8220;off&#8220; button_border_width__hover_enabled=&#8220;off&#8220; button_one_border_width__hover_enabled=&#8220;off&#8220; button_two_border_width__hover_enabled=&#8220;off&#8220; button_border_color__hover_enabled=&#8220;off&#8220; button_one_border_color__hover_enabled=&#8220;off&#8220; button_two_border_color__hover_enabled=&#8220;off&#8220; button_border_radius__hover_enabled=&#8220;off&#8220; button_one_border_radius__hover_enabled=&#8220;off&#8220; button_two_border_radius__hover_enabled=&#8220;off&#8220; button_letter_spacing__hover_enabled=&#8220;off&#8220; button_one_letter_spacing__hover_enabled=&#8220;off&#8220; button_two_letter_spacing__hover_enabled=&#8220;off&#8220; button_bg_color__hover_enabled=&#8220;off&#8220; button_one_bg_color__hover_enabled=&#8220;off&#8220; button_two_bg_color__hover_enabled=&#8220;off&#8220;]&nbsp;<br \/>\n[\/et_pb_post_slider][\/et_pb_column][\/et_pb_row][\/et_pb_section][et_pb_section fb_built=&#8220;1&#8243; module_id=&#8220;form&#8220; _builder_version=&#8220;3.22&#8243; custom_padding=&#8220;0|0px|37.5938px|0px|false|false&#8220; global_colors_info=&#8220;{}&#8220;][et_pb_row _builder_version=&#8220;3.25&#8243; global_colors_info=&#8220;{}&#8220;][et_pb_column type=&#8220;4_4&#8243; _builder_version=&#8220;3.25&#8243; custom_padding=&#8220;|||&#8220; global_colors_info=&#8220;{}&#8220; custom_padding__hover=&#8220;|||&#8220;][et_pb_cta title=&#8220;Melden Sie sich!&#8220; button_url=&#8220;https:\/\/www.easydayphuket.com\/de\/kontakt\/&#8220; url_new_window=&#8220;on&#8220; button_text=&#8220;Kontakt&#8220; _builder_version=&#8220;3.16&#8243; background_color=&#8220;rgba(249,104,0,0.99)&#8220; border_width_all=&#8220;1px&#8220; box_shadow_style=&#8220;preset2&#8243; global_colors_info=&#8220;{}&#8220; button_text_size__hover_enabled=&#8220;off&#8220; button_one_text_size__hover_enabled=&#8220;off&#8220; button_two_text_size__hover_enabled=&#8220;off&#8220; button_text_color__hover_enabled=&#8220;off&#8220; button_one_text_color__hover_enabled=&#8220;off&#8220; button_two_text_color__hover_enabled=&#8220;off&#8220; button_border_width__hover_enabled=&#8220;off&#8220; button_one_border_width__hover_enabled=&#8220;off&#8220; button_two_border_width__hover_enabled=&#8220;off&#8220; button_border_color__hover_enabled=&#8220;off&#8220; button_one_border_color__hover_enabled=&#8220;off&#8220; button_two_border_color__hover_enabled=&#8220;off&#8220; button_border_radius__hover_enabled=&#8220;off&#8220; button_one_border_radius__hover_enabled=&#8220;off&#8220; button_two_border_radius__hover_enabled=&#8220;off&#8220; button_letter_spacing__hover_enabled=&#8220;off&#8220; button_one_letter_spacing__hover_enabled=&#8220;off&#8220; button_two_letter_spacing__hover_enabled=&#8220;off&#8220; button_bg_color__hover_enabled=&#8220;off&#8220; button_one_bg_color__hover_enabled=&#8220;off&#8220; button_two_bg_color__hover_enabled=&#8220;off&#8220;]<\/p>\n<p>Wenn Sie Fragen zu unseren Angeboten haben oder zus\u00e4tzliche Ausk\u00fcnfte ben\u00f6tigen, dann schreiben Sie uns und wir werden uns umgehend darum k\u00fcmmern!<\/p>\n<p>[\/et_pb_cta][\/et_pb_column][\/et_pb_row][\/et_pb_section]<\/p>\n","protected":false},"excerpt":{"rendered":"<p>Easy Day Phuket Ausfl\u00fcge sind ideal f\u00fcr Familien, Freunde, Paare und Singles. Genie\u00dfen unsere privaten Ausfl\u00fcgen oder die Touren mit anderen G\u00e4sten zusammen. Schreiben Sie uns was Sie interessiert und wir werden es f\u00fcr Sie in die Wege leiten und Ihnen einen wundersch\u00f6nen Tag garantieren \u00a0Schreiben Sie Uns:\u00a0Andreas@easydaythailand.com\u00a0oder\u00a0Rufen Sie an\u00a0+66 841864882 Wir sind stets bem\u00fcht [&hellip;]<\/p>\n","protected":false},"author":4,"featured_media":28565,"parent":0,"menu_order":0,"comment_status":"closed","ping_status":"closed","template":"","meta":{"_acf_changed":false,"_et_pb_use_builder":"on","_et_pb_old_content":"","_et_gb_content_width":"","footnotes":""},"class_list":["post-28611","page","type-page","status-publish","has-post-thumbnail","hentry"],"acf":[],"yoast_head":"<!-- This site is optimized with the Yoast SEO plugin v25.1 - https:\/\/yoast.com\/wordpress\/plugins\/seo\/ -->\n<title>Phuket Ausfl\u00fcge &amp; Pakete von Easy Day Thailand - Easy Day Phuket<\/title>\n<meta name=\"description\" content=\"Phuket Ausfl\u00fcge &amp; Pakete von Easy Day Thailand sind sehr vielseitig und richten sich ausschlie\u00dflich nach den W\u00fcnschen unserer G\u00e4ste.\" \/>\n<meta name=\"robots\" content=\"index, follow, max-snippet:-1, max-image-preview:large, max-video-preview:-1\" \/>\n<link rel=\"canonical\" href=\"https:\/\/www.easydayphuket.com\/de\/\" \/>\n<meta property=\"og:locale\" content=\"de_DE\" \/>\n<meta property=\"og:type\" content=\"article\" \/>\n<meta property=\"og:title\" content=\"Phuket Ausfl\u00fcge &amp; Pakete von Easy Day Thailand - Easy Day Phuket\" \/>\n<meta property=\"og:description\" content=\"Phuket Ausfl\u00fcge &amp; Pakete von Easy Day Thailand sind sehr vielseitig und richten sich ausschlie\u00dflich nach den W\u00fcnschen unserer G\u00e4ste.\" \/>\n<meta property=\"og:url\" content=\"https:\/\/www.easydayphuket.com\/de\/\" \/>\n<meta property=\"og:site_name\" content=\"Easy Day Phuket\" \/>\n<meta property=\"article:publisher\" content=\"https:\/\/www.facebook.com\/Easydayinthailand\/\" \/>\n<meta property=\"article:modified_time\" content=\"2022-03-08T21:29:29+00:00\" \/>\n<meta property=\"og:image\" content=\"https:\/\/www.easydayphuket.com\/wp-content\/uploads\/2018\/08\/James-Bond-Island.jpg\" \/>\n\t<meta property=\"og:image:width\" content=\"550\" \/>\n\t<meta property=\"og:image:height\" content=\"310\" \/>\n\t<meta property=\"og:image:type\" content=\"image\/jpeg\" \/>\n<meta name=\"twitter:label1\" content=\"Gesch\u00e4tzte Lesezeit\" \/>\n\t<meta name=\"twitter:data1\" content=\"8\u00a0Minuten\" \/>\n<script type=\"application\/ld+json\" class=\"yoast-schema-graph\">{\"@context\":\"https:\/\/schema.org\",\"@graph\":[{\"@type\":\"WebPage\",\"@id\":\"https:\/\/www.easydayphuket.com\/de\/\",\"url\":\"https:\/\/www.easydayphuket.com\/de\/\",\"name\":\"Phuket Ausfl\u00fcge & Pakete von Easy Day Thailand - Easy Day Phuket\",\"isPartOf\":{\"@id\":\"https:\/\/www.easydayphuket.com\/#website\"},\"primaryImageOfPage\":{\"@id\":\"https:\/\/www.easydayphuket.com\/de\/#primaryimage\"},\"image\":{\"@id\":\"https:\/\/www.easydayphuket.com\/de\/#primaryimage\"},\"thumbnailUrl\":\"https:\/\/www.easydayphuket.com\/wp-content\/uploads\/2018\/08\/James-Bond-Island.jpg\",\"datePublished\":\"2018-08-31T01:55:29+00:00\",\"dateModified\":\"2022-03-08T21:29:29+00:00\",\"description\":\"Phuket Ausfl\u00fcge & Pakete von Easy Day Thailand sind sehr vielseitig und richten sich ausschlie\u00dflich nach den W\u00fcnschen unserer G\u00e4ste.\",\"breadcrumb\":{\"@id\":\"https:\/\/www.easydayphuket.com\/de\/#breadcrumb\"},\"inLanguage\":\"de\",\"potentialAction\":[{\"@type\":\"ReadAction\",\"target\":[\"https:\/\/www.easydayphuket.com\/de\/\"]}]},{\"@type\":\"ImageObject\",\"inLanguage\":\"de\",\"@id\":\"https:\/\/www.easydayphuket.com\/de\/#primaryimage\",\"url\":\"https:\/\/www.easydayphuket.com\/wp-content\/uploads\/2018\/08\/James-Bond-Island.jpg\",\"contentUrl\":\"https:\/\/www.easydayphuket.com\/wp-content\/uploads\/2018\/08\/James-Bond-Island.jpg\",\"width\":550,\"height\":310,\"caption\":\"James Bond Felsen\"},{\"@type\":\"BreadcrumbList\",\"@id\":\"https:\/\/www.easydayphuket.com\/de\/#breadcrumb\",\"itemListElement\":[{\"@type\":\"ListItem\",\"position\":1,\"name\":\"Home\",\"item\":\"https:\/\/www.easydayphuket.com\/de\/\"},{\"@type\":\"ListItem\",\"position\":2,\"name\":\"Phuket Ausfl\u00fcge &#038; Pakete von Easy Day Thailand\"}]},{\"@type\":\"WebSite\",\"@id\":\"https:\/\/www.easydayphuket.com\/#website\",\"url\":\"https:\/\/www.easydayphuket.com\/\",\"name\":\"Easy Day Phuket\",\"description\":\"Ihr Phuket Tour & Reise Partner\",\"publisher\":{\"@id\":\"https:\/\/www.easydayphuket.com\/#organization\"},\"potentialAction\":[{\"@type\":\"SearchAction\",\"target\":{\"@type\":\"EntryPoint\",\"urlTemplate\":\"https:\/\/www.easydayphuket.com\/?s={search_term_string}\"},\"query-input\":{\"@type\":\"PropertyValueSpecification\",\"valueRequired\":true,\"valueName\":\"search_term_string\"}}],\"inLanguage\":\"de\"},{\"@type\":\"Organization\",\"@id\":\"https:\/\/www.easydayphuket.com\/#organization\",\"name\":\"Easy Day Thailand\",\"url\":\"https:\/\/www.easydayphuket.com\/\",\"logo\":{\"@type\":\"ImageObject\",\"inLanguage\":\"de\",\"@id\":\"https:\/\/www.easydayphuket.com\/#\/schema\/logo\/image\/\",\"url\":\"https:\/\/www.easydayphuket.com\/wp-content\/uploads\/2013\/07\/Sun-Thaiflag_booking12.gif\",\"contentUrl\":\"https:\/\/www.easydayphuket.com\/wp-content\/uploads\/2013\/07\/Sun-Thaiflag_booking12.gif\",\"width\":100,\"height\":94,\"caption\":\"Easy Day Thailand\"},\"image\":{\"@id\":\"https:\/\/www.easydayphuket.com\/#\/schema\/logo\/image\/\"},\"sameAs\":[\"https:\/\/www.facebook.com\/Easydayinthailand\/\",\"https:\/\/www.instagram.com\/easydaythailand\/\"]}]}<\/script>\n<!-- \/ Yoast SEO plugin. -->","yoast_head_json":{"title":"Phuket Ausfl\u00fcge & Pakete von Easy Day Thailand - Easy Day Phuket","description":"Phuket Ausfl\u00fcge & Pakete von Easy Day Thailand sind sehr vielseitig und richten sich ausschlie\u00dflich nach den W\u00fcnschen unserer G\u00e4ste.","robots":{"index":"index","follow":"follow","max-snippet":"max-snippet:-1","max-image-preview":"max-image-preview:large","max-video-preview":"max-video-preview:-1"},"canonical":"https:\/\/www.easydayphuket.com\/de\/","og_locale":"de_DE","og_type":"article","og_title":"Phuket Ausfl\u00fcge & Pakete von Easy Day Thailand - Easy Day Phuket","og_description":"Phuket Ausfl\u00fcge & Pakete von Easy Day Thailand sind sehr vielseitig und richten sich ausschlie\u00dflich nach den W\u00fcnschen unserer G\u00e4ste.","og_url":"https:\/\/www.easydayphuket.com\/de\/","og_site_name":"Easy Day Phuket","article_publisher":"https:\/\/www.facebook.com\/Easydayinthailand\/","article_modified_time":"2022-03-08T21:29:29+00:00","og_image":[{"width":550,"height":310,"url":"https:\/\/www.easydayphuket.com\/wp-content\/uploads\/2018\/08\/James-Bond-Island.jpg","type":"image\/jpeg"}],"twitter_misc":{"Gesch\u00e4tzte Lesezeit":"8\u00a0Minuten"},"schema":{"@context":"https:\/\/schema.org","@graph":[{"@type":"WebPage","@id":"https:\/\/www.easydayphuket.com\/de\/","url":"https:\/\/www.easydayphuket.com\/de\/","name":"Phuket Ausfl\u00fcge & Pakete von Easy Day Thailand - Easy Day Phuket","isPartOf":{"@id":"https:\/\/www.easydayphuket.com\/#website"},"primaryImageOfPage":{"@id":"https:\/\/www.easydayphuket.com\/de\/#primaryimage"},"image":{"@id":"https:\/\/www.easydayphuket.com\/de\/#primaryimage"},"thumbnailUrl":"https:\/\/www.easydayphuket.com\/wp-content\/uploads\/2018\/08\/James-Bond-Island.jpg","datePublished":"2018-08-31T01:55:29+00:00","dateModified":"2022-03-08T21:29:29+00:00","description":"Phuket Ausfl\u00fcge & Pakete von Easy Day Thailand sind sehr vielseitig und richten sich ausschlie\u00dflich nach den W\u00fcnschen unserer G\u00e4ste.","breadcrumb":{"@id":"https:\/\/www.easydayphuket.com\/de\/#breadcrumb"},"inLanguage":"de","potentialAction":[{"@type":"ReadAction","target":["https:\/\/www.easydayphuket.com\/de\/"]}]},{"@type":"ImageObject","inLanguage":"de","@id":"https:\/\/www.easydayphuket.com\/de\/#primaryimage","url":"https:\/\/www.easydayphuket.com\/wp-content\/uploads\/2018\/08\/James-Bond-Island.jpg","contentUrl":"https:\/\/www.easydayphuket.com\/wp-content\/uploads\/2018\/08\/James-Bond-Island.jpg","width":550,"height":310,"caption":"James Bond Felsen"},{"@type":"BreadcrumbList","@id":"https:\/\/www.easydayphuket.com\/de\/#breadcrumb","itemListElement":[{"@type":"ListItem","position":1,"name":"Home","item":"https:\/\/www.easydayphuket.com\/de\/"},{"@type":"ListItem","position":2,"name":"Phuket Ausfl\u00fcge &#038; Pakete von Easy Day Thailand"}]},{"@type":"WebSite","@id":"https:\/\/www.easydayphuket.com\/#website","url":"https:\/\/www.easydayphuket.com\/","name":"Easy Day Phuket","description":"Ihr Phuket Tour & Reise Partner","publisher":{"@id":"https:\/\/www.easydayphuket.com\/#organization"},"potentialAction":[{"@type":"SearchAction","target":{"@type":"EntryPoint","urlTemplate":"https:\/\/www.easydayphuket.com\/?s={search_term_string}"},"query-input":{"@type":"PropertyValueSpecification","valueRequired":true,"valueName":"search_term_string"}}],"inLanguage":"de"},{"@type":"Organization","@id":"https:\/\/www.easydayphuket.com\/#organization","name":"Easy Day Thailand","url":"https:\/\/www.easydayphuket.com\/","logo":{"@type":"ImageObject","inLanguage":"de","@id":"https:\/\/www.easydayphuket.com\/#\/schema\/logo\/image\/","url":"https:\/\/www.easydayphuket.com\/wp-content\/uploads\/2013\/07\/Sun-Thaiflag_booking12.gif","contentUrl":"https:\/\/www.easydayphuket.com\/wp-content\/uploads\/2013\/07\/Sun-Thaiflag_booking12.gif","width":100,"height":94,"caption":"Easy Day Thailand"},"image":{"@id":"https:\/\/www.easydayphuket.com\/#\/schema\/logo\/image\/"},"sameAs":["https:\/\/www.facebook.com\/Easydayinthailand\/","https:\/\/www.instagram.com\/easydaythailand\/"]}]}},"_links":{"self":[{"href":"https:\/\/www.easydayphuket.com\/de\/wp-json\/wp\/v2\/pages\/28611","targetHints":{"allow":["GET"]}}],"collection":[{"href":"https:\/\/www.easydayphuket.com\/de\/wp-json\/wp\/v2\/pages"}],"about":[{"href":"https:\/\/www.easydayphuket.com\/de\/wp-json\/wp\/v2\/types\/page"}],"author":[{"embeddable":true,"href":"https:\/\/www.easydayphuket.com\/de\/wp-json\/wp\/v2\/users\/4"}],"replies":[{"embeddable":true,"href":"https:\/\/www.easydayphuket.com\/de\/wp-json\/wp\/v2\/comments?post=28611"}],"version-history":[{"count":0,"href":"https:\/\/www.easydayphuket.com\/de\/wp-json\/wp\/v2\/pages\/28611\/revisions"}],"wp:featuredmedia":[{"embeddable":true,"href":"https:\/\/www.easydayphuket.com\/de\/wp-json\/wp\/v2\/media\/28565"}],"wp:attachment":[{"href":"https:\/\/www.easydayphuket.com\/de\/wp-json\/wp\/v2\/media?parent=28611"}],"curies":[{"name":"wp","href":"https:\/\/api.w.org\/{rel}","templated":true}]}}