{"id":27915,"date":"2018-07-04T08:47:25","date_gmt":"2018-07-04T01:47:25","guid":{"rendered":"https:\/\/www.easydayphuket.com\/private-phuket-tagesausfluge\/"},"modified":"2024-05-25T01:58:17","modified_gmt":"2024-05-24T18:58:17","slug":"private-phuket-tagesausfluge","status":"publish","type":"page","link":"https:\/\/www.easydayphuket.com\/de\/private-phuket-tagesausfluge\/","title":{"rendered":"Private Phuket Tagesausfl\u00fcge"},"content":{"rendered":"\n<p>Private Phuket Tagesausfl\u00fcge werden organisiert und durchgef\u00fchrt von Ihrem Reisepartner&nbsp;<a href=\"https:\/\/www.easydayphuket.com\/de\/easy-day-thailand-ausfluege\/\" target=\"_blank\" rel=\"noopener noreferrer\">Easy Day Thailand Tours<\/a>. Phuket Inselrundfahrten, private Ausfl\u00fcge in die&nbsp;<a href=\"https:\/\/www.easydayphuket.com\/phang-nga-bay-james-bond-island\/\" target=\"_blank\" rel=\"noopener noreferrer\">Phang Nga Bay<\/a> mit Besuch der bekannten James Bond Island &amp; <a href=\"https:\/\/www.easydayphuket.com\/de\/phang-nga-bay-koh-panyee\/\" target=\"_blank\" rel=\"noopener noreferrer\">Koh Panyee, <\/a>bieten wir t\u00e4glich und das ganze Jahr \u00fcber an. Auch private Ausfl\u00fcge zu den umliegenden Inseln wie <strong>Phi Phi Island<\/strong> zur bekannten <strong>Maya Bay<\/strong> oder Racha Island haben wir immer im Angebot.<\/p>\n\n\n\n<h2 class=\"wp-block-heading\">Private Phuket Tagestouren im \u00dcberblick !<\/h2>\n\n\n\n<figure class=\"wp-block-image alignleft\"><a href=\"https:\/\/www.easydayphuket.com\/de\/phuket-ausfluege\/phang-nga-bucht-ausflug\/private-phang-nga-bay-tour\/\"><img loading=\"lazy\" decoding=\"async\" width=\"150\" height=\"150\" src=\"https:\/\/www.easydayphuket.com\/wp-content\/uploads\/2014\/08\/Phang-Nga-Bay-Tour-e1409295999203-150x150.jpg\" alt=\"Phang Nga Bay &amp; James Bond with Private Phuket Day Tours\" class=\"wp-image-5779\" title=\"Phang Nga Bay &amp; James Bond Island\"\/><\/a><\/figure>\n\n\n\n<h3 class=\"wp-block-heading\"><a href=\"https:\/\/www.easydayphuket.com\/de\/phuket-ausfluege\/phang-nga-bucht-ausflug\/private-phang-nga-bay-tour\/\" target=\"_blank\" rel=\"noopener noreferrer\">Private Phang Nga Bay Rundfahrt<\/a><\/h3>\n\n\n\n<p>Easy Day&#8217;s private Rundfahrt durch die Phang Nga Bay, f\u00fchrt Sie entlang der Mangroven an fantastischen Inseln vorbei. Natur pur verbunden mit dem Besuch von James Bond Island.<\/p>\n\n\n\n<p><strong>Preise in Thai Baht pro Gruppe: 1-2 Erwachsene 10,400 | Extra Person&nbsp;2,400&nbsp;<\/strong>Kinder unter 5 Jahren kostenlos. Kinder 5- 11 Jahren Thai Baht &nbsp;1,200&nbsp;pro Kind.<\/p>\n\n\n\n<p class=\"has-text-align-right\"><a href=\"https:\/\/www.easydayphuket.com\/de\/phuket-ausfluege\/phang-nga-bucht-ausflug\/private-phang-nga-bay-tour\/\" target=\"_blank\" rel=\"noopener noreferrer\">Mehr Infos<\/a>&nbsp;| <a href=\"#form\" target=\"_blank\" rel=\"noopener noreferrer\">Kontakt<\/a><\/p>\n\n\n\n<p class=\"has-text-align-left\"><div class=\"divider\"><\/div><\/p>\n\n\n\n<figure class=\"wp-block-image alignleft\"><a href=\"https:\/\/www.easydayphuket.com\/de\/phuket-ausfluege\/private-phuket-inselrundfahrt\/\"><img loading=\"lazy\" decoding=\"async\" width=\"150\" height=\"150\" src=\"https:\/\/www.easydayphuket.com\/wp-content\/uploads\/2013\/07\/kata-noi-view-point-phuket-150x150.jpg\" alt=\"Visit Kata Noi View Point with Private Phuket Day Tours\" class=\"wp-image-5360\" title=\"Visit Kata Noi View Point\"\/><\/a><\/figure>\n\n\n\n<h3 class=\"wp-block-heading\"><a href=\"https:\/\/www.easydayphuket.com\/de\/phuket-ausfluege\/private-phuket-inselrundfahrt\/\" target=\"_blank\" rel=\"noopener noreferrer\">Private Phuket Inselrundfahrten<\/a><\/h3>\n\n\n\n<p class=\"has-text-align-left\">Easy Day Thailand&#8217;s private Phuket Inselrundfahrten sind wohl die beste M\u00f6glichkeit alle Sehensw\u00fcrdigkeiten in einem Ausflug zu besuchen!<\/p>\n\n\n\n<p class=\"has-text-align-left\"><strong>Preise in Thai Baht pro Gruppe: 1-2 Erwachsene 4,600 | Extra Person 900<\/strong><\/p>\n\n\n\n<p class=\"has-text-align-right\"><a href=\"https:\/\/www.easydayphuket.com\/de\/phuket-ausfluege\/private-phuket-inselrundfahrt\/\" target=\"_blank\" rel=\"noopener noreferrer\">Mehr Infos<\/a> | <a href=\"#form\" target=\"_blank\" rel=\"noopener noreferrer\">Kontakt<\/a><\/p>\n\n\n\n<p class=\"has-text-align-left\"><div class=\"divider\"><\/div><\/p>\n\n\n\n<figure class=\"wp-block-image alignleft\"><a href=\"https:\/\/www.easydayphuket.com\/de\/phuket-inselhuepfen\/\"><img loading=\"lazy\" decoding=\"async\" width=\"150\" height=\"150\" src=\"https:\/\/www.easydayphuket.com\/wp-content\/uploads\/2013\/07\/Similan-Islands-Paradise-150x150.jpg\" alt=\"Visit Similan Islands Paradise with Private Phuket Day Tours\" class=\"wp-image-11947\" title=\"Similan Islands Paradise\"\/><\/a><\/figure>\n\n\n\n<h3 class=\"wp-block-heading\"><a href=\"https:\/\/www.easydayphuket.com\/de\/phuket-inselhuepfen\/\" target=\"_blank\" rel=\"noopener noreferrer\">Privates Phuket Inselspringen<\/a><\/h3>\n\n\n\n<p class=\"has-text-align-left\"><a href=\"https:\/\/www.easydayphuket.com\/de\/phuket-inselhuepfen\/\" target=\"_blank\" rel=\"noopener noreferrer\">Easy Day&#8217;s Private Inselspringen<\/a>. Sein Sie die ersten des Tages in Phi Phi Island&#8217;s Maya Bay, oder genie\u00dfen ein romantisches Mittagessen an einem ausgew\u00e4hltem Strand. Besuchen Sie auf einem privatem Ausflug die sch\u00f6nsten Str\u00e4nde rund um Phuket.<\/p>\n\n\n\n<p class=\"has-text-align-right\"><a href=\"https:\/\/www.easydayphuket.com\/de\/phuket-inselhuepfen\/\" target=\"_blank\" rel=\"noopener noreferrer\">Mehr Infos<\/a> | <a href=\"#form\" target=\"_blank\" rel=\"noopener noreferrer\">Kontakt<\/a><\/p>\n\n\n\n<p class=\"has-text-align-right\"><div class=\"divider\"><\/div><\/p>\n\n\n\n<figure class=\"wp-block-image alignleft\"><a href=\"https:\/\/www.easydayphuket.com\/de\/phuket-ausfluege\/phi-phi-island-touren\/privater-phi-phi-island-ausflug-mit-ubernachtung\/\"><img loading=\"lazy\" decoding=\"async\" width=\"150\" height=\"150\" src=\"https:\/\/www.easydayphuket.com\/wp-content\/uploads\/2017\/01\/Phi-Phi-Island-views-150x150.jpg\" alt=\"Phi Phi Island Overnight Tour\" class=\"wp-image-16243\"\/><\/a><figcaption class=\"wp-element-caption\">Phi Phi Island<\/figcaption><\/figure>\n\n\n\n<h3 class=\"wp-block-heading\"><a href=\"https:\/\/www.easydayphuket.com\/de\/phuket-ausfluege\/phi-phi-island-touren\/privater-phi-phi-island-ausflug-mit-ubernachtung\/\">Private Phi Phi Tour mit \u00dcbernachtung<\/a><\/h3>\n\n\n\n<p class=\"has-text-align-left\">Auf einem privatem Phi Phi Island Ausflug mit \u00dcbernachtung hat man genug Zeit um sich die zahlreichen Sehensw\u00fcrdigkeiten und Str\u00e4nde der Inselgruppe anzuschauen. Ins Paradies zu zum schnorcheln, schwimmen und entspannen an den sch\u00f6nsten Str\u00e4nden.<\/p>\n\n\n\n<p class=\"has-text-align-right\"><a href=\"https:\/\/www.easydayphuket.com\/de\/phuket-ausfluege\/phi-phi-island-touren\/privater-phi-phi-island-ausflug-mit-ubernachtung\/\" target=\"_blank\" rel=\"noopener noreferrer\">Mehr Infos<\/a> | <a href=\"#form\" target=\"_blank\" rel=\"noopener noreferrer\">Kontakt<\/a><\/p>\n\n\n\n<p class=\"has-text-align-left\"><div class=\"divider\"><\/div><\/p>\n\n\n\n<figure class=\"wp-block-image alignleft\"><a href=\"https:\/\/www.easydayphuket.com\/de\/private-phuket-tagesausfluge\/ausflug-koh-yao-noi\/\"><img loading=\"lazy\" decoding=\"async\" width=\"150\" height=\"150\" src=\"https:\/\/www.easydayphuket.com\/wp-content\/uploads\/2018\/06\/Local-Longtail-Harbour-at-Koh-Yao-Noi-150x150.jpg\" alt=\"Local Longtail Harbour at Koh Yao Noi\" class=\"wp-image-27691\"\/><\/a><figcaption class=\"wp-element-caption\">Koh Yao Noi<\/figcaption><\/figure>\n\n\n\n<h3 class=\"wp-block-heading\"><a href=\"https:\/\/www.easydayphuket.com\/de\/private-phuket-tagesausfluge\/ausflug-koh-yao-noi\/\">Private Koh Yao Noi Tour<\/a><\/h3>\n\n\n\n<p>Besuchen Sie Koh Yao Noi mit Easy Day Thailand\u2019s privatem Ausflug von der Insel Phuket.&nbsp;Entdecken Sie diese kleine Schatzinsel direkt neben Phuket mitten in der Phang Nga Bay.<\/p>\n\n\n\n<p><strong>Preise in Thai Baht pro Gruppe: 1-2 Erwachsene  <\/strong>| Extra Person <\/p>\n\n\n\n<p class=\"has-text-align-right\"><a href=\"https:\/\/www.easydayphuket.com\/de\/private-phuket-tagesausfluge\/ausflug-koh-yao-noi\/\" target=\"_blank\" rel=\"noopener noreferrer\">Mehr Infos<\/a> | <a href=\"#form\" target=\"_blank\" rel=\"noopener noreferrer\">Kontakt<\/a><\/p>\n\n\n<div class=\"divider\"><\/div>\n\n\n\n<figure class=\"wp-block-image alignleft\"><a href=\"https:\/\/www.easydayphuket.com\/de\/phuket-boot-charter\/\"><img decoding=\"async\" src=\"https:\/\/www.easydayphuket.com\/wp-content\/uploads\/2015\/06\/MY-Victory-cruising-150x150.jpg\" alt=\"MY Victory cruising around Phuket Island\" class=\"wp-image-10934\"\/><\/a><\/figure>\n\n\n\n<h3 class=\"wp-block-heading\"><a href=\"https:\/\/www.easydayphuket.com\/de\/phuket-boot-charter\/\" target=\"_blank\" rel=\"noopener noreferrer\">Private Phuket Yacht Charter<\/a><\/h3>\n\n\n\n<p>Wenn Sie Sch\u00f6nheit der Andaman K\u00fcste im exklusiven Stil erkunden m\u00f6chten, dann haben wir f\u00fcr Sie eine Auswahl unterschiedlicher Yachten die f\u00fcr Vorhaben bestens geeignet sind. Gehen Sie auf eine private Tagestour oder auf eine Tour mit \u00dcbernachtung auf dem Schiff.<\/p>\n\n\n\n<p class=\"has-text-align-right\"><a href=\"https:\/\/www.easydayphuket.com\/de\/phuket-boot-charter\/\" target=\"_blank\" rel=\"noopener noreferrer\">Mehr Infos<\/a> | <a href=\"#form\" target=\"_blank\" rel=\"noopener noreferrer\">Kontakt<\/a><\/p>\n\n\n\n<p class=\"has-text-align-left\"><div class=\"divider\"><\/div><\/p>\n\n\n\n<h2 class=\"wp-block-heading\" id=\"form\">Der Kontakt f\u00fcr Ihre private Phuket Tagestour<\/h2>\n\n\n\n<p>Melden Sie sich bei uns jetzt f\u00fcr Ihren privaten Phuket Tagesausflug. Schreiben Sie uns was Sie sich vorstellen und machen w\u00fcrden. Wir werden Ihnen dann ein paar Vorschl\u00e4ge zukommen lassen wo wir Ihre W\u00fcnsche und Bed\u00fcrfnisse im eingef\u00fcgt haben. Wenn Sie Fragen haben oder weitere Informationen ben\u00f6tigen, dann lassen Sie uns das bitte wissen!\u00a0<a href=\"https:\/\/www.easydaythailand.com\/about-us\/\" target=\"_blank\" rel=\"noopener noreferrer\">Easy Day Thailand<\/a> steht Ihnen immer gerne mit Rat und Tat zur Verf\u00fcgung.<\/p>\n\n\n\n<script charset=\"utf-8\" type=\"text\/javascript\" src=\"\/\/js.hsforms.net\/forms\/embed\/v2.js\"><\/script>\n<script>\n  hbspt.forms.create({\n    region: \"na1\",\n    portalId: \"3413662\",\n    formId: \"59765d47-ffdf-4452-a315-11081d03c004\"\n  });\n<\/script>\n","protected":false},"excerpt":{"rendered":"<p>Private Phuket Tagesausfl\u00fcge werden organisiert und durchgef\u00fchrt von Ihrem Reisepartner&nbsp;Easy Day Thailand Tours. Phuket Inselrundfahrten, private Ausfl\u00fcge in die&nbsp;Phang Nga Bay mit Besuch der bekannten James Bond Island &amp; Koh Panyee, bieten wir t\u00e4glich und das ganze Jahr \u00fcber an. Auch private Ausfl\u00fcge zu den umliegenden Inseln wie Phi Phi Island zur bekannten Maya Bay [&hellip;]<\/p>\n","protected":false},"author":4,"featured_media":11949,"parent":0,"menu_order":0,"comment_status":"closed","ping_status":"open","template":"","meta":{"_acf_changed":false,"_et_pb_use_builder":"","_et_pb_old_content":"","_et_gb_content_width":"","footnotes":""},"class_list":["post-27915","page","type-page","status-publish","has-post-thumbnail","hentry"],"acf":[],"yoast_head":"<!-- This site is optimized with the Yoast SEO plugin v25.1 - https:\/\/yoast.com\/wordpress\/plugins\/seo\/ -->\n<title>Private Phuket Tagesausfl\u00fcge von Easy Day Phuket.<\/title>\n<meta name=\"description\" content=\"Private Phuket Tagesausfl\u00fcge mit Easy Day Thailand. Inselrundfahrten, Inselh\u00fcpfen, Bootscharter. Melden Sie sich f\u00fcr Ihre private Tagestour!\" \/>\n<meta name=\"robots\" content=\"index, follow, max-snippet:-1, max-image-preview:large, max-video-preview:-1\" \/>\n<link rel=\"canonical\" href=\"https:\/\/www.easydayphuket.com\/de\/private-phuket-tagesausfluge\/\" \/>\n<meta property=\"og:locale\" content=\"de_DE\" \/>\n<meta property=\"og:type\" content=\"article\" \/>\n<meta property=\"og:title\" content=\"Private Phuket Tagesausfl\u00fcge von Easy Day Phuket.\" \/>\n<meta property=\"og:description\" content=\"Private Phuket Tagesausfl\u00fcge mit Easy Day Thailand. Inselrundfahrten, Inselh\u00fcpfen, Bootscharter. Melden Sie sich f\u00fcr Ihre private Tagestour!\" \/>\n<meta property=\"og:url\" content=\"https:\/\/www.easydayphuket.com\/de\/private-phuket-tagesausfluge\/\" \/>\n<meta property=\"og:site_name\" content=\"Easy Day Phuket\" \/>\n<meta property=\"article:publisher\" content=\"https:\/\/www.facebook.com\/Easydayinthailand\/\" \/>\n<meta property=\"article:modified_time\" content=\"2024-05-24T18:58:17+00:00\" \/>\n<meta property=\"og:image\" content=\"https:\/\/www.easydayphuket.com\/wp-content\/uploads\/2013\/07\/Similan-Islands-Paradise.jpg\" \/>\n\t<meta property=\"og:image:width\" content=\"1024\" \/>\n\t<meta property=\"og:image:height\" content=\"683\" \/>\n\t<meta property=\"og:image:type\" content=\"image\/jpeg\" \/>\n<meta name=\"twitter:label1\" content=\"Gesch\u00e4tzte Lesezeit\" \/>\n\t<meta name=\"twitter:data1\" content=\"4\u00a0Minuten\" \/>\n<script type=\"application\/ld+json\" class=\"yoast-schema-graph\">{\"@context\":\"https:\/\/schema.org\",\"@graph\":[{\"@type\":\"WebPage\",\"@id\":\"https:\/\/www.easydayphuket.com\/de\/private-phuket-tagesausfluge\/\",\"url\":\"https:\/\/www.easydayphuket.com\/de\/private-phuket-tagesausfluge\/\",\"name\":\"Private Phuket Tagesausfl\u00fcge von Easy Day Phuket.\",\"isPartOf\":{\"@id\":\"https:\/\/www.easydayphuket.com\/#website\"},\"primaryImageOfPage\":{\"@id\":\"https:\/\/www.easydayphuket.com\/de\/private-phuket-tagesausfluge\/#primaryimage\"},\"image\":{\"@id\":\"https:\/\/www.easydayphuket.com\/de\/private-phuket-tagesausfluge\/#primaryimage\"},\"thumbnailUrl\":\"https:\/\/www.easydayphuket.com\/wp-content\/uploads\/2013\/07\/Similan-Islands-Paradise.jpg\",\"datePublished\":\"2018-07-04T01:47:25+00:00\",\"dateModified\":\"2024-05-24T18:58:17+00:00\",\"description\":\"Private Phuket Tagesausfl\u00fcge mit Easy Day Thailand. Inselrundfahrten, Inselh\u00fcpfen, Bootscharter. Melden Sie sich f\u00fcr Ihre private Tagestour!\",\"breadcrumb\":{\"@id\":\"https:\/\/www.easydayphuket.com\/de\/private-phuket-tagesausfluge\/#breadcrumb\"},\"inLanguage\":\"de\",\"potentialAction\":[{\"@type\":\"ReadAction\",\"target\":[\"https:\/\/www.easydayphuket.com\/de\/private-phuket-tagesausfluge\/\"]}]},{\"@type\":\"ImageObject\",\"inLanguage\":\"de\",\"@id\":\"https:\/\/www.easydayphuket.com\/de\/private-phuket-tagesausfluge\/#primaryimage\",\"url\":\"https:\/\/www.easydayphuket.com\/wp-content\/uploads\/2013\/07\/Similan-Islands-Paradise.jpg\",\"contentUrl\":\"https:\/\/www.easydayphuket.com\/wp-content\/uploads\/2013\/07\/Similan-Islands-Paradise.jpg\",\"width\":1024,\"height\":683,\"caption\":\"Hat schon was!\"},{\"@type\":\"BreadcrumbList\",\"@id\":\"https:\/\/www.easydayphuket.com\/de\/private-phuket-tagesausfluge\/#breadcrumb\",\"itemListElement\":[{\"@type\":\"ListItem\",\"position\":1,\"name\":\"Home\",\"item\":\"https:\/\/www.easydayphuket.com\/de\/\"},{\"@type\":\"ListItem\",\"position\":2,\"name\":\"Private Phuket Tagesausfl\u00fcge\"}]},{\"@type\":\"WebSite\",\"@id\":\"https:\/\/www.easydayphuket.com\/#website\",\"url\":\"https:\/\/www.easydayphuket.com\/\",\"name\":\"Easy Day Phuket\",\"description\":\"Ihr Phuket Tour & Reise Partner\",\"publisher\":{\"@id\":\"https:\/\/www.easydayphuket.com\/#organization\"},\"potentialAction\":[{\"@type\":\"SearchAction\",\"target\":{\"@type\":\"EntryPoint\",\"urlTemplate\":\"https:\/\/www.easydayphuket.com\/?s={search_term_string}\"},\"query-input\":{\"@type\":\"PropertyValueSpecification\",\"valueRequired\":true,\"valueName\":\"search_term_string\"}}],\"inLanguage\":\"de\"},{\"@type\":\"Organization\",\"@id\":\"https:\/\/www.easydayphuket.com\/#organization\",\"name\":\"Easy Day Thailand\",\"url\":\"https:\/\/www.easydayphuket.com\/\",\"logo\":{\"@type\":\"ImageObject\",\"inLanguage\":\"de\",\"@id\":\"https:\/\/www.easydayphuket.com\/#\/schema\/logo\/image\/\",\"url\":\"https:\/\/www.easydayphuket.com\/wp-content\/uploads\/2013\/07\/Sun-Thaiflag_booking12.gif\",\"contentUrl\":\"https:\/\/www.easydayphuket.com\/wp-content\/uploads\/2013\/07\/Sun-Thaiflag_booking12.gif\",\"width\":100,\"height\":94,\"caption\":\"Easy Day Thailand\"},\"image\":{\"@id\":\"https:\/\/www.easydayphuket.com\/#\/schema\/logo\/image\/\"},\"sameAs\":[\"https:\/\/www.facebook.com\/Easydayinthailand\/\",\"https:\/\/www.instagram.com\/easydaythailand\/\"]}]}<\/script>\n<!-- \/ Yoast SEO plugin. -->","yoast_head_json":{"title":"Private Phuket Tagesausfl\u00fcge von Easy Day Phuket.","description":"Private Phuket Tagesausfl\u00fcge mit Easy Day Thailand. Inselrundfahrten, Inselh\u00fcpfen, Bootscharter. Melden Sie sich f\u00fcr Ihre private Tagestour!","robots":{"index":"index","follow":"follow","max-snippet":"max-snippet:-1","max-image-preview":"max-image-preview:large","max-video-preview":"max-video-preview:-1"},"canonical":"https:\/\/www.easydayphuket.com\/de\/private-phuket-tagesausfluge\/","og_locale":"de_DE","og_type":"article","og_title":"Private Phuket Tagesausfl\u00fcge von Easy Day Phuket.","og_description":"Private Phuket Tagesausfl\u00fcge mit Easy Day Thailand. Inselrundfahrten, Inselh\u00fcpfen, Bootscharter. Melden Sie sich f\u00fcr Ihre private Tagestour!","og_url":"https:\/\/www.easydayphuket.com\/de\/private-phuket-tagesausfluge\/","og_site_name":"Easy Day Phuket","article_publisher":"https:\/\/www.facebook.com\/Easydayinthailand\/","article_modified_time":"2024-05-24T18:58:17+00:00","og_image":[{"width":1024,"height":683,"url":"https:\/\/www.easydayphuket.com\/wp-content\/uploads\/2013\/07\/Similan-Islands-Paradise.jpg","type":"image\/jpeg"}],"twitter_misc":{"Gesch\u00e4tzte Lesezeit":"4\u00a0Minuten"},"schema":{"@context":"https:\/\/schema.org","@graph":[{"@type":"WebPage","@id":"https:\/\/www.easydayphuket.com\/de\/private-phuket-tagesausfluge\/","url":"https:\/\/www.easydayphuket.com\/de\/private-phuket-tagesausfluge\/","name":"Private Phuket Tagesausfl\u00fcge von Easy Day Phuket.","isPartOf":{"@id":"https:\/\/www.easydayphuket.com\/#website"},"primaryImageOfPage":{"@id":"https:\/\/www.easydayphuket.com\/de\/private-phuket-tagesausfluge\/#primaryimage"},"image":{"@id":"https:\/\/www.easydayphuket.com\/de\/private-phuket-tagesausfluge\/#primaryimage"},"thumbnailUrl":"https:\/\/www.easydayphuket.com\/wp-content\/uploads\/2013\/07\/Similan-Islands-Paradise.jpg","datePublished":"2018-07-04T01:47:25+00:00","dateModified":"2024-05-24T18:58:17+00:00","description":"Private Phuket Tagesausfl\u00fcge mit Easy Day Thailand. Inselrundfahrten, Inselh\u00fcpfen, Bootscharter. Melden Sie sich f\u00fcr Ihre private Tagestour!","breadcrumb":{"@id":"https:\/\/www.easydayphuket.com\/de\/private-phuket-tagesausfluge\/#breadcrumb"},"inLanguage":"de","potentialAction":[{"@type":"ReadAction","target":["https:\/\/www.easydayphuket.com\/de\/private-phuket-tagesausfluge\/"]}]},{"@type":"ImageObject","inLanguage":"de","@id":"https:\/\/www.easydayphuket.com\/de\/private-phuket-tagesausfluge\/#primaryimage","url":"https:\/\/www.easydayphuket.com\/wp-content\/uploads\/2013\/07\/Similan-Islands-Paradise.jpg","contentUrl":"https:\/\/www.easydayphuket.com\/wp-content\/uploads\/2013\/07\/Similan-Islands-Paradise.jpg","width":1024,"height":683,"caption":"Hat schon was!"},{"@type":"BreadcrumbList","@id":"https:\/\/www.easydayphuket.com\/de\/private-phuket-tagesausfluge\/#breadcrumb","itemListElement":[{"@type":"ListItem","position":1,"name":"Home","item":"https:\/\/www.easydayphuket.com\/de\/"},{"@type":"ListItem","position":2,"name":"Private Phuket Tagesausfl\u00fcge"}]},{"@type":"WebSite","@id":"https:\/\/www.easydayphuket.com\/#website","url":"https:\/\/www.easydayphuket.com\/","name":"Easy Day Phuket","description":"Ihr Phuket Tour & Reise Partner","publisher":{"@id":"https:\/\/www.easydayphuket.com\/#organization"},"potentialAction":[{"@type":"SearchAction","target":{"@type":"EntryPoint","urlTemplate":"https:\/\/www.easydayphuket.com\/?s={search_term_string}"},"query-input":{"@type":"PropertyValueSpecification","valueRequired":true,"valueName":"search_term_string"}}],"inLanguage":"de"},{"@type":"Organization","@id":"https:\/\/www.easydayphuket.com\/#organization","name":"Easy Day Thailand","url":"https:\/\/www.easydayphuket.com\/","logo":{"@type":"ImageObject","inLanguage":"de","@id":"https:\/\/www.easydayphuket.com\/#\/schema\/logo\/image\/","url":"https:\/\/www.easydayphuket.com\/wp-content\/uploads\/2013\/07\/Sun-Thaiflag_booking12.gif","contentUrl":"https:\/\/www.easydayphuket.com\/wp-content\/uploads\/2013\/07\/Sun-Thaiflag_booking12.gif","width":100,"height":94,"caption":"Easy Day Thailand"},"image":{"@id":"https:\/\/www.easydayphuket.com\/#\/schema\/logo\/image\/"},"sameAs":["https:\/\/www.facebook.com\/Easydayinthailand\/","https:\/\/www.instagram.com\/easydaythailand\/"]}]}},"_links":{"self":[{"href":"https:\/\/www.easydayphuket.com\/de\/wp-json\/wp\/v2\/pages\/27915","targetHints":{"allow":["GET"]}}],"collection":[{"href":"https:\/\/www.easydayphuket.com\/de\/wp-json\/wp\/v2\/pages"}],"about":[{"href":"https:\/\/www.easydayphuket.com\/de\/wp-json\/wp\/v2\/types\/page"}],"author":[{"embeddable":true,"href":"https:\/\/www.easydayphuket.com\/de\/wp-json\/wp\/v2\/users\/4"}],"replies":[{"embeddable":true,"href":"https:\/\/www.easydayphuket.com\/de\/wp-json\/wp\/v2\/comments?post=27915"}],"version-history":[{"count":0,"href":"https:\/\/www.easydayphuket.com\/de\/wp-json\/wp\/v2\/pages\/27915\/revisions"}],"wp:featuredmedia":[{"embeddable":true,"href":"https:\/\/www.easydayphuket.com\/de\/wp-json\/wp\/v2\/media\/11949"}],"wp:attachment":[{"href":"https:\/\/www.easydayphuket.com\/de\/wp-json\/wp\/v2\/media?parent=27915"}],"curies":[{"name":"wp","href":"https:\/\/api.w.org\/{rel}","templated":true}]}}