{"id":27897,"date":"2018-07-03T15:54:24","date_gmt":"2018-07-03T08:54:24","guid":{"rendered":"https:\/\/www.easydayphuket.com\/phuket-ausfluege\/phang-nga-bucht-ausflug\/phi-phi-island-james-bond-island-tour\/"},"modified":"2024-05-13T03:12:18","modified_gmt":"2024-05-12T20:12:18","slug":"phi-phi-island-james-bond-island-tour","status":"publish","type":"page","link":"https:\/\/www.easydayphuket.com\/de\/phuket-ausfluege\/phang-nga-bucht-ausflug\/phi-phi-island-james-bond-island-tour\/","title":{"rendered":"Phi Phi Island &#038; James Bond Island Tour"},"content":{"rendered":"\n<p><strong>Phi Phi Island &amp; James Bond Island Tour <\/strong>in einem Ausflug kombiniert. Die Phuket Tour ist mit \u00dcbernachtung in Phi Phi Island und verbindet alle Sehensw\u00fcrdigkeiten der Region miteinander. Der Ausflug hat auch verschiedene Aktivit\u00e4ten wie das Phuket Sea Canoeing und Schnorcheln und ein leckeres Mittagessen am bekanten <strong>Railay Beach<\/strong>&nbsp;in Krabi. Die&nbsp;<strong>Phi Phi Island &amp; James Bond Island Tour<\/strong> bietet alles was die Ostk\u00fcste vor Phuket zu bieten hat.<\/p>\n\n\n\n<figure class=\"wp-block-image alignright\"><a href=\"https:\/\/www.easydayphuket.com\/wp-content\/uploads\/2017\/03\/Phang-Nga-Bay-Caves-Sea-Canoe-Tour-Views.jpg\"><img loading=\"lazy\" decoding=\"async\" width=\"1024\" height=\"768\" src=\"https:\/\/www.easydayphuket.com\/wp-content\/uploads\/2017\/03\/Phang-Nga-Bay-Caves-Sea-Canoe-Tour-Views.jpg\" alt=\"Phi Phi Island &amp; James Bond Island Tour \" class=\"wp-image-25791\" srcset=\"https:\/\/www.easydayphuket.com\/wp-content\/uploads\/2017\/03\/Phang-Nga-Bay-Caves-Sea-Canoe-Tour-Views.jpg 1024w, https:\/\/www.easydayphuket.com\/wp-content\/uploads\/2017\/03\/Phang-Nga-Bay-Caves-Sea-Canoe-Tour-Views-300x225.jpg 300w, https:\/\/www.easydayphuket.com\/wp-content\/uploads\/2017\/03\/Phang-Nga-Bay-Caves-Sea-Canoe-Tour-Views-768x576.jpg 768w, https:\/\/www.easydayphuket.com\/wp-content\/uploads\/2017\/03\/Phang-Nga-Bay-Caves-Sea-Canoe-Tour-Views-73x55.jpg 73w, https:\/\/www.easydayphuket.com\/wp-content\/uploads\/2017\/03\/Phang-Nga-Bay-Caves-Sea-Canoe-Tour-Views-510x382.jpg 510w\" sizes=\"(max-width: 1024px) 100vw, 1024px\" \/><\/a><figcaption class=\"wp-element-caption\">Phang Nga Bay Limestones &#8211; Views<\/figcaption><\/figure>\n\n\n<ul>\n<li>Kanufahren in der Phang Nga Bay<\/li>\n<li>James Bond Island!<\/li>\n<li><strong>\u00dcbernachtung in Phi Phi<\/strong> !<\/li>\n<li>Fr\u00fchst\u00fcck &amp; Abendessen mit Meerblick.<\/li>\n<li>T\u00e4gliches Mittagessen am Wasser.<\/li>\n<li><strong>Beste Phuket Tour mit allen Sehensw\u00fcrdigkeiten<\/strong>!<\/li>\n<li>Abseits der Massen!<\/li>\n<\/ul>\n<p style=\"text-align: center;\"><span style=\"color: #ff0000;\"><strong>Jeden Dienstag &amp; Donnerstag!<\/strong><\/span><\/p>\n\n\n<p> <strong>Preise in Thai Baht pro Person: 7,200 | <\/strong>Kinder (4-12 Jahren) 5,300 <strong><a title=\"Easy Day Contact Form\" href=\"#form\">&gt;&gt;<\/a><\/strong><a title=\"Easy Day Contact Form\" href=\"#form\"><strong>Ihr unverbindliches Angebot!<\/strong> <\/a><\/p>\n\n\n\n<p><strong>Phi Phi Island &amp; James Bond Island Tour inklusive:<\/strong><br><\/p>\n\n\n<ul>\n<li>Transfer von &amp; zum Hotel in Phuket!<\/li>\n<li>Sea Canoe und James Bond Island.<\/li>\n<li>Englischsprachiger Guide (T\u00e4glich)<\/li>\n<li>2 x Mittagessen &amp; 1 x Abend Buffet.<\/li>\n<li>Zweibett Bungalow im Phi Phi Bay View Resort mit Fr\u00fchst\u00fcck.<\/li>\n<li>Softdrinks, Wasser, Fr\u00fcchte &amp; Snacks.<\/li>\n<li>Schnorchel Ausr\u00fcstung.<\/li>\n<li>Steuern &amp; Unfallversicherung.<\/li>\n<\/ul>\n<p>Die <strong>Nationalpark-Geb\u00fchr<\/strong> ist im Preis <strong>nicht enthalten<\/strong> und kann direkt auf den Boot gezahlt werden. Der Preis f\u00fcr <strong>Erwachsene betr\u00e4gt 1,000 Thai Baht pro Person <\/strong>und<strong> Kinder 500 Thai Baht pro Person.<\/strong><\/p>\n\n\n\n<p class=\"has-text-align-right\"><a href='#form' class='small-button smallblue'>Buchen \/ Kontakt<\/a><\/p>\n\n\n\n<h2 class=\"wp-block-heading\">Phi Phi Island &amp; James Bond Island Tour &#8211; Galerie<\/h2>\n\n\n\n<figure class=\"wp-block-gallery has-nested-images columns-3 is-cropped wp-block-gallery-1 is-layout-flex wp-block-gallery-is-layout-flex\">\n\n\n\n\n\n\n\n\n\n\n\n\n\n\n\n\n\n\n\n\n\n<\/figure>\n\n\n\n<h2 class=\"wp-block-heading\"><strong>Phi Phi Island &amp; James Bond Island Tour &#8211;&nbsp;<\/strong> Tourplan<\/h2>\n\n\n\n<p><strong>1.Tag &#8211; James Bond Island &amp; Railay Beach<\/strong><\/p>\n\n\n\n<ul class=\"wp-block-list\">\n<li>07:00 &#8211; Abholung vom Phuket Hotel und Transfer zur Royal Phuket Marina<\/li>\n\n\n\n<li>08:30 &#8211; Abfahrt zur Registrierung und Erkl\u00e4rung in der Boot Lounge.<\/li>\n\n\n\n<li>09:30 &#8211; Start des Abenteuers zur komfortablen Speedboot Tour in die\u00a0<strong><a href=\"https:\/\/www.easydayphuket.com\/phang-nga-bay-james-bond-island\/\">Phang Nga Bay<\/a><\/strong>\n<ul class=\"wp-block-list\">\n<li>Genie\u00dfen Sie das Kanufahren entlang der Inseln und durch fantastische H\u00f6hlen.<\/li>\n\n\n\n<li>Besuch der Bekannten\u00a0<strong><a href=\"https:\/\/www.easydayphuket.com\/james-bond-island-tours\/\">James Bond Island<\/a>\u00a0<\/strong><\/li>\n\n\n\n<li>Dann \u00dcberfahrt zum\u00a0<strong>Railay Beach<\/strong> zu einem leckeren Mittagessen und Entspannung am Strand.<\/li>\n\n\n\n<li>Anschlie\u00dfend r\u00fcber nach Phi Phi Island zum schwimmen, schnorcheln &amp; relaxen.<\/li>\n<\/ul>\n<\/li>\n\n\n\n<li>17:00 &#8211; Abfahrt zum Phi Phi Tonsai Village, einchecken im\u00a0<strong>Phi Phi Bay View Resort<\/strong><\/li>\n\n\n\n<li>19:00 &#8211; Abend Buffet mit Aussicht \u00fcber die Phi Phi Tonsai Bay und Freizeit zum erkunden des Nachtlebens.<\/li>\n<\/ul>\n\n\n\n<p><strong>2.Tag &#8211; Phi Phi Island, Maya Bay &amp; Bamboo Island<\/strong><\/p>\n\n\n\n<ul class=\"wp-block-list\">\n<li>06:30 &#8211; Aufstehen, Fr\u00fchst\u00fcck im Restaurant mit Meerblick.<\/li>\n\n\n\n<li>07:30 &#8211;\u00a0 Zur\u00fcck aufs Speedboot und auf zum\u00a0<strong>Maya Beach**<\/strong>\u00a0Ankunft vor den anderen Touristen.\n<ul class=\"wp-block-list\">\n<li>Zeit zum schnorcheln und Besuch am\u00a0<strong>Monkey Beach.<\/strong><\/li>\n\n\n\n<li>Entspannen am Strand, schwimmen &amp; schnorcheln.<\/li>\n\n\n\n<li>Mittagessen im\u00a0<strong>Phi Phi Natural Resort<\/strong> mit abwechslungsreichen Buffet und Aussicht auf\u00a0<strong>Laemthong Beach<\/strong><\/li>\n\n\n\n<li>Nach einem Kaffee oder einem Eis geht es dann zu einer kurzen \u00dcberfahrt nach\u00a0<strong>Bamboo Island\u00a0<\/strong><\/li>\n<\/ul>\n<\/li>\n\n\n\n<li>15:00 &#8211; Abfahrt von Bamboo Island und zur\u00fcck nach Phuket.<\/li>\n\n\n\n<li>16:30 &#8211; Ankunft in der Royal Phuket Marina und R\u00fccktransfer zu Ihrem Phuket Hotel.<\/li>\n<\/ul>\n\n\n\n<p>*&nbsp;Der hier aufgef\u00fchrte Tourplan ist ein Beispiel und kann je nach Wetter und Meeresbedingungen, Logistik usw. \u00e4ndern. Abholzeit im Hotel ist abh\u00e4ngig vom jeweiligen Standort.<\/p>\n\n\n\n<p>** <strong>Maya Beach<\/strong>&nbsp;ist von Juni bis Ende September nicht zug\u00e4nglich!<\/p>\n\n\n\n<p class=\"has-text-align-right\"><a href='#form' class='small-button smallblue'>Buchen \/ Kontakt<\/a><\/p>\n\n\n\n<p>Die&nbsp;<strong>Phi Phi Island &amp; James Bond Island Tour<\/strong>&nbsp;ist die Beste Phuket Tour mit \u00dcbernachtung, welche in zwei Tagen alles beinhaltet was es in der Region zu sehen gibt. Am ersten Tag geht es in die Phang Nga Bay zum Kanuing rund um die Panak Insel oder <strong>Koh Hong Island<\/strong>. Danach zur bekannten<strong> James Bond Insel<\/strong> mit einer Rundfahrt der Phang Nga Bay<\/p>\n\n\n\n<p>\u00dcberfahrt zum&nbsp;<strong>Railay Beach<\/strong>&nbsp;zum entspannen und Mittagessen. Nachmittag weiter nach&nbsp;<strong>Phi Phi Island<\/strong>&nbsp;zum schwimmen und schnorcheln. Sp\u00e4ter dann einchecken im Phi Phi Bay View Resort. Freizeit zum erkunden des&nbsp;<strong>Tonsai Village<\/strong> vor dem Sonnenuntergang und anschlie\u00dfendem Abend Buffet mit Meerblick. Wenn Sie m\u00f6chten haben Sie dann genug Zeit sich dem Nachtleben von Phi Phi Island zu stellen.<\/p>\n\n\n\n<p>Am zweiten Tag geht es fr\u00fch raus zum Fr\u00fchst\u00fccksbuffet und dann zur Erkundung von <strong>Phi Phi Island<\/strong>. Sie Besuchen die <strong>Phi Ley Lagoon<\/strong>, Maya Bay und schnorcheln an drei verschiedenen Str\u00e4nden <strong>Monkey Beach<\/strong>. Mittagsbuffet am Phi Phi&nbsp;<strong>Laemthong Beach <\/strong>und dann nach<strong> Bamboo Island <\/strong>zur letzten Insel mit Schnorchelplatz und schwimmen bevor es wieder nach Phuket zur\u00fcck geht.<\/p>\n\n\n\n<h2 class=\"wp-block-heading\" id=\"form\">Schreiben Sie uns &#8211; Phi Phi Island &amp; James Bond Island Tour<\/h2>\n\n\n\n<script charset=\"utf-8\" type=\"text\/javascript\" src=\"\/\/js.hsforms.net\/forms\/embed\/v2.js\"><\/script>\n<script>\n  hbspt.forms.create({\n    region: \"na1\",\n    portalId: \"3413662\",\n    formId: \"59765d47-ffdf-4452-a315-11081d03c004\"\n  });\n<\/script>\n\n\n\n<p><strong>Vergleichbare Ausfl\u00fcge in anderen Easy Day Destinationen<\/strong><\/p>\n\n\n\n<ul class=\"wp-block-list\">\n<li><a href=\"https:\/\/www.easydayphuket.com\/de\/phuket-ausfluege\/phang-nga-bucht-ausflug\/phang-nga-bay-cave-sea-canoe\/\">Best Sea Canoe in Phuket with unique Easy Day&#8217;s private tour<\/a><\/li>\n\n\n\n<li><a href=\"https:\/\/www.easydayphuket.com\/de\/phuket-ausfluege\/phi-phi-island-touren\/privater-phi-phi-island-ausflug-mit-ubernachtung\/\">Phi Phi Island Tour, see the best of Phi Phi on a overnight tour<\/a><\/li>\n<\/ul>\n","protected":false},"excerpt":{"rendered":"<p>Phi Phi Island &amp; James Bond Island Tour in einem Ausflug kombiniert. Die Phuket Tour ist mit \u00dcbernachtung in Phi Phi Island und verbindet alle Sehensw\u00fcrdigkeiten der Region miteinander. Der Ausflug hat auch verschiedene Aktivit\u00e4ten wie das Phuket Sea Canoeing und Schnorcheln und ein leckeres Mittagessen am bekanten Railay Beach&nbsp;in Krabi. Die&nbsp;Phi Phi Island &amp; [&hellip;]<\/p>\n","protected":false},"author":8,"featured_media":27909,"parent":8318,"menu_order":0,"comment_status":"closed","ping_status":"closed","template":"","meta":{"_acf_changed":false,"_et_pb_use_builder":"","_et_pb_old_content":"","_et_gb_content_width":"","footnotes":""},"class_list":["post-27897","page","type-page","status-publish","has-post-thumbnail","hentry"],"acf":[],"yoast_head":"<!-- This site is optimized with the Yoast SEO plugin v25.1 - https:\/\/yoast.com\/wordpress\/plugins\/seo\/ -->\n<title>Phi Phi Island &amp; James Bond Island Tour mit \u00dcbernachtung.<\/title>\n<meta name=\"description\" content=\"Eine Phuket Tour mit \u00dcbernachtung und den sch\u00f6nsten Sehensw\u00fcrdikeiten wie zur Phang Nga Bucht, Railay Beach, Maya Bay und mehr.\" \/>\n<meta name=\"robots\" content=\"index, follow, max-snippet:-1, max-image-preview:large, max-video-preview:-1\" \/>\n<link rel=\"canonical\" href=\"https:\/\/www.easydayphuket.com\/de\/phuket-ausfluege\/phang-nga-bucht-ausflug\/phi-phi-island-james-bond-island-tour\/\" \/>\n<meta property=\"og:locale\" content=\"de_DE\" \/>\n<meta property=\"og:type\" content=\"article\" \/>\n<meta property=\"og:title\" content=\"Phi Phi Island &amp; James Bond Island Tour mit \u00dcbernachtung.\" \/>\n<meta property=\"og:description\" content=\"Eine Phuket Tour mit \u00dcbernachtung und den sch\u00f6nsten Sehensw\u00fcrdikeiten wie zur Phang Nga Bucht, Railay Beach, Maya Bay und mehr.\" \/>\n<meta property=\"og:url\" content=\"https:\/\/www.easydayphuket.com\/de\/phuket-ausfluege\/phang-nga-bucht-ausflug\/phi-phi-island-james-bond-island-tour\/\" \/>\n<meta property=\"og:site_name\" content=\"Easy Day Phuket\" \/>\n<meta property=\"article:publisher\" content=\"https:\/\/www.facebook.com\/Easydayinthailand\/\" \/>\n<meta property=\"article:modified_time\" content=\"2024-05-12T20:12:18+00:00\" \/>\n<meta property=\"og:image\" content=\"https:\/\/www.easydayphuket.com\/wp-content\/uploads\/2018\/06\/Railay-Beach-Krabi.jpg\" \/>\n\t<meta property=\"og:image:width\" content=\"1024\" \/>\n\t<meta property=\"og:image:height\" content=\"768\" \/>\n\t<meta property=\"og:image:type\" content=\"image\/jpeg\" \/>\n<meta name=\"twitter:label1\" content=\"Gesch\u00e4tzte Lesezeit\" \/>\n\t<meta name=\"twitter:data1\" content=\"6\u00a0Minuten\" \/>\n<script type=\"application\/ld+json\" class=\"yoast-schema-graph\">{\"@context\":\"https:\/\/schema.org\",\"@graph\":[{\"@type\":\"WebPage\",\"@id\":\"https:\/\/www.easydayphuket.com\/de\/phuket-ausfluege\/phang-nga-bucht-ausflug\/phi-phi-island-james-bond-island-tour\/\",\"url\":\"https:\/\/www.easydayphuket.com\/de\/phuket-ausfluege\/phang-nga-bucht-ausflug\/phi-phi-island-james-bond-island-tour\/\",\"name\":\"Phi Phi Island & James Bond Island Tour mit \u00dcbernachtung.\",\"isPartOf\":{\"@id\":\"https:\/\/www.easydayphuket.com\/#website\"},\"primaryImageOfPage\":{\"@id\":\"https:\/\/www.easydayphuket.com\/de\/phuket-ausfluege\/phang-nga-bucht-ausflug\/phi-phi-island-james-bond-island-tour\/#primaryimage\"},\"image\":{\"@id\":\"https:\/\/www.easydayphuket.com\/de\/phuket-ausfluege\/phang-nga-bucht-ausflug\/phi-phi-island-james-bond-island-tour\/#primaryimage\"},\"thumbnailUrl\":\"https:\/\/www.easydayphuket.com\/wp-content\/uploads\/2018\/06\/Railay-Beach-Krabi.jpg\",\"datePublished\":\"2018-07-03T08:54:24+00:00\",\"dateModified\":\"2024-05-12T20:12:18+00:00\",\"description\":\"Eine Phuket Tour mit \u00dcbernachtung und den sch\u00f6nsten Sehensw\u00fcrdikeiten wie zur Phang Nga Bucht, Railay Beach, Maya Bay und mehr.\",\"breadcrumb\":{\"@id\":\"https:\/\/www.easydayphuket.com\/de\/phuket-ausfluege\/phang-nga-bucht-ausflug\/phi-phi-island-james-bond-island-tour\/#breadcrumb\"},\"inLanguage\":\"de\",\"potentialAction\":[{\"@type\":\"ReadAction\",\"target\":[\"https:\/\/www.easydayphuket.com\/de\/phuket-ausfluege\/phang-nga-bucht-ausflug\/phi-phi-island-james-bond-island-tour\/\"]}]},{\"@type\":\"ImageObject\",\"inLanguage\":\"de\",\"@id\":\"https:\/\/www.easydayphuket.com\/de\/phuket-ausfluege\/phang-nga-bucht-ausflug\/phi-phi-island-james-bond-island-tour\/#primaryimage\",\"url\":\"https:\/\/www.easydayphuket.com\/wp-content\/uploads\/2018\/06\/Railay-Beach-Krabi.jpg\",\"contentUrl\":\"https:\/\/www.easydayphuket.com\/wp-content\/uploads\/2018\/06\/Railay-Beach-Krabi.jpg\",\"width\":1024,\"height\":768,\"caption\":\"Railay Beach - Krabi\"},{\"@type\":\"BreadcrumbList\",\"@id\":\"https:\/\/www.easydayphuket.com\/de\/phuket-ausfluege\/phang-nga-bucht-ausflug\/phi-phi-island-james-bond-island-tour\/#breadcrumb\",\"itemListElement\":[{\"@type\":\"ListItem\",\"position\":1,\"name\":\"Home\",\"item\":\"https:\/\/www.easydayphuket.com\/de\/\"},{\"@type\":\"ListItem\",\"position\":2,\"name\":\"Phuket Ausfl\u00fcge\",\"item\":\"https:\/\/www.easydayphuket.com\/de\/phuket-ausfluege\/\"},{\"@type\":\"ListItem\",\"position\":3,\"name\":\"Phang Nga Bay Ausflug\",\"item\":\"https:\/\/www.easydayphuket.com\/de\/phuket-ausfluege\/phang-nga-bucht-ausflug\/\"},{\"@type\":\"ListItem\",\"position\":4,\"name\":\"Phi Phi Island &#038; James Bond Island Tour\"}]},{\"@type\":\"WebSite\",\"@id\":\"https:\/\/www.easydayphuket.com\/#website\",\"url\":\"https:\/\/www.easydayphuket.com\/\",\"name\":\"Easy Day Phuket\",\"description\":\"Ihr Phuket Tour & Reise Partner\",\"publisher\":{\"@id\":\"https:\/\/www.easydayphuket.com\/#organization\"},\"potentialAction\":[{\"@type\":\"SearchAction\",\"target\":{\"@type\":\"EntryPoint\",\"urlTemplate\":\"https:\/\/www.easydayphuket.com\/?s={search_term_string}\"},\"query-input\":{\"@type\":\"PropertyValueSpecification\",\"valueRequired\":true,\"valueName\":\"search_term_string\"}}],\"inLanguage\":\"de\"},{\"@type\":\"Organization\",\"@id\":\"https:\/\/www.easydayphuket.com\/#organization\",\"name\":\"Easy Day Thailand\",\"url\":\"https:\/\/www.easydayphuket.com\/\",\"logo\":{\"@type\":\"ImageObject\",\"inLanguage\":\"de\",\"@id\":\"https:\/\/www.easydayphuket.com\/#\/schema\/logo\/image\/\",\"url\":\"https:\/\/www.easydayphuket.com\/wp-content\/uploads\/2013\/07\/Sun-Thaiflag_booking12.gif\",\"contentUrl\":\"https:\/\/www.easydayphuket.com\/wp-content\/uploads\/2013\/07\/Sun-Thaiflag_booking12.gif\",\"width\":100,\"height\":94,\"caption\":\"Easy Day Thailand\"},\"image\":{\"@id\":\"https:\/\/www.easydayphuket.com\/#\/schema\/logo\/image\/\"},\"sameAs\":[\"https:\/\/www.facebook.com\/Easydayinthailand\/\",\"https:\/\/www.instagram.com\/easydaythailand\/\"]}]}<\/script>\n<!-- \/ Yoast SEO plugin. -->","yoast_head_json":{"title":"Phi Phi Island & James Bond Island Tour mit \u00dcbernachtung.","description":"Eine Phuket Tour mit \u00dcbernachtung und den sch\u00f6nsten Sehensw\u00fcrdikeiten wie zur Phang Nga Bucht, Railay Beach, Maya Bay und mehr.","robots":{"index":"index","follow":"follow","max-snippet":"max-snippet:-1","max-image-preview":"max-image-preview:large","max-video-preview":"max-video-preview:-1"},"canonical":"https:\/\/www.easydayphuket.com\/de\/phuket-ausfluege\/phang-nga-bucht-ausflug\/phi-phi-island-james-bond-island-tour\/","og_locale":"de_DE","og_type":"article","og_title":"Phi Phi Island & James Bond Island Tour mit \u00dcbernachtung.","og_description":"Eine Phuket Tour mit \u00dcbernachtung und den sch\u00f6nsten Sehensw\u00fcrdikeiten wie zur Phang Nga Bucht, Railay Beach, Maya Bay und mehr.","og_url":"https:\/\/www.easydayphuket.com\/de\/phuket-ausfluege\/phang-nga-bucht-ausflug\/phi-phi-island-james-bond-island-tour\/","og_site_name":"Easy Day Phuket","article_publisher":"https:\/\/www.facebook.com\/Easydayinthailand\/","article_modified_time":"2024-05-12T20:12:18+00:00","og_image":[{"width":1024,"height":768,"url":"https:\/\/www.easydayphuket.com\/wp-content\/uploads\/2018\/06\/Railay-Beach-Krabi.jpg","type":"image\/jpeg"}],"twitter_misc":{"Gesch\u00e4tzte Lesezeit":"6\u00a0Minuten"},"schema":{"@context":"https:\/\/schema.org","@graph":[{"@type":"WebPage","@id":"https:\/\/www.easydayphuket.com\/de\/phuket-ausfluege\/phang-nga-bucht-ausflug\/phi-phi-island-james-bond-island-tour\/","url":"https:\/\/www.easydayphuket.com\/de\/phuket-ausfluege\/phang-nga-bucht-ausflug\/phi-phi-island-james-bond-island-tour\/","name":"Phi Phi Island & James Bond Island Tour mit \u00dcbernachtung.","isPartOf":{"@id":"https:\/\/www.easydayphuket.com\/#website"},"primaryImageOfPage":{"@id":"https:\/\/www.easydayphuket.com\/de\/phuket-ausfluege\/phang-nga-bucht-ausflug\/phi-phi-island-james-bond-island-tour\/#primaryimage"},"image":{"@id":"https:\/\/www.easydayphuket.com\/de\/phuket-ausfluege\/phang-nga-bucht-ausflug\/phi-phi-island-james-bond-island-tour\/#primaryimage"},"thumbnailUrl":"https:\/\/www.easydayphuket.com\/wp-content\/uploads\/2018\/06\/Railay-Beach-Krabi.jpg","datePublished":"2018-07-03T08:54:24+00:00","dateModified":"2024-05-12T20:12:18+00:00","description":"Eine Phuket Tour mit \u00dcbernachtung und den sch\u00f6nsten Sehensw\u00fcrdikeiten wie zur Phang Nga Bucht, Railay Beach, Maya Bay und mehr.","breadcrumb":{"@id":"https:\/\/www.easydayphuket.com\/de\/phuket-ausfluege\/phang-nga-bucht-ausflug\/phi-phi-island-james-bond-island-tour\/#breadcrumb"},"inLanguage":"de","potentialAction":[{"@type":"ReadAction","target":["https:\/\/www.easydayphuket.com\/de\/phuket-ausfluege\/phang-nga-bucht-ausflug\/phi-phi-island-james-bond-island-tour\/"]}]},{"@type":"ImageObject","inLanguage":"de","@id":"https:\/\/www.easydayphuket.com\/de\/phuket-ausfluege\/phang-nga-bucht-ausflug\/phi-phi-island-james-bond-island-tour\/#primaryimage","url":"https:\/\/www.easydayphuket.com\/wp-content\/uploads\/2018\/06\/Railay-Beach-Krabi.jpg","contentUrl":"https:\/\/www.easydayphuket.com\/wp-content\/uploads\/2018\/06\/Railay-Beach-Krabi.jpg","width":1024,"height":768,"caption":"Railay Beach - Krabi"},{"@type":"BreadcrumbList","@id":"https:\/\/www.easydayphuket.com\/de\/phuket-ausfluege\/phang-nga-bucht-ausflug\/phi-phi-island-james-bond-island-tour\/#breadcrumb","itemListElement":[{"@type":"ListItem","position":1,"name":"Home","item":"https:\/\/www.easydayphuket.com\/de\/"},{"@type":"ListItem","position":2,"name":"Phuket Ausfl\u00fcge","item":"https:\/\/www.easydayphuket.com\/de\/phuket-ausfluege\/"},{"@type":"ListItem","position":3,"name":"Phang Nga Bay Ausflug","item":"https:\/\/www.easydayphuket.com\/de\/phuket-ausfluege\/phang-nga-bucht-ausflug\/"},{"@type":"ListItem","position":4,"name":"Phi Phi Island &#038; James Bond Island Tour"}]},{"@type":"WebSite","@id":"https:\/\/www.easydayphuket.com\/#website","url":"https:\/\/www.easydayphuket.com\/","name":"Easy Day Phuket","description":"Ihr Phuket Tour & Reise Partner","publisher":{"@id":"https:\/\/www.easydayphuket.com\/#organization"},"potentialAction":[{"@type":"SearchAction","target":{"@type":"EntryPoint","urlTemplate":"https:\/\/www.easydayphuket.com\/?s={search_term_string}"},"query-input":{"@type":"PropertyValueSpecification","valueRequired":true,"valueName":"search_term_string"}}],"inLanguage":"de"},{"@type":"Organization","@id":"https:\/\/www.easydayphuket.com\/#organization","name":"Easy Day Thailand","url":"https:\/\/www.easydayphuket.com\/","logo":{"@type":"ImageObject","inLanguage":"de","@id":"https:\/\/www.easydayphuket.com\/#\/schema\/logo\/image\/","url":"https:\/\/www.easydayphuket.com\/wp-content\/uploads\/2013\/07\/Sun-Thaiflag_booking12.gif","contentUrl":"https:\/\/www.easydayphuket.com\/wp-content\/uploads\/2013\/07\/Sun-Thaiflag_booking12.gif","width":100,"height":94,"caption":"Easy Day Thailand"},"image":{"@id":"https:\/\/www.easydayphuket.com\/#\/schema\/logo\/image\/"},"sameAs":["https:\/\/www.facebook.com\/Easydayinthailand\/","https:\/\/www.instagram.com\/easydaythailand\/"]}]}},"_links":{"self":[{"href":"https:\/\/www.easydayphuket.com\/de\/wp-json\/wp\/v2\/pages\/27897","targetHints":{"allow":["GET"]}}],"collection":[{"href":"https:\/\/www.easydayphuket.com\/de\/wp-json\/wp\/v2\/pages"}],"about":[{"href":"https:\/\/www.easydayphuket.com\/de\/wp-json\/wp\/v2\/types\/page"}],"author":[{"embeddable":true,"href":"https:\/\/www.easydayphuket.com\/de\/wp-json\/wp\/v2\/users\/8"}],"replies":[{"embeddable":true,"href":"https:\/\/www.easydayphuket.com\/de\/wp-json\/wp\/v2\/comments?post=27897"}],"version-history":[{"count":0,"href":"https:\/\/www.easydayphuket.com\/de\/wp-json\/wp\/v2\/pages\/27897\/revisions"}],"up":[{"embeddable":true,"href":"https:\/\/www.easydayphuket.com\/de\/wp-json\/wp\/v2\/pages\/8318"}],"wp:featuredmedia":[{"embeddable":true,"href":"https:\/\/www.easydayphuket.com\/de\/wp-json\/wp\/v2\/media\/27909"}],"wp:attachment":[{"href":"https:\/\/www.easydayphuket.com\/de\/wp-json\/wp\/v2\/media?parent=27897"}],"curies":[{"name":"wp","href":"https:\/\/api.w.org\/{rel}","templated":true}]}}