{"id":15299,"date":"2016-09-26T11:27:51","date_gmt":"2016-09-26T04:27:51","guid":{"rendered":"https:\/\/www.easydayphuket.com\/de\/phuket-hotels\/insel-resorts-phuket\/ban-raya-resort-spa\/"},"modified":"2024-05-15T01:22:31","modified_gmt":"2024-05-14T18:22:31","slug":"ban-raya-resort-spa","status":"publish","type":"page","link":"https:\/\/www.easydayphuket.com\/de\/phuket-hotels\/insel-resorts-phuket\/ban-raya-resort-spa\/","title":{"rendered":"Ban Raya Resort &amp; Spa"},"content":{"rendered":"\n<figure class=\"wp-block-image alignright\"><a href=\"https:\/\/www.easydayphuket.com\/wp-content\/uploads\/2013\/07\/View2-e1383578512565.jpg\"><img loading=\"lazy\" decoding=\"async\" width=\"240\" height=\"180\" src=\"https:\/\/www.easydayphuket.com\/wp-content\/uploads\/2013\/07\/View2-e1383578512565.jpg\" alt=\"Meerblick Ban Raya Resort &amp; Spa\" class=\"wp-image-3172\"\/><\/a><figcaption class=\"wp-element-caption\">Tolle Aussicht aufs Meer.<\/figcaption><\/figure>\n\n\n\n<p>The Ban Raya Resort &amp; Spa&nbsp;befindet sich auf der sch\u00f6nen Insel Racha Yai und liegt nur ca. 30 Minuten mit dem Schnellboot von Phuket entfernt. Eine wundersch\u00f6ne Anlage mit einem Ausblick der sich sehen lassen kann. Klares Wasser und wei\u00dfe Str\u00e4nde sind der Garant f\u00fcr eine perfekten Thailand Urlaub.<\/p>\n\n\n\n<ul class=\"wp-block-list\">\n<li>Umgeben von Korallenriffen und schneewei\u00dfen Str\u00e4nden..<\/li>\n\n\n\n<li>Privates Spa Resort auf einer tropischen Insel.<\/li>\n\n\n\n<li>Paradiesisch &#8211; In der der N\u00e4he von 5 Buchten und Str\u00e4nden.<\/li>\n\n\n\n<li>Sehr gro\u00dfer Swimming Pool.<\/li>\n\n\n\n<li>Easy Day organisiert Ihren Paradies Aufenthalt.<\/li>\n<\/ul>\n\n\n<p><strong><span style=\"color: #ff0000;\"> 3 Tage\u00a0\/ 2 N\u00e4chte\u00a0<\/span>&#8211; Preise in <\/strong><strong>Thai Baht <\/strong><strong>pro Person ab\u00a0<\/strong><strong>6,550\u00a0 <a title=\"Easy Day Contact Form\" href=\"#form\">&gt;&gt; <\/a><a title=\"Easy Day Contact Form\" href=\"#form\">Ihr unverbindliches Angebot<\/a><a title=\"Easy Day Contact Form\" href=\"#form\">!<\/a>\u00a0<\/strong><\/p>\n\n\n\n<p><strong>Phuket Hotel Paket inklusive :<br><\/strong><\/p>\n\n\n<ul>\n<li>Hin &amp; R\u00fcckfahrt mit dem Schnellboot.<\/li>\n<li>Schnorcheln &amp; Mittagessen am ersten Tag.\u00a0(Auf Wunsch)<\/li>\n<li>Preise basierend bei Doppelbelegung im<strong>\u00a0Superior Bungalow!<\/strong><\/li>\n<li>Fr\u00fchst\u00fcck.<\/li>\n<li>Steuer &amp; Versicherung.<\/li>\n<\/ul>\n\n\n\n<p class=\"has-text-align-right\"><a href='#form' class='small-button smallblue'>Preis Anfrage!<\/a><\/p>\n\n\n\n<h2 class=\"wp-block-heading\">Ban Raya Resort &#8211; Galerie<\/h2>\n\n\n\n<figure class=\"wp-block-gallery has-nested-images columns-3 is-cropped wp-block-gallery-1 is-layout-flex wp-block-gallery-is-layout-flex\">\n<figure class=\"wp-block-image size-large\"><img loading=\"lazy\" decoding=\"async\" width=\"240\" height=\"180\" data-id=\"6567\" src=\"https:\/\/www.easydayphuket.com\/wp-content\/uploads\/2013\/07\/View2-e1383578512565.jpg\" alt=\"Raya Resort &amp; Spa - Phuket\" class=\"wp-image-6567\"\/><\/figure>\n\n\n\n<figure class=\"wp-block-image size-large\"><img loading=\"lazy\" decoding=\"async\" width=\"1024\" height=\"768\" data-id=\"13050\" src=\"https:\/\/www.easydayphuket.com\/wp-content\/uploads\/2013\/11\/Baan-Raya-Resort-Libary-1024x768.jpg\" alt=\"Phuket Island Resort\" class=\"wp-image-13050\" srcset=\"https:\/\/www.easydayphuket.com\/wp-content\/uploads\/2013\/11\/Baan-Raya-Resort-Libary.jpg 1024w, https:\/\/www.easydayphuket.com\/wp-content\/uploads\/2013\/11\/Baan-Raya-Resort-Libary-300x225.jpg 300w, https:\/\/www.easydayphuket.com\/wp-content\/uploads\/2013\/11\/Baan-Raya-Resort-Libary-768x576.jpg 768w, https:\/\/www.easydayphuket.com\/wp-content\/uploads\/2013\/11\/Baan-Raya-Resort-Libary-73x55.jpg 73w\" sizes=\"(max-width: 1024px) 100vw, 1024px\" \/><\/figure>\n\n\n\n<figure class=\"wp-block-image size-large\"><img loading=\"lazy\" decoding=\"async\" width=\"1024\" height=\"768\" data-id=\"13058\" src=\"https:\/\/www.easydayphuket.com\/wp-content\/uploads\/2013\/11\/Baan-Raya-Resort-Restaurant-1024x768.jpg\" alt=\"\" class=\"wp-image-13058\" srcset=\"https:\/\/www.easydayphuket.com\/wp-content\/uploads\/2013\/11\/Baan-Raya-Resort-Restaurant.jpg 1024w, https:\/\/www.easydayphuket.com\/wp-content\/uploads\/2013\/11\/Baan-Raya-Resort-Restaurant-300x225.jpg 300w, https:\/\/www.easydayphuket.com\/wp-content\/uploads\/2013\/11\/Baan-Raya-Resort-Restaurant-768x576.jpg 768w, https:\/\/www.easydayphuket.com\/wp-content\/uploads\/2013\/11\/Baan-Raya-Resort-Restaurant-73x55.jpg 73w\" sizes=\"(max-width: 1024px) 100vw, 1024px\" \/><\/figure>\n\n\n\n<figure class=\"wp-block-image size-large\"><img loading=\"lazy\" decoding=\"async\" width=\"1024\" height=\"507\" data-id=\"13062\" src=\"https:\/\/www.easydayphuket.com\/wp-content\/uploads\/2013\/11\/Baan-Raya-Resort-Spa-Reception-1024x507.jpg\" alt=\"\" class=\"wp-image-13062\" srcset=\"https:\/\/www.easydayphuket.com\/wp-content\/uploads\/2013\/11\/Baan-Raya-Resort-Spa-Reception.jpg 1024w, https:\/\/www.easydayphuket.com\/wp-content\/uploads\/2013\/11\/Baan-Raya-Resort-Spa-Reception-300x149.jpg 300w, https:\/\/www.easydayphuket.com\/wp-content\/uploads\/2013\/11\/Baan-Raya-Resort-Spa-Reception-768x380.jpg 768w, https:\/\/www.easydayphuket.com\/wp-content\/uploads\/2013\/11\/Baan-Raya-Resort-Spa-Reception-111x55.jpg 111w\" sizes=\"(max-width: 1024px) 100vw, 1024px\" \/><\/figure>\n\n\n\n<figure class=\"wp-block-image size-large\"><img loading=\"lazy\" decoding=\"async\" width=\"1024\" height=\"683\" data-id=\"13086\" src=\"https:\/\/www.easydayphuket.com\/wp-content\/uploads\/2013\/11\/Ban-Raya-Superior-Room-1024x683.jpg\" alt=\"\" class=\"wp-image-13086\" srcset=\"https:\/\/www.easydayphuket.com\/wp-content\/uploads\/2013\/11\/Ban-Raya-Superior-Room.jpg 1024w, https:\/\/www.easydayphuket.com\/wp-content\/uploads\/2013\/11\/Ban-Raya-Superior-Room-300x200.jpg 300w, https:\/\/www.easydayphuket.com\/wp-content\/uploads\/2013\/11\/Ban-Raya-Superior-Room-768x512.jpg 768w, https:\/\/www.easydayphuket.com\/wp-content\/uploads\/2013\/11\/Ban-Raya-Superior-Room-82x55.jpg 82w, https:\/\/www.easydayphuket.com\/wp-content\/uploads\/2013\/11\/Ban-Raya-Superior-Room-180x120.jpg 180w\" sizes=\"(max-width: 1024px) 100vw, 1024px\" \/><\/figure>\n\n\n\n<figure class=\"wp-block-image size-large\"><img loading=\"lazy\" decoding=\"async\" width=\"1024\" height=\"768\" data-id=\"13082\" src=\"https:\/\/www.easydayphuket.com\/wp-content\/uploads\/2013\/11\/Ban-Raya-Superior-Premium-1024x768.jpg\" alt=\"\" class=\"wp-image-13082\" srcset=\"https:\/\/www.easydayphuket.com\/wp-content\/uploads\/2013\/11\/Ban-Raya-Superior-Premium.jpg 1024w, https:\/\/www.easydayphuket.com\/wp-content\/uploads\/2013\/11\/Ban-Raya-Superior-Premium-300x225.jpg 300w, https:\/\/www.easydayphuket.com\/wp-content\/uploads\/2013\/11\/Ban-Raya-Superior-Premium-768x576.jpg 768w, https:\/\/www.easydayphuket.com\/wp-content\/uploads\/2013\/11\/Ban-Raya-Superior-Premium-73x55.jpg 73w\" sizes=\"(max-width: 1024px) 100vw, 1024px\" \/><\/figure>\n\n\n\n<figure class=\"wp-block-image size-large\"><img loading=\"lazy\" decoding=\"async\" width=\"1024\" height=\"576\" data-id=\"13078\" src=\"https:\/\/www.easydayphuket.com\/wp-content\/uploads\/2013\/11\/Ban-Raya-Pool-1024x576.jpg\" alt=\"Ban Raya Resort - Phuket\" class=\"wp-image-13078\" srcset=\"https:\/\/www.easydayphuket.com\/wp-content\/uploads\/2013\/11\/Ban-Raya-Pool.jpg 1024w, https:\/\/www.easydayphuket.com\/wp-content\/uploads\/2013\/11\/Ban-Raya-Pool-300x169.jpg 300w, https:\/\/www.easydayphuket.com\/wp-content\/uploads\/2013\/11\/Ban-Raya-Pool-768x432.jpg 768w, https:\/\/www.easydayphuket.com\/wp-content\/uploads\/2013\/11\/Ban-Raya-Pool-98x55.jpg 98w\" sizes=\"(max-width: 1024px) 100vw, 1024px\" \/><\/figure>\n\n\n\n<figure class=\"wp-block-image size-large\"><img loading=\"lazy\" decoding=\"async\" width=\"1024\" height=\"682\" data-id=\"13074\" src=\"https:\/\/www.easydayphuket.com\/wp-content\/uploads\/2013\/11\/Ban-Raya-Deluxe-Room-1024x682.jpg\" alt=\"Ban Raya Resort - Phuket\" class=\"wp-image-13074\" srcset=\"https:\/\/www.easydayphuket.com\/wp-content\/uploads\/2013\/11\/Ban-Raya-Deluxe-Room.jpg 1024w, https:\/\/www.easydayphuket.com\/wp-content\/uploads\/2013\/11\/Ban-Raya-Deluxe-Room-300x200.jpg 300w, https:\/\/www.easydayphuket.com\/wp-content\/uploads\/2013\/11\/Ban-Raya-Deluxe-Room-768x512.jpg 768w, https:\/\/www.easydayphuket.com\/wp-content\/uploads\/2013\/11\/Ban-Raya-Deluxe-Room-83x55.jpg 83w, https:\/\/www.easydayphuket.com\/wp-content\/uploads\/2013\/11\/Ban-Raya-Deluxe-Room-180x120.jpg 180w\" sizes=\"(max-width: 1024px) 100vw, 1024px\" \/><\/figure>\n\n\n\n<figure class=\"wp-block-image size-large\"><img loading=\"lazy\" decoding=\"async\" width=\"1024\" height=\"647\" data-id=\"13070\" src=\"https:\/\/www.easydayphuket.com\/wp-content\/uploads\/2013\/11\/Ban-Raya-Deluxe-Pavilion-1024x647.jpg\" alt=\"\" class=\"wp-image-13070\" srcset=\"https:\/\/www.easydayphuket.com\/wp-content\/uploads\/2013\/11\/Ban-Raya-Deluxe-Pavilion.jpg 1024w, https:\/\/www.easydayphuket.com\/wp-content\/uploads\/2013\/11\/Ban-Raya-Deluxe-Pavilion-300x190.jpg 300w, https:\/\/www.easydayphuket.com\/wp-content\/uploads\/2013\/11\/Ban-Raya-Deluxe-Pavilion-768x485.jpg 768w, https:\/\/www.easydayphuket.com\/wp-content\/uploads\/2013\/11\/Ban-Raya-Deluxe-Pavilion-87x55.jpg 87w\" sizes=\"(max-width: 1024px) 100vw, 1024px\" \/><\/figure>\n<\/figure>\n\n\n\n<h2 class=\"wp-block-heading\">Ban Raya Resort &#8211; Ausstattung<\/h2>\n\n\n<p>[twocol_one]<\/p>\n<ul>\n<li>Privates Badezimmer.<\/li>\n<li>Balkon.<\/li>\n<li>Moskitonetz.<\/li>\n<li>Deluxe und Deluxe Pavilion Zimmer haben 24 Std Klimaanlage.<\/li>\n<\/ul>\n<p>[\/twocol_one]<\/p>\n\n\n<p>[twocol_one_last]<\/p>\n<ul>\n<li>Beach Bar.<\/li>\n<li>Spa.<\/li>\n<li>Moped\u00a0&amp; Fahrradverleih.<\/li>\n<li>Internet Cafe.<\/li>\n<\/ul>\n<p>[\/twocol_one_last]<\/p>\n\n\n\n<h3 class=\"wp-block-heading\" id=\"form\">Urlaubs Pakete &#8211; inklusive Ihrem gew\u00fcnschtem Phuket Hotel !<\/h3>\n\n\n\n<p><strong>Gutes Phuket Urlaubsangebot<\/strong> &#8211; Ausgew\u00e4hlte <a href=\"https:\/\/www.easydayphuket.com\/de\/phuket-ausfluege\/\">Phuket Ausfl\u00fcge<\/a> und privater Phuket Flughafen Transfer, alles zusammen mit dem von Ihnen gew\u00fcnschtem Hotel. Informieren Sie uns und lassen Sie sich ein <span style=\"color: #ff0000;\"><strong>unverbindliches Angebot<\/strong><\/span> zukommen.<\/p>\n\n\n\n<script charset=\"utf-8\" type=\"text\/javascript\" src=\"\/\/js.hsforms.net\/forms\/embed\/v2.js\"><\/script>\n<script>\n  hbspt.forms.create({\n    region: \"na1\",\n    portalId: \"3413662\",\n    formId: \"59765d47-ffdf-4452-a315-11081d03c004\"\n  });\n<\/script>\n\n\n\n<h2 class=\"wp-block-heading\">Anreise &#8211;&nbsp;Ban Raya Resort<\/h2>\n\n\n\n<p>Das&nbsp;Baan Raya Resort Liegt auf der wundersch\u00f6nen Insel Racha Yai Umgebung von wundersch\u00f6nen Str\u00e4nden und kristallklarem Wasser. T\u00e4glich wird der Transfer von Phuket nach Racha Yai&nbsp;mit den Schnellboot angeboten. Allerdings k\u00f6nnen sich die hier unten angegebenen Transferzeiten durch schlechtes Wetter verschieben.<\/p>\n\n\n\n<ul class=\"wp-block-list\">\n<li>Chalong Pier, Phuket nach Racha Yai Island um\u00a009.00 Uhr.<\/li>\n\n\n\n<li>Racha Yai Island nach Chalong Pier, Phuket um 15.00 Uhr.<\/li>\n<\/ul>\n\n\n\n<p>Transfervon und zur Insel Racha Zai sind in unsrem Paket enthalten. Wir w\u00fcrden uns freuen wenn Sie noch weitere Informationen ben\u00f6tigen \u00fcber andere Unterk\u00fcnfte auf der Insel Phuket.<\/p>\n\n\n\n<h2 class=\"wp-block-heading\">Ban Raya &#8211; Allgemeine&nbsp;Informationen<\/h2>\n\n\n\n<ul class=\"wp-block-list\">\n<li><strong>Check in:<\/strong> 14.00\u00a0Uhr<\/li>\n\n\n\n<li><strong>Check out:<\/strong> 12.00\u00a0Uhr (Mittags)<\/li>\n\n\n\n<li><strong>Fr\u00fcher\u00a0check in \/ Sp\u00e4ter\u00a0check out:\u00a0<\/strong>Je nach Verf\u00fcgbarkeit.<\/li>\n\n\n\n<li><strong>Kinder Optionen:<\/strong> &#8211;<\/li>\n\n\n\n<li><strong>Obligatorisches Abendessen:<\/strong>\u00a0Sylvester<\/li>\n<\/ul>\n","protected":false},"excerpt":{"rendered":"<p>The Ban Raya Resort &amp; Spa&nbsp;befindet sich auf der sch\u00f6nen Insel Racha Yai und liegt nur ca. 30 Minuten mit dem Schnellboot von Phuket entfernt. Eine wundersch\u00f6ne Anlage mit einem Ausblick der sich sehen lassen kann. Klares Wasser und wei\u00dfe Str\u00e4nde sind der Garant f\u00fcr eine perfekten Thailand Urlaub. Phuket Hotel Paket inklusive : Ban [&hellip;]<\/p>\n","protected":false},"author":4,"featured_media":13078,"parent":10518,"menu_order":0,"comment_status":"closed","ping_status":"closed","template":"template-fullwidth.php","meta":{"_acf_changed":false,"_et_pb_use_builder":"","_et_pb_old_content":"","_et_gb_content_width":"","footnotes":""},"class_list":["post-15299","page","type-page","status-publish","has-post-thumbnail","hentry"],"acf":[],"yoast_head":"<!-- This site is optimized with the Yoast SEO plugin v25.1 - https:\/\/yoast.com\/wordpress\/plugins\/seo\/ -->\n<title>Ban Raya Resort mit Easy Day Phuket Ausfl\u00fcge<\/title>\n<meta name=\"description\" content=\"The Ban Raya Resort &amp; Spa befindet sich auf der sch\u00f6nen Insel Racha Zai und liegt nur ca. 30 Minuten mit dem Schnellboot von Phuket entfernt.\" \/>\n<meta name=\"robots\" content=\"index, follow, max-snippet:-1, max-image-preview:large, max-video-preview:-1\" \/>\n<link rel=\"canonical\" href=\"https:\/\/www.easydayphuket.com\/de\/phuket-hotels\/insel-resorts-phuket\/ban-raya-resort-spa\/\" \/>\n<meta property=\"og:locale\" content=\"de_DE\" \/>\n<meta property=\"og:type\" content=\"article\" \/>\n<meta property=\"og:title\" content=\"Ban Raya Resort mit Easy Day Phuket Ausfl\u00fcge\" \/>\n<meta property=\"og:description\" content=\"The Ban Raya Resort &amp; Spa befindet sich auf der sch\u00f6nen Insel Racha Zai und liegt nur ca. 30 Minuten mit dem Schnellboot von Phuket entfernt.\" \/>\n<meta property=\"og:url\" content=\"https:\/\/www.easydayphuket.com\/de\/phuket-hotels\/insel-resorts-phuket\/ban-raya-resort-spa\/\" \/>\n<meta property=\"og:site_name\" content=\"Easy Day Phuket\" \/>\n<meta property=\"article:publisher\" content=\"https:\/\/www.facebook.com\/Easydayinthailand\/\" \/>\n<meta property=\"article:modified_time\" content=\"2024-05-14T18:22:31+00:00\" \/>\n<meta property=\"og:image\" content=\"https:\/\/www.easydayphuket.com\/wp-content\/uploads\/2013\/11\/Ban-Raya-Pool.jpg\" \/>\n\t<meta property=\"og:image:width\" content=\"1024\" \/>\n\t<meta property=\"og:image:height\" content=\"576\" \/>\n\t<meta property=\"og:image:type\" content=\"image\/jpeg\" \/>\n<meta name=\"twitter:label1\" content=\"Gesch\u00e4tzte Lesezeit\" \/>\n\t<meta name=\"twitter:data1\" content=\"4\u00a0Minuten\" \/>\n<script type=\"application\/ld+json\" class=\"yoast-schema-graph\">{\"@context\":\"https:\/\/schema.org\",\"@graph\":[{\"@type\":\"WebPage\",\"@id\":\"https:\/\/www.easydayphuket.com\/de\/phuket-hotels\/insel-resorts-phuket\/ban-raya-resort-spa\/\",\"url\":\"https:\/\/www.easydayphuket.com\/de\/phuket-hotels\/insel-resorts-phuket\/ban-raya-resort-spa\/\",\"name\":\"Ban Raya Resort mit Easy Day Phuket Ausfl\u00fcge\",\"isPartOf\":{\"@id\":\"https:\/\/www.easydayphuket.com\/#website\"},\"primaryImageOfPage\":{\"@id\":\"https:\/\/www.easydayphuket.com\/de\/phuket-hotels\/insel-resorts-phuket\/ban-raya-resort-spa\/#primaryimage\"},\"image\":{\"@id\":\"https:\/\/www.easydayphuket.com\/de\/phuket-hotels\/insel-resorts-phuket\/ban-raya-resort-spa\/#primaryimage\"},\"thumbnailUrl\":\"https:\/\/www.easydayphuket.com\/wp-content\/uploads\/2013\/11\/Ban-Raya-Pool.jpg\",\"datePublished\":\"2016-09-26T04:27:51+00:00\",\"dateModified\":\"2024-05-14T18:22:31+00:00\",\"description\":\"The Ban Raya Resort & Spa befindet sich auf der sch\u00f6nen Insel Racha Zai und liegt nur ca. 30 Minuten mit dem Schnellboot von Phuket entfernt.\",\"breadcrumb\":{\"@id\":\"https:\/\/www.easydayphuket.com\/de\/phuket-hotels\/insel-resorts-phuket\/ban-raya-resort-spa\/#breadcrumb\"},\"inLanguage\":\"de\",\"potentialAction\":[{\"@type\":\"ReadAction\",\"target\":[\"https:\/\/www.easydayphuket.com\/de\/phuket-hotels\/insel-resorts-phuket\/ban-raya-resort-spa\/\"]}]},{\"@type\":\"ImageObject\",\"inLanguage\":\"de\",\"@id\":\"https:\/\/www.easydayphuket.com\/de\/phuket-hotels\/insel-resorts-phuket\/ban-raya-resort-spa\/#primaryimage\",\"url\":\"https:\/\/www.easydayphuket.com\/wp-content\/uploads\/2013\/11\/Ban-Raya-Pool.jpg\",\"contentUrl\":\"https:\/\/www.easydayphuket.com\/wp-content\/uploads\/2013\/11\/Ban-Raya-Pool.jpg\",\"width\":1024,\"height\":576,\"caption\":\"Swimming pool\"},{\"@type\":\"BreadcrumbList\",\"@id\":\"https:\/\/www.easydayphuket.com\/de\/phuket-hotels\/insel-resorts-phuket\/ban-raya-resort-spa\/#breadcrumb\",\"itemListElement\":[{\"@type\":\"ListItem\",\"position\":1,\"name\":\"Home\",\"item\":\"https:\/\/www.easydayphuket.com\/de\/\"},{\"@type\":\"ListItem\",\"position\":2,\"name\":\"Phuket Hotel\",\"item\":\"https:\/\/www.easydayphuket.com\/de\/phuket-hotels\/\"},{\"@type\":\"ListItem\",\"position\":3,\"name\":\"Insel Resorts Phuket\",\"item\":\"https:\/\/www.easydayphuket.com\/de\/phuket-hotels\/insel-resorts-phuket\/\"},{\"@type\":\"ListItem\",\"position\":4,\"name\":\"Ban Raya Resort &amp; Spa\"}]},{\"@type\":\"WebSite\",\"@id\":\"https:\/\/www.easydayphuket.com\/#website\",\"url\":\"https:\/\/www.easydayphuket.com\/\",\"name\":\"Easy Day Phuket\",\"description\":\"Ihr Phuket Tour & Reise Partner\",\"publisher\":{\"@id\":\"https:\/\/www.easydayphuket.com\/#organization\"},\"potentialAction\":[{\"@type\":\"SearchAction\",\"target\":{\"@type\":\"EntryPoint\",\"urlTemplate\":\"https:\/\/www.easydayphuket.com\/?s={search_term_string}\"},\"query-input\":{\"@type\":\"PropertyValueSpecification\",\"valueRequired\":true,\"valueName\":\"search_term_string\"}}],\"inLanguage\":\"de\"},{\"@type\":\"Organization\",\"@id\":\"https:\/\/www.easydayphuket.com\/#organization\",\"name\":\"Easy Day Thailand\",\"url\":\"https:\/\/www.easydayphuket.com\/\",\"logo\":{\"@type\":\"ImageObject\",\"inLanguage\":\"de\",\"@id\":\"https:\/\/www.easydayphuket.com\/#\/schema\/logo\/image\/\",\"url\":\"https:\/\/www.easydayphuket.com\/wp-content\/uploads\/2013\/07\/Sun-Thaiflag_booking12.gif\",\"contentUrl\":\"https:\/\/www.easydayphuket.com\/wp-content\/uploads\/2013\/07\/Sun-Thaiflag_booking12.gif\",\"width\":100,\"height\":94,\"caption\":\"Easy Day Thailand\"},\"image\":{\"@id\":\"https:\/\/www.easydayphuket.com\/#\/schema\/logo\/image\/\"},\"sameAs\":[\"https:\/\/www.facebook.com\/Easydayinthailand\/\",\"https:\/\/www.instagram.com\/easydaythailand\/\"]}]}<\/script>\n<!-- \/ Yoast SEO plugin. -->","yoast_head_json":{"title":"Ban Raya Resort mit Easy Day Phuket Ausfl\u00fcge","description":"The Ban Raya Resort & Spa befindet sich auf der sch\u00f6nen Insel Racha Zai und liegt nur ca. 30 Minuten mit dem Schnellboot von Phuket entfernt.","robots":{"index":"index","follow":"follow","max-snippet":"max-snippet:-1","max-image-preview":"max-image-preview:large","max-video-preview":"max-video-preview:-1"},"canonical":"https:\/\/www.easydayphuket.com\/de\/phuket-hotels\/insel-resorts-phuket\/ban-raya-resort-spa\/","og_locale":"de_DE","og_type":"article","og_title":"Ban Raya Resort mit Easy Day Phuket Ausfl\u00fcge","og_description":"The Ban Raya Resort & Spa befindet sich auf der sch\u00f6nen Insel Racha Zai und liegt nur ca. 30 Minuten mit dem Schnellboot von Phuket entfernt.","og_url":"https:\/\/www.easydayphuket.com\/de\/phuket-hotels\/insel-resorts-phuket\/ban-raya-resort-spa\/","og_site_name":"Easy Day Phuket","article_publisher":"https:\/\/www.facebook.com\/Easydayinthailand\/","article_modified_time":"2024-05-14T18:22:31+00:00","og_image":[{"width":1024,"height":576,"url":"https:\/\/www.easydayphuket.com\/wp-content\/uploads\/2013\/11\/Ban-Raya-Pool.jpg","type":"image\/jpeg"}],"twitter_misc":{"Gesch\u00e4tzte Lesezeit":"4\u00a0Minuten"},"schema":{"@context":"https:\/\/schema.org","@graph":[{"@type":"WebPage","@id":"https:\/\/www.easydayphuket.com\/de\/phuket-hotels\/insel-resorts-phuket\/ban-raya-resort-spa\/","url":"https:\/\/www.easydayphuket.com\/de\/phuket-hotels\/insel-resorts-phuket\/ban-raya-resort-spa\/","name":"Ban Raya Resort mit Easy Day Phuket Ausfl\u00fcge","isPartOf":{"@id":"https:\/\/www.easydayphuket.com\/#website"},"primaryImageOfPage":{"@id":"https:\/\/www.easydayphuket.com\/de\/phuket-hotels\/insel-resorts-phuket\/ban-raya-resort-spa\/#primaryimage"},"image":{"@id":"https:\/\/www.easydayphuket.com\/de\/phuket-hotels\/insel-resorts-phuket\/ban-raya-resort-spa\/#primaryimage"},"thumbnailUrl":"https:\/\/www.easydayphuket.com\/wp-content\/uploads\/2013\/11\/Ban-Raya-Pool.jpg","datePublished":"2016-09-26T04:27:51+00:00","dateModified":"2024-05-14T18:22:31+00:00","description":"The Ban Raya Resort & Spa befindet sich auf der sch\u00f6nen Insel Racha Zai und liegt nur ca. 30 Minuten mit dem Schnellboot von Phuket entfernt.","breadcrumb":{"@id":"https:\/\/www.easydayphuket.com\/de\/phuket-hotels\/insel-resorts-phuket\/ban-raya-resort-spa\/#breadcrumb"},"inLanguage":"de","potentialAction":[{"@type":"ReadAction","target":["https:\/\/www.easydayphuket.com\/de\/phuket-hotels\/insel-resorts-phuket\/ban-raya-resort-spa\/"]}]},{"@type":"ImageObject","inLanguage":"de","@id":"https:\/\/www.easydayphuket.com\/de\/phuket-hotels\/insel-resorts-phuket\/ban-raya-resort-spa\/#primaryimage","url":"https:\/\/www.easydayphuket.com\/wp-content\/uploads\/2013\/11\/Ban-Raya-Pool.jpg","contentUrl":"https:\/\/www.easydayphuket.com\/wp-content\/uploads\/2013\/11\/Ban-Raya-Pool.jpg","width":1024,"height":576,"caption":"Swimming pool"},{"@type":"BreadcrumbList","@id":"https:\/\/www.easydayphuket.com\/de\/phuket-hotels\/insel-resorts-phuket\/ban-raya-resort-spa\/#breadcrumb","itemListElement":[{"@type":"ListItem","position":1,"name":"Home","item":"https:\/\/www.easydayphuket.com\/de\/"},{"@type":"ListItem","position":2,"name":"Phuket Hotel","item":"https:\/\/www.easydayphuket.com\/de\/phuket-hotels\/"},{"@type":"ListItem","position":3,"name":"Insel Resorts Phuket","item":"https:\/\/www.easydayphuket.com\/de\/phuket-hotels\/insel-resorts-phuket\/"},{"@type":"ListItem","position":4,"name":"Ban Raya Resort &amp; Spa"}]},{"@type":"WebSite","@id":"https:\/\/www.easydayphuket.com\/#website","url":"https:\/\/www.easydayphuket.com\/","name":"Easy Day Phuket","description":"Ihr Phuket Tour & Reise Partner","publisher":{"@id":"https:\/\/www.easydayphuket.com\/#organization"},"potentialAction":[{"@type":"SearchAction","target":{"@type":"EntryPoint","urlTemplate":"https:\/\/www.easydayphuket.com\/?s={search_term_string}"},"query-input":{"@type":"PropertyValueSpecification","valueRequired":true,"valueName":"search_term_string"}}],"inLanguage":"de"},{"@type":"Organization","@id":"https:\/\/www.easydayphuket.com\/#organization","name":"Easy Day Thailand","url":"https:\/\/www.easydayphuket.com\/","logo":{"@type":"ImageObject","inLanguage":"de","@id":"https:\/\/www.easydayphuket.com\/#\/schema\/logo\/image\/","url":"https:\/\/www.easydayphuket.com\/wp-content\/uploads\/2013\/07\/Sun-Thaiflag_booking12.gif","contentUrl":"https:\/\/www.easydayphuket.com\/wp-content\/uploads\/2013\/07\/Sun-Thaiflag_booking12.gif","width":100,"height":94,"caption":"Easy Day Thailand"},"image":{"@id":"https:\/\/www.easydayphuket.com\/#\/schema\/logo\/image\/"},"sameAs":["https:\/\/www.facebook.com\/Easydayinthailand\/","https:\/\/www.instagram.com\/easydaythailand\/"]}]}},"_links":{"self":[{"href":"https:\/\/www.easydayphuket.com\/de\/wp-json\/wp\/v2\/pages\/15299","targetHints":{"allow":["GET"]}}],"collection":[{"href":"https:\/\/www.easydayphuket.com\/de\/wp-json\/wp\/v2\/pages"}],"about":[{"href":"https:\/\/www.easydayphuket.com\/de\/wp-json\/wp\/v2\/types\/page"}],"author":[{"embeddable":true,"href":"https:\/\/www.easydayphuket.com\/de\/wp-json\/wp\/v2\/users\/4"}],"replies":[{"embeddable":true,"href":"https:\/\/www.easydayphuket.com\/de\/wp-json\/wp\/v2\/comments?post=15299"}],"version-history":[{"count":0,"href":"https:\/\/www.easydayphuket.com\/de\/wp-json\/wp\/v2\/pages\/15299\/revisions"}],"up":[{"embeddable":true,"href":"https:\/\/www.easydayphuket.com\/de\/wp-json\/wp\/v2\/pages\/10518"}],"wp:featuredmedia":[{"embeddable":true,"href":"https:\/\/www.easydayphuket.com\/de\/wp-json\/wp\/v2\/media\/13078"}],"wp:attachment":[{"href":"https:\/\/www.easydayphuket.com\/de\/wp-json\/wp\/v2\/media?parent=15299"}],"curies":[{"name":"wp","href":"https:\/\/api.w.org\/{rel}","templated":true}]}}