{"id":15298,"date":"2016-09-25T17:24:51","date_gmt":"2016-09-25T10:24:51","guid":{"rendered":"https:\/\/www.easydayphuket.com\/de\/phuket-hotels\/cape-panwa-hotels\/by-the-sea-phuket\/"},"modified":"2024-05-15T01:15:32","modified_gmt":"2024-05-14T18:15:32","slug":"by-the-sea-phuket","status":"publish","type":"page","link":"https:\/\/www.easydayphuket.com\/de\/phuket-hotels\/cape-panwa-hotels\/by-the-sea-phuket\/","title":{"rendered":"By The Sea Phuket"},"content":{"rendered":"\n<figure class=\"wp-block-image alignright\"><a href=\"https:\/\/www.easydayphuket.com\/wp-content\/uploads\/2013\/07\/by-the-sea-deluxe.jpg\"><img loading=\"lazy\" decoding=\"async\" width=\"300\" height=\"200\" src=\"https:\/\/www.easydayphuket.com\/wp-content\/uploads\/2013\/07\/by-the-sea-deluxe-300x200.jpg\" alt=\"By The Sea Deluxe Zimmer\" class=\"wp-image-3013\" srcset=\"https:\/\/www.easydayphuket.com\/wp-content\/uploads\/2013\/07\/by-the-sea-deluxe-300x200.jpg 300w, https:\/\/www.easydayphuket.com\/wp-content\/uploads\/2013\/07\/by-the-sea-deluxe-82x55.jpg 82w, https:\/\/www.easydayphuket.com\/wp-content\/uploads\/2013\/07\/by-the-sea-deluxe-180x120.jpg 180w, https:\/\/www.easydayphuket.com\/wp-content\/uploads\/2013\/07\/by-the-sea-deluxe.jpg 700w\" sizes=\"(max-width: 300px) 100vw, 300px\" \/><\/a><figcaption class=\"wp-element-caption\">By The Sea Deluxe Zimmer<\/figcaption><\/figure>\n\n\n\n<p>By The Sea Resort, Phuket liegt in Cape Panwa und ist eine der besten Adressen der Insel. Direkt am Strand an der Osk\u00fcste liegend, ist es ein Ort der f\u00fcr einen entspannten Urlaub nahezu pr\u00e4destiniert ist. Zum schnorcheln &amp; schwimmen hat der Strand vom Resort glasklares Wasser und wundersch\u00f6ne Korallen.<\/p>\n\n\n\n<ul class=\"wp-block-list\">\n<li>Ganzj\u00e4hrig <strong>ruhige See<\/strong> in\u00a0Cape Panwa.<\/li>\n\n\n\n<li>Panorama <strong>Aussicht<\/strong> auf umliegende Inseln.<\/li>\n\n\n\n<li><strong>Fantastischer Strand.<\/strong><\/li>\n\n\n\n<li>Eine der besten Adressen von Phuket<\/li>\n\n\n\n<li><strong>Perfekt<\/strong> f\u00fcr Familien mit Kindern.<\/li>\n<\/ul>\n\n\n<p><strong><span style=\"color: #ff0000;\"> 3 Tage \/ 2 N\u00e4chte<\/span>\u00a0&#8211; Preise in Thai Baht pro Person ab<\/strong><strong>\u00a0<\/strong><strong>2,800\u00a0 <a title=\"Easy Day Contact Form\" href=\"#form\">&gt;&gt; <\/a><a title=\"Easy Day Contact Form\" href=\"#form\">Ihr unverbindliches Angebot<\/a><a title=\"Easy Day Contact Form\" href=\"#form\">!<\/a><\/strong> <\/p>\n\n\n\n<p><strong>Phuket Hotel Paket inklusive :<br><\/strong><\/p>\n\n\n<ul>\n<li><strong>Privater<\/strong> Phuket <a title=\"Phuket Airport Transfer\" href=\"https:\/\/www.easydayphuket.com\/de\/phuket-transfers\/phuket-flughafentransfer\/\">Airport Transfer<\/a>\u00a0!<\/li>\n<li>Preise basierend bei Doppelbelegung im<strong>\u00a0Superior Zimmer!<\/strong><\/li>\n<li>Fr\u00fchst\u00fcck.<\/li>\n<li>Steuern &amp; Versicherung.<\/li>\n<\/ul>\n\n\n\n<p class=\"has-text-align-right\"><a href='#form' class='small-button smallblue'>Preis Anfrage!<\/a><\/p>\n\n\n\n<h2 class=\"wp-block-heading\">By The Sea&nbsp;Zimmer &amp; Einrichtung<\/h2>\n\n\n<p>[wzslider autoplay=&#8220;true&#8220; info=&#8220;true&#8220; lightbox=&#8220;true&#8220;]<\/p>\n\n\n\n<h2 class=\"wp-block-heading\">By The Sea, Phuket &#8211; Ausstattung<\/h2>\n\n\n<p>[twocol_one]<\/p>\n<ul>\n<li>Swimming Pool.<\/li>\n<li>Restaurant \/ B\u00e4ckerei.<\/li>\n<li>Int. Telefon &amp; Fax<\/li>\n<li>24 Std Sicherheitsservice.<\/li>\n<li>Kostenlos Mountain Bikes.<\/li>\n<li>Kostenlos Schnorchel Ausr\u00fcstung.<\/li>\n<\/ul>\n<p>[\/twocol_one]<\/p>\n\n\n<p>[twocol_one_last]<\/p>\n<ul>\n<li>Kinder Pool.<\/li>\n<li>W\u00e4scherei.<\/li>\n<li>Zimmer\u00a0Service.<\/li>\n<li>Gymnasium.<\/li>\n<li>Kostenloses Kanu.<\/li>\n<li>Kostenloser Zubringer in die Stadt.<\/li>\n<\/ul>\n<p>[\/twocol_one_last]<\/p>\n\n\n\n<h3 class=\"wp-block-heading\" id=\"form\">Urlaubs Pakete &#8211; inklusive Ihrem gew\u00fcnschtem Phuket Hotel !<\/h3>\n\n\n\n<p><strong>Gutes Phuket Urlaubsangebot<\/strong> &#8211; Ausgew\u00e4hlte <a href=\"https:\/\/www.easydayphuket.com\/de\/phuket-ausfluege\/\">Phuket Ausfl\u00fcge<\/a> und privater Phuket Flughafen Transfer, alles zusammen mit dem von Ihnen gew\u00fcnschtem Hotel. Informieren Sie uns und lassen Sie sich ein <span style=\"color: #ff0000;\"><strong>unverbindliches Angebot<\/strong><\/span> zukommen.<\/p>\n\n\n\n<script charset=\"utf-8\" type=\"text\/javascript\" src=\"\/\/js.hsforms.net\/forms\/embed\/v2.js\"><\/script>\n<script>\n  hbspt.forms.create({\n    region: \"na1\",\n    portalId: \"3413662\",\n    formId: \"59765d47-ffdf-4452-a315-11081d03c004\"\n  });\n<\/script>\n\n\n\n<h2 class=\"wp-block-heading\">Anreise &#8211;&nbsp;By The Sea, Phuket<\/h2>\n\n\n\n<p>Bei allen unseren Hotel Paketen ist der <a href=\"https:\/\/www.easydayphuket.com\/de\/phuket-transfers\/phuket-flughafentransfer\/\">Phuket Flughafen Transfer<\/a> inklusive. Wenn Sie selbst anreisen sollten finden Sie hier die dementsprechenden Details zum By The Sea Resort, Phuket.<\/p>\n\n\n\n<p>By The Sea Resort Phuket befindet sich am Khao Kard Beach in Cape Panwa, was ca 15 Minuten s\u00fcdlich von Phuket Town liegt. Vom Flughafen ben\u00f6tigt man ca. 50 &#8211; 60 Minuten und zu den umliegenden bekannten Str\u00e4nden, wie Patong Beach oder Karon Beach sind es keine halbe Stunde.<\/p>\n\n\n\n<h2 class=\"wp-block-heading\">By The Sea &#8211; Khao Kard Beach &#8211; Allgemeine&nbsp;Informationen<\/h2>\n\n\n\n<ul class=\"wp-block-list\">\n<li><strong>Check in:<\/strong>\u00a014.00\u00a0Uhr<\/li>\n\n\n\n<li><strong>Check out:<\/strong>\u00a012.00\u00a0Uhr (Mittags)<\/li>\n\n\n\n<li><strong>Fr\u00fcher\u00a0check in \/ Sp\u00e4ter\u00a0check out:\u00a0<\/strong>Je nach Verf\u00fcgbarkeit.<\/li>\n\n\n\n<li><strong>Kinder Optionen:<\/strong>\u00a0Kinder zwischen 4-11 Jahren im Zimmer der Eltern sind kostenlos inklusive Zusatzbett und beim Fr\u00fchst\u00fcck gibt es 50% Discount.<\/li>\n\n\n\n<li><strong>Obligatorisches Abendessen:<\/strong>\u00a0Sylvester<\/li>\n<\/ul>\n","protected":false},"excerpt":{"rendered":"<p>By The Sea Resort, Phuket liegt in Cape Panwa und ist eine der besten Adressen der Insel. Direkt am Strand an der Osk\u00fcste liegend, ist es ein Ort der f\u00fcr einen entspannten Urlaub nahezu pr\u00e4destiniert ist. Zum schnorcheln &amp; schwimmen hat der Strand vom Resort glasklares Wasser und wundersch\u00f6ne Korallen. Phuket Hotel Paket inklusive : [&hellip;]<\/p>\n","protected":false},"author":4,"featured_media":0,"parent":14841,"menu_order":0,"comment_status":"closed","ping_status":"closed","template":"","meta":{"_acf_changed":false,"_et_pb_use_builder":"","_et_pb_old_content":"","_et_gb_content_width":"","footnotes":""},"class_list":["post-15298","page","type-page","status-publish","hentry"],"acf":[],"yoast_head":"<!-- This site is optimized with the Yoast SEO plugin v25.1 - https:\/\/yoast.com\/wordpress\/plugins\/seo\/ -->\n<title>By The Sea - Buchen mit Easy Day Phuket Tours<\/title>\n<meta name=\"description\" content=\"By The Sea Resort, Phuket liegt in Cape Panwa und ist eine der besten Adressen der Insel.\" \/>\n<meta name=\"robots\" content=\"index, follow, max-snippet:-1, max-image-preview:large, max-video-preview:-1\" \/>\n<link rel=\"canonical\" href=\"https:\/\/www.easydayphuket.com\/de\/phuket-hotels\/cape-panwa-hotels\/by-the-sea-phuket\/\" \/>\n<meta property=\"og:locale\" content=\"de_DE\" \/>\n<meta property=\"og:type\" content=\"article\" \/>\n<meta property=\"og:title\" content=\"By The Sea - Buchen mit Easy Day Phuket Tours\" \/>\n<meta property=\"og:description\" content=\"By The Sea Resort, Phuket liegt in Cape Panwa und ist eine der besten Adressen der Insel.\" \/>\n<meta property=\"og:url\" content=\"https:\/\/www.easydayphuket.com\/de\/phuket-hotels\/cape-panwa-hotels\/by-the-sea-phuket\/\" \/>\n<meta property=\"og:site_name\" content=\"Easy Day Phuket\" \/>\n<meta property=\"article:publisher\" content=\"https:\/\/www.facebook.com\/Easydayinthailand\/\" \/>\n<meta property=\"article:modified_time\" content=\"2024-05-14T18:15:32+00:00\" \/>\n<meta property=\"og:image\" content=\"https:\/\/www.easydayphuket.com\/wp-content\/uploads\/2013\/07\/by-the-sea-deluxe-300x200.jpg\" \/>\n<meta name=\"twitter:label1\" content=\"Gesch\u00e4tzte Lesezeit\" \/>\n\t<meta name=\"twitter:data1\" content=\"2\u00a0Minuten\" \/>\n<script type=\"application\/ld+json\" class=\"yoast-schema-graph\">{\"@context\":\"https:\/\/schema.org\",\"@graph\":[{\"@type\":\"WebPage\",\"@id\":\"https:\/\/www.easydayphuket.com\/de\/phuket-hotels\/cape-panwa-hotels\/by-the-sea-phuket\/\",\"url\":\"https:\/\/www.easydayphuket.com\/de\/phuket-hotels\/cape-panwa-hotels\/by-the-sea-phuket\/\",\"name\":\"By The Sea - Buchen mit Easy Day Phuket Tours\",\"isPartOf\":{\"@id\":\"https:\/\/www.easydayphuket.com\/#website\"},\"primaryImageOfPage\":{\"@id\":\"https:\/\/www.easydayphuket.com\/de\/phuket-hotels\/cape-panwa-hotels\/by-the-sea-phuket\/#primaryimage\"},\"image\":{\"@id\":\"https:\/\/www.easydayphuket.com\/de\/phuket-hotels\/cape-panwa-hotels\/by-the-sea-phuket\/#primaryimage\"},\"thumbnailUrl\":\"https:\/\/www.easydayphuket.com\/wp-content\/uploads\/2013\/07\/by-the-sea-deluxe-300x200.jpg\",\"datePublished\":\"2016-09-25T10:24:51+00:00\",\"dateModified\":\"2024-05-14T18:15:32+00:00\",\"description\":\"By The Sea Resort, Phuket liegt in Cape Panwa und ist eine der besten Adressen der Insel.\",\"breadcrumb\":{\"@id\":\"https:\/\/www.easydayphuket.com\/de\/phuket-hotels\/cape-panwa-hotels\/by-the-sea-phuket\/#breadcrumb\"},\"inLanguage\":\"de\",\"potentialAction\":[{\"@type\":\"ReadAction\",\"target\":[\"https:\/\/www.easydayphuket.com\/de\/phuket-hotels\/cape-panwa-hotels\/by-the-sea-phuket\/\"]}]},{\"@type\":\"ImageObject\",\"inLanguage\":\"de\",\"@id\":\"https:\/\/www.easydayphuket.com\/de\/phuket-hotels\/cape-panwa-hotels\/by-the-sea-phuket\/#primaryimage\",\"url\":\"https:\/\/www.easydayphuket.com\/wp-content\/uploads\/2013\/07\/by-the-sea-deluxe-300x200.jpg\",\"contentUrl\":\"https:\/\/www.easydayphuket.com\/wp-content\/uploads\/2013\/07\/by-the-sea-deluxe-300x200.jpg\"},{\"@type\":\"BreadcrumbList\",\"@id\":\"https:\/\/www.easydayphuket.com\/de\/phuket-hotels\/cape-panwa-hotels\/by-the-sea-phuket\/#breadcrumb\",\"itemListElement\":[{\"@type\":\"ListItem\",\"position\":1,\"name\":\"Home\",\"item\":\"https:\/\/www.easydayphuket.com\/de\/\"},{\"@type\":\"ListItem\",\"position\":2,\"name\":\"Phuket Hotel\",\"item\":\"https:\/\/www.easydayphuket.com\/de\/phuket-hotels\/\"},{\"@type\":\"ListItem\",\"position\":3,\"name\":\"Cape Panwa Hotels\",\"item\":\"https:\/\/www.easydayphuket.com\/de\/phuket-hotels\/cape-panwa-hotels\/\"},{\"@type\":\"ListItem\",\"position\":4,\"name\":\"By The Sea Phuket\"}]},{\"@type\":\"WebSite\",\"@id\":\"https:\/\/www.easydayphuket.com\/#website\",\"url\":\"https:\/\/www.easydayphuket.com\/\",\"name\":\"Easy Day Phuket\",\"description\":\"Ihr Phuket Tour & Reise Partner\",\"publisher\":{\"@id\":\"https:\/\/www.easydayphuket.com\/#organization\"},\"potentialAction\":[{\"@type\":\"SearchAction\",\"target\":{\"@type\":\"EntryPoint\",\"urlTemplate\":\"https:\/\/www.easydayphuket.com\/?s={search_term_string}\"},\"query-input\":{\"@type\":\"PropertyValueSpecification\",\"valueRequired\":true,\"valueName\":\"search_term_string\"}}],\"inLanguage\":\"de\"},{\"@type\":\"Organization\",\"@id\":\"https:\/\/www.easydayphuket.com\/#organization\",\"name\":\"Easy Day Thailand\",\"url\":\"https:\/\/www.easydayphuket.com\/\",\"logo\":{\"@type\":\"ImageObject\",\"inLanguage\":\"de\",\"@id\":\"https:\/\/www.easydayphuket.com\/#\/schema\/logo\/image\/\",\"url\":\"https:\/\/www.easydayphuket.com\/wp-content\/uploads\/2013\/07\/Sun-Thaiflag_booking12.gif\",\"contentUrl\":\"https:\/\/www.easydayphuket.com\/wp-content\/uploads\/2013\/07\/Sun-Thaiflag_booking12.gif\",\"width\":100,\"height\":94,\"caption\":\"Easy Day Thailand\"},\"image\":{\"@id\":\"https:\/\/www.easydayphuket.com\/#\/schema\/logo\/image\/\"},\"sameAs\":[\"https:\/\/www.facebook.com\/Easydayinthailand\/\",\"https:\/\/www.instagram.com\/easydaythailand\/\"]}]}<\/script>\n<!-- \/ Yoast SEO plugin. -->","yoast_head_json":{"title":"By The Sea - Buchen mit Easy Day Phuket Tours","description":"By The Sea Resort, Phuket liegt in Cape Panwa und ist eine der besten Adressen der Insel.","robots":{"index":"index","follow":"follow","max-snippet":"max-snippet:-1","max-image-preview":"max-image-preview:large","max-video-preview":"max-video-preview:-1"},"canonical":"https:\/\/www.easydayphuket.com\/de\/phuket-hotels\/cape-panwa-hotels\/by-the-sea-phuket\/","og_locale":"de_DE","og_type":"article","og_title":"By The Sea - Buchen mit Easy Day Phuket Tours","og_description":"By The Sea Resort, Phuket liegt in Cape Panwa und ist eine der besten Adressen der Insel.","og_url":"https:\/\/www.easydayphuket.com\/de\/phuket-hotels\/cape-panwa-hotels\/by-the-sea-phuket\/","og_site_name":"Easy Day Phuket","article_publisher":"https:\/\/www.facebook.com\/Easydayinthailand\/","article_modified_time":"2024-05-14T18:15:32+00:00","og_image":[{"url":"https:\/\/www.easydayphuket.com\/wp-content\/uploads\/2013\/07\/by-the-sea-deluxe-300x200.jpg","type":"","width":"","height":""}],"twitter_misc":{"Gesch\u00e4tzte Lesezeit":"2\u00a0Minuten"},"schema":{"@context":"https:\/\/schema.org","@graph":[{"@type":"WebPage","@id":"https:\/\/www.easydayphuket.com\/de\/phuket-hotels\/cape-panwa-hotels\/by-the-sea-phuket\/","url":"https:\/\/www.easydayphuket.com\/de\/phuket-hotels\/cape-panwa-hotels\/by-the-sea-phuket\/","name":"By The Sea - Buchen mit Easy Day Phuket Tours","isPartOf":{"@id":"https:\/\/www.easydayphuket.com\/#website"},"primaryImageOfPage":{"@id":"https:\/\/www.easydayphuket.com\/de\/phuket-hotels\/cape-panwa-hotels\/by-the-sea-phuket\/#primaryimage"},"image":{"@id":"https:\/\/www.easydayphuket.com\/de\/phuket-hotels\/cape-panwa-hotels\/by-the-sea-phuket\/#primaryimage"},"thumbnailUrl":"https:\/\/www.easydayphuket.com\/wp-content\/uploads\/2013\/07\/by-the-sea-deluxe-300x200.jpg","datePublished":"2016-09-25T10:24:51+00:00","dateModified":"2024-05-14T18:15:32+00:00","description":"By The Sea Resort, Phuket liegt in Cape Panwa und ist eine der besten Adressen der Insel.","breadcrumb":{"@id":"https:\/\/www.easydayphuket.com\/de\/phuket-hotels\/cape-panwa-hotels\/by-the-sea-phuket\/#breadcrumb"},"inLanguage":"de","potentialAction":[{"@type":"ReadAction","target":["https:\/\/www.easydayphuket.com\/de\/phuket-hotels\/cape-panwa-hotels\/by-the-sea-phuket\/"]}]},{"@type":"ImageObject","inLanguage":"de","@id":"https:\/\/www.easydayphuket.com\/de\/phuket-hotels\/cape-panwa-hotels\/by-the-sea-phuket\/#primaryimage","url":"https:\/\/www.easydayphuket.com\/wp-content\/uploads\/2013\/07\/by-the-sea-deluxe-300x200.jpg","contentUrl":"https:\/\/www.easydayphuket.com\/wp-content\/uploads\/2013\/07\/by-the-sea-deluxe-300x200.jpg"},{"@type":"BreadcrumbList","@id":"https:\/\/www.easydayphuket.com\/de\/phuket-hotels\/cape-panwa-hotels\/by-the-sea-phuket\/#breadcrumb","itemListElement":[{"@type":"ListItem","position":1,"name":"Home","item":"https:\/\/www.easydayphuket.com\/de\/"},{"@type":"ListItem","position":2,"name":"Phuket Hotel","item":"https:\/\/www.easydayphuket.com\/de\/phuket-hotels\/"},{"@type":"ListItem","position":3,"name":"Cape Panwa Hotels","item":"https:\/\/www.easydayphuket.com\/de\/phuket-hotels\/cape-panwa-hotels\/"},{"@type":"ListItem","position":4,"name":"By The Sea Phuket"}]},{"@type":"WebSite","@id":"https:\/\/www.easydayphuket.com\/#website","url":"https:\/\/www.easydayphuket.com\/","name":"Easy Day Phuket","description":"Ihr Phuket Tour & Reise Partner","publisher":{"@id":"https:\/\/www.easydayphuket.com\/#organization"},"potentialAction":[{"@type":"SearchAction","target":{"@type":"EntryPoint","urlTemplate":"https:\/\/www.easydayphuket.com\/?s={search_term_string}"},"query-input":{"@type":"PropertyValueSpecification","valueRequired":true,"valueName":"search_term_string"}}],"inLanguage":"de"},{"@type":"Organization","@id":"https:\/\/www.easydayphuket.com\/#organization","name":"Easy Day Thailand","url":"https:\/\/www.easydayphuket.com\/","logo":{"@type":"ImageObject","inLanguage":"de","@id":"https:\/\/www.easydayphuket.com\/#\/schema\/logo\/image\/","url":"https:\/\/www.easydayphuket.com\/wp-content\/uploads\/2013\/07\/Sun-Thaiflag_booking12.gif","contentUrl":"https:\/\/www.easydayphuket.com\/wp-content\/uploads\/2013\/07\/Sun-Thaiflag_booking12.gif","width":100,"height":94,"caption":"Easy Day Thailand"},"image":{"@id":"https:\/\/www.easydayphuket.com\/#\/schema\/logo\/image\/"},"sameAs":["https:\/\/www.facebook.com\/Easydayinthailand\/","https:\/\/www.instagram.com\/easydaythailand\/"]}]}},"_links":{"self":[{"href":"https:\/\/www.easydayphuket.com\/de\/wp-json\/wp\/v2\/pages\/15298","targetHints":{"allow":["GET"]}}],"collection":[{"href":"https:\/\/www.easydayphuket.com\/de\/wp-json\/wp\/v2\/pages"}],"about":[{"href":"https:\/\/www.easydayphuket.com\/de\/wp-json\/wp\/v2\/types\/page"}],"author":[{"embeddable":true,"href":"https:\/\/www.easydayphuket.com\/de\/wp-json\/wp\/v2\/users\/4"}],"replies":[{"embeddable":true,"href":"https:\/\/www.easydayphuket.com\/de\/wp-json\/wp\/v2\/comments?post=15298"}],"version-history":[{"count":0,"href":"https:\/\/www.easydayphuket.com\/de\/wp-json\/wp\/v2\/pages\/15298\/revisions"}],"up":[{"embeddable":true,"href":"https:\/\/www.easydayphuket.com\/de\/wp-json\/wp\/v2\/pages\/14841"}],"wp:attachment":[{"href":"https:\/\/www.easydayphuket.com\/de\/wp-json\/wp\/v2\/media?parent=15298"}],"curies":[{"name":"wp","href":"https:\/\/api.w.org\/{rel}","templated":true}]}}