{"id":15226,"date":"2016-09-19T12:07:05","date_gmt":"2016-09-19T05:07:05","guid":{"rendered":"https:\/\/www.easydayphuket.com\/de\/phuket-hotels\/chalong-bay-hotels\/chalong-chalet-resort\/"},"modified":"2024-05-15T01:17:49","modified_gmt":"2024-05-14T18:17:49","slug":"chalong-chalet-resort","status":"publish","type":"page","link":"https:\/\/www.easydayphuket.com\/de\/phuket-hotels\/chalong-bay-hotels\/chalong-chalet-resort\/","title":{"rendered":"Chalong Chalet Resort"},"content":{"rendered":"\n<figure class=\"wp-block-image alignright size-full wp-image-6849\"><img loading=\"lazy\" decoding=\"async\" width=\"240\" height=\"180\" src=\"https:\/\/www.easydayphuket.com\/wp-content\/uploads\/2014\/01\/Villa-e1389696822851.jpg\" alt=\"Chalong Chalet Villa\" class=\"wp-image-3664\"\/><figcaption class=\"wp-element-caption\">Chalong Chalet Villa<\/figcaption><\/figure>\n\n\n\n<p>Chalong Chalet Resort, Phuket befindet sich auf einem majest\u00e4tischen H\u00fcgel mit Blick auf die Bucht von Chalong und den Bergketten drumrum. Eine tolle Aussicht bei der man die Seele baumeln lassen kann um seinen Urlaub voll zu genie\u00dfen.<\/p>\n\n\n\n<ul class=\"wp-block-list\">\n<li>Liegend in\u00a0<strong>Chalong <\/strong>in der N\u00e4he vom<a title=\"Big Buddha\" href=\"https:\/\/www.easydayphuket.com\/big-buddha\/\" target=\"_blank\" rel=\"noopener\"><strong>\u00a0Big\u00a0Buddha\u00a0<\/strong><\/a><\/li>\n\n\n\n<li>Ruhige &amp; private <strong>Umgebung<\/strong>,<\/li>\n\n\n\n<li>Kurze Wege zum Einkaufen.<\/li>\n\n\n\n<li><strong>Pr\u00e4chtige <\/strong>Unterk\u00fcnfte.<\/li>\n\n\n\n<li><strong>Kinderbereich <\/strong>im Swimmingpool.<\/li>\n\n\n\n<li>24 Std<b> Villa Service <\/b>mit Fr\u00fchst\u00fcck.<\/li>\n<\/ul>\n\n\n<p><strong><span style=\"color: #ff0000;\"> 3 Tage\u00a0\/ 2 N\u00e4chte\u00a0&#8211; <span style=\"color: #000000;\">Preise in Thai Baht pro Person ab<\/span><\/span><\/strong><strong>\u00a0<\/strong><strong>3,250\u00a0 <a title=\"Easy Day Contact Form\" href=\"#form\">&gt;&gt; <\/a><a title=\"Easy Day Contact Form\" href=\"#form\">Ihr unverbindliches Angebot!<\/a><\/strong>\u00a0<\/p>\n\n\n\n<p><strong>Phuket Hotel Paket inklusive&nbsp;: <\/strong><span style=\"line-height: 1.5em;\"><\/span><\/p>\n\n\n<p><\/span><\/p>\n<ul>\n<li><strong>Privater<\/strong>\u00a0<a title=\"Phuket Airport Transfer\" href=\"https:\/\/www.easydayphuket.com\/de\/phuket-transfers\/phuket-flughafentransfer\/\">Phuket Flughafen\u00a0Transfers<\/a>.<\/li>\n<li>Preise basierend Zwei o. Doppelbett\u00a0<strong>Deluxe Garden<\/strong> View Chalet<\/li>\n<li>Kein Mindestaufenthalt!<\/li>\n<li><b>Fr\u00fchst\u00fcck<\/b><\/li>\n<li><span style=\"line-height: 1.5em;\"><b>Kostenlos<\/b> W<\/span><span style=\"line-height: 1.5em;\">i-Fi <\/span><\/li>\n<li><span style=\"line-height: 1.5em;\"><strong>Kostenloser <\/strong>Zubringer nach\u00a0<a title=\"Old Phuket Town\" href=\"https:\/\/www.easydayphuket.com\/old-phuket-town\/\" target=\"_blank\" rel=\"noopener\">Phuket Town<\/a><\/span><\/li>\n<li>Tax &amp; Insurance<\/li>\n<\/ul>\n\n\n\n<p class=\"has-text-align-right\"><a href='#form' class='small-button smallblue'>Preis Anfrage!<\/a><\/p>\n\n\n\n<h2 class=\"wp-block-heading\">Chalong Chalet, Phuket &#8211; Auswahl<\/h2>\n\n\n\n<figure class=\"wp-block-gallery has-nested-images columns-3 is-cropped wp-block-gallery-1 is-layout-flex wp-block-gallery-is-layout-flex\">\n<figure class=\"wp-block-image size-large\"><img loading=\"lazy\" decoding=\"async\" width=\"240\" height=\"180\" data-id=\"6846\" src=\"https:\/\/www.easydayphuket.com\/wp-content\/uploads\/2014\/01\/Villa-Lounge-e1389695669895.jpg\" alt=\"\" class=\"wp-image-6846\"\/><\/figure>\n\n\n\n<figure class=\"wp-block-image size-large\"><img loading=\"lazy\" decoding=\"async\" width=\"240\" height=\"182\" data-id=\"6843\" src=\"https:\/\/www.easydayphuket.com\/wp-content\/uploads\/2014\/01\/Swimming-Pool-e1389695505276.jpg\" alt=\"\" class=\"wp-image-6843\"\/><\/figure>\n\n\n\n<figure class=\"wp-block-image size-large\"><img loading=\"lazy\" decoding=\"async\" width=\"240\" height=\"180\" data-id=\"6840\" src=\"https:\/\/www.easydayphuket.com\/wp-content\/uploads\/2014\/01\/Bedroom-e1389695450414.jpg\" alt=\"\" class=\"wp-image-6840\"\/><\/figure>\n<\/figure>\n\n\n\n<h2 class=\"wp-block-heading\">Chalong Chalet Resort&nbsp;&#8211; Ausstattung<\/h2>\n\n\n<p>[twocol_one]<\/p>\n<ul>\n<li>24\u00a0Std Sicherheitspersonal<\/li>\n<li>Zubringer nach\u00a0Phuket Town oder Strand.<\/li>\n<li>W\u00e4scherei<\/li>\n<li>Autovermietung<\/li>\n<li><a title=\"Top Phuket Tours\" href=\"https:\/\/www.easydayphuket.com\/de\/phuket-ausfluege\/\" target=\"_blank\" rel=\"noopener\">Ausfl\u00fcge<\/a><\/li>\n<li>Zimmer Service<\/li>\n<\/ul>\n<p>[\/twocol_one]<\/p>\n\n\n<p>[twocol_one_last]<\/p>\n<ul>\n<li>Authentisches Thail\u00e4ndisches Abendessen.<\/li>\n<li>Thai Au\u00dfenbereich\u00a0Massage<\/li>\n<li>Thai Herbal Dampf\u00a0Sauna<\/li>\n<li>Thai\u00a0Kochkurse.<\/li>\n<\/ul>\n<p>[\/twocol_one_last]<\/p>\n\n\n\n<h3 class=\"wp-block-heading\" id=\"form\">Urlaubs Pakete &#8211; inklusive Ihrem gew\u00fcnschtem Phuket Hotel !<\/h3>\n\n\n\n<p><strong>Gutes Phuket Urlaubsangebot<\/strong> &#8211; Ausgew\u00e4hlte <a href=\"https:\/\/www.easydayphuket.com\/de\/phuket-ausfluege\/\">Phuket Ausfl\u00fcge<\/a> und privater Phuket Flughafen Transfer, alles zusammen mit dem von Ihnen gew\u00fcnschtem Hotel. Informieren Sie uns und lassen Sie sich ein <span style=\"color: #ff0000;\"><strong>unverbindliches Angebot<\/strong><\/span> zukommen.<\/p>\n\n\n\n<script charset=\"utf-8\" type=\"text\/javascript\" src=\"\/\/js.hsforms.net\/forms\/embed\/v2.js\"><\/script>\n<script>\n  hbspt.forms.create({\n    region: \"na1\",\n    portalId: \"3413662\",\n    formId: \"59765d47-ffdf-4452-a315-11081d03c004\"\n  });\n<\/script>\n\n\n\n<h2 class=\"wp-block-heading\">Anreise &#8211;&nbsp;Chalong Chalet Resort<\/h2>\n\n\n\n<p>Bei allen unseren Hotel Paketen ist der <a href=\"https:\/\/www.easydayphuket.com\/de\/phuket-transfers\/phuket-flughafentransfer\/\">Phuket Flughafen Transfer<\/a> inklusive. Wenn Sie selbst anreisen sollten finden Sie hier die dementsprechenden Details zum&nbsp;Chalong Chalet Resort, Phuket<\/p>\n\n\n\n<p>Das Chalong Chalet Resort, garantiert Ihnen den ultimativen Komfort und Privatsph\u00e4re. Zur Auswahl stehen 18 traditionelle Thai-Style Chalets in mitten eines \u00fcppig, tropischem Garten.<\/p>\n\n\n\n<p>Jedes Chalet verf\u00fcgt \u00fcber einen eigenen Balkon von wo aus man die Romantik der&nbsp;Natur voll genie\u00dfen kann. Der Swimmingpool liegt an der Kante im H\u00fcgel und erm\u00f6glicht&nbsp;einen fantastischen Ausblick auf die Bucht von Chalong, Phuket. Ein unvergessliches Erlebnis aus Entspannung und Romantik erwartet Sie im Chalong Chalet Resort, Phuket.<\/p>\n\n\n\n<h2 class=\"wp-block-heading\">Chalong Chalet Resort &#8211; Allgemeine&nbsp;Informationen<\/h2>\n\n\n\n<ul class=\"wp-block-list\">\n<li><strong>Check in:<\/strong>\u00a014.00\u00a0Uhr<\/li>\n\n\n\n<li><strong>Check out:<\/strong>\u00a012.00\u00a0Uhr (Mittags)<\/li>\n\n\n\n<li><strong>18 Chalets\u00a0stehen zur Verf\u00fcgung.<\/strong><\/li>\n\n\n\n<li><strong>Kostenloser Zubringe<\/strong>\u00a0zum\u00a0<a title=\"Nai Harn Beach \u2013 The beaches of Phuket\" href=\"https:\/\/www.easydayphuket.com\/nai-harn-beach-beaches-phuket\/\" target=\"_blank\" rel=\"noopener\">Nai Harn Beach<\/a>\u00a0nach dem Fr\u00fchst\u00fcck.<\/li>\n\n\n\n<li><strong>Obligatorisches Abendessen:<\/strong>\u00a0Nein.<\/li>\n<\/ul>\n","protected":false},"excerpt":{"rendered":"<p>Chalong Chalet Resort, Phuket befindet sich auf einem majest\u00e4tischen H\u00fcgel mit Blick auf die Bucht von Chalong und den Bergketten drumrum. Eine tolle Aussicht bei der man die Seele baumeln lassen kann um seinen Urlaub voll zu genie\u00dfen. Phuket Hotel Paket inklusive&nbsp;: Chalong Chalet, Phuket &#8211; Auswahl Chalong Chalet Resort&nbsp;&#8211; Ausstattung Urlaubs Pakete &#8211; inklusive [&hellip;]<\/p>\n","protected":false},"author":4,"featured_media":0,"parent":14840,"menu_order":0,"comment_status":"closed","ping_status":"open","template":"","meta":{"_acf_changed":false,"_et_pb_use_builder":"","_et_pb_old_content":"","_et_gb_content_width":"","footnotes":""},"class_list":["post-15226","page","type-page","status-publish","hentry"],"acf":[],"yoast_head":"<!-- This site is optimized with the Yoast SEO plugin v25.1 - https:\/\/yoast.com\/wordpress\/plugins\/seo\/ -->\n<title>Chalong Chalet Resort - Hotels by Easy Day Phuket Ausfl\u00fcge<\/title>\n<meta name=\"description\" content=\"Chalong Chalet Resort, Phuket befindet sich auf einem majest\u00e4tischen H\u00fcgel mit Blick auf die Bucht von Chalong und den Bergketten drumrum.\" \/>\n<meta name=\"robots\" content=\"index, follow, max-snippet:-1, max-image-preview:large, max-video-preview:-1\" \/>\n<link rel=\"canonical\" href=\"https:\/\/www.easydayphuket.com\/de\/phuket-hotels\/chalong-bay-hotels\/chalong-chalet-resort\/\" \/>\n<meta property=\"og:locale\" content=\"de_DE\" \/>\n<meta property=\"og:type\" content=\"article\" \/>\n<meta property=\"og:title\" content=\"Chalong Chalet Resort - Hotels by Easy Day Phuket Ausfl\u00fcge\" \/>\n<meta property=\"og:description\" content=\"Chalong Chalet Resort, Phuket befindet sich auf einem majest\u00e4tischen H\u00fcgel mit Blick auf die Bucht von Chalong und den Bergketten drumrum.\" \/>\n<meta property=\"og:url\" content=\"https:\/\/www.easydayphuket.com\/de\/phuket-hotels\/chalong-bay-hotels\/chalong-chalet-resort\/\" \/>\n<meta property=\"og:site_name\" content=\"Easy Day Phuket\" \/>\n<meta property=\"article:publisher\" content=\"https:\/\/www.facebook.com\/Easydayinthailand\/\" \/>\n<meta property=\"article:modified_time\" content=\"2024-05-14T18:17:49+00:00\" \/>\n<meta property=\"og:image\" content=\"https:\/\/www.easydayphuket.com\/wp-content\/uploads\/2014\/01\/Villa-e1389696822851.jpg\" \/>\n<meta name=\"twitter:label1\" content=\"Gesch\u00e4tzte Lesezeit\" \/>\n\t<meta name=\"twitter:data1\" content=\"3\u00a0Minuten\" \/>\n<script type=\"application\/ld+json\" class=\"yoast-schema-graph\">{\"@context\":\"https:\/\/schema.org\",\"@graph\":[{\"@type\":\"WebPage\",\"@id\":\"https:\/\/www.easydayphuket.com\/de\/phuket-hotels\/chalong-bay-hotels\/chalong-chalet-resort\/\",\"url\":\"https:\/\/www.easydayphuket.com\/de\/phuket-hotels\/chalong-bay-hotels\/chalong-chalet-resort\/\",\"name\":\"Chalong Chalet Resort - Hotels by Easy Day Phuket Ausfl\u00fcge\",\"isPartOf\":{\"@id\":\"https:\/\/www.easydayphuket.com\/#website\"},\"primaryImageOfPage\":{\"@id\":\"https:\/\/www.easydayphuket.com\/de\/phuket-hotels\/chalong-bay-hotels\/chalong-chalet-resort\/#primaryimage\"},\"image\":{\"@id\":\"https:\/\/www.easydayphuket.com\/de\/phuket-hotels\/chalong-bay-hotels\/chalong-chalet-resort\/#primaryimage\"},\"thumbnailUrl\":\"https:\/\/www.easydayphuket.com\/wp-content\/uploads\/2014\/01\/Villa-e1389696822851.jpg\",\"datePublished\":\"2016-09-19T05:07:05+00:00\",\"dateModified\":\"2024-05-14T18:17:49+00:00\",\"description\":\"Chalong Chalet Resort, Phuket befindet sich auf einem majest\u00e4tischen H\u00fcgel mit Blick auf die Bucht von Chalong und den Bergketten drumrum.\",\"breadcrumb\":{\"@id\":\"https:\/\/www.easydayphuket.com\/de\/phuket-hotels\/chalong-bay-hotels\/chalong-chalet-resort\/#breadcrumb\"},\"inLanguage\":\"de\",\"potentialAction\":[{\"@type\":\"ReadAction\",\"target\":[\"https:\/\/www.easydayphuket.com\/de\/phuket-hotels\/chalong-bay-hotels\/chalong-chalet-resort\/\"]}]},{\"@type\":\"ImageObject\",\"inLanguage\":\"de\",\"@id\":\"https:\/\/www.easydayphuket.com\/de\/phuket-hotels\/chalong-bay-hotels\/chalong-chalet-resort\/#primaryimage\",\"url\":\"https:\/\/www.easydayphuket.com\/wp-content\/uploads\/2014\/01\/Villa-e1389696822851.jpg\",\"contentUrl\":\"https:\/\/www.easydayphuket.com\/wp-content\/uploads\/2014\/01\/Villa-e1389696822851.jpg\"},{\"@type\":\"BreadcrumbList\",\"@id\":\"https:\/\/www.easydayphuket.com\/de\/phuket-hotels\/chalong-bay-hotels\/chalong-chalet-resort\/#breadcrumb\",\"itemListElement\":[{\"@type\":\"ListItem\",\"position\":1,\"name\":\"Home\",\"item\":\"https:\/\/www.easydayphuket.com\/de\/\"},{\"@type\":\"ListItem\",\"position\":2,\"name\":\"Phuket Hotel\",\"item\":\"https:\/\/www.easydayphuket.com\/de\/phuket-hotels\/\"},{\"@type\":\"ListItem\",\"position\":3,\"name\":\"Chalong Bay Hotels\",\"item\":\"https:\/\/www.easydayphuket.com\/de\/phuket-hotels\/chalong-bay-hotels\/\"},{\"@type\":\"ListItem\",\"position\":4,\"name\":\"Chalong Chalet Resort\"}]},{\"@type\":\"WebSite\",\"@id\":\"https:\/\/www.easydayphuket.com\/#website\",\"url\":\"https:\/\/www.easydayphuket.com\/\",\"name\":\"Easy Day Phuket\",\"description\":\"Ihr Phuket Tour & Reise Partner\",\"publisher\":{\"@id\":\"https:\/\/www.easydayphuket.com\/#organization\"},\"potentialAction\":[{\"@type\":\"SearchAction\",\"target\":{\"@type\":\"EntryPoint\",\"urlTemplate\":\"https:\/\/www.easydayphuket.com\/?s={search_term_string}\"},\"query-input\":{\"@type\":\"PropertyValueSpecification\",\"valueRequired\":true,\"valueName\":\"search_term_string\"}}],\"inLanguage\":\"de\"},{\"@type\":\"Organization\",\"@id\":\"https:\/\/www.easydayphuket.com\/#organization\",\"name\":\"Easy Day Thailand\",\"url\":\"https:\/\/www.easydayphuket.com\/\",\"logo\":{\"@type\":\"ImageObject\",\"inLanguage\":\"de\",\"@id\":\"https:\/\/www.easydayphuket.com\/#\/schema\/logo\/image\/\",\"url\":\"https:\/\/www.easydayphuket.com\/wp-content\/uploads\/2013\/07\/Sun-Thaiflag_booking12.gif\",\"contentUrl\":\"https:\/\/www.easydayphuket.com\/wp-content\/uploads\/2013\/07\/Sun-Thaiflag_booking12.gif\",\"width\":100,\"height\":94,\"caption\":\"Easy Day Thailand\"},\"image\":{\"@id\":\"https:\/\/www.easydayphuket.com\/#\/schema\/logo\/image\/\"},\"sameAs\":[\"https:\/\/www.facebook.com\/Easydayinthailand\/\",\"https:\/\/www.instagram.com\/easydaythailand\/\"]}]}<\/script>\n<!-- \/ Yoast SEO plugin. -->","yoast_head_json":{"title":"Chalong Chalet Resort - Hotels by Easy Day Phuket Ausfl\u00fcge","description":"Chalong Chalet Resort, Phuket befindet sich auf einem majest\u00e4tischen H\u00fcgel mit Blick auf die Bucht von Chalong und den Bergketten drumrum.","robots":{"index":"index","follow":"follow","max-snippet":"max-snippet:-1","max-image-preview":"max-image-preview:large","max-video-preview":"max-video-preview:-1"},"canonical":"https:\/\/www.easydayphuket.com\/de\/phuket-hotels\/chalong-bay-hotels\/chalong-chalet-resort\/","og_locale":"de_DE","og_type":"article","og_title":"Chalong Chalet Resort - Hotels by Easy Day Phuket Ausfl\u00fcge","og_description":"Chalong Chalet Resort, Phuket befindet sich auf einem majest\u00e4tischen H\u00fcgel mit Blick auf die Bucht von Chalong und den Bergketten drumrum.","og_url":"https:\/\/www.easydayphuket.com\/de\/phuket-hotels\/chalong-bay-hotels\/chalong-chalet-resort\/","og_site_name":"Easy Day Phuket","article_publisher":"https:\/\/www.facebook.com\/Easydayinthailand\/","article_modified_time":"2024-05-14T18:17:49+00:00","og_image":[{"url":"https:\/\/www.easydayphuket.com\/wp-content\/uploads\/2014\/01\/Villa-e1389696822851.jpg","type":"","width":"","height":""}],"twitter_misc":{"Gesch\u00e4tzte Lesezeit":"3\u00a0Minuten"},"schema":{"@context":"https:\/\/schema.org","@graph":[{"@type":"WebPage","@id":"https:\/\/www.easydayphuket.com\/de\/phuket-hotels\/chalong-bay-hotels\/chalong-chalet-resort\/","url":"https:\/\/www.easydayphuket.com\/de\/phuket-hotels\/chalong-bay-hotels\/chalong-chalet-resort\/","name":"Chalong Chalet Resort - Hotels by Easy Day Phuket Ausfl\u00fcge","isPartOf":{"@id":"https:\/\/www.easydayphuket.com\/#website"},"primaryImageOfPage":{"@id":"https:\/\/www.easydayphuket.com\/de\/phuket-hotels\/chalong-bay-hotels\/chalong-chalet-resort\/#primaryimage"},"image":{"@id":"https:\/\/www.easydayphuket.com\/de\/phuket-hotels\/chalong-bay-hotels\/chalong-chalet-resort\/#primaryimage"},"thumbnailUrl":"https:\/\/www.easydayphuket.com\/wp-content\/uploads\/2014\/01\/Villa-e1389696822851.jpg","datePublished":"2016-09-19T05:07:05+00:00","dateModified":"2024-05-14T18:17:49+00:00","description":"Chalong Chalet Resort, Phuket befindet sich auf einem majest\u00e4tischen H\u00fcgel mit Blick auf die Bucht von Chalong und den Bergketten drumrum.","breadcrumb":{"@id":"https:\/\/www.easydayphuket.com\/de\/phuket-hotels\/chalong-bay-hotels\/chalong-chalet-resort\/#breadcrumb"},"inLanguage":"de","potentialAction":[{"@type":"ReadAction","target":["https:\/\/www.easydayphuket.com\/de\/phuket-hotels\/chalong-bay-hotels\/chalong-chalet-resort\/"]}]},{"@type":"ImageObject","inLanguage":"de","@id":"https:\/\/www.easydayphuket.com\/de\/phuket-hotels\/chalong-bay-hotels\/chalong-chalet-resort\/#primaryimage","url":"https:\/\/www.easydayphuket.com\/wp-content\/uploads\/2014\/01\/Villa-e1389696822851.jpg","contentUrl":"https:\/\/www.easydayphuket.com\/wp-content\/uploads\/2014\/01\/Villa-e1389696822851.jpg"},{"@type":"BreadcrumbList","@id":"https:\/\/www.easydayphuket.com\/de\/phuket-hotels\/chalong-bay-hotels\/chalong-chalet-resort\/#breadcrumb","itemListElement":[{"@type":"ListItem","position":1,"name":"Home","item":"https:\/\/www.easydayphuket.com\/de\/"},{"@type":"ListItem","position":2,"name":"Phuket Hotel","item":"https:\/\/www.easydayphuket.com\/de\/phuket-hotels\/"},{"@type":"ListItem","position":3,"name":"Chalong Bay Hotels","item":"https:\/\/www.easydayphuket.com\/de\/phuket-hotels\/chalong-bay-hotels\/"},{"@type":"ListItem","position":4,"name":"Chalong Chalet Resort"}]},{"@type":"WebSite","@id":"https:\/\/www.easydayphuket.com\/#website","url":"https:\/\/www.easydayphuket.com\/","name":"Easy Day Phuket","description":"Ihr Phuket Tour & Reise Partner","publisher":{"@id":"https:\/\/www.easydayphuket.com\/#organization"},"potentialAction":[{"@type":"SearchAction","target":{"@type":"EntryPoint","urlTemplate":"https:\/\/www.easydayphuket.com\/?s={search_term_string}"},"query-input":{"@type":"PropertyValueSpecification","valueRequired":true,"valueName":"search_term_string"}}],"inLanguage":"de"},{"@type":"Organization","@id":"https:\/\/www.easydayphuket.com\/#organization","name":"Easy Day Thailand","url":"https:\/\/www.easydayphuket.com\/","logo":{"@type":"ImageObject","inLanguage":"de","@id":"https:\/\/www.easydayphuket.com\/#\/schema\/logo\/image\/","url":"https:\/\/www.easydayphuket.com\/wp-content\/uploads\/2013\/07\/Sun-Thaiflag_booking12.gif","contentUrl":"https:\/\/www.easydayphuket.com\/wp-content\/uploads\/2013\/07\/Sun-Thaiflag_booking12.gif","width":100,"height":94,"caption":"Easy Day Thailand"},"image":{"@id":"https:\/\/www.easydayphuket.com\/#\/schema\/logo\/image\/"},"sameAs":["https:\/\/www.facebook.com\/Easydayinthailand\/","https:\/\/www.instagram.com\/easydaythailand\/"]}]}},"_links":{"self":[{"href":"https:\/\/www.easydayphuket.com\/de\/wp-json\/wp\/v2\/pages\/15226","targetHints":{"allow":["GET"]}}],"collection":[{"href":"https:\/\/www.easydayphuket.com\/de\/wp-json\/wp\/v2\/pages"}],"about":[{"href":"https:\/\/www.easydayphuket.com\/de\/wp-json\/wp\/v2\/types\/page"}],"author":[{"embeddable":true,"href":"https:\/\/www.easydayphuket.com\/de\/wp-json\/wp\/v2\/users\/4"}],"replies":[{"embeddable":true,"href":"https:\/\/www.easydayphuket.com\/de\/wp-json\/wp\/v2\/comments?post=15226"}],"version-history":[{"count":0,"href":"https:\/\/www.easydayphuket.com\/de\/wp-json\/wp\/v2\/pages\/15226\/revisions"}],"up":[{"embeddable":true,"href":"https:\/\/www.easydayphuket.com\/de\/wp-json\/wp\/v2\/pages\/14840"}],"wp:attachment":[{"href":"https:\/\/www.easydayphuket.com\/de\/wp-json\/wp\/v2\/media?parent=15226"}],"curies":[{"name":"wp","href":"https:\/\/api.w.org\/{rel}","templated":true}]}}