{"id":15221,"date":"2016-09-18T16:23:30","date_gmt":"2016-09-18T09:23:30","guid":{"rendered":"https:\/\/www.easydayphuket.com\/de\/phuket-hotels\/rawai-and-nai-harn-beach-hotels\/happy-elephant-phuket-resort\/"},"modified":"2024-05-23T10:34:27","modified_gmt":"2024-05-23T03:34:27","slug":"happy-elephant-phuket-resort","status":"publish","type":"page","link":"https:\/\/www.easydayphuket.com\/de\/phuket-hotels\/rawai-nai-harn-beach-hotels\/happy-elephant-phuket-resort\/","title":{"rendered":"Happy Elephant Phuket Resort"},"content":{"rendered":"\n<figure class=\"wp-block-image alignright\"><a href=\"https:\/\/www.easydayphuket.com\/wp-content\/uploads\/2014\/01\/Happy-Elephant-e1389707508360.jpg\"><img loading=\"lazy\" decoding=\"async\" width=\"240\" height=\"159\" src=\"https:\/\/www.easydayphuket.com\/wp-content\/uploads\/2014\/01\/Happy-Elephant-e1389707508360.jpg\" alt=\"Happy Elephant Phuket Resort\" class=\"wp-image-3683\"\/><\/a><figcaption class=\"wp-element-caption\">Der Swimmingpool<\/figcaption><\/figure>\n\n\n\n<p>Happy Elephant Phuket Resort ist nur zehn Minuten von der K\u00fcstenstadt <a title=\"Rawai Beach \u2013 The Beaches of Phuket\" href=\"https:\/\/www.easydayphuket.com\/rawai-beach\/\" target=\"_blank\" rel=\"noopener\">Rawai<\/a> und dem sch\u00f6nen Strand Nai Harn Beach entfernt. Die komfortable und saubere Anlage ist g\u00fcnsti gellgen f\u00fcr G\u00e4ste die alles erleben m\u00f6chten. Es ist nicht weit entfernt von Restaurants und Bars aber trotzdem ruhige mit einer wundersch\u00f6nen gr\u00fcnen Umgebung.<\/p>\n\n\n\n<ul class=\"wp-block-list\">\n<li>Liegend\u00a0in <strong>Nai Harn.<\/strong><\/li>\n\n\n\n<li><strong>Ruhige, gr\u00fcne Gartenanlage<\/strong>.<\/li>\n\n\n\n<li><strong>In der N\u00e4he <\/strong>s\u00e4mtlicher Annehmlichkeiten<strong>.<\/strong><\/li>\n\n\n\n<li><strong>Wenige Schritte zum Strand.<\/strong><\/li>\n\n\n\n<li>Sehr freundliches Personal.<\/li>\n\n\n\n<li><strong>Zubringer zum<\/strong>\u00a0<a title=\"Nai Harn Beach \u2013 The beaches of Phuket\" href=\"https:\/\/www.easydayphuket.com\/nai-harn-beach-beaches-phuket\/\" target=\"_blank\" rel=\"noopener\">Nai Harn beach<\/a>.<\/li>\n<\/ul>\n\n\n<p><strong><span style=\"color: #ff0000;\"> 3 Tage\u00a0\/ 2 N\u00e4chte\u00a0&#8211; <span style=\"color: #000000;\">Preise in Thai Baht pro Person ab<\/span><\/span><\/strong><strong>\u00a0<\/strong><strong>2,290\u00a0 <a title=\"Easy Day Contact Form\" href=\"#form\">&gt;&gt; <\/a><a title=\"Easy Day Contact Form\" href=\"#form\">Ihr unverbindliches Angebot!<\/a><\/strong>\u00a0<\/p>\n\n\n\n<p><strong>Phuket Hotel Paket inklusive&nbsp;: <\/strong><span style=\"line-height: 1.5em;\"><\/span><\/p>\n\n\n<p><\/span><\/p>\n<ul>\n<li><strong>Privater<\/strong>\u00a0<a title=\"Phuket Airport Transfer\" href=\"https:\/\/www.easydayphuket.com\/de\/phuket-transfers\/phuket-flughafentransfer\/\">Phuket Flughafen\u00a0Transfers<\/a>.<\/li>\n<li>Preise basierend Zwei oder Doppelbett-Zimmer<strong>.<\/strong><\/li>\n<li>Kein Mindestaufenthalt.<\/li>\n<li>Fr\u00fchst\u00fcck<span style=\"line-height: 1.5em;\"><br \/>\n<\/span><\/li>\n<li><span style=\"line-height: 1.5em;\"><strong>Kostenlos<\/strong>\u00a0W<\/span><span style=\"line-height: 1.5em;\">i-Fi.<\/span><\/li>\n<li>Steuern &amp; Versicherung.<\/li>\n<\/ul>\n\n\n\n<p class=\"has-text-align-right\"><a href='#form' class='small-button smallblue'>Preis Anfrage!<\/a><\/p>\n\n\n\n<h2 class=\"wp-block-heading\">Happy Elephant Phuket Resort &#8211; Auswahl<\/h2>\n\n\n\n<figure class=\"wp-block-gallery has-nested-images columns-3 is-cropped wp-block-gallery-1 is-layout-flex wp-block-gallery-is-layout-flex\">\n<figure class=\"wp-block-image size-large\"><img loading=\"lazy\" decoding=\"async\" width=\"240\" height=\"181\" data-id=\"6855\" src=\"https:\/\/www.easydayphuket.com\/wp-content\/uploads\/2014\/01\/Pool-e1389705631658.jpg\" alt=\"Happy Elephant\" class=\"wp-image-6855\"\/><\/figure>\n\n\n\n<figure class=\"wp-block-image size-large\"><img loading=\"lazy\" decoding=\"async\" width=\"240\" height=\"181\" data-id=\"6858\" src=\"https:\/\/www.easydayphuket.com\/wp-content\/uploads\/2014\/01\/Villa-Poolside3-e1389705744296.jpg\" alt=\"Happy Elephant\" class=\"wp-image-6858\"\/><\/figure>\n\n\n\n<figure class=\"wp-block-image size-large\"><img loading=\"lazy\" decoding=\"async\" width=\"240\" height=\"181\" data-id=\"6852\" src=\"https:\/\/www.easydayphuket.com\/wp-content\/uploads\/2014\/01\/Deluxe-King-e1389705493720.jpg\" alt=\"Deluxe King Happy Elephant\" class=\"wp-image-6852\"\/><\/figure>\n<\/figure>\n\n\n\n<h2 class=\"wp-block-heading\">Happy Elephant Phuket Resort&nbsp;&#8211; Ausstattung<\/h2>\n\n\n<p>[twocol_one]<\/p>\n<ul>\n<li>K\u00fchlschrank.<\/li>\n<li><strong>Fernsehen<\/strong>\u00a0(Kabel TV).<\/li>\n<li><strong>Wi-Fi.<\/strong><\/li>\n<li>K\u00fcche.<\/li>\n<li><strong>Safe.<\/strong><\/li>\n<\/ul>\n<p>[\/twocol_one]<\/p>\n\n\n<p>[twocol_one_last]<\/p>\n<ul>\n<li><strong>Sport &amp; Freitzeit.<\/strong><\/li>\n<li><strong>Swimmingpool.<\/strong><\/li>\n<li>Restaurant.<\/li>\n<li><strong>Autoparkplatz.<\/strong><\/li>\n<li>Zimmer Service.<\/li>\n<\/ul>\n<p>[\/twocol_one_last]<\/p>\n\n\n\n<h3 class=\"wp-block-heading\" id=\"form\">Urlaubs Pakete &#8211; inklusive Ihrem gew\u00fcnschtem Phuket Hotel !<\/h3>\n\n\n\n<p><strong>Gutes Phuket Urlaubsangebot<\/strong> &#8211; Ausgew\u00e4hlte <a href=\"https:\/\/www.easydayphuket.com\/de\/phuket-ausfluege\/\">Phuket Ausfl\u00fcge<\/a> und privater Phuket Flughafen Transfer, alles zusammen mit dem von Ihnen gew\u00fcnschtem Hotel. Informieren Sie uns und lassen Sie sich ein <span style=\"color: #ff0000;\"><strong>unverbindliches Angebot<\/strong><\/span> zukommen.<\/p>\n\n\n\n<script charset=\"utf-8\" type=\"text\/javascript\" src=\"\/\/js.hsforms.net\/forms\/embed\/v2.js\"><\/script>\n<script>\n  hbspt.forms.create({\n    region: \"na1\",\n    portalId: \"3413662\",\n    formId: \"59765d47-ffdf-4452-a315-11081d03c004\"\n  });\n<\/script>\n\n\n\n<h2 class=\"wp-block-heading\">Anreise &#8211;&nbsp;Happy Elephant Phuket Resort<\/h2>\n\n\n\n<p>Bei allen unseren Hotel Paketen ist der <a href=\"https:\/\/www.easydayphuket.com\/de\/phuket-transfers\/phuket-flughafentransfer\/\">Phuket Flughafen Transfer<\/a> inklusive. Wenn Sie selbst anreisen sollten finden Sie hier die dementsprechenden Details zum&nbsp;Happy Elephant Phuket Resort.<\/p>\n\n\n\n<p>Das Resort befindet sich in der N\u00e4he von verschiedenen Einkaufsm\u00f6glichkeiten, Restaurants und Nachtclubs. Ein guter Ausgangspunkt f\u00fcr Ausfl\u00fcge und Touren ob zu Land oder zu Wasser. In der N\u00e4he befinden sich die Str\u00e4nde von Nai Harn und <a title=\"Ya Nui Beach \u2013 The Beaches of Phuket\" href=\"https:\/\/www.easydayphuket.com\/de\/ya-nui-beach-phukets-straende\/\" target=\"_blank\" rel=\"noopener\">Ya Nui <\/a>, was f\u00fcr G\u00e4ste ideal ist die die Seele baumeln lassen m\u00f6chten und sich der Urlaubsbr\u00e4une widmen.<\/p>\n\n\n\n<p>Auch der bekannte <a title=\"Patong Beach \u2013 The Beaches of Phuket\" href=\"https:\/\/www.easydayphuket.com\/de\/phukets-straende-patong-beach\/\" target=\"_blank\" rel=\"noopener\">Patong<\/a> Beach mit seinem spektakul\u00e4ren nachtleben ist mit dem Taxi in 15 Minuten zu erreichen. F\u00fcr Ausfl\u00fcge in die Thail\u00e4ndische Geschichte und Kultur, sind der&nbsp;<a title=\"Big Buddha\" href=\"https:\/\/www.easydayphuket.com\/big-buddha\/\" target=\"_blank\" rel=\"noopener\">Big Buddha<\/a>&nbsp;und der Chalong Tempel auch innerhalb k\u00fcrzester Zeit mit dem Taxi zu besuchen<\/p>\n\n\n\n<h2 class=\"wp-block-heading\">Happy Elephant &#8211; Allgemeine&nbsp;Informationen<\/h2>\n\n\n\n<ul class=\"wp-block-list\">\n<li><strong>Check in:<\/strong>\u00a013.00 Uhr.<\/li>\n\n\n\n<li><strong>Check out:<\/strong>\u00a012.00 Uhr (Mittag).<\/li>\n\n\n\n<li><strong>Fr\u00fcher\u00a0check in \/<\/strong> Sp\u00e4ter<strong> check out: <\/strong>Je nach Verf\u00fcgbarkeit.<\/li>\n\n\n\n<li><strong>Kinder Optionen:<\/strong>\u00a0Kinder unter 4 Jahren sind kostenlos ohne Zusatzbett im Zimmer der Eltern. Kinder unter 12 Jahren bekommen 30% Rabatt auf Zusatzbett.<\/li>\n\n\n\n<li><strong>Obligatorisches Abendessen:<\/strong>\u00a0Nein.<\/li>\n<\/ul>\n","protected":false},"excerpt":{"rendered":"<p>Happy Elephant Phuket Resort ist nur zehn Minuten von der K\u00fcstenstadt Rawai und dem sch\u00f6nen Strand Nai Harn Beach entfernt. Die komfortable und saubere Anlage ist g\u00fcnsti gellgen f\u00fcr G\u00e4ste die alles erleben m\u00f6chten. Es ist nicht weit entfernt von Restaurants und Bars aber trotzdem ruhige mit einer wundersch\u00f6nen gr\u00fcnen Umgebung. Phuket Hotel Paket inklusive&nbsp;: [&hellip;]<\/p>\n","protected":false},"author":4,"featured_media":0,"parent":14838,"menu_order":0,"comment_status":"closed","ping_status":"open","template":"","meta":{"_acf_changed":false,"_et_pb_use_builder":"","_et_pb_old_content":"","_et_gb_content_width":"","footnotes":""},"class_list":["post-15221","page","type-page","status-publish","hentry"],"acf":[],"yoast_head":"<!-- This site is optimized with the Yoast SEO plugin v25.1 - https:\/\/yoast.com\/wordpress\/plugins\/seo\/ -->\n<title>Happy Elephant Phuket Resort &amp; Easy Day Phuket Ausfl\u00fcge.<\/title>\n<meta name=\"description\" content=\"Happy Elephant Phuket Resort ist nur zehn Minuten von der K\u00fcstenstadt Rawai und dem sch\u00f6nen Strand Nai Harn Beach entfernt.\" \/>\n<meta name=\"robots\" content=\"index, follow, max-snippet:-1, max-image-preview:large, max-video-preview:-1\" \/>\n<link rel=\"canonical\" href=\"https:\/\/www.easydayphuket.com\/de\/phuket-hotels\/rawai-nai-harn-beach-hotels\/happy-elephant-phuket-resort\/\" \/>\n<meta property=\"og:locale\" content=\"de_DE\" \/>\n<meta property=\"og:type\" content=\"article\" \/>\n<meta property=\"og:title\" content=\"Happy Elephant Phuket Resort &amp; Easy Day Phuket Ausfl\u00fcge.\" \/>\n<meta property=\"og:description\" content=\"Happy Elephant Phuket Resort ist nur zehn Minuten von der K\u00fcstenstadt Rawai und dem sch\u00f6nen Strand Nai Harn Beach entfernt.\" \/>\n<meta property=\"og:url\" content=\"https:\/\/www.easydayphuket.com\/de\/phuket-hotels\/rawai-nai-harn-beach-hotels\/happy-elephant-phuket-resort\/\" \/>\n<meta property=\"og:site_name\" content=\"Easy Day Phuket\" \/>\n<meta property=\"article:publisher\" content=\"https:\/\/www.facebook.com\/Easydayinthailand\/\" \/>\n<meta property=\"article:modified_time\" content=\"2024-05-23T03:34:27+00:00\" \/>\n<meta property=\"og:image\" content=\"https:\/\/www.easydayphuket.com\/wp-content\/uploads\/2014\/01\/Happy-Elephant-e1389707508360.jpg\" \/>\n<meta name=\"twitter:label1\" content=\"Gesch\u00e4tzte Lesezeit\" \/>\n\t<meta name=\"twitter:data1\" content=\"3\u00a0Minuten\" \/>\n<script type=\"application\/ld+json\" class=\"yoast-schema-graph\">{\"@context\":\"https:\/\/schema.org\",\"@graph\":[{\"@type\":\"WebPage\",\"@id\":\"https:\/\/www.easydayphuket.com\/de\/phuket-hotels\/rawai-nai-harn-beach-hotels\/happy-elephant-phuket-resort\/\",\"url\":\"https:\/\/www.easydayphuket.com\/de\/phuket-hotels\/rawai-nai-harn-beach-hotels\/happy-elephant-phuket-resort\/\",\"name\":\"Happy Elephant Phuket Resort & Easy Day Phuket Ausfl\u00fcge.\",\"isPartOf\":{\"@id\":\"https:\/\/www.easydayphuket.com\/#website\"},\"primaryImageOfPage\":{\"@id\":\"https:\/\/www.easydayphuket.com\/de\/phuket-hotels\/rawai-nai-harn-beach-hotels\/happy-elephant-phuket-resort\/#primaryimage\"},\"image\":{\"@id\":\"https:\/\/www.easydayphuket.com\/de\/phuket-hotels\/rawai-nai-harn-beach-hotels\/happy-elephant-phuket-resort\/#primaryimage\"},\"thumbnailUrl\":\"https:\/\/www.easydayphuket.com\/wp-content\/uploads\/2014\/01\/Happy-Elephant-e1389707508360.jpg\",\"datePublished\":\"2016-09-18T09:23:30+00:00\",\"dateModified\":\"2024-05-23T03:34:27+00:00\",\"description\":\"Happy Elephant Phuket Resort ist nur zehn Minuten von der K\u00fcstenstadt Rawai und dem sch\u00f6nen Strand Nai Harn Beach entfernt.\",\"breadcrumb\":{\"@id\":\"https:\/\/www.easydayphuket.com\/de\/phuket-hotels\/rawai-nai-harn-beach-hotels\/happy-elephant-phuket-resort\/#breadcrumb\"},\"inLanguage\":\"de\",\"potentialAction\":[{\"@type\":\"ReadAction\",\"target\":[\"https:\/\/www.easydayphuket.com\/de\/phuket-hotels\/rawai-nai-harn-beach-hotels\/happy-elephant-phuket-resort\/\"]}]},{\"@type\":\"ImageObject\",\"inLanguage\":\"de\",\"@id\":\"https:\/\/www.easydayphuket.com\/de\/phuket-hotels\/rawai-nai-harn-beach-hotels\/happy-elephant-phuket-resort\/#primaryimage\",\"url\":\"https:\/\/www.easydayphuket.com\/wp-content\/uploads\/2014\/01\/Happy-Elephant-e1389707508360.jpg\",\"contentUrl\":\"https:\/\/www.easydayphuket.com\/wp-content\/uploads\/2014\/01\/Happy-Elephant-e1389707508360.jpg\"},{\"@type\":\"BreadcrumbList\",\"@id\":\"https:\/\/www.easydayphuket.com\/de\/phuket-hotels\/rawai-nai-harn-beach-hotels\/happy-elephant-phuket-resort\/#breadcrumb\",\"itemListElement\":[{\"@type\":\"ListItem\",\"position\":1,\"name\":\"Home\",\"item\":\"https:\/\/www.easydayphuket.com\/de\/\"},{\"@type\":\"ListItem\",\"position\":2,\"name\":\"Phuket Hotel\",\"item\":\"https:\/\/www.easydayphuket.com\/de\/phuket-hotels\/\"},{\"@type\":\"ListItem\",\"position\":3,\"name\":\"Rawai &#8211; Nai Harn Beach Hotels\",\"item\":\"https:\/\/www.easydayphuket.com\/de\/phuket-hotels\/rawai-nai-harn-beach-hotels\/\"},{\"@type\":\"ListItem\",\"position\":4,\"name\":\"Happy Elephant Phuket Resort\"}]},{\"@type\":\"WebSite\",\"@id\":\"https:\/\/www.easydayphuket.com\/#website\",\"url\":\"https:\/\/www.easydayphuket.com\/\",\"name\":\"Easy Day Phuket\",\"description\":\"Ihr Phuket Tour & Reise Partner\",\"publisher\":{\"@id\":\"https:\/\/www.easydayphuket.com\/#organization\"},\"potentialAction\":[{\"@type\":\"SearchAction\",\"target\":{\"@type\":\"EntryPoint\",\"urlTemplate\":\"https:\/\/www.easydayphuket.com\/?s={search_term_string}\"},\"query-input\":{\"@type\":\"PropertyValueSpecification\",\"valueRequired\":true,\"valueName\":\"search_term_string\"}}],\"inLanguage\":\"de\"},{\"@type\":\"Organization\",\"@id\":\"https:\/\/www.easydayphuket.com\/#organization\",\"name\":\"Easy Day Thailand\",\"url\":\"https:\/\/www.easydayphuket.com\/\",\"logo\":{\"@type\":\"ImageObject\",\"inLanguage\":\"de\",\"@id\":\"https:\/\/www.easydayphuket.com\/#\/schema\/logo\/image\/\",\"url\":\"https:\/\/www.easydayphuket.com\/wp-content\/uploads\/2013\/07\/Sun-Thaiflag_booking12.gif\",\"contentUrl\":\"https:\/\/www.easydayphuket.com\/wp-content\/uploads\/2013\/07\/Sun-Thaiflag_booking12.gif\",\"width\":100,\"height\":94,\"caption\":\"Easy Day Thailand\"},\"image\":{\"@id\":\"https:\/\/www.easydayphuket.com\/#\/schema\/logo\/image\/\"},\"sameAs\":[\"https:\/\/www.facebook.com\/Easydayinthailand\/\",\"https:\/\/www.instagram.com\/easydaythailand\/\"]}]}<\/script>\n<!-- \/ Yoast SEO plugin. -->","yoast_head_json":{"title":"Happy Elephant Phuket Resort & Easy Day Phuket Ausfl\u00fcge.","description":"Happy Elephant Phuket Resort ist nur zehn Minuten von der K\u00fcstenstadt Rawai und dem sch\u00f6nen Strand Nai Harn Beach entfernt.","robots":{"index":"index","follow":"follow","max-snippet":"max-snippet:-1","max-image-preview":"max-image-preview:large","max-video-preview":"max-video-preview:-1"},"canonical":"https:\/\/www.easydayphuket.com\/de\/phuket-hotels\/rawai-nai-harn-beach-hotels\/happy-elephant-phuket-resort\/","og_locale":"de_DE","og_type":"article","og_title":"Happy Elephant Phuket Resort & Easy Day Phuket Ausfl\u00fcge.","og_description":"Happy Elephant Phuket Resort ist nur zehn Minuten von der K\u00fcstenstadt Rawai und dem sch\u00f6nen Strand Nai Harn Beach entfernt.","og_url":"https:\/\/www.easydayphuket.com\/de\/phuket-hotels\/rawai-nai-harn-beach-hotels\/happy-elephant-phuket-resort\/","og_site_name":"Easy Day Phuket","article_publisher":"https:\/\/www.facebook.com\/Easydayinthailand\/","article_modified_time":"2024-05-23T03:34:27+00:00","og_image":[{"url":"https:\/\/www.easydayphuket.com\/wp-content\/uploads\/2014\/01\/Happy-Elephant-e1389707508360.jpg","type":"","width":"","height":""}],"twitter_misc":{"Gesch\u00e4tzte Lesezeit":"3\u00a0Minuten"},"schema":{"@context":"https:\/\/schema.org","@graph":[{"@type":"WebPage","@id":"https:\/\/www.easydayphuket.com\/de\/phuket-hotels\/rawai-nai-harn-beach-hotels\/happy-elephant-phuket-resort\/","url":"https:\/\/www.easydayphuket.com\/de\/phuket-hotels\/rawai-nai-harn-beach-hotels\/happy-elephant-phuket-resort\/","name":"Happy Elephant Phuket Resort & Easy Day Phuket Ausfl\u00fcge.","isPartOf":{"@id":"https:\/\/www.easydayphuket.com\/#website"},"primaryImageOfPage":{"@id":"https:\/\/www.easydayphuket.com\/de\/phuket-hotels\/rawai-nai-harn-beach-hotels\/happy-elephant-phuket-resort\/#primaryimage"},"image":{"@id":"https:\/\/www.easydayphuket.com\/de\/phuket-hotels\/rawai-nai-harn-beach-hotels\/happy-elephant-phuket-resort\/#primaryimage"},"thumbnailUrl":"https:\/\/www.easydayphuket.com\/wp-content\/uploads\/2014\/01\/Happy-Elephant-e1389707508360.jpg","datePublished":"2016-09-18T09:23:30+00:00","dateModified":"2024-05-23T03:34:27+00:00","description":"Happy Elephant Phuket Resort ist nur zehn Minuten von der K\u00fcstenstadt Rawai und dem sch\u00f6nen Strand Nai Harn Beach entfernt.","breadcrumb":{"@id":"https:\/\/www.easydayphuket.com\/de\/phuket-hotels\/rawai-nai-harn-beach-hotels\/happy-elephant-phuket-resort\/#breadcrumb"},"inLanguage":"de","potentialAction":[{"@type":"ReadAction","target":["https:\/\/www.easydayphuket.com\/de\/phuket-hotels\/rawai-nai-harn-beach-hotels\/happy-elephant-phuket-resort\/"]}]},{"@type":"ImageObject","inLanguage":"de","@id":"https:\/\/www.easydayphuket.com\/de\/phuket-hotels\/rawai-nai-harn-beach-hotels\/happy-elephant-phuket-resort\/#primaryimage","url":"https:\/\/www.easydayphuket.com\/wp-content\/uploads\/2014\/01\/Happy-Elephant-e1389707508360.jpg","contentUrl":"https:\/\/www.easydayphuket.com\/wp-content\/uploads\/2014\/01\/Happy-Elephant-e1389707508360.jpg"},{"@type":"BreadcrumbList","@id":"https:\/\/www.easydayphuket.com\/de\/phuket-hotels\/rawai-nai-harn-beach-hotels\/happy-elephant-phuket-resort\/#breadcrumb","itemListElement":[{"@type":"ListItem","position":1,"name":"Home","item":"https:\/\/www.easydayphuket.com\/de\/"},{"@type":"ListItem","position":2,"name":"Phuket Hotel","item":"https:\/\/www.easydayphuket.com\/de\/phuket-hotels\/"},{"@type":"ListItem","position":3,"name":"Rawai &#8211; Nai Harn Beach Hotels","item":"https:\/\/www.easydayphuket.com\/de\/phuket-hotels\/rawai-nai-harn-beach-hotels\/"},{"@type":"ListItem","position":4,"name":"Happy Elephant Phuket Resort"}]},{"@type":"WebSite","@id":"https:\/\/www.easydayphuket.com\/#website","url":"https:\/\/www.easydayphuket.com\/","name":"Easy Day Phuket","description":"Ihr Phuket Tour & Reise Partner","publisher":{"@id":"https:\/\/www.easydayphuket.com\/#organization"},"potentialAction":[{"@type":"SearchAction","target":{"@type":"EntryPoint","urlTemplate":"https:\/\/www.easydayphuket.com\/?s={search_term_string}"},"query-input":{"@type":"PropertyValueSpecification","valueRequired":true,"valueName":"search_term_string"}}],"inLanguage":"de"},{"@type":"Organization","@id":"https:\/\/www.easydayphuket.com\/#organization","name":"Easy Day Thailand","url":"https:\/\/www.easydayphuket.com\/","logo":{"@type":"ImageObject","inLanguage":"de","@id":"https:\/\/www.easydayphuket.com\/#\/schema\/logo\/image\/","url":"https:\/\/www.easydayphuket.com\/wp-content\/uploads\/2013\/07\/Sun-Thaiflag_booking12.gif","contentUrl":"https:\/\/www.easydayphuket.com\/wp-content\/uploads\/2013\/07\/Sun-Thaiflag_booking12.gif","width":100,"height":94,"caption":"Easy Day Thailand"},"image":{"@id":"https:\/\/www.easydayphuket.com\/#\/schema\/logo\/image\/"},"sameAs":["https:\/\/www.facebook.com\/Easydayinthailand\/","https:\/\/www.instagram.com\/easydaythailand\/"]}]}},"_links":{"self":[{"href":"https:\/\/www.easydayphuket.com\/de\/wp-json\/wp\/v2\/pages\/15221","targetHints":{"allow":["GET"]}}],"collection":[{"href":"https:\/\/www.easydayphuket.com\/de\/wp-json\/wp\/v2\/pages"}],"about":[{"href":"https:\/\/www.easydayphuket.com\/de\/wp-json\/wp\/v2\/types\/page"}],"author":[{"embeddable":true,"href":"https:\/\/www.easydayphuket.com\/de\/wp-json\/wp\/v2\/users\/4"}],"replies":[{"embeddable":true,"href":"https:\/\/www.easydayphuket.com\/de\/wp-json\/wp\/v2\/comments?post=15221"}],"version-history":[{"count":0,"href":"https:\/\/www.easydayphuket.com\/de\/wp-json\/wp\/v2\/pages\/15221\/revisions"}],"up":[{"embeddable":true,"href":"https:\/\/www.easydayphuket.com\/de\/wp-json\/wp\/v2\/pages\/14838"}],"wp:attachment":[{"href":"https:\/\/www.easydayphuket.com\/de\/wp-json\/wp\/v2\/media?parent=15221"}],"curies":[{"name":"wp","href":"https:\/\/api.w.org\/{rel}","templated":true}]}}