{"id":15220,"date":"2016-09-18T15:41:07","date_gmt":"2016-09-18T08:41:07","guid":{"rendered":"https:\/\/www.easydayphuket.com\/de\/phuket-hotels\/rawai-and-nai-harn-beach-hotels\/baan-krating-resort\/"},"modified":"2024-05-23T10:24:11","modified_gmt":"2024-05-23T03:24:11","slug":"baan-krating-resort","status":"publish","type":"page","link":"https:\/\/www.easydayphuket.com\/de\/phuket-hotels\/rawai-nai-harn-beach-hotels\/baan-krating-resort\/","title":{"rendered":"Baan Krating Resort"},"content":{"rendered":"\n<figure class=\"wp-block-image alignright size-full wp-image-6873\"><img loading=\"lazy\" decoding=\"async\" width=\"240\" height=\"181\" src=\"https:\/\/www.easydayphuket.com\/wp-content\/uploads\/2014\/01\/Deluxe-Pavillion2-e1389763829218.jpg\" alt=\"Bann Krating Pavilion\" class=\"wp-image-3705\"\/><figcaption class=\"wp-element-caption\">Bann Krating Pavilion<\/figcaption><\/figure>\n\n\n\n<p>Baan Krating Resort, Phuket liegt auf der S\u00fcdseite von Phuket in einer ruhigen Gegend und nur ca. 15 Minuten zu Fu\u00df vom Nai Harn Beach entfernt. Mit einem kleinen Hoteleigenen Strand kann das Hotel punkten und ist trotzdem nur 15 Minuten mit dem Auto von Phuket Town weit weg.<\/p>\n\n\n\n<ul class=\"wp-block-list\">\n<li>Liegend in<a title=\"Nai Harn Beach \u2013 The beaches of Phuket\" href=\"https:\/\/www.easydayphuket.com\/nai-harn-beach-beaches-phuket\/\" target=\"_blank\" rel=\"noopener\">\u00a0Nai Harn<\/a>.<\/li>\n\n\n\n<li><strong>Ruhige &amp; wundersch\u00f6ne Umgebung<\/strong>.<\/li>\n\n\n\n<li><strong>Villen am Hang.<\/strong><\/li>\n\n\n\n<li><b>Hervorragende <\/b>Unterk\u00fcnfte.<\/li>\n\n\n\n<li><strong>Panorama Aussicht.<\/strong><\/li>\n\n\n\n<li>Kinder unter 12 Jahren kostenlos zu geltenden Bedingungen.<\/li>\n<\/ul>\n\n\n<p><strong><span style=\"color: #ff0000;\"> 3 Tage\u00a0\/ 2 N\u00e4chte\u00a0&#8211; <span style=\"color: #333333;\">Preise in Thai Baht pro Person ab<\/span><\/span><\/strong><strong>\u00a0<\/strong><strong>3,150\u00a0 <a title=\"Easy Day Contact Form\" href=\"#form\">&gt;&gt; <\/a><a title=\"Easy Day Contact Form\" href=\"#form\">Ihr unverbindliches Angebot!<\/a><\/strong>\u00a0<\/p>\n\n\n\n<p><strong>Phuket Hotel Paket inklusive&nbsp;: <\/strong><span style=\"line-height: 1.5em;\"><\/span><\/p>\n\n\n<p><\/span><\/p>\n<ul>\n<li><strong>Privater<\/strong>\u00a0<a title=\"Phuket Airport Transfer\" href=\"https:\/\/www.easydayphuket.com\/de\/phuket-transfers\/phuket-flughafentransfer\/\">Phuket Flughafen\u00a0Transfers<\/a>.<\/li>\n<li>Preise basierend Zwei o. Doppelbett DeLuxe-Zimmer.<\/li>\n<li>American Breakfast.<\/li>\n<li>Tea &amp; Kaffee Zubreitung.<\/li>\n<li>Steuern &amp; Versicherung.<\/li>\n<\/ul>\n\n\n\n<p class=\"has-text-align-right\"><a href='#form' class='small-button smallblue'>Preis Anfrage!<\/a><\/p>\n\n\n\n<h2 class=\"wp-block-heading\">Baan Krating Resort&nbsp;&#8211; Galerie<\/h2>\n\n\n\n<figure class=\"wp-block-gallery has-nested-images columns-3 is-cropped wp-block-gallery-1 is-layout-flex wp-block-gallery-is-layout-flex\">\n<figure class=\"wp-block-image size-large\"><img loading=\"lazy\" decoding=\"async\" width=\"312\" height=\"235\" data-id=\"6891\" src=\"https:\/\/www.easydayphuket.com\/wp-content\/uploads\/2014\/01\/Deluxe-Pavillion.jpg\" alt=\"Baan Krating Resort\" class=\"wp-image-6891\" srcset=\"https:\/\/www.easydayphuket.com\/wp-content\/uploads\/2014\/01\/Deluxe-Pavillion.jpg 312w, https:\/\/www.easydayphuket.com\/wp-content\/uploads\/2014\/01\/Deluxe-Pavillion-300x225.jpg 300w, https:\/\/www.easydayphuket.com\/wp-content\/uploads\/2014\/01\/Deluxe-Pavillion-73x55.jpg 73w\" sizes=\"(max-width: 312px) 100vw, 312px\" \/><\/figure>\n\n\n\n<figure class=\"wp-block-image size-large\"><img loading=\"lazy\" decoding=\"async\" width=\"312\" height=\"235\" data-id=\"6894\" src=\"https:\/\/www.easydayphuket.com\/wp-content\/uploads\/2014\/01\/Deluxe2.jpg\" alt=\"Baan Krating Resort\" class=\"wp-image-6894\" srcset=\"https:\/\/www.easydayphuket.com\/wp-content\/uploads\/2014\/01\/Deluxe2.jpg 312w, https:\/\/www.easydayphuket.com\/wp-content\/uploads\/2014\/01\/Deluxe2-300x225.jpg 300w, https:\/\/www.easydayphuket.com\/wp-content\/uploads\/2014\/01\/Deluxe2-73x55.jpg 73w\" sizes=\"(max-width: 312px) 100vw, 312px\" \/><\/figure>\n\n\n\n<figure class=\"wp-block-image size-large\"><img loading=\"lazy\" decoding=\"async\" width=\"312\" height=\"235\" data-id=\"6897\" src=\"https:\/\/www.easydayphuket.com\/wp-content\/uploads\/2014\/01\/Pool2.jpg\" alt=\"Baan Krating Resort\" class=\"wp-image-6897\" srcset=\"https:\/\/www.easydayphuket.com\/wp-content\/uploads\/2014\/01\/Pool2.jpg 312w, https:\/\/www.easydayphuket.com\/wp-content\/uploads\/2014\/01\/Pool2-300x225.jpg 300w, https:\/\/www.easydayphuket.com\/wp-content\/uploads\/2014\/01\/Pool2-73x55.jpg 73w\" sizes=\"(max-width: 312px) 100vw, 312px\" \/><\/figure>\n<\/figure>\n\n\n\n<h2 class=\"wp-block-heading\">Baan Krating Resort &#8211; Ausstattung<\/h2>\n\n\n<p>[twocol_one]<\/p>\n<ul>\n<li>Swimming pool.<\/li>\n<li>Clubhaus \u2013 mit Billard.<\/li>\n<li>Gro\u00dfz\u00fcgiger Wohnbereich.<\/li>\n<li>Internet Ecke.<\/li>\n<li>Schnorchel &amp; Kayak Ausr\u00fcstung.<\/li>\n<\/ul>\n<p>[\/twocol_one]<\/p>\n\n\n<p>[twocol_one_last]<\/p>\n<ul>\n<li>Clubhaus.<\/li>\n<li>W\u00e4scherei Service.<\/li>\n<li>Limousinen Service.<\/li>\n<li>Sonnen Terasse.<\/li>\n<li>Bibliothek.<\/li>\n<\/ul>\n<p>[\/twocol_one_last]<\/p>\n\n\n\n<h3 class=\"wp-block-heading\" id=\"form\">Urlaubs Pakete &#8211; inklusive Ihrem gew\u00fcnschtem Phuket Hotel !<\/h3>\n\n\n\n<p><strong>Gutes Phuket Urlaubsangebot<\/strong> &#8211; Ausgew\u00e4hlte <a href=\"https:\/\/www.easydayphuket.com\/de\/phuket-ausfluege\/\">Phuket Ausfl\u00fcge<\/a> und privater Phuket Flughafen Transfer, alles zusammen mit dem von Ihnen gew\u00fcnschtem Hotel. Informieren Sie uns und lassen Sie sich ein <span style=\"color: #ff0000;\"><strong>unverbindliches Angebot<\/strong><\/span> zukommen.<\/p>\n\n\n\n<script charset=\"utf-8\" type=\"text\/javascript\" src=\"\/\/js.hsforms.net\/forms\/embed\/v2.js\"><\/script>\n<script>\n  hbspt.forms.create({\n    region: \"na1\",\n    portalId: \"3413662\",\n    formId: \"59765d47-ffdf-4452-a315-11081d03c004\"\n  });\n<\/script>\n\n\n\n<h2 class=\"wp-block-heading\">Anreise &#8211;&nbsp;Baan Krating Resort, Phuket<\/h2>\n\n\n\n<p>Bei allen unseren Hotel Paketen ist der <a href=\"https:\/\/www.easydayphuket.com\/de\/phuket-transfers\/phuket-flughafentransfer\/\">Phuket Flughafen Transfer<\/a> inklusive. Wenn Sie selbst anreisen sollten finden Sie hier die dementsprechenden Details zum&nbsp;Baan Krating Resort, Phuket.<\/p>\n\n\n\n<p>Im Baan Krating Resort spiegelt sich das einzigartige und einfache Leben in der Natur wieder, gemischt mit der Kultur aus Nord und S\u00fcdthailand.<\/p>\n\n\n\n<p>Das Phuket Resort verf\u00fcgt \u00fcber erstklassige Restaurants mit internationaler und exzellenter Thail\u00e4ndischen K\u00fcche. Am privaten Strand des Hotels gibt eine kleine Bar wo man die guten tropischen Drinks und Snacks bekommt.<\/p>\n\n\n\n<p>Einer der sch\u00f6nsten Str\u00e4nde von Phuket, der&nbsp;<a title=\"Ya Nui Beach \u2013 The Beaches of Phuket\" href=\"https:\/\/www.easydayphuket.com\/de\/ya-nui-beach-phukets-straende\/\" target=\"_blank\" rel=\"noopener\">Ya Nu<\/a>i Beach ist gerade mal 15 Minuten zu Fu\u00df entfernt&nbsp;und ist wundersch\u00f6n zum schwimmen und entspannen. Die in der N\u00e4he liegenden Str\u00e4nde wie&nbsp;<a title=\"Kata Beach \u2013 The Beaches of Phuket\" href=\"https:\/\/www.easydayphuket.com\/kata-beach-beaches-phuket\/\" target=\"_blank\" rel=\"noopener\">Kata Beach<\/a>&nbsp;und&nbsp;<a title=\"Rawai Beach \u2013 The Beaches of Phuket\" href=\"https:\/\/www.easydayphuket.com\/rawai-beach\/\" target=\"_blank\" rel=\"noopener\">Rawai<\/a> Beach, sind bei den G\u00e4sten sehr beliebt und z\u00e4hlen zu gesch\u00e4tzten Attraktionen. Hier findet man viel Gesch\u00e4fte, Restaurants und man hat es nicht weit zum Chalong Tempel oder dem&nbsp;<a title=\"Big Buddha\" href=\"https:\/\/www.easydayphuket.com\/big-buddha\/\" target=\"_blank\" rel=\"noopener\">Big Buddha<\/a>.<\/p>\n\n\n\n<h2 class=\"wp-block-heading\">Baan Krating Resort&nbsp;&#8211; Allgemeine&nbsp;Informationen<\/h2>\n\n\n\n<ul class=\"wp-block-list\">\n<li><strong>Check in:<\/strong>\u00a014.00 Uhr.<\/li>\n\n\n\n<li><strong>Check out:<\/strong>\u00a012.00 Uhr (Mittags).<\/li>\n\n\n\n<li><strong>Fr\u00fcher check in \/ Sp\u00e4ter check out:\u00a0<\/strong>Je nach Verf\u00fcgbarkeit.<\/li>\n\n\n\n<li><strong>Kinder Optionen:<\/strong>\u00a0Kinder unter 12 Jahren sind kostenlos im Zimmer der Eltern ohne Zusatzbett.<\/li>\n\n\n\n<li><strong>Obligatorisches Abendessen:<\/strong>\u00a0Sylvester<\/li>\n<\/ul>\n","protected":false},"excerpt":{"rendered":"<p>Baan Krating Resort, Phuket liegt auf der S\u00fcdseite von Phuket in einer ruhigen Gegend und nur ca. 15 Minuten zu Fu\u00df vom Nai Harn Beach entfernt. Mit einem kleinen Hoteleigenen Strand kann das Hotel punkten und ist trotzdem nur 15 Minuten mit dem Auto von Phuket Town weit weg. Phuket Hotel Paket inklusive&nbsp;: Baan Krating [&hellip;]<\/p>\n","protected":false},"author":4,"featured_media":0,"parent":14838,"menu_order":0,"comment_status":"closed","ping_status":"closed","template":"","meta":{"_acf_changed":false,"_et_pb_use_builder":"","_et_pb_old_content":"","_et_gb_content_width":"","footnotes":""},"class_list":["post-15220","page","type-page","status-publish","hentry"],"acf":[],"yoast_head":"<!-- This site is optimized with the Yoast SEO plugin v25.1 - https:\/\/yoast.com\/wordpress\/plugins\/seo\/ -->\n<title>Baan Krating Resort empfohlen von Easy Day Phuket.<\/title>\n<meta name=\"description\" content=\"Baan Krating Resort, Phuket liegt an der S\u00fcdseite von Phuket in einer ruhigen Gegend und nur ca. 15 Minuten zu Fu\u00df vom Nai Harn Beach entfernt.\" \/>\n<meta name=\"robots\" content=\"index, follow, max-snippet:-1, max-image-preview:large, max-video-preview:-1\" \/>\n<link rel=\"canonical\" href=\"https:\/\/www.easydayphuket.com\/de\/phuket-hotels\/rawai-nai-harn-beach-hotels\/baan-krating-resort\/\" \/>\n<meta property=\"og:locale\" content=\"de_DE\" \/>\n<meta property=\"og:type\" content=\"article\" \/>\n<meta property=\"og:title\" content=\"Baan Krating Resort empfohlen von Easy Day Phuket.\" \/>\n<meta property=\"og:description\" content=\"Baan Krating Resort, Phuket liegt an der S\u00fcdseite von Phuket in einer ruhigen Gegend und nur ca. 15 Minuten zu Fu\u00df vom Nai Harn Beach entfernt.\" \/>\n<meta property=\"og:url\" content=\"https:\/\/www.easydayphuket.com\/de\/phuket-hotels\/rawai-nai-harn-beach-hotels\/baan-krating-resort\/\" \/>\n<meta property=\"og:site_name\" content=\"Easy Day Phuket\" \/>\n<meta property=\"article:publisher\" content=\"https:\/\/www.facebook.com\/Easydayinthailand\/\" \/>\n<meta property=\"article:modified_time\" content=\"2024-05-23T03:24:11+00:00\" \/>\n<meta property=\"og:image\" content=\"https:\/\/www.easydayphuket.com\/wp-content\/uploads\/2014\/01\/Deluxe-Pavillion2-e1389763829218.jpg\" \/>\n<meta name=\"twitter:label1\" content=\"Gesch\u00e4tzte Lesezeit\" \/>\n\t<meta name=\"twitter:data1\" content=\"3\u00a0Minuten\" \/>\n<script type=\"application\/ld+json\" class=\"yoast-schema-graph\">{\"@context\":\"https:\/\/schema.org\",\"@graph\":[{\"@type\":\"WebPage\",\"@id\":\"https:\/\/www.easydayphuket.com\/de\/phuket-hotels\/rawai-nai-harn-beach-hotels\/baan-krating-resort\/\",\"url\":\"https:\/\/www.easydayphuket.com\/de\/phuket-hotels\/rawai-nai-harn-beach-hotels\/baan-krating-resort\/\",\"name\":\"Baan Krating Resort empfohlen von Easy Day Phuket.\",\"isPartOf\":{\"@id\":\"https:\/\/www.easydayphuket.com\/#website\"},\"primaryImageOfPage\":{\"@id\":\"https:\/\/www.easydayphuket.com\/de\/phuket-hotels\/rawai-nai-harn-beach-hotels\/baan-krating-resort\/#primaryimage\"},\"image\":{\"@id\":\"https:\/\/www.easydayphuket.com\/de\/phuket-hotels\/rawai-nai-harn-beach-hotels\/baan-krating-resort\/#primaryimage\"},\"thumbnailUrl\":\"https:\/\/www.easydayphuket.com\/wp-content\/uploads\/2014\/01\/Deluxe-Pavillion2-e1389763829218.jpg\",\"datePublished\":\"2016-09-18T08:41:07+00:00\",\"dateModified\":\"2024-05-23T03:24:11+00:00\",\"description\":\"Baan Krating Resort, Phuket liegt an der S\u00fcdseite von Phuket in einer ruhigen Gegend und nur ca. 15 Minuten zu Fu\u00df vom Nai Harn Beach entfernt.\",\"breadcrumb\":{\"@id\":\"https:\/\/www.easydayphuket.com\/de\/phuket-hotels\/rawai-nai-harn-beach-hotels\/baan-krating-resort\/#breadcrumb\"},\"inLanguage\":\"de\",\"potentialAction\":[{\"@type\":\"ReadAction\",\"target\":[\"https:\/\/www.easydayphuket.com\/de\/phuket-hotels\/rawai-nai-harn-beach-hotels\/baan-krating-resort\/\"]}]},{\"@type\":\"ImageObject\",\"inLanguage\":\"de\",\"@id\":\"https:\/\/www.easydayphuket.com\/de\/phuket-hotels\/rawai-nai-harn-beach-hotels\/baan-krating-resort\/#primaryimage\",\"url\":\"https:\/\/www.easydayphuket.com\/wp-content\/uploads\/2014\/01\/Deluxe-Pavillion2-e1389763829218.jpg\",\"contentUrl\":\"https:\/\/www.easydayphuket.com\/wp-content\/uploads\/2014\/01\/Deluxe-Pavillion2-e1389763829218.jpg\"},{\"@type\":\"BreadcrumbList\",\"@id\":\"https:\/\/www.easydayphuket.com\/de\/phuket-hotels\/rawai-nai-harn-beach-hotels\/baan-krating-resort\/#breadcrumb\",\"itemListElement\":[{\"@type\":\"ListItem\",\"position\":1,\"name\":\"Home\",\"item\":\"https:\/\/www.easydayphuket.com\/de\/\"},{\"@type\":\"ListItem\",\"position\":2,\"name\":\"Phuket Hotel\",\"item\":\"https:\/\/www.easydayphuket.com\/de\/phuket-hotels\/\"},{\"@type\":\"ListItem\",\"position\":3,\"name\":\"Rawai &#8211; Nai Harn Beach Hotels\",\"item\":\"https:\/\/www.easydayphuket.com\/de\/phuket-hotels\/rawai-nai-harn-beach-hotels\/\"},{\"@type\":\"ListItem\",\"position\":4,\"name\":\"Baan Krating Resort\"}]},{\"@type\":\"WebSite\",\"@id\":\"https:\/\/www.easydayphuket.com\/#website\",\"url\":\"https:\/\/www.easydayphuket.com\/\",\"name\":\"Easy Day Phuket\",\"description\":\"Ihr Phuket Tour & Reise Partner\",\"publisher\":{\"@id\":\"https:\/\/www.easydayphuket.com\/#organization\"},\"potentialAction\":[{\"@type\":\"SearchAction\",\"target\":{\"@type\":\"EntryPoint\",\"urlTemplate\":\"https:\/\/www.easydayphuket.com\/?s={search_term_string}\"},\"query-input\":{\"@type\":\"PropertyValueSpecification\",\"valueRequired\":true,\"valueName\":\"search_term_string\"}}],\"inLanguage\":\"de\"},{\"@type\":\"Organization\",\"@id\":\"https:\/\/www.easydayphuket.com\/#organization\",\"name\":\"Easy Day Thailand\",\"url\":\"https:\/\/www.easydayphuket.com\/\",\"logo\":{\"@type\":\"ImageObject\",\"inLanguage\":\"de\",\"@id\":\"https:\/\/www.easydayphuket.com\/#\/schema\/logo\/image\/\",\"url\":\"https:\/\/www.easydayphuket.com\/wp-content\/uploads\/2013\/07\/Sun-Thaiflag_booking12.gif\",\"contentUrl\":\"https:\/\/www.easydayphuket.com\/wp-content\/uploads\/2013\/07\/Sun-Thaiflag_booking12.gif\",\"width\":100,\"height\":94,\"caption\":\"Easy Day Thailand\"},\"image\":{\"@id\":\"https:\/\/www.easydayphuket.com\/#\/schema\/logo\/image\/\"},\"sameAs\":[\"https:\/\/www.facebook.com\/Easydayinthailand\/\",\"https:\/\/www.instagram.com\/easydaythailand\/\"]}]}<\/script>\n<!-- \/ Yoast SEO plugin. -->","yoast_head_json":{"title":"Baan Krating Resort empfohlen von Easy Day Phuket.","description":"Baan Krating Resort, Phuket liegt an der S\u00fcdseite von Phuket in einer ruhigen Gegend und nur ca. 15 Minuten zu Fu\u00df vom Nai Harn Beach entfernt.","robots":{"index":"index","follow":"follow","max-snippet":"max-snippet:-1","max-image-preview":"max-image-preview:large","max-video-preview":"max-video-preview:-1"},"canonical":"https:\/\/www.easydayphuket.com\/de\/phuket-hotels\/rawai-nai-harn-beach-hotels\/baan-krating-resort\/","og_locale":"de_DE","og_type":"article","og_title":"Baan Krating Resort empfohlen von Easy Day Phuket.","og_description":"Baan Krating Resort, Phuket liegt an der S\u00fcdseite von Phuket in einer ruhigen Gegend und nur ca. 15 Minuten zu Fu\u00df vom Nai Harn Beach entfernt.","og_url":"https:\/\/www.easydayphuket.com\/de\/phuket-hotels\/rawai-nai-harn-beach-hotels\/baan-krating-resort\/","og_site_name":"Easy Day Phuket","article_publisher":"https:\/\/www.facebook.com\/Easydayinthailand\/","article_modified_time":"2024-05-23T03:24:11+00:00","og_image":[{"url":"https:\/\/www.easydayphuket.com\/wp-content\/uploads\/2014\/01\/Deluxe-Pavillion2-e1389763829218.jpg","type":"","width":"","height":""}],"twitter_misc":{"Gesch\u00e4tzte Lesezeit":"3\u00a0Minuten"},"schema":{"@context":"https:\/\/schema.org","@graph":[{"@type":"WebPage","@id":"https:\/\/www.easydayphuket.com\/de\/phuket-hotels\/rawai-nai-harn-beach-hotels\/baan-krating-resort\/","url":"https:\/\/www.easydayphuket.com\/de\/phuket-hotels\/rawai-nai-harn-beach-hotels\/baan-krating-resort\/","name":"Baan Krating Resort empfohlen von Easy Day Phuket.","isPartOf":{"@id":"https:\/\/www.easydayphuket.com\/#website"},"primaryImageOfPage":{"@id":"https:\/\/www.easydayphuket.com\/de\/phuket-hotels\/rawai-nai-harn-beach-hotels\/baan-krating-resort\/#primaryimage"},"image":{"@id":"https:\/\/www.easydayphuket.com\/de\/phuket-hotels\/rawai-nai-harn-beach-hotels\/baan-krating-resort\/#primaryimage"},"thumbnailUrl":"https:\/\/www.easydayphuket.com\/wp-content\/uploads\/2014\/01\/Deluxe-Pavillion2-e1389763829218.jpg","datePublished":"2016-09-18T08:41:07+00:00","dateModified":"2024-05-23T03:24:11+00:00","description":"Baan Krating Resort, Phuket liegt an der S\u00fcdseite von Phuket in einer ruhigen Gegend und nur ca. 15 Minuten zu Fu\u00df vom Nai Harn Beach entfernt.","breadcrumb":{"@id":"https:\/\/www.easydayphuket.com\/de\/phuket-hotels\/rawai-nai-harn-beach-hotels\/baan-krating-resort\/#breadcrumb"},"inLanguage":"de","potentialAction":[{"@type":"ReadAction","target":["https:\/\/www.easydayphuket.com\/de\/phuket-hotels\/rawai-nai-harn-beach-hotels\/baan-krating-resort\/"]}]},{"@type":"ImageObject","inLanguage":"de","@id":"https:\/\/www.easydayphuket.com\/de\/phuket-hotels\/rawai-nai-harn-beach-hotels\/baan-krating-resort\/#primaryimage","url":"https:\/\/www.easydayphuket.com\/wp-content\/uploads\/2014\/01\/Deluxe-Pavillion2-e1389763829218.jpg","contentUrl":"https:\/\/www.easydayphuket.com\/wp-content\/uploads\/2014\/01\/Deluxe-Pavillion2-e1389763829218.jpg"},{"@type":"BreadcrumbList","@id":"https:\/\/www.easydayphuket.com\/de\/phuket-hotels\/rawai-nai-harn-beach-hotels\/baan-krating-resort\/#breadcrumb","itemListElement":[{"@type":"ListItem","position":1,"name":"Home","item":"https:\/\/www.easydayphuket.com\/de\/"},{"@type":"ListItem","position":2,"name":"Phuket Hotel","item":"https:\/\/www.easydayphuket.com\/de\/phuket-hotels\/"},{"@type":"ListItem","position":3,"name":"Rawai &#8211; Nai Harn Beach Hotels","item":"https:\/\/www.easydayphuket.com\/de\/phuket-hotels\/rawai-nai-harn-beach-hotels\/"},{"@type":"ListItem","position":4,"name":"Baan Krating Resort"}]},{"@type":"WebSite","@id":"https:\/\/www.easydayphuket.com\/#website","url":"https:\/\/www.easydayphuket.com\/","name":"Easy Day Phuket","description":"Ihr Phuket Tour & Reise Partner","publisher":{"@id":"https:\/\/www.easydayphuket.com\/#organization"},"potentialAction":[{"@type":"SearchAction","target":{"@type":"EntryPoint","urlTemplate":"https:\/\/www.easydayphuket.com\/?s={search_term_string}"},"query-input":{"@type":"PropertyValueSpecification","valueRequired":true,"valueName":"search_term_string"}}],"inLanguage":"de"},{"@type":"Organization","@id":"https:\/\/www.easydayphuket.com\/#organization","name":"Easy Day Thailand","url":"https:\/\/www.easydayphuket.com\/","logo":{"@type":"ImageObject","inLanguage":"de","@id":"https:\/\/www.easydayphuket.com\/#\/schema\/logo\/image\/","url":"https:\/\/www.easydayphuket.com\/wp-content\/uploads\/2013\/07\/Sun-Thaiflag_booking12.gif","contentUrl":"https:\/\/www.easydayphuket.com\/wp-content\/uploads\/2013\/07\/Sun-Thaiflag_booking12.gif","width":100,"height":94,"caption":"Easy Day Thailand"},"image":{"@id":"https:\/\/www.easydayphuket.com\/#\/schema\/logo\/image\/"},"sameAs":["https:\/\/www.facebook.com\/Easydayinthailand\/","https:\/\/www.instagram.com\/easydaythailand\/"]}]}},"_links":{"self":[{"href":"https:\/\/www.easydayphuket.com\/de\/wp-json\/wp\/v2\/pages\/15220","targetHints":{"allow":["GET"]}}],"collection":[{"href":"https:\/\/www.easydayphuket.com\/de\/wp-json\/wp\/v2\/pages"}],"about":[{"href":"https:\/\/www.easydayphuket.com\/de\/wp-json\/wp\/v2\/types\/page"}],"author":[{"embeddable":true,"href":"https:\/\/www.easydayphuket.com\/de\/wp-json\/wp\/v2\/users\/4"}],"replies":[{"embeddable":true,"href":"https:\/\/www.easydayphuket.com\/de\/wp-json\/wp\/v2\/comments?post=15220"}],"version-history":[{"count":0,"href":"https:\/\/www.easydayphuket.com\/de\/wp-json\/wp\/v2\/pages\/15220\/revisions"}],"up":[{"embeddable":true,"href":"https:\/\/www.easydayphuket.com\/de\/wp-json\/wp\/v2\/pages\/14838"}],"wp:attachment":[{"href":"https:\/\/www.easydayphuket.com\/de\/wp-json\/wp\/v2\/media?parent=15220"}],"curies":[{"name":"wp","href":"https:\/\/api.w.org\/{rel}","templated":true}]}}