{"id":15219,"date":"2016-09-18T14:45:52","date_gmt":"2016-09-18T07:45:52","guid":{"rendered":"https:\/\/www.easydayphuket.com\/de\/phuket-hotels\/phuket-town-hotels\/on-on-hotel-phuket-town\/"},"modified":"2024-05-23T02:30:56","modified_gmt":"2024-05-22T19:30:56","slug":"on-on-hotel-phuket-town","status":"publish","type":"page","link":"https:\/\/www.easydayphuket.com\/de\/phuket-hotels\/phuket-town-hotels\/on-on-hotel-phuket-town\/","title":{"rendered":"On On Hotel Phuket Town"},"content":{"rendered":"\n<figure class=\"wp-block-image alignright\"><a href=\"https:\/\/www.easydayphuket.com\/wp-content\/uploads\/2014\/01\/View4.jpg\"><img loading=\"lazy\" decoding=\"async\" width=\"310\" height=\"234\" src=\"https:\/\/www.easydayphuket.com\/wp-content\/uploads\/2014\/01\/View4.jpg\" alt=\"The Memory at On On Hotel Phuket Town\" class=\"wp-image-3906\" srcset=\"https:\/\/www.easydayphuket.com\/wp-content\/uploads\/2014\/01\/View4.jpg 310w, https:\/\/www.easydayphuket.com\/wp-content\/uploads\/2014\/01\/View4-300x226.jpg 300w, https:\/\/www.easydayphuket.com\/wp-content\/uploads\/2014\/01\/View4-72x55.jpg 72w\" sizes=\"(max-width: 310px) 100vw, 310px\" \/><\/a><figcaption class=\"wp-element-caption\">On On Hotel Phuket Town<\/figcaption><\/figure>\n\n\n\n<p>On On Hotel Phuket Town. Lassen Sie sich von der Faszination von&nbsp;<a title=\"Old Phuket Town\" href=\"https:\/\/www.easydayphuket.com\/old-phuket-town\/\" target=\"_blank\" rel=\"noopener\">Phuket Old Town<\/a>&nbsp;verzaubern und wohnen in dem \u00e4ltesten&nbsp;Hotel der Stadt. Gem\u00fctlich eingerichtet, verspricht das On On Hotel einen interessanten Aufenthalt mit historischen Erinnerungen. Das Hotel&nbsp;enth\u00e4lt immer noch sein Flair der&nbsp;chinesisch-portugiesischen Architektur.<\/p>\n\n\n\n<ul class=\"wp-block-list\">\n<li><strong>Gelegen<\/strong>\u00a0in Phuket Town.<\/li>\n\n\n\n<li>Akribisch Renoviert.<\/li>\n\n\n\n<li><strong>Sehr gutes, geschultes Personal<\/strong>.<\/li>\n\n\n\n<li><strong>Kurze Wege<\/strong> zum Einkaufen.<\/li>\n\n\n\n<li>Dekoriert mit<strong> Stil &amp; Eleganz<\/strong>.<\/li>\n\n\n\n<li><strong>Kostenlose Erfrischungen<\/strong>.<\/li>\n<\/ul>\n\n\n<p><strong><span style=\"color: #ff0000;\"> 3 Tage\u00a0\/ 2 N\u00e4chte\u00a0&#8211; <span style=\"color: #333333;\">Preise in Thai Baht pro Person ab<\/span><\/span><\/strong><strong>\u00a0<\/strong><strong>2,650\u00a0 <a title=\"Easy Day Contact Form\" href=\"#form\">&gt;&gt; <\/a><a title=\"Easy Day Contact Form\" href=\"#form\">Ihr unverbindliches Angebot!<\/a><\/strong>\u00a0<\/p>\n\n\n\n<p><strong>Phuket Hotel Paket inklusive&nbsp;: <\/strong><span style=\"line-height: 1.5em;\"><\/span><\/p>\n\n\n<p><\/span><\/p>\n<ul>\n<li><strong>Privater<\/strong>\u00a0<a title=\"Phuket Airport Transfer\" href=\"https:\/\/www.easydayphuket.com\/de\/phuket-transfers\/phuket-flughafentransfer\/\">Phuket Flughafen\u00a0Transfers<\/a>.<\/li>\n<li>Preise basierend Zwei o. Doppelbett im <strong>Superior-Zimmer.<\/strong><\/li>\n<li>Fr\u00fchst\u00fcck inklusive<\/li>\n<li><span style=\"line-height: 1.5em;\"><strong>Kostenlos<\/strong>\u00a0W<\/span><span style=\"line-height: 1.5em;\">i-Fi m\u00f6glich.<\/span><\/li>\n<li>Steuern\u00a0&amp; Versicherung.<\/li>\n<\/ul>\n\n\n\n<p class=\"has-text-align-right\"><a href='#form' class='small-button smallblue'>Preis Anfrage!<\/a><\/p>\n\n\n\n<h2 class=\"wp-block-heading\">On On Hotel Zimmer &#8211; Galerie<\/h2>\n\n\n\n<figure class=\"wp-block-gallery has-nested-images columns-3 is-cropped wp-block-gallery-1 is-layout-flex wp-block-gallery-is-layout-flex\">\n<figure class=\"wp-block-image size-large\"><img loading=\"lazy\" decoding=\"async\" width=\"310\" height=\"234\" data-id=\"6918\" src=\"https:\/\/www.easydayphuket.com\/wp-content\/uploads\/2014\/01\/Memory-Deluxe.jpg\" alt=\"\" class=\"wp-image-6918\" srcset=\"https:\/\/www.easydayphuket.com\/wp-content\/uploads\/2014\/01\/Memory-Deluxe.jpg 310w, https:\/\/www.easydayphuket.com\/wp-content\/uploads\/2014\/01\/Memory-Deluxe-300x226.jpg 300w, https:\/\/www.easydayphuket.com\/wp-content\/uploads\/2014\/01\/Memory-Deluxe-72x55.jpg 72w\" sizes=\"(max-width: 310px) 100vw, 310px\" \/><\/figure>\n\n\n\n<figure class=\"wp-block-image size-large\"><img loading=\"lazy\" decoding=\"async\" width=\"310\" height=\"234\" data-id=\"6924\" src=\"https:\/\/www.easydayphuket.com\/wp-content\/uploads\/2014\/01\/Memory-Superior.jpg\" alt=\"\" class=\"wp-image-6924\" srcset=\"https:\/\/www.easydayphuket.com\/wp-content\/uploads\/2014\/01\/Memory-Superior.jpg 310w, https:\/\/www.easydayphuket.com\/wp-content\/uploads\/2014\/01\/Memory-Superior-300x226.jpg 300w, https:\/\/www.easydayphuket.com\/wp-content\/uploads\/2014\/01\/Memory-Superior-72x55.jpg 72w\" sizes=\"(max-width: 310px) 100vw, 310px\" \/><\/figure>\n\n\n\n<figure class=\"wp-block-image size-large\"><img loading=\"lazy\" decoding=\"async\" width=\"310\" height=\"234\" data-id=\"6921\" src=\"https:\/\/www.easydayphuket.com\/wp-content\/uploads\/2014\/01\/Dorm-lobby.jpg\" alt=\"\" class=\"wp-image-6921\" srcset=\"https:\/\/www.easydayphuket.com\/wp-content\/uploads\/2014\/01\/Dorm-lobby.jpg 310w, https:\/\/www.easydayphuket.com\/wp-content\/uploads\/2014\/01\/Dorm-lobby-300x226.jpg 300w, https:\/\/www.easydayphuket.com\/wp-content\/uploads\/2014\/01\/Dorm-lobby-72x55.jpg 72w\" sizes=\"(max-width: 310px) 100vw, 310px\" \/><\/figure>\n<\/figure>\n\n\n\n<h2 class=\"wp-block-heading\">On On Hotel Phuket Zimmer &#8211; Ausstattung<\/h2>\n\n\n<p>[twocol_one]<\/p>\n<ul>\n<li>24 Std Rezeption.<\/li>\n<li>Tour.<\/li>\n<li>Limo\/Auto Service.<\/li>\n<li>Trocken Reinigung.<\/li>\n<li>W\u00e4scherei.<\/li>\n<\/ul>\n<p>[\/twocol_one]<\/p>\n\n\n<p>[twocol_one_last]<\/p>\n<ul>\n<li>Kostenlose Zeitungen.<\/li>\n<li>Gep\u00e4ck Abstellraum.<\/li>\n<li>Geschenk\u00a0Shop.<\/li>\n<li>Kunstgalerie.<\/li>\n<li>Restaurant.<\/li>\n<\/ul>\n<p>[\/twocol_one_last]<\/p>\n\n\n\n<h3 class=\"wp-block-heading\" id=\"form\">Urlaubs Pakete &#8211; inklusive Ihrem gew\u00fcnschtem Phuket Hotel !<\/h3>\n\n\n\n<p><strong>Gutes Phuket Urlaubsangebot<\/strong> &#8211; Ausgew\u00e4hlte <a href=\"https:\/\/www.easydayphuket.com\/de\/phuket-ausfluege\/\">Phuket Ausfl\u00fcge<\/a> und privater Phuket Flughafen Transfer, alles zusammen mit dem von Ihnen gew\u00fcnschtem Hotel. Informieren Sie uns und lassen Sie sich ein <span style=\"color: #ff0000;\"><strong>unverbindliches Angebot<\/strong><\/span> zukommen.<\/p>\n\n\n\n<h2 class=\"wp-block-heading\">On On Hotel&nbsp;&#8211; Anreise<\/h2>\n\n\n\n<p>Bei allen unseren Hotel Paketen ist der <a href=\"https:\/\/www.easydayphuket.com\/de\/phuket-transfers\/phuket-flughafentransfer\/\">Phuket Flughafen Transfer<\/a> inklusive. Wenn Sie selbst anreisen sollten finden Sie hier die dementsprechenden Details zum&nbsp;On On Hotel Phuket Town.<\/p>\n\n\n\n<p>Liegend auf der Phang Nga Stra\u00dfe in&nbsp;<a title=\"Old Phuket Town\" href=\"https:\/\/www.easydayphuket.com\/old-phuket-town\/\" target=\"_blank\" rel=\"noopener\">Phuket Old Town<\/a>, dem historischen Zentrum der Insel Phuket. Wirtschaftlich und Kulturell ist die Altstadt f\u00fcr die Einheimischen immer noch der wichtigste Teil der Insel. Die Altstadt wurde \u00fcber die Jahre dann immer etwas renoviert aber hat seinen Flair zur Erinnerung an die alten Zeiten nicht verloren.<\/p>\n\n\n\n<h2 class=\"wp-block-heading\">On On Hotel &#8211; Allgemeine&nbsp;Informationen<\/h2>\n\n\n\n<ul class=\"wp-block-list\">\n<li><strong>Check in:<\/strong>\u00a014.00 Uhr.<\/li>\n\n\n\n<li><strong>Check out:<\/strong>\u00a012.00 Uhr (Mittags).<\/li>\n\n\n\n<li><strong>Fr\u00fcher check in \/ Sp\u00e4ter check out:\u00a0<\/strong>Je nach Verf\u00fcgbarkeit.<\/li>\n\n\n\n<li><strong>Kinder Optionen:<\/strong>\u00a0Kinder unter 4 Jahren sind kostenlos im Bett der Eltern inklusive Fr\u00fchst\u00fcck. Kinder zwischen 4 &#8211; 12 Jahren sind ebenfalls kostenlos im Bett der Eltern jedoch nicht inklusive Fr\u00fchst\u00fcck.<\/li>\n\n\n\n<li><strong>Obligatorisches Abendessen:<\/strong>\u00a0Nein.<\/li>\n<\/ul>\n","protected":false},"excerpt":{"rendered":"<p>On On Hotel Phuket Town. Lassen Sie sich von der Faszination von&nbsp;Phuket Old Town&nbsp;verzaubern und wohnen in dem \u00e4ltesten&nbsp;Hotel der Stadt. Gem\u00fctlich eingerichtet, verspricht das On On Hotel einen interessanten Aufenthalt mit historischen Erinnerungen. Das Hotel&nbsp;enth\u00e4lt immer noch sein Flair der&nbsp;chinesisch-portugiesischen Architektur. Phuket Hotel Paket inklusive&nbsp;: On On Hotel Zimmer &#8211; Galerie On On Hotel [&hellip;]<\/p>\n","protected":false},"author":4,"featured_media":6927,"parent":14837,"menu_order":0,"comment_status":"closed","ping_status":"open","template":"","meta":{"_acf_changed":false,"_et_pb_use_builder":"off","_et_pb_old_content":"[caption id=\"attachment_3906\" align=\"alignright\" width=\"310\"]<a href=\"\/?page_id=3906\"><img class=\"wp-image-6927 size-full\" title=\"The Memory at On On Hotel Phuket Town\" src=\"https:\/\/www.easydayphuket.com\/wp-content\/uploads\/2014\/01\/View4.jpg\" alt=\"The Memory at On On Hotel Phuket Town\" width=\"310\" height=\"234\" \/><\/a> On On Hotel Phuket Town[\/caption]\r\n\r\nOn On Hotel Phuket Town.\u00a0Immerse yourself in the true spirit of <a title=\"Old Phuket Town\" href=\"\/?p=3266\" target=\"_blank\" rel=\"noopener\">Phuket Old Town<\/a> with a homely stay at the historical Memory at On On Hotel. This is the oldest hotel in Phuket and has been meticulously renovated to maintain its rich Sino-Portuguese architecture, revealing a classic design that blends perfectly with the brand new modern amenities.\r\n<ul>\r\n \t<li><strong>Located<\/strong> in Phuket Town.<\/li>\r\n \t<li><strong>Recently<\/strong> Restored.<\/li>\r\n \t<li><strong>Highly<\/strong> Experienced Staff.<\/li>\r\n \t<li>Quick access Shopping.<\/li>\r\n \t<li><strong>Decorated<\/strong> with style and elegance.<\/li>\r\n \t<li><strong>Complimentary<\/strong> Refreshments.<\/li>\r\n<\/ul>\r\n<strong><span style=\"color: #ff0000;\"> 3 day \/ 2 nights<\/span> - Price in <\/strong><strong>Thai Baht <\/strong><strong>per person starting from\u00a0<\/strong><strong>[hp_OnOn_3d2n]\u00a0 <a title=\"Easy Day Contact Form\" href=\"#form\">>> Get your Free Quote!<\/a><\/strong> \r\n\r\n<strong>Hotel package<\/strong><strong> Includes :\u00a0<\/strong>\r\n\r\n<span style=\"line-height: 1.5em;\"><\/span>\r\n<ul>\r\n \t<li><strong>Private<\/strong>\u00a0<a title=\"Phuket Airport Transfer\" href=\"\/?page_id=146\">Phuket Airport Transfer<\/a>.<\/li>\r\n \t<li>Accommodation in Superior Room based on twin\/double sharing.<\/li>\r\n \t<li><span style=\"line-height: 1.5em;\"><strong>Free<\/strong> W<\/span><span style=\"line-height: 1.5em;\">i-Fi Avialable.<\/span><\/li>\r\n \t<li>Tax & Insurance.<\/li>\r\n<\/ul>\r\n\r\n<p style=\"text-align: right;\">[button link=\"#form\"]Check rates![\/button]<\/p>\r\n\r\n<h2 style=\"text-align: left;\">On On Hotel Room Gallery<\/h2>\r\n[gallery size=\"large\" type=\"rectangular\" ids=\"3902,3904,3903\" orderby=\"rand\"]\r\n<h2>On On Hotel Phuket Room Facilities<\/h2>\r\n[twocol_one]\r\n<ul>\r\n \t<li>24-hour front desk.<\/li>\r\n \t<li>Tour.<\/li>\r\n \t<li>Limo\/Car service.<\/li>\r\n \t<li>Dry cleaning.<\/li>\r\n \t<li>Laundry.<\/li>\r\n<\/ul>\r\n[\/twocol_one] [twocol_one_last]\r\n<ul>\r\n \t<li>Complimentary newspapers.<\/li>\r\n \t<li>Luggage storage.<\/li>\r\n \t<li>Memeory Shop.<\/li>\r\n \t<li>Art Gallery.<\/li>\r\n<\/ul>\r\n[\/twocol_one_last]\r\n\r\n[anchor_contact]\r\n<h3>Holiday Packages - Including your Favourite Phuket Hotel<\/h3>\r\n<strong>Best of Phuket Vacation Deals<\/strong> - <a href=\"\/?page_id=60\" target=\"_blank\" rel=\"noopener\">Phuket Tours<\/a> Package includes Private Airport Transfers and Accommodation. <span style=\"color: #ff0000;\"><strong>Get your Free Quote Now!<\/strong><\/span>\r\n\r\n[gravityform id=\"6\" title=\"false\" description=\"true\" ajax=\"true\"]\r\n<h2>On On Hotel\u00a0How to Get there<\/h2>\r\nAs for all hotel packages <a title=\"Phuket Airport Transfer\" href=\"\/?page_id=146\" target=\"_blank\" rel=\"noopener\">Transfers<\/a>\u00a0from<a title=\"Phuket International Airport\" href=\"\/?p=3568\" target=\"_blank\" rel=\"noopener\">\u00a0Phuket Airport<\/a>\u00a0are included. In case you like to make your own way we are happy to give you the exact details.\r\n\r\nWe are situated on Phang Nga Road in <a title=\"Old Phuket Town\" href=\"\/?p=3266\" target=\"_blank\" rel=\"noopener\">Phuket Old Town<\/a>, the historic centre of the island which is still the cultural and economic hub for locals today. The Old Town has been renovated in recent years allowing visitors to experience a different side to Phuket, providing an alternative destination to the stunning beaches, such as<a title=\"Patong Beach \u2013 The Beaches of Phuket\" href=\"\/?p=3438\" target=\"_blank\" rel=\"noopener\"> Patong<\/a>, <a title=\"Karon Beach \u2013 The Beaches of Phuket\" href=\"\/?p=3449\" target=\"_blank\" rel=\"noopener\">Karon <\/a>or <a title=\"Surin Beach \u2013 The Beaches of Phuket\" href=\"\/?p=3496\" target=\"_blank\" rel=\"noopener\">Surin<\/a> which are still only 20 minutes away.\r\n<h2>On On Hotel - General Information<\/h2>\r\n<ul>\r\n \t<li><strong>Check in:<\/strong>\u00a014.00 hrs.<\/li>\r\n \t<li><strong>Check out:<\/strong>\u00a012.00 noon.<\/li>\r\n \t<li><strong>Early check in \/ Late check out: <\/strong>Subject to availability during stay.<\/li>\r\n \t<li><strong>Children\u2019s Policy:<\/strong>\u00a0Child under 4 years old stay free of charge when sharing with parents in exiting bed (breakfast free of\u00a0charge).\u00a0Child from 4 years to 12 years of age sharing bed with parents free of charge, however breakfast payable at hotel.<\/li>\r\n \t<li><strong>Compulsory Dinner:<\/strong>\u00a0 None.<\/li>\r\n<\/ul>","_et_gb_content_width":"","footnotes":""},"class_list":["post-15219","page","type-page","status-publish","has-post-thumbnail","hentry"],"acf":[],"yoast_head":"<!-- This site is optimized with the Yoast SEO plugin v25.1 - https:\/\/yoast.com\/wordpress\/plugins\/seo\/ -->\n<title>On On Hotel Phuket Town - Easy Day Phuket Touren<\/title>\n<meta name=\"description\" content=\"On On Hotel Phuket Town. Lassen Sie sich von der Faszination von Phuket Old Town verzaubern und wohnen in dem \u00e4ltesten Hotel der Stadt.\" \/>\n<meta name=\"robots\" content=\"index, follow, max-snippet:-1, max-image-preview:large, max-video-preview:-1\" \/>\n<link rel=\"canonical\" href=\"https:\/\/www.easydayphuket.com\/de\/phuket-hotels\/phuket-town-hotels\/on-on-hotel-phuket-town\/\" \/>\n<meta property=\"og:locale\" content=\"de_DE\" \/>\n<meta property=\"og:type\" content=\"article\" \/>\n<meta property=\"og:title\" content=\"On On Hotel Phuket Town - Easy Day Phuket Touren\" \/>\n<meta property=\"og:description\" content=\"On On Hotel Phuket Town. Lassen Sie sich von der Faszination von Phuket Old Town verzaubern und wohnen in dem \u00e4ltesten Hotel der Stadt.\" \/>\n<meta property=\"og:url\" content=\"https:\/\/www.easydayphuket.com\/de\/phuket-hotels\/phuket-town-hotels\/on-on-hotel-phuket-town\/\" \/>\n<meta property=\"og:site_name\" content=\"Easy Day Phuket\" \/>\n<meta property=\"article:publisher\" content=\"https:\/\/www.facebook.com\/Easydayinthailand\/\" \/>\n<meta property=\"article:modified_time\" content=\"2024-05-22T19:30:56+00:00\" \/>\n<meta property=\"og:image\" content=\"https:\/\/www.easydayphuket.com\/wp-content\/uploads\/2014\/01\/View4.jpg\" \/>\n\t<meta property=\"og:image:width\" content=\"310\" \/>\n\t<meta property=\"og:image:height\" content=\"234\" \/>\n\t<meta property=\"og:image:type\" content=\"image\/jpeg\" \/>\n<meta name=\"twitter:label1\" content=\"Gesch\u00e4tzte Lesezeit\" \/>\n\t<meta name=\"twitter:data1\" content=\"3\u00a0Minuten\" \/>\n<script type=\"application\/ld+json\" class=\"yoast-schema-graph\">{\"@context\":\"https:\/\/schema.org\",\"@graph\":[{\"@type\":\"WebPage\",\"@id\":\"https:\/\/www.easydayphuket.com\/de\/phuket-hotels\/phuket-town-hotels\/on-on-hotel-phuket-town\/\",\"url\":\"https:\/\/www.easydayphuket.com\/de\/phuket-hotels\/phuket-town-hotels\/on-on-hotel-phuket-town\/\",\"name\":\"On On Hotel Phuket Town - Easy Day Phuket Touren\",\"isPartOf\":{\"@id\":\"https:\/\/www.easydayphuket.com\/#website\"},\"primaryImageOfPage\":{\"@id\":\"https:\/\/www.easydayphuket.com\/de\/phuket-hotels\/phuket-town-hotels\/on-on-hotel-phuket-town\/#primaryimage\"},\"image\":{\"@id\":\"https:\/\/www.easydayphuket.com\/de\/phuket-hotels\/phuket-town-hotels\/on-on-hotel-phuket-town\/#primaryimage\"},\"thumbnailUrl\":\"https:\/\/www.easydayphuket.com\/wp-content\/uploads\/2014\/01\/View4.jpg\",\"datePublished\":\"2016-09-18T07:45:52+00:00\",\"dateModified\":\"2024-05-22T19:30:56+00:00\",\"description\":\"On On Hotel Phuket Town. Lassen Sie sich von der Faszination von Phuket Old Town verzaubern und wohnen in dem \u00e4ltesten Hotel der Stadt.\",\"breadcrumb\":{\"@id\":\"https:\/\/www.easydayphuket.com\/de\/phuket-hotels\/phuket-town-hotels\/on-on-hotel-phuket-town\/#breadcrumb\"},\"inLanguage\":\"de\",\"potentialAction\":[{\"@type\":\"ReadAction\",\"target\":[\"https:\/\/www.easydayphuket.com\/de\/phuket-hotels\/phuket-town-hotels\/on-on-hotel-phuket-town\/\"]}]},{\"@type\":\"ImageObject\",\"inLanguage\":\"de\",\"@id\":\"https:\/\/www.easydayphuket.com\/de\/phuket-hotels\/phuket-town-hotels\/on-on-hotel-phuket-town\/#primaryimage\",\"url\":\"https:\/\/www.easydayphuket.com\/wp-content\/uploads\/2014\/01\/View4.jpg\",\"contentUrl\":\"https:\/\/www.easydayphuket.com\/wp-content\/uploads\/2014\/01\/View4.jpg\",\"width\":310,\"height\":234,\"caption\":\"On On Hotel\"},{\"@type\":\"BreadcrumbList\",\"@id\":\"https:\/\/www.easydayphuket.com\/de\/phuket-hotels\/phuket-town-hotels\/on-on-hotel-phuket-town\/#breadcrumb\",\"itemListElement\":[{\"@type\":\"ListItem\",\"position\":1,\"name\":\"Home\",\"item\":\"https:\/\/www.easydayphuket.com\/de\/\"},{\"@type\":\"ListItem\",\"position\":2,\"name\":\"Phuket Hotel\",\"item\":\"https:\/\/www.easydayphuket.com\/de\/phuket-hotels\/\"},{\"@type\":\"ListItem\",\"position\":3,\"name\":\"Phuket Town Hotels\",\"item\":\"https:\/\/www.easydayphuket.com\/de\/phuket-hotels\/phuket-town-hotels\/\"},{\"@type\":\"ListItem\",\"position\":4,\"name\":\"On On Hotel Phuket Town\"}]},{\"@type\":\"WebSite\",\"@id\":\"https:\/\/www.easydayphuket.com\/#website\",\"url\":\"https:\/\/www.easydayphuket.com\/\",\"name\":\"Easy Day Phuket\",\"description\":\"Ihr Phuket Tour & Reise Partner\",\"publisher\":{\"@id\":\"https:\/\/www.easydayphuket.com\/#organization\"},\"potentialAction\":[{\"@type\":\"SearchAction\",\"target\":{\"@type\":\"EntryPoint\",\"urlTemplate\":\"https:\/\/www.easydayphuket.com\/?s={search_term_string}\"},\"query-input\":{\"@type\":\"PropertyValueSpecification\",\"valueRequired\":true,\"valueName\":\"search_term_string\"}}],\"inLanguage\":\"de\"},{\"@type\":\"Organization\",\"@id\":\"https:\/\/www.easydayphuket.com\/#organization\",\"name\":\"Easy Day Thailand\",\"url\":\"https:\/\/www.easydayphuket.com\/\",\"logo\":{\"@type\":\"ImageObject\",\"inLanguage\":\"de\",\"@id\":\"https:\/\/www.easydayphuket.com\/#\/schema\/logo\/image\/\",\"url\":\"https:\/\/www.easydayphuket.com\/wp-content\/uploads\/2013\/07\/Sun-Thaiflag_booking12.gif\",\"contentUrl\":\"https:\/\/www.easydayphuket.com\/wp-content\/uploads\/2013\/07\/Sun-Thaiflag_booking12.gif\",\"width\":100,\"height\":94,\"caption\":\"Easy Day Thailand\"},\"image\":{\"@id\":\"https:\/\/www.easydayphuket.com\/#\/schema\/logo\/image\/\"},\"sameAs\":[\"https:\/\/www.facebook.com\/Easydayinthailand\/\",\"https:\/\/www.instagram.com\/easydaythailand\/\"]}]}<\/script>\n<!-- \/ Yoast SEO plugin. -->","yoast_head_json":{"title":"On On Hotel Phuket Town - Easy Day Phuket Touren","description":"On On Hotel Phuket Town. Lassen Sie sich von der Faszination von Phuket Old Town verzaubern und wohnen in dem \u00e4ltesten Hotel der Stadt.","robots":{"index":"index","follow":"follow","max-snippet":"max-snippet:-1","max-image-preview":"max-image-preview:large","max-video-preview":"max-video-preview:-1"},"canonical":"https:\/\/www.easydayphuket.com\/de\/phuket-hotels\/phuket-town-hotels\/on-on-hotel-phuket-town\/","og_locale":"de_DE","og_type":"article","og_title":"On On Hotel Phuket Town - Easy Day Phuket Touren","og_description":"On On Hotel Phuket Town. Lassen Sie sich von der Faszination von Phuket Old Town verzaubern und wohnen in dem \u00e4ltesten Hotel der Stadt.","og_url":"https:\/\/www.easydayphuket.com\/de\/phuket-hotels\/phuket-town-hotels\/on-on-hotel-phuket-town\/","og_site_name":"Easy Day Phuket","article_publisher":"https:\/\/www.facebook.com\/Easydayinthailand\/","article_modified_time":"2024-05-22T19:30:56+00:00","og_image":[{"width":310,"height":234,"url":"https:\/\/www.easydayphuket.com\/wp-content\/uploads\/2014\/01\/View4.jpg","type":"image\/jpeg"}],"twitter_misc":{"Gesch\u00e4tzte Lesezeit":"3\u00a0Minuten"},"schema":{"@context":"https:\/\/schema.org","@graph":[{"@type":"WebPage","@id":"https:\/\/www.easydayphuket.com\/de\/phuket-hotels\/phuket-town-hotels\/on-on-hotel-phuket-town\/","url":"https:\/\/www.easydayphuket.com\/de\/phuket-hotels\/phuket-town-hotels\/on-on-hotel-phuket-town\/","name":"On On Hotel Phuket Town - Easy Day Phuket Touren","isPartOf":{"@id":"https:\/\/www.easydayphuket.com\/#website"},"primaryImageOfPage":{"@id":"https:\/\/www.easydayphuket.com\/de\/phuket-hotels\/phuket-town-hotels\/on-on-hotel-phuket-town\/#primaryimage"},"image":{"@id":"https:\/\/www.easydayphuket.com\/de\/phuket-hotels\/phuket-town-hotels\/on-on-hotel-phuket-town\/#primaryimage"},"thumbnailUrl":"https:\/\/www.easydayphuket.com\/wp-content\/uploads\/2014\/01\/View4.jpg","datePublished":"2016-09-18T07:45:52+00:00","dateModified":"2024-05-22T19:30:56+00:00","description":"On On Hotel Phuket Town. Lassen Sie sich von der Faszination von Phuket Old Town verzaubern und wohnen in dem \u00e4ltesten Hotel der Stadt.","breadcrumb":{"@id":"https:\/\/www.easydayphuket.com\/de\/phuket-hotels\/phuket-town-hotels\/on-on-hotel-phuket-town\/#breadcrumb"},"inLanguage":"de","potentialAction":[{"@type":"ReadAction","target":["https:\/\/www.easydayphuket.com\/de\/phuket-hotels\/phuket-town-hotels\/on-on-hotel-phuket-town\/"]}]},{"@type":"ImageObject","inLanguage":"de","@id":"https:\/\/www.easydayphuket.com\/de\/phuket-hotels\/phuket-town-hotels\/on-on-hotel-phuket-town\/#primaryimage","url":"https:\/\/www.easydayphuket.com\/wp-content\/uploads\/2014\/01\/View4.jpg","contentUrl":"https:\/\/www.easydayphuket.com\/wp-content\/uploads\/2014\/01\/View4.jpg","width":310,"height":234,"caption":"On On Hotel"},{"@type":"BreadcrumbList","@id":"https:\/\/www.easydayphuket.com\/de\/phuket-hotels\/phuket-town-hotels\/on-on-hotel-phuket-town\/#breadcrumb","itemListElement":[{"@type":"ListItem","position":1,"name":"Home","item":"https:\/\/www.easydayphuket.com\/de\/"},{"@type":"ListItem","position":2,"name":"Phuket Hotel","item":"https:\/\/www.easydayphuket.com\/de\/phuket-hotels\/"},{"@type":"ListItem","position":3,"name":"Phuket Town Hotels","item":"https:\/\/www.easydayphuket.com\/de\/phuket-hotels\/phuket-town-hotels\/"},{"@type":"ListItem","position":4,"name":"On On Hotel Phuket Town"}]},{"@type":"WebSite","@id":"https:\/\/www.easydayphuket.com\/#website","url":"https:\/\/www.easydayphuket.com\/","name":"Easy Day Phuket","description":"Ihr Phuket Tour & Reise Partner","publisher":{"@id":"https:\/\/www.easydayphuket.com\/#organization"},"potentialAction":[{"@type":"SearchAction","target":{"@type":"EntryPoint","urlTemplate":"https:\/\/www.easydayphuket.com\/?s={search_term_string}"},"query-input":{"@type":"PropertyValueSpecification","valueRequired":true,"valueName":"search_term_string"}}],"inLanguage":"de"},{"@type":"Organization","@id":"https:\/\/www.easydayphuket.com\/#organization","name":"Easy Day Thailand","url":"https:\/\/www.easydayphuket.com\/","logo":{"@type":"ImageObject","inLanguage":"de","@id":"https:\/\/www.easydayphuket.com\/#\/schema\/logo\/image\/","url":"https:\/\/www.easydayphuket.com\/wp-content\/uploads\/2013\/07\/Sun-Thaiflag_booking12.gif","contentUrl":"https:\/\/www.easydayphuket.com\/wp-content\/uploads\/2013\/07\/Sun-Thaiflag_booking12.gif","width":100,"height":94,"caption":"Easy Day Thailand"},"image":{"@id":"https:\/\/www.easydayphuket.com\/#\/schema\/logo\/image\/"},"sameAs":["https:\/\/www.facebook.com\/Easydayinthailand\/","https:\/\/www.instagram.com\/easydaythailand\/"]}]}},"_links":{"self":[{"href":"https:\/\/www.easydayphuket.com\/de\/wp-json\/wp\/v2\/pages\/15219","targetHints":{"allow":["GET"]}}],"collection":[{"href":"https:\/\/www.easydayphuket.com\/de\/wp-json\/wp\/v2\/pages"}],"about":[{"href":"https:\/\/www.easydayphuket.com\/de\/wp-json\/wp\/v2\/types\/page"}],"author":[{"embeddable":true,"href":"https:\/\/www.easydayphuket.com\/de\/wp-json\/wp\/v2\/users\/4"}],"replies":[{"embeddable":true,"href":"https:\/\/www.easydayphuket.com\/de\/wp-json\/wp\/v2\/comments?post=15219"}],"version-history":[{"count":0,"href":"https:\/\/www.easydayphuket.com\/de\/wp-json\/wp\/v2\/pages\/15219\/revisions"}],"up":[{"embeddable":true,"href":"https:\/\/www.easydayphuket.com\/de\/wp-json\/wp\/v2\/pages\/14837"}],"wp:featuredmedia":[{"embeddable":true,"href":"https:\/\/www.easydayphuket.com\/de\/wp-json\/wp\/v2\/media\/6927"}],"wp:attachment":[{"href":"https:\/\/www.easydayphuket.com\/de\/wp-json\/wp\/v2\/media?parent=15219"}],"curies":[{"name":"wp","href":"https:\/\/api.w.org\/{rel}","templated":true}]}}