{"id":15218,"date":"2016-09-18T14:08:08","date_gmt":"2016-09-18T07:08:08","guid":{"rendered":"https:\/\/www.easydayphuket.com\/de\/phuket-hotels\/phuket-town-hotels\/sino-inn-budget-hotel\/"},"modified":"2024-05-23T02:44:56","modified_gmt":"2024-05-22T19:44:56","slug":"sino-inn-budget-hotel","status":"publish","type":"page","link":"https:\/\/www.easydayphuket.com\/de\/phuket-hotels\/phuket-town-hotels\/sino-inn-budget-hotel\/","title":{"rendered":"Sino Inn Budget Hotel"},"content":{"rendered":"\n<figure class=\"wp-block-image alignright wp-image-6930 size-full\"><img loading=\"lazy\" decoding=\"async\" width=\"240\" height=\"181\" src=\"https:\/\/www.easydayphuket.com\/wp-content\/uploads\/2014\/01\/Front1-e1390463875965.jpg\" alt=\"Sino Inn Budget Hotel\" class=\"wp-image-3913\"\/><figcaption class=\"wp-element-caption\">Sino Inn Budget Hotel<\/figcaption><\/figure>\n\n\n\n<p>Sino Inn Budget Hotel, Phuket ist ideal gelegen zur Entdeckung der Altstadt von Phuket. Viele Gesch\u00e4fte, lokale M\u00e4rkte und Thail\u00e4ndische Restaurants gibt in unmittelbarer N\u00e4he. F\u00fcr G\u00e4ste die nach einen preiswerten Variante suchen und trotzdem einen komfortablen Urlaub haben wollen, sind hier genau richtig.<\/p>\n\n\n\n<ul class=\"wp-block-list\">\n<li><strong>Liegend<\/strong>\u00a0in <a title=\"Old Phuket Town\" href=\"https:\/\/www.easydayphuket.com\/old-phuket-town\/\" target=\"_blank\" rel=\"noopener\">Phuket Town<\/a>.<\/li>\n\n\n\n<li><strong>Perfekter Ausgangspunkt<\/strong>.<\/li>\n\n\n\n<li><strong>Busbahnhof <\/strong>in der N\u00e4he.<\/li>\n\n\n\n<li><b>Excellente<\/b>\u00a0Unterkunft.<\/li>\n\n\n\n<li><strong>Kostenlose\u00a0<\/strong>Mini-Bar.<\/li>\n\n\n\n<li><strong>Original<\/strong>\u00a0stilvolles Design.<\/li>\n<\/ul>\n\n\n<p><strong><span style=\"color: #ff0000;\"> 3 Tage\u00a0\/ 2 N\u00e4chte\u00a0&#8211; <\/span><span style=\"color: #333333;\">Preise in Thai Baht pro Person ab\u00a0<\/span>1,900\u00a0 <a title=\"Easy Day Contact Form\" href=\"#form\">&gt;&gt; <\/a><a title=\"Easy Day Contact Form\" href=\"#form\">Ihr unverbindliches Angebot!<\/a><\/strong>\u00a0<\/p>\n\n\n\n<p><strong>Phuket Hotel Paket inklusive&nbsp;: <\/strong><span style=\"line-height: 1.5em;\"><\/span><\/p>\n\n\n<p><\/span><\/p>\n<ul>\n<li><strong>Privater<\/strong>\u00a0<a title=\"Phuket Airport Transfer\" href=\"https:\/\/www.easydayphuket.com\/de\/phuket-transfers\/phuket-flughafentransfer\/\">Phuket Flughafen\u00a0Transfers<\/a>.<\/li>\n<li>Preise basierend Standard Zwei o. Doppelbett-Zimmer<strong>.<\/strong><\/li>\n<li><span style=\"line-height: 1.5em;\">Kostenlos W<\/span><span style=\"line-height: 1.5em;\">i-Fi .<\/span><\/li>\n<li>Steuern &amp; Insurance.<\/li>\n<\/ul>\n\n\n\n<p class=\"has-text-align-right\"><a href='#form' class='small-button smallblue'>Preis Anfrage!<\/a><\/p>\n\n\n\n<h2 class=\"wp-block-heading\">&nbsp;Sino Inn Budget Hotel, Phuket &#8211; Ausstattung<\/h2>\n\n\n<p>[twocol_one]<\/p>\n<ul>\n<li>Fahrstuhl.<\/li>\n<li>Taxi Services.<\/li>\n<li>Autoparkplatz.<\/li>\n<li>Rezeption 06.00\/ 24.00 Uhr.<\/li>\n<li>Klimaanlage.<\/li>\n<\/ul>\n<p>[\/twocol_one]<\/p>\n\n\n<p>[twocol_one_last]<\/p>\n<ul>\n<li>Kabelfernsehen.<\/li>\n<li>WIFI.<\/li>\n<li>Mini Bar.<\/li>\n<\/ul>\n<p>[\/twocol_one_last]<\/p>\n\n\n\n<h3 class=\"wp-block-heading\" id=\"form\">Urlaubs Pakete &#8211; inklusive Ihrem gew\u00fcnschtem Phuket Hotel !<\/h3>\n\n\n\n<p><strong>Gutes Phuket Urlaubsangebot<\/strong> &#8211; Ausgew\u00e4hlte <a href=\"https:\/\/www.easydayphuket.com\/de\/phuket-ausfluege\/\">Phuket Ausfl\u00fcge<\/a> und privater Phuket Flughafen Transfer, alles zusammen mit dem von Ihnen gew\u00fcnschtem Hotel. Informieren Sie uns und lassen Sie sich ein <span style=\"color: #ff0000;\"><strong>unverbindliches Angebot<\/strong><\/span> zukommen.<\/p>\n\n\n\n<script charset=\"utf-8\" type=\"text\/javascript\" src=\"\/\/js.hsforms.net\/forms\/embed\/v2.js\"><\/script>\n<script>\n  hbspt.forms.create({\n    region: \"na1\",\n    portalId: \"3413662\",\n    formId: \"59765d47-ffdf-4452-a315-11081d03c004\"\n  });\n<\/script>\n\n\n\n<h2 class=\"wp-block-heading\">Anreise &#8211;&nbsp;Sino Inn Budget<\/h2>\n\n\n\n<p>Bei allen unseren Hotel Paketen ist der <a href=\"https:\/\/www.easydayphuket.com\/de\/phuket-transfers\/phuket-flughafentransfer\/\">Phuket Flughafen Transfer<\/a> inklusive. Wenn Sie selbst anreisen sollten finden Sie hier die dementsprechenden Details zum&nbsp;Sino Inn Budget Hotel, Phuket.<\/p>\n\n\n\n<p>Saubere klimatisierte Schlafs\u00e4le gibt es f\u00fcr Frauen oder aber eben auch gemischt f\u00fcr Paare. Ein gut ausgestattetes Wohnzimmer mit Sofa , K\u00fchlschrank,&nbsp;International TV und K\u00fcche stehen den G\u00e4sten hier zur Verf\u00fcgung. Alles Betten in den Schlafs\u00e4len haben Vorh\u00e4nge f\u00fcr die Privatsph\u00e4re und Schlie\u00dff\u00e4cher f\u00fcr die Sicherheit.<\/p>\n\n\n\n<p>Bekannt geworden ist Phuket als die perle der Andamanen see da sie umgeben von den sch\u00f6nsten <a title=\"Snorkeling Similan Islands\" href=\"https:\/\/www.easydayphuket.com\/de\/phuket-unternehmungen\/phuket-schnorchelausflug\/schnorcheln-similan-islands\/\" target=\"_blank\" rel=\"noopener\">Inseln<\/a> ist. Phuket Town ist ein idealer Ort um mehr von Kultur und Geschichte der Insel zu erfahren aber auch ein gutes Ausgangspunkt zu den in der liegenden Str\u00e4nden wie&nbsp;<a title=\"Ya Nui Beach \u2013 The Beaches of Phuket\" href=\"https:\/\/www.easydayphuket.com\/de\/ya-nui-beach-phukets-straende\/\" target=\"_blank\" rel=\"noopener\">Ya Nui<\/a>, <a title=\"Nai Harn Beach \u2013 The beaches of Phuket\" href=\"https:\/\/www.easydayphuket.com\/nai-harn-beach-beaches-phuket\/\" target=\"_blank\" rel=\"noopener\">Nai Harn<\/a>&nbsp;und <a title=\"Surin Beach \u2013 The Beaches of Phuket\" href=\"https:\/\/www.easydayphuket.com\/de\/surin-beach-phukets-straende\/\" target=\"_blank\" rel=\"noopener\">Surin<\/a>.<\/p>\n\n\n\n<h2 class=\"wp-block-heading\">Sino Inn budget Hotel &#8211; Allgemeine&nbsp;Informationen<\/h2>\n\n\n\n<ul class=\"wp-block-list\">\n<li><strong>Check in:<\/strong>\u00a014.00 Uhr.<\/li>\n\n\n\n<li><strong>Check out:<\/strong>\u00a012.00 Uhr (Mittag).<\/li>\n\n\n\n<li><strong>Fr\u00fcher\u00a0check in \/ Sp\u00e4ter check out:\u00a0<\/strong>Je nach Verf\u00fcgbarkeit.<\/li>\n\n\n\n<li><strong>Unterkunft:<\/strong>\u00a0Gemischt und Frauen Separat.<\/li>\n\n\n\n<li><strong>Obligatorisches Abendessen:<\/strong>\u00a0Nein.<\/li>\n<\/ul>\n","protected":false},"excerpt":{"rendered":"<p>Sino Inn Budget Hotel, Phuket ist ideal gelegen zur Entdeckung der Altstadt von Phuket. Viele Gesch\u00e4fte, lokale M\u00e4rkte und Thail\u00e4ndische Restaurants gibt in unmittelbarer N\u00e4he. F\u00fcr G\u00e4ste die nach einen preiswerten Variante suchen und trotzdem einen komfortablen Urlaub haben wollen, sind hier genau richtig. Phuket Hotel Paket inklusive&nbsp;: &nbsp;Sino Inn Budget Hotel, Phuket &#8211; Ausstattung [&hellip;]<\/p>\n","protected":false},"author":4,"featured_media":0,"parent":14837,"menu_order":0,"comment_status":"closed","ping_status":"closed","template":"","meta":{"_acf_changed":false,"_et_pb_use_builder":"","_et_pb_old_content":"","_et_gb_content_width":"","footnotes":""},"class_list":["post-15218","page","type-page","status-publish","hentry"],"acf":[],"yoast_head":"<!-- This site is optimized with the Yoast SEO plugin v25.1 - https:\/\/yoast.com\/wordpress\/plugins\/seo\/ -->\n<title>Sino Inn Budget Hotel online bei Easy Day Phuket.<\/title>\n<meta name=\"description\" content=\"Sino Inn Budget Hotel, Phuket ist ideal gelegen zur Entdeckung der Altstadt von Phuket. Viele Gesch\u00e4fte, M\u00e4rkte und Thai Restaurants in unmittelbarer N\u00e4he.\" \/>\n<meta name=\"robots\" content=\"index, follow, max-snippet:-1, max-image-preview:large, max-video-preview:-1\" \/>\n<link rel=\"canonical\" href=\"https:\/\/www.easydayphuket.com\/de\/phuket-hotels\/phuket-town-hotels\/sino-inn-budget-hotel\/\" \/>\n<meta property=\"og:locale\" content=\"de_DE\" \/>\n<meta property=\"og:type\" content=\"article\" \/>\n<meta property=\"og:title\" content=\"Sino Inn Budget Hotel online bei Easy Day Phuket.\" \/>\n<meta property=\"og:description\" content=\"Sino Inn Budget Hotel, Phuket ist ideal gelegen zur Entdeckung der Altstadt von Phuket. Viele Gesch\u00e4fte, M\u00e4rkte und Thai Restaurants in unmittelbarer N\u00e4he.\" \/>\n<meta property=\"og:url\" content=\"https:\/\/www.easydayphuket.com\/de\/phuket-hotels\/phuket-town-hotels\/sino-inn-budget-hotel\/\" \/>\n<meta property=\"og:site_name\" content=\"Easy Day Phuket\" \/>\n<meta property=\"article:publisher\" content=\"https:\/\/www.facebook.com\/Easydayinthailand\/\" \/>\n<meta property=\"article:modified_time\" content=\"2024-05-22T19:44:56+00:00\" \/>\n<meta property=\"og:image\" content=\"https:\/\/www.easydayphuket.com\/wp-content\/uploads\/2014\/01\/Front1-e1390463875965.jpg\" \/>\n<meta name=\"twitter:label1\" content=\"Gesch\u00e4tzte Lesezeit\" \/>\n\t<meta name=\"twitter:data1\" content=\"2\u00a0Minuten\" \/>\n<script type=\"application\/ld+json\" class=\"yoast-schema-graph\">{\"@context\":\"https:\/\/schema.org\",\"@graph\":[{\"@type\":\"WebPage\",\"@id\":\"https:\/\/www.easydayphuket.com\/de\/phuket-hotels\/phuket-town-hotels\/sino-inn-budget-hotel\/\",\"url\":\"https:\/\/www.easydayphuket.com\/de\/phuket-hotels\/phuket-town-hotels\/sino-inn-budget-hotel\/\",\"name\":\"Sino Inn Budget Hotel online bei Easy Day Phuket.\",\"isPartOf\":{\"@id\":\"https:\/\/www.easydayphuket.com\/#website\"},\"primaryImageOfPage\":{\"@id\":\"https:\/\/www.easydayphuket.com\/de\/phuket-hotels\/phuket-town-hotels\/sino-inn-budget-hotel\/#primaryimage\"},\"image\":{\"@id\":\"https:\/\/www.easydayphuket.com\/de\/phuket-hotels\/phuket-town-hotels\/sino-inn-budget-hotel\/#primaryimage\"},\"thumbnailUrl\":\"https:\/\/www.easydayphuket.com\/wp-content\/uploads\/2014\/01\/Front1-e1390463875965.jpg\",\"datePublished\":\"2016-09-18T07:08:08+00:00\",\"dateModified\":\"2024-05-22T19:44:56+00:00\",\"description\":\"Sino Inn Budget Hotel, Phuket ist ideal gelegen zur Entdeckung der Altstadt von Phuket. Viele Gesch\u00e4fte, M\u00e4rkte und Thai Restaurants in unmittelbarer N\u00e4he.\",\"breadcrumb\":{\"@id\":\"https:\/\/www.easydayphuket.com\/de\/phuket-hotels\/phuket-town-hotels\/sino-inn-budget-hotel\/#breadcrumb\"},\"inLanguage\":\"de\",\"potentialAction\":[{\"@type\":\"ReadAction\",\"target\":[\"https:\/\/www.easydayphuket.com\/de\/phuket-hotels\/phuket-town-hotels\/sino-inn-budget-hotel\/\"]}]},{\"@type\":\"ImageObject\",\"inLanguage\":\"de\",\"@id\":\"https:\/\/www.easydayphuket.com\/de\/phuket-hotels\/phuket-town-hotels\/sino-inn-budget-hotel\/#primaryimage\",\"url\":\"https:\/\/www.easydayphuket.com\/wp-content\/uploads\/2014\/01\/Front1-e1390463875965.jpg\",\"contentUrl\":\"https:\/\/www.easydayphuket.com\/wp-content\/uploads\/2014\/01\/Front1-e1390463875965.jpg\"},{\"@type\":\"BreadcrumbList\",\"@id\":\"https:\/\/www.easydayphuket.com\/de\/phuket-hotels\/phuket-town-hotels\/sino-inn-budget-hotel\/#breadcrumb\",\"itemListElement\":[{\"@type\":\"ListItem\",\"position\":1,\"name\":\"Home\",\"item\":\"https:\/\/www.easydayphuket.com\/de\/\"},{\"@type\":\"ListItem\",\"position\":2,\"name\":\"Phuket Hotel\",\"item\":\"https:\/\/www.easydayphuket.com\/de\/phuket-hotels\/\"},{\"@type\":\"ListItem\",\"position\":3,\"name\":\"Phuket Town Hotels\",\"item\":\"https:\/\/www.easydayphuket.com\/de\/phuket-hotels\/phuket-town-hotels\/\"},{\"@type\":\"ListItem\",\"position\":4,\"name\":\"Sino Inn Budget Hotel\"}]},{\"@type\":\"WebSite\",\"@id\":\"https:\/\/www.easydayphuket.com\/#website\",\"url\":\"https:\/\/www.easydayphuket.com\/\",\"name\":\"Easy Day Phuket\",\"description\":\"Ihr Phuket Tour & Reise Partner\",\"publisher\":{\"@id\":\"https:\/\/www.easydayphuket.com\/#organization\"},\"potentialAction\":[{\"@type\":\"SearchAction\",\"target\":{\"@type\":\"EntryPoint\",\"urlTemplate\":\"https:\/\/www.easydayphuket.com\/?s={search_term_string}\"},\"query-input\":{\"@type\":\"PropertyValueSpecification\",\"valueRequired\":true,\"valueName\":\"search_term_string\"}}],\"inLanguage\":\"de\"},{\"@type\":\"Organization\",\"@id\":\"https:\/\/www.easydayphuket.com\/#organization\",\"name\":\"Easy Day Thailand\",\"url\":\"https:\/\/www.easydayphuket.com\/\",\"logo\":{\"@type\":\"ImageObject\",\"inLanguage\":\"de\",\"@id\":\"https:\/\/www.easydayphuket.com\/#\/schema\/logo\/image\/\",\"url\":\"https:\/\/www.easydayphuket.com\/wp-content\/uploads\/2013\/07\/Sun-Thaiflag_booking12.gif\",\"contentUrl\":\"https:\/\/www.easydayphuket.com\/wp-content\/uploads\/2013\/07\/Sun-Thaiflag_booking12.gif\",\"width\":100,\"height\":94,\"caption\":\"Easy Day Thailand\"},\"image\":{\"@id\":\"https:\/\/www.easydayphuket.com\/#\/schema\/logo\/image\/\"},\"sameAs\":[\"https:\/\/www.facebook.com\/Easydayinthailand\/\",\"https:\/\/www.instagram.com\/easydaythailand\/\"]}]}<\/script>\n<!-- \/ Yoast SEO plugin. -->","yoast_head_json":{"title":"Sino Inn Budget Hotel online bei Easy Day Phuket.","description":"Sino Inn Budget Hotel, Phuket ist ideal gelegen zur Entdeckung der Altstadt von Phuket. Viele Gesch\u00e4fte, M\u00e4rkte und Thai Restaurants in unmittelbarer N\u00e4he.","robots":{"index":"index","follow":"follow","max-snippet":"max-snippet:-1","max-image-preview":"max-image-preview:large","max-video-preview":"max-video-preview:-1"},"canonical":"https:\/\/www.easydayphuket.com\/de\/phuket-hotels\/phuket-town-hotels\/sino-inn-budget-hotel\/","og_locale":"de_DE","og_type":"article","og_title":"Sino Inn Budget Hotel online bei Easy Day Phuket.","og_description":"Sino Inn Budget Hotel, Phuket ist ideal gelegen zur Entdeckung der Altstadt von Phuket. Viele Gesch\u00e4fte, M\u00e4rkte und Thai Restaurants in unmittelbarer N\u00e4he.","og_url":"https:\/\/www.easydayphuket.com\/de\/phuket-hotels\/phuket-town-hotels\/sino-inn-budget-hotel\/","og_site_name":"Easy Day Phuket","article_publisher":"https:\/\/www.facebook.com\/Easydayinthailand\/","article_modified_time":"2024-05-22T19:44:56+00:00","og_image":[{"url":"https:\/\/www.easydayphuket.com\/wp-content\/uploads\/2014\/01\/Front1-e1390463875965.jpg","type":"","width":"","height":""}],"twitter_misc":{"Gesch\u00e4tzte Lesezeit":"2\u00a0Minuten"},"schema":{"@context":"https:\/\/schema.org","@graph":[{"@type":"WebPage","@id":"https:\/\/www.easydayphuket.com\/de\/phuket-hotels\/phuket-town-hotels\/sino-inn-budget-hotel\/","url":"https:\/\/www.easydayphuket.com\/de\/phuket-hotels\/phuket-town-hotels\/sino-inn-budget-hotel\/","name":"Sino Inn Budget Hotel online bei Easy Day Phuket.","isPartOf":{"@id":"https:\/\/www.easydayphuket.com\/#website"},"primaryImageOfPage":{"@id":"https:\/\/www.easydayphuket.com\/de\/phuket-hotels\/phuket-town-hotels\/sino-inn-budget-hotel\/#primaryimage"},"image":{"@id":"https:\/\/www.easydayphuket.com\/de\/phuket-hotels\/phuket-town-hotels\/sino-inn-budget-hotel\/#primaryimage"},"thumbnailUrl":"https:\/\/www.easydayphuket.com\/wp-content\/uploads\/2014\/01\/Front1-e1390463875965.jpg","datePublished":"2016-09-18T07:08:08+00:00","dateModified":"2024-05-22T19:44:56+00:00","description":"Sino Inn Budget Hotel, Phuket ist ideal gelegen zur Entdeckung der Altstadt von Phuket. Viele Gesch\u00e4fte, M\u00e4rkte und Thai Restaurants in unmittelbarer N\u00e4he.","breadcrumb":{"@id":"https:\/\/www.easydayphuket.com\/de\/phuket-hotels\/phuket-town-hotels\/sino-inn-budget-hotel\/#breadcrumb"},"inLanguage":"de","potentialAction":[{"@type":"ReadAction","target":["https:\/\/www.easydayphuket.com\/de\/phuket-hotels\/phuket-town-hotels\/sino-inn-budget-hotel\/"]}]},{"@type":"ImageObject","inLanguage":"de","@id":"https:\/\/www.easydayphuket.com\/de\/phuket-hotels\/phuket-town-hotels\/sino-inn-budget-hotel\/#primaryimage","url":"https:\/\/www.easydayphuket.com\/wp-content\/uploads\/2014\/01\/Front1-e1390463875965.jpg","contentUrl":"https:\/\/www.easydayphuket.com\/wp-content\/uploads\/2014\/01\/Front1-e1390463875965.jpg"},{"@type":"BreadcrumbList","@id":"https:\/\/www.easydayphuket.com\/de\/phuket-hotels\/phuket-town-hotels\/sino-inn-budget-hotel\/#breadcrumb","itemListElement":[{"@type":"ListItem","position":1,"name":"Home","item":"https:\/\/www.easydayphuket.com\/de\/"},{"@type":"ListItem","position":2,"name":"Phuket Hotel","item":"https:\/\/www.easydayphuket.com\/de\/phuket-hotels\/"},{"@type":"ListItem","position":3,"name":"Phuket Town Hotels","item":"https:\/\/www.easydayphuket.com\/de\/phuket-hotels\/phuket-town-hotels\/"},{"@type":"ListItem","position":4,"name":"Sino Inn Budget Hotel"}]},{"@type":"WebSite","@id":"https:\/\/www.easydayphuket.com\/#website","url":"https:\/\/www.easydayphuket.com\/","name":"Easy Day Phuket","description":"Ihr Phuket Tour & Reise Partner","publisher":{"@id":"https:\/\/www.easydayphuket.com\/#organization"},"potentialAction":[{"@type":"SearchAction","target":{"@type":"EntryPoint","urlTemplate":"https:\/\/www.easydayphuket.com\/?s={search_term_string}"},"query-input":{"@type":"PropertyValueSpecification","valueRequired":true,"valueName":"search_term_string"}}],"inLanguage":"de"},{"@type":"Organization","@id":"https:\/\/www.easydayphuket.com\/#organization","name":"Easy Day Thailand","url":"https:\/\/www.easydayphuket.com\/","logo":{"@type":"ImageObject","inLanguage":"de","@id":"https:\/\/www.easydayphuket.com\/#\/schema\/logo\/image\/","url":"https:\/\/www.easydayphuket.com\/wp-content\/uploads\/2013\/07\/Sun-Thaiflag_booking12.gif","contentUrl":"https:\/\/www.easydayphuket.com\/wp-content\/uploads\/2013\/07\/Sun-Thaiflag_booking12.gif","width":100,"height":94,"caption":"Easy Day Thailand"},"image":{"@id":"https:\/\/www.easydayphuket.com\/#\/schema\/logo\/image\/"},"sameAs":["https:\/\/www.facebook.com\/Easydayinthailand\/","https:\/\/www.instagram.com\/easydaythailand\/"]}]}},"_links":{"self":[{"href":"https:\/\/www.easydayphuket.com\/de\/wp-json\/wp\/v2\/pages\/15218","targetHints":{"allow":["GET"]}}],"collection":[{"href":"https:\/\/www.easydayphuket.com\/de\/wp-json\/wp\/v2\/pages"}],"about":[{"href":"https:\/\/www.easydayphuket.com\/de\/wp-json\/wp\/v2\/types\/page"}],"author":[{"embeddable":true,"href":"https:\/\/www.easydayphuket.com\/de\/wp-json\/wp\/v2\/users\/4"}],"replies":[{"embeddable":true,"href":"https:\/\/www.easydayphuket.com\/de\/wp-json\/wp\/v2\/comments?post=15218"}],"version-history":[{"count":0,"href":"https:\/\/www.easydayphuket.com\/de\/wp-json\/wp\/v2\/pages\/15218\/revisions"}],"up":[{"embeddable":true,"href":"https:\/\/www.easydayphuket.com\/de\/wp-json\/wp\/v2\/pages\/14837"}],"wp:attachment":[{"href":"https:\/\/www.easydayphuket.com\/de\/wp-json\/wp\/v2\/media?parent=15218"}],"curies":[{"name":"wp","href":"https:\/\/api.w.org\/{rel}","templated":true}]}}