{"id":14978,"date":"2016-08-31T15:35:54","date_gmt":"2016-08-31T08:35:54","guid":{"rendered":"https:\/\/www.easydayphuket.com\/de\/phuket-hotels\/patong-beach-hotels\/aspery-hotel\/"},"modified":"2024-05-23T01:28:29","modified_gmt":"2024-05-22T18:28:29","slug":"aspery-hotel","status":"publish","type":"page","link":"https:\/\/www.easydayphuket.com\/de\/phuket-hotels\/patong-beach-hotels\/aspery-hotel\/","title":{"rendered":"Aspery Hotel"},"content":{"rendered":"\n<figure class=\"wp-block-image alignright wp-image-5104 size-medium\"><img loading=\"lazy\" decoding=\"async\" width=\"300\" height=\"234\" src=\"https:\/\/www.easydayphuket.com\/wp-content\/uploads\/2014\/05\/Aspery-Hotel-300x234.jpg\" alt=\"Aspery Hotel Patong, Phuket Hotels by Easy Day Phuket\" class=\"wp-image-5104\"\/><figcaption class=\"wp-element-caption\">Aspery Hotel Patong<\/figcaption><\/figure>\n\n\n\n<p>Aspery Hotel, Phuket ist ein geschmacklich gut eingerichtetes Hotel was in der N\u00e4he vom&nbsp;<a title=\"Patong Beach \u2013 The Beaches of Phuket\" href=\"https:\/\/www.easydayphuket.com\/de\/phukets-straende-patong-beach\/\" target=\"_blank\" rel=\"noopener\">Patong Beach<\/a>&nbsp;Nachtleben ist. Kommen Sie und nehmen Sie sich ein Zimmer wie es besser kaum sein kann. Alles ist in unmittelbarer Umgebung so das man bis zum Strand keine 5 Minuten ben\u00f6tigt.<\/p>\n\n\n\n<ul class=\"wp-block-list\">\n<li><strong>Wundersch\u00f6nes zeitgen\u00f6ssisches design.<\/strong><\/li>\n\n\n\n<li>Thai <strong>Hospitality.<\/strong><\/li>\n\n\n\n<li>Im Herzen von\u00a0Patong Beach.<\/li>\n\n\n\n<li>In der N\u00e4he von\u00a0<strong>Bars, Restaurants &amp; Einkaufsm\u00f6glichkeiten.<\/strong><\/li>\n\n\n\n<li><strong>Swimming Pool auf dem Dach.<\/strong><\/li>\n\n\n\n<li>Guter Ausgangspunkt f\u00fcr Ausfl\u00fcge.<\/li>\n<\/ul>\n\n\n<p><strong><span style=\"color: #ff0000;\"> 3 Tage \/ 2 N\u00e4chte<\/span>\u00a0&#8211; Preise in Thai Baht pro Person ab<\/strong><strong>\u00a0<\/strong><strong>2,300\u00a0 <a title=\"Easy Day Contact Form\" href=\"#form\">&gt;&gt; <\/a><a title=\"Easy Day Contact Form\" href=\"#form\">Ihr unverbindliches Angebot!<\/a><\/strong>\u00a0<\/p>\n\n\n\n<p><strong>Phuket Hotel Paket inklusive : : <\/strong><strong><br><\/strong><\/p>\n\n\n<ul>\n<li>Privater Phuket<a title=\"Phuket Airport Transfer\" href=\"https:\/\/www.easydayphuket.com\/de\/phuket-transfers\/phuket-flughafentransfer\/\">\u00a0Flughafen Transfer<\/a>!<\/li>\n<li>Preise basierend bei Doppelbelegung\u00a0im<strong>\u00a0Klassik Zimmer!<\/strong><\/li>\n<li><b>Fr\u00fchst\u00fcck.<\/b><\/li>\n<li>Steuern &amp; Versicherung.<\/li>\n<\/ul>\n\n\n\n<p class=\"has-text-align-right\"><a href='#form' class='small-button smallblue'>Preis Anfrage!<\/a><\/p>\n\n\n\n<h2 class=\"wp-block-heading\">Aspery Hotel &#8211; Galerie<\/h2>\n\n\n\n<figure class=\"wp-block-gallery has-nested-images columns-3 is-cropped wp-block-gallery-1 is-layout-flex wp-block-gallery-is-layout-flex\">\n<figure class=\"wp-block-image size-large\"><img loading=\"lazy\" decoding=\"async\" width=\"640\" height=\"500\" data-id=\"7842\" src=\"https:\/\/www.easydayphuket.com\/wp-content\/uploads\/2014\/05\/Massage-Aspery-Hotel-Patong.jpg\" alt=\"Apsery Hotel, Patong Beach\" class=\"wp-image-7842\" srcset=\"https:\/\/www.easydayphuket.com\/wp-content\/uploads\/2014\/05\/Massage-Aspery-Hotel-Patong.jpg 640w, https:\/\/www.easydayphuket.com\/wp-content\/uploads\/2014\/05\/Massage-Aspery-Hotel-Patong-300x234.jpg 300w, https:\/\/www.easydayphuket.com\/wp-content\/uploads\/2014\/05\/Massage-Aspery-Hotel-Patong-70x55.jpg 70w\" sizes=\"(max-width: 640px) 100vw, 640px\" \/><\/figure>\n\n\n\n<figure class=\"wp-block-image size-large\"><img loading=\"lazy\" decoding=\"async\" width=\"640\" height=\"500\" data-id=\"7839\" src=\"https:\/\/www.easydayphuket.com\/wp-content\/uploads\/2014\/05\/Bedroom-Apsery-Hotel.jpg\" alt=\"Apsery Hotel, Patong Beach\" class=\"wp-image-7839\" srcset=\"https:\/\/www.easydayphuket.com\/wp-content\/uploads\/2014\/05\/Bedroom-Apsery-Hotel.jpg 640w, https:\/\/www.easydayphuket.com\/wp-content\/uploads\/2014\/05\/Bedroom-Apsery-Hotel-300x234.jpg 300w, https:\/\/www.easydayphuket.com\/wp-content\/uploads\/2014\/05\/Bedroom-Apsery-Hotel-70x55.jpg 70w\" sizes=\"(max-width: 640px) 100vw, 640px\" \/><\/figure>\n\n\n\n<figure class=\"wp-block-image size-large\"><img loading=\"lazy\" decoding=\"async\" width=\"640\" height=\"500\" data-id=\"7836\" src=\"https:\/\/www.easydayphuket.com\/wp-content\/uploads\/2014\/05\/Bedroom-Apsery-Hotel-Patong.jpg\" alt=\"Apsery Hotel, Patong Beach\" class=\"wp-image-7836\" srcset=\"https:\/\/www.easydayphuket.com\/wp-content\/uploads\/2014\/05\/Bedroom-Apsery-Hotel-Patong.jpg 640w, https:\/\/www.easydayphuket.com\/wp-content\/uploads\/2014\/05\/Bedroom-Apsery-Hotel-Patong-300x234.jpg 300w, https:\/\/www.easydayphuket.com\/wp-content\/uploads\/2014\/05\/Bedroom-Apsery-Hotel-Patong-70x55.jpg 70w\" sizes=\"(max-width: 640px) 100vw, 640px\" \/><\/figure>\n<\/figure>\n\n\n\n<h2 class=\"wp-block-heading\">Aspery Hotel, Phuket &#8211; Ausstattung<\/h2>\n\n\n<p>[twocol_one]<\/p>\n<ul>\n<li><strong>Kostenlos\u00a0WiFi .<\/strong><\/li>\n<li>Massage Zentrum.<\/li>\n<li>Sonnen Terrasse.<\/li>\n<li><strong>Spa.<\/strong><\/li>\n<\/ul>\n<p>[\/twocol_one]<\/p>\n\n\n<p>[twocol_one_last]<\/p>\n<ul>\n<li><strong>Swimming Pool.<\/strong><\/li>\n<li>Friseur.<\/li>\n<li>Verkaufsautomat.<\/li>\n<li><strong>Kostenlos Parken.<\/strong><\/li>\n<\/ul>\n<p>[\/twocol_one_last]<\/p>\n\n\n\n<p><a name=\"form\"><\/a><\/p>\n\n\n\n<h3 class=\"wp-block-heading\">Urlaubs Pakete &#8211; inklusive Ihrem gew\u00fcnschtem Phuket Hotel !<\/h3>\n\n\n\n<p><strong>Gutes Phuket Urlaubsangebot<\/strong> &#8211; Ausgew\u00e4hlte <a href=\"https:\/\/www.easydayphuket.com\/de\/phuket-ausfluege\/\">Phuket Ausfl\u00fcge<\/a> und privater Phuket Flughafen Transfer, alles zusammen mit dem von Ihnen gew\u00fcnschtem Hotel. Informieren Sie uns und lassen Sie sich ein <span style=\"color: #ff0000;\"><strong>unverbindliches Angebot<\/strong><\/span> zukommen.<\/p>\n\n\n\n<script charset=\"utf-8\" type=\"text\/javascript\" src=\"\/\/js.hsforms.net\/forms\/embed\/v2.js\"><\/script>\n<script>\n  hbspt.forms.create({\n    region: \"na1\",\n    portalId: \"3413662\",\n    formId: \"59765d47-ffdf-4452-a315-11081d03c004\"\n  });\n<\/script>\n\n\n\n<h2 class=\"wp-block-heading\">Aspery Hotel&nbsp;&#8211;&nbsp;Anreise<\/h2>\n\n\n\n<p>Bei allen unseren Hotel Paketen ist der <a href=\"https:\/\/www.easydayphuket.com\/de\/phuket-transfers\/phuket-flughafentransfer\/\">Phuket Flughafen Transfer<\/a> inklusive. Wenn Sie selbst anreisen sollten finden Sie hier die dementsprechenden Details zum Apery Hotel, Patong Beach Phuket.<\/p>\n\n\n\n<p>Aspery Hotel: 5\/41-51 Patong Beach Road, Patong, Kathu, Phuket Thailand.&nbsp;Tel: + 66 76 345 234,&nbsp;Fax: + 66 76 344 825.<\/p>\n\n\n\n<p>Das Hotel befindet sich in der N\u00e4he des bekannten Patong Beach und bietet sehr guten Komfort und Stil. Nicht nur bei Urlaubern ist das Aspery Hotel sehr gefragt, auch bei Gesch\u00e4ftsleuten findet es gro\u00dfe Anteilnahme.<\/p>\n\n\n\n<p>Unabh\u00e4ngig ob Sie alleine oder mit Freunden reisen, das Aspery Hotel bietet einen High Class Komfort und das mit einer Freundlichkeit, was nicht \u00fcberall der Fall ist.<\/p>\n\n\n\n<p>Die Stimmung ist genial und zum Service geh\u00f6ren Dienstleistungen wie W\u00e4scheservice, Spa mit Sauna, gute Restaurants und kostenloses WiFi.<\/p>\n\n\n\n<h2 class=\"wp-block-heading\">Aspery Hotel, Phuket &#8211; Allgemeine&nbsp;Informationen<\/h2>\n\n\n\n<ul class=\"wp-block-list\">\n<li><strong>Check in:<\/strong> 14.00\u00a0Uhr<\/li>\n\n\n\n<li><strong>Check out:<\/strong> 12.00\u00a0Uhr (Mittag)<\/li>\n\n\n\n<li><strong>Fr\u00fcher\u00a0check in \/ Sp\u00e4ter\u00a0check out:\u00a0<\/strong>Je nach Verf\u00fcgbarkeit<\/li>\n\n\n\n<li><strong>Kinder Optionen:<\/strong> Kinder unter 12 Jahren sind kostenlos im Bett der Eltern und bezahlen nur 150 Thai Baht f\u00fcr das Fr\u00fchst\u00fcck. Babybett f\u00fcr Kinder unter 3 Jahren.<\/li>\n\n\n\n<li><strong>Obligatorisches Abendessen:<\/strong>\u00a0Nein.<\/li>\n<\/ul>\n","protected":false},"excerpt":{"rendered":"<p>Aspery Hotel, Phuket ist ein geschmacklich gut eingerichtetes Hotel was in der N\u00e4he vom&nbsp;Patong Beach&nbsp;Nachtleben ist. Kommen Sie und nehmen Sie sich ein Zimmer wie es besser kaum sein kann. Alles ist in unmittelbarer Umgebung so das man bis zum Strand keine 5 Minuten ben\u00f6tigt. Phuket Hotel Paket inklusive : : Aspery Hotel &#8211; Galerie [&hellip;]<\/p>\n","protected":false},"author":4,"featured_media":0,"parent":13455,"menu_order":0,"comment_status":"closed","ping_status":"open","template":"template-fullwidth.php","meta":{"_acf_changed":false,"_et_pb_use_builder":"","_et_pb_old_content":"","_et_gb_content_width":"","footnotes":""},"class_list":["post-14978","page","type-page","status-publish","hentry"],"acf":[],"yoast_head":"<!-- This site is optimized with the Yoast SEO plugin v25.1 - https:\/\/yoast.com\/wordpress\/plugins\/seo\/ -->\n<title>Aspery Hotel Patong Beach &amp; Easy Day Phuket Ausfl\u00fcge.<\/title>\n<meta name=\"description\" content=\"Aspery Hotel, Patong Beach ist ein geschmacklich gut eingerichtetes Hotel mit einem guten Preisleistungsverh\u00e4ltnis. Zentral gelegen und in Strand n\u00e4he.\" \/>\n<meta name=\"robots\" content=\"index, follow, max-snippet:-1, max-image-preview:large, max-video-preview:-1\" \/>\n<link rel=\"canonical\" href=\"https:\/\/www.easydayphuket.com\/de\/phuket-hotels\/patong-beach-hotels\/aspery-hotel\/\" \/>\n<meta property=\"og:locale\" content=\"de_DE\" \/>\n<meta property=\"og:type\" content=\"article\" \/>\n<meta property=\"og:title\" content=\"Aspery Hotel Patong Beach &amp; Easy Day Phuket Ausfl\u00fcge.\" \/>\n<meta property=\"og:description\" content=\"Aspery Hotel, Patong Beach ist ein geschmacklich gut eingerichtetes Hotel mit einem guten Preisleistungsverh\u00e4ltnis. Zentral gelegen und in Strand n\u00e4he.\" \/>\n<meta property=\"og:url\" content=\"https:\/\/www.easydayphuket.com\/de\/phuket-hotels\/patong-beach-hotels\/aspery-hotel\/\" \/>\n<meta property=\"og:site_name\" content=\"Easy Day Phuket\" \/>\n<meta property=\"article:publisher\" content=\"https:\/\/www.facebook.com\/Easydayinthailand\/\" \/>\n<meta property=\"article:modified_time\" content=\"2024-05-22T18:28:29+00:00\" \/>\n<meta property=\"og:image\" content=\"https:\/\/www.easydayphuket.com\/wp-content\/uploads\/2014\/05\/Aspery-Hotel-300x234.jpg\" \/>\n<meta name=\"twitter:label1\" content=\"Gesch\u00e4tzte Lesezeit\" \/>\n\t<meta name=\"twitter:data1\" content=\"3\u00a0Minuten\" \/>\n<script type=\"application\/ld+json\" class=\"yoast-schema-graph\">{\"@context\":\"https:\/\/schema.org\",\"@graph\":[{\"@type\":\"WebPage\",\"@id\":\"https:\/\/www.easydayphuket.com\/de\/phuket-hotels\/patong-beach-hotels\/aspery-hotel\/\",\"url\":\"https:\/\/www.easydayphuket.com\/de\/phuket-hotels\/patong-beach-hotels\/aspery-hotel\/\",\"name\":\"Aspery Hotel Patong Beach & Easy Day Phuket Ausfl\u00fcge.\",\"isPartOf\":{\"@id\":\"https:\/\/www.easydayphuket.com\/#website\"},\"primaryImageOfPage\":{\"@id\":\"https:\/\/www.easydayphuket.com\/de\/phuket-hotels\/patong-beach-hotels\/aspery-hotel\/#primaryimage\"},\"image\":{\"@id\":\"https:\/\/www.easydayphuket.com\/de\/phuket-hotels\/patong-beach-hotels\/aspery-hotel\/#primaryimage\"},\"thumbnailUrl\":\"https:\/\/www.easydayphuket.com\/wp-content\/uploads\/2014\/05\/Aspery-Hotel-300x234.jpg\",\"datePublished\":\"2016-08-31T08:35:54+00:00\",\"dateModified\":\"2024-05-22T18:28:29+00:00\",\"description\":\"Aspery Hotel, Patong Beach ist ein geschmacklich gut eingerichtetes Hotel mit einem guten Preisleistungsverh\u00e4ltnis. Zentral gelegen und in Strand n\u00e4he.\",\"breadcrumb\":{\"@id\":\"https:\/\/www.easydayphuket.com\/de\/phuket-hotels\/patong-beach-hotels\/aspery-hotel\/#breadcrumb\"},\"inLanguage\":\"de\",\"potentialAction\":[{\"@type\":\"ReadAction\",\"target\":[\"https:\/\/www.easydayphuket.com\/de\/phuket-hotels\/patong-beach-hotels\/aspery-hotel\/\"]}]},{\"@type\":\"ImageObject\",\"inLanguage\":\"de\",\"@id\":\"https:\/\/www.easydayphuket.com\/de\/phuket-hotels\/patong-beach-hotels\/aspery-hotel\/#primaryimage\",\"url\":\"https:\/\/www.easydayphuket.com\/wp-content\/uploads\/2014\/05\/Aspery-Hotel-300x234.jpg\",\"contentUrl\":\"https:\/\/www.easydayphuket.com\/wp-content\/uploads\/2014\/05\/Aspery-Hotel-300x234.jpg\"},{\"@type\":\"BreadcrumbList\",\"@id\":\"https:\/\/www.easydayphuket.com\/de\/phuket-hotels\/patong-beach-hotels\/aspery-hotel\/#breadcrumb\",\"itemListElement\":[{\"@type\":\"ListItem\",\"position\":1,\"name\":\"Home\",\"item\":\"https:\/\/www.easydayphuket.com\/de\/\"},{\"@type\":\"ListItem\",\"position\":2,\"name\":\"Phuket Hotel\",\"item\":\"https:\/\/www.easydayphuket.com\/de\/phuket-hotels\/\"},{\"@type\":\"ListItem\",\"position\":3,\"name\":\"Patong Beach Hotels\",\"item\":\"https:\/\/www.easydayphuket.com\/de\/phuket-hotels\/patong-beach-hotels\/\"},{\"@type\":\"ListItem\",\"position\":4,\"name\":\"Aspery Hotel\"}]},{\"@type\":\"WebSite\",\"@id\":\"https:\/\/www.easydayphuket.com\/#website\",\"url\":\"https:\/\/www.easydayphuket.com\/\",\"name\":\"Easy Day Phuket\",\"description\":\"Ihr Phuket Tour & Reise Partner\",\"publisher\":{\"@id\":\"https:\/\/www.easydayphuket.com\/#organization\"},\"potentialAction\":[{\"@type\":\"SearchAction\",\"target\":{\"@type\":\"EntryPoint\",\"urlTemplate\":\"https:\/\/www.easydayphuket.com\/?s={search_term_string}\"},\"query-input\":{\"@type\":\"PropertyValueSpecification\",\"valueRequired\":true,\"valueName\":\"search_term_string\"}}],\"inLanguage\":\"de\"},{\"@type\":\"Organization\",\"@id\":\"https:\/\/www.easydayphuket.com\/#organization\",\"name\":\"Easy Day Thailand\",\"url\":\"https:\/\/www.easydayphuket.com\/\",\"logo\":{\"@type\":\"ImageObject\",\"inLanguage\":\"de\",\"@id\":\"https:\/\/www.easydayphuket.com\/#\/schema\/logo\/image\/\",\"url\":\"https:\/\/www.easydayphuket.com\/wp-content\/uploads\/2013\/07\/Sun-Thaiflag_booking12.gif\",\"contentUrl\":\"https:\/\/www.easydayphuket.com\/wp-content\/uploads\/2013\/07\/Sun-Thaiflag_booking12.gif\",\"width\":100,\"height\":94,\"caption\":\"Easy Day Thailand\"},\"image\":{\"@id\":\"https:\/\/www.easydayphuket.com\/#\/schema\/logo\/image\/\"},\"sameAs\":[\"https:\/\/www.facebook.com\/Easydayinthailand\/\",\"https:\/\/www.instagram.com\/easydaythailand\/\"]}]}<\/script>\n<!-- \/ Yoast SEO plugin. -->","yoast_head_json":{"title":"Aspery Hotel Patong Beach & Easy Day Phuket Ausfl\u00fcge.","description":"Aspery Hotel, Patong Beach ist ein geschmacklich gut eingerichtetes Hotel mit einem guten Preisleistungsverh\u00e4ltnis. Zentral gelegen und in Strand n\u00e4he.","robots":{"index":"index","follow":"follow","max-snippet":"max-snippet:-1","max-image-preview":"max-image-preview:large","max-video-preview":"max-video-preview:-1"},"canonical":"https:\/\/www.easydayphuket.com\/de\/phuket-hotels\/patong-beach-hotels\/aspery-hotel\/","og_locale":"de_DE","og_type":"article","og_title":"Aspery Hotel Patong Beach & Easy Day Phuket Ausfl\u00fcge.","og_description":"Aspery Hotel, Patong Beach ist ein geschmacklich gut eingerichtetes Hotel mit einem guten Preisleistungsverh\u00e4ltnis. Zentral gelegen und in Strand n\u00e4he.","og_url":"https:\/\/www.easydayphuket.com\/de\/phuket-hotels\/patong-beach-hotels\/aspery-hotel\/","og_site_name":"Easy Day Phuket","article_publisher":"https:\/\/www.facebook.com\/Easydayinthailand\/","article_modified_time":"2024-05-22T18:28:29+00:00","og_image":[{"url":"https:\/\/www.easydayphuket.com\/wp-content\/uploads\/2014\/05\/Aspery-Hotel-300x234.jpg","type":"","width":"","height":""}],"twitter_misc":{"Gesch\u00e4tzte Lesezeit":"3\u00a0Minuten"},"schema":{"@context":"https:\/\/schema.org","@graph":[{"@type":"WebPage","@id":"https:\/\/www.easydayphuket.com\/de\/phuket-hotels\/patong-beach-hotels\/aspery-hotel\/","url":"https:\/\/www.easydayphuket.com\/de\/phuket-hotels\/patong-beach-hotels\/aspery-hotel\/","name":"Aspery Hotel Patong Beach & Easy Day Phuket Ausfl\u00fcge.","isPartOf":{"@id":"https:\/\/www.easydayphuket.com\/#website"},"primaryImageOfPage":{"@id":"https:\/\/www.easydayphuket.com\/de\/phuket-hotels\/patong-beach-hotels\/aspery-hotel\/#primaryimage"},"image":{"@id":"https:\/\/www.easydayphuket.com\/de\/phuket-hotels\/patong-beach-hotels\/aspery-hotel\/#primaryimage"},"thumbnailUrl":"https:\/\/www.easydayphuket.com\/wp-content\/uploads\/2014\/05\/Aspery-Hotel-300x234.jpg","datePublished":"2016-08-31T08:35:54+00:00","dateModified":"2024-05-22T18:28:29+00:00","description":"Aspery Hotel, Patong Beach ist ein geschmacklich gut eingerichtetes Hotel mit einem guten Preisleistungsverh\u00e4ltnis. Zentral gelegen und in Strand n\u00e4he.","breadcrumb":{"@id":"https:\/\/www.easydayphuket.com\/de\/phuket-hotels\/patong-beach-hotels\/aspery-hotel\/#breadcrumb"},"inLanguage":"de","potentialAction":[{"@type":"ReadAction","target":["https:\/\/www.easydayphuket.com\/de\/phuket-hotels\/patong-beach-hotels\/aspery-hotel\/"]}]},{"@type":"ImageObject","inLanguage":"de","@id":"https:\/\/www.easydayphuket.com\/de\/phuket-hotels\/patong-beach-hotels\/aspery-hotel\/#primaryimage","url":"https:\/\/www.easydayphuket.com\/wp-content\/uploads\/2014\/05\/Aspery-Hotel-300x234.jpg","contentUrl":"https:\/\/www.easydayphuket.com\/wp-content\/uploads\/2014\/05\/Aspery-Hotel-300x234.jpg"},{"@type":"BreadcrumbList","@id":"https:\/\/www.easydayphuket.com\/de\/phuket-hotels\/patong-beach-hotels\/aspery-hotel\/#breadcrumb","itemListElement":[{"@type":"ListItem","position":1,"name":"Home","item":"https:\/\/www.easydayphuket.com\/de\/"},{"@type":"ListItem","position":2,"name":"Phuket Hotel","item":"https:\/\/www.easydayphuket.com\/de\/phuket-hotels\/"},{"@type":"ListItem","position":3,"name":"Patong Beach Hotels","item":"https:\/\/www.easydayphuket.com\/de\/phuket-hotels\/patong-beach-hotels\/"},{"@type":"ListItem","position":4,"name":"Aspery Hotel"}]},{"@type":"WebSite","@id":"https:\/\/www.easydayphuket.com\/#website","url":"https:\/\/www.easydayphuket.com\/","name":"Easy Day Phuket","description":"Ihr Phuket Tour & Reise Partner","publisher":{"@id":"https:\/\/www.easydayphuket.com\/#organization"},"potentialAction":[{"@type":"SearchAction","target":{"@type":"EntryPoint","urlTemplate":"https:\/\/www.easydayphuket.com\/?s={search_term_string}"},"query-input":{"@type":"PropertyValueSpecification","valueRequired":true,"valueName":"search_term_string"}}],"inLanguage":"de"},{"@type":"Organization","@id":"https:\/\/www.easydayphuket.com\/#organization","name":"Easy Day Thailand","url":"https:\/\/www.easydayphuket.com\/","logo":{"@type":"ImageObject","inLanguage":"de","@id":"https:\/\/www.easydayphuket.com\/#\/schema\/logo\/image\/","url":"https:\/\/www.easydayphuket.com\/wp-content\/uploads\/2013\/07\/Sun-Thaiflag_booking12.gif","contentUrl":"https:\/\/www.easydayphuket.com\/wp-content\/uploads\/2013\/07\/Sun-Thaiflag_booking12.gif","width":100,"height":94,"caption":"Easy Day Thailand"},"image":{"@id":"https:\/\/www.easydayphuket.com\/#\/schema\/logo\/image\/"},"sameAs":["https:\/\/www.facebook.com\/Easydayinthailand\/","https:\/\/www.instagram.com\/easydaythailand\/"]}]}},"_links":{"self":[{"href":"https:\/\/www.easydayphuket.com\/de\/wp-json\/wp\/v2\/pages\/14978","targetHints":{"allow":["GET"]}}],"collection":[{"href":"https:\/\/www.easydayphuket.com\/de\/wp-json\/wp\/v2\/pages"}],"about":[{"href":"https:\/\/www.easydayphuket.com\/de\/wp-json\/wp\/v2\/types\/page"}],"author":[{"embeddable":true,"href":"https:\/\/www.easydayphuket.com\/de\/wp-json\/wp\/v2\/users\/4"}],"replies":[{"embeddable":true,"href":"https:\/\/www.easydayphuket.com\/de\/wp-json\/wp\/v2\/comments?post=14978"}],"version-history":[{"count":0,"href":"https:\/\/www.easydayphuket.com\/de\/wp-json\/wp\/v2\/pages\/14978\/revisions"}],"up":[{"embeddable":true,"href":"https:\/\/www.easydayphuket.com\/de\/wp-json\/wp\/v2\/pages\/13455"}],"wp:attachment":[{"href":"https:\/\/www.easydayphuket.com\/de\/wp-json\/wp\/v2\/media?parent=14978"}],"curies":[{"name":"wp","href":"https:\/\/api.w.org\/{rel}","templated":true}]}}