{"id":14840,"date":"2016-08-10T17:18:10","date_gmt":"2016-08-10T10:18:10","guid":{"rendered":"https:\/\/www.easydayphuket.com\/de\/phuket-hotels\/chalong-bay-hotels\/"},"modified":"2024-05-15T01:16:16","modified_gmt":"2024-05-14T18:16:16","slug":"chalong-bay-hotels","status":"publish","type":"page","link":"https:\/\/www.easydayphuket.com\/de\/phuket-hotels\/chalong-bay-hotels\/","title":{"rendered":"Chalong Bay Hotels"},"content":{"rendered":"\n<p>Unsere ausgew\u00e4hlten&nbsp;Chalong Bay Hotels, Phuket sind ideal f\u00fcr alle G\u00e4ste die etwas Abstand von den touristischen Orten gewinnen m\u00f6chten und gerne auf Ausfl\u00fcge gehen, von Chalong aus gehen die Boote zum tauchen, schnorcheln und zum fischen. Chalong hat gute Bars, Restaurant aber vor allem ist es ruhig und man hat das ideale Sprungbrett zu den anderen Inseln rund um Phuket<\/p>\n\n\n\n<figure class=\"wp-block-image alignleft\"><a href=\"https:\/\/www.easydayphuket.com\/de\/phuket-hotels\/chalong-bay-hotels\/ao-chalong-villa-spa-phuket\/\" rel=\"attachment wp-att-2619\"><img loading=\"lazy\" decoding=\"async\" width=\"150\" height=\"150\" src=\"https:\/\/www.easydayphuket.com\/wp-content\/uploads\/2013\/09\/Seaview-Villa-Balcony-150x150.jpg\" alt=\"Meersicht Villa Balkon - Ausgew\u00e4hlte Chalong Bay Hotels\" class=\"wp-image-2619\"\/><\/a><figcaption class=\"wp-element-caption\">Meersicht Villa Balkon<\/figcaption><\/figure>\n\n\n\n<h2 class=\"wp-block-heading\"><a title=\"Ao Chalong Villa &amp; Spa Phuket\" href=\"https:\/\/www.easydayphuket.com\/de\/phuket-hotels\/chalong-bay-hotels\/ao-chalong-villa-spa-phuket\/\">Ao Chalong Villa<\/a><\/h2>\n\n\n\n<p>Die Ao Chalong Villa &amp; Spa Phuket ist eine ruhiges und entspantes Resort direkt am Strand der Chalong Bucht. Ein Resort wo man viele Taucher antrifft oder aber auch viele G\u00e4ste die sich das Ausflugsprogramm zu nutze machen.<\/p>\n\n\n\n<p><strong><span style=\"color: #ff0000;\">3 Tage \/ 2 N\u00e4chte<\/span>&nbsp;&#8211; Preise in <\/strong><strong>Thai Baht <\/strong><strong>pro Person ab&nbsp;<\/strong><strong>[hp_aochalong_3d2n]<\/strong><\/p>\n\n\n\n<p class=\"has-text-align-right\"><strong><a title=\"Ao Chalong Villa &amp; Spa Phuket\" href=\"https:\/\/www.easydayphuket.com\/de\/phuket-hotels\/chalong-bay-hotels\/ao-chalong-villa-spa-phuket\/\">Mehr Infos&#8230;<\/a><\/strong><\/p>\n\n\n\n<hr class=\"wp-block-separator has-alpha-channel-opacity\"\/>\n\n\n\n<figure class=\"wp-block-image alignleft\"><a href=\"https:\/\/www.easydayphuket.com\/de\/phuket-hotels\/chalong-bay-hotels\/pier-42-chalong-phuket\/\"><img loading=\"lazy\" decoding=\"async\" width=\"150\" height=\"150\" src=\"https:\/\/www.easydayphuket.com\/wp-content\/uploads\/2013\/09\/Pool2-150x150.jpg\" alt=\"Pool am Pier 42 - Ausgew\u00e4hlte Chalong Bay Hotels\" class=\"wp-image-2649\"\/><\/a><figcaption class=\"wp-element-caption\">Pool am Pier 42<\/figcaption><\/figure>\n\n\n\n<h2 class=\"wp-block-heading\"><a title=\"Pier 42 Chalong Phuket\" href=\"https:\/\/www.easydayphuket.com\/de\/phuket-hotels\/chalong-bay-hotels\/pier-42-chalong-phuket\/\">Pier 42<\/a><\/h2>\n\n\n\n<p>Pier 42 Chalong Phuket &#8211; Das Resort mit einer Mischung aus Retro und klassischem Thai Design ist nur ein paar Schritte vom Chalon Pier entfernt und dient vielen G\u00e4sten als ideale Unterkunft f\u00fcr Ausfl\u00fcge. Besonders zu empfehlen ist hier die K\u00fcche mit sehr guten Sandwiches.<\/p>\n\n\n\n<p><strong><span style=\"color: #ff0000;\">3 Tage \/ 2 N\u00e4chte<\/span>&nbsp;&#8211; Preise in <\/strong><strong>Thai Baht <\/strong><strong>pro Person ab&nbsp;<\/strong><strong>3,060<\/strong><\/p>\n\n\n\n<p class=\"has-text-align-right\"><strong><a title=\"Pier 42 Chalong Phuket\" href=\"https:\/\/www.easydayphuket.com\/de\/phuket-hotels\/chalong-bay-hotels\/pier-42-chalong-phuket\/\">Mehr Infos&#8230;<\/a><\/strong><\/p>\n\n\n\n<hr class=\"wp-block-separator has-alpha-channel-opacity\"\/>\n\n\n\n<figure class=\"wp-block-image alignleft\"><a href=\"https:\/\/www.easydayphuket.com\/de\/phuket-hotels\/chalong-bay-hotels\/chalong-chalet-resort\/\"><img loading=\"lazy\" decoding=\"async\" width=\"150\" height=\"150\" src=\"https:\/\/www.easydayphuket.com\/wp-content\/uploads\/2014\/01\/Villa-150x150.jpg\" alt=\"Chalong Chalet Villa\" class=\"wp-image-3664\"\/><\/a><figcaption class=\"wp-element-caption\">Chalong Chalet Villa<\/figcaption><\/figure>\n\n\n\n<h2 class=\"wp-block-heading\"><a title=\"Chalong Chalet Resort\" href=\"https:\/\/www.easydayphuket.com\/de\/phuket-hotels\/chalong-bay-hotels\/chalong-chalet-resort\/\">Chalong Chalet Resort<\/a><\/h2>\n\n\n\n<p>Chalong Chalet Resort, Phuket liegt auf einem majest\u00e4tischen H\u00fcgel und hat eine atemberaubende Aussicht auf die Bucht von Chalong und seine Bergketten. Hier kann man die Seele baumeln lassen und alle Sorgen sind vergessen, ein toller Platz f\u00fcr einen erholsamen Urlaub.<\/p>\n\n\n\n<p><strong><span style=\"color: #ff0000;\">3 Tage \/ 2 N\u00e4chte<\/span>&nbsp;&#8211; Preise in <\/strong><strong>Thai Baht <\/strong><strong>pro Person ab&nbsp;<\/strong><strong>3,250<\/strong><\/p>\n\n\n\n<p class=\"has-text-align-right\"><strong><a title=\"Chalong Chalet Resort\" href=\"https:\/\/www.easydayphuket.com\/de\/phuket-hotels\/chalong-bay-hotels\/chalong-chalet-resort\/\">Mehr Infos&#8230;<\/a><\/strong><\/p>\n\n\n\n<hr class=\"wp-block-separator has-alpha-channel-opacity\"\/>\n\n\n\n<figure class=\"wp-block-image alignleft\"><a href=\"https:\/\/www.easydayphuket.com\/de\/phuket-hotels\/chalong-bay-hotels\/chalong-sea-breeze-guesthouse\/\"><img loading=\"lazy\" decoding=\"async\" width=\"150\" height=\"150\" src=\"https:\/\/www.easydayphuket.com\/wp-content\/uploads\/2014\/03\/1-150x150.jpg\" alt=\"Chalong Sea View\" class=\"wp-image-4866\"\/><\/a><figcaption class=\"wp-element-caption\">Sea Breeze Vorderansicht<\/figcaption><\/figure>\n\n\n\n<h2 class=\"wp-block-heading\"><a title=\"Chalong Sea Breeze Guesthouse\" href=\"https:\/\/www.easydayphuket.com\/de\/phuket-hotels\/chalong-bay-hotels\/chalong-sea-breeze-guesthouse\/\">Chalong Sea Breeze Guest House<\/a><\/h2>\n\n\n\n<p>Chalong Sea Breeze Guesthouse, Phuket ist zentral gelegen und eine gute Wahl f\u00fcr alle G\u00e4ste die sich auch ein bisschen in der Umgebung umschauen m\u00f6chten. Das Guest house bietet einen erstklassigen Service und \u00fcber eine komfortable Ausstattung.<\/p>\n\n\n\n<p><strong><span style=\"color: #ff0000;\">3 Tage \/ 2 N\u00e4chte<\/span>&nbsp;&#8211; Preise in <\/strong><strong>Thai Baht <\/strong><strong>pro Person ab&nbsp;<\/strong><strong>1,600<\/strong><\/p>\n\n\n\n<p class=\"has-text-align-right\"><a title=\"Chalong Sea Breeze Guesthouse\" href=\"https:\/\/www.easydayphuket.com\/de\/phuket-hotels\/chalong-bay-hotels\/chalong-sea-breeze-guesthouse\/\"><strong>Mehr Infos&#8230;<\/strong><\/a><\/p>\n\n\n\n<hr class=\"wp-block-separator has-alpha-channel-opacity\"\/>\n\n\n\n<h3 class=\"wp-block-heading\" id=\"form\">Urlaubs Pakete &#8211; inklusive Ihrem gew\u00fcnschtem Phuket Hotel !<\/h3>\n\n\n\n<p><strong>Gutes Phuket Urlaubsangebot<\/strong> &#8211; Ausgew\u00e4hlte <a href=\"https:\/\/www.easydayphuket.com\/de\/phuket-ausfluege\/\">Phuket Ausfl\u00fcge<\/a> und privater Phuket Flughafen Transfer, alles zusammen mit dem von Ihnen gew\u00fcnschtem Hotel. Informieren Sie uns und lassen Sie sich ein <span style=\"color: #ff0000;\"><strong>unverbindliches Angebot<\/strong><\/span> zukommen<\/p>\n\n\n\n<script charset=\"utf-8\" type=\"text\/javascript\" src=\"\/\/js.hsforms.net\/forms\/embed\/v2.js\"><\/script>\n<script>\n  hbspt.forms.create({\n    region: \"na1\",\n    portalId: \"3413662\",\n    formId: \"59765d47-ffdf-4452-a315-11081d03c004\"\n  });\n<\/script>\n","protected":false},"excerpt":{"rendered":"<p>Unsere ausgew\u00e4hlten&nbsp;Chalong Bay Hotels, Phuket sind ideal f\u00fcr alle G\u00e4ste die etwas Abstand von den touristischen Orten gewinnen m\u00f6chten und gerne auf Ausfl\u00fcge gehen, von Chalong aus gehen die Boote zum tauchen, schnorcheln und zum fischen. Chalong hat gute Bars, Restaurant aber vor allem ist es ruhig und man hat das ideale Sprungbrett zu den [&hellip;]<\/p>\n","protected":false},"author":4,"featured_media":0,"parent":10517,"menu_order":0,"comment_status":"closed","ping_status":"closed","template":"","meta":{"_acf_changed":false,"_et_pb_use_builder":"","_et_pb_old_content":"","_et_gb_content_width":"","footnotes":""},"class_list":["post-14840","page","type-page","status-publish","hentry"],"acf":[],"yoast_head":"<!-- This site is optimized with the Yoast SEO plugin v25.1 - https:\/\/yoast.com\/wordpress\/plugins\/seo\/ -->\n<title>Chalong Bay Hotels - Ausgesucht von Easy Day Phuket Ausfl\u00fcgen<\/title>\n<meta name=\"description\" content=\"Unsere ausgew\u00e4hlten Chalong Bay Hotels, Phuket sind ideal f\u00fcr alle G\u00e4ste die etwas Abstand von den touristischen Orten gewinnen m\u00f6chten.\" \/>\n<meta name=\"robots\" content=\"index, follow, max-snippet:-1, max-image-preview:large, max-video-preview:-1\" \/>\n<link rel=\"canonical\" href=\"https:\/\/www.easydayphuket.com\/de\/phuket-hotels\/chalong-bay-hotels\/\" \/>\n<meta property=\"og:locale\" content=\"de_DE\" \/>\n<meta property=\"og:type\" content=\"article\" \/>\n<meta property=\"og:title\" content=\"Chalong Bay Hotels - Ausgesucht von Easy Day Phuket Ausfl\u00fcgen\" \/>\n<meta property=\"og:description\" content=\"Unsere ausgew\u00e4hlten Chalong Bay Hotels, Phuket sind ideal f\u00fcr alle G\u00e4ste die etwas Abstand von den touristischen Orten gewinnen m\u00f6chten.\" \/>\n<meta property=\"og:url\" content=\"https:\/\/www.easydayphuket.com\/de\/phuket-hotels\/chalong-bay-hotels\/\" \/>\n<meta property=\"og:site_name\" content=\"Easy Day Phuket\" \/>\n<meta property=\"article:publisher\" content=\"https:\/\/www.facebook.com\/Easydayinthailand\/\" \/>\n<meta property=\"article:modified_time\" content=\"2024-05-14T18:16:16+00:00\" \/>\n<meta property=\"og:image\" content=\"https:\/\/www.easydayphuket.com\/wp-content\/uploads\/2013\/09\/Seaview-Villa-Balcony-150x150.jpg\" \/>\n<meta name=\"twitter:label1\" content=\"Gesch\u00e4tzte Lesezeit\" \/>\n\t<meta name=\"twitter:data1\" content=\"3\u00a0Minuten\" \/>\n<script type=\"application\/ld+json\" class=\"yoast-schema-graph\">{\"@context\":\"https:\/\/schema.org\",\"@graph\":[{\"@type\":\"WebPage\",\"@id\":\"https:\/\/www.easydayphuket.com\/de\/phuket-hotels\/chalong-bay-hotels\/\",\"url\":\"https:\/\/www.easydayphuket.com\/de\/phuket-hotels\/chalong-bay-hotels\/\",\"name\":\"Chalong Bay Hotels - Ausgesucht von Easy Day Phuket Ausfl\u00fcgen\",\"isPartOf\":{\"@id\":\"https:\/\/www.easydayphuket.com\/#website\"},\"primaryImageOfPage\":{\"@id\":\"https:\/\/www.easydayphuket.com\/de\/phuket-hotels\/chalong-bay-hotels\/#primaryimage\"},\"image\":{\"@id\":\"https:\/\/www.easydayphuket.com\/de\/phuket-hotels\/chalong-bay-hotels\/#primaryimage\"},\"thumbnailUrl\":\"https:\/\/www.easydayphuket.com\/wp-content\/uploads\/2013\/09\/Seaview-Villa-Balcony-150x150.jpg\",\"datePublished\":\"2016-08-10T10:18:10+00:00\",\"dateModified\":\"2024-05-14T18:16:16+00:00\",\"description\":\"Unsere ausgew\u00e4hlten Chalong Bay Hotels, Phuket sind ideal f\u00fcr alle G\u00e4ste die etwas Abstand von den touristischen Orten gewinnen m\u00f6chten.\",\"breadcrumb\":{\"@id\":\"https:\/\/www.easydayphuket.com\/de\/phuket-hotels\/chalong-bay-hotels\/#breadcrumb\"},\"inLanguage\":\"de\",\"potentialAction\":[{\"@type\":\"ReadAction\",\"target\":[\"https:\/\/www.easydayphuket.com\/de\/phuket-hotels\/chalong-bay-hotels\/\"]}]},{\"@type\":\"ImageObject\",\"inLanguage\":\"de\",\"@id\":\"https:\/\/www.easydayphuket.com\/de\/phuket-hotels\/chalong-bay-hotels\/#primaryimage\",\"url\":\"https:\/\/www.easydayphuket.com\/wp-content\/uploads\/2013\/09\/Seaview-Villa-Balcony-150x150.jpg\",\"contentUrl\":\"https:\/\/www.easydayphuket.com\/wp-content\/uploads\/2013\/09\/Seaview-Villa-Balcony-150x150.jpg\"},{\"@type\":\"BreadcrumbList\",\"@id\":\"https:\/\/www.easydayphuket.com\/de\/phuket-hotels\/chalong-bay-hotels\/#breadcrumb\",\"itemListElement\":[{\"@type\":\"ListItem\",\"position\":1,\"name\":\"Home\",\"item\":\"https:\/\/www.easydayphuket.com\/de\/\"},{\"@type\":\"ListItem\",\"position\":2,\"name\":\"Phuket Hotel\",\"item\":\"https:\/\/www.easydayphuket.com\/de\/phuket-hotels\/\"},{\"@type\":\"ListItem\",\"position\":3,\"name\":\"Chalong Bay Hotels\"}]},{\"@type\":\"WebSite\",\"@id\":\"https:\/\/www.easydayphuket.com\/#website\",\"url\":\"https:\/\/www.easydayphuket.com\/\",\"name\":\"Easy Day Phuket\",\"description\":\"Ihr Phuket Tour & Reise Partner\",\"publisher\":{\"@id\":\"https:\/\/www.easydayphuket.com\/#organization\"},\"potentialAction\":[{\"@type\":\"SearchAction\",\"target\":{\"@type\":\"EntryPoint\",\"urlTemplate\":\"https:\/\/www.easydayphuket.com\/?s={search_term_string}\"},\"query-input\":{\"@type\":\"PropertyValueSpecification\",\"valueRequired\":true,\"valueName\":\"search_term_string\"}}],\"inLanguage\":\"de\"},{\"@type\":\"Organization\",\"@id\":\"https:\/\/www.easydayphuket.com\/#organization\",\"name\":\"Easy Day Thailand\",\"url\":\"https:\/\/www.easydayphuket.com\/\",\"logo\":{\"@type\":\"ImageObject\",\"inLanguage\":\"de\",\"@id\":\"https:\/\/www.easydayphuket.com\/#\/schema\/logo\/image\/\",\"url\":\"https:\/\/www.easydayphuket.com\/wp-content\/uploads\/2013\/07\/Sun-Thaiflag_booking12.gif\",\"contentUrl\":\"https:\/\/www.easydayphuket.com\/wp-content\/uploads\/2013\/07\/Sun-Thaiflag_booking12.gif\",\"width\":100,\"height\":94,\"caption\":\"Easy Day Thailand\"},\"image\":{\"@id\":\"https:\/\/www.easydayphuket.com\/#\/schema\/logo\/image\/\"},\"sameAs\":[\"https:\/\/www.facebook.com\/Easydayinthailand\/\",\"https:\/\/www.instagram.com\/easydaythailand\/\"]}]}<\/script>\n<!-- \/ Yoast SEO plugin. -->","yoast_head_json":{"title":"Chalong Bay Hotels - Ausgesucht von Easy Day Phuket Ausfl\u00fcgen","description":"Unsere ausgew\u00e4hlten Chalong Bay Hotels, Phuket sind ideal f\u00fcr alle G\u00e4ste die etwas Abstand von den touristischen Orten gewinnen m\u00f6chten.","robots":{"index":"index","follow":"follow","max-snippet":"max-snippet:-1","max-image-preview":"max-image-preview:large","max-video-preview":"max-video-preview:-1"},"canonical":"https:\/\/www.easydayphuket.com\/de\/phuket-hotels\/chalong-bay-hotels\/","og_locale":"de_DE","og_type":"article","og_title":"Chalong Bay Hotels - Ausgesucht von Easy Day Phuket Ausfl\u00fcgen","og_description":"Unsere ausgew\u00e4hlten Chalong Bay Hotels, Phuket sind ideal f\u00fcr alle G\u00e4ste die etwas Abstand von den touristischen Orten gewinnen m\u00f6chten.","og_url":"https:\/\/www.easydayphuket.com\/de\/phuket-hotels\/chalong-bay-hotels\/","og_site_name":"Easy Day Phuket","article_publisher":"https:\/\/www.facebook.com\/Easydayinthailand\/","article_modified_time":"2024-05-14T18:16:16+00:00","og_image":[{"url":"https:\/\/www.easydayphuket.com\/wp-content\/uploads\/2013\/09\/Seaview-Villa-Balcony-150x150.jpg","type":"","width":"","height":""}],"twitter_misc":{"Gesch\u00e4tzte Lesezeit":"3\u00a0Minuten"},"schema":{"@context":"https:\/\/schema.org","@graph":[{"@type":"WebPage","@id":"https:\/\/www.easydayphuket.com\/de\/phuket-hotels\/chalong-bay-hotels\/","url":"https:\/\/www.easydayphuket.com\/de\/phuket-hotels\/chalong-bay-hotels\/","name":"Chalong Bay Hotels - Ausgesucht von Easy Day Phuket Ausfl\u00fcgen","isPartOf":{"@id":"https:\/\/www.easydayphuket.com\/#website"},"primaryImageOfPage":{"@id":"https:\/\/www.easydayphuket.com\/de\/phuket-hotels\/chalong-bay-hotels\/#primaryimage"},"image":{"@id":"https:\/\/www.easydayphuket.com\/de\/phuket-hotels\/chalong-bay-hotels\/#primaryimage"},"thumbnailUrl":"https:\/\/www.easydayphuket.com\/wp-content\/uploads\/2013\/09\/Seaview-Villa-Balcony-150x150.jpg","datePublished":"2016-08-10T10:18:10+00:00","dateModified":"2024-05-14T18:16:16+00:00","description":"Unsere ausgew\u00e4hlten Chalong Bay Hotels, Phuket sind ideal f\u00fcr alle G\u00e4ste die etwas Abstand von den touristischen Orten gewinnen m\u00f6chten.","breadcrumb":{"@id":"https:\/\/www.easydayphuket.com\/de\/phuket-hotels\/chalong-bay-hotels\/#breadcrumb"},"inLanguage":"de","potentialAction":[{"@type":"ReadAction","target":["https:\/\/www.easydayphuket.com\/de\/phuket-hotels\/chalong-bay-hotels\/"]}]},{"@type":"ImageObject","inLanguage":"de","@id":"https:\/\/www.easydayphuket.com\/de\/phuket-hotels\/chalong-bay-hotels\/#primaryimage","url":"https:\/\/www.easydayphuket.com\/wp-content\/uploads\/2013\/09\/Seaview-Villa-Balcony-150x150.jpg","contentUrl":"https:\/\/www.easydayphuket.com\/wp-content\/uploads\/2013\/09\/Seaview-Villa-Balcony-150x150.jpg"},{"@type":"BreadcrumbList","@id":"https:\/\/www.easydayphuket.com\/de\/phuket-hotels\/chalong-bay-hotels\/#breadcrumb","itemListElement":[{"@type":"ListItem","position":1,"name":"Home","item":"https:\/\/www.easydayphuket.com\/de\/"},{"@type":"ListItem","position":2,"name":"Phuket Hotel","item":"https:\/\/www.easydayphuket.com\/de\/phuket-hotels\/"},{"@type":"ListItem","position":3,"name":"Chalong Bay Hotels"}]},{"@type":"WebSite","@id":"https:\/\/www.easydayphuket.com\/#website","url":"https:\/\/www.easydayphuket.com\/","name":"Easy Day Phuket","description":"Ihr Phuket Tour & Reise Partner","publisher":{"@id":"https:\/\/www.easydayphuket.com\/#organization"},"potentialAction":[{"@type":"SearchAction","target":{"@type":"EntryPoint","urlTemplate":"https:\/\/www.easydayphuket.com\/?s={search_term_string}"},"query-input":{"@type":"PropertyValueSpecification","valueRequired":true,"valueName":"search_term_string"}}],"inLanguage":"de"},{"@type":"Organization","@id":"https:\/\/www.easydayphuket.com\/#organization","name":"Easy Day Thailand","url":"https:\/\/www.easydayphuket.com\/","logo":{"@type":"ImageObject","inLanguage":"de","@id":"https:\/\/www.easydayphuket.com\/#\/schema\/logo\/image\/","url":"https:\/\/www.easydayphuket.com\/wp-content\/uploads\/2013\/07\/Sun-Thaiflag_booking12.gif","contentUrl":"https:\/\/www.easydayphuket.com\/wp-content\/uploads\/2013\/07\/Sun-Thaiflag_booking12.gif","width":100,"height":94,"caption":"Easy Day Thailand"},"image":{"@id":"https:\/\/www.easydayphuket.com\/#\/schema\/logo\/image\/"},"sameAs":["https:\/\/www.facebook.com\/Easydayinthailand\/","https:\/\/www.instagram.com\/easydaythailand\/"]}]}},"_links":{"self":[{"href":"https:\/\/www.easydayphuket.com\/de\/wp-json\/wp\/v2\/pages\/14840","targetHints":{"allow":["GET"]}}],"collection":[{"href":"https:\/\/www.easydayphuket.com\/de\/wp-json\/wp\/v2\/pages"}],"about":[{"href":"https:\/\/www.easydayphuket.com\/de\/wp-json\/wp\/v2\/types\/page"}],"author":[{"embeddable":true,"href":"https:\/\/www.easydayphuket.com\/de\/wp-json\/wp\/v2\/users\/4"}],"replies":[{"embeddable":true,"href":"https:\/\/www.easydayphuket.com\/de\/wp-json\/wp\/v2\/comments?post=14840"}],"version-history":[{"count":0,"href":"https:\/\/www.easydayphuket.com\/de\/wp-json\/wp\/v2\/pages\/14840\/revisions"}],"up":[{"embeddable":true,"href":"https:\/\/www.easydayphuket.com\/de\/wp-json\/wp\/v2\/pages\/10517"}],"wp:attachment":[{"href":"https:\/\/www.easydayphuket.com\/de\/wp-json\/wp\/v2\/media?parent=14840"}],"curies":[{"name":"wp","href":"https:\/\/api.w.org\/{rel}","templated":true}]}}