{"id":14837,"date":"2016-08-09T18:07:42","date_gmt":"2016-08-09T11:07:42","guid":{"rendered":"https:\/\/www.easydayphuket.com\/de\/phuket-hotels\/phuket-town-hotels\/"},"modified":"2024-05-23T02:17:57","modified_gmt":"2024-05-22T19:17:57","slug":"phuket-town-hotels","status":"publish","type":"page","link":"https:\/\/www.easydayphuket.com\/de\/phuket-hotels\/phuket-town-hotels\/","title":{"rendered":"Phuket Town Hotels"},"content":{"rendered":"\n<p>Phuket Town Hotels sind in der N\u00e4he wundersch\u00f6ner alter Tempel. Museen und Schreine von Thail\u00e4ndischer und Chinesischer Tradition. Phuket Town ist eine wirkliche spannende Stadt wo es viel zu entdecken gibt, es hat viele gute Restaurants, Bars und Cafes. Es gibt alte chinesische L\u00e4den f\u00fcr Heilmedizin mit den unterschiedlichsten Kr\u00e4utern und an jeder Ecke kann man eine leckere thail\u00e4ndische Nudelsuppe genie\u00dfen. Phuket Town ist bei Rucksack Touristen sehr beliebt da es g\u00fcnstige Unterk\u00fcnfte hat und auch sonst weitaus billiger ist als die anderen Touristen Orte.<\/p>\n\n\n\n<figure class=\"wp-block-image alignleft\"><a href=\"https:\/\/www.easydayphuket.com\/de\/phuket-hotels\/phuket-town-hotels\/on-on-hotel-phuket-town\/\"><img loading=\"lazy\" decoding=\"async\" width=\"150\" height=\"150\" src=\"https:\/\/www.easydayphuket.com\/wp-content\/uploads\/2013\/12\/on-on-150x150.jpg\" alt=\"On On Hotel Phuket Town - Selected Phuket Town Hotels\" class=\"wp-image-3330\"\/><\/a><figcaption class=\"wp-element-caption\">On On Hotel Phuket Town<\/figcaption><\/figure>\n\n\n\n<h2 class=\"wp-block-heading\"><a title=\"On On Hotel Phuket Town\" href=\"https:\/\/www.easydayphuket.com\/de\/phuket-hotels\/phuket-town-hotels\/on-on-hotel-phuket-town\/\">On On Hotel<\/a><\/h2>\n\n\n\n<p>Kommen Sie und lassen sich verzaubern von dem Geist in<a title=\"Old Phuket Town\" href=\"https:\/\/www.easydayphuket.com\/old-phuket-town\/\" target=\"_blank\" rel=\"noopener\">&nbsp;Phuket Old Town<\/a>&nbsp;mit einem Aufenthalt in einem der \u00e4ltesten Hotels von Phuket. Das mit \u00e4lteste Haus in Phuket wurde renoviert um seine chinesisch-portugiesische Architektur zu erhalten. Ei wirklich einmaliges Erlebnis was man nicht missen sollte.<\/p>\n\n\n\n<p><strong><span style=\"color: #ff0000;\">3 Tage \/ 2 N\u00e4chte<\/span>&nbsp;&#8211; Preise in <\/strong><strong>Thai Baht <\/strong><strong>pro Person ab&nbsp;<\/strong><strong>2,650<\/strong><\/p>\n\n\n\n<p class=\"has-text-align-right\"><strong><a title=\"On On Hotel Phuket Town\" href=\"https:\/\/www.easydayphuket.com\/de\/phuket-hotels\/phuket-town-hotels\/on-on-hotel-phuket-town\/\">Mehr Infos&#8230;<\/a><\/strong><\/p>\n\n\n\n<hr class=\"wp-block-separator has-alpha-channel-opacity\"\/>\n\n\n\n<figure class=\"wp-block-image alignleft\"><a href=\"https:\/\/www.easydayphuket.com\/de\/phuket-hotels\/phuket-town-hotels\/sino-house-phuket-hotel\/\"><img loading=\"lazy\" decoding=\"async\" width=\"150\" height=\"150\" src=\"https:\/\/www.easydayphuket.com\/wp-content\/uploads\/2014\/01\/Sino-House-1-150x150.jpg\" alt=\"Sino House - Selected Phuket Town Hotels\" class=\"wp-image-4010\"\/><\/a><figcaption class=\"wp-element-caption\">Sino House<\/figcaption><\/figure>\n\n\n\n<h2 class=\"wp-block-heading\"><a title=\"Sino House Phuket Hotel\" href=\"https:\/\/www.easydayphuket.com\/de\/phuket-hotels\/phuket-town-hotels\/sino-house-phuket-hotel\/\">Sino House &#8211; Hotel &amp; Apartment<\/a><\/h2>\n\n\n\n<p>Das Sino House Phuket Hotel &amp; Apartment liegt im Herzen von Phuket Town und hat den alten Baustil \u00fcber die Jahre erhalten k\u00f6nnen. Es sind nur ein paar Schritte bis zum Einkaufszentrum und alle Annehmlichkeiten die man sich vorstellen kann.<\/p>\n\n\n\n<p><strong><span style=\"color: #ff0000;\">3 Tage \/ 2 N\u00e4chte<\/span>&nbsp;&#8211; Preise in <\/strong><strong>Thai Baht <\/strong><strong>pro Person ab&nbsp;<\/strong><strong>2,550<\/strong><\/p>\n\n\n\n<p class=\"has-text-align-right\"><strong><a title=\"Sino House Phuket Hotel\" href=\"https:\/\/www.easydayphuket.com\/de\/phuket-hotels\/phuket-town-hotels\/sino-house-phuket-hotel\/\">Mehr Infos&#8230;<\/a><\/strong><\/p>\n\n\n\n<hr class=\"wp-block-separator has-alpha-channel-opacity\"\/>\n\n\n\n<figure class=\"wp-block-image alignleft\"><a href=\"https:\/\/www.easydayphuket.com\/de\/phuket-hotels\/phuket-town-hotels\/sino-imperial-design-hotel\/\"><img loading=\"lazy\" decoding=\"async\" width=\"150\" height=\"150\" src=\"https:\/\/www.easydayphuket.com\/wp-content\/uploads\/2014\/01\/Imperial-Exterior_02-150x150.jpg\" alt=\"Sino Imperial\" class=\"wp-image-4384\"\/><\/a><figcaption class=\"wp-element-caption\">Sino Imperial<\/figcaption><\/figure>\n\n\n\n<h2 class=\"wp-block-heading\"><a title=\"Sino Imperial Design Hotel\" href=\"https:\/\/www.easydayphuket.com\/de\/phuket-hotels\/phuket-town-hotels\/sino-imperial-design-hotel\/\">Sino Imperial<\/a><\/h2>\n\n\n\n<p><span style=\"line-height: 1.5em;\">Sino Imperial Design Hotel ist ein im Trend liegendes farbenfrohes Hotel mitten in Phuket Town. Es ist im Gesch\u00e4ftsviertel der Altstadt und ein idealer Ausgangspunkt zum<\/span><span style=\"line-height: 1.5em;\">&nbsp;<\/span><a style=\"line-height: 1.5em;\" title=\"Naka Night Market\" href=\"https:\/\/www.easydayphuket.com\/naka-night-market\/\">shopping<\/a>&nbsp;oder zum Besuch guter Restaurants und Nachtclubs.<\/p>\n\n\n\n<p><strong><span style=\"color: #ff0000;\"> 3 Tage &nbsp;\/ 2 N\u00e4chte<\/span>&nbsp;&#8211; Preise in <\/strong><strong>Thai Baht <\/strong><strong>pro Person ab&nbsp;<\/strong><strong>2,250<\/strong><\/p>\n\n\n\n<p class=\"has-text-align-right\"><strong><a title=\"Sino Imperial Design Hotel\" href=\"https:\/\/www.easydayphuket.com\/de\/phuket-hotels\/phuket-town-hotels\/sino-imperial-design-hotel\/\">Mehr Infos&#8230;<\/a><\/strong><\/p>\n\n\n\n<hr class=\"wp-block-separator has-alpha-channel-opacity\"\/>\n\n\n\n<figure class=\"wp-block-image alignleft\"><a href=\"https:\/\/www.easydayphuket.com\/wp-content\/uploads\/2014\/01\/Front1-e1390463875965.jpg\"><img loading=\"lazy\" decoding=\"async\" width=\"150\" height=\"150\" src=\"https:\/\/www.easydayphuket.com\/wp-content\/uploads\/2014\/01\/Front1-150x150.jpg\" alt=\"Sino Inn\" class=\"wp-image-3913\"\/><\/a><figcaption class=\"wp-element-caption\">Sino Inn<\/figcaption><\/figure>\n\n\n\n<h2 class=\"wp-block-heading\"><a title=\"Sino Inn Budget Hotel\" href=\"https:\/\/www.easydayphuket.com\/de\/phuket-hotels\/phuket-town-hotels\/sino-inn-budget-hotel\/\">Sino Inn Budget Hotel &amp; Dorm<\/a><\/h2>\n\n\n\n<p>Das Sino Inn Budget Hotel in Phuket City ist der perfekte Ort f\u00fcr den preisbewussten Gast der Phuket Town erkunden m\u00f6chte. Umgeben von M\u00e4rkten zum g\u00fcnstigen einkaufen und einmaliger Atmosph\u00e4re hat das Sino Inn einiges zu bieten.<\/p>\n\n\n\n<p><strong><span style=\"color: #ff0000;\"> 3 Tage &nbsp;\/ 2 N\u00e4chte<\/span>&nbsp;&#8211; Preise in <\/strong><strong>Thai Baht pro P<\/strong><strong>erson ab&nbsp;<\/strong><strong>1,900<\/strong><\/p>\n\n\n\n<p class=\"has-text-align-right\"><strong><a title=\"Sino Inn Budget Hotel\" href=\"https:\/\/www.easydayphuket.com\/de\/phuket-hotels\/phuket-town-hotels\/sino-inn-budget-hotel\/\">Mehr Infos..<\/a><\/strong><\/p>\n\n\n\n<hr class=\"wp-block-separator has-alpha-channel-opacity\"\/>\n\n\n\n<h3 class=\"wp-block-heading\">Urlaubs Pakete &#8211; inklusive Ihrem gew\u00fcnschtem Phuket Hotel !<\/h3>\n\n\n\n<p><strong>Gutes Phuket Urlaubsangebot<\/strong> &#8211; Ausgew\u00e4hlte <a href=\"https:\/\/www.easydayphuket.com\/de\/phuket-ausfluege\/\">Phuket Ausfl\u00fcge<\/a> und privater Phuket Flughafen Transfer, alles zusammen mit dem von Ihnen gew\u00fcnschtem Hotel. Informieren Sie uns und lassen Sie sich ein <span style=\"color: #ff0000;\"><strong>unverbindliches Angebot<\/strong><\/span> zukommen.<\/p>\n\n\n\n<script charset=\"utf-8\" type=\"text\/javascript\" src=\"\/\/js.hsforms.net\/forms\/embed\/v2.js\"><\/script>\n<script>\n  hbspt.forms.create({\n    region: \"na1\",\n    portalId: \"3413662\",\n    formId: \"59765d47-ffdf-4452-a315-11081d03c004\"\n  });\n<\/script>\n","protected":false},"excerpt":{"rendered":"<p>Phuket Town Hotels sind in der N\u00e4he wundersch\u00f6ner alter Tempel. Museen und Schreine von Thail\u00e4ndischer und Chinesischer Tradition. Phuket Town ist eine wirkliche spannende Stadt wo es viel zu entdecken gibt, es hat viele gute Restaurants, Bars und Cafes. Es gibt alte chinesische L\u00e4den f\u00fcr Heilmedizin mit den unterschiedlichsten Kr\u00e4utern und an jeder Ecke kann [&hellip;]<\/p>\n","protected":false},"author":4,"featured_media":0,"parent":10517,"menu_order":0,"comment_status":"closed","ping_status":"closed","template":"","meta":{"_acf_changed":false,"_et_pb_use_builder":"","_et_pb_old_content":"","_et_gb_content_width":"","footnotes":""},"class_list":["post-14837","page","type-page","status-publish","hentry"],"acf":[],"yoast_head":"<!-- This site is optimized with the Yoast SEO plugin v25.1 - https:\/\/yoast.com\/wordpress\/plugins\/seo\/ -->\n<title>Phuket Town Hotels &amp; Easy Day Phuket Ausfl\u00fcgen<\/title>\n<meta name=\"description\" content=\"Phuket Town Hotels sind in der N\u00e4he wundersch\u00f6ner alter Tempel. Museen und Schreine von Thail\u00e4ndischer und Chinesischer Tradition\" \/>\n<meta name=\"robots\" content=\"index, follow, max-snippet:-1, max-image-preview:large, max-video-preview:-1\" \/>\n<link rel=\"canonical\" href=\"https:\/\/www.easydayphuket.com\/de\/phuket-hotels\/phuket-town-hotels\/\" \/>\n<meta property=\"og:locale\" content=\"de_DE\" \/>\n<meta property=\"og:type\" content=\"article\" \/>\n<meta property=\"og:title\" content=\"Phuket Town Hotels &amp; Easy Day Phuket Ausfl\u00fcgen\" \/>\n<meta property=\"og:description\" content=\"Phuket Town Hotels sind in der N\u00e4he wundersch\u00f6ner alter Tempel. Museen und Schreine von Thail\u00e4ndischer und Chinesischer Tradition\" \/>\n<meta property=\"og:url\" content=\"https:\/\/www.easydayphuket.com\/de\/phuket-hotels\/phuket-town-hotels\/\" \/>\n<meta property=\"og:site_name\" content=\"Easy Day Phuket\" \/>\n<meta property=\"article:publisher\" content=\"https:\/\/www.facebook.com\/Easydayinthailand\/\" \/>\n<meta property=\"article:modified_time\" content=\"2024-05-22T19:17:57+00:00\" \/>\n<meta property=\"og:image\" content=\"https:\/\/www.easydayphuket.com\/wp-content\/uploads\/2013\/12\/on-on-150x150.jpg\" \/>\n<meta name=\"twitter:label1\" content=\"Gesch\u00e4tzte Lesezeit\" \/>\n\t<meta name=\"twitter:data1\" content=\"3\u00a0Minuten\" \/>\n<script type=\"application\/ld+json\" class=\"yoast-schema-graph\">{\"@context\":\"https:\/\/schema.org\",\"@graph\":[{\"@type\":\"WebPage\",\"@id\":\"https:\/\/www.easydayphuket.com\/de\/phuket-hotels\/phuket-town-hotels\/\",\"url\":\"https:\/\/www.easydayphuket.com\/de\/phuket-hotels\/phuket-town-hotels\/\",\"name\":\"Phuket Town Hotels & Easy Day Phuket Ausfl\u00fcgen\",\"isPartOf\":{\"@id\":\"https:\/\/www.easydayphuket.com\/#website\"},\"primaryImageOfPage\":{\"@id\":\"https:\/\/www.easydayphuket.com\/de\/phuket-hotels\/phuket-town-hotels\/#primaryimage\"},\"image\":{\"@id\":\"https:\/\/www.easydayphuket.com\/de\/phuket-hotels\/phuket-town-hotels\/#primaryimage\"},\"thumbnailUrl\":\"https:\/\/www.easydayphuket.com\/wp-content\/uploads\/2013\/12\/on-on-150x150.jpg\",\"datePublished\":\"2016-08-09T11:07:42+00:00\",\"dateModified\":\"2024-05-22T19:17:57+00:00\",\"description\":\"Phuket Town Hotels sind in der N\u00e4he wundersch\u00f6ner alter Tempel. Museen und Schreine von Thail\u00e4ndischer und Chinesischer Tradition\",\"breadcrumb\":{\"@id\":\"https:\/\/www.easydayphuket.com\/de\/phuket-hotels\/phuket-town-hotels\/#breadcrumb\"},\"inLanguage\":\"de\",\"potentialAction\":[{\"@type\":\"ReadAction\",\"target\":[\"https:\/\/www.easydayphuket.com\/de\/phuket-hotels\/phuket-town-hotels\/\"]}]},{\"@type\":\"ImageObject\",\"inLanguage\":\"de\",\"@id\":\"https:\/\/www.easydayphuket.com\/de\/phuket-hotels\/phuket-town-hotels\/#primaryimage\",\"url\":\"https:\/\/www.easydayphuket.com\/wp-content\/uploads\/2013\/12\/on-on-150x150.jpg\",\"contentUrl\":\"https:\/\/www.easydayphuket.com\/wp-content\/uploads\/2013\/12\/on-on-150x150.jpg\"},{\"@type\":\"BreadcrumbList\",\"@id\":\"https:\/\/www.easydayphuket.com\/de\/phuket-hotels\/phuket-town-hotels\/#breadcrumb\",\"itemListElement\":[{\"@type\":\"ListItem\",\"position\":1,\"name\":\"Home\",\"item\":\"https:\/\/www.easydayphuket.com\/de\/\"},{\"@type\":\"ListItem\",\"position\":2,\"name\":\"Phuket Hotel\",\"item\":\"https:\/\/www.easydayphuket.com\/de\/phuket-hotels\/\"},{\"@type\":\"ListItem\",\"position\":3,\"name\":\"Phuket Town Hotels\"}]},{\"@type\":\"WebSite\",\"@id\":\"https:\/\/www.easydayphuket.com\/#website\",\"url\":\"https:\/\/www.easydayphuket.com\/\",\"name\":\"Easy Day Phuket\",\"description\":\"Ihr Phuket Tour & Reise Partner\",\"publisher\":{\"@id\":\"https:\/\/www.easydayphuket.com\/#organization\"},\"potentialAction\":[{\"@type\":\"SearchAction\",\"target\":{\"@type\":\"EntryPoint\",\"urlTemplate\":\"https:\/\/www.easydayphuket.com\/?s={search_term_string}\"},\"query-input\":{\"@type\":\"PropertyValueSpecification\",\"valueRequired\":true,\"valueName\":\"search_term_string\"}}],\"inLanguage\":\"de\"},{\"@type\":\"Organization\",\"@id\":\"https:\/\/www.easydayphuket.com\/#organization\",\"name\":\"Easy Day Thailand\",\"url\":\"https:\/\/www.easydayphuket.com\/\",\"logo\":{\"@type\":\"ImageObject\",\"inLanguage\":\"de\",\"@id\":\"https:\/\/www.easydayphuket.com\/#\/schema\/logo\/image\/\",\"url\":\"https:\/\/www.easydayphuket.com\/wp-content\/uploads\/2013\/07\/Sun-Thaiflag_booking12.gif\",\"contentUrl\":\"https:\/\/www.easydayphuket.com\/wp-content\/uploads\/2013\/07\/Sun-Thaiflag_booking12.gif\",\"width\":100,\"height\":94,\"caption\":\"Easy Day Thailand\"},\"image\":{\"@id\":\"https:\/\/www.easydayphuket.com\/#\/schema\/logo\/image\/\"},\"sameAs\":[\"https:\/\/www.facebook.com\/Easydayinthailand\/\",\"https:\/\/www.instagram.com\/easydaythailand\/\"]}]}<\/script>\n<!-- \/ Yoast SEO plugin. -->","yoast_head_json":{"title":"Phuket Town Hotels & Easy Day Phuket Ausfl\u00fcgen","description":"Phuket Town Hotels sind in der N\u00e4he wundersch\u00f6ner alter Tempel. Museen und Schreine von Thail\u00e4ndischer und Chinesischer Tradition","robots":{"index":"index","follow":"follow","max-snippet":"max-snippet:-1","max-image-preview":"max-image-preview:large","max-video-preview":"max-video-preview:-1"},"canonical":"https:\/\/www.easydayphuket.com\/de\/phuket-hotels\/phuket-town-hotels\/","og_locale":"de_DE","og_type":"article","og_title":"Phuket Town Hotels & Easy Day Phuket Ausfl\u00fcgen","og_description":"Phuket Town Hotels sind in der N\u00e4he wundersch\u00f6ner alter Tempel. Museen und Schreine von Thail\u00e4ndischer und Chinesischer Tradition","og_url":"https:\/\/www.easydayphuket.com\/de\/phuket-hotels\/phuket-town-hotels\/","og_site_name":"Easy Day Phuket","article_publisher":"https:\/\/www.facebook.com\/Easydayinthailand\/","article_modified_time":"2024-05-22T19:17:57+00:00","og_image":[{"url":"https:\/\/www.easydayphuket.com\/wp-content\/uploads\/2013\/12\/on-on-150x150.jpg","type":"","width":"","height":""}],"twitter_misc":{"Gesch\u00e4tzte Lesezeit":"3\u00a0Minuten"},"schema":{"@context":"https:\/\/schema.org","@graph":[{"@type":"WebPage","@id":"https:\/\/www.easydayphuket.com\/de\/phuket-hotels\/phuket-town-hotels\/","url":"https:\/\/www.easydayphuket.com\/de\/phuket-hotels\/phuket-town-hotels\/","name":"Phuket Town Hotels & Easy Day Phuket Ausfl\u00fcgen","isPartOf":{"@id":"https:\/\/www.easydayphuket.com\/#website"},"primaryImageOfPage":{"@id":"https:\/\/www.easydayphuket.com\/de\/phuket-hotels\/phuket-town-hotels\/#primaryimage"},"image":{"@id":"https:\/\/www.easydayphuket.com\/de\/phuket-hotels\/phuket-town-hotels\/#primaryimage"},"thumbnailUrl":"https:\/\/www.easydayphuket.com\/wp-content\/uploads\/2013\/12\/on-on-150x150.jpg","datePublished":"2016-08-09T11:07:42+00:00","dateModified":"2024-05-22T19:17:57+00:00","description":"Phuket Town Hotels sind in der N\u00e4he wundersch\u00f6ner alter Tempel. Museen und Schreine von Thail\u00e4ndischer und Chinesischer Tradition","breadcrumb":{"@id":"https:\/\/www.easydayphuket.com\/de\/phuket-hotels\/phuket-town-hotels\/#breadcrumb"},"inLanguage":"de","potentialAction":[{"@type":"ReadAction","target":["https:\/\/www.easydayphuket.com\/de\/phuket-hotels\/phuket-town-hotels\/"]}]},{"@type":"ImageObject","inLanguage":"de","@id":"https:\/\/www.easydayphuket.com\/de\/phuket-hotels\/phuket-town-hotels\/#primaryimage","url":"https:\/\/www.easydayphuket.com\/wp-content\/uploads\/2013\/12\/on-on-150x150.jpg","contentUrl":"https:\/\/www.easydayphuket.com\/wp-content\/uploads\/2013\/12\/on-on-150x150.jpg"},{"@type":"BreadcrumbList","@id":"https:\/\/www.easydayphuket.com\/de\/phuket-hotels\/phuket-town-hotels\/#breadcrumb","itemListElement":[{"@type":"ListItem","position":1,"name":"Home","item":"https:\/\/www.easydayphuket.com\/de\/"},{"@type":"ListItem","position":2,"name":"Phuket Hotel","item":"https:\/\/www.easydayphuket.com\/de\/phuket-hotels\/"},{"@type":"ListItem","position":3,"name":"Phuket Town Hotels"}]},{"@type":"WebSite","@id":"https:\/\/www.easydayphuket.com\/#website","url":"https:\/\/www.easydayphuket.com\/","name":"Easy Day Phuket","description":"Ihr Phuket Tour & Reise Partner","publisher":{"@id":"https:\/\/www.easydayphuket.com\/#organization"},"potentialAction":[{"@type":"SearchAction","target":{"@type":"EntryPoint","urlTemplate":"https:\/\/www.easydayphuket.com\/?s={search_term_string}"},"query-input":{"@type":"PropertyValueSpecification","valueRequired":true,"valueName":"search_term_string"}}],"inLanguage":"de"},{"@type":"Organization","@id":"https:\/\/www.easydayphuket.com\/#organization","name":"Easy Day Thailand","url":"https:\/\/www.easydayphuket.com\/","logo":{"@type":"ImageObject","inLanguage":"de","@id":"https:\/\/www.easydayphuket.com\/#\/schema\/logo\/image\/","url":"https:\/\/www.easydayphuket.com\/wp-content\/uploads\/2013\/07\/Sun-Thaiflag_booking12.gif","contentUrl":"https:\/\/www.easydayphuket.com\/wp-content\/uploads\/2013\/07\/Sun-Thaiflag_booking12.gif","width":100,"height":94,"caption":"Easy Day Thailand"},"image":{"@id":"https:\/\/www.easydayphuket.com\/#\/schema\/logo\/image\/"},"sameAs":["https:\/\/www.facebook.com\/Easydayinthailand\/","https:\/\/www.instagram.com\/easydaythailand\/"]}]}},"_links":{"self":[{"href":"https:\/\/www.easydayphuket.com\/de\/wp-json\/wp\/v2\/pages\/14837","targetHints":{"allow":["GET"]}}],"collection":[{"href":"https:\/\/www.easydayphuket.com\/de\/wp-json\/wp\/v2\/pages"}],"about":[{"href":"https:\/\/www.easydayphuket.com\/de\/wp-json\/wp\/v2\/types\/page"}],"author":[{"embeddable":true,"href":"https:\/\/www.easydayphuket.com\/de\/wp-json\/wp\/v2\/users\/4"}],"replies":[{"embeddable":true,"href":"https:\/\/www.easydayphuket.com\/de\/wp-json\/wp\/v2\/comments?post=14837"}],"version-history":[{"count":0,"href":"https:\/\/www.easydayphuket.com\/de\/wp-json\/wp\/v2\/pages\/14837\/revisions"}],"up":[{"embeddable":true,"href":"https:\/\/www.easydayphuket.com\/de\/wp-json\/wp\/v2\/pages\/10517"}],"wp:attachment":[{"href":"https:\/\/www.easydayphuket.com\/de\/wp-json\/wp\/v2\/media?parent=14837"}],"curies":[{"name":"wp","href":"https:\/\/api.w.org\/{rel}","templated":true}]}}