{"id":14831,"date":"2016-08-06T18:14:38","date_gmt":"2016-08-06T11:14:38","guid":{"rendered":"https:\/\/www.easydayphuket.com\/de\/phuket-hotels\/karon-beach-hotels\/"},"modified":"2024-05-15T02:06:10","modified_gmt":"2024-05-14T19:06:10","slug":"karon-beach-hotels","status":"publish","type":"page","link":"https:\/\/www.easydayphuket.com\/de\/phuket-hotels\/karon-beach-hotels\/","title":{"rendered":"Karon Beach Hotels"},"content":{"rendered":"\n<p>Karon Beach Hotels &#8211; <a title=\"Karon Beach \u2013 The Beaches of Phuket\" href=\"https:\/\/www.easydayphuket.com\/karon-beach\/\">Karon Beach<\/a> ist nur eine 10 min\u00fctige Autofahrt weiter s\u00fcdlich vom bekannten\u00a0<a title=\"Patong Beach \u2013 The Beaches of Phuket\" href=\"https:\/\/www.easydayphuket.com\/de\/phukets-straende-patong-beach\/\">Patong Beach<\/a>\u00a0und in der N\u00e4he des ruhigen\u00a0<a title=\"Kata Beach \u2013 The Beaches of Phuket\" href=\"https:\/\/www.easydayphuket.com\/kata-beach-beaches-phuket\/\">Kata Beach<\/a>. Karon ist einer der beliebtesten Str\u00e4nde von Phuket und zieht sich entlang der Westk\u00fcste bis nach Kata. Ideal f\u00fcr Familien die einen perfekten Strandurlaub planen gibt es in Karon alles was \u00a0daf\u00fcr ben\u00f6tigt. Der Ort ist gut ausgestattet mit Restaurants, Bars und sehr guten Einkaufsm\u00f6glichkeiten.<\/p>\n\n\n\n<figure class=\"wp-block-image alignleft\"><a href=\"https:\/\/www.easydayphuket.com\/de\/phuket-hotels\/karon-beach-hotels\/the-old-phuket-karon\/\"><img loading=\"lazy\" decoding=\"async\" width=\"150\" height=\"150\" src=\"https:\/\/www.easydayphuket.com\/wp-content\/uploads\/2013\/07\/View1-150x150.jpg\" alt=\"The Old Phuket - Karon Beach Hotels\" class=\"wp-image-2564\"\/><\/a><figcaption class=\"wp-element-caption\">The Old Phuket Karon<\/figcaption><\/figure>\n\n\n\n<h2 class=\"wp-block-heading\"><a title=\"The Old Phuket by Easy Day Phuket\" href=\"https:\/\/www.easydayphuket.com\/de\/phuket-hotels\/karon-beach-hotels\/the-old-phuket-karon\/\">The Old Phuket Karon<\/a><\/h2>\n\n\n\n<p>Das Old Phuket Karon, Phuket ist ein traditionelles Phuket Hotel was aus zwei Fl\u00fcgeln besteht die im Sino Design gebaut sind. Es erinnert etwas an die fr\u00fcheren Jahre als Phuket noch nicht so erschlossen war. Das Hotel ist edel ausgestattet und bietet damit eine gute Mischung aus&nbsp;Alt und modern.<\/p>\n\n\n\n<p><strong><span style=\"color: #ff0000;\">3 Tage \/ 2 N\u00e4chte<\/span>&nbsp;&#8211; Preise in <\/strong><strong>Thai Baht <\/strong><strong>pro Person ab&nbsp;<\/strong><strong>4,850<\/strong><\/p>\n\n\n\n<p class=\"has-text-align-right\"><strong><a title=\"The Old Phuket by Easy Day Phuket\" href=\"https:\/\/www.easydayphuket.com\/de\/phuket-hotels\/karon-beach-hotels\/the-old-phuket-karon\/\">Mehr Infos&#8230;<\/a><\/strong><\/p>\n\n\n\n<hr class=\"wp-block-separator has-alpha-channel-opacity\"\/>\n\n\n\n<figure class=\"wp-block-image alignleft\"><a href=\"https:\/\/www.easydayphuket.com\/de\/phuket-hotels\/karon-beach-hotels\/sugar-marina-art\/\"><img loading=\"lazy\" decoding=\"async\" width=\"150\" height=\"150\" src=\"https:\/\/www.easydayphuket.com\/wp-content\/uploads\/2014\/01\/pool1-150x150.jpg\" alt=\"Sugar Palm Karon\" class=\"wp-image-3613\"\/><\/a><figcaption class=\"wp-element-caption\">Sugar Palm Karon<\/figcaption><\/figure>\n\n\n\n<h2 class=\"wp-block-heading\"><a title=\"Sugar Palm Karon\" href=\"https:\/\/www.easydayphuket.com\/de\/phuket-hotels\/karon-beach-hotels\/sugar-marina-art\/\">Sugar Palm Karon<\/a><\/h2>\n\n\n\n<p>The Sugar Palm Karon Resort, Phuket und bietet den G\u00e4sten eine wirklich entspannte Atmosph\u00e4re mit einem tollem Swimming Pool. Es gibt einige Aktivit\u00e4ten in dem Hotel die sich reger Nachfrage erfreuen. Wer nicht nur am Swimming Pool liegen m\u00f6chte f\u00fcr den gibt es hier genug Abwechslung.<\/p>\n\n\n\n<p><strong><span style=\"color: #ff0000;\">3 Tage \/ 2 N\u00e4chte<\/span>&nbsp;&#8211; Preise in <\/strong><strong>Thai Baht <\/strong><strong>pro Person ab&nbsp;<\/strong><strong>2,200<\/strong><\/p>\n\n\n\n<p class=\"has-text-align-right\"><strong><a title=\"Sugar Palm Karon\" href=\"https:\/\/www.easydayphuket.com\/de\/phuket-hotels\/karon-beach-hotels\/sugar-marina-art\/\">Mehr Infos&#8230;<\/a><\/strong><\/p>\n\n\n\n<hr class=\"wp-block-separator has-alpha-channel-opacity\"\/>\n\n\n\n<h2 class=\"wp-block-heading\">&nbsp;<\/h2>\n\n\n\n<figure class=\"wp-block-image alignleft\"><a href=\"https:\/\/www.easydayphuket.com\/de\/phuket-hotels\/karon-beach-hotels\/secret-cliff-resort\/\"><img loading=\"lazy\" decoding=\"async\" width=\"150\" height=\"150\" src=\"https:\/\/www.easydayphuket.com\/wp-content\/uploads\/2014\/01\/005-150x150.jpg\" alt=\"Secret Cliff Resort, Karon\" class=\"wp-image-3957\"\/><\/a><figcaption class=\"wp-element-caption\">Secret Cliff<\/figcaption><\/figure>\n\n\n\n<h2 class=\"wp-block-heading\"><a title=\"Secret Cliff Resort\" href=\"https:\/\/www.easydayphuket.com\/de\/phuket-hotels\/karon-beach-hotels\/secret-cliff-resort\/\">Secret Cliff Resort<\/a><\/h2>\n\n\n\n<p>Secret Cliff Resort, Phuket hat die perfekte Kulisse f\u00fcr einen richtig entspannten Urlaub mit Meerblick. Vom Hotel sind es keine 10 Minuten mit dem taxi zum ber\u00fchmten Patong Beach, welche die besten Einkaufsm\u00f6glichkeiten und Nachtleben der ganzen Insel Phuket besitzt.<\/p>\n\n\n\n<p><strong><span style=\"color: #ff0000;\">3 Tage \/ 2 N\u00e4chte<\/span>&nbsp;&#8211; Preise in <\/strong><strong>Thai Baht <\/strong><strong>pro Person ab&nbsp;<\/strong><strong>[hp_secretcliff_3d2n]<\/strong><\/p>\n\n\n\n<p class=\"has-text-align-right\"><strong><a title=\"Secret Cliff Resort\" href=\"https:\/\/www.easydayphuket.com\/de\/phuket-hotels\/karon-beach-hotels\/secret-cliff-resort\/\" target=\"_blank\" rel=\"noopener\">Mehr Infos&#8230;<\/a><\/strong><\/p>\n\n\n\n<hr class=\"wp-block-separator has-alpha-channel-opacity\"\/>\n\n\n\n<figure class=\"wp-block-image alignleft\"><a href=\"https:\/\/www.easydayphuket.com\/de\/phuket-hotels\/karon-beach-hotels\/secret-cliff-villa\/\"><img loading=\"lazy\" decoding=\"async\" width=\"150\" height=\"150\" src=\"https:\/\/www.easydayphuket.com\/wp-content\/uploads\/2014\/01\/s31-150x150.jpg\" alt=\"Secret Cliff Villa\" class=\"wp-image-3968\"\/><\/a><figcaption class=\"wp-element-caption\">Secret Cliff Villa &#8211; The Pool<\/figcaption><\/figure>\n\n\n\n<h2 class=\"wp-block-heading\"><a title=\"Secret Cliff Villa\" href=\"https:\/\/www.easydayphuket.com\/de\/phuket-hotels\/karon-beach-hotels\/secret-cliff-villa\/\">Secret Cliff Villas<\/a><\/h2>\n\n\n\n<p>Das&nbsp;Secret Cliff Villa Resort, Phuket &nbsp;ist eine wirklich gute Adresse f\u00fcr einen komfortablen Urlaub. Hier gibt es nicht zu vermissen, ein sehr gutes Personal und eine Ausstattung die aus edelsten H\u00f6lzern besteht. Ein Hotel was man f\u00fcr den perfekten Urlaub buchen kann.<\/p>\n\n\n\n<p><strong><span style=\"color: #ff0000;\">3 Tage \/ 2 N\u00e4chte<\/span>&nbsp;&#8211; Preise in <\/strong><strong>Thai Baht <\/strong><strong>pro Person ab&nbsp;<\/strong><strong>[hp_cliffvilla_3d2n]<\/strong><\/p>\n\n\n\n<p class=\"has-text-align-right\"><strong><a title=\"Secret Cliff Villa\" href=\"https:\/\/www.easydayphuket.com\/de\/phuket-hotels\/karon-beach-hotels\/secret-cliff-villa\/\">Mehr Infos&#8230;<\/a><\/strong><\/p>\n\n\n\n<hr class=\"wp-block-separator has-alpha-channel-opacity\"\/>\n\n\n\n<figure class=\"wp-block-image alignleft\"><a href=\"https:\/\/www.easydayphuket.com\/de\/phuket-hotels\/karon-beach-hotels\/andaman-seaview-karon\/\"><img loading=\"lazy\" decoding=\"async\" width=\"150\" height=\"150\" src=\"https:\/\/www.easydayphuket.com\/wp-content\/uploads\/2013\/07\/andaman-seaview-karon-150x150.jpg\" alt=\"Andaman Seaview Karon\" class=\"wp-image-3057\"\/><\/a><figcaption class=\"wp-element-caption\">Andaman Seaview Karon<\/figcaption><\/figure>\n\n\n\n<h2 class=\"wp-block-heading\"><a title=\"Andaman Seaview Karon\" href=\"https:\/\/www.easydayphuket.com\/de\/phuket-hotels\/karon-beach-hotels\/andaman-seaview-karon\/\">Andaman Seaview Hotel<\/a><\/h2>\n\n\n\n<p>Das Andaman Seaview Hotel, Phuket ist ein 4 Sterne Hotel, das einen kurzen Spaziergang zum Strand entfernt liegt. Das Hotel bietet Zimmer mit herrlichem Meerblick und verf\u00fcgt \u00fcber 2 Swimming Pools mit Kinderbecken. Ein sehr kinderfreundliches Hotel wo f\u00fcr die Kleinen auch ein Spielplatz vorhanden ist.<\/p>\n\n\n\n<p><strong><span style=\"color: #ff0000;\"> 3 Tage \/ 2 N\u00e4chte<\/span>&nbsp;&#8211; Preise in <\/strong><strong>Thai Baht <\/strong><strong>pro Person ab&nbsp;<\/strong><strong>3,700<br><\/strong><\/p>\n\n\n\n<p class=\"has-text-align-right\"><strong><a title=\"Andaman Seaview Karon\" href=\"https:\/\/www.easydayphuket.com\/de\/phuket-hotels\/karon-beach-hotels\/andaman-seaview-karon\/\">Mehr Infos&#8230; <\/a><\/strong><\/p>\n\n\n\n<hr class=\"wp-block-separator has-alpha-channel-opacity\"\/>\n\n\n\n<h3 class=\"wp-block-heading\" id=\"form\">Urlaubs Pakete &#8211; inklusive Ihrem gew\u00fcnschtem Phuket Hotel !<\/h3>\n\n\n\n<p><strong>Gutes Phuket Urlaubsangebot<\/strong> &#8211; Ausgew\u00e4hlte <a href=\"https:\/\/www.easydayphuket.com\/de\/phuket-ausfluege\/\">Phuket Ausfl\u00fcge<\/a> und privater Phuket Flughafen Transfer, alles zusammen mit dem von Ihnen gew\u00fcnschtem Hotel. Informieren Sie uns und lassen Sie sich ein <span style=\"color: #ff0000;\"><strong>unverbindliches Angebot<\/strong><\/span> zukommen.<\/p>\n\n\n\n<script charset=\"utf-8\" type=\"text\/javascript\" src=\"\/\/js.hsforms.net\/forms\/embed\/v2.js\"><\/script>\n<script>\n  hbspt.forms.create({\n    region: \"na1\",\n    portalId: \"3413662\",\n    formId: \"59765d47-ffdf-4452-a315-11081d03c004\"\n  });\n<\/script>\n","protected":false},"excerpt":{"rendered":"<p>Karon Beach Hotels &#8211; Karon Beach ist nur eine 10 min\u00fctige Autofahrt weiter s\u00fcdlich vom bekannten\u00a0Patong Beach\u00a0und in der N\u00e4he des ruhigen\u00a0Kata Beach. Karon ist einer der beliebtesten Str\u00e4nde von Phuket und zieht sich entlang der Westk\u00fcste bis nach Kata. Ideal f\u00fcr Familien die einen perfekten Strandurlaub planen gibt es in Karon alles was \u00a0daf\u00fcr [&hellip;]<\/p>\n","protected":false},"author":4,"featured_media":0,"parent":10517,"menu_order":0,"comment_status":"closed","ping_status":"closed","template":"","meta":{"_acf_changed":false,"_et_pb_use_builder":"","_et_pb_old_content":"","_et_gb_content_width":"","footnotes":""},"class_list":["post-14831","page","type-page","status-publish","hentry"],"acf":[],"yoast_head":"<!-- This site is optimized with the Yoast SEO plugin v25.1 - https:\/\/yoast.com\/wordpress\/plugins\/seo\/ -->\n<title>Karon Beach Hotels - Ausgew\u00e4hlt von Easy Day Phuket Ausfl\u00fcgen<\/title>\n<meta name=\"description\" content=\"Ausgew\u00e4hlte Karon Beach Hotels von Easy Day Phuket. Empfohlen von unseren G\u00e4sten haben wir hier unterschiedlich Hotels zusammengestellt.\" \/>\n<meta name=\"robots\" content=\"index, follow, max-snippet:-1, max-image-preview:large, max-video-preview:-1\" \/>\n<link rel=\"canonical\" href=\"https:\/\/www.easydayphuket.com\/de\/phuket-hotels\/karon-beach-hotels\/\" \/>\n<meta property=\"og:locale\" content=\"de_DE\" \/>\n<meta property=\"og:type\" content=\"article\" \/>\n<meta property=\"og:title\" content=\"Karon Beach Hotels - Ausgew\u00e4hlt von Easy Day Phuket Ausfl\u00fcgen\" \/>\n<meta property=\"og:description\" content=\"Ausgew\u00e4hlte Karon Beach Hotels von Easy Day Phuket. Empfohlen von unseren G\u00e4sten haben wir hier unterschiedlich Hotels zusammengestellt.\" \/>\n<meta property=\"og:url\" content=\"https:\/\/www.easydayphuket.com\/de\/phuket-hotels\/karon-beach-hotels\/\" \/>\n<meta property=\"og:site_name\" content=\"Easy Day Phuket\" \/>\n<meta property=\"article:publisher\" content=\"https:\/\/www.facebook.com\/Easydayinthailand\/\" \/>\n<meta property=\"article:modified_time\" content=\"2024-05-14T19:06:10+00:00\" \/>\n<meta property=\"og:image\" content=\"https:\/\/www.easydayphuket.com\/wp-content\/uploads\/2013\/07\/View1-150x150.jpg\" \/>\n<meta name=\"twitter:label1\" content=\"Gesch\u00e4tzte Lesezeit\" \/>\n\t<meta name=\"twitter:data1\" content=\"3\u00a0Minuten\" \/>\n<script type=\"application\/ld+json\" class=\"yoast-schema-graph\">{\"@context\":\"https:\/\/schema.org\",\"@graph\":[{\"@type\":\"WebPage\",\"@id\":\"https:\/\/www.easydayphuket.com\/de\/phuket-hotels\/karon-beach-hotels\/\",\"url\":\"https:\/\/www.easydayphuket.com\/de\/phuket-hotels\/karon-beach-hotels\/\",\"name\":\"Karon Beach Hotels - Ausgew\u00e4hlt von Easy Day Phuket Ausfl\u00fcgen\",\"isPartOf\":{\"@id\":\"https:\/\/www.easydayphuket.com\/#website\"},\"primaryImageOfPage\":{\"@id\":\"https:\/\/www.easydayphuket.com\/de\/phuket-hotels\/karon-beach-hotels\/#primaryimage\"},\"image\":{\"@id\":\"https:\/\/www.easydayphuket.com\/de\/phuket-hotels\/karon-beach-hotels\/#primaryimage\"},\"thumbnailUrl\":\"https:\/\/www.easydayphuket.com\/wp-content\/uploads\/2013\/07\/View1-150x150.jpg\",\"datePublished\":\"2016-08-06T11:14:38+00:00\",\"dateModified\":\"2024-05-14T19:06:10+00:00\",\"description\":\"Ausgew\u00e4hlte Karon Beach Hotels von Easy Day Phuket. Empfohlen von unseren G\u00e4sten haben wir hier unterschiedlich Hotels zusammengestellt.\",\"breadcrumb\":{\"@id\":\"https:\/\/www.easydayphuket.com\/de\/phuket-hotels\/karon-beach-hotels\/#breadcrumb\"},\"inLanguage\":\"de\",\"potentialAction\":[{\"@type\":\"ReadAction\",\"target\":[\"https:\/\/www.easydayphuket.com\/de\/phuket-hotels\/karon-beach-hotels\/\"]}]},{\"@type\":\"ImageObject\",\"inLanguage\":\"de\",\"@id\":\"https:\/\/www.easydayphuket.com\/de\/phuket-hotels\/karon-beach-hotels\/#primaryimage\",\"url\":\"https:\/\/www.easydayphuket.com\/wp-content\/uploads\/2013\/07\/View1-150x150.jpg\",\"contentUrl\":\"https:\/\/www.easydayphuket.com\/wp-content\/uploads\/2013\/07\/View1-150x150.jpg\"},{\"@type\":\"BreadcrumbList\",\"@id\":\"https:\/\/www.easydayphuket.com\/de\/phuket-hotels\/karon-beach-hotels\/#breadcrumb\",\"itemListElement\":[{\"@type\":\"ListItem\",\"position\":1,\"name\":\"Home\",\"item\":\"https:\/\/www.easydayphuket.com\/de\/\"},{\"@type\":\"ListItem\",\"position\":2,\"name\":\"Phuket Hotel\",\"item\":\"https:\/\/www.easydayphuket.com\/de\/phuket-hotels\/\"},{\"@type\":\"ListItem\",\"position\":3,\"name\":\"Karon Beach Hotels\"}]},{\"@type\":\"WebSite\",\"@id\":\"https:\/\/www.easydayphuket.com\/#website\",\"url\":\"https:\/\/www.easydayphuket.com\/\",\"name\":\"Easy Day Phuket\",\"description\":\"Ihr Phuket Tour & Reise Partner\",\"publisher\":{\"@id\":\"https:\/\/www.easydayphuket.com\/#organization\"},\"potentialAction\":[{\"@type\":\"SearchAction\",\"target\":{\"@type\":\"EntryPoint\",\"urlTemplate\":\"https:\/\/www.easydayphuket.com\/?s={search_term_string}\"},\"query-input\":{\"@type\":\"PropertyValueSpecification\",\"valueRequired\":true,\"valueName\":\"search_term_string\"}}],\"inLanguage\":\"de\"},{\"@type\":\"Organization\",\"@id\":\"https:\/\/www.easydayphuket.com\/#organization\",\"name\":\"Easy Day Thailand\",\"url\":\"https:\/\/www.easydayphuket.com\/\",\"logo\":{\"@type\":\"ImageObject\",\"inLanguage\":\"de\",\"@id\":\"https:\/\/www.easydayphuket.com\/#\/schema\/logo\/image\/\",\"url\":\"https:\/\/www.easydayphuket.com\/wp-content\/uploads\/2013\/07\/Sun-Thaiflag_booking12.gif\",\"contentUrl\":\"https:\/\/www.easydayphuket.com\/wp-content\/uploads\/2013\/07\/Sun-Thaiflag_booking12.gif\",\"width\":100,\"height\":94,\"caption\":\"Easy Day Thailand\"},\"image\":{\"@id\":\"https:\/\/www.easydayphuket.com\/#\/schema\/logo\/image\/\"},\"sameAs\":[\"https:\/\/www.facebook.com\/Easydayinthailand\/\",\"https:\/\/www.instagram.com\/easydaythailand\/\"]}]}<\/script>\n<!-- \/ Yoast SEO plugin. -->","yoast_head_json":{"title":"Karon Beach Hotels - Ausgew\u00e4hlt von Easy Day Phuket Ausfl\u00fcgen","description":"Ausgew\u00e4hlte Karon Beach Hotels von Easy Day Phuket. Empfohlen von unseren G\u00e4sten haben wir hier unterschiedlich Hotels zusammengestellt.","robots":{"index":"index","follow":"follow","max-snippet":"max-snippet:-1","max-image-preview":"max-image-preview:large","max-video-preview":"max-video-preview:-1"},"canonical":"https:\/\/www.easydayphuket.com\/de\/phuket-hotels\/karon-beach-hotels\/","og_locale":"de_DE","og_type":"article","og_title":"Karon Beach Hotels - Ausgew\u00e4hlt von Easy Day Phuket Ausfl\u00fcgen","og_description":"Ausgew\u00e4hlte Karon Beach Hotels von Easy Day Phuket. Empfohlen von unseren G\u00e4sten haben wir hier unterschiedlich Hotels zusammengestellt.","og_url":"https:\/\/www.easydayphuket.com\/de\/phuket-hotels\/karon-beach-hotels\/","og_site_name":"Easy Day Phuket","article_publisher":"https:\/\/www.facebook.com\/Easydayinthailand\/","article_modified_time":"2024-05-14T19:06:10+00:00","og_image":[{"url":"https:\/\/www.easydayphuket.com\/wp-content\/uploads\/2013\/07\/View1-150x150.jpg","type":"","width":"","height":""}],"twitter_misc":{"Gesch\u00e4tzte Lesezeit":"3\u00a0Minuten"},"schema":{"@context":"https:\/\/schema.org","@graph":[{"@type":"WebPage","@id":"https:\/\/www.easydayphuket.com\/de\/phuket-hotels\/karon-beach-hotels\/","url":"https:\/\/www.easydayphuket.com\/de\/phuket-hotels\/karon-beach-hotels\/","name":"Karon Beach Hotels - Ausgew\u00e4hlt von Easy Day Phuket Ausfl\u00fcgen","isPartOf":{"@id":"https:\/\/www.easydayphuket.com\/#website"},"primaryImageOfPage":{"@id":"https:\/\/www.easydayphuket.com\/de\/phuket-hotels\/karon-beach-hotels\/#primaryimage"},"image":{"@id":"https:\/\/www.easydayphuket.com\/de\/phuket-hotels\/karon-beach-hotels\/#primaryimage"},"thumbnailUrl":"https:\/\/www.easydayphuket.com\/wp-content\/uploads\/2013\/07\/View1-150x150.jpg","datePublished":"2016-08-06T11:14:38+00:00","dateModified":"2024-05-14T19:06:10+00:00","description":"Ausgew\u00e4hlte Karon Beach Hotels von Easy Day Phuket. Empfohlen von unseren G\u00e4sten haben wir hier unterschiedlich Hotels zusammengestellt.","breadcrumb":{"@id":"https:\/\/www.easydayphuket.com\/de\/phuket-hotels\/karon-beach-hotels\/#breadcrumb"},"inLanguage":"de","potentialAction":[{"@type":"ReadAction","target":["https:\/\/www.easydayphuket.com\/de\/phuket-hotels\/karon-beach-hotels\/"]}]},{"@type":"ImageObject","inLanguage":"de","@id":"https:\/\/www.easydayphuket.com\/de\/phuket-hotels\/karon-beach-hotels\/#primaryimage","url":"https:\/\/www.easydayphuket.com\/wp-content\/uploads\/2013\/07\/View1-150x150.jpg","contentUrl":"https:\/\/www.easydayphuket.com\/wp-content\/uploads\/2013\/07\/View1-150x150.jpg"},{"@type":"BreadcrumbList","@id":"https:\/\/www.easydayphuket.com\/de\/phuket-hotels\/karon-beach-hotels\/#breadcrumb","itemListElement":[{"@type":"ListItem","position":1,"name":"Home","item":"https:\/\/www.easydayphuket.com\/de\/"},{"@type":"ListItem","position":2,"name":"Phuket Hotel","item":"https:\/\/www.easydayphuket.com\/de\/phuket-hotels\/"},{"@type":"ListItem","position":3,"name":"Karon Beach Hotels"}]},{"@type":"WebSite","@id":"https:\/\/www.easydayphuket.com\/#website","url":"https:\/\/www.easydayphuket.com\/","name":"Easy Day Phuket","description":"Ihr Phuket Tour & Reise Partner","publisher":{"@id":"https:\/\/www.easydayphuket.com\/#organization"},"potentialAction":[{"@type":"SearchAction","target":{"@type":"EntryPoint","urlTemplate":"https:\/\/www.easydayphuket.com\/?s={search_term_string}"},"query-input":{"@type":"PropertyValueSpecification","valueRequired":true,"valueName":"search_term_string"}}],"inLanguage":"de"},{"@type":"Organization","@id":"https:\/\/www.easydayphuket.com\/#organization","name":"Easy Day Thailand","url":"https:\/\/www.easydayphuket.com\/","logo":{"@type":"ImageObject","inLanguage":"de","@id":"https:\/\/www.easydayphuket.com\/#\/schema\/logo\/image\/","url":"https:\/\/www.easydayphuket.com\/wp-content\/uploads\/2013\/07\/Sun-Thaiflag_booking12.gif","contentUrl":"https:\/\/www.easydayphuket.com\/wp-content\/uploads\/2013\/07\/Sun-Thaiflag_booking12.gif","width":100,"height":94,"caption":"Easy Day Thailand"},"image":{"@id":"https:\/\/www.easydayphuket.com\/#\/schema\/logo\/image\/"},"sameAs":["https:\/\/www.facebook.com\/Easydayinthailand\/","https:\/\/www.instagram.com\/easydaythailand\/"]}]}},"_links":{"self":[{"href":"https:\/\/www.easydayphuket.com\/de\/wp-json\/wp\/v2\/pages\/14831","targetHints":{"allow":["GET"]}}],"collection":[{"href":"https:\/\/www.easydayphuket.com\/de\/wp-json\/wp\/v2\/pages"}],"about":[{"href":"https:\/\/www.easydayphuket.com\/de\/wp-json\/wp\/v2\/types\/page"}],"author":[{"embeddable":true,"href":"https:\/\/www.easydayphuket.com\/de\/wp-json\/wp\/v2\/users\/4"}],"replies":[{"embeddable":true,"href":"https:\/\/www.easydayphuket.com\/de\/wp-json\/wp\/v2\/comments?post=14831"}],"version-history":[{"count":0,"href":"https:\/\/www.easydayphuket.com\/de\/wp-json\/wp\/v2\/pages\/14831\/revisions"}],"up":[{"embeddable":true,"href":"https:\/\/www.easydayphuket.com\/de\/wp-json\/wp\/v2\/pages\/10517"}],"wp:attachment":[{"href":"https:\/\/www.easydayphuket.com\/de\/wp-json\/wp\/v2\/media?parent=14831"}],"curies":[{"name":"wp","href":"https:\/\/api.w.org\/{rel}","templated":true}]}}