{"id":14829,"date":"2016-08-06T12:09:59","date_gmt":"2016-08-06T05:09:59","guid":{"rendered":"https:\/\/www.easydayphuket.com\/de\/sugar-marina-art\/"},"modified":"2024-05-23T02:07:51","modified_gmt":"2024-05-22T19:07:51","slug":"sugar-marina-art","status":"publish","type":"page","link":"https:\/\/www.easydayphuket.com\/de\/phuket-hotels\/karon-beach-hotels\/sugar-marina-art\/","title":{"rendered":"Sugar Marina Art"},"content":{"rendered":"\n<figure class=\"wp-block-image alignright\"><a href=\"https:\/\/www.flickr.com\/photos\/easydaythailand\/9484555088\/\"><img decoding=\"async\" src=\"https:\/\/farm3.staticflickr.com\/2890\/9484555088_0104493f0d_m.jpg\" alt=\"Sugar marina Art, Karon Beach Phuket, Thailand\"\/><\/a><figcaption class=\"wp-element-caption\">Sugar Marina Art Karon<\/figcaption><\/figure>\n\n\n\n<p>Sugar Marina Art, Phuket liegt am sch\u00f6nen Karon Beach und bietet eine entspannte Atmosph\u00e4re. Die G\u00e4ste k\u00f6nnen es sich hier am swimming pool gut gehen lassen, oder aber eine der verschiedenen Aktivit\u00e4ten in Anspruch nehmen die hier geboten werden. Das Personal ist sehr freundlich und ber\u00e4t Sie gerne was es dann so im Sugar Marina Art, Phuket zu erleben gibt.<\/p>\n\n\n\n<ul class=\"wp-block-list\">\n<li><strong>Privater Swimmingpool<\/strong>.<\/li>\n\n\n\n<li><strong>Kostenlos <\/strong>W-Lan und Minibar mit t\u00e4glichem Nachschub.<\/li>\n\n\n\n<li><strong>Kostenlose <\/strong>Nutzung von Fitnessraum, Pool &amp; DVD-Ecke.<\/li>\n\n\n\n<li><span style=\"line-height: 1.5em;\">Hotelzimmer Entertainment-Center.<\/span><\/li>\n\n\n\n<li><span style=\"line-height: 1.5em;\"><b>Perfekt f\u00fcr Kinder zum spielen<\/b>.<\/span><\/li>\n<\/ul>\n\n\n<p><strong><span style=\"color: #ff0000;\"> 3 Tage \/ 2 N\u00e4chte<\/span>\u00a0&#8211; Preise in <\/strong><strong>Thai Baht <\/strong><strong>pro Person ab\u00a0<\/strong><strong>2,200\u00a0 <a title=\"Easy Day Contact Form\" href=\"#form\">&gt;&gt; Ihr unverbindliches Angebot!<\/a><\/strong><\/p>\n\n\n\n<p><strong>Hotel package<\/strong><strong> Includes : <\/strong><\/p>\n\n\n<ul>\n<li>Privater <a title=\"Phuket International Airport\" href=\"https:\/\/www.easydayphuket.com\/de\/flughafen-phuket\/\" target=\"_blank\" rel=\"noopener noreferrer\">Phuket Flughafen Transfer<\/a>.<\/li>\n<li>Preise basierend auf Doppelbelegung im Deluxe Zimmer<strong>.<\/strong><\/li>\n<li>Fr\u00fchst\u00fcck<\/li>\n<li>Steuern &amp; Versicherung.<\/li>\n<\/ul>\n\n\n\n<p class=\"has-text-align-right\"><a href='#form' class='small-button smallblue'>Preis Anfrage!<\/a><\/p>\n\n\n\n<h2 class=\"wp-block-heading\">Sugar Marina Art&nbsp;&#8211; Galerie<\/h2>\n\n\n\n<figure class=\"wp-block-gallery has-nested-images columns-3 is-cropped wp-block-gallery-1 is-layout-flex wp-block-gallery-is-layout-flex\">\n<figure class=\"wp-block-image size-large\"><img loading=\"lazy\" decoding=\"async\" width=\"312\" height=\"235\" data-id=\"6822\" src=\"https:\/\/www.easydayphuket.com\/wp-content\/uploads\/2014\/01\/pool1.jpg\" alt=\"\" class=\"wp-image-6822\" srcset=\"https:\/\/www.easydayphuket.com\/wp-content\/uploads\/2014\/01\/pool1.jpg 312w, https:\/\/www.easydayphuket.com\/wp-content\/uploads\/2014\/01\/pool1-300x225.jpg 300w, https:\/\/www.easydayphuket.com\/wp-content\/uploads\/2014\/01\/pool1-73x55.jpg 73w\" sizes=\"(max-width: 312px) 100vw, 312px\" \/><\/figure>\n\n\n\n<figure class=\"wp-block-image size-large\"><img loading=\"lazy\" decoding=\"async\" width=\"312\" height=\"235\" data-id=\"6816\" src=\"https:\/\/www.easydayphuket.com\/wp-content\/uploads\/2014\/01\/Deliuxe-pool-view.jpg\" alt=\"Sugar Marina Art\" class=\"wp-image-6816\" srcset=\"https:\/\/www.easydayphuket.com\/wp-content\/uploads\/2014\/01\/Deliuxe-pool-view.jpg 312w, https:\/\/www.easydayphuket.com\/wp-content\/uploads\/2014\/01\/Deliuxe-pool-view-300x225.jpg 300w, https:\/\/www.easydayphuket.com\/wp-content\/uploads\/2014\/01\/Deliuxe-pool-view-73x55.jpg 73w\" sizes=\"(max-width: 312px) 100vw, 312px\" \/><\/figure>\n\n\n\n<figure class=\"wp-block-image size-large\"><img loading=\"lazy\" decoding=\"async\" width=\"312\" height=\"235\" data-id=\"6819\" src=\"https:\/\/www.easydayphuket.com\/wp-content\/uploads\/2014\/01\/Garden.jpg\" alt=\"\" class=\"wp-image-6819\" srcset=\"https:\/\/www.easydayphuket.com\/wp-content\/uploads\/2014\/01\/Garden.jpg 312w, https:\/\/www.easydayphuket.com\/wp-content\/uploads\/2014\/01\/Garden-300x225.jpg 300w, https:\/\/www.easydayphuket.com\/wp-content\/uploads\/2014\/01\/Garden-73x55.jpg 73w\" sizes=\"(max-width: 312px) 100vw, 312px\" \/><\/figure>\n<\/figure>\n\n\n\n<h2 class=\"wp-block-heading\">Sugar Marina Art &#8211; Ausstattung<\/h2>\n\n\n<p>[twocol_one]<\/p>\n<ul>\n<li><strong>100<\/strong> Satellite und\u00a0Kabel TV Programme.<\/li>\n<li><strong>Gro\u00dfer <\/strong>LCD Fernseher.<\/li>\n<li><strong>DVD<\/strong>\u00a0Bibliothek.<\/li>\n<li><strong>Mini<\/strong>-Bar Fridge.<\/li>\n<\/ul>\n<p>[\/twocol_one]<\/p>\n\n\n<p>[twocol_one_last]<\/p>\n<ul>\n<li><strong>T\u00e4gliche <\/strong>Zimmerreinigung.<\/li>\n<li>Alle Zimmer sind<b> klimatisiert<\/b>.<\/li>\n<li>Fitnessraum.<\/li>\n<li><strong>Eine der besten K\u00fcchen in Phuket<\/strong>.<\/li>\n<\/ul>\n<p>[\/twocol_one_last]<\/p>\n\n\n\n<h3 class=\"wp-block-heading\" id=\"form\">Urlaubs Pakete &#8211; inklusive Ihrem gew\u00fcnschtem Phuket Hotel !<\/h3>\n\n\n\n<p><strong>Gutes Phuket Urlaubsangebot<\/strong> &#8211; Ausgew\u00e4hlte <a href=\"https:\/\/www.easydayphuket.com\/de\/phuket-ausfluege\/\">Phuket Ausfl\u00fcge<\/a> und privater Phuket Flughafen Transfer, alles zusammen mit dem von Ihnen gew\u00fcnschtem Hotel. Informieren Sie uns und lassen Sie sich ein <span style=\"color: #ff0000;\"><strong>unverbindliches Angebot<\/strong><\/span> zukommen.<\/p>\n\n\n\n<script charset=\"utf-8\" type=\"text\/javascript\" src=\"\/\/js.hsforms.net\/forms\/embed\/v2.js\"><\/script>\n<script>\n  hbspt.forms.create({\n    region: \"na1\",\n    portalId: \"3413662\",\n    formId: \"59765d47-ffdf-4452-a315-11081d03c004\"\n  });\n<\/script>\n\n\n\n<h2 class=\"wp-block-heading\">Sugar Marina Art &#8211; Anreise<\/h2>\n\n\n\n<p>Bei allen unseren Hotel Paketen ist der <a href=\"https:\/\/www.easydayphuket.com\/de\/phuket-transfers\/phuket-flughafentransfer\/\">Phuket Flughafen Transfer<\/a> inklusive. Wenn Sie selbst anreisen sollten finden Sie hier die dementsprechenden Details zum The Sawasdee Village Kata Beach, Phuket.<\/p>\n\n\n\n<p>Karon Beach befindet sich neben dem bekannten&nbsp;<a title=\"Kata Beach \u2013 The Beaches of Phuket\" href=\"https:\/\/www.easydayphuket.com\/kata-beach-beaches-phuket\/\" target=\"_blank\" rel=\"noopener noreferrer\">Kata Beach<\/a>&nbsp;welcher nur ein Katzensprung vom&nbsp;<a title=\"Patong Beach \u2013 The Beaches of Phuket\" href=\"https:\/\/www.easydayphuket.com\/de\/phukets-straende-patong-beach\/\" target=\"_blank\" rel=\"noopener noreferrer\">Patong Beach<\/a>&nbsp;entfernt ist. Eine wundersch\u00f6ne Anlage in der man sich wunderbar entspannen aber auch mit Aktivit\u00e4ten besch\u00e4ftigen kann. das Sugar Marina Art ist ein Hotel was sich bei seinem Design vom Meer hat inspirieren lassen. Sehr gute Einrichtung mit einem Hang zu Extravaganz.<\/p>\n\n\n\n<h2 class=\"wp-block-heading\">Sugar Marina Art&nbsp;&#8211; Allgemeine&nbsp;Informationen<\/h2>\n\n\n\n<ul class=\"wp-block-list\">\n<li><strong>Check in:<\/strong>\u00a014.00\u00a0Uhr<\/li>\n\n\n\n<li><strong>Check out:<\/strong>\u00a012.00\u00a0Uhr (Mittags)<\/li>\n\n\n\n<li><strong>Fr\u00fcher\u00a0check in \/ Sp\u00e4ter check out:\u00a0<\/strong>Je nach Verf\u00fcgbarkeit<\/li>\n\n\n\n<li><strong>Kinder Optionen:<\/strong>\u00a0Kinder unter 4 Jahren sind im Zimmer der Eltern kostenlos, ohne Zusatzbett und Fr\u00fchst\u00fcck\u00a0mit maximal 2 Kinder pro Zimmer.\u00a0Babybett ist kostenlos.<\/li>\n\n\n\n<li><strong>Obligatorisches Abendessen:<\/strong>\u00a0Nein<\/li>\n<\/ul>\n","protected":false},"excerpt":{"rendered":"<p>Sugar Marina Art, Phuket liegt am sch\u00f6nen Karon Beach und bietet eine entspannte Atmosph\u00e4re. Die G\u00e4ste k\u00f6nnen es sich hier am swimming pool gut gehen lassen, oder aber eine der verschiedenen Aktivit\u00e4ten in Anspruch nehmen die hier geboten werden. Das Personal ist sehr freundlich und ber\u00e4t Sie gerne was es dann so im Sugar Marina [&hellip;]<\/p>\n","protected":false},"author":4,"featured_media":0,"parent":14831,"menu_order":0,"comment_status":"closed","ping_status":"open","template":"","meta":{"_acf_changed":false,"_et_pb_use_builder":"","_et_pb_old_content":"","_et_gb_content_width":"","footnotes":""},"class_list":["post-14829","page","type-page","status-publish","hentry"],"acf":[],"yoast_head":"<!-- This site is optimized with the Yoast SEO plugin v25.1 - https:\/\/yoast.com\/wordpress\/plugins\/seo\/ -->\n<title>Sugar Marina Art - Empfohlenes Hotel von Easy Day Phuket<\/title>\n<meta name=\"description\" content=\"Sugar Marina Art, Phuket liegt am sch\u00f6nen Karon Beach und bietet eine entspannte Atmosph\u00e4re und ideale Ausflugsm\u00f6glichkeiten\" \/>\n<meta name=\"robots\" content=\"index, follow, max-snippet:-1, max-image-preview:large, max-video-preview:-1\" \/>\n<link rel=\"canonical\" href=\"https:\/\/www.easydayphuket.com\/de\/phuket-hotels\/karon-beach-hotels\/sugar-marina-art\/\" \/>\n<meta property=\"og:locale\" content=\"de_DE\" \/>\n<meta property=\"og:type\" content=\"article\" \/>\n<meta property=\"og:title\" content=\"Sugar Marina Art - Empfohlenes Hotel von Easy Day Phuket\" \/>\n<meta property=\"og:description\" content=\"Sugar Marina Art, Phuket liegt am sch\u00f6nen Karon Beach und bietet eine entspannte Atmosph\u00e4re und ideale Ausflugsm\u00f6glichkeiten\" \/>\n<meta property=\"og:url\" content=\"https:\/\/www.easydayphuket.com\/de\/phuket-hotels\/karon-beach-hotels\/sugar-marina-art\/\" \/>\n<meta property=\"og:site_name\" content=\"Easy Day Phuket\" \/>\n<meta property=\"article:publisher\" content=\"https:\/\/www.facebook.com\/Easydayinthailand\/\" \/>\n<meta property=\"article:modified_time\" content=\"2024-05-22T19:07:51+00:00\" \/>\n<meta property=\"og:image\" content=\"https:\/\/farm3.staticflickr.com\/2890\/9484555088_0104493f0d_m.jpg\" \/>\n<meta name=\"twitter:label1\" content=\"Gesch\u00e4tzte Lesezeit\" \/>\n\t<meta name=\"twitter:data1\" content=\"3\u00a0Minuten\" \/>\n<script type=\"application\/ld+json\" class=\"yoast-schema-graph\">{\"@context\":\"https:\/\/schema.org\",\"@graph\":[{\"@type\":\"WebPage\",\"@id\":\"https:\/\/www.easydayphuket.com\/de\/phuket-hotels\/karon-beach-hotels\/sugar-marina-art\/\",\"url\":\"https:\/\/www.easydayphuket.com\/de\/phuket-hotels\/karon-beach-hotels\/sugar-marina-art\/\",\"name\":\"Sugar Marina Art - Empfohlenes Hotel von Easy Day Phuket\",\"isPartOf\":{\"@id\":\"https:\/\/www.easydayphuket.com\/#website\"},\"primaryImageOfPage\":{\"@id\":\"https:\/\/www.easydayphuket.com\/de\/phuket-hotels\/karon-beach-hotels\/sugar-marina-art\/#primaryimage\"},\"image\":{\"@id\":\"https:\/\/www.easydayphuket.com\/de\/phuket-hotels\/karon-beach-hotels\/sugar-marina-art\/#primaryimage\"},\"thumbnailUrl\":\"https:\/\/farm3.staticflickr.com\/2890\/9484555088_0104493f0d_m.jpg\",\"datePublished\":\"2016-08-06T05:09:59+00:00\",\"dateModified\":\"2024-05-22T19:07:51+00:00\",\"description\":\"Sugar Marina Art, Phuket liegt am sch\u00f6nen Karon Beach und bietet eine entspannte Atmosph\u00e4re und ideale Ausflugsm\u00f6glichkeiten\",\"breadcrumb\":{\"@id\":\"https:\/\/www.easydayphuket.com\/de\/phuket-hotels\/karon-beach-hotels\/sugar-marina-art\/#breadcrumb\"},\"inLanguage\":\"de\",\"potentialAction\":[{\"@type\":\"ReadAction\",\"target\":[\"https:\/\/www.easydayphuket.com\/de\/phuket-hotels\/karon-beach-hotels\/sugar-marina-art\/\"]}]},{\"@type\":\"ImageObject\",\"inLanguage\":\"de\",\"@id\":\"https:\/\/www.easydayphuket.com\/de\/phuket-hotels\/karon-beach-hotels\/sugar-marina-art\/#primaryimage\",\"url\":\"https:\/\/farm3.staticflickr.com\/2890\/9484555088_0104493f0d_m.jpg\",\"contentUrl\":\"https:\/\/farm3.staticflickr.com\/2890\/9484555088_0104493f0d_m.jpg\"},{\"@type\":\"BreadcrumbList\",\"@id\":\"https:\/\/www.easydayphuket.com\/de\/phuket-hotels\/karon-beach-hotels\/sugar-marina-art\/#breadcrumb\",\"itemListElement\":[{\"@type\":\"ListItem\",\"position\":1,\"name\":\"Home\",\"item\":\"https:\/\/www.easydayphuket.com\/de\/\"},{\"@type\":\"ListItem\",\"position\":2,\"name\":\"Phuket Hotel\",\"item\":\"https:\/\/www.easydayphuket.com\/de\/phuket-hotels\/\"},{\"@type\":\"ListItem\",\"position\":3,\"name\":\"Karon Beach Hotels\",\"item\":\"https:\/\/www.easydayphuket.com\/de\/phuket-hotels\/karon-beach-hotels\/\"},{\"@type\":\"ListItem\",\"position\":4,\"name\":\"Sugar Marina Art\"}]},{\"@type\":\"WebSite\",\"@id\":\"https:\/\/www.easydayphuket.com\/#website\",\"url\":\"https:\/\/www.easydayphuket.com\/\",\"name\":\"Easy Day Phuket\",\"description\":\"Ihr Phuket Tour & Reise Partner\",\"publisher\":{\"@id\":\"https:\/\/www.easydayphuket.com\/#organization\"},\"potentialAction\":[{\"@type\":\"SearchAction\",\"target\":{\"@type\":\"EntryPoint\",\"urlTemplate\":\"https:\/\/www.easydayphuket.com\/?s={search_term_string}\"},\"query-input\":{\"@type\":\"PropertyValueSpecification\",\"valueRequired\":true,\"valueName\":\"search_term_string\"}}],\"inLanguage\":\"de\"},{\"@type\":\"Organization\",\"@id\":\"https:\/\/www.easydayphuket.com\/#organization\",\"name\":\"Easy Day Thailand\",\"url\":\"https:\/\/www.easydayphuket.com\/\",\"logo\":{\"@type\":\"ImageObject\",\"inLanguage\":\"de\",\"@id\":\"https:\/\/www.easydayphuket.com\/#\/schema\/logo\/image\/\",\"url\":\"https:\/\/www.easydayphuket.com\/wp-content\/uploads\/2013\/07\/Sun-Thaiflag_booking12.gif\",\"contentUrl\":\"https:\/\/www.easydayphuket.com\/wp-content\/uploads\/2013\/07\/Sun-Thaiflag_booking12.gif\",\"width\":100,\"height\":94,\"caption\":\"Easy Day Thailand\"},\"image\":{\"@id\":\"https:\/\/www.easydayphuket.com\/#\/schema\/logo\/image\/\"},\"sameAs\":[\"https:\/\/www.facebook.com\/Easydayinthailand\/\",\"https:\/\/www.instagram.com\/easydaythailand\/\"]}]}<\/script>\n<!-- \/ Yoast SEO plugin. -->","yoast_head_json":{"title":"Sugar Marina Art - Empfohlenes Hotel von Easy Day Phuket","description":"Sugar Marina Art, Phuket liegt am sch\u00f6nen Karon Beach und bietet eine entspannte Atmosph\u00e4re und ideale Ausflugsm\u00f6glichkeiten","robots":{"index":"index","follow":"follow","max-snippet":"max-snippet:-1","max-image-preview":"max-image-preview:large","max-video-preview":"max-video-preview:-1"},"canonical":"https:\/\/www.easydayphuket.com\/de\/phuket-hotels\/karon-beach-hotels\/sugar-marina-art\/","og_locale":"de_DE","og_type":"article","og_title":"Sugar Marina Art - Empfohlenes Hotel von Easy Day Phuket","og_description":"Sugar Marina Art, Phuket liegt am sch\u00f6nen Karon Beach und bietet eine entspannte Atmosph\u00e4re und ideale Ausflugsm\u00f6glichkeiten","og_url":"https:\/\/www.easydayphuket.com\/de\/phuket-hotels\/karon-beach-hotels\/sugar-marina-art\/","og_site_name":"Easy Day Phuket","article_publisher":"https:\/\/www.facebook.com\/Easydayinthailand\/","article_modified_time":"2024-05-22T19:07:51+00:00","og_image":[{"url":"https:\/\/farm3.staticflickr.com\/2890\/9484555088_0104493f0d_m.jpg","type":"","width":"","height":""}],"twitter_misc":{"Gesch\u00e4tzte Lesezeit":"3\u00a0Minuten"},"schema":{"@context":"https:\/\/schema.org","@graph":[{"@type":"WebPage","@id":"https:\/\/www.easydayphuket.com\/de\/phuket-hotels\/karon-beach-hotels\/sugar-marina-art\/","url":"https:\/\/www.easydayphuket.com\/de\/phuket-hotels\/karon-beach-hotels\/sugar-marina-art\/","name":"Sugar Marina Art - Empfohlenes Hotel von Easy Day Phuket","isPartOf":{"@id":"https:\/\/www.easydayphuket.com\/#website"},"primaryImageOfPage":{"@id":"https:\/\/www.easydayphuket.com\/de\/phuket-hotels\/karon-beach-hotels\/sugar-marina-art\/#primaryimage"},"image":{"@id":"https:\/\/www.easydayphuket.com\/de\/phuket-hotels\/karon-beach-hotels\/sugar-marina-art\/#primaryimage"},"thumbnailUrl":"https:\/\/farm3.staticflickr.com\/2890\/9484555088_0104493f0d_m.jpg","datePublished":"2016-08-06T05:09:59+00:00","dateModified":"2024-05-22T19:07:51+00:00","description":"Sugar Marina Art, Phuket liegt am sch\u00f6nen Karon Beach und bietet eine entspannte Atmosph\u00e4re und ideale Ausflugsm\u00f6glichkeiten","breadcrumb":{"@id":"https:\/\/www.easydayphuket.com\/de\/phuket-hotels\/karon-beach-hotels\/sugar-marina-art\/#breadcrumb"},"inLanguage":"de","potentialAction":[{"@type":"ReadAction","target":["https:\/\/www.easydayphuket.com\/de\/phuket-hotels\/karon-beach-hotels\/sugar-marina-art\/"]}]},{"@type":"ImageObject","inLanguage":"de","@id":"https:\/\/www.easydayphuket.com\/de\/phuket-hotels\/karon-beach-hotels\/sugar-marina-art\/#primaryimage","url":"https:\/\/farm3.staticflickr.com\/2890\/9484555088_0104493f0d_m.jpg","contentUrl":"https:\/\/farm3.staticflickr.com\/2890\/9484555088_0104493f0d_m.jpg"},{"@type":"BreadcrumbList","@id":"https:\/\/www.easydayphuket.com\/de\/phuket-hotels\/karon-beach-hotels\/sugar-marina-art\/#breadcrumb","itemListElement":[{"@type":"ListItem","position":1,"name":"Home","item":"https:\/\/www.easydayphuket.com\/de\/"},{"@type":"ListItem","position":2,"name":"Phuket Hotel","item":"https:\/\/www.easydayphuket.com\/de\/phuket-hotels\/"},{"@type":"ListItem","position":3,"name":"Karon Beach Hotels","item":"https:\/\/www.easydayphuket.com\/de\/phuket-hotels\/karon-beach-hotels\/"},{"@type":"ListItem","position":4,"name":"Sugar Marina Art"}]},{"@type":"WebSite","@id":"https:\/\/www.easydayphuket.com\/#website","url":"https:\/\/www.easydayphuket.com\/","name":"Easy Day Phuket","description":"Ihr Phuket Tour & Reise Partner","publisher":{"@id":"https:\/\/www.easydayphuket.com\/#organization"},"potentialAction":[{"@type":"SearchAction","target":{"@type":"EntryPoint","urlTemplate":"https:\/\/www.easydayphuket.com\/?s={search_term_string}"},"query-input":{"@type":"PropertyValueSpecification","valueRequired":true,"valueName":"search_term_string"}}],"inLanguage":"de"},{"@type":"Organization","@id":"https:\/\/www.easydayphuket.com\/#organization","name":"Easy Day Thailand","url":"https:\/\/www.easydayphuket.com\/","logo":{"@type":"ImageObject","inLanguage":"de","@id":"https:\/\/www.easydayphuket.com\/#\/schema\/logo\/image\/","url":"https:\/\/www.easydayphuket.com\/wp-content\/uploads\/2013\/07\/Sun-Thaiflag_booking12.gif","contentUrl":"https:\/\/www.easydayphuket.com\/wp-content\/uploads\/2013\/07\/Sun-Thaiflag_booking12.gif","width":100,"height":94,"caption":"Easy Day Thailand"},"image":{"@id":"https:\/\/www.easydayphuket.com\/#\/schema\/logo\/image\/"},"sameAs":["https:\/\/www.facebook.com\/Easydayinthailand\/","https:\/\/www.instagram.com\/easydaythailand\/"]}]}},"_links":{"self":[{"href":"https:\/\/www.easydayphuket.com\/de\/wp-json\/wp\/v2\/pages\/14829","targetHints":{"allow":["GET"]}}],"collection":[{"href":"https:\/\/www.easydayphuket.com\/de\/wp-json\/wp\/v2\/pages"}],"about":[{"href":"https:\/\/www.easydayphuket.com\/de\/wp-json\/wp\/v2\/types\/page"}],"author":[{"embeddable":true,"href":"https:\/\/www.easydayphuket.com\/de\/wp-json\/wp\/v2\/users\/4"}],"replies":[{"embeddable":true,"href":"https:\/\/www.easydayphuket.com\/de\/wp-json\/wp\/v2\/comments?post=14829"}],"version-history":[{"count":0,"href":"https:\/\/www.easydayphuket.com\/de\/wp-json\/wp\/v2\/pages\/14829\/revisions"}],"up":[{"embeddable":true,"href":"https:\/\/www.easydayphuket.com\/de\/wp-json\/wp\/v2\/pages\/14831"}],"wp:attachment":[{"href":"https:\/\/www.easydayphuket.com\/de\/wp-json\/wp\/v2\/media?parent=14829"}],"curies":[{"name":"wp","href":"https:\/\/api.w.org\/{rel}","templated":true}]}}