{"id":14826,"date":"2016-08-06T10:17:40","date_gmt":"2016-08-06T03:17:40","guid":{"rendered":"https:\/\/www.easydayphuket.com\/de\/secret-cliff-villa\/"},"modified":"2024-05-15T02:08:20","modified_gmt":"2024-05-14T19:08:20","slug":"secret-cliff-villa","status":"publish","type":"page","link":"https:\/\/www.easydayphuket.com\/de\/phuket-hotels\/karon-beach-hotels\/secret-cliff-villa\/","title":{"rendered":"Secret Cliff Villa"},"content":{"rendered":"\n<figure class=\"wp-block-image alignright wp-image-4433 size-full\"><img loading=\"lazy\" decoding=\"async\" width=\"240\" height=\"181\" src=\"https:\/\/www.easydayphuket.com\/wp-content\/uploads\/2014\/01\/oceanview-e1391497859824.jpg\" alt=\"Secret Cliff Villa Phuket Island, Thailand\" class=\"wp-image-4433\"\/><figcaption class=\"wp-element-caption\">Secret Cliff Aussicht<\/figcaption><\/figure>\n\n\n\n<p><span style=\"line-height: 1.5em;\">Secret Cliff Villa, Phuket ist perfekt gelegen und verspricht einen erholsamen und ruhigen Urlaub. Der bekannte<\/span>&nbsp;<a title=\"Patong Beach \u2013 The Beaches of Phuket\" href=\"https:\/\/www.easydayphuket.com\/de\/phukets-straende-patong-beach\/\" target=\"_blank\" rel=\"noopener\">Patong Beach<\/a>, ist mit dem Auto ca. 5 Minuten entfernt und bietet eine gutes Nachtleben und zus\u00e4tzlich&nbsp;hervorragende Einkaufsm\u00f6glichkeiten. Der sch\u00f6ne Pulversandstrand von&nbsp;<a title=\"Karon Beach \u2013 The Beaches of Phuket\" href=\"https:\/\/www.easydayphuket.com\/karon-beach\/\" target=\"_blank\" rel=\"noopener\">Karon<\/a>&nbsp;ist \u00e4hnlich weit entfernt und bietet alles was man sich vom Urlaub am Strand vorstellt.<\/p>\n\n\n\n<ul class=\"wp-block-list\">\n<li>Gelegen in\u00a0Karon.<\/li>\n\n\n\n<li><b>Private Atmosph\u00e4re.<\/b><\/li>\n\n\n\n<li>Spektakul\u00e4re<b> Aussicht.<\/b><\/li>\n\n\n\n<li>Bars &amp; Restaurants ganz in der N\u00e4he.<\/li>\n\n\n\n<li><b>Sehr gute K\u00fcche.<\/b><\/li>\n<\/ul>\n\n\n<p><strong><span style=\"color: #ff0000;\"> 3 Tage \/ 2 N\u00e4chte<\/span>\u00a0&#8211; Preise in <\/strong><strong>Thai Baht <\/strong><strong>pro Person ab\u00a0<\/strong><strong>[hp_cliffvilla_3d2n]\u00a0 <a title=\"Easy Day Contact Form\" href=\"#form\">&gt;&gt; Ihr unverbindliches Angebot!<\/a><\/strong> <\/p>\n\n\n\n<p><strong>Hotel Paket inklusive<strong> :<\/strong> <\/strong> <span style=\"line-height: 1.5em;\"><\/span><\/p>\n\n\n<p><\/span><\/p>\n<ul>\n<li><strong>Privater<\/strong> Phuket <a title=\"Phuket Airport Transfer\" href=\"https:\/\/www.easydayphuket.com\/de\/phuket-transfers\/phuket-flughafentransfer\/\">Airport Transfer<\/a>\u00a0!<\/li>\n<li>Preise basierend bei Doppelbelegung\u00a0im<strong> Superior Sea View Villa!<br \/>\n<\/strong><\/li>\n<li>Amerikanisches Fr\u00fchst\u00fcck!<\/li>\n<li><span style=\"line-height: 1.5em;\"><b>Kostenlos<\/b> W<\/span><span style=\"line-height: 1.5em;\">i-Fi!<\/span><\/li>\n<li>Steuern &amp; Versicherung!<\/li>\n<\/ul>\n\n\n\n<p class=\"has-text-align-right\"><a href='#form' class='small-button smallblue'>Preis Anfrage!<\/a><\/p>\n\n\n\n<h2 class=\"wp-block-heading\">Secret Cliff Villa &#8211; Galerie<\/h2>\n\n\n\n<figure class=\"wp-block-gallery has-nested-images columns-3 is-cropped wp-block-gallery-1 is-layout-flex wp-block-gallery-is-layout-flex\">\n<figure class=\"wp-block-image size-large\"><img loading=\"lazy\" decoding=\"async\" width=\"640\" height=\"426\" data-id=\"7365\" src=\"https:\/\/www.easydayphuket.com\/wp-content\/uploads\/2014\/01\/villa_9.jpg\" alt=\"Secret Cliff Villa\" class=\"wp-image-7365\" srcset=\"https:\/\/www.easydayphuket.com\/wp-content\/uploads\/2014\/01\/villa_9.jpg 640w, https:\/\/www.easydayphuket.com\/wp-content\/uploads\/2014\/01\/villa_9-300x199.jpg 300w, https:\/\/www.easydayphuket.com\/wp-content\/uploads\/2014\/01\/villa_9-82x55.jpg 82w, https:\/\/www.easydayphuket.com\/wp-content\/uploads\/2014\/01\/villa_9-180x120.jpg 180w\" sizes=\"(max-width: 640px) 100vw, 640px\" \/><\/figure>\n\n\n\n<figure class=\"wp-block-image size-large\"><img loading=\"lazy\" decoding=\"async\" width=\"960\" height=\"400\" data-id=\"6993\" src=\"https:\/\/www.easydayphuket.com\/wp-content\/uploads\/2014\/01\/s31.jpg\" alt=\"Secret Cliff Villa -\" class=\"wp-image-6993\" srcset=\"https:\/\/www.easydayphuket.com\/wp-content\/uploads\/2014\/01\/s31.jpg 960w, https:\/\/www.easydayphuket.com\/wp-content\/uploads\/2014\/01\/s31-300x125.jpg 300w, https:\/\/www.easydayphuket.com\/wp-content\/uploads\/2014\/01\/s31-132x55.jpg 132w\" sizes=\"(max-width: 960px) 100vw, 960px\" \/><\/figure>\n\n\n\n<figure class=\"wp-block-image size-large\"><img loading=\"lazy\" decoding=\"async\" width=\"312\" height=\"235\" data-id=\"7362\" src=\"https:\/\/www.easydayphuket.com\/wp-content\/uploads\/2014\/01\/spa.jpg\" alt=\"Secret Cliff Villa\" class=\"wp-image-7362\" srcset=\"https:\/\/www.easydayphuket.com\/wp-content\/uploads\/2014\/01\/spa.jpg 312w, https:\/\/www.easydayphuket.com\/wp-content\/uploads\/2014\/01\/spa-300x225.jpg 300w, https:\/\/www.easydayphuket.com\/wp-content\/uploads\/2014\/01\/spa-73x55.jpg 73w\" sizes=\"(max-width: 312px) 100vw, 312px\" \/><\/figure>\n<\/figure>\n\n\n\n<h2 class=\"wp-block-heading\">Secret Cliff &nbsp;Villa &#8211; Ausstattung<\/h2>\n\n\n<p>[twocol_one]<\/p>\n<ul>\n<li>An &amp; Abreise\u00a024 Std.<\/li>\n<li>Kostenlos Internet.<\/li>\n<li>Kostenloser Strandtransfer.<\/li>\n<li>Konferenz &amp; Veranstaltungsr\u00e4ume.<\/li>\n<\/ul>\n<p>[\/twocol_one]<\/p>\n\n\n<p>[twocol_one_last]<\/p>\n<ul>\n<li>kostenloses parken am Hotel.<\/li>\n<li>Thai &amp; Internationales\u00a0Restaurant.<\/li>\n<li>Training f\u00fcr Boxer.<\/li>\n<li>Spa, swimming pool.<\/li>\n<\/ul>\n<p>[\/twocol_one_last]<\/p>\n\n\n\n<h3 class=\"wp-block-heading\" id=\"form\">Urlaubs Pakete &#8211; inklusive Ihrem gew\u00fcnschtem Phuket Hotel !<\/h3>\n\n\n\n<p><strong>Gutes Phuket Urlaubsangebot<\/strong> &#8211; Ausgew\u00e4hlte <a href=\"https:\/\/www.easydayphuket.com\/de\/phuket-ausfluege\/\">Phuket Ausfl\u00fcge<\/a> und privater Phuket Flughafen Transfer, alles zusammen mit dem von Ihnen gew\u00fcnschtem Hotel. Informieren Sie uns und lassen Sie sich ein <span style=\"color: #ff0000;\"><strong>unverbindliches Angebot<\/strong><\/span> zukommen.<\/p>\n\n\n\n<script charset=\"utf-8\" type=\"text\/javascript\" src=\"\/\/js.hsforms.net\/forms\/embed\/v2.js\"><\/script>\n<script>\n  hbspt.forms.create({\n    region: \"na1\",\n    portalId: \"3413662\",\n    formId: \"59765d47-ffdf-4452-a315-11081d03c004\"\n  });\n<\/script>\n\n\n\n<h2 class=\"wp-block-heading\">Secret Cliff Villa&nbsp;&#8211;&nbsp;Anreise<\/h2>\n\n\n\n<p>Bei allen unseren Hotel Paketen ist der <a href=\"https:\/\/www.easydayphuket.com\/de\/phuket-transfers\/phuket-flughafentransfer\/\">Phuket Flughafen Transfer<\/a> inklusive. Wenn Sie selbst anreisen sollten finden Sie hier die dementsprechenden Details zum Secret Cliff Villa Karon&nbsp;Beach, Phuket.<\/p>\n\n\n\n<p>Seit dem wir uns entschlossen haben das Secret Cliff Villa Karon&nbsp;Beach, Phuket anzubieten, haben wir sehr gute Kritiken bekommen. Der Service ist sehr zuvorkommend und die Ausstattung bietet alles was man sich von einem gutem Hotel vorstellt.<\/p>\n\n\n\n<p>Die Fishing Bar ist bei vielen Anglern sehr beliebt und erfreut sich reger Nachfrage. Wir probieren so viel als m\u00f6glich unsren G\u00e4sten das beste Preisleistungs-Verh\u00e4ltnis weiterzugeben oder Ihnen Phuket Ausfl\u00fcge anzubieten die man vielleicht noch als Geheimtipp werten kann.<\/p>\n\n\n\n<h2 class=\"wp-block-heading\">Secret Cliff Villa &#8211; Allgemeine Informationen<\/h2>\n\n\n\n<ul class=\"wp-block-list\">\n<li><strong>Check in:<\/strong>\u00a014.00\u00a0Uhr<\/li>\n\n\n\n<li><strong>Check out:<\/strong>\u00a012.00\u00a0Uhr (Mittags)<\/li>\n\n\n\n<li><strong>Fr\u00fcher check in \/ Sp\u00e4ter check out:\u00a0<\/strong>Je nach Verf\u00fcgbarkeit.<\/li>\n\n\n\n<li><strong>Kinder Optionen:<\/strong>\u00a0\u00a0Kinder unter 12 Jahren sind kostenlos im Zimmer der Eltern, kein Extrabett.<\/li>\n\n\n\n<li><strong>Obligatorisches Abendessen:\u00a0<\/strong>Sylvester<\/li>\n<\/ul>\n","protected":false},"excerpt":{"rendered":"<p>Secret Cliff Villa, Phuket ist perfekt gelegen und verspricht einen erholsamen und ruhigen Urlaub. Der bekannte&nbsp;Patong Beach, ist mit dem Auto ca. 5 Minuten entfernt und bietet eine gutes Nachtleben und zus\u00e4tzlich&nbsp;hervorragende Einkaufsm\u00f6glichkeiten. Der sch\u00f6ne Pulversandstrand von&nbsp;Karon&nbsp;ist \u00e4hnlich weit entfernt und bietet alles was man sich vom Urlaub am Strand vorstellt. Hotel Paket inklusive : [&hellip;]<\/p>\n","protected":false},"author":4,"featured_media":0,"parent":14831,"menu_order":0,"comment_status":"closed","ping_status":"open","template":"","meta":{"_acf_changed":false,"_et_pb_use_builder":"","_et_pb_old_content":"","_et_gb_content_width":"","footnotes":""},"class_list":["post-14826","page","type-page","status-publish","hentry"],"acf":[],"yoast_head":"<!-- This site is optimized with the Yoast SEO plugin v25.1 - https:\/\/yoast.com\/wordpress\/plugins\/seo\/ -->\n<title>Secret Cliff Villa Phuket &amp; Easy Day Phuket Ausfl\u00fcge.<\/title>\n<meta name=\"description\" content=\"Secret Cliff Villa, Phuket ist perfekt gelegen und verspricht einen erholsamen und ruhigen Urlaub und gute Ausfl\u00fcge mit Easy Day Phuket\" \/>\n<meta name=\"robots\" content=\"index, follow, max-snippet:-1, max-image-preview:large, max-video-preview:-1\" \/>\n<link rel=\"canonical\" href=\"https:\/\/www.easydayphuket.com\/de\/phuket-hotels\/karon-beach-hotels\/secret-cliff-villa\/\" \/>\n<meta property=\"og:locale\" content=\"de_DE\" \/>\n<meta property=\"og:type\" content=\"article\" \/>\n<meta property=\"og:title\" content=\"Secret Cliff Villa Phuket &amp; Easy Day Phuket Ausfl\u00fcge.\" \/>\n<meta property=\"og:description\" content=\"Secret Cliff Villa, Phuket ist perfekt gelegen und verspricht einen erholsamen und ruhigen Urlaub und gute Ausfl\u00fcge mit Easy Day Phuket\" \/>\n<meta property=\"og:url\" content=\"https:\/\/www.easydayphuket.com\/de\/phuket-hotels\/karon-beach-hotels\/secret-cliff-villa\/\" \/>\n<meta property=\"og:site_name\" content=\"Easy Day Phuket\" \/>\n<meta property=\"article:publisher\" content=\"https:\/\/www.facebook.com\/Easydayinthailand\/\" \/>\n<meta property=\"article:modified_time\" content=\"2024-05-14T19:08:20+00:00\" \/>\n<meta property=\"og:image\" content=\"https:\/\/www.easydayphuket.com\/wp-content\/uploads\/2014\/01\/oceanview-e1391497859824.jpg\" \/>\n<meta name=\"twitter:label1\" content=\"Gesch\u00e4tzte Lesezeit\" \/>\n\t<meta name=\"twitter:data1\" content=\"3\u00a0Minuten\" \/>\n<script type=\"application\/ld+json\" class=\"yoast-schema-graph\">{\"@context\":\"https:\/\/schema.org\",\"@graph\":[{\"@type\":\"WebPage\",\"@id\":\"https:\/\/www.easydayphuket.com\/de\/phuket-hotels\/karon-beach-hotels\/secret-cliff-villa\/\",\"url\":\"https:\/\/www.easydayphuket.com\/de\/phuket-hotels\/karon-beach-hotels\/secret-cliff-villa\/\",\"name\":\"Secret Cliff Villa Phuket & Easy Day Phuket Ausfl\u00fcge.\",\"isPartOf\":{\"@id\":\"https:\/\/www.easydayphuket.com\/#website\"},\"primaryImageOfPage\":{\"@id\":\"https:\/\/www.easydayphuket.com\/de\/phuket-hotels\/karon-beach-hotels\/secret-cliff-villa\/#primaryimage\"},\"image\":{\"@id\":\"https:\/\/www.easydayphuket.com\/de\/phuket-hotels\/karon-beach-hotels\/secret-cliff-villa\/#primaryimage\"},\"thumbnailUrl\":\"https:\/\/www.easydayphuket.com\/wp-content\/uploads\/2014\/01\/oceanview-e1391497859824.jpg\",\"datePublished\":\"2016-08-06T03:17:40+00:00\",\"dateModified\":\"2024-05-14T19:08:20+00:00\",\"description\":\"Secret Cliff Villa, Phuket ist perfekt gelegen und verspricht einen erholsamen und ruhigen Urlaub und gute Ausfl\u00fcge mit Easy Day Phuket\",\"breadcrumb\":{\"@id\":\"https:\/\/www.easydayphuket.com\/de\/phuket-hotels\/karon-beach-hotels\/secret-cliff-villa\/#breadcrumb\"},\"inLanguage\":\"de\",\"potentialAction\":[{\"@type\":\"ReadAction\",\"target\":[\"https:\/\/www.easydayphuket.com\/de\/phuket-hotels\/karon-beach-hotels\/secret-cliff-villa\/\"]}]},{\"@type\":\"ImageObject\",\"inLanguage\":\"de\",\"@id\":\"https:\/\/www.easydayphuket.com\/de\/phuket-hotels\/karon-beach-hotels\/secret-cliff-villa\/#primaryimage\",\"url\":\"https:\/\/www.easydayphuket.com\/wp-content\/uploads\/2014\/01\/oceanview-e1391497859824.jpg\",\"contentUrl\":\"https:\/\/www.easydayphuket.com\/wp-content\/uploads\/2014\/01\/oceanview-e1391497859824.jpg\"},{\"@type\":\"BreadcrumbList\",\"@id\":\"https:\/\/www.easydayphuket.com\/de\/phuket-hotels\/karon-beach-hotels\/secret-cliff-villa\/#breadcrumb\",\"itemListElement\":[{\"@type\":\"ListItem\",\"position\":1,\"name\":\"Home\",\"item\":\"https:\/\/www.easydayphuket.com\/de\/\"},{\"@type\":\"ListItem\",\"position\":2,\"name\":\"Phuket Hotel\",\"item\":\"https:\/\/www.easydayphuket.com\/de\/phuket-hotels\/\"},{\"@type\":\"ListItem\",\"position\":3,\"name\":\"Karon Beach Hotels\",\"item\":\"https:\/\/www.easydayphuket.com\/de\/phuket-hotels\/karon-beach-hotels\/\"},{\"@type\":\"ListItem\",\"position\":4,\"name\":\"Secret Cliff Villa\"}]},{\"@type\":\"WebSite\",\"@id\":\"https:\/\/www.easydayphuket.com\/#website\",\"url\":\"https:\/\/www.easydayphuket.com\/\",\"name\":\"Easy Day Phuket\",\"description\":\"Ihr Phuket Tour & Reise Partner\",\"publisher\":{\"@id\":\"https:\/\/www.easydayphuket.com\/#organization\"},\"potentialAction\":[{\"@type\":\"SearchAction\",\"target\":{\"@type\":\"EntryPoint\",\"urlTemplate\":\"https:\/\/www.easydayphuket.com\/?s={search_term_string}\"},\"query-input\":{\"@type\":\"PropertyValueSpecification\",\"valueRequired\":true,\"valueName\":\"search_term_string\"}}],\"inLanguage\":\"de\"},{\"@type\":\"Organization\",\"@id\":\"https:\/\/www.easydayphuket.com\/#organization\",\"name\":\"Easy Day Thailand\",\"url\":\"https:\/\/www.easydayphuket.com\/\",\"logo\":{\"@type\":\"ImageObject\",\"inLanguage\":\"de\",\"@id\":\"https:\/\/www.easydayphuket.com\/#\/schema\/logo\/image\/\",\"url\":\"https:\/\/www.easydayphuket.com\/wp-content\/uploads\/2013\/07\/Sun-Thaiflag_booking12.gif\",\"contentUrl\":\"https:\/\/www.easydayphuket.com\/wp-content\/uploads\/2013\/07\/Sun-Thaiflag_booking12.gif\",\"width\":100,\"height\":94,\"caption\":\"Easy Day Thailand\"},\"image\":{\"@id\":\"https:\/\/www.easydayphuket.com\/#\/schema\/logo\/image\/\"},\"sameAs\":[\"https:\/\/www.facebook.com\/Easydayinthailand\/\",\"https:\/\/www.instagram.com\/easydaythailand\/\"]}]}<\/script>\n<!-- \/ Yoast SEO plugin. -->","yoast_head_json":{"title":"Secret Cliff Villa Phuket & Easy Day Phuket Ausfl\u00fcge.","description":"Secret Cliff Villa, Phuket ist perfekt gelegen und verspricht einen erholsamen und ruhigen Urlaub und gute Ausfl\u00fcge mit Easy Day Phuket","robots":{"index":"index","follow":"follow","max-snippet":"max-snippet:-1","max-image-preview":"max-image-preview:large","max-video-preview":"max-video-preview:-1"},"canonical":"https:\/\/www.easydayphuket.com\/de\/phuket-hotels\/karon-beach-hotels\/secret-cliff-villa\/","og_locale":"de_DE","og_type":"article","og_title":"Secret Cliff Villa Phuket & Easy Day Phuket Ausfl\u00fcge.","og_description":"Secret Cliff Villa, Phuket ist perfekt gelegen und verspricht einen erholsamen und ruhigen Urlaub und gute Ausfl\u00fcge mit Easy Day Phuket","og_url":"https:\/\/www.easydayphuket.com\/de\/phuket-hotels\/karon-beach-hotels\/secret-cliff-villa\/","og_site_name":"Easy Day Phuket","article_publisher":"https:\/\/www.facebook.com\/Easydayinthailand\/","article_modified_time":"2024-05-14T19:08:20+00:00","og_image":[{"url":"https:\/\/www.easydayphuket.com\/wp-content\/uploads\/2014\/01\/oceanview-e1391497859824.jpg","type":"","width":"","height":""}],"twitter_misc":{"Gesch\u00e4tzte Lesezeit":"3\u00a0Minuten"},"schema":{"@context":"https:\/\/schema.org","@graph":[{"@type":"WebPage","@id":"https:\/\/www.easydayphuket.com\/de\/phuket-hotels\/karon-beach-hotels\/secret-cliff-villa\/","url":"https:\/\/www.easydayphuket.com\/de\/phuket-hotels\/karon-beach-hotels\/secret-cliff-villa\/","name":"Secret Cliff Villa Phuket & Easy Day Phuket Ausfl\u00fcge.","isPartOf":{"@id":"https:\/\/www.easydayphuket.com\/#website"},"primaryImageOfPage":{"@id":"https:\/\/www.easydayphuket.com\/de\/phuket-hotels\/karon-beach-hotels\/secret-cliff-villa\/#primaryimage"},"image":{"@id":"https:\/\/www.easydayphuket.com\/de\/phuket-hotels\/karon-beach-hotels\/secret-cliff-villa\/#primaryimage"},"thumbnailUrl":"https:\/\/www.easydayphuket.com\/wp-content\/uploads\/2014\/01\/oceanview-e1391497859824.jpg","datePublished":"2016-08-06T03:17:40+00:00","dateModified":"2024-05-14T19:08:20+00:00","description":"Secret Cliff Villa, Phuket ist perfekt gelegen und verspricht einen erholsamen und ruhigen Urlaub und gute Ausfl\u00fcge mit Easy Day Phuket","breadcrumb":{"@id":"https:\/\/www.easydayphuket.com\/de\/phuket-hotels\/karon-beach-hotels\/secret-cliff-villa\/#breadcrumb"},"inLanguage":"de","potentialAction":[{"@type":"ReadAction","target":["https:\/\/www.easydayphuket.com\/de\/phuket-hotels\/karon-beach-hotels\/secret-cliff-villa\/"]}]},{"@type":"ImageObject","inLanguage":"de","@id":"https:\/\/www.easydayphuket.com\/de\/phuket-hotels\/karon-beach-hotels\/secret-cliff-villa\/#primaryimage","url":"https:\/\/www.easydayphuket.com\/wp-content\/uploads\/2014\/01\/oceanview-e1391497859824.jpg","contentUrl":"https:\/\/www.easydayphuket.com\/wp-content\/uploads\/2014\/01\/oceanview-e1391497859824.jpg"},{"@type":"BreadcrumbList","@id":"https:\/\/www.easydayphuket.com\/de\/phuket-hotels\/karon-beach-hotels\/secret-cliff-villa\/#breadcrumb","itemListElement":[{"@type":"ListItem","position":1,"name":"Home","item":"https:\/\/www.easydayphuket.com\/de\/"},{"@type":"ListItem","position":2,"name":"Phuket Hotel","item":"https:\/\/www.easydayphuket.com\/de\/phuket-hotels\/"},{"@type":"ListItem","position":3,"name":"Karon Beach Hotels","item":"https:\/\/www.easydayphuket.com\/de\/phuket-hotels\/karon-beach-hotels\/"},{"@type":"ListItem","position":4,"name":"Secret Cliff Villa"}]},{"@type":"WebSite","@id":"https:\/\/www.easydayphuket.com\/#website","url":"https:\/\/www.easydayphuket.com\/","name":"Easy Day Phuket","description":"Ihr Phuket Tour & Reise Partner","publisher":{"@id":"https:\/\/www.easydayphuket.com\/#organization"},"potentialAction":[{"@type":"SearchAction","target":{"@type":"EntryPoint","urlTemplate":"https:\/\/www.easydayphuket.com\/?s={search_term_string}"},"query-input":{"@type":"PropertyValueSpecification","valueRequired":true,"valueName":"search_term_string"}}],"inLanguage":"de"},{"@type":"Organization","@id":"https:\/\/www.easydayphuket.com\/#organization","name":"Easy Day Thailand","url":"https:\/\/www.easydayphuket.com\/","logo":{"@type":"ImageObject","inLanguage":"de","@id":"https:\/\/www.easydayphuket.com\/#\/schema\/logo\/image\/","url":"https:\/\/www.easydayphuket.com\/wp-content\/uploads\/2013\/07\/Sun-Thaiflag_booking12.gif","contentUrl":"https:\/\/www.easydayphuket.com\/wp-content\/uploads\/2013\/07\/Sun-Thaiflag_booking12.gif","width":100,"height":94,"caption":"Easy Day Thailand"},"image":{"@id":"https:\/\/www.easydayphuket.com\/#\/schema\/logo\/image\/"},"sameAs":["https:\/\/www.facebook.com\/Easydayinthailand\/","https:\/\/www.instagram.com\/easydaythailand\/"]}]}},"_links":{"self":[{"href":"https:\/\/www.easydayphuket.com\/de\/wp-json\/wp\/v2\/pages\/14826","targetHints":{"allow":["GET"]}}],"collection":[{"href":"https:\/\/www.easydayphuket.com\/de\/wp-json\/wp\/v2\/pages"}],"about":[{"href":"https:\/\/www.easydayphuket.com\/de\/wp-json\/wp\/v2\/types\/page"}],"author":[{"embeddable":true,"href":"https:\/\/www.easydayphuket.com\/de\/wp-json\/wp\/v2\/users\/4"}],"replies":[{"embeddable":true,"href":"https:\/\/www.easydayphuket.com\/de\/wp-json\/wp\/v2\/comments?post=14826"}],"version-history":[{"count":0,"href":"https:\/\/www.easydayphuket.com\/de\/wp-json\/wp\/v2\/pages\/14826\/revisions"}],"up":[{"embeddable":true,"href":"https:\/\/www.easydayphuket.com\/de\/wp-json\/wp\/v2\/pages\/14831"}],"wp:attachment":[{"href":"https:\/\/www.easydayphuket.com\/de\/wp-json\/wp\/v2\/media?parent=14826"}],"curies":[{"name":"wp","href":"https:\/\/api.w.org\/{rel}","templated":true}]}}