{"id":14823,"date":"2016-08-05T18:50:06","date_gmt":"2016-08-05T11:50:06","guid":{"rendered":"https:\/\/www.easydayphuket.com\/de\/phuket-hotels\/kata-beach-hotels\/"},"modified":"2024-05-23T02:03:28","modified_gmt":"2024-05-22T19:03:28","slug":"kata-beach-hotels","status":"publish","type":"page","link":"https:\/\/www.easydayphuket.com\/de\/phuket-hotels\/kata-beach-hotels\/","title":{"rendered":"Kata Beach Hotels"},"content":{"rendered":"\n<p>Kata Beach Hotels, Phuket sind eine gute Wahl wenn Sie es im Urlaub gerne etwas ruhiger und komfortabler haben m\u00f6chten. <a title=\"Kata Beach \u2013 The Beaches of Phuket\" href=\"https:\/\/www.easydayphuket.com\/kata-beach-beaches-phuket\/\">Kata Beach<\/a>&nbsp;verf\u00fcgt vielleicht \u00fcber den sch\u00f6nsten Strand der Insel Phuket. Das Club Med zieht sich den ganzen Strand entlang, so das es nur eine Handvoll anderen Phuket Hotels erlaubt ist eine direkten Zugang zum Kata Beach&nbsp;zu haben. Die meisten anderen Hotels liegen aber nur ein paar schritte entfernt, so das man den Strand innerhalb k\u00fcrzester Zeit erreicht. Vom Strand aus kann man hervorragen schnorcheln und f\u00fcr das leibliche Wohl ist auch gesorgt. Es gibt viele kleine Restaurants, Thaik\u00fcchen und auch Bar wo man sich jederzeit eine Erfrischung bestellen kann.<\/p>\n\n\n\n<figure class=\"wp-block-image alignleft size-thumbnail wp-image-6387\"><img loading=\"lazy\" decoding=\"async\" width=\"150\" height=\"150\" src=\"https:\/\/www.easydayphuket.com\/wp-content\/uploads\/2013\/07\/view2-150x150.jpg\" alt=\"Kata Country House Bungalows\" class=\"wp-image-2747\"\/><\/figure>\n\n\n\n<h2 class=\"wp-block-heading\"><a title=\"Kata Country House\" href=\"https:\/\/www.easydayphuket.com\/de\/phuket-hotels\/kata-beach-hotels\/kata-country-house\/\">Kata Country House<\/a><\/h2>\n\n\n\n<p>This Kata Hotel, Phuket bietet eine entspannte und freundliche Atmosph\u00e4re. Genie\u00dfen Sie die Sch\u00f6nheit vom Kata Beach, Phuket in einem komfortablen rustikalen Hotel. Das Hotel liegt entfernt vom Verkehr und garantiert Ihnen ein erholsamen Urlaub in Phuket.<\/p>\n\n\n\n<p><strong><span style=\"color: #ff0000;\"> 3 Tage&nbsp;\/ 2 N\u00e4chte<\/span>&nbsp;&#8211; Preise in <\/strong><strong>Thai Baht <\/strong><strong>pro Person ab&nbsp;<\/strong><strong>2,650<\/strong><\/p>\n\n\n\n<p class=\"has-text-align-right\"><strong><a title=\"Kata Country House\" href=\"https:\/\/www.easydayphuket.com\/de\/phuket-hotels\/kata-beach-hotels\/kata-country-house\/\">Mehr Infos&#8230;<\/a><\/strong><\/p>\n\n\n\n<hr class=\"wp-block-separator has-alpha-channel-opacity\"\/>\n\n\n\n<figure class=\"wp-block-image alignleft\"><a href=\"https:\/\/www.easydayphuket.com\/de\/phuket-hotels\/kata-beach-hotels\/malisa-villa-suites-kata-beach\/\"><img loading=\"lazy\" decoding=\"async\" width=\"150\" height=\"150\" src=\"https:\/\/www.easydayphuket.com\/wp-content\/uploads\/2013\/08\/g41-150x150.jpg\" alt=\"Malisa Villa Private Sundeck - Selected Kata Beach Hotels\" class=\"wp-image-1719\"\/><\/a><\/figure>\n\n\n\n<h2 class=\"wp-block-heading\"><a title=\"Malisa Villa Suites \u2013 Kata Beach\" href=\"https:\/\/www.easydayphuket.com\/de\/phuket-hotels\/kata-beach-hotels\/malisa-villa-suites-kata-beach\/\">Malisa Villa Suites<\/a><\/h2>\n\n\n\n<p>Malisa Villa Suites im Kata Beach, Phuket hat eine private Umgebung wo Sie ungest\u00f6rt Ihren Urlaub genie\u00dfen k\u00f6nnen. Die Villen sind sehr luxuri\u00f6s und komfortabel und befinden sich in der N\u00e4he vom Phuket Kata Beach.<\/p>\n\n\n\n<p><strong><span style=\"color: #ff0000;\"> 3 Tage \/ 2 N\u00e4chte<\/span>&nbsp;&#8211; Preise in <\/strong><strong>Thai Baht <\/strong><strong>pro Person ab&nbsp;<\/strong><strong>9,800<br><\/strong><\/p>\n\n\n\n<p class=\"has-text-align-right\"><strong><a title=\"Malisa Villa Suites \u2013 Kata Beach\" href=\"https:\/\/www.easydayphuket.com\/de\/phuket-hotels\/kata-beach-hotels\/malisa-villa-suites-kata-beach\/\">Mehr Infos&#8230;<\/a><\/strong><\/p>\n\n\n\n<hr class=\"wp-block-separator has-alpha-channel-opacity\"\/>\n\n\n\n<figure class=\"wp-block-image alignleft\"><a href=\"https:\/\/www.easydayphuket.com\/wp-content\/uploads\/2014\/01\/Pool3-e1390467804246.jpg\"><img loading=\"lazy\" decoding=\"async\" width=\"150\" height=\"150\" src=\"https:\/\/www.easydayphuket.com\/wp-content\/uploads\/2014\/01\/Pool3-150x150.jpg\" alt=\"Katathani Beach Resort, Kata Noi Beach\" class=\"wp-image-3925\"\/><\/a><\/figure>\n\n\n\n<h2 class=\"wp-block-heading\"><a title=\"Katathani Beach Resort\" href=\"https:\/\/www.easydayphuket.com\/de\/phuket-hotels\/kata-beach-hotels\/katathani-beach-resort\/\">Katathani Beach Resort<\/a><\/h2>\n\n\n\n<p>Katathani Beach Resort &amp; Spa, Phukets liegt am wundersch\u00f6nen Kata Noi Beach und ist einer der bekanntesten Orte der Insel Phuket. Das Resort bietet eine hervorragenden Ausblick auf die Andamanensee und z\u00e4hlt mit zu den besten Adressen auf Phuket.<\/p>\n\n\n\n<p><strong><span style=\"color: #ff0000;\">3 Tage \/ 2 N\u00e4chte<\/span>&nbsp;&#8211; Preise in <\/strong><strong>Thai Baht pro Person ab<\/strong><strong>&nbsp;<\/strong><strong>6,400<\/strong><\/p>\n\n\n\n<p class=\"has-text-align-right\"><strong><a title=\"Katathani Beach Resort\" href=\"https:\/\/www.easydayphuket.com\/de\/phuket-hotels\/kata-beach-hotels\/katathani-beach-resort\/\">Mehr Infos&#8230;<\/a><\/strong><\/p>\n\n\n\n<hr class=\"wp-block-separator has-alpha-channel-opacity\"\/>\n\n\n\n<figure class=\"wp-block-image alignleft\"><a href=\"https:\/\/www.easydayphuket.com\/de\/phuket-hotels\/kata-beach-hotels\/the-shore-at-katathani\/\"><img loading=\"lazy\" decoding=\"async\" width=\"150\" height=\"150\" src=\"https:\/\/www.easydayphuket.com\/wp-content\/uploads\/2014\/01\/Sea-View-Pool-Villa-150x150.jpg\" alt=\"The Shore\" class=\"wp-image-3935\"\/><\/a><\/figure>\n\n\n\n<h2 class=\"wp-block-heading\"><a title=\"The Shore at Katathani\" href=\"https:\/\/www.easydayphuket.com\/de\/phuket-hotels\/kata-beach-hotels\/the-shore-at-katathani\/\">The Shore at Katathani<\/a><\/h2>\n\n\n\n<p>The Shore at Katathani ist ein Luxus-Strand Pool Villa Resort was sich am &nbsp;<a title=\"Kata Noi Beach \u2013 The Beaches of Phuket\" href=\"https:\/\/www.easydayphuket.com\/kata-noi-beach-beaches-phuket\/\" target=\"_blank\" rel=\"noopener\">Kata Noi Beach<\/a> in Phuket befindet. Die Villen verf\u00fcgen \u00fcber einen stilvollen \u00dcbergang vom Innen zum Au\u00dfenbereich und haben so einen perfekten Zugang zur Natur.<\/p>\n\n\n\n<p><strong><span style=\"color: #ff0000;\">3 Tage \/ 2 N\u00e4chte<\/span>&nbsp;&#8211; Preise in <\/strong><strong>Thai Baht <\/strong><strong>pro Person ab&nbsp;<\/strong><strong>18,300<br><\/strong><\/p>\n\n\n\n<p class=\"has-text-align-right\"><strong><a title=\"The Shore at Katathani\" href=\"https:\/\/www.easydayphuket.com\/de\/phuket-hotels\/kata-beach-hotels\/the-shore-at-katathani\/\">Mehr Infos&#8230;<\/a><\/strong><\/p>\n\n\n\n<hr class=\"wp-block-separator has-alpha-channel-opacity\"\/>\n\n\n\n<figure class=\"wp-block-image alignleft\"><a href=\"https:\/\/www.easydayphuket.com\/de\/phuket-hotels\/kata-beach-hotels\/sugar-marina-nautical\/\"><img loading=\"lazy\" decoding=\"async\" width=\"150\" height=\"150\" src=\"https:\/\/www.easydayphuket.com\/wp-content\/uploads\/2013\/08\/gallery_01-150x150.jpg\" alt=\"Sugar Marina Resort \" class=\"wp-image-1833\"\/><\/a><\/figure>\n\n\n\n<h2 class=\"wp-block-heading\"><a title=\"Sugar Marina Nautical\" href=\"https:\/\/www.easydayphuket.com\/de\/phuket-hotels\/kata-beach-hotels\/sugar-marina-nautical\/\">Sugar Marina Nautical<\/a><\/h2>\n\n\n\n<p>Das&nbsp;Sugar Marina Resort liegt in der N\u00e4he vom Zentrum vom Kata Beach und hat eine etwas eigenen Architektur. Die Marina Nautical Gruppe bietet gro\u00dfe Hotelanlagen die sich vom Thema Wasser inspirieren lassen und lassen das in ihre Ausstattung und Einrichtung einflie\u00dfen. Wer was Besonderes sucht, ist hier genau richtig.<\/p>\n\n\n\n<p><strong><span style=\"color: #ff0000;\"> 3 Tage \/ 2 N\u00e4chte<\/span>&nbsp;&#8211; Preise in Thai Baht pro Person ab<\/strong><strong>&nbsp;<\/strong><strong>2,400<\/strong><\/p>\n\n\n\n<p class=\"has-text-align-right\"><strong><a title=\"Sugar Marina Nautical\" href=\"https:\/\/www.easydayphuket.com\/de\/phuket-hotels\/kata-beach-hotels\/sugar-marina-nautical\/\">Mehr Infos&#8230;&nbsp; <\/a><\/strong><\/p>\n\n\n\n<hr class=\"wp-block-separator has-alpha-channel-opacity\"\/>\n\n\n\n<figure class=\"wp-block-image alignleft\"><a href=\"https:\/\/www.easydayphuket.com\/de\/phuket-hotels\/kata-beach-hotels\/sugar-marina-fashion\/\"><img loading=\"lazy\" decoding=\"async\" width=\"150\" height=\"150\" src=\"https:\/\/www.easydayphuket.com\/wp-content\/uploads\/2013\/11\/sugar-marina-fashion-150x150.jpg\" alt=\"Sugar Marina Fashion Resort kata Beach, Phuket\" class=\"wp-image-3195\"\/><\/a><\/figure>\n\n\n\n<h2 class=\"wp-block-heading\"><a title=\"Sugar Marina Fashion\" href=\"https:\/\/www.easydayphuket.com\/de\/phuket-hotels\/kata-beach-hotels\/sugar-marina-fashion\/\">Sugar Marina Fashion<\/a><\/h2>\n\n\n\n<p>The Sugar Marina Fashion ist das ehemalige Sugar Palm Resort und&nbsp;hat jetzt ein neues Design, guten Service und eine erstklassige Einrichtung. Das Hotel iegt keine 50 Meter vom Strand entfernt und verspricht somit einen erholsamen und komfortablen Urlaub.<\/p>\n\n\n\n<p><strong><span style=\"color: #ff0000;\">3 Tage \/ 2 N\u00e4chte<\/span>&nbsp;&#8211; Preise in <\/strong><strong>Thai Baht <\/strong><strong>pro Person ab&nbsp;<\/strong><strong>2,300<\/strong><\/p>\n\n\n\n<p class=\"has-text-align-right\"><strong><a title=\"Sugar Marina Fashion\" href=\"https:\/\/www.easydayphuket.com\/de\/phuket-hotels\/kata-beach-hotels\/sugar-marina-fashion\/\">Mehr Infos&#8230;<\/a><\/strong><\/p>\n\n\n\n<hr class=\"wp-block-separator has-alpha-channel-opacity\"\/>\n\n\n\n<figure class=\"wp-block-image alignleft\"><a href=\"https:\/\/www.easydayphuket.com\/de\/phuket-hotels\/kata-beach-hotels\/sugar-palm-grand-hillside\/\"><img loading=\"lazy\" decoding=\"async\" width=\"150\" height=\"150\" src=\"https:\/\/www.easydayphuket.com\/wp-content\/uploads\/2014\/01\/view-150x150.jpg\" alt=\"Sugar Palm Grand Hillside\" class=\"wp-image-3590\"\/><\/a><\/figure>\n\n\n\n<h2 class=\"wp-block-heading\"><a title=\"Sugar Palm Grand Hillside\" href=\"https:\/\/www.easydayphuket.com\/de\/phuket-hotels\/kata-beach-hotels\/sugar-palm-grand-hillside\/\">Sugar Palm Grand Hillside<\/a><\/h2>\n\n\n\n<p>Das Sugar Palm Grand Hillside Hotel, Phuket ist ein elegantes Resort auf der Bergseite vom Kata Beach gebaut. Ein Ort von dem aus man eine fantastische Aussicht auf den Strand und nur einige Minuten zum&nbsp;Zentrum hat.<\/p>\n\n\n\n<p><strong><span style=\"color: #ff0000;\"> 3 Tage \/ 2 N\u00e4chte<\/span>&nbsp;&#8211; Preis in <\/strong><strong>Thai Baht <\/strong><strong>pro Person&nbsp;ab&nbsp;<\/strong><strong>3,650<\/strong><\/p>\n\n\n\n<p class=\"has-text-align-right\"><strong><a title=\"Sugar Palm Grand Hillside\" href=\"https:\/\/www.easydayphuket.com\/de\/phuket-hotels\/kata-beach-hotels\/sugar-palm-grand-hillside\/\">Mehr Infos&#8230;<\/a><\/strong><\/p>\n\n\n\n<hr class=\"wp-block-separator has-alpha-channel-opacity\"\/>\n\n\n\n<figure class=\"wp-block-image alignleft\"><a href=\"https:\/\/www.easydayphuket.com\/de\/phuket-hotels\/kata-beach-hotels\/sawasdee-village-phuket\/\"><img loading=\"lazy\" decoding=\"async\" width=\"150\" height=\"150\" src=\"https:\/\/www.easydayphuket.com\/wp-content\/uploads\/2014\/01\/Pool5-150x150.jpg\" alt=\"Sawasdee Village\" class=\"wp-image-3979\"\/><\/a><\/figure>\n\n\n\n<h2 class=\"wp-block-heading\"><a title=\"Sawasdee Village\" href=\"https:\/\/www.easydayphuket.com\/de\/phuket-hotels\/kata-beach-hotels\/sawasdee-village-phuket\/\">Sawasdee Village<\/a><\/h2>\n\n\n\n<p><span style=\"line-height: 1.5em;\">Das Sawasdee Village Resort in Phuket hat gro\u00dfe Unterk\u00fcnfte und \u00fcber 40 Garten Deluxe Bungalows die einen komfortablen Urlaub versprechen. das Resort befindet sich in der n\u00e4heren Umgebung zum Kata Beach und zu desen Zentrum.<\/span><\/p>\n\n\n\n<p><strong><span style=\"color: #ff0000;\">3 Tage \/ 2 N\u00e4chte<\/span>&nbsp;&#8211; Preise in <\/strong><strong>Thai Baht <\/strong><strong>pro Person ab&nbsp;<\/strong><strong>6,300<\/strong><\/p>\n\n\n\n<p class=\"has-text-align-right\"><strong><a title=\"Sawasdee Village\" href=\"https:\/\/www.easydayphuket.com\/de\/phuket-hotels\/kata-beach-hotels\/sawasdee-village-phuket\/\">Mehr Infos&#8230;<\/a><\/strong><\/p>\n\n\n\n<hr class=\"wp-block-separator has-alpha-channel-opacity\"\/>\n\n\n\n<figure class=\"wp-block-image alignleft\"><a href=\"https:\/\/www.easydayphuket.com\/de\/phuket-hotels\/kata-beach-hotels\/mom-tris-villa-royale-phuket\/\"><img loading=\"lazy\" decoding=\"async\" width=\"150\" height=\"150\" src=\"https:\/\/www.easydayphuket.com\/wp-content\/uploads\/2014\/01\/3-gallery-150x150.jpg\" alt=\"Villa Royale\" class=\"wp-image-3946\"\/><\/a><\/figure>\n\n\n\n<h2 class=\"wp-block-heading\"><a title=\"Villa Royale Phuket\" href=\"https:\/\/www.easydayphuket.com\/de\/phuket-hotels\/kata-beach-hotels\/mom-tris-villa-royale-phuket\/\">Mom Tri&#8217;s Villa Royale Phuket<\/a><\/h2>\n\n\n\n<p>Mom Tri&#8217;s Villa Royale Resort in Phuket hat eine sehr abwechslungsreiche Aussicht&nbsp;auf verschiedene Orte&nbsp;der Insel Phuket. Gelegen am Kata Noi Beach bietet das Resort ger\u00e4umige Suiten mit tollem Blick auf die Andamanensee.<\/p>\n\n\n\n<p><strong><span style=\"color: #ff0000;\">3 Tage \/ 2 N\u00e4chte<\/span>&nbsp;&#8211; Preise in <\/strong><strong>Thai Baht <\/strong><strong>pro Person ab&nbsp;<\/strong><strong>9,700<\/strong><\/p>\n\n\n\n<p class=\"has-text-align-right\"><strong><a title=\"Villa Royale Phuket\" href=\"https:\/\/www.easydayphuket.com\/de\/phuket-hotels\/kata-beach-hotels\/mom-tris-villa-royale-phuket\/\">Mehr Infos&#8230;<\/a><\/strong><\/p>\n\n\n\n<hr class=\"wp-block-separator has-alpha-channel-opacity\"\/>\n\n\n\n<h3 class=\"wp-block-heading\" id=\"form\">Urlaubs Pakete &#8211; inklusive Ihrem gew\u00fcnschtem Phuket Hotel !<\/h3>\n\n\n\n<p><strong>Gutes Phuket Urlaubsangebot<\/strong> &#8211; Ausgew\u00e4hlte <a href=\"https:\/\/www.easydayphuket.com\/de\/phuket-ausfluege\/\">Phuket Ausfl\u00fcge<\/a> und privater Phuket Flughafen Transfer, alles zusammen mit dem von Ihnen gew\u00fcnschtem Hotel. Informieren Sie uns und lassen Sie sich ein <span style=\"color: #ff0000;\"><strong>unverbindliches Angebot<\/strong><\/span> zukommen.<\/p>\n\n\n\n<script charset=\"utf-8\" type=\"text\/javascript\" src=\"\/\/js.hsforms.net\/forms\/embed\/v2.js\"><\/script>\n<script>\n  hbspt.forms.create({\n    region: \"na1\",\n    portalId: \"3413662\",\n    formId: \"59765d47-ffdf-4452-a315-11081d03c004\"\n  });\n<\/script>\n","protected":false},"excerpt":{"rendered":"<p>Kata Beach Hotels, Phuket sind eine gute Wahl wenn Sie es im Urlaub gerne etwas ruhiger und komfortabler haben m\u00f6chten. Kata Beach&nbsp;verf\u00fcgt vielleicht \u00fcber den sch\u00f6nsten Strand der Insel Phuket. Das Club Med zieht sich den ganzen Strand entlang, so das es nur eine Handvoll anderen Phuket Hotels erlaubt ist eine direkten Zugang zum Kata [&hellip;]<\/p>\n","protected":false},"author":4,"featured_media":0,"parent":10517,"menu_order":0,"comment_status":"closed","ping_status":"closed","template":"","meta":{"_acf_changed":false,"_et_pb_use_builder":"","_et_pb_old_content":"","_et_gb_content_width":"","footnotes":""},"class_list":["post-14823","page","type-page","status-publish","hentry"],"acf":[],"yoast_head":"<!-- This site is optimized with the Yoast SEO plugin v25.1 - https:\/\/yoast.com\/wordpress\/plugins\/seo\/ -->\n<title>Ausgew\u00e4hlte Kata Beach Hotels von Easy Day Phuket Touren.<\/title>\n<meta name=\"description\" content=\"Kata Beach Hotels, Phuket sind eine gute Wahl, wenn es ein ruhiger Urlaub werden soll und man nicht auf die n\u00e4chtlichen Annehmlichkeiten verzichten m\u00f6chte.\" \/>\n<meta name=\"robots\" content=\"index, follow, max-snippet:-1, max-image-preview:large, max-video-preview:-1\" \/>\n<link rel=\"canonical\" href=\"https:\/\/www.easydayphuket.com\/de\/phuket-hotels\/kata-beach-hotels\/\" \/>\n<meta property=\"og:locale\" content=\"de_DE\" \/>\n<meta property=\"og:type\" content=\"article\" \/>\n<meta property=\"og:title\" content=\"Ausgew\u00e4hlte Kata Beach Hotels von Easy Day Phuket Touren.\" \/>\n<meta property=\"og:description\" content=\"Kata Beach Hotels, Phuket sind eine gute Wahl, wenn es ein ruhiger Urlaub werden soll und man nicht auf die n\u00e4chtlichen Annehmlichkeiten verzichten m\u00f6chte.\" \/>\n<meta property=\"og:url\" content=\"https:\/\/www.easydayphuket.com\/de\/phuket-hotels\/kata-beach-hotels\/\" \/>\n<meta property=\"og:site_name\" content=\"Easy Day Phuket\" \/>\n<meta property=\"article:publisher\" content=\"https:\/\/www.facebook.com\/Easydayinthailand\/\" \/>\n<meta property=\"article:modified_time\" content=\"2024-05-22T19:03:28+00:00\" \/>\n<meta property=\"og:image\" content=\"https:\/\/www.easydayphuket.com\/wp-content\/uploads\/2013\/07\/view2-150x150.jpg\" \/>\n<meta name=\"twitter:label1\" content=\"Gesch\u00e4tzte Lesezeit\" \/>\n\t<meta name=\"twitter:data1\" content=\"5\u00a0Minuten\" \/>\n<script type=\"application\/ld+json\" class=\"yoast-schema-graph\">{\"@context\":\"https:\/\/schema.org\",\"@graph\":[{\"@type\":\"WebPage\",\"@id\":\"https:\/\/www.easydayphuket.com\/de\/phuket-hotels\/kata-beach-hotels\/\",\"url\":\"https:\/\/www.easydayphuket.com\/de\/phuket-hotels\/kata-beach-hotels\/\",\"name\":\"Ausgew\u00e4hlte Kata Beach Hotels von Easy Day Phuket Touren.\",\"isPartOf\":{\"@id\":\"https:\/\/www.easydayphuket.com\/#website\"},\"primaryImageOfPage\":{\"@id\":\"https:\/\/www.easydayphuket.com\/de\/phuket-hotels\/kata-beach-hotels\/#primaryimage\"},\"image\":{\"@id\":\"https:\/\/www.easydayphuket.com\/de\/phuket-hotels\/kata-beach-hotels\/#primaryimage\"},\"thumbnailUrl\":\"https:\/\/www.easydayphuket.com\/wp-content\/uploads\/2013\/07\/view2-150x150.jpg\",\"datePublished\":\"2016-08-05T11:50:06+00:00\",\"dateModified\":\"2024-05-22T19:03:28+00:00\",\"description\":\"Kata Beach Hotels, Phuket sind eine gute Wahl, wenn es ein ruhiger Urlaub werden soll und man nicht auf die n\u00e4chtlichen Annehmlichkeiten verzichten m\u00f6chte.\",\"breadcrumb\":{\"@id\":\"https:\/\/www.easydayphuket.com\/de\/phuket-hotels\/kata-beach-hotels\/#breadcrumb\"},\"inLanguage\":\"de\",\"potentialAction\":[{\"@type\":\"ReadAction\",\"target\":[\"https:\/\/www.easydayphuket.com\/de\/phuket-hotels\/kata-beach-hotels\/\"]}]},{\"@type\":\"ImageObject\",\"inLanguage\":\"de\",\"@id\":\"https:\/\/www.easydayphuket.com\/de\/phuket-hotels\/kata-beach-hotels\/#primaryimage\",\"url\":\"https:\/\/www.easydayphuket.com\/wp-content\/uploads\/2013\/07\/view2-150x150.jpg\",\"contentUrl\":\"https:\/\/www.easydayphuket.com\/wp-content\/uploads\/2013\/07\/view2-150x150.jpg\"},{\"@type\":\"BreadcrumbList\",\"@id\":\"https:\/\/www.easydayphuket.com\/de\/phuket-hotels\/kata-beach-hotels\/#breadcrumb\",\"itemListElement\":[{\"@type\":\"ListItem\",\"position\":1,\"name\":\"Home\",\"item\":\"https:\/\/www.easydayphuket.com\/de\/\"},{\"@type\":\"ListItem\",\"position\":2,\"name\":\"Phuket Hotel\",\"item\":\"https:\/\/www.easydayphuket.com\/de\/phuket-hotels\/\"},{\"@type\":\"ListItem\",\"position\":3,\"name\":\"Kata Beach Hotels\"}]},{\"@type\":\"WebSite\",\"@id\":\"https:\/\/www.easydayphuket.com\/#website\",\"url\":\"https:\/\/www.easydayphuket.com\/\",\"name\":\"Easy Day Phuket\",\"description\":\"Ihr Phuket Tour & Reise Partner\",\"publisher\":{\"@id\":\"https:\/\/www.easydayphuket.com\/#organization\"},\"potentialAction\":[{\"@type\":\"SearchAction\",\"target\":{\"@type\":\"EntryPoint\",\"urlTemplate\":\"https:\/\/www.easydayphuket.com\/?s={search_term_string}\"},\"query-input\":{\"@type\":\"PropertyValueSpecification\",\"valueRequired\":true,\"valueName\":\"search_term_string\"}}],\"inLanguage\":\"de\"},{\"@type\":\"Organization\",\"@id\":\"https:\/\/www.easydayphuket.com\/#organization\",\"name\":\"Easy Day Thailand\",\"url\":\"https:\/\/www.easydayphuket.com\/\",\"logo\":{\"@type\":\"ImageObject\",\"inLanguage\":\"de\",\"@id\":\"https:\/\/www.easydayphuket.com\/#\/schema\/logo\/image\/\",\"url\":\"https:\/\/www.easydayphuket.com\/wp-content\/uploads\/2013\/07\/Sun-Thaiflag_booking12.gif\",\"contentUrl\":\"https:\/\/www.easydayphuket.com\/wp-content\/uploads\/2013\/07\/Sun-Thaiflag_booking12.gif\",\"width\":100,\"height\":94,\"caption\":\"Easy Day Thailand\"},\"image\":{\"@id\":\"https:\/\/www.easydayphuket.com\/#\/schema\/logo\/image\/\"},\"sameAs\":[\"https:\/\/www.facebook.com\/Easydayinthailand\/\",\"https:\/\/www.instagram.com\/easydaythailand\/\"]}]}<\/script>\n<!-- \/ Yoast SEO plugin. -->","yoast_head_json":{"title":"Ausgew\u00e4hlte Kata Beach Hotels von Easy Day Phuket Touren.","description":"Kata Beach Hotels, Phuket sind eine gute Wahl, wenn es ein ruhiger Urlaub werden soll und man nicht auf die n\u00e4chtlichen Annehmlichkeiten verzichten m\u00f6chte.","robots":{"index":"index","follow":"follow","max-snippet":"max-snippet:-1","max-image-preview":"max-image-preview:large","max-video-preview":"max-video-preview:-1"},"canonical":"https:\/\/www.easydayphuket.com\/de\/phuket-hotels\/kata-beach-hotels\/","og_locale":"de_DE","og_type":"article","og_title":"Ausgew\u00e4hlte Kata Beach Hotels von Easy Day Phuket Touren.","og_description":"Kata Beach Hotels, Phuket sind eine gute Wahl, wenn es ein ruhiger Urlaub werden soll und man nicht auf die n\u00e4chtlichen Annehmlichkeiten verzichten m\u00f6chte.","og_url":"https:\/\/www.easydayphuket.com\/de\/phuket-hotels\/kata-beach-hotels\/","og_site_name":"Easy Day Phuket","article_publisher":"https:\/\/www.facebook.com\/Easydayinthailand\/","article_modified_time":"2024-05-22T19:03:28+00:00","og_image":[{"url":"https:\/\/www.easydayphuket.com\/wp-content\/uploads\/2013\/07\/view2-150x150.jpg","type":"","width":"","height":""}],"twitter_misc":{"Gesch\u00e4tzte Lesezeit":"5\u00a0Minuten"},"schema":{"@context":"https:\/\/schema.org","@graph":[{"@type":"WebPage","@id":"https:\/\/www.easydayphuket.com\/de\/phuket-hotels\/kata-beach-hotels\/","url":"https:\/\/www.easydayphuket.com\/de\/phuket-hotels\/kata-beach-hotels\/","name":"Ausgew\u00e4hlte Kata Beach Hotels von Easy Day Phuket Touren.","isPartOf":{"@id":"https:\/\/www.easydayphuket.com\/#website"},"primaryImageOfPage":{"@id":"https:\/\/www.easydayphuket.com\/de\/phuket-hotels\/kata-beach-hotels\/#primaryimage"},"image":{"@id":"https:\/\/www.easydayphuket.com\/de\/phuket-hotels\/kata-beach-hotels\/#primaryimage"},"thumbnailUrl":"https:\/\/www.easydayphuket.com\/wp-content\/uploads\/2013\/07\/view2-150x150.jpg","datePublished":"2016-08-05T11:50:06+00:00","dateModified":"2024-05-22T19:03:28+00:00","description":"Kata Beach Hotels, Phuket sind eine gute Wahl, wenn es ein ruhiger Urlaub werden soll und man nicht auf die n\u00e4chtlichen Annehmlichkeiten verzichten m\u00f6chte.","breadcrumb":{"@id":"https:\/\/www.easydayphuket.com\/de\/phuket-hotels\/kata-beach-hotels\/#breadcrumb"},"inLanguage":"de","potentialAction":[{"@type":"ReadAction","target":["https:\/\/www.easydayphuket.com\/de\/phuket-hotels\/kata-beach-hotels\/"]}]},{"@type":"ImageObject","inLanguage":"de","@id":"https:\/\/www.easydayphuket.com\/de\/phuket-hotels\/kata-beach-hotels\/#primaryimage","url":"https:\/\/www.easydayphuket.com\/wp-content\/uploads\/2013\/07\/view2-150x150.jpg","contentUrl":"https:\/\/www.easydayphuket.com\/wp-content\/uploads\/2013\/07\/view2-150x150.jpg"},{"@type":"BreadcrumbList","@id":"https:\/\/www.easydayphuket.com\/de\/phuket-hotels\/kata-beach-hotels\/#breadcrumb","itemListElement":[{"@type":"ListItem","position":1,"name":"Home","item":"https:\/\/www.easydayphuket.com\/de\/"},{"@type":"ListItem","position":2,"name":"Phuket Hotel","item":"https:\/\/www.easydayphuket.com\/de\/phuket-hotels\/"},{"@type":"ListItem","position":3,"name":"Kata Beach Hotels"}]},{"@type":"WebSite","@id":"https:\/\/www.easydayphuket.com\/#website","url":"https:\/\/www.easydayphuket.com\/","name":"Easy Day Phuket","description":"Ihr Phuket Tour & Reise Partner","publisher":{"@id":"https:\/\/www.easydayphuket.com\/#organization"},"potentialAction":[{"@type":"SearchAction","target":{"@type":"EntryPoint","urlTemplate":"https:\/\/www.easydayphuket.com\/?s={search_term_string}"},"query-input":{"@type":"PropertyValueSpecification","valueRequired":true,"valueName":"search_term_string"}}],"inLanguage":"de"},{"@type":"Organization","@id":"https:\/\/www.easydayphuket.com\/#organization","name":"Easy Day Thailand","url":"https:\/\/www.easydayphuket.com\/","logo":{"@type":"ImageObject","inLanguage":"de","@id":"https:\/\/www.easydayphuket.com\/#\/schema\/logo\/image\/","url":"https:\/\/www.easydayphuket.com\/wp-content\/uploads\/2013\/07\/Sun-Thaiflag_booking12.gif","contentUrl":"https:\/\/www.easydayphuket.com\/wp-content\/uploads\/2013\/07\/Sun-Thaiflag_booking12.gif","width":100,"height":94,"caption":"Easy Day Thailand"},"image":{"@id":"https:\/\/www.easydayphuket.com\/#\/schema\/logo\/image\/"},"sameAs":["https:\/\/www.facebook.com\/Easydayinthailand\/","https:\/\/www.instagram.com\/easydaythailand\/"]}]}},"_links":{"self":[{"href":"https:\/\/www.easydayphuket.com\/de\/wp-json\/wp\/v2\/pages\/14823","targetHints":{"allow":["GET"]}}],"collection":[{"href":"https:\/\/www.easydayphuket.com\/de\/wp-json\/wp\/v2\/pages"}],"about":[{"href":"https:\/\/www.easydayphuket.com\/de\/wp-json\/wp\/v2\/types\/page"}],"author":[{"embeddable":true,"href":"https:\/\/www.easydayphuket.com\/de\/wp-json\/wp\/v2\/users\/4"}],"replies":[{"embeddable":true,"href":"https:\/\/www.easydayphuket.com\/de\/wp-json\/wp\/v2\/comments?post=14823"}],"version-history":[{"count":0,"href":"https:\/\/www.easydayphuket.com\/de\/wp-json\/wp\/v2\/pages\/14823\/revisions"}],"up":[{"embeddable":true,"href":"https:\/\/www.easydayphuket.com\/de\/wp-json\/wp\/v2\/pages\/10517"}],"wp:attachment":[{"href":"https:\/\/www.easydayphuket.com\/de\/wp-json\/wp\/v2\/media?parent=14823"}],"curies":[{"name":"wp","href":"https:\/\/api.w.org\/{rel}","templated":true}]}}