{"id":14822,"date":"2016-08-05T13:48:35","date_gmt":"2016-08-05T06:48:35","guid":{"rendered":"https:\/\/www.easydayphuket.com\/de\/sugar-marina-fashion\/"},"modified":"2024-05-23T01:43:52","modified_gmt":"2024-05-22T18:43:52","slug":"sugar-marina-fashion","status":"publish","type":"page","link":"https:\/\/www.easydayphuket.com\/de\/phuket-hotels\/kata-beach-hotels\/sugar-marina-fashion\/","title":{"rendered":"Sugar Marina Fashion"},"content":{"rendered":"\n<figure class=\"wp-block-image alignright wp-image-3195 size-full\"><img loading=\"lazy\" decoding=\"async\" width=\"240\" height=\"180\" src=\"https:\/\/www.easydayphuket.com\/wp-content\/uploads\/2013\/11\/sugar-marina-fashion-e1383662293959.jpg\" alt=\"Sugar Marina Fashion Resort kata Beach, Phuket\" class=\"wp-image-3195\"\/><figcaption class=\"wp-element-caption\">Sugar Marina Fashion<\/figcaption><\/figure>\n\n\n\n<p>The Sugar Marina Fashion Kata, Phuket ist ein Boutique-Resort was f\u00fcr G\u00e4ste mit exquisiten Geschmack entworfen wurde. Hier k\u00f6nnen Sie ihren mit Stil, Komfort in einer absolut gem\u00fctlichen Atmosph\u00e4re verbringen. Eine wundersch\u00f6ne Anlage wie man Sie f\u00fcr den Preis in Phuket zu selten findet.<\/p>\n\n\n\n<ul class=\"wp-block-list\">\n<li>Unverwechselbares Design..<\/li>\n\n\n\n<li>Moderne Ausstattung.<\/li>\n\n\n\n<li>Kostenloses\u00a0Wifi.<\/li>\n\n\n\n<li>N\u00e4he zum Zentrum von\u00a0<a title=\"Kata Beach \u2013 The Beaches of Phuket\" href=\"https:\/\/www.easydayphuket.com\/kata-beach-beaches-phuket\/\">Kata Beach<\/a>.<\/li>\n\n\n\n<li>Swimming pool mit Extrabereich f\u00fcr Kinder.<\/li>\n\n\n\n<li>Exklusive Spa.<\/li>\n<\/ul>\n\n\n<p><strong><span style=\"color: #ff0000;\"> 3 Tage \/ 2 N\u00e4chte<\/span>\u00a0&#8211; Preise in <\/strong><strong>Thai Baht <\/strong><strong>pro Person\u00a0ab\u00a0<\/strong><strong>2,300\u00a0 <a title=\"Easy Day Contact Form\" href=\"#form\">&gt;&gt; Ihr unverbindliches Angebot!<\/a><\/strong> <\/p>\n\n\n\n<p><strong>Phuket Hotel Paket inklusive<strong> :<\/strong><br><\/strong><\/p>\n\n\n<ul>\n<li>Privater\u00a0<a title=\"Phuket Airport Transfer\" href=\"https:\/\/www.easydayphuket.com\/de\/phuket-transfers\/phuket-flughafentransfer\/\">Phuket Airport Transfer<\/a>.<\/li>\n<li>Preise basierend in Deluxe Zimmer\u00a0bei Doppelbelegung<\/li>\n<li>Fr\u00fchst\u00fccks\u00a0Buffet.<\/li>\n<li>Steuern &amp; Versicherung.<\/li>\n<\/ul>\n\n\n\n<p class=\"has-text-align-right\"><a href='#form' class='small-button smallblue'>Preis Anfrage!<\/a><\/p>\n\n\n\n<h2 class=\"wp-block-heading\">Sugar Marina Fashion Room &#8211; Galerie<\/h2>\n\n\n\n<figure class=\"wp-block-gallery has-nested-images columns-3 is-cropped wp-block-gallery-1 is-layout-flex wp-block-gallery-is-layout-flex\">\n<figure class=\"wp-block-image size-large\"><img loading=\"lazy\" decoding=\"async\" width=\"640\" height=\"480\" data-id=\"6570\" src=\"https:\/\/www.easydayphuket.com\/wp-content\/uploads\/2013\/11\/marina-fashion-deluxe.jpg\" alt=\"Sugar Marina Fashion Kata Beach\" class=\"wp-image-6570\" srcset=\"https:\/\/www.easydayphuket.com\/wp-content\/uploads\/2013\/11\/marina-fashion-deluxe.jpg 640w, https:\/\/www.easydayphuket.com\/wp-content\/uploads\/2013\/11\/marina-fashion-deluxe-300x225.jpg 300w, https:\/\/www.easydayphuket.com\/wp-content\/uploads\/2013\/11\/marina-fashion-deluxe-73x55.jpg 73w\" sizes=\"(max-width: 640px) 100vw, 640px\" \/><\/figure>\n\n\n\n<figure class=\"wp-block-image size-large\"><img loading=\"lazy\" decoding=\"async\" width=\"640\" height=\"480\" data-id=\"6573\" src=\"https:\/\/www.easydayphuket.com\/wp-content\/uploads\/2013\/11\/marina-fashion-deluxe-pool-view.jpg\" alt=\"Marina Fashion\" class=\"wp-image-6573\" srcset=\"https:\/\/www.easydayphuket.com\/wp-content\/uploads\/2013\/11\/marina-fashion-deluxe-pool-view.jpg 640w, https:\/\/www.easydayphuket.com\/wp-content\/uploads\/2013\/11\/marina-fashion-deluxe-pool-view-300x225.jpg 300w, https:\/\/www.easydayphuket.com\/wp-content\/uploads\/2013\/11\/marina-fashion-deluxe-pool-view-73x55.jpg 73w\" sizes=\"(max-width: 640px) 100vw, 640px\" \/><\/figure>\n\n\n\n<figure class=\"wp-block-image size-large\"><img loading=\"lazy\" decoding=\"async\" width=\"640\" height=\"480\" data-id=\"6576\" src=\"https:\/\/www.easydayphuket.com\/wp-content\/uploads\/2013\/11\/sugar-marina-fashion-deluxe-pool-access.jpg\" alt=\"Sugar Marina Fashion Kata Beach\" class=\"wp-image-6576\" srcset=\"https:\/\/www.easydayphuket.com\/wp-content\/uploads\/2013\/11\/sugar-marina-fashion-deluxe-pool-access.jpg 640w, https:\/\/www.easydayphuket.com\/wp-content\/uploads\/2013\/11\/sugar-marina-fashion-deluxe-pool-access-300x225.jpg 300w, https:\/\/www.easydayphuket.com\/wp-content\/uploads\/2013\/11\/sugar-marina-fashion-deluxe-pool-access-73x55.jpg 73w\" sizes=\"(max-width: 640px) 100vw, 640px\" \/><\/figure>\n<\/figure>\n\n\n\n<h2 class=\"wp-block-heading\">Sugar Mariner Fashion&nbsp;&#8211; Ausstattung<\/h2>\n\n\n<p>[twocol_one]<\/p>\n<ul>\n<li>Free WiFi.<\/li>\n<li>TV and selection of DVD titles.<\/li>\n<li>Mini-bar fridge.<\/li>\n<li>Kettle \/ coffee maker with tea and coffee.<\/li>\n<\/ul>\n<p>[\/twocol_one]<\/p>\n\n\n<p>[twocol_one_last]<\/p>\n<ul>\n<li>Fitness room.<\/li>\n<li>Boutique.<\/li>\n<li>Swimming Pools.<\/li>\n<li>Daily housekeeping services.<\/li>\n<\/ul>\n<p>[\/twocol_one_last]<\/p>\n\n\n\n<h3 class=\"wp-block-heading\" id=\"form\">Urlaubs Pakete &#8211; inklusive Ihrem gew\u00fcnschtem Phuket Hotel !<\/h3>\n\n\n\n<p><strong>Gutes Phuket Urlaubsangebot<\/strong> &#8211; Ausgew\u00e4hlte <a href=\"https:\/\/www.easydayphuket.com\/de\/phuket-ausfluege\/\">Phuket Ausfl\u00fcge<\/a> und privater Phuket Flughafen Transfer, alles zusammen mit dem von Ihnen gew\u00fcnschtem Hotel. Informieren Sie uns und lassen Sie sich ein <span style=\"color: #ff0000;\"><strong>unverbindliches Angebot<\/strong><\/span> zukommen.<\/p>\n\n\n\n<script charset=\"utf-8\" type=\"text\/javascript\" src=\"\/\/js.hsforms.net\/forms\/embed\/v2.js\"><\/script>\n<script>\n  hbspt.forms.create({\n    region: \"na1\",\n    portalId: \"3413662\",\n    formId: \"59765d47-ffdf-4452-a315-11081d03c004\"\n  });\n<\/script>\n\n\n\n<h2 class=\"wp-block-heading\">Anreise<\/h2>\n\n\n\n<p>Bei allen unseren Hotel Paketen ist der <a href=\"https:\/\/www.easydayphuket.com\/de\/phuket-transfers\/phuket-flughafentransfer\/\">Phuket Flughafen Transfer<\/a> inklusive. Wenn Sie selbst anreisen sollten, werden wir Ihnen die Wegbeschreibung zum Sugar Mariner Fashion, Phuket zukommen lassen.<\/p>\n\n\n\n<p>Es ist die einmalige Lage&nbsp;die das Sugar Marina Fashion Resort Kata, Phuket ausmacht. Gelegen an der S\u00fcdwestk\u00fcste von Phuket wo es nur ein paar Schritte bis zum bekanntem Kata Beach sind. Abseits der Stra\u00dfe bietet das&nbsp;Sugar Marina Fashion Resort Kata, Phuket eine Oase der Ruhe und einen freundlichen Service. Vom Design her ist es doch sehr ungew\u00f6hnlich in seiner Farbpalette aber es ist sehr ger\u00e4umig und komfortabel eingerichtet. Genie\u00dfen Sie Ihren Urlaub oder ein Wochenende in diesem Stilvollem Hotel auf der tropischen Insel Phuket.<\/p>\n\n\n\n<h2 class=\"wp-block-heading\">Sugar Marina Fashion &#8211; Allgemeine Informationen<\/h2>\n\n\n\n<ul class=\"wp-block-list\">\n<li><strong>Check in:<\/strong>\u00a014.00\u00a0Uhr<\/li>\n\n\n\n<li><strong>Check out:<\/strong>\u00a012.00\u00a0Uhr (Mittags)<\/li>\n\n\n\n<li><strong>Fr\u00fcher\u00a0check in \/ Sp\u00e4ter check out:\u00a0<\/strong>Je nach Verf\u00fcgbarkeit<\/li>\n\n\n\n<li><strong>Kinder Optionen:<\/strong> Kinder unter 4 Jahren sind im Zimmer der Eltern kostenlos ohne Zusatzbett exklusive Fr\u00fchst\u00fcck.. (Maximal 1 Kind pro Zimmer). Babybett ist kostenlos. F\u00fcr Kinder von 4 bis 12 Jahren werden 50% berechnet\u00a0mit maximal 2 Kinder pro Zimmer.<\/li>\n\n\n\n<li><strong>Obligatorisches Abendessen:<\/strong>\u00a0Nein<\/li>\n\n\n\n<li><strong>Mindest Aufenthalt:<\/strong>\u00a0Nein<\/li>\n<\/ul>\n","protected":false},"excerpt":{"rendered":"<p>The Sugar Marina Fashion Kata, Phuket ist ein Boutique-Resort was f\u00fcr G\u00e4ste mit exquisiten Geschmack entworfen wurde. Hier k\u00f6nnen Sie ihren mit Stil, Komfort in einer absolut gem\u00fctlichen Atmosph\u00e4re verbringen. Eine wundersch\u00f6ne Anlage wie man Sie f\u00fcr den Preis in Phuket zu selten findet. Phuket Hotel Paket inklusive : Sugar Marina Fashion Room &#8211; Galerie [&hellip;]<\/p>\n","protected":false},"author":4,"featured_media":0,"parent":14823,"menu_order":0,"comment_status":"closed","ping_status":"closed","template":"","meta":{"_acf_changed":false,"_et_pb_use_builder":"","_et_pb_old_content":"","_et_gb_content_width":"","footnotes":""},"class_list":["post-14822","page","type-page","status-publish","hentry"],"acf":[],"yoast_head":"<!-- This site is optimized with the Yoast SEO plugin v25.1 - https:\/\/yoast.com\/wordpress\/plugins\/seo\/ -->\n<title>Sugar Marina Fashion Resort - Easy Day Phuket Ausfl\u00fcge.<\/title>\n<meta name=\"description\" content=\"The Sugar Marina Fashion Kata, Phuket ist ein Boutique-Resort was f\u00fcr G\u00e4ste mit exquisiten Geschmack entworfen wurde. Super gelegen und nah beim Zentrum\" \/>\n<meta name=\"robots\" content=\"index, follow, max-snippet:-1, max-image-preview:large, max-video-preview:-1\" \/>\n<link rel=\"canonical\" href=\"https:\/\/www.easydayphuket.com\/de\/phuket-hotels\/kata-beach-hotels\/sugar-marina-fashion\/\" \/>\n<meta property=\"og:locale\" content=\"de_DE\" \/>\n<meta property=\"og:type\" content=\"article\" \/>\n<meta property=\"og:title\" content=\"Sugar Marina Fashion Resort - Easy Day Phuket Ausfl\u00fcge.\" \/>\n<meta property=\"og:description\" content=\"The Sugar Marina Fashion Kata, Phuket ist ein Boutique-Resort was f\u00fcr G\u00e4ste mit exquisiten Geschmack entworfen wurde. Super gelegen und nah beim Zentrum\" \/>\n<meta property=\"og:url\" content=\"https:\/\/www.easydayphuket.com\/de\/phuket-hotels\/kata-beach-hotels\/sugar-marina-fashion\/\" \/>\n<meta property=\"og:site_name\" content=\"Easy Day Phuket\" \/>\n<meta property=\"article:publisher\" content=\"https:\/\/www.facebook.com\/Easydayinthailand\/\" \/>\n<meta property=\"article:modified_time\" content=\"2024-05-22T18:43:52+00:00\" \/>\n<meta property=\"og:image\" content=\"https:\/\/www.easydayphuket.com\/wp-content\/uploads\/2013\/11\/sugar-marina-fashion-e1383662293959.jpg\" \/>\n<meta name=\"twitter:label1\" content=\"Gesch\u00e4tzte Lesezeit\" \/>\n\t<meta name=\"twitter:data1\" content=\"3\u00a0Minuten\" \/>\n<script type=\"application\/ld+json\" class=\"yoast-schema-graph\">{\"@context\":\"https:\/\/schema.org\",\"@graph\":[{\"@type\":\"WebPage\",\"@id\":\"https:\/\/www.easydayphuket.com\/de\/phuket-hotels\/kata-beach-hotels\/sugar-marina-fashion\/\",\"url\":\"https:\/\/www.easydayphuket.com\/de\/phuket-hotels\/kata-beach-hotels\/sugar-marina-fashion\/\",\"name\":\"Sugar Marina Fashion Resort - Easy Day Phuket Ausfl\u00fcge.\",\"isPartOf\":{\"@id\":\"https:\/\/www.easydayphuket.com\/#website\"},\"primaryImageOfPage\":{\"@id\":\"https:\/\/www.easydayphuket.com\/de\/phuket-hotels\/kata-beach-hotels\/sugar-marina-fashion\/#primaryimage\"},\"image\":{\"@id\":\"https:\/\/www.easydayphuket.com\/de\/phuket-hotels\/kata-beach-hotels\/sugar-marina-fashion\/#primaryimage\"},\"thumbnailUrl\":\"https:\/\/www.easydayphuket.com\/wp-content\/uploads\/2013\/11\/sugar-marina-fashion-e1383662293959.jpg\",\"datePublished\":\"2016-08-05T06:48:35+00:00\",\"dateModified\":\"2024-05-22T18:43:52+00:00\",\"description\":\"The Sugar Marina Fashion Kata, Phuket ist ein Boutique-Resort was f\u00fcr G\u00e4ste mit exquisiten Geschmack entworfen wurde. Super gelegen und nah beim Zentrum\",\"breadcrumb\":{\"@id\":\"https:\/\/www.easydayphuket.com\/de\/phuket-hotels\/kata-beach-hotels\/sugar-marina-fashion\/#breadcrumb\"},\"inLanguage\":\"de\",\"potentialAction\":[{\"@type\":\"ReadAction\",\"target\":[\"https:\/\/www.easydayphuket.com\/de\/phuket-hotels\/kata-beach-hotels\/sugar-marina-fashion\/\"]}]},{\"@type\":\"ImageObject\",\"inLanguage\":\"de\",\"@id\":\"https:\/\/www.easydayphuket.com\/de\/phuket-hotels\/kata-beach-hotels\/sugar-marina-fashion\/#primaryimage\",\"url\":\"https:\/\/www.easydayphuket.com\/wp-content\/uploads\/2013\/11\/sugar-marina-fashion-e1383662293959.jpg\",\"contentUrl\":\"https:\/\/www.easydayphuket.com\/wp-content\/uploads\/2013\/11\/sugar-marina-fashion-e1383662293959.jpg\"},{\"@type\":\"BreadcrumbList\",\"@id\":\"https:\/\/www.easydayphuket.com\/de\/phuket-hotels\/kata-beach-hotels\/sugar-marina-fashion\/#breadcrumb\",\"itemListElement\":[{\"@type\":\"ListItem\",\"position\":1,\"name\":\"Home\",\"item\":\"https:\/\/www.easydayphuket.com\/de\/\"},{\"@type\":\"ListItem\",\"position\":2,\"name\":\"Phuket Hotel\",\"item\":\"https:\/\/www.easydayphuket.com\/de\/phuket-hotels\/\"},{\"@type\":\"ListItem\",\"position\":3,\"name\":\"Kata Beach Hotels\",\"item\":\"https:\/\/www.easydayphuket.com\/de\/phuket-hotels\/kata-beach-hotels\/\"},{\"@type\":\"ListItem\",\"position\":4,\"name\":\"Sugar Marina Fashion\"}]},{\"@type\":\"WebSite\",\"@id\":\"https:\/\/www.easydayphuket.com\/#website\",\"url\":\"https:\/\/www.easydayphuket.com\/\",\"name\":\"Easy Day Phuket\",\"description\":\"Ihr Phuket Tour & Reise Partner\",\"publisher\":{\"@id\":\"https:\/\/www.easydayphuket.com\/#organization\"},\"potentialAction\":[{\"@type\":\"SearchAction\",\"target\":{\"@type\":\"EntryPoint\",\"urlTemplate\":\"https:\/\/www.easydayphuket.com\/?s={search_term_string}\"},\"query-input\":{\"@type\":\"PropertyValueSpecification\",\"valueRequired\":true,\"valueName\":\"search_term_string\"}}],\"inLanguage\":\"de\"},{\"@type\":\"Organization\",\"@id\":\"https:\/\/www.easydayphuket.com\/#organization\",\"name\":\"Easy Day Thailand\",\"url\":\"https:\/\/www.easydayphuket.com\/\",\"logo\":{\"@type\":\"ImageObject\",\"inLanguage\":\"de\",\"@id\":\"https:\/\/www.easydayphuket.com\/#\/schema\/logo\/image\/\",\"url\":\"https:\/\/www.easydayphuket.com\/wp-content\/uploads\/2013\/07\/Sun-Thaiflag_booking12.gif\",\"contentUrl\":\"https:\/\/www.easydayphuket.com\/wp-content\/uploads\/2013\/07\/Sun-Thaiflag_booking12.gif\",\"width\":100,\"height\":94,\"caption\":\"Easy Day Thailand\"},\"image\":{\"@id\":\"https:\/\/www.easydayphuket.com\/#\/schema\/logo\/image\/\"},\"sameAs\":[\"https:\/\/www.facebook.com\/Easydayinthailand\/\",\"https:\/\/www.instagram.com\/easydaythailand\/\"]}]}<\/script>\n<!-- \/ Yoast SEO plugin. -->","yoast_head_json":{"title":"Sugar Marina Fashion Resort - Easy Day Phuket Ausfl\u00fcge.","description":"The Sugar Marina Fashion Kata, Phuket ist ein Boutique-Resort was f\u00fcr G\u00e4ste mit exquisiten Geschmack entworfen wurde. Super gelegen und nah beim Zentrum","robots":{"index":"index","follow":"follow","max-snippet":"max-snippet:-1","max-image-preview":"max-image-preview:large","max-video-preview":"max-video-preview:-1"},"canonical":"https:\/\/www.easydayphuket.com\/de\/phuket-hotels\/kata-beach-hotels\/sugar-marina-fashion\/","og_locale":"de_DE","og_type":"article","og_title":"Sugar Marina Fashion Resort - Easy Day Phuket Ausfl\u00fcge.","og_description":"The Sugar Marina Fashion Kata, Phuket ist ein Boutique-Resort was f\u00fcr G\u00e4ste mit exquisiten Geschmack entworfen wurde. Super gelegen und nah beim Zentrum","og_url":"https:\/\/www.easydayphuket.com\/de\/phuket-hotels\/kata-beach-hotels\/sugar-marina-fashion\/","og_site_name":"Easy Day Phuket","article_publisher":"https:\/\/www.facebook.com\/Easydayinthailand\/","article_modified_time":"2024-05-22T18:43:52+00:00","og_image":[{"url":"https:\/\/www.easydayphuket.com\/wp-content\/uploads\/2013\/11\/sugar-marina-fashion-e1383662293959.jpg","type":"","width":"","height":""}],"twitter_misc":{"Gesch\u00e4tzte Lesezeit":"3\u00a0Minuten"},"schema":{"@context":"https:\/\/schema.org","@graph":[{"@type":"WebPage","@id":"https:\/\/www.easydayphuket.com\/de\/phuket-hotels\/kata-beach-hotels\/sugar-marina-fashion\/","url":"https:\/\/www.easydayphuket.com\/de\/phuket-hotels\/kata-beach-hotels\/sugar-marina-fashion\/","name":"Sugar Marina Fashion Resort - Easy Day Phuket Ausfl\u00fcge.","isPartOf":{"@id":"https:\/\/www.easydayphuket.com\/#website"},"primaryImageOfPage":{"@id":"https:\/\/www.easydayphuket.com\/de\/phuket-hotels\/kata-beach-hotels\/sugar-marina-fashion\/#primaryimage"},"image":{"@id":"https:\/\/www.easydayphuket.com\/de\/phuket-hotels\/kata-beach-hotels\/sugar-marina-fashion\/#primaryimage"},"thumbnailUrl":"https:\/\/www.easydayphuket.com\/wp-content\/uploads\/2013\/11\/sugar-marina-fashion-e1383662293959.jpg","datePublished":"2016-08-05T06:48:35+00:00","dateModified":"2024-05-22T18:43:52+00:00","description":"The Sugar Marina Fashion Kata, Phuket ist ein Boutique-Resort was f\u00fcr G\u00e4ste mit exquisiten Geschmack entworfen wurde. Super gelegen und nah beim Zentrum","breadcrumb":{"@id":"https:\/\/www.easydayphuket.com\/de\/phuket-hotels\/kata-beach-hotels\/sugar-marina-fashion\/#breadcrumb"},"inLanguage":"de","potentialAction":[{"@type":"ReadAction","target":["https:\/\/www.easydayphuket.com\/de\/phuket-hotels\/kata-beach-hotels\/sugar-marina-fashion\/"]}]},{"@type":"ImageObject","inLanguage":"de","@id":"https:\/\/www.easydayphuket.com\/de\/phuket-hotels\/kata-beach-hotels\/sugar-marina-fashion\/#primaryimage","url":"https:\/\/www.easydayphuket.com\/wp-content\/uploads\/2013\/11\/sugar-marina-fashion-e1383662293959.jpg","contentUrl":"https:\/\/www.easydayphuket.com\/wp-content\/uploads\/2013\/11\/sugar-marina-fashion-e1383662293959.jpg"},{"@type":"BreadcrumbList","@id":"https:\/\/www.easydayphuket.com\/de\/phuket-hotels\/kata-beach-hotels\/sugar-marina-fashion\/#breadcrumb","itemListElement":[{"@type":"ListItem","position":1,"name":"Home","item":"https:\/\/www.easydayphuket.com\/de\/"},{"@type":"ListItem","position":2,"name":"Phuket Hotel","item":"https:\/\/www.easydayphuket.com\/de\/phuket-hotels\/"},{"@type":"ListItem","position":3,"name":"Kata Beach Hotels","item":"https:\/\/www.easydayphuket.com\/de\/phuket-hotels\/kata-beach-hotels\/"},{"@type":"ListItem","position":4,"name":"Sugar Marina Fashion"}]},{"@type":"WebSite","@id":"https:\/\/www.easydayphuket.com\/#website","url":"https:\/\/www.easydayphuket.com\/","name":"Easy Day Phuket","description":"Ihr Phuket Tour & Reise Partner","publisher":{"@id":"https:\/\/www.easydayphuket.com\/#organization"},"potentialAction":[{"@type":"SearchAction","target":{"@type":"EntryPoint","urlTemplate":"https:\/\/www.easydayphuket.com\/?s={search_term_string}"},"query-input":{"@type":"PropertyValueSpecification","valueRequired":true,"valueName":"search_term_string"}}],"inLanguage":"de"},{"@type":"Organization","@id":"https:\/\/www.easydayphuket.com\/#organization","name":"Easy Day Thailand","url":"https:\/\/www.easydayphuket.com\/","logo":{"@type":"ImageObject","inLanguage":"de","@id":"https:\/\/www.easydayphuket.com\/#\/schema\/logo\/image\/","url":"https:\/\/www.easydayphuket.com\/wp-content\/uploads\/2013\/07\/Sun-Thaiflag_booking12.gif","contentUrl":"https:\/\/www.easydayphuket.com\/wp-content\/uploads\/2013\/07\/Sun-Thaiflag_booking12.gif","width":100,"height":94,"caption":"Easy Day Thailand"},"image":{"@id":"https:\/\/www.easydayphuket.com\/#\/schema\/logo\/image\/"},"sameAs":["https:\/\/www.facebook.com\/Easydayinthailand\/","https:\/\/www.instagram.com\/easydaythailand\/"]}]}},"_links":{"self":[{"href":"https:\/\/www.easydayphuket.com\/de\/wp-json\/wp\/v2\/pages\/14822","targetHints":{"allow":["GET"]}}],"collection":[{"href":"https:\/\/www.easydayphuket.com\/de\/wp-json\/wp\/v2\/pages"}],"about":[{"href":"https:\/\/www.easydayphuket.com\/de\/wp-json\/wp\/v2\/types\/page"}],"author":[{"embeddable":true,"href":"https:\/\/www.easydayphuket.com\/de\/wp-json\/wp\/v2\/users\/4"}],"replies":[{"embeddable":true,"href":"https:\/\/www.easydayphuket.com\/de\/wp-json\/wp\/v2\/comments?post=14822"}],"version-history":[{"count":0,"href":"https:\/\/www.easydayphuket.com\/de\/wp-json\/wp\/v2\/pages\/14822\/revisions"}],"up":[{"embeddable":true,"href":"https:\/\/www.easydayphuket.com\/de\/wp-json\/wp\/v2\/pages\/14823"}],"wp:attachment":[{"href":"https:\/\/www.easydayphuket.com\/de\/wp-json\/wp\/v2\/media?parent=14822"}],"curies":[{"name":"wp","href":"https:\/\/api.w.org\/{rel}","templated":true}]}}