{"id":14734,"date":"2016-07-23T15:35:33","date_gmt":"2016-07-23T08:35:33","guid":{"rendered":"https:\/\/www.easydayphuket.com\/de\/the-shore-at-katathani\/"},"modified":"2024-05-23T01:40:12","modified_gmt":"2024-05-22T18:40:12","slug":"the-shore-at-katathani","status":"publish","type":"page","link":"https:\/\/www.easydayphuket.com\/de\/phuket-hotels\/kata-beach-hotels\/the-shore-at-katathani\/","title":{"rendered":"The Shore at Katathani"},"content":{"rendered":"\n<div class=\"wp-block-media-text is-stacked-on-mobile\"><figure class=\"wp-block-media-text__media\"><img loading=\"lazy\" decoding=\"async\" width=\"240\" height=\"181\" src=\"https:\/\/www.easydayphuket.com\/wp-content\/uploads\/2014\/01\/Sea-View-Pool-Villa2-e1390470417596.jpg\" alt=\"The Shore Pool\" class=\"wp-image-6957 size-full\"\/><\/figure><div class=\"wp-block-media-text__content\">\n<ul class=\"wp-block-list\">\n<li><strong>Gelegen&nbsp;<\/strong>am Kata Noi Beach.<\/li>\n\n\n\n<li><b>Wundersch\u00f6ne Villen.<\/b><\/li>\n\n\n\n<li><strong>Perfektes Personal<\/strong>.<\/li>\n\n\n\n<li>Nahe Einkaufsm\u00f6glichkeiten.<\/li>\n\n\n\n<li><strong>Perfekte Dekoration<\/strong>.<\/li>\n\n\n\n<li><strong>Kostenlose Erfrischungen<\/strong><\/li>\n<\/ul>\n<\/div><\/div>\n\n\n\n<p><span style=\"line-height: 1.5em;\">The Shore at <a title=\"Katathani Beach Resort\" href=\"https:\/\/www.easydayphuket.com\/de\/phuket-hotels\/kata-beach-hotels\/katathani-beach-resort\/\">Katathani <\/a>\u00a0ist ein Luxus-Pool Villa Resort am <a title=\"Kata Noi Beach \u2013 The Beaches of Phuket\" href=\"https:\/\/www.easydayphuket.com\/kata-noi-beach-beaches-phuket\/\" target=\"_blank\" rel=\"noopener\">Kata Noi Beach<\/a> in Phuket. Eine nat\u00fcrlich Verbindung der Wohneinheit zwischen Au\u00dfen und Innen machen dieses Luxus Resort aus. Es scheint als w\u00e4re es eine Einheit und man hat hier eine tolle Aussicht auf die Bucht von Kata Noi. Lassen Sie sich verw\u00f6hnen und genie\u00dfen einfach nur die Ruhe und den Komfort.<\/span><\/p>\n\n\n<p><strong><span style=\"color: #ff0000;\"> 3 Tage \/ 2 N\u00e4chte<\/span> &#8211; Preise in <\/strong><strong>Thai Baht <\/strong><strong>pro Person von <\/strong><strong>18,300\u00a0 <a title=\"Easy Day Contact Form\" href=\"#form\">&gt;&gt; Ihr unverbindliches Angebot!<\/a><\/strong> <\/p>\n\n\n\n<p><strong>Phuket Hotel Paket inklusive<\/strong><strong> : <\/strong><strong><br><\/strong><\/p>\n\n\n\n<p><span style=\"line-height: 1.5em;\"><\/span><\/p>\n\n\n<p><\/span><\/p>\n<ul>\n<li>Privater <a title=\"Phuket Airport Transfer\" href=\"https:\/\/www.easydayphuket.com\/de\/phuket-transfers\/phuket-flughafentransfer\/\">Phuket Flughafen Transfer<\/a>.<\/li>\n<li>2 \u00dcbernachtungen bei Doppel-Belegung in Strand Villa.<\/li>\n<li><strong>Amerikanisches Fr\u00fchst\u00fcck<\/strong>.<\/li>\n<li><span style=\"line-height: 1.5em;\"><strong>Kostenlos<\/strong> W<\/span><span style=\"line-height: 1.5em;\">i-Fi .<\/span><\/li>\n<li>Steuern &amp; Versicherung.<\/li>\n<\/ul>\n\n\n\n<p class=\"has-text-align-right\"><a href='#form' class='small-button smallblue'>Preis Anfrage!<\/a><\/p>\n\n\n\n<h2 class=\"wp-block-heading\">The Shore at Katathani &#8211; Galerie<\/h2>\n\n\n\n<figure class=\"wp-block-gallery has-nested-images columns-3 is-cropped wp-block-gallery-1 is-layout-flex wp-block-gallery-is-layout-flex\">\n<figure class=\"wp-block-image size-large\"><img loading=\"lazy\" decoding=\"async\" width=\"313\" height=\"235\" data-id=\"6960\" src=\"https:\/\/www.easydayphuket.com\/wp-content\/uploads\/2014\/01\/2-Bed-Pool-Villa2.jpg\" alt=\"The Shore by Katathani, Phuket\" class=\"wp-image-6960\" srcset=\"https:\/\/www.easydayphuket.com\/wp-content\/uploads\/2014\/01\/2-Bed-Pool-Villa2.jpg 313w, https:\/\/www.easydayphuket.com\/wp-content\/uploads\/2014\/01\/2-Bed-Pool-Villa2-300x225.jpg 300w, https:\/\/www.easydayphuket.com\/wp-content\/uploads\/2014\/01\/2-Bed-Pool-Villa2-73x55.jpg 73w\" sizes=\"(max-width: 313px) 100vw, 313px\" \/><\/figure>\n\n\n\n<figure class=\"wp-block-image size-large\"><img loading=\"lazy\" decoding=\"async\" width=\"313\" height=\"235\" data-id=\"6966\" src=\"https:\/\/www.easydayphuket.com\/wp-content\/uploads\/2014\/01\/Sea-View-Pool-Villa.jpg\" alt=\"The Shore by Katathani, Phuket\" class=\"wp-image-6966\" srcset=\"https:\/\/www.easydayphuket.com\/wp-content\/uploads\/2014\/01\/Sea-View-Pool-Villa.jpg 313w, https:\/\/www.easydayphuket.com\/wp-content\/uploads\/2014\/01\/Sea-View-Pool-Villa-300x225.jpg 300w, https:\/\/www.easydayphuket.com\/wp-content\/uploads\/2014\/01\/Sea-View-Pool-Villa-73x55.jpg 73w\" sizes=\"(max-width: 313px) 100vw, 313px\" \/><\/figure>\n\n\n\n<figure class=\"wp-block-image size-large\"><img loading=\"lazy\" decoding=\"async\" width=\"312\" height=\"235\" data-id=\"6963\" src=\"https:\/\/www.easydayphuket.com\/wp-content\/uploads\/2014\/01\/Pool4.jpg\" alt=\"The Shore by Katathani\" class=\"wp-image-6963\" srcset=\"https:\/\/www.easydayphuket.com\/wp-content\/uploads\/2014\/01\/Pool4.jpg 312w, https:\/\/www.easydayphuket.com\/wp-content\/uploads\/2014\/01\/Pool4-300x225.jpg 300w, https:\/\/www.easydayphuket.com\/wp-content\/uploads\/2014\/01\/Pool4-73x55.jpg 73w\" sizes=\"(max-width: 312px) 100vw, 312px\" \/><\/figure>\n<\/figure>\n\n\n\n<h2 class=\"wp-block-heading\">The Shore Suites &#8211; Ausstattung<\/h2>\n\n\n<p>[twocol_one]<\/p>\n<ul>\n<li>24 Std Empfang<\/li>\n<li>Concierge.<\/li>\n<li>Pool Bar.<\/li>\n<li>Schlie\u00dff\u00e4cher.<\/li>\n<li>W\u00e4scherei.<\/li>\n<\/ul>\n<p>[\/twocol_one]<\/p>\n\n\n<p>[twocol_one_last]<\/p>\n<ul>\n<li>Salon.<\/li>\n<li>Gep\u00e4ckraum.<\/li>\n<li>Gesch\u00e4ftsbereich.<\/li>\n<li>Shops.<\/li>\n<li>Restaurant.<\/li>\n<\/ul>\n<p>[\/twocol_one_last]<\/p>\n\n\n\n<h3 class=\"wp-block-heading\" id=\"form\">Urlaubs Pakete &#8211; inklusive Ihrem gew\u00fcnschtem Phuket Hotel in Kata Noi !<\/h3>\n\n\n\n<p><strong>Gutes Phuket Urlaubsangebot<\/strong> &#8211; Ausgew\u00e4hlte <a href=\"https:\/\/www.easydayphuket.com\/de\/phuket-ausfluege\/\">Phuket Ausfl\u00fcge<\/a> und privater Phuket Flughafen Transfer, alles zusammen mit dem von Ihnen gew\u00fcnschtem Hotel. Informieren Sie uns und lassen Sie sich ein <strong>unverbindliches Angebot<\/strong> zukommen.<\/p>\n\n\n\n<script charset=\"utf-8\" type=\"text\/javascript\" src=\"\/\/js.hsforms.net\/forms\/embed\/v2.js\"><\/script>\n<script>\n  hbspt.forms.create({\n    region: \"na1\",\n    portalId: \"3413662\",\n    formId: \"59765d47-ffdf-4452-a315-11081d03c004\"\n  });\n<\/script>\n\n\n\n<h2 class=\"wp-block-heading\">The Shore &#8211; Anreise<\/h2>\n\n\n\n<p>Bei allen unseren Hotel Paketen ist der <a href=\"https:\/\/www.easydayphuket.com\/de\/phuket-transfers\/phuket-flughafentransfer\/\">Phuket Flughafen Transfer<\/a> inklusive. Wenn Sie selbst anreisen sollten finden Sie hier die dementsprechenden Details zum The Shore at Katathani, Phuket.<\/p>\n\n\n\n<p><span style=\"line-height: 1.5em;\">Eine Luxus-Pool Villa Resort am <a title=\"Kata Noi Beach \u2013 The Beaches of Phuket\" href=\"https:\/\/www.easydayphuket.com\/kata-noi-beach-beaches-phuket\/\" target=\"_blank\" rel=\"noopener\">Kata Noi Beach<\/a> in Phuket<\/span><\/p>\n\n\n\n<p><span style=\"line-height: 1.5em;\"> Eine nat\u00fcrlich Verbindung der Wohneinheit zwischen Au\u00dfen und Innen machen dieses Luxus Resort aus. Es scheint als w\u00e4re es eine Einheit und man hat hier eine tolle Aussicht auf die Bucht von Kata Noi. Lassen Sie sich verw\u00f6hnen und genie\u00dfen einfach nur die Ruhe und den Komfort.<\/span><span style=\"line-height: 1.5em;\"><br><\/span><\/p>\n\n\n\n<p>Fantastische Aussichten mit den dazugeh\u00f6rigen Annehmlichkeiten sind im The Shore Katathani der Garant f\u00fcr einen Urlaub der Superlative. Es sind nur ein paar Minuten bis in Zentrum von <a title=\"Kata Beach \u2013 The Beaches of Phuket\" href=\"https:\/\/www.easydayphuket.com\/kata-beach-beaches-phuket\/\" target=\"_blank\" rel=\"noopener\">Kata Beach, <\/a>wo Sie Einkaufsm\u00f6glichkeiten und ein gutes Abendprogramm vorfinden. Bis zum bekannten Phuket&nbsp; <a title=\"Patong Beach \u2013 The Beaches of Phuket\" href=\"https:\/\/www.easydayphuket.com\/de\/phukets-straende-patong-beach\/\" target=\"_blank\" rel=\"noopener\">Patong Beach<\/a> sind es gerade mal 20 Minuten und zum <a title=\"Karon Beach \u2013 The Beaches of Phuket\" href=\"https:\/\/www.easydayphuket.com\/karon-beach\/\" target=\"_blank\" rel=\"noopener\">Karon Beach<\/a> keine 10 Minuten.<\/p>\n\n\n\n<p>Sie k\u00f6nnen sich am Strand entspannen oder aber auch an Ihrem Swimmingpool liegen und sich von Ihrem Personal verw\u00f6hnen lassen. Es gibt ebenso ein gro\u00dfes Freizeit Angebot wo man&nbsp;<a title=\"Phi Phi Island Scuba Diving Tour\" href=\"https:\/\/www.easydayphuket.com\/de\/phuket-ausfluege\/phi-phi-island-touren\/tauchen-phi-phi-island\/\" target=\"_blank\" rel=\"noopener\">Tauchen<\/a>, <a title=\"Phuket Game Fishing Charter\" href=\"https:\/\/www.easydayphuket.com\/de\/phuket-unternehmungen\/phuket-hochseefischen\/\" target=\"_blank\" rel=\"noopener\">Hochseefischen<\/a> oder zur Phuket Inselrundfahrt gehen kann.<\/p>\n\n\n\n<h2 class=\"wp-block-heading\">The Shore &#8211; Allgemeine Informationen<\/h2>\n\n\n\n<ul class=\"wp-block-list\">\n<li><strong>Check in:<\/strong>&nbsp;14.00 Uhr<\/li>\n\n\n\n<li><strong>Check out:<\/strong>&nbsp;12.00 Uhr (Mittags)<\/li>\n\n\n\n<li><strong>Fr\u00fcher check in \/ Sp\u00e4ter check out: <\/strong>Je nach Verf\u00fcgbarkeit.<\/li>\n\n\n\n<li><strong>Kinder Optionen:<\/strong> Kinder erst ab 12 Jahren<\/li>\n\n\n\n<li><strong>Obligatorische Abendessen:<\/strong>&nbsp;Nein<\/li>\n<\/ul>\n","protected":false},"excerpt":{"rendered":"<p>The Shore at Katathani \u00a0ist ein Luxus-Pool Villa Resort am Kata Noi Beach in Phuket. Eine nat\u00fcrlich Verbindung der Wohneinheit zwischen Au\u00dfen und Innen machen dieses Luxus Resort aus. Es scheint als w\u00e4re es eine Einheit und man hat hier eine tolle Aussicht auf die Bucht von Kata Noi. Lassen Sie sich verw\u00f6hnen und genie\u00dfen [&hellip;]<\/p>\n","protected":false},"author":4,"featured_media":0,"parent":14823,"menu_order":0,"comment_status":"closed","ping_status":"closed","template":"","meta":{"_acf_changed":false,"_et_pb_use_builder":"","_et_pb_old_content":"","_et_gb_content_width":"","footnotes":""},"class_list":["post-14734","page","type-page","status-publish","hentry"],"acf":[],"yoast_head":"<!-- This site is optimized with the Yoast SEO plugin v25.1 - https:\/\/yoast.com\/wordpress\/plugins\/seo\/ -->\n<title>The Shore at Katathani online bei Easy Day Phuket Tours<\/title>\n<meta name=\"description\" content=\"The Shore at Katathani ist ein Luxus-Pool Villa Resort in Kata Noi Beach in Phuket. Die perfekte Einheit zwischen Luxus und Natur.\" \/>\n<meta name=\"robots\" content=\"index, follow, max-snippet:-1, max-image-preview:large, max-video-preview:-1\" \/>\n<link rel=\"canonical\" href=\"https:\/\/www.easydayphuket.com\/de\/phuket-hotels\/kata-beach-hotels\/the-shore-at-katathani\/\" \/>\n<meta property=\"og:locale\" content=\"de_DE\" \/>\n<meta property=\"og:type\" content=\"article\" \/>\n<meta property=\"og:title\" content=\"The Shore at Katathani online bei Easy Day Phuket Tours\" \/>\n<meta property=\"og:description\" content=\"The Shore at Katathani ist ein Luxus-Pool Villa Resort in Kata Noi Beach in Phuket. Die perfekte Einheit zwischen Luxus und Natur.\" \/>\n<meta property=\"og:url\" content=\"https:\/\/www.easydayphuket.com\/de\/phuket-hotels\/kata-beach-hotels\/the-shore-at-katathani\/\" \/>\n<meta property=\"og:site_name\" content=\"Easy Day Phuket\" \/>\n<meta property=\"article:publisher\" content=\"https:\/\/www.facebook.com\/Easydayinthailand\/\" \/>\n<meta property=\"article:modified_time\" content=\"2024-05-22T18:40:12+00:00\" \/>\n<meta property=\"og:image\" content=\"https:\/\/www.easydayphuket.com\/wp-content\/uploads\/2014\/01\/Sea-View-Pool-Villa2-e1390470417596.jpg\" \/>\n<meta name=\"twitter:label1\" content=\"Gesch\u00e4tzte Lesezeit\" \/>\n\t<meta name=\"twitter:data1\" content=\"3\u00a0Minuten\" \/>\n<script type=\"application\/ld+json\" class=\"yoast-schema-graph\">{\"@context\":\"https:\/\/schema.org\",\"@graph\":[{\"@type\":\"WebPage\",\"@id\":\"https:\/\/www.easydayphuket.com\/de\/phuket-hotels\/kata-beach-hotels\/the-shore-at-katathani\/\",\"url\":\"https:\/\/www.easydayphuket.com\/de\/phuket-hotels\/kata-beach-hotels\/the-shore-at-katathani\/\",\"name\":\"The Shore at Katathani online bei Easy Day Phuket Tours\",\"isPartOf\":{\"@id\":\"https:\/\/www.easydayphuket.com\/#website\"},\"primaryImageOfPage\":{\"@id\":\"https:\/\/www.easydayphuket.com\/de\/phuket-hotels\/kata-beach-hotels\/the-shore-at-katathani\/#primaryimage\"},\"image\":{\"@id\":\"https:\/\/www.easydayphuket.com\/de\/phuket-hotels\/kata-beach-hotels\/the-shore-at-katathani\/#primaryimage\"},\"thumbnailUrl\":\"https:\/\/www.easydayphuket.com\/wp-content\/uploads\/2014\/01\/Sea-View-Pool-Villa2-e1390470417596.jpg\",\"datePublished\":\"2016-07-23T08:35:33+00:00\",\"dateModified\":\"2024-05-22T18:40:12+00:00\",\"description\":\"The Shore at Katathani ist ein Luxus-Pool Villa Resort in Kata Noi Beach in Phuket. Die perfekte Einheit zwischen Luxus und Natur.\",\"breadcrumb\":{\"@id\":\"https:\/\/www.easydayphuket.com\/de\/phuket-hotels\/kata-beach-hotels\/the-shore-at-katathani\/#breadcrumb\"},\"inLanguage\":\"de\",\"potentialAction\":[{\"@type\":\"ReadAction\",\"target\":[\"https:\/\/www.easydayphuket.com\/de\/phuket-hotels\/kata-beach-hotels\/the-shore-at-katathani\/\"]}]},{\"@type\":\"ImageObject\",\"inLanguage\":\"de\",\"@id\":\"https:\/\/www.easydayphuket.com\/de\/phuket-hotels\/kata-beach-hotels\/the-shore-at-katathani\/#primaryimage\",\"url\":\"https:\/\/www.easydayphuket.com\/wp-content\/uploads\/2014\/01\/Sea-View-Pool-Villa2-e1390470417596.jpg\",\"contentUrl\":\"https:\/\/www.easydayphuket.com\/wp-content\/uploads\/2014\/01\/Sea-View-Pool-Villa2-e1390470417596.jpg\"},{\"@type\":\"BreadcrumbList\",\"@id\":\"https:\/\/www.easydayphuket.com\/de\/phuket-hotels\/kata-beach-hotels\/the-shore-at-katathani\/#breadcrumb\",\"itemListElement\":[{\"@type\":\"ListItem\",\"position\":1,\"name\":\"Home\",\"item\":\"https:\/\/www.easydayphuket.com\/de\/\"},{\"@type\":\"ListItem\",\"position\":2,\"name\":\"Phuket Hotel\",\"item\":\"https:\/\/www.easydayphuket.com\/de\/phuket-hotels\/\"},{\"@type\":\"ListItem\",\"position\":3,\"name\":\"Kata Beach Hotels\",\"item\":\"https:\/\/www.easydayphuket.com\/de\/phuket-hotels\/kata-beach-hotels\/\"},{\"@type\":\"ListItem\",\"position\":4,\"name\":\"The Shore at Katathani\"}]},{\"@type\":\"WebSite\",\"@id\":\"https:\/\/www.easydayphuket.com\/#website\",\"url\":\"https:\/\/www.easydayphuket.com\/\",\"name\":\"Easy Day Phuket\",\"description\":\"Ihr Phuket Tour & Reise Partner\",\"publisher\":{\"@id\":\"https:\/\/www.easydayphuket.com\/#organization\"},\"potentialAction\":[{\"@type\":\"SearchAction\",\"target\":{\"@type\":\"EntryPoint\",\"urlTemplate\":\"https:\/\/www.easydayphuket.com\/?s={search_term_string}\"},\"query-input\":{\"@type\":\"PropertyValueSpecification\",\"valueRequired\":true,\"valueName\":\"search_term_string\"}}],\"inLanguage\":\"de\"},{\"@type\":\"Organization\",\"@id\":\"https:\/\/www.easydayphuket.com\/#organization\",\"name\":\"Easy Day Thailand\",\"url\":\"https:\/\/www.easydayphuket.com\/\",\"logo\":{\"@type\":\"ImageObject\",\"inLanguage\":\"de\",\"@id\":\"https:\/\/www.easydayphuket.com\/#\/schema\/logo\/image\/\",\"url\":\"https:\/\/www.easydayphuket.com\/wp-content\/uploads\/2013\/07\/Sun-Thaiflag_booking12.gif\",\"contentUrl\":\"https:\/\/www.easydayphuket.com\/wp-content\/uploads\/2013\/07\/Sun-Thaiflag_booking12.gif\",\"width\":100,\"height\":94,\"caption\":\"Easy Day Thailand\"},\"image\":{\"@id\":\"https:\/\/www.easydayphuket.com\/#\/schema\/logo\/image\/\"},\"sameAs\":[\"https:\/\/www.facebook.com\/Easydayinthailand\/\",\"https:\/\/www.instagram.com\/easydaythailand\/\"]}]}<\/script>\n<!-- \/ Yoast SEO plugin. -->","yoast_head_json":{"title":"The Shore at Katathani online bei Easy Day Phuket Tours","description":"The Shore at Katathani ist ein Luxus-Pool Villa Resort in Kata Noi Beach in Phuket. Die perfekte Einheit zwischen Luxus und Natur.","robots":{"index":"index","follow":"follow","max-snippet":"max-snippet:-1","max-image-preview":"max-image-preview:large","max-video-preview":"max-video-preview:-1"},"canonical":"https:\/\/www.easydayphuket.com\/de\/phuket-hotels\/kata-beach-hotels\/the-shore-at-katathani\/","og_locale":"de_DE","og_type":"article","og_title":"The Shore at Katathani online bei Easy Day Phuket Tours","og_description":"The Shore at Katathani ist ein Luxus-Pool Villa Resort in Kata Noi Beach in Phuket. Die perfekte Einheit zwischen Luxus und Natur.","og_url":"https:\/\/www.easydayphuket.com\/de\/phuket-hotels\/kata-beach-hotels\/the-shore-at-katathani\/","og_site_name":"Easy Day Phuket","article_publisher":"https:\/\/www.facebook.com\/Easydayinthailand\/","article_modified_time":"2024-05-22T18:40:12+00:00","og_image":[{"url":"https:\/\/www.easydayphuket.com\/wp-content\/uploads\/2014\/01\/Sea-View-Pool-Villa2-e1390470417596.jpg","type":"","width":"","height":""}],"twitter_misc":{"Gesch\u00e4tzte Lesezeit":"3\u00a0Minuten"},"schema":{"@context":"https:\/\/schema.org","@graph":[{"@type":"WebPage","@id":"https:\/\/www.easydayphuket.com\/de\/phuket-hotels\/kata-beach-hotels\/the-shore-at-katathani\/","url":"https:\/\/www.easydayphuket.com\/de\/phuket-hotels\/kata-beach-hotels\/the-shore-at-katathani\/","name":"The Shore at Katathani online bei Easy Day Phuket Tours","isPartOf":{"@id":"https:\/\/www.easydayphuket.com\/#website"},"primaryImageOfPage":{"@id":"https:\/\/www.easydayphuket.com\/de\/phuket-hotels\/kata-beach-hotels\/the-shore-at-katathani\/#primaryimage"},"image":{"@id":"https:\/\/www.easydayphuket.com\/de\/phuket-hotels\/kata-beach-hotels\/the-shore-at-katathani\/#primaryimage"},"thumbnailUrl":"https:\/\/www.easydayphuket.com\/wp-content\/uploads\/2014\/01\/Sea-View-Pool-Villa2-e1390470417596.jpg","datePublished":"2016-07-23T08:35:33+00:00","dateModified":"2024-05-22T18:40:12+00:00","description":"The Shore at Katathani ist ein Luxus-Pool Villa Resort in Kata Noi Beach in Phuket. Die perfekte Einheit zwischen Luxus und Natur.","breadcrumb":{"@id":"https:\/\/www.easydayphuket.com\/de\/phuket-hotels\/kata-beach-hotels\/the-shore-at-katathani\/#breadcrumb"},"inLanguage":"de","potentialAction":[{"@type":"ReadAction","target":["https:\/\/www.easydayphuket.com\/de\/phuket-hotels\/kata-beach-hotels\/the-shore-at-katathani\/"]}]},{"@type":"ImageObject","inLanguage":"de","@id":"https:\/\/www.easydayphuket.com\/de\/phuket-hotels\/kata-beach-hotels\/the-shore-at-katathani\/#primaryimage","url":"https:\/\/www.easydayphuket.com\/wp-content\/uploads\/2014\/01\/Sea-View-Pool-Villa2-e1390470417596.jpg","contentUrl":"https:\/\/www.easydayphuket.com\/wp-content\/uploads\/2014\/01\/Sea-View-Pool-Villa2-e1390470417596.jpg"},{"@type":"BreadcrumbList","@id":"https:\/\/www.easydayphuket.com\/de\/phuket-hotels\/kata-beach-hotels\/the-shore-at-katathani\/#breadcrumb","itemListElement":[{"@type":"ListItem","position":1,"name":"Home","item":"https:\/\/www.easydayphuket.com\/de\/"},{"@type":"ListItem","position":2,"name":"Phuket Hotel","item":"https:\/\/www.easydayphuket.com\/de\/phuket-hotels\/"},{"@type":"ListItem","position":3,"name":"Kata Beach Hotels","item":"https:\/\/www.easydayphuket.com\/de\/phuket-hotels\/kata-beach-hotels\/"},{"@type":"ListItem","position":4,"name":"The Shore at Katathani"}]},{"@type":"WebSite","@id":"https:\/\/www.easydayphuket.com\/#website","url":"https:\/\/www.easydayphuket.com\/","name":"Easy Day Phuket","description":"Ihr Phuket Tour & Reise Partner","publisher":{"@id":"https:\/\/www.easydayphuket.com\/#organization"},"potentialAction":[{"@type":"SearchAction","target":{"@type":"EntryPoint","urlTemplate":"https:\/\/www.easydayphuket.com\/?s={search_term_string}"},"query-input":{"@type":"PropertyValueSpecification","valueRequired":true,"valueName":"search_term_string"}}],"inLanguage":"de"},{"@type":"Organization","@id":"https:\/\/www.easydayphuket.com\/#organization","name":"Easy Day Thailand","url":"https:\/\/www.easydayphuket.com\/","logo":{"@type":"ImageObject","inLanguage":"de","@id":"https:\/\/www.easydayphuket.com\/#\/schema\/logo\/image\/","url":"https:\/\/www.easydayphuket.com\/wp-content\/uploads\/2013\/07\/Sun-Thaiflag_booking12.gif","contentUrl":"https:\/\/www.easydayphuket.com\/wp-content\/uploads\/2013\/07\/Sun-Thaiflag_booking12.gif","width":100,"height":94,"caption":"Easy Day Thailand"},"image":{"@id":"https:\/\/www.easydayphuket.com\/#\/schema\/logo\/image\/"},"sameAs":["https:\/\/www.facebook.com\/Easydayinthailand\/","https:\/\/www.instagram.com\/easydaythailand\/"]}]}},"_links":{"self":[{"href":"https:\/\/www.easydayphuket.com\/de\/wp-json\/wp\/v2\/pages\/14734","targetHints":{"allow":["GET"]}}],"collection":[{"href":"https:\/\/www.easydayphuket.com\/de\/wp-json\/wp\/v2\/pages"}],"about":[{"href":"https:\/\/www.easydayphuket.com\/de\/wp-json\/wp\/v2\/types\/page"}],"author":[{"embeddable":true,"href":"https:\/\/www.easydayphuket.com\/de\/wp-json\/wp\/v2\/users\/4"}],"replies":[{"embeddable":true,"href":"https:\/\/www.easydayphuket.com\/de\/wp-json\/wp\/v2\/comments?post=14734"}],"version-history":[{"count":0,"href":"https:\/\/www.easydayphuket.com\/de\/wp-json\/wp\/v2\/pages\/14734\/revisions"}],"up":[{"embeddable":true,"href":"https:\/\/www.easydayphuket.com\/de\/wp-json\/wp\/v2\/pages\/14823"}],"wp:attachment":[{"href":"https:\/\/www.easydayphuket.com\/de\/wp-json\/wp\/v2\/media?parent=14734"}],"curies":[{"name":"wp","href":"https:\/\/api.w.org\/{rel}","templated":true}]}}