{"id":14290,"date":"2016-06-13T13:42:03","date_gmt":"2016-06-13T06:42:03","guid":{"rendered":"https:\/\/www.easydayphuket.com\/de\/vielen-dank-2\/"},"modified":"2024-05-25T02:00:28","modified_gmt":"2024-05-24T19:00:28","slug":"vielen-dank-2","status":"publish","type":"page","link":"https:\/\/www.easydayphuket.com\/de\/vielen-dank-2\/","title":{"rendered":"Vielen Dank"},"content":{"rendered":"\n<p>&#8230;..f\u00fcr Ihre Anfrage an Easy Day Phuket und wir werden uns umgehend bei Ihnen melden.<\/p>\n\n\n\n<p>Um zu gew\u00e4hrleisten das Sie unsere Antwort erhalten, f\u00fcgen Sie doch bitte <strong>info@easydaythailand.com<\/strong> zu Ihren Kontakten hinzu.<\/p>\n\n\n\n<p>Sollten Sie keine Antwort innerhalb von 24 Stunden erhalten, bitte kontaktieren Sie uns erneut auf <strong>info@easydaythailand.com<\/strong><\/p>\n\n\n\n<p>Viele Gr\u00fc\u00dfe aus Thailand<strong><br><\/strong><\/p>\n\n\n\n<p>Das Team von Easy Day Phuket \ud83d\ude42<\/p>\n\n\n\n<h2 class=\"wp-block-heading\">Ben\u00f6tigen Sie ein Hotel in Phuket ?<\/h2>\n\n\n\n<p>Hier finden Sie eine umfassende <strong>Liste von empfohlenen Hotels<\/strong> &amp; <strong>Hotel Pakete<\/strong>. <a title=\"Phuket Hotels\" href=\"https:\/\/www.easydayphuket.com\/de\/phuket-hotels\/\">Mehr Infos&#8230;<\/a><\/p>\n\n\n\n<h2 class=\"wp-block-heading\">W\u00fcnschen Sie einen privaten Flughafen Transfer ?<\/h2>\n\n\n\n<p>Wir bieten Ihnen einen entspannten Transfer, wo Ihr Urlaub schon nach der Landung beginnt. <a title=\"Phuket Airport Transfer\" href=\"https:\/\/www.easydayphuket.com\/de\/phuket-transfers\/phuket-flughafentransfer\/\">Buchen?<\/a><\/p>\n\n\n\n<h2 class=\"wp-block-heading\">Reise Versicherung &#8211; Einfach &amp; Leicht<\/h2>\n\n\n\n<p>Urlaubsaktivit\u00e4ten wie z.b Ausfl\u00fcge sind durch die Versicherung von Easy Day Thailand abgedeckt. Sollten Sie aber einen zus\u00e4tzlichen Versicherungsschutz f\u00fcr Fl\u00fcge, Gep\u00e4ck oder andere Eventualit\u00e4ten ben\u00f6tigen, dann empfehlen wir Ihnen eine private Reiseversicherung. <a href=\"https:\/\/www.easydaythailand.com\/travel-insurance\/\" target=\"_blank\" rel=\"noopener\">Mehr Infos&#8230;<\/a><\/p>\n","protected":false},"excerpt":{"rendered":"<p>&#8230;..f\u00fcr Ihre Anfrage an Easy Day Phuket und wir werden uns umgehend bei Ihnen melden. Um zu gew\u00e4hrleisten das Sie unsere Antwort erhalten, f\u00fcgen Sie doch bitte info@easydaythailand.com zu Ihren Kontakten hinzu. Sollten Sie keine Antwort innerhalb von 24 Stunden erhalten, bitte kontaktieren Sie uns erneut auf info@easydaythailand.com Viele Gr\u00fc\u00dfe aus Thailand Das Team von [&hellip;]<\/p>\n","protected":false},"author":4,"featured_media":0,"parent":0,"menu_order":0,"comment_status":"closed","ping_status":"closed","template":"","meta":{"_acf_changed":false,"_et_pb_use_builder":"","_et_pb_old_content":"","_et_gb_content_width":"","footnotes":""},"class_list":["post-14290","page","type-page","status-publish","hentry"],"acf":[],"yoast_head":"<!-- This site is optimized with the Yoast SEO plugin v25.1 - https:\/\/yoast.com\/wordpress\/plugins\/seo\/ -->\n<title>Vielen Dank - Easy Day Phuket<\/title>\n<meta name=\"robots\" content=\"index, follow, max-snippet:-1, max-image-preview:large, max-video-preview:-1\" \/>\n<link rel=\"canonical\" href=\"https:\/\/www.easydayphuket.com\/de\/vielen-dank-2\/\" \/>\n<meta property=\"og:locale\" content=\"de_DE\" \/>\n<meta property=\"og:type\" content=\"article\" \/>\n<meta property=\"og:title\" content=\"Vielen Dank - Easy Day Phuket\" \/>\n<meta property=\"og:description\" content=\"&#8230;..f\u00fcr Ihre Anfrage an Easy Day Phuket und wir werden uns umgehend bei Ihnen melden. Um zu gew\u00e4hrleisten das Sie unsere Antwort erhalten, f\u00fcgen Sie doch bitte info@easydaythailand.com zu Ihren Kontakten hinzu. Sollten Sie keine Antwort innerhalb von 24 Stunden erhalten, bitte kontaktieren Sie uns erneut auf info@easydaythailand.com Viele Gr\u00fc\u00dfe aus Thailand Das Team von [&hellip;]\" \/>\n<meta property=\"og:url\" content=\"https:\/\/www.easydayphuket.com\/de\/vielen-dank-2\/\" \/>\n<meta property=\"og:site_name\" content=\"Easy Day Phuket\" \/>\n<meta property=\"article:publisher\" content=\"https:\/\/www.facebook.com\/Easydayinthailand\/\" \/>\n<meta property=\"article:modified_time\" content=\"2024-05-24T19:00:28+00:00\" \/>\n<meta name=\"twitter:label1\" content=\"Gesch\u00e4tzte Lesezeit\" \/>\n\t<meta name=\"twitter:data1\" content=\"1\u00a0Minute\" \/>\n<script type=\"application\/ld+json\" class=\"yoast-schema-graph\">{\"@context\":\"https:\/\/schema.org\",\"@graph\":[{\"@type\":\"WebPage\",\"@id\":\"https:\/\/www.easydayphuket.com\/de\/vielen-dank-2\/\",\"url\":\"https:\/\/www.easydayphuket.com\/de\/vielen-dank-2\/\",\"name\":\"Vielen Dank - Easy Day Phuket\",\"isPartOf\":{\"@id\":\"https:\/\/www.easydayphuket.com\/#website\"},\"datePublished\":\"2016-06-13T06:42:03+00:00\",\"dateModified\":\"2024-05-24T19:00:28+00:00\",\"breadcrumb\":{\"@id\":\"https:\/\/www.easydayphuket.com\/de\/vielen-dank-2\/#breadcrumb\"},\"inLanguage\":\"de\",\"potentialAction\":[{\"@type\":\"ReadAction\",\"target\":[\"https:\/\/www.easydayphuket.com\/de\/vielen-dank-2\/\"]}]},{\"@type\":\"BreadcrumbList\",\"@id\":\"https:\/\/www.easydayphuket.com\/de\/vielen-dank-2\/#breadcrumb\",\"itemListElement\":[{\"@type\":\"ListItem\",\"position\":1,\"name\":\"Home\",\"item\":\"https:\/\/www.easydayphuket.com\/de\/\"},{\"@type\":\"ListItem\",\"position\":2,\"name\":\"Vielen Dank\"}]},{\"@type\":\"WebSite\",\"@id\":\"https:\/\/www.easydayphuket.com\/#website\",\"url\":\"https:\/\/www.easydayphuket.com\/\",\"name\":\"Easy Day Phuket\",\"description\":\"Ihr Phuket Tour & Reise Partner\",\"publisher\":{\"@id\":\"https:\/\/www.easydayphuket.com\/#organization\"},\"potentialAction\":[{\"@type\":\"SearchAction\",\"target\":{\"@type\":\"EntryPoint\",\"urlTemplate\":\"https:\/\/www.easydayphuket.com\/?s={search_term_string}\"},\"query-input\":{\"@type\":\"PropertyValueSpecification\",\"valueRequired\":true,\"valueName\":\"search_term_string\"}}],\"inLanguage\":\"de\"},{\"@type\":\"Organization\",\"@id\":\"https:\/\/www.easydayphuket.com\/#organization\",\"name\":\"Easy Day Thailand\",\"url\":\"https:\/\/www.easydayphuket.com\/\",\"logo\":{\"@type\":\"ImageObject\",\"inLanguage\":\"de\",\"@id\":\"https:\/\/www.easydayphuket.com\/#\/schema\/logo\/image\/\",\"url\":\"https:\/\/www.easydayphuket.com\/wp-content\/uploads\/2013\/07\/Sun-Thaiflag_booking12.gif\",\"contentUrl\":\"https:\/\/www.easydayphuket.com\/wp-content\/uploads\/2013\/07\/Sun-Thaiflag_booking12.gif\",\"width\":100,\"height\":94,\"caption\":\"Easy Day Thailand\"},\"image\":{\"@id\":\"https:\/\/www.easydayphuket.com\/#\/schema\/logo\/image\/\"},\"sameAs\":[\"https:\/\/www.facebook.com\/Easydayinthailand\/\",\"https:\/\/www.instagram.com\/easydaythailand\/\"]}]}<\/script>\n<!-- \/ Yoast SEO plugin. -->","yoast_head_json":{"title":"Vielen Dank - Easy Day Phuket","robots":{"index":"index","follow":"follow","max-snippet":"max-snippet:-1","max-image-preview":"max-image-preview:large","max-video-preview":"max-video-preview:-1"},"canonical":"https:\/\/www.easydayphuket.com\/de\/vielen-dank-2\/","og_locale":"de_DE","og_type":"article","og_title":"Vielen Dank - Easy Day Phuket","og_description":"&#8230;..f\u00fcr Ihre Anfrage an Easy Day Phuket und wir werden uns umgehend bei Ihnen melden. Um zu gew\u00e4hrleisten das Sie unsere Antwort erhalten, f\u00fcgen Sie doch bitte info@easydaythailand.com zu Ihren Kontakten hinzu. Sollten Sie keine Antwort innerhalb von 24 Stunden erhalten, bitte kontaktieren Sie uns erneut auf info@easydaythailand.com Viele Gr\u00fc\u00dfe aus Thailand Das Team von [&hellip;]","og_url":"https:\/\/www.easydayphuket.com\/de\/vielen-dank-2\/","og_site_name":"Easy Day Phuket","article_publisher":"https:\/\/www.facebook.com\/Easydayinthailand\/","article_modified_time":"2024-05-24T19:00:28+00:00","twitter_misc":{"Gesch\u00e4tzte Lesezeit":"1\u00a0Minute"},"schema":{"@context":"https:\/\/schema.org","@graph":[{"@type":"WebPage","@id":"https:\/\/www.easydayphuket.com\/de\/vielen-dank-2\/","url":"https:\/\/www.easydayphuket.com\/de\/vielen-dank-2\/","name":"Vielen Dank - Easy Day Phuket","isPartOf":{"@id":"https:\/\/www.easydayphuket.com\/#website"},"datePublished":"2016-06-13T06:42:03+00:00","dateModified":"2024-05-24T19:00:28+00:00","breadcrumb":{"@id":"https:\/\/www.easydayphuket.com\/de\/vielen-dank-2\/#breadcrumb"},"inLanguage":"de","potentialAction":[{"@type":"ReadAction","target":["https:\/\/www.easydayphuket.com\/de\/vielen-dank-2\/"]}]},{"@type":"BreadcrumbList","@id":"https:\/\/www.easydayphuket.com\/de\/vielen-dank-2\/#breadcrumb","itemListElement":[{"@type":"ListItem","position":1,"name":"Home","item":"https:\/\/www.easydayphuket.com\/de\/"},{"@type":"ListItem","position":2,"name":"Vielen Dank"}]},{"@type":"WebSite","@id":"https:\/\/www.easydayphuket.com\/#website","url":"https:\/\/www.easydayphuket.com\/","name":"Easy Day Phuket","description":"Ihr Phuket Tour & Reise Partner","publisher":{"@id":"https:\/\/www.easydayphuket.com\/#organization"},"potentialAction":[{"@type":"SearchAction","target":{"@type":"EntryPoint","urlTemplate":"https:\/\/www.easydayphuket.com\/?s={search_term_string}"},"query-input":{"@type":"PropertyValueSpecification","valueRequired":true,"valueName":"search_term_string"}}],"inLanguage":"de"},{"@type":"Organization","@id":"https:\/\/www.easydayphuket.com\/#organization","name":"Easy Day Thailand","url":"https:\/\/www.easydayphuket.com\/","logo":{"@type":"ImageObject","inLanguage":"de","@id":"https:\/\/www.easydayphuket.com\/#\/schema\/logo\/image\/","url":"https:\/\/www.easydayphuket.com\/wp-content\/uploads\/2013\/07\/Sun-Thaiflag_booking12.gif","contentUrl":"https:\/\/www.easydayphuket.com\/wp-content\/uploads\/2013\/07\/Sun-Thaiflag_booking12.gif","width":100,"height":94,"caption":"Easy Day Thailand"},"image":{"@id":"https:\/\/www.easydayphuket.com\/#\/schema\/logo\/image\/"},"sameAs":["https:\/\/www.facebook.com\/Easydayinthailand\/","https:\/\/www.instagram.com\/easydaythailand\/"]}]}},"_links":{"self":[{"href":"https:\/\/www.easydayphuket.com\/de\/wp-json\/wp\/v2\/pages\/14290","targetHints":{"allow":["GET"]}}],"collection":[{"href":"https:\/\/www.easydayphuket.com\/de\/wp-json\/wp\/v2\/pages"}],"about":[{"href":"https:\/\/www.easydayphuket.com\/de\/wp-json\/wp\/v2\/types\/page"}],"author":[{"embeddable":true,"href":"https:\/\/www.easydayphuket.com\/de\/wp-json\/wp\/v2\/users\/4"}],"replies":[{"embeddable":true,"href":"https:\/\/www.easydayphuket.com\/de\/wp-json\/wp\/v2\/comments?post=14290"}],"version-history":[{"count":0,"href":"https:\/\/www.easydayphuket.com\/de\/wp-json\/wp\/v2\/pages\/14290\/revisions"}],"wp:attachment":[{"href":"https:\/\/www.easydayphuket.com\/de\/wp-json\/wp\/v2\/media?parent=14290"}],"curies":[{"name":"wp","href":"https:\/\/api.w.org\/{rel}","templated":true}]}}