{"id":13448,"date":"2016-05-31T10:44:33","date_gmt":"2016-05-31T03:44:33","guid":{"rendered":"https:\/\/www.easydayphuket.com\/de\/phuket-hotel\/kamala-beach-hotels\/the-palms-resort-kamala\/"},"modified":"2024-05-15T01:33:39","modified_gmt":"2024-05-14T18:33:39","slug":"palms-resort-kamala","status":"publish","type":"page","link":"https:\/\/www.easydayphuket.com\/de\/phuket-hotels\/kamala-beach-hotels\/palms-resort-kamala\/","title":{"rendered":"Palms Resort Kamala"},"content":{"rendered":"\n<figure class=\"wp-block-image alignright wp-image-3711 size-full\"><img loading=\"lazy\" decoding=\"async\" width=\"240\" height=\"181\" src=\"https:\/\/www.easydayphuket.com\/wp-content\/uploads\/2014\/01\/View1-e1389766376817.jpg\" alt=\"The Palms Resort Kamala\" class=\"wp-image-3711\"\/><figcaption class=\"wp-element-caption\">Kamala Palms Hotel &#8211; Phuket<\/figcaption><\/figure>\n\n\n\n<p>The Palms Resort Kamala ist die ideale Wahl f\u00fcr einen ultimativen und erholsamen Urlaub in Phuket. Zentral gelegen und nicht weit entfernt von s\u00e4mtlichen Restaurants, Beach Bars und Einkaufsm\u00f6glichkeiten macht dieses Phuket Hotel zu etwas besonderem. Die luxuri\u00f6se Unterkunft ist auch gleich um die Ecke von dem bekannten <a title=\"Laem Singh Beach \u2013 Beaches of Phuket\" href=\"https:\/\/www.easydayphuket.com\/de\/laem-singh-beach-phukets-straende\/\" target=\"_blank\" rel=\"noopener\">Laem Sing Beach<\/a> und <a title=\"Surin Beach \u2013 The Beaches of Phuket\" href=\"https:\/\/www.easydayphuket.com\/de\/surin-beach-phukets-straende\/\" target=\"_blank\" rel=\"noopener\">Surin Beach. <\/a><\/p>\n\n\n\n<ul class=\"wp-block-list\">\n<li>Direkt am <a title=\"Kamala Beach \u2013 The beaches of Phuket\" href=\"https:\/\/www.easydayphuket.com\/de\/kamala-beach-phukets-straende\/\" target=\"_blank\" rel=\"noopener\">Kamala Beach<\/a>.<\/li>\n\n\n\n<li>Herrliche &amp; <strong>ruhige Umgebung<\/strong>.<\/li>\n\n\n\n<li>Sehr gutes &amp; freundliches Personal.<\/li>\n\n\n\n<li><strong>Kurzer Weg<\/strong> zum Strand<strong>.<\/strong><\/li>\n\n\n\n<li>Fantastische Unterk\u00fcnfte.<\/li>\n\n\n\n<li><strong>Kinder Swimmingpool.<\/strong><\/li>\n<\/ul>\n\n\n<p><strong><span style=\"color: #ff0000;\"> 3 Tage \/ 2 N\u00e4chte<\/span> &#8211; Preise in <\/strong><strong>Thai Baht <\/strong><strong>pro Person ab <\/strong><strong>2,800\u00a0 <a title=\"Easy Day Contact Form\" href=\"#form\">&gt;&gt; Ihr unverbindliches Angebot!<\/a><\/strong> <\/p>\n\n\n\n<p><strong>Phuket Hotel Paket<\/strong><strong> Inklusive :&nbsp;<\/strong><\/p>\n\n\n\n<p><span style=\"line-height: 1.5em;\"><\/span><\/p>\n\n\n<p><\/span><\/p>\n<ul>\n<li><strong>Privater<\/strong> Phuket Flughafen Transfer!<\/li>\n<li>2 \u00dcbernachtungen im Standart-Zimmer bei Doppel-Belegung mit Blick zum Pool!<\/li>\n<li>Amerikanische Fr\u00fchst\u00fcck f\u00fcr 2 Personen.<\/li>\n<li><span style=\"line-height: 1.5em;\"><strong>Kostenlos Internet<\/strong> jedes Zimmer &amp; Villa!<\/span><\/li>\n<li>Steuern &amp; Versicherung!<\/li>\n<\/ul>\n\n\n\n<p class=\"has-text-align-right\"><a href='#form' class='small-button smallblue'>Preis Anfrage!<\/a><\/p>\n\n\n\n<h2 class=\"wp-block-heading\">The Palms Resort Zimmer &amp; Einrichtung<\/h2>\n\n\n\n<figure class=\"wp-block-gallery has-nested-images columns-3 is-cropped wp-block-gallery-1 is-layout-flex wp-block-gallery-is-layout-flex\">\n<figure class=\"wp-block-image size-large\"><img loading=\"lazy\" decoding=\"async\" width=\"240\" height=\"181\" data-id=\"6876\" src=\"https:\/\/www.easydayphuket.com\/wp-content\/uploads\/2014\/01\/View1-e1389766376817.jpg\" alt=\"Kamala Palms Hotel\" class=\"wp-image-6876\"\/><\/figure>\n\n\n\n<figure class=\"wp-block-image size-large\"><img loading=\"lazy\" decoding=\"async\" width=\"240\" height=\"181\" data-id=\"6879\" src=\"https:\/\/www.easydayphuket.com\/wp-content\/uploads\/2014\/01\/pool2-e1389766631631.jpg\" alt=\"Kamala Palms Hotel\" class=\"wp-image-6879\"\/><\/figure>\n\n\n\n<figure class=\"wp-block-image size-large\"><img loading=\"lazy\" decoding=\"async\" width=\"640\" height=\"480\" data-id=\"11517\" src=\"https:\/\/www.easydayphuket.com\/wp-content\/uploads\/2014\/01\/Family-Appartment-The-Palms-Kamala.jpg\" alt=\"Kamala Palms Hotel\" class=\"wp-image-11517\" srcset=\"https:\/\/www.easydayphuket.com\/wp-content\/uploads\/2014\/01\/Family-Appartment-The-Palms-Kamala.jpg 640w, https:\/\/www.easydayphuket.com\/wp-content\/uploads\/2014\/01\/Family-Appartment-The-Palms-Kamala-300x225.jpg 300w, https:\/\/www.easydayphuket.com\/wp-content\/uploads\/2014\/01\/Family-Appartment-The-Palms-Kamala-73x55.jpg 73w\" sizes=\"(max-width: 640px) 100vw, 640px\" \/><\/figure>\n\n\n\n<figure class=\"wp-block-image size-large\"><img loading=\"lazy\" decoding=\"async\" width=\"640\" height=\"480\" data-id=\"11522\" src=\"https:\/\/www.easydayphuket.com\/wp-content\/uploads\/2014\/01\/Pool-Room-The-Palms-Kamala.jpg\" alt=\"Kamala Palms Hotel\" class=\"wp-image-11522\" srcset=\"https:\/\/www.easydayphuket.com\/wp-content\/uploads\/2014\/01\/Pool-Room-The-Palms-Kamala.jpg 640w, https:\/\/www.easydayphuket.com\/wp-content\/uploads\/2014\/01\/Pool-Room-The-Palms-Kamala-300x225.jpg 300w, https:\/\/www.easydayphuket.com\/wp-content\/uploads\/2014\/01\/Pool-Room-The-Palms-Kamala-73x55.jpg 73w\" sizes=\"(max-width: 640px) 100vw, 640px\" \/><\/figure>\n\n\n\n<figure class=\"wp-block-image size-large\"><img loading=\"lazy\" decoding=\"async\" width=\"550\" height=\"367\" data-id=\"11527\" src=\"https:\/\/www.easydayphuket.com\/wp-content\/uploads\/2014\/01\/Pool-Side-Appartment-The-Palms-Kamala.jpg\" alt=\"Kamala Palms Hotel\" class=\"wp-image-11527\" srcset=\"https:\/\/www.easydayphuket.com\/wp-content\/uploads\/2014\/01\/Pool-Side-Appartment-The-Palms-Kamala.jpg 550w, https:\/\/www.easydayphuket.com\/wp-content\/uploads\/2014\/01\/Pool-Side-Appartment-The-Palms-Kamala-300x200.jpg 300w, https:\/\/www.easydayphuket.com\/wp-content\/uploads\/2014\/01\/Pool-Side-Appartment-The-Palms-Kamala-82x55.jpg 82w, https:\/\/www.easydayphuket.com\/wp-content\/uploads\/2014\/01\/Pool-Side-Appartment-The-Palms-Kamala-180x120.jpg 180w\" sizes=\"(max-width: 550px) 100vw, 550px\" \/><\/figure>\n\n\n\n<figure class=\"wp-block-image size-large\"><img loading=\"lazy\" decoding=\"async\" width=\"550\" height=\"367\" data-id=\"11532\" src=\"https:\/\/www.easydayphuket.com\/wp-content\/uploads\/2014\/01\/Pool-Side-Appartment-Living-Area-The-Palms-Kamala.jpg\" alt=\"Kamala Palms Hotel\" class=\"wp-image-11532\" srcset=\"https:\/\/www.easydayphuket.com\/wp-content\/uploads\/2014\/01\/Pool-Side-Appartment-Living-Area-The-Palms-Kamala.jpg 550w, https:\/\/www.easydayphuket.com\/wp-content\/uploads\/2014\/01\/Pool-Side-Appartment-Living-Area-The-Palms-Kamala-300x200.jpg 300w, https:\/\/www.easydayphuket.com\/wp-content\/uploads\/2014\/01\/Pool-Side-Appartment-Living-Area-The-Palms-Kamala-82x55.jpg 82w, https:\/\/www.easydayphuket.com\/wp-content\/uploads\/2014\/01\/Pool-Side-Appartment-Living-Area-The-Palms-Kamala-180x120.jpg 180w\" sizes=\"(max-width: 550px) 100vw, 550px\" \/><\/figure>\n\n\n\n<figure class=\"wp-block-image size-large\"><img loading=\"lazy\" decoding=\"async\" width=\"640\" height=\"480\" data-id=\"11537\" src=\"https:\/\/www.easydayphuket.com\/wp-content\/uploads\/2014\/01\/Twin-Pool-View-Room-The-Palms-Kamala.jpg\" alt=\"Kamala Palms Hotel\" class=\"wp-image-11537\" srcset=\"https:\/\/www.easydayphuket.com\/wp-content\/uploads\/2014\/01\/Twin-Pool-View-Room-The-Palms-Kamala.jpg 640w, https:\/\/www.easydayphuket.com\/wp-content\/uploads\/2014\/01\/Twin-Pool-View-Room-The-Palms-Kamala-300x225.jpg 300w, https:\/\/www.easydayphuket.com\/wp-content\/uploads\/2014\/01\/Twin-Pool-View-Room-The-Palms-Kamala-73x55.jpg 73w\" sizes=\"(max-width: 640px) 100vw, 640px\" \/><\/figure>\n<\/figure>\n\n\n\n<h2 class=\"wp-block-heading\">The Palms Resort Kamala &#8211; Einrichtung<\/h2>\n\n\n<p>[twocol_one]<\/p>\n<ul>\n<li>24 Std Zimmerservice.<\/li>\n<li>Familien Zimmer.<\/li>\n<li><strong>Pool Bar.<\/strong><\/li>\n<li>Restaurant.<\/li>\n<li>Sports und Freizeit.<\/li>\n<\/ul>\n<p>[\/twocol_one]<\/p>\n\n\n<p>[twocol_one_last]<\/p>\n<ul>\n<li>Fitness Raum.<\/li>\n<li>Swimmingpool.<\/li>\n<li><strong>Pool (Kinder).<\/strong><\/li>\n<li>Parkpl\u00e4tze.<\/li>\n<\/ul>\n<p>[\/twocol_one_last]<\/p>\n\n\n\n<h3 class=\"wp-block-heading\" id=\"form\">Urlaubs Pakete &#8211; inklusive Ihrem gew\u00fcnschtem Hotel !<\/h3>\n\n\n\n<p><strong>Gutes Phuket Urlaubsangebot<\/strong> &#8211; Ausgew\u00e4hlte <a href=\"https:\/\/www.easydayphuket.com\/de\/phuket-ausfluege\/\">Phuket Ausfl\u00fcge<\/a> und privater Phuket Flughafen Transfer, alles zusammen mit dem von Ihnen gew\u00fcnschtem Hotel. Informieren Sie uns und lassen Sie sich ein <strong>unverbindliches Angebot<\/strong> zukommen.<\/p>\n\n\n\n<script charset=\"utf-8\" type=\"text\/javascript\" src=\"\/\/js.hsforms.net\/forms\/embed\/v2.js\"><\/script>\n<script>\n  hbspt.forms.create({\n    region: \"na1\",\n    portalId: \"3413662\",\n    formId: \"59765d47-ffdf-4452-a315-11081d03c004\"\n  });\n<\/script>\n\n\n\n<h2 class=\"wp-block-heading\">The Palms Resort Kamala Phuket &#8211; Anreise<\/h2>\n\n\n\n<p>Bei allen unseren Hotel Paketen ist der <a href=\"https:\/\/www.easydayphuket.com\/de\/phuket-transfers\/phuket-flughafentransfer\/\">Phuket Flughafen Transfer<\/a> inklusive. Wenn Sie selbst anreisen sollten finden Sie hier die dementsprechenden Details zum The Palms Resort Kamala, Phuket.<\/p>\n\n\n\n<p>Wenn Sie vom <a href=\"https:\/\/www.easydayphuket.com\/de\/flughafen-phuket\/\">Flughafen Phuket<\/a> kommen und \u00fcber Surin Beach zum nach Kamala Beach rein fahren kommen Sie zu Ihrer Linken an der <a href=\"https:\/\/www.easydayphuket.com\/de\/phuket-ausfluege\/phuket-veranstaltungen\/phuket-fantasea-show\/\">Phuket Fantasea Show<\/a> vorbei. Von dort ca. 200 Meter weiter kommen Sie an eine Ampel, wo Sie nach rechts abbiegen. Dann Immer der Stra\u00dfe nach und nach weiteren ca. 200 Meter kommen Sie zum The Palms Resort Kamala, Phuket.<\/p>\n\n\n\n<h2 class=\"wp-block-heading\">The Palms Resort Kamala &#8211; Allgemeine Informationen<\/h2>\n\n\n\n<ul class=\"wp-block-list\">\n<li><strong>Check in:<\/strong>\u00a014.00 Uhr<\/li>\n\n\n\n<li><strong>Check out:<\/strong>\u00a012.00 Uhr Mittag<\/li>\n\n\n\n<li><strong>Fr\u00fch check in \/ Sp\u00e4t check out: <\/strong>Je nach Verf\u00fcgbarkeit.<\/li>\n\n\n\n<li><strong>Kinder Optionen:<\/strong> Kinder unter 4 Jahren im Zimmer der Eltern sind ohne Zusatzbett kostenlos inklusive Fr\u00fchst\u00fcck.<\/li>\n\n\n\n<li><strong>Obligatorische Abendessen:<\/strong>\u00a0 Nein<\/li>\n\n\n\n<li>Jede Suite hat kostenlosen Zugang zum Fitness Raum und f\u00fcr Kinder ab 16 Jahren.<\/li>\n<\/ul>\n","protected":false},"excerpt":{"rendered":"<p>The Palms Resort Kamala ist die ideale Wahl f\u00fcr einen ultimativen und erholsamen Urlaub in Phuket. Zentral gelegen und nicht weit entfernt von s\u00e4mtlichen Restaurants, Beach Bars und Einkaufsm\u00f6glichkeiten macht dieses Phuket Hotel zu etwas besonderem. Die luxuri\u00f6se Unterkunft ist auch gleich um die Ecke von dem bekannten Laem Sing Beach und Surin Beach. Phuket [&hellip;]<\/p>\n","protected":false},"author":4,"featured_media":0,"parent":13416,"menu_order":0,"comment_status":"closed","ping_status":"open","template":"","meta":{"_acf_changed":false,"_et_pb_use_builder":"","_et_pb_old_content":"","_et_gb_content_width":"","footnotes":""},"class_list":["post-13448","page","type-page","status-publish","hentry"],"acf":[],"yoast_head":"<!-- This site is optimized with the Yoast SEO plugin v25.1 - https:\/\/yoast.com\/wordpress\/plugins\/seo\/ -->\n<title>The Palms Resort Kamala - Easy Day Phuket Ausfl\u00fcge<\/title>\n<meta name=\"description\" content=\"The Palms Resort Kamala ist ein Hotel in einer wirklich sch\u00f6nen Gegend mit dem perfekten Strand. Etwas abgelegen aber traumhaft sch\u00f6n und g\u00fcnstig.\" \/>\n<meta name=\"robots\" content=\"index, follow, max-snippet:-1, max-image-preview:large, max-video-preview:-1\" \/>\n<link rel=\"canonical\" href=\"https:\/\/www.easydayphuket.com\/de\/phuket-hotels\/kamala-beach-hotels\/palms-resort-kamala\/\" \/>\n<meta property=\"og:locale\" content=\"de_DE\" \/>\n<meta property=\"og:type\" content=\"article\" \/>\n<meta property=\"og:title\" content=\"The Palms Resort Kamala - Easy Day Phuket Ausfl\u00fcge\" \/>\n<meta property=\"og:description\" content=\"The Palms Resort Kamala ist ein Hotel in einer wirklich sch\u00f6nen Gegend mit dem perfekten Strand. Etwas abgelegen aber traumhaft sch\u00f6n und g\u00fcnstig.\" \/>\n<meta property=\"og:url\" content=\"https:\/\/www.easydayphuket.com\/de\/phuket-hotels\/kamala-beach-hotels\/palms-resort-kamala\/\" \/>\n<meta property=\"og:site_name\" content=\"Easy Day Phuket\" \/>\n<meta property=\"article:publisher\" content=\"https:\/\/www.facebook.com\/Easydayinthailand\/\" \/>\n<meta property=\"article:modified_time\" content=\"2024-05-14T18:33:39+00:00\" \/>\n<meta property=\"og:image\" content=\"https:\/\/www.easydayphuket.com\/wp-content\/uploads\/2014\/01\/View1-e1389766376817.jpg\" \/>\n<meta name=\"twitter:label1\" content=\"Gesch\u00e4tzte Lesezeit\" \/>\n\t<meta name=\"twitter:data1\" content=\"4\u00a0Minuten\" \/>\n<script type=\"application\/ld+json\" class=\"yoast-schema-graph\">{\"@context\":\"https:\/\/schema.org\",\"@graph\":[{\"@type\":\"WebPage\",\"@id\":\"https:\/\/www.easydayphuket.com\/de\/phuket-hotels\/kamala-beach-hotels\/palms-resort-kamala\/\",\"url\":\"https:\/\/www.easydayphuket.com\/de\/phuket-hotels\/kamala-beach-hotels\/palms-resort-kamala\/\",\"name\":\"The Palms Resort Kamala - Easy Day Phuket Ausfl\u00fcge\",\"isPartOf\":{\"@id\":\"https:\/\/www.easydayphuket.com\/#website\"},\"primaryImageOfPage\":{\"@id\":\"https:\/\/www.easydayphuket.com\/de\/phuket-hotels\/kamala-beach-hotels\/palms-resort-kamala\/#primaryimage\"},\"image\":{\"@id\":\"https:\/\/www.easydayphuket.com\/de\/phuket-hotels\/kamala-beach-hotels\/palms-resort-kamala\/#primaryimage\"},\"thumbnailUrl\":\"https:\/\/www.easydayphuket.com\/wp-content\/uploads\/2014\/01\/View1-e1389766376817.jpg\",\"datePublished\":\"2016-05-31T03:44:33+00:00\",\"dateModified\":\"2024-05-14T18:33:39+00:00\",\"description\":\"The Palms Resort Kamala ist ein Hotel in einer wirklich sch\u00f6nen Gegend mit dem perfekten Strand. Etwas abgelegen aber traumhaft sch\u00f6n und g\u00fcnstig.\",\"breadcrumb\":{\"@id\":\"https:\/\/www.easydayphuket.com\/de\/phuket-hotels\/kamala-beach-hotels\/palms-resort-kamala\/#breadcrumb\"},\"inLanguage\":\"de\",\"potentialAction\":[{\"@type\":\"ReadAction\",\"target\":[\"https:\/\/www.easydayphuket.com\/de\/phuket-hotels\/kamala-beach-hotels\/palms-resort-kamala\/\"]}]},{\"@type\":\"ImageObject\",\"inLanguage\":\"de\",\"@id\":\"https:\/\/www.easydayphuket.com\/de\/phuket-hotels\/kamala-beach-hotels\/palms-resort-kamala\/#primaryimage\",\"url\":\"https:\/\/www.easydayphuket.com\/wp-content\/uploads\/2014\/01\/View1-e1389766376817.jpg\",\"contentUrl\":\"https:\/\/www.easydayphuket.com\/wp-content\/uploads\/2014\/01\/View1-e1389766376817.jpg\"},{\"@type\":\"BreadcrumbList\",\"@id\":\"https:\/\/www.easydayphuket.com\/de\/phuket-hotels\/kamala-beach-hotels\/palms-resort-kamala\/#breadcrumb\",\"itemListElement\":[{\"@type\":\"ListItem\",\"position\":1,\"name\":\"Home\",\"item\":\"https:\/\/www.easydayphuket.com\/de\/\"},{\"@type\":\"ListItem\",\"position\":2,\"name\":\"Phuket Hotel\",\"item\":\"https:\/\/www.easydayphuket.com\/de\/phuket-hotels\/\"},{\"@type\":\"ListItem\",\"position\":3,\"name\":\"Kamala Beach Hotels &#8211; Phuket\",\"item\":\"https:\/\/www.easydayphuket.com\/de\/phuket-hotels\/kamala-beach-hotels\/\"},{\"@type\":\"ListItem\",\"position\":4,\"name\":\"Palms Resort Kamala\"}]},{\"@type\":\"WebSite\",\"@id\":\"https:\/\/www.easydayphuket.com\/#website\",\"url\":\"https:\/\/www.easydayphuket.com\/\",\"name\":\"Easy Day Phuket\",\"description\":\"Ihr Phuket Tour & Reise Partner\",\"publisher\":{\"@id\":\"https:\/\/www.easydayphuket.com\/#organization\"},\"potentialAction\":[{\"@type\":\"SearchAction\",\"target\":{\"@type\":\"EntryPoint\",\"urlTemplate\":\"https:\/\/www.easydayphuket.com\/?s={search_term_string}\"},\"query-input\":{\"@type\":\"PropertyValueSpecification\",\"valueRequired\":true,\"valueName\":\"search_term_string\"}}],\"inLanguage\":\"de\"},{\"@type\":\"Organization\",\"@id\":\"https:\/\/www.easydayphuket.com\/#organization\",\"name\":\"Easy Day Thailand\",\"url\":\"https:\/\/www.easydayphuket.com\/\",\"logo\":{\"@type\":\"ImageObject\",\"inLanguage\":\"de\",\"@id\":\"https:\/\/www.easydayphuket.com\/#\/schema\/logo\/image\/\",\"url\":\"https:\/\/www.easydayphuket.com\/wp-content\/uploads\/2013\/07\/Sun-Thaiflag_booking12.gif\",\"contentUrl\":\"https:\/\/www.easydayphuket.com\/wp-content\/uploads\/2013\/07\/Sun-Thaiflag_booking12.gif\",\"width\":100,\"height\":94,\"caption\":\"Easy Day Thailand\"},\"image\":{\"@id\":\"https:\/\/www.easydayphuket.com\/#\/schema\/logo\/image\/\"},\"sameAs\":[\"https:\/\/www.facebook.com\/Easydayinthailand\/\",\"https:\/\/www.instagram.com\/easydaythailand\/\"]}]}<\/script>\n<!-- \/ Yoast SEO plugin. -->","yoast_head_json":{"title":"The Palms Resort Kamala - Easy Day Phuket Ausfl\u00fcge","description":"The Palms Resort Kamala ist ein Hotel in einer wirklich sch\u00f6nen Gegend mit dem perfekten Strand. Etwas abgelegen aber traumhaft sch\u00f6n und g\u00fcnstig.","robots":{"index":"index","follow":"follow","max-snippet":"max-snippet:-1","max-image-preview":"max-image-preview:large","max-video-preview":"max-video-preview:-1"},"canonical":"https:\/\/www.easydayphuket.com\/de\/phuket-hotels\/kamala-beach-hotels\/palms-resort-kamala\/","og_locale":"de_DE","og_type":"article","og_title":"The Palms Resort Kamala - Easy Day Phuket Ausfl\u00fcge","og_description":"The Palms Resort Kamala ist ein Hotel in einer wirklich sch\u00f6nen Gegend mit dem perfekten Strand. Etwas abgelegen aber traumhaft sch\u00f6n und g\u00fcnstig.","og_url":"https:\/\/www.easydayphuket.com\/de\/phuket-hotels\/kamala-beach-hotels\/palms-resort-kamala\/","og_site_name":"Easy Day Phuket","article_publisher":"https:\/\/www.facebook.com\/Easydayinthailand\/","article_modified_time":"2024-05-14T18:33:39+00:00","og_image":[{"url":"https:\/\/www.easydayphuket.com\/wp-content\/uploads\/2014\/01\/View1-e1389766376817.jpg","type":"","width":"","height":""}],"twitter_misc":{"Gesch\u00e4tzte Lesezeit":"4\u00a0Minuten"},"schema":{"@context":"https:\/\/schema.org","@graph":[{"@type":"WebPage","@id":"https:\/\/www.easydayphuket.com\/de\/phuket-hotels\/kamala-beach-hotels\/palms-resort-kamala\/","url":"https:\/\/www.easydayphuket.com\/de\/phuket-hotels\/kamala-beach-hotels\/palms-resort-kamala\/","name":"The Palms Resort Kamala - Easy Day Phuket Ausfl\u00fcge","isPartOf":{"@id":"https:\/\/www.easydayphuket.com\/#website"},"primaryImageOfPage":{"@id":"https:\/\/www.easydayphuket.com\/de\/phuket-hotels\/kamala-beach-hotels\/palms-resort-kamala\/#primaryimage"},"image":{"@id":"https:\/\/www.easydayphuket.com\/de\/phuket-hotels\/kamala-beach-hotels\/palms-resort-kamala\/#primaryimage"},"thumbnailUrl":"https:\/\/www.easydayphuket.com\/wp-content\/uploads\/2014\/01\/View1-e1389766376817.jpg","datePublished":"2016-05-31T03:44:33+00:00","dateModified":"2024-05-14T18:33:39+00:00","description":"The Palms Resort Kamala ist ein Hotel in einer wirklich sch\u00f6nen Gegend mit dem perfekten Strand. Etwas abgelegen aber traumhaft sch\u00f6n und g\u00fcnstig.","breadcrumb":{"@id":"https:\/\/www.easydayphuket.com\/de\/phuket-hotels\/kamala-beach-hotels\/palms-resort-kamala\/#breadcrumb"},"inLanguage":"de","potentialAction":[{"@type":"ReadAction","target":["https:\/\/www.easydayphuket.com\/de\/phuket-hotels\/kamala-beach-hotels\/palms-resort-kamala\/"]}]},{"@type":"ImageObject","inLanguage":"de","@id":"https:\/\/www.easydayphuket.com\/de\/phuket-hotels\/kamala-beach-hotels\/palms-resort-kamala\/#primaryimage","url":"https:\/\/www.easydayphuket.com\/wp-content\/uploads\/2014\/01\/View1-e1389766376817.jpg","contentUrl":"https:\/\/www.easydayphuket.com\/wp-content\/uploads\/2014\/01\/View1-e1389766376817.jpg"},{"@type":"BreadcrumbList","@id":"https:\/\/www.easydayphuket.com\/de\/phuket-hotels\/kamala-beach-hotels\/palms-resort-kamala\/#breadcrumb","itemListElement":[{"@type":"ListItem","position":1,"name":"Home","item":"https:\/\/www.easydayphuket.com\/de\/"},{"@type":"ListItem","position":2,"name":"Phuket Hotel","item":"https:\/\/www.easydayphuket.com\/de\/phuket-hotels\/"},{"@type":"ListItem","position":3,"name":"Kamala Beach Hotels &#8211; Phuket","item":"https:\/\/www.easydayphuket.com\/de\/phuket-hotels\/kamala-beach-hotels\/"},{"@type":"ListItem","position":4,"name":"Palms Resort Kamala"}]},{"@type":"WebSite","@id":"https:\/\/www.easydayphuket.com\/#website","url":"https:\/\/www.easydayphuket.com\/","name":"Easy Day Phuket","description":"Ihr Phuket Tour & Reise Partner","publisher":{"@id":"https:\/\/www.easydayphuket.com\/#organization"},"potentialAction":[{"@type":"SearchAction","target":{"@type":"EntryPoint","urlTemplate":"https:\/\/www.easydayphuket.com\/?s={search_term_string}"},"query-input":{"@type":"PropertyValueSpecification","valueRequired":true,"valueName":"search_term_string"}}],"inLanguage":"de"},{"@type":"Organization","@id":"https:\/\/www.easydayphuket.com\/#organization","name":"Easy Day Thailand","url":"https:\/\/www.easydayphuket.com\/","logo":{"@type":"ImageObject","inLanguage":"de","@id":"https:\/\/www.easydayphuket.com\/#\/schema\/logo\/image\/","url":"https:\/\/www.easydayphuket.com\/wp-content\/uploads\/2013\/07\/Sun-Thaiflag_booking12.gif","contentUrl":"https:\/\/www.easydayphuket.com\/wp-content\/uploads\/2013\/07\/Sun-Thaiflag_booking12.gif","width":100,"height":94,"caption":"Easy Day Thailand"},"image":{"@id":"https:\/\/www.easydayphuket.com\/#\/schema\/logo\/image\/"},"sameAs":["https:\/\/www.facebook.com\/Easydayinthailand\/","https:\/\/www.instagram.com\/easydaythailand\/"]}]}},"_links":{"self":[{"href":"https:\/\/www.easydayphuket.com\/de\/wp-json\/wp\/v2\/pages\/13448","targetHints":{"allow":["GET"]}}],"collection":[{"href":"https:\/\/www.easydayphuket.com\/de\/wp-json\/wp\/v2\/pages"}],"about":[{"href":"https:\/\/www.easydayphuket.com\/de\/wp-json\/wp\/v2\/types\/page"}],"author":[{"embeddable":true,"href":"https:\/\/www.easydayphuket.com\/de\/wp-json\/wp\/v2\/users\/4"}],"replies":[{"embeddable":true,"href":"https:\/\/www.easydayphuket.com\/de\/wp-json\/wp\/v2\/comments?post=13448"}],"version-history":[{"count":0,"href":"https:\/\/www.easydayphuket.com\/de\/wp-json\/wp\/v2\/pages\/13448\/revisions"}],"up":[{"embeddable":true,"href":"https:\/\/www.easydayphuket.com\/de\/wp-json\/wp\/v2\/pages\/13416"}],"wp:attachment":[{"href":"https:\/\/www.easydayphuket.com\/de\/wp-json\/wp\/v2\/media?parent=13448"}],"curies":[{"name":"wp","href":"https:\/\/api.w.org\/{rel}","templated":true}]}}