{"id":13419,"date":"2016-05-30T15:35:22","date_gmt":"2016-05-30T08:35:22","guid":{"rendered":"https:\/\/www.easydayphuket.com\/de\/phuket-hotel\/kamala-beach-hotels\/maphrao-beach-resort\/"},"modified":"2024-05-15T01:32:26","modified_gmt":"2024-05-14T18:32:26","slug":"maphrao-beach-resort","status":"publish","type":"page","link":"https:\/\/www.easydayphuket.com\/de\/phuket-hotels\/kamala-beach-hotels\/maphrao-beach-resort\/","title":{"rendered":"Maphrao Beach Resort"},"content":{"rendered":"\n<figure class=\"wp-block-image alignright size-full wp-image-3040\"><img loading=\"lazy\" decoding=\"async\" width=\"240\" height=\"180\" src=\"https:\/\/www.easydayphuket.com\/wp-content\/uploads\/2013\/07\/maphrao-beach-resort-restaurant-e1382334470643.jpg\" alt=\"Maphrao Beach Resort, Kamala Beach Phuket\" class=\"wp-image-3040\"\/><figcaption class=\"wp-element-caption\">Maphrao Beach Resort<\/figcaption><\/figure>\n\n\n\n<p>Das Maphrao Beach Resort bietet einen freundlichen Service und verf\u00fcgt \u00fcber einen Einrichtung f\u00fcr einen ruhigen und erholsamen Urlaub.<\/p>\n\n\n\n<ul class=\"wp-block-list\">\n<li>Direkt am <a title=\"Kamala Beach \u2013 The beaches of Phuket\" href=\"https:\/\/www.easydayphuket.com\/de\/kamala-beach-phukets-straende\/\">Kamala Beach<\/a><\/li>\n\n\n\n<li>Klimatisierte Zimmer + Ventilator<\/li>\n\n\n\n<li>Private Badezimmer mit Warmwasser.<\/li>\n\n\n\n<li>Kostenloses Internet &#8211; Vom Zimmer bis zum Strand<\/li>\n\n\n\n<li>Das Restaurant und Bar von &#8222;Pond&#8220; ist direkt am Strand.<\/li>\n<\/ul>\n\n\n<p><strong><span style=\"color: #ff0000;\"> 3 Tage \/ 2 N\u00e4chte<\/span> &#8211; Preise in <\/strong><strong>Thai Baht <\/strong><strong>pro Person ab <\/strong><strong>1,760\u00a0 <a title=\"Easy Day Contact Form\" href=\"#form\">&gt;&gt; Ihr unverbindliches Angebot!<\/a><\/strong> <\/p>\n\n\n\n<p><strong>Hotel Paket inklusive<\/strong><strong> : <\/strong><strong><br><\/strong><\/p>\n\n\n<ul>\n<li><strong>Privater<\/strong> Phuket <a href=\"https:\/\/www.easydayphuket.com\/de\/phuket-transfers\/phuket-flughafentransfer\/\">Flughafen Transfer<\/a><\/li>\n<li>2 \u00dcbernachtungen im Standart-Zimmer bei Doppel-Belegung.<\/li>\n<li>Steuern &amp; Versicherung<\/li>\n<\/ul>\n\n\n\n<p class=\"has-text-align-right\"><a href='#form' class='small-button smallblue'>Preis Anfrage!<\/a><\/p>\n\n\n\n<h2 class=\"wp-block-heading\">Maphrao Beach Resort &#8211; Galerie<\/h2>\n\n\n\n<figure class=\"wp-block-gallery has-nested-images columns-3 is-cropped wp-block-gallery-1 is-layout-flex wp-block-gallery-is-layout-flex\">\n<figure class=\"wp-block-image size-large\"><img loading=\"lazy\" decoding=\"async\" width=\"280\" height=\"190\" data-id=\"6480\" src=\"https:\/\/www.easydayphuket.com\/wp-content\/uploads\/2013\/07\/maphrao-beach-resort-superior.jpg\" alt=\"\" class=\"wp-image-6480\" srcset=\"https:\/\/www.easydayphuket.com\/wp-content\/uploads\/2013\/07\/maphrao-beach-resort-superior.jpg 280w, https:\/\/www.easydayphuket.com\/wp-content\/uploads\/2013\/07\/maphrao-beach-resort-superior-81x55.jpg 81w\" sizes=\"(max-width: 280px) 100vw, 280px\" \/><\/figure>\n\n\n\n<figure class=\"wp-block-image size-large\"><img loading=\"lazy\" decoding=\"async\" width=\"280\" height=\"190\" data-id=\"6477\" src=\"https:\/\/www.easydayphuket.com\/wp-content\/uploads\/2013\/07\/maphrao-beach-resort-standard.jpg\" alt=\"Maphrao Beach Resort Standard\" class=\"wp-image-6477\" srcset=\"https:\/\/www.easydayphuket.com\/wp-content\/uploads\/2013\/07\/maphrao-beach-resort-standard.jpg 280w, https:\/\/www.easydayphuket.com\/wp-content\/uploads\/2013\/07\/maphrao-beach-resort-standard-81x55.jpg 81w\" sizes=\"(max-width: 280px) 100vw, 280px\" \/><\/figure>\n\n\n\n<figure class=\"wp-block-image size-large\"><img loading=\"lazy\" decoding=\"async\" width=\"640\" height=\"480\" data-id=\"6471\" src=\"https:\/\/www.easydayphuket.com\/wp-content\/uploads\/2013\/07\/maphrao-beach-resort.jpg\" alt=\"Maphrao Beach Resort\" class=\"wp-image-6471\" srcset=\"https:\/\/www.easydayphuket.com\/wp-content\/uploads\/2013\/07\/maphrao-beach-resort.jpg 640w, https:\/\/www.easydayphuket.com\/wp-content\/uploads\/2013\/07\/maphrao-beach-resort-300x225.jpg 300w, https:\/\/www.easydayphuket.com\/wp-content\/uploads\/2013\/07\/maphrao-beach-resort-73x55.jpg 73w\" sizes=\"(max-width: 640px) 100vw, 640px\" \/><\/figure>\n<\/figure>\n\n\n\n<h2 class=\"wp-block-heading\">Maphrao Beach Resort &#8211; Ausstattung<\/h2>\n\n\n<p>[twocol_one]<\/p>\n<ul>\n<li>16 Zimmer mit gr. Doppelbett<\/li>\n<li>4 Zweibett-Zimmer<\/li>\n<li>Mini bar<\/li>\n<li>Bar &amp; Restaurant<\/li>\n<li>Strand Dusche<\/li>\n<\/ul>\n<p>[\/twocol_one]<\/p>\n\n\n<p>[twocol_one_last]<\/p>\n<ul>\n<li>Fernsehen<\/li>\n<li>Klimaanlage &amp; Verntilator<\/li>\n<li>Warmwasser<\/li>\n<li>W\u00e4scherei Service<\/li>\n<li>Motoroller Vermietung<\/li>\n<\/ul>\n<p>[\/twocol_one_last]<\/p>\n\n\n<div class=\"divider\"><\/div>\n\n\n\n<h3 class=\"wp-block-heading\" id=\"form\">Urlaubs Pakete &#8211; inklusive Ihrem gew\u00fcnschtem Hotel&nbsp; !<\/h3>\n\n\n\n<p><strong>Gutes Phuket Urlaubsangebot<\/strong> &#8211; Ausgew\u00e4hlte <a href=\"https:\/\/www.easydayphuket.com\/de\/phuket-ausfluege\/\">Phuket Ausfl\u00fcge<\/a> und privater Phuket Flughafen Transfer, alles zusammen mit dem von Ihnen gew\u00fcnschtem Hotel. Informieren Sie uns und lassen Sie sich ein <strong>unverbindliches Angebot<\/strong> zukommen.<\/p>\n\n\n\n<script charset=\"utf-8\" type=\"text\/javascript\" src=\"\/\/js.hsforms.net\/forms\/embed\/v2.js\"><\/script>\n<script>\n  hbspt.forms.create({\n    region: \"na1\",\n    portalId: \"3413662\",\n    formId: \"59765d47-ffdf-4452-a315-11081d03c004\"\n  });\n<\/script>\n\n\n\n<h2 class=\"wp-block-heading\">Maphrao Beach Resort &#8211; Anreise<\/h2>\n\n\n\n<p>Bei allen unseren Hotel Paketen ist der <a href=\"https:\/\/www.easydayphuket.com\/de\/phuket-transfers\/phuket-flughafentransfer\/\">Phuket Flughafen Transfer<\/a> inklusive. Wenn Sie selbst anreisen sollten finden Sie hier die dementsprechenden Details zum Maphrao Beach Resort, Phuket.<\/p>\n\n\n\n<p>Das Maphrao Beach Resort liegt auf der rechten Seite vom Kamala Beach direkt am Strand und ca. 5 Minuten vom <a href=\"https:\/\/www.easydayphuket.com\/de\/phuket-ausfluege\/phuket-veranstaltungen\/phuket-fantasea-show\/\">Phuket Fantasea <\/a>entfernt. Nach Patong Beach sind es ca. 10 Minuten mit dem Auto wo Sie herrliche Einkaufsm\u00f6glichkeiten und ein tolles Nachtleben haben.<\/p>\n\n\n\n<h2 class=\"wp-block-heading\">Allgemeine Informationen<\/h2>\n\n\n\n<ul class=\"wp-block-list\">\n<li><strong>Check in:<\/strong>\u00a014.00 Uhr<\/li>\n\n\n\n<li><strong>Check out:<\/strong>\u00a012.00 Uhr Mittag<\/li>\n\n\n\n<li><strong>Fr\u00fch check in \/ Sp\u00e4t check out: <\/strong>Je nach Verf\u00fcgbarkeit<\/li>\n\n\n\n<li><strong>Kinderoptionen: <\/strong>Nein<\/li>\n\n\n\n<li><strong>Obligatorische Abendessen:<\/strong>\u00a0Nein<\/li>\n\n\n\n<li><strong>Mindest. Aufenthalt:<\/strong>\u00a0Nein<\/li>\n<\/ul>\n","protected":false},"excerpt":{"rendered":"<p>Das Maphrao Beach Resort bietet einen freundlichen Service und verf\u00fcgt \u00fcber einen Einrichtung f\u00fcr einen ruhigen und erholsamen Urlaub. Hotel Paket inklusive : Maphrao Beach Resort &#8211; Galerie Maphrao Beach Resort &#8211; Ausstattung Urlaubs Pakete &#8211; inklusive Ihrem gew\u00fcnschtem Hotel&nbsp; ! Gutes Phuket Urlaubsangebot &#8211; Ausgew\u00e4hlte Phuket Ausfl\u00fcge und privater Phuket Flughafen Transfer, alles zusammen [&hellip;]<\/p>\n","protected":false},"author":4,"featured_media":0,"parent":13416,"menu_order":0,"comment_status":"closed","ping_status":"closed","template":"","meta":{"_acf_changed":false,"_et_pb_use_builder":"","_et_pb_old_content":"","_et_gb_content_width":"","footnotes":""},"class_list":["post-13419","page","type-page","status-publish","hentry"],"acf":[],"yoast_head":"<!-- This site is optimized with the Yoast SEO plugin v25.1 - https:\/\/yoast.com\/wordpress\/plugins\/seo\/ -->\n<title>Maphrao Beach Resort mit Easy Day Phuket Ausfl\u00fcge<\/title>\n<meta name=\"description\" content=\"Maphrao Beach Resort liegt direkt am Kamala Beach und ist eine solide Unterkunft mit anst\u00e4ndigen Zimmern und sehr freundlichem Personal.\" \/>\n<meta name=\"robots\" content=\"index, follow, max-snippet:-1, max-image-preview:large, max-video-preview:-1\" \/>\n<link rel=\"canonical\" href=\"https:\/\/www.easydayphuket.com\/de\/phuket-hotels\/kamala-beach-hotels\/maphrao-beach-resort\/\" \/>\n<meta property=\"og:locale\" content=\"de_DE\" \/>\n<meta property=\"og:type\" content=\"article\" \/>\n<meta property=\"og:title\" content=\"Maphrao Beach Resort mit Easy Day Phuket Ausfl\u00fcge\" \/>\n<meta property=\"og:description\" content=\"Maphrao Beach Resort liegt direkt am Kamala Beach und ist eine solide Unterkunft mit anst\u00e4ndigen Zimmern und sehr freundlichem Personal.\" \/>\n<meta property=\"og:url\" content=\"https:\/\/www.easydayphuket.com\/de\/phuket-hotels\/kamala-beach-hotels\/maphrao-beach-resort\/\" \/>\n<meta property=\"og:site_name\" content=\"Easy Day Phuket\" \/>\n<meta property=\"article:publisher\" content=\"https:\/\/www.facebook.com\/Easydayinthailand\/\" \/>\n<meta property=\"article:modified_time\" content=\"2024-05-14T18:32:26+00:00\" \/>\n<meta property=\"og:image\" content=\"https:\/\/www.easydayphuket.com\/wp-content\/uploads\/2013\/07\/maphrao-beach-resort-restaurant-e1382334470643.jpg\" \/>\n<meta name=\"twitter:label1\" content=\"Gesch\u00e4tzte Lesezeit\" \/>\n\t<meta name=\"twitter:data1\" content=\"2\u00a0Minuten\" \/>\n<script type=\"application\/ld+json\" class=\"yoast-schema-graph\">{\"@context\":\"https:\/\/schema.org\",\"@graph\":[{\"@type\":\"WebPage\",\"@id\":\"https:\/\/www.easydayphuket.com\/de\/phuket-hotels\/kamala-beach-hotels\/maphrao-beach-resort\/\",\"url\":\"https:\/\/www.easydayphuket.com\/de\/phuket-hotels\/kamala-beach-hotels\/maphrao-beach-resort\/\",\"name\":\"Maphrao Beach Resort mit Easy Day Phuket Ausfl\u00fcge\",\"isPartOf\":{\"@id\":\"https:\/\/www.easydayphuket.com\/#website\"},\"primaryImageOfPage\":{\"@id\":\"https:\/\/www.easydayphuket.com\/de\/phuket-hotels\/kamala-beach-hotels\/maphrao-beach-resort\/#primaryimage\"},\"image\":{\"@id\":\"https:\/\/www.easydayphuket.com\/de\/phuket-hotels\/kamala-beach-hotels\/maphrao-beach-resort\/#primaryimage\"},\"thumbnailUrl\":\"https:\/\/www.easydayphuket.com\/wp-content\/uploads\/2013\/07\/maphrao-beach-resort-restaurant-e1382334470643.jpg\",\"datePublished\":\"2016-05-30T08:35:22+00:00\",\"dateModified\":\"2024-05-14T18:32:26+00:00\",\"description\":\"Maphrao Beach Resort liegt direkt am Kamala Beach und ist eine solide Unterkunft mit anst\u00e4ndigen Zimmern und sehr freundlichem Personal.\",\"breadcrumb\":{\"@id\":\"https:\/\/www.easydayphuket.com\/de\/phuket-hotels\/kamala-beach-hotels\/maphrao-beach-resort\/#breadcrumb\"},\"inLanguage\":\"de\",\"potentialAction\":[{\"@type\":\"ReadAction\",\"target\":[\"https:\/\/www.easydayphuket.com\/de\/phuket-hotels\/kamala-beach-hotels\/maphrao-beach-resort\/\"]}]},{\"@type\":\"ImageObject\",\"inLanguage\":\"de\",\"@id\":\"https:\/\/www.easydayphuket.com\/de\/phuket-hotels\/kamala-beach-hotels\/maphrao-beach-resort\/#primaryimage\",\"url\":\"https:\/\/www.easydayphuket.com\/wp-content\/uploads\/2013\/07\/maphrao-beach-resort-restaurant-e1382334470643.jpg\",\"contentUrl\":\"https:\/\/www.easydayphuket.com\/wp-content\/uploads\/2013\/07\/maphrao-beach-resort-restaurant-e1382334470643.jpg\"},{\"@type\":\"BreadcrumbList\",\"@id\":\"https:\/\/www.easydayphuket.com\/de\/phuket-hotels\/kamala-beach-hotels\/maphrao-beach-resort\/#breadcrumb\",\"itemListElement\":[{\"@type\":\"ListItem\",\"position\":1,\"name\":\"Home\",\"item\":\"https:\/\/www.easydayphuket.com\/de\/\"},{\"@type\":\"ListItem\",\"position\":2,\"name\":\"Phuket Hotel\",\"item\":\"https:\/\/www.easydayphuket.com\/de\/phuket-hotels\/\"},{\"@type\":\"ListItem\",\"position\":3,\"name\":\"Kamala Beach Hotels &#8211; Phuket\",\"item\":\"https:\/\/www.easydayphuket.com\/de\/phuket-hotels\/kamala-beach-hotels\/\"},{\"@type\":\"ListItem\",\"position\":4,\"name\":\"Maphrao Beach Resort\"}]},{\"@type\":\"WebSite\",\"@id\":\"https:\/\/www.easydayphuket.com\/#website\",\"url\":\"https:\/\/www.easydayphuket.com\/\",\"name\":\"Easy Day Phuket\",\"description\":\"Ihr Phuket Tour & Reise Partner\",\"publisher\":{\"@id\":\"https:\/\/www.easydayphuket.com\/#organization\"},\"potentialAction\":[{\"@type\":\"SearchAction\",\"target\":{\"@type\":\"EntryPoint\",\"urlTemplate\":\"https:\/\/www.easydayphuket.com\/?s={search_term_string}\"},\"query-input\":{\"@type\":\"PropertyValueSpecification\",\"valueRequired\":true,\"valueName\":\"search_term_string\"}}],\"inLanguage\":\"de\"},{\"@type\":\"Organization\",\"@id\":\"https:\/\/www.easydayphuket.com\/#organization\",\"name\":\"Easy Day Thailand\",\"url\":\"https:\/\/www.easydayphuket.com\/\",\"logo\":{\"@type\":\"ImageObject\",\"inLanguage\":\"de\",\"@id\":\"https:\/\/www.easydayphuket.com\/#\/schema\/logo\/image\/\",\"url\":\"https:\/\/www.easydayphuket.com\/wp-content\/uploads\/2013\/07\/Sun-Thaiflag_booking12.gif\",\"contentUrl\":\"https:\/\/www.easydayphuket.com\/wp-content\/uploads\/2013\/07\/Sun-Thaiflag_booking12.gif\",\"width\":100,\"height\":94,\"caption\":\"Easy Day Thailand\"},\"image\":{\"@id\":\"https:\/\/www.easydayphuket.com\/#\/schema\/logo\/image\/\"},\"sameAs\":[\"https:\/\/www.facebook.com\/Easydayinthailand\/\",\"https:\/\/www.instagram.com\/easydaythailand\/\"]}]}<\/script>\n<!-- \/ Yoast SEO plugin. -->","yoast_head_json":{"title":"Maphrao Beach Resort mit Easy Day Phuket Ausfl\u00fcge","description":"Maphrao Beach Resort liegt direkt am Kamala Beach und ist eine solide Unterkunft mit anst\u00e4ndigen Zimmern und sehr freundlichem Personal.","robots":{"index":"index","follow":"follow","max-snippet":"max-snippet:-1","max-image-preview":"max-image-preview:large","max-video-preview":"max-video-preview:-1"},"canonical":"https:\/\/www.easydayphuket.com\/de\/phuket-hotels\/kamala-beach-hotels\/maphrao-beach-resort\/","og_locale":"de_DE","og_type":"article","og_title":"Maphrao Beach Resort mit Easy Day Phuket Ausfl\u00fcge","og_description":"Maphrao Beach Resort liegt direkt am Kamala Beach und ist eine solide Unterkunft mit anst\u00e4ndigen Zimmern und sehr freundlichem Personal.","og_url":"https:\/\/www.easydayphuket.com\/de\/phuket-hotels\/kamala-beach-hotels\/maphrao-beach-resort\/","og_site_name":"Easy Day Phuket","article_publisher":"https:\/\/www.facebook.com\/Easydayinthailand\/","article_modified_time":"2024-05-14T18:32:26+00:00","og_image":[{"url":"https:\/\/www.easydayphuket.com\/wp-content\/uploads\/2013\/07\/maphrao-beach-resort-restaurant-e1382334470643.jpg","type":"","width":"","height":""}],"twitter_misc":{"Gesch\u00e4tzte Lesezeit":"2\u00a0Minuten"},"schema":{"@context":"https:\/\/schema.org","@graph":[{"@type":"WebPage","@id":"https:\/\/www.easydayphuket.com\/de\/phuket-hotels\/kamala-beach-hotels\/maphrao-beach-resort\/","url":"https:\/\/www.easydayphuket.com\/de\/phuket-hotels\/kamala-beach-hotels\/maphrao-beach-resort\/","name":"Maphrao Beach Resort mit Easy Day Phuket Ausfl\u00fcge","isPartOf":{"@id":"https:\/\/www.easydayphuket.com\/#website"},"primaryImageOfPage":{"@id":"https:\/\/www.easydayphuket.com\/de\/phuket-hotels\/kamala-beach-hotels\/maphrao-beach-resort\/#primaryimage"},"image":{"@id":"https:\/\/www.easydayphuket.com\/de\/phuket-hotels\/kamala-beach-hotels\/maphrao-beach-resort\/#primaryimage"},"thumbnailUrl":"https:\/\/www.easydayphuket.com\/wp-content\/uploads\/2013\/07\/maphrao-beach-resort-restaurant-e1382334470643.jpg","datePublished":"2016-05-30T08:35:22+00:00","dateModified":"2024-05-14T18:32:26+00:00","description":"Maphrao Beach Resort liegt direkt am Kamala Beach und ist eine solide Unterkunft mit anst\u00e4ndigen Zimmern und sehr freundlichem Personal.","breadcrumb":{"@id":"https:\/\/www.easydayphuket.com\/de\/phuket-hotels\/kamala-beach-hotels\/maphrao-beach-resort\/#breadcrumb"},"inLanguage":"de","potentialAction":[{"@type":"ReadAction","target":["https:\/\/www.easydayphuket.com\/de\/phuket-hotels\/kamala-beach-hotels\/maphrao-beach-resort\/"]}]},{"@type":"ImageObject","inLanguage":"de","@id":"https:\/\/www.easydayphuket.com\/de\/phuket-hotels\/kamala-beach-hotels\/maphrao-beach-resort\/#primaryimage","url":"https:\/\/www.easydayphuket.com\/wp-content\/uploads\/2013\/07\/maphrao-beach-resort-restaurant-e1382334470643.jpg","contentUrl":"https:\/\/www.easydayphuket.com\/wp-content\/uploads\/2013\/07\/maphrao-beach-resort-restaurant-e1382334470643.jpg"},{"@type":"BreadcrumbList","@id":"https:\/\/www.easydayphuket.com\/de\/phuket-hotels\/kamala-beach-hotels\/maphrao-beach-resort\/#breadcrumb","itemListElement":[{"@type":"ListItem","position":1,"name":"Home","item":"https:\/\/www.easydayphuket.com\/de\/"},{"@type":"ListItem","position":2,"name":"Phuket Hotel","item":"https:\/\/www.easydayphuket.com\/de\/phuket-hotels\/"},{"@type":"ListItem","position":3,"name":"Kamala Beach Hotels &#8211; Phuket","item":"https:\/\/www.easydayphuket.com\/de\/phuket-hotels\/kamala-beach-hotels\/"},{"@type":"ListItem","position":4,"name":"Maphrao Beach Resort"}]},{"@type":"WebSite","@id":"https:\/\/www.easydayphuket.com\/#website","url":"https:\/\/www.easydayphuket.com\/","name":"Easy Day Phuket","description":"Ihr Phuket Tour & Reise Partner","publisher":{"@id":"https:\/\/www.easydayphuket.com\/#organization"},"potentialAction":[{"@type":"SearchAction","target":{"@type":"EntryPoint","urlTemplate":"https:\/\/www.easydayphuket.com\/?s={search_term_string}"},"query-input":{"@type":"PropertyValueSpecification","valueRequired":true,"valueName":"search_term_string"}}],"inLanguage":"de"},{"@type":"Organization","@id":"https:\/\/www.easydayphuket.com\/#organization","name":"Easy Day Thailand","url":"https:\/\/www.easydayphuket.com\/","logo":{"@type":"ImageObject","inLanguage":"de","@id":"https:\/\/www.easydayphuket.com\/#\/schema\/logo\/image\/","url":"https:\/\/www.easydayphuket.com\/wp-content\/uploads\/2013\/07\/Sun-Thaiflag_booking12.gif","contentUrl":"https:\/\/www.easydayphuket.com\/wp-content\/uploads\/2013\/07\/Sun-Thaiflag_booking12.gif","width":100,"height":94,"caption":"Easy Day Thailand"},"image":{"@id":"https:\/\/www.easydayphuket.com\/#\/schema\/logo\/image\/"},"sameAs":["https:\/\/www.facebook.com\/Easydayinthailand\/","https:\/\/www.instagram.com\/easydaythailand\/"]}]}},"_links":{"self":[{"href":"https:\/\/www.easydayphuket.com\/de\/wp-json\/wp\/v2\/pages\/13419","targetHints":{"allow":["GET"]}}],"collection":[{"href":"https:\/\/www.easydayphuket.com\/de\/wp-json\/wp\/v2\/pages"}],"about":[{"href":"https:\/\/www.easydayphuket.com\/de\/wp-json\/wp\/v2\/types\/page"}],"author":[{"embeddable":true,"href":"https:\/\/www.easydayphuket.com\/de\/wp-json\/wp\/v2\/users\/4"}],"replies":[{"embeddable":true,"href":"https:\/\/www.easydayphuket.com\/de\/wp-json\/wp\/v2\/comments?post=13419"}],"version-history":[{"count":0,"href":"https:\/\/www.easydayphuket.com\/de\/wp-json\/wp\/v2\/pages\/13419\/revisions"}],"up":[{"embeddable":true,"href":"https:\/\/www.easydayphuket.com\/de\/wp-json\/wp\/v2\/pages\/13416"}],"wp:attachment":[{"href":"https:\/\/www.easydayphuket.com\/de\/wp-json\/wp\/v2\/media?parent=13419"}],"curies":[{"name":"wp","href":"https:\/\/api.w.org\/{rel}","templated":true}]}}