{"id":13416,"date":"2016-05-30T14:45:12","date_gmt":"2016-05-30T07:45:12","guid":{"rendered":"https:\/\/www.easydayphuket.com\/de\/phuket-hotel\/kamala-beach-hotels\/"},"modified":"2024-05-15T01:30:17","modified_gmt":"2024-05-14T18:30:17","slug":"kamala-beach-hotels","status":"publish","type":"page","link":"https:\/\/www.easydayphuket.com\/de\/phuket-hotels\/kamala-beach-hotels\/","title":{"rendered":"Kamala Beach Hotels &#8211; Phuket"},"content":{"rendered":"\n<p>Ausgew\u00e4hlte Kamala Beach Hotels &#8211; <a href=\"https:\/\/www.easydayphuket.com\/de\/kamala-beach-phukets-straende\/\">Kamala Beach<\/a> liegt n\u00f6rdlich von der bekannten <a href=\"https:\/\/www.easydayphuket.com\/de\/phukets-straende-patong-beach\/\">Patong Beach<\/a> und ist genau das Gegenteil und sehr beliebt bei G\u00e4ste die es etwas ruhiger bevorzugen. In Kamala erwartet Sie ruhe, ein sch\u00f6ner Strand mit einigen kleinen Restaurants und gem\u00fctlichen Beach Bars.<\/p>\n\n\n\n<figure class=\"wp-block-image alignleft\"><a href=\"https:\/\/www.easydayphuket.com\/de\/phuket-hotels\/kamala-beach-hotels\/maphrao-beach-resort\/\"><img loading=\"lazy\" decoding=\"async\" width=\"150\" height=\"150\" src=\"https:\/\/www.easydayphuket.com\/wp-content\/uploads\/2013\/07\/maphrao-beach-resort-restaurant-150x150.jpg\" alt=\"Maphrao Beach Resort - Kamala Beach Hotels, Phuket\" class=\"wp-image-3040\"\/><\/a><figcaption class=\"wp-element-caption\">Maphrao Beach Resort &#8211; Phuket<\/figcaption><\/figure>\n\n\n\n<h2 class=\"wp-block-heading\"><a title=\"Maphrao Beach Resort\" href=\"https:\/\/www.easydayphuket.com\/de\/phuket-hotels\/kamala-beach-hotels\/maphrao-beach-resort\/\">Maphrao Beach Resort<\/a><\/h2>\n\n\n\n<p>Das Maphrao Resort verf\u00fcgt \u00fcber einen ausgezeichneten Service, freundliche Aufmerksamkeit und \u00fcber eine geschmackvolle Einrichtung. Alles Eigenschaften f\u00fcr einen entspannten Urlaub in Phuket.<\/p>\n\n\n\n<p>Viele der G\u00e4ste die schon im Maphrao Resort gewohnt haben kommen jedes Jahr wieder da es so zentral liegt und eine Famili\u00e4re Atmosph\u00e4re hat.<\/p>\n\n\n\n<p><strong><span style=\"color: #ff0000;\">3 Tage \/ 2 N\u00e4chte<\/span> &#8211; Preise in <\/strong><strong>Thai Baht pro P<\/strong><strong>erson ab <\/strong><strong>1,760<\/strong><\/p>\n\n\n\n<p class=\"has-text-align-right\"><strong><a title=\"Maphrao Beach Resort\" href=\"https:\/\/www.easydayphuket.com\/de\/phuket-hotels\/kamala-beach-hotels\/maphrao-beach-resort\/\">Mehr Infos&#8230;<\/a><\/strong><\/p>\n\n\n\n<hr class=\"wp-block-separator has-alpha-channel-opacity\"\/>\n\n\n\n<figure class=\"wp-block-image alignleft\"><a href=\"https:\/\/www.easydayphuket.com\/de\/phuket-hotels\/kamala-beach-hotels\/palms-resort-kamala\/\"><img loading=\"lazy\" decoding=\"async\" width=\"150\" height=\"150\" src=\"https:\/\/www.easydayphuket.com\/wp-content\/uploads\/2014\/01\/View1-150x150.jpg\" alt=\"Kamala Beach Hotels, Phuket\" class=\"wp-image-3711\"\/><\/a><figcaption class=\"wp-element-caption\">Kamala Palms Hotel, Phuket<\/figcaption><\/figure>\n\n\n\n<h2 class=\"wp-block-heading\"><a title=\"The Palms Resort Kamala\" href=\"https:\/\/www.easydayphuket.com\/de\/phuket-hotels\/kamala-beach-hotels\/palms-resort-kamala\/\">The Palms Resort Kamala<\/a><\/h2>\n\n\n\n<p>Das Palm Beach Resort Kamala ist die ideale Wahl f\u00fcr einen erholsamen Urlaub in Phuket. Sehr ger\u00e4umige Zimmer und seine gute Lage haben dem Hotel in den letzten Jahren viele gute Kritiken beschert.<\/p>\n\n\n\n<p>Sehr gepflegtes Resort mit einem Preisleitungs-Verh\u00e4ltnis was sich sehen lassen kann.<\/p>\n\n\n\n<p><strong><span style=\"color: #ff0000;\"> 3 Tage \/ 2 N\u00e4chte<\/span> &#8211;&nbsp;Preise in <strong>Thai Baht pro P<\/strong><strong>erson ab <\/strong><\/strong> <strong>2,800<\/strong><\/p>\n\n\n\n<p class=\"has-text-align-right\"><strong>&nbsp;<a title=\"The Palms Resort Kamala\" href=\"https:\/\/www.easydayphuket.com\/de\/phuket-hotels\/kamala-beach-hotels\/palms-resort-kamala\/\">Mehr Infos&#8230;<\/a><\/strong><\/p>\n\n\n\n<hr class=\"wp-block-separator has-alpha-channel-opacity\"\/>\n\n\n\n<h3 class=\"wp-block-heading\" id=\"form\">Urlaubs Pakete &#8211; inklusive Ihrem gew\u00fcnschtem Hotel in Phuket !<\/h3>\n\n\n\n<p><strong>Gutes Phuket Urlaubsangebot<\/strong> &#8211; Ausgew\u00e4hlte Phuket Ausfl\u00fcge und privater Phuket Flughafen Transfer, alles zusammen mit dem von Ihnen gew\u00fcnschtem Hotel. Informieren Sie uns und lassen Sie sich ein unverbindliches Angebot zukommen.<\/p>\n\n\n\n<script charset=\"utf-8\" type=\"text\/javascript\" src=\"\/\/js.hsforms.net\/forms\/embed\/v2.js\"><\/script>\n<script>\n  hbspt.forms.create({\n    region: \"na1\",\n    portalId: \"3413662\",\n    formId: \"59765d47-ffdf-4452-a315-11081d03c004\"\n  });\n<\/script>\n","protected":false},"excerpt":{"rendered":"<p>Ausgew\u00e4hlte Kamala Beach Hotels &#8211; Kamala Beach liegt n\u00f6rdlich von der bekannten Patong Beach und ist genau das Gegenteil und sehr beliebt bei G\u00e4ste die es etwas ruhiger bevorzugen. In Kamala erwartet Sie ruhe, ein sch\u00f6ner Strand mit einigen kleinen Restaurants und gem\u00fctlichen Beach Bars. Maphrao Beach Resort Das Maphrao Resort verf\u00fcgt \u00fcber einen ausgezeichneten [&hellip;]<\/p>\n","protected":false},"author":4,"featured_media":0,"parent":10517,"menu_order":0,"comment_status":"closed","ping_status":"closed","template":"","meta":{"_acf_changed":false,"_et_pb_use_builder":"","_et_pb_old_content":"","_et_gb_content_width":"","footnotes":""},"class_list":["post-13416","page","type-page","status-publish","hentry"],"acf":[],"yoast_head":"<!-- This site is optimized with the Yoast SEO plugin v25.1 - https:\/\/yoast.com\/wordpress\/plugins\/seo\/ -->\n<title>Kamala Beach Hotels ausgw\u00e4hlt von Easy Day Phuket<\/title>\n<meta name=\"description\" content=\"Kamala Beach Hotels zusammengestellt von Easy Day Phuket auf Empfehlung unserer G\u00e4ste und Freunde. Ideal f\u00fcr G\u00e4ste die die Ruhe bevorzugen.\" \/>\n<meta name=\"robots\" content=\"index, follow, max-snippet:-1, max-image-preview:large, max-video-preview:-1\" \/>\n<link rel=\"canonical\" href=\"https:\/\/www.easydayphuket.com\/de\/phuket-hotels\/kamala-beach-hotels\/\" \/>\n<meta property=\"og:locale\" content=\"de_DE\" \/>\n<meta property=\"og:type\" content=\"article\" \/>\n<meta property=\"og:title\" content=\"Kamala Beach Hotels ausgw\u00e4hlt von Easy Day Phuket\" \/>\n<meta property=\"og:description\" content=\"Kamala Beach Hotels zusammengestellt von Easy Day Phuket auf Empfehlung unserer G\u00e4ste und Freunde. Ideal f\u00fcr G\u00e4ste die die Ruhe bevorzugen.\" \/>\n<meta property=\"og:url\" content=\"https:\/\/www.easydayphuket.com\/de\/phuket-hotels\/kamala-beach-hotels\/\" \/>\n<meta property=\"og:site_name\" content=\"Easy Day Phuket\" \/>\n<meta property=\"article:publisher\" content=\"https:\/\/www.facebook.com\/Easydayinthailand\/\" \/>\n<meta property=\"article:modified_time\" content=\"2024-05-14T18:30:17+00:00\" \/>\n<meta property=\"og:image\" content=\"https:\/\/www.easydayphuket.com\/wp-content\/uploads\/2013\/07\/maphrao-beach-resort-restaurant-150x150.jpg\" \/>\n<meta name=\"twitter:label1\" content=\"Gesch\u00e4tzte Lesezeit\" \/>\n\t<meta name=\"twitter:data1\" content=\"2\u00a0Minuten\" \/>\n<script type=\"application\/ld+json\" class=\"yoast-schema-graph\">{\"@context\":\"https:\/\/schema.org\",\"@graph\":[{\"@type\":\"WebPage\",\"@id\":\"https:\/\/www.easydayphuket.com\/de\/phuket-hotels\/kamala-beach-hotels\/\",\"url\":\"https:\/\/www.easydayphuket.com\/de\/phuket-hotels\/kamala-beach-hotels\/\",\"name\":\"Kamala Beach Hotels ausgw\u00e4hlt von Easy Day Phuket\",\"isPartOf\":{\"@id\":\"https:\/\/www.easydayphuket.com\/#website\"},\"primaryImageOfPage\":{\"@id\":\"https:\/\/www.easydayphuket.com\/de\/phuket-hotels\/kamala-beach-hotels\/#primaryimage\"},\"image\":{\"@id\":\"https:\/\/www.easydayphuket.com\/de\/phuket-hotels\/kamala-beach-hotels\/#primaryimage\"},\"thumbnailUrl\":\"https:\/\/www.easydayphuket.com\/wp-content\/uploads\/2013\/07\/maphrao-beach-resort-restaurant-150x150.jpg\",\"datePublished\":\"2016-05-30T07:45:12+00:00\",\"dateModified\":\"2024-05-14T18:30:17+00:00\",\"description\":\"Kamala Beach Hotels zusammengestellt von Easy Day Phuket auf Empfehlung unserer G\u00e4ste und Freunde. Ideal f\u00fcr G\u00e4ste die die Ruhe bevorzugen.\",\"breadcrumb\":{\"@id\":\"https:\/\/www.easydayphuket.com\/de\/phuket-hotels\/kamala-beach-hotels\/#breadcrumb\"},\"inLanguage\":\"de\",\"potentialAction\":[{\"@type\":\"ReadAction\",\"target\":[\"https:\/\/www.easydayphuket.com\/de\/phuket-hotels\/kamala-beach-hotels\/\"]}]},{\"@type\":\"ImageObject\",\"inLanguage\":\"de\",\"@id\":\"https:\/\/www.easydayphuket.com\/de\/phuket-hotels\/kamala-beach-hotels\/#primaryimage\",\"url\":\"https:\/\/www.easydayphuket.com\/wp-content\/uploads\/2013\/07\/maphrao-beach-resort-restaurant-150x150.jpg\",\"contentUrl\":\"https:\/\/www.easydayphuket.com\/wp-content\/uploads\/2013\/07\/maphrao-beach-resort-restaurant-150x150.jpg\"},{\"@type\":\"BreadcrumbList\",\"@id\":\"https:\/\/www.easydayphuket.com\/de\/phuket-hotels\/kamala-beach-hotels\/#breadcrumb\",\"itemListElement\":[{\"@type\":\"ListItem\",\"position\":1,\"name\":\"Home\",\"item\":\"https:\/\/www.easydayphuket.com\/de\/\"},{\"@type\":\"ListItem\",\"position\":2,\"name\":\"Phuket Hotel\",\"item\":\"https:\/\/www.easydayphuket.com\/de\/phuket-hotels\/\"},{\"@type\":\"ListItem\",\"position\":3,\"name\":\"Kamala Beach Hotels &#8211; Phuket\"}]},{\"@type\":\"WebSite\",\"@id\":\"https:\/\/www.easydayphuket.com\/#website\",\"url\":\"https:\/\/www.easydayphuket.com\/\",\"name\":\"Easy Day Phuket\",\"description\":\"Ihr Phuket Tour & Reise Partner\",\"publisher\":{\"@id\":\"https:\/\/www.easydayphuket.com\/#organization\"},\"potentialAction\":[{\"@type\":\"SearchAction\",\"target\":{\"@type\":\"EntryPoint\",\"urlTemplate\":\"https:\/\/www.easydayphuket.com\/?s={search_term_string}\"},\"query-input\":{\"@type\":\"PropertyValueSpecification\",\"valueRequired\":true,\"valueName\":\"search_term_string\"}}],\"inLanguage\":\"de\"},{\"@type\":\"Organization\",\"@id\":\"https:\/\/www.easydayphuket.com\/#organization\",\"name\":\"Easy Day Thailand\",\"url\":\"https:\/\/www.easydayphuket.com\/\",\"logo\":{\"@type\":\"ImageObject\",\"inLanguage\":\"de\",\"@id\":\"https:\/\/www.easydayphuket.com\/#\/schema\/logo\/image\/\",\"url\":\"https:\/\/www.easydayphuket.com\/wp-content\/uploads\/2013\/07\/Sun-Thaiflag_booking12.gif\",\"contentUrl\":\"https:\/\/www.easydayphuket.com\/wp-content\/uploads\/2013\/07\/Sun-Thaiflag_booking12.gif\",\"width\":100,\"height\":94,\"caption\":\"Easy Day Thailand\"},\"image\":{\"@id\":\"https:\/\/www.easydayphuket.com\/#\/schema\/logo\/image\/\"},\"sameAs\":[\"https:\/\/www.facebook.com\/Easydayinthailand\/\",\"https:\/\/www.instagram.com\/easydaythailand\/\"]}]}<\/script>\n<!-- \/ Yoast SEO plugin. -->","yoast_head_json":{"title":"Kamala Beach Hotels ausgw\u00e4hlt von Easy Day Phuket","description":"Kamala Beach Hotels zusammengestellt von Easy Day Phuket auf Empfehlung unserer G\u00e4ste und Freunde. Ideal f\u00fcr G\u00e4ste die die Ruhe bevorzugen.","robots":{"index":"index","follow":"follow","max-snippet":"max-snippet:-1","max-image-preview":"max-image-preview:large","max-video-preview":"max-video-preview:-1"},"canonical":"https:\/\/www.easydayphuket.com\/de\/phuket-hotels\/kamala-beach-hotels\/","og_locale":"de_DE","og_type":"article","og_title":"Kamala Beach Hotels ausgw\u00e4hlt von Easy Day Phuket","og_description":"Kamala Beach Hotels zusammengestellt von Easy Day Phuket auf Empfehlung unserer G\u00e4ste und Freunde. Ideal f\u00fcr G\u00e4ste die die Ruhe bevorzugen.","og_url":"https:\/\/www.easydayphuket.com\/de\/phuket-hotels\/kamala-beach-hotels\/","og_site_name":"Easy Day Phuket","article_publisher":"https:\/\/www.facebook.com\/Easydayinthailand\/","article_modified_time":"2024-05-14T18:30:17+00:00","og_image":[{"url":"https:\/\/www.easydayphuket.com\/wp-content\/uploads\/2013\/07\/maphrao-beach-resort-restaurant-150x150.jpg","type":"","width":"","height":""}],"twitter_misc":{"Gesch\u00e4tzte Lesezeit":"2\u00a0Minuten"},"schema":{"@context":"https:\/\/schema.org","@graph":[{"@type":"WebPage","@id":"https:\/\/www.easydayphuket.com\/de\/phuket-hotels\/kamala-beach-hotels\/","url":"https:\/\/www.easydayphuket.com\/de\/phuket-hotels\/kamala-beach-hotels\/","name":"Kamala Beach Hotels ausgw\u00e4hlt von Easy Day Phuket","isPartOf":{"@id":"https:\/\/www.easydayphuket.com\/#website"},"primaryImageOfPage":{"@id":"https:\/\/www.easydayphuket.com\/de\/phuket-hotels\/kamala-beach-hotels\/#primaryimage"},"image":{"@id":"https:\/\/www.easydayphuket.com\/de\/phuket-hotels\/kamala-beach-hotels\/#primaryimage"},"thumbnailUrl":"https:\/\/www.easydayphuket.com\/wp-content\/uploads\/2013\/07\/maphrao-beach-resort-restaurant-150x150.jpg","datePublished":"2016-05-30T07:45:12+00:00","dateModified":"2024-05-14T18:30:17+00:00","description":"Kamala Beach Hotels zusammengestellt von Easy Day Phuket auf Empfehlung unserer G\u00e4ste und Freunde. Ideal f\u00fcr G\u00e4ste die die Ruhe bevorzugen.","breadcrumb":{"@id":"https:\/\/www.easydayphuket.com\/de\/phuket-hotels\/kamala-beach-hotels\/#breadcrumb"},"inLanguage":"de","potentialAction":[{"@type":"ReadAction","target":["https:\/\/www.easydayphuket.com\/de\/phuket-hotels\/kamala-beach-hotels\/"]}]},{"@type":"ImageObject","inLanguage":"de","@id":"https:\/\/www.easydayphuket.com\/de\/phuket-hotels\/kamala-beach-hotels\/#primaryimage","url":"https:\/\/www.easydayphuket.com\/wp-content\/uploads\/2013\/07\/maphrao-beach-resort-restaurant-150x150.jpg","contentUrl":"https:\/\/www.easydayphuket.com\/wp-content\/uploads\/2013\/07\/maphrao-beach-resort-restaurant-150x150.jpg"},{"@type":"BreadcrumbList","@id":"https:\/\/www.easydayphuket.com\/de\/phuket-hotels\/kamala-beach-hotels\/#breadcrumb","itemListElement":[{"@type":"ListItem","position":1,"name":"Home","item":"https:\/\/www.easydayphuket.com\/de\/"},{"@type":"ListItem","position":2,"name":"Phuket Hotel","item":"https:\/\/www.easydayphuket.com\/de\/phuket-hotels\/"},{"@type":"ListItem","position":3,"name":"Kamala Beach Hotels &#8211; Phuket"}]},{"@type":"WebSite","@id":"https:\/\/www.easydayphuket.com\/#website","url":"https:\/\/www.easydayphuket.com\/","name":"Easy Day Phuket","description":"Ihr Phuket Tour & Reise Partner","publisher":{"@id":"https:\/\/www.easydayphuket.com\/#organization"},"potentialAction":[{"@type":"SearchAction","target":{"@type":"EntryPoint","urlTemplate":"https:\/\/www.easydayphuket.com\/?s={search_term_string}"},"query-input":{"@type":"PropertyValueSpecification","valueRequired":true,"valueName":"search_term_string"}}],"inLanguage":"de"},{"@type":"Organization","@id":"https:\/\/www.easydayphuket.com\/#organization","name":"Easy Day Thailand","url":"https:\/\/www.easydayphuket.com\/","logo":{"@type":"ImageObject","inLanguage":"de","@id":"https:\/\/www.easydayphuket.com\/#\/schema\/logo\/image\/","url":"https:\/\/www.easydayphuket.com\/wp-content\/uploads\/2013\/07\/Sun-Thaiflag_booking12.gif","contentUrl":"https:\/\/www.easydayphuket.com\/wp-content\/uploads\/2013\/07\/Sun-Thaiflag_booking12.gif","width":100,"height":94,"caption":"Easy Day Thailand"},"image":{"@id":"https:\/\/www.easydayphuket.com\/#\/schema\/logo\/image\/"},"sameAs":["https:\/\/www.facebook.com\/Easydayinthailand\/","https:\/\/www.instagram.com\/easydaythailand\/"]}]}},"_links":{"self":[{"href":"https:\/\/www.easydayphuket.com\/de\/wp-json\/wp\/v2\/pages\/13416","targetHints":{"allow":["GET"]}}],"collection":[{"href":"https:\/\/www.easydayphuket.com\/de\/wp-json\/wp\/v2\/pages"}],"about":[{"href":"https:\/\/www.easydayphuket.com\/de\/wp-json\/wp\/v2\/types\/page"}],"author":[{"embeddable":true,"href":"https:\/\/www.easydayphuket.com\/de\/wp-json\/wp\/v2\/users\/4"}],"replies":[{"embeddable":true,"href":"https:\/\/www.easydayphuket.com\/de\/wp-json\/wp\/v2\/comments?post=13416"}],"version-history":[{"count":0,"href":"https:\/\/www.easydayphuket.com\/de\/wp-json\/wp\/v2\/pages\/13416\/revisions"}],"up":[{"embeddable":true,"href":"https:\/\/www.easydayphuket.com\/de\/wp-json\/wp\/v2\/pages\/10517"}],"wp:attachment":[{"href":"https:\/\/www.easydayphuket.com\/de\/wp-json\/wp\/v2\/media?parent=13416"}],"curies":[{"name":"wp","href":"https:\/\/api.w.org\/{rel}","templated":true}]}}