{"id":11413,"date":"2015-09-13T08:02:38","date_gmt":"2015-09-13T01:02:38","guid":{"rendered":"https:\/\/www.easydayphuket.com\/de\/?page_id=11413"},"modified":"2024-05-23T13:28:35","modified_gmt":"2024-05-23T06:28:35","slug":"phuket-transfers","status":"publish","type":"page","link":"https:\/\/www.easydayphuket.com\/de\/phuket-transfers\/","title":{"rendered":"Phuket Transfers"},"content":{"rendered":"\n<figure class=\"wp-block-image alignright\"><a href=\"https:\/\/www.easydayphuket.com\/wp-content\/uploads\/2013\/07\/transfers.jpg\"><img loading=\"lazy\" decoding=\"async\" width=\"180\" height=\"114\" src=\"https:\/\/www.easydayphuket.com\/wp-content\/uploads\/2013\/07\/transfers.jpg\" alt=\"Phuket Transfers - We tell you how to get from Phuket to Koha Samui, Phi Phi &amp; Krabi...\" class=\"wp-image-2206\" srcset=\"https:\/\/www.easydayphuket.com\/wp-content\/uploads\/2013\/07\/transfers.jpg 180w, https:\/\/www.easydayphuket.com\/wp-content\/uploads\/2013\/07\/transfers-86x55.jpg 86w\" sizes=\"(max-width: 180px) 100vw, 180px\" \/><\/a><figcaption class=\"wp-element-caption\">Phuket Transfers<\/figcaption><\/figure>\n\n\n\n<p>Easy Day Phuket Transfers &#8211; Wie kommen ich am besten von Phuket nach &#8230;.<\/p>\n\n\n<ul>\n<li><strong><a href=\"https:\/\/www.easydayphuket.com\/de\/phuket-transfers\/reisen-von-phuket-nach-koh-samui\/\">Koh Samui<\/a><\/strong><\/li>\n<li><a href=\"https:\/\/www.easydayphuket.com\/de\/phuket-transfers\/reisen-von-phuket-nach-koh-tao\/\"><strong>Koh Tao<\/strong>,<\/a><\/li>\n<li><a href=\"https:\/\/www.easydayphuket.com\/de\/phuket-transfers\/ferry-von-phuket-nach-phi-phi-island\/\"><strong>Phi Phi Island<\/strong>,<\/a><\/li>\n<li><a href=\"https:\/\/www.easydayphuket.com\/de\/phuket-transfers\/reisen-von-phuket-nach-koh-phangan\/\"><strong>Koh Phangan<\/strong>,<\/a><\/li>\n<li>Krabi, Khao Lak, oder Bangkok.<\/li>\n<\/ul>\n\n\n\n<p>Wir haben die richtige Antwort und bieten Ihnen einen 24 Std Service vom Flughafen Phuket zu allen Hotels in Phuket und zu den umliegenden Urlaubszielen, Khao Lak und Krabi.<\/p>\n\n\n\n<h2 class=\"wp-block-heading\"><a title=\"Phuket Airport Transfer\" href=\"https:\/\/www.easydayphuket.com\/de\/phuket-transfers\/phuket-flughafentransfer\/\">Wie kommen Sie vom Flughafen Phuket zu Ihrem Hotel?<\/a><\/h2>\n\n\n\n<figure class=\"wp-block-image alignleft\"><a href=\"https:\/\/www.easydayphuket.com\/wp-content\/uploads\/2014\/01\/Phuket-International-Airport-Landing.jpg\"><img loading=\"lazy\" decoding=\"async\" width=\"150\" height=\"150\" src=\"https:\/\/www.easydayphuket.com\/wp-content\/uploads\/2014\/01\/Phuket-International-Airport-Landing-150x150.jpg\" alt=\"Phuket Airport Transfer with Easy Day Thailand\" class=\"wp-image-3571\"\/><\/a><figcaption class=\"wp-element-caption\">Airport Transfers<\/figcaption><\/figure>\n\n\n\n<p>Verlieren Sie keinen Moment Ihrer kostbaren Urlaubszeit nach der Ankunft in Phuket. Wir erwarten Sie am Flughafen und bringen Sie direkt zu Ihrem gew\u00fcnschten Hotel.<\/p>\n\n\n<ul>\n<li><a href=\"https:\/\/www.easydayphuket.com\/de\/phuket-transfers\/phuket-flughafentransfer\/\"><strong>Privater Phuket Flughafen Transfer.<\/strong><\/a><\/li>\n<li><strong>24 Stunden<\/strong>, 365 Tage im Jahr!<\/li>\n<li><strong>Zu jedem Hotel in Phuket, Khao Lak &amp; Krabi!<\/strong><\/li>\n<\/ul>\n\n\n\n<p class=\"has-text-align-right\">&nbsp;<a title=\"Phuket Airport Transfer\" href=\"https:\/\/www.easydayphuket.com\/de\/phuket-transfers\/phuket-flughafentransfer\/\"><strong>Mehr Infos&#8230;<\/strong><\/a><\/p>\n\n\n<div class=\"divider\"><\/div>\n\n\n\n<h2 class=\"wp-block-heading\"><a title=\"Ferry from Phuket to Phi Phi Island\" href=\"https:\/\/www.easydayphuket.com\/de\/phuket-transfers\/ferry-von-phuket-nach-phi-phi-island\/\">Wie komme ich von Phuket nach Phi Phi Island?<\/a><\/h2>\n\n\n\n<figure class=\"wp-block-image alignleft\"><a href=\"https:\/\/www.easydayphuket.com\/wp-content\/uploads\/2013\/07\/royaljet.jpg\"><img loading=\"lazy\" decoding=\"async\" width=\"150\" height=\"143\" src=\"https:\/\/www.easydayphuket.com\/wp-content\/uploads\/2013\/07\/royaljet-150x143.jpg\" alt=\"Phi Premium Tour with Royal Jet Cruise 9\" class=\"wp-image-1019\"\/><\/a><figcaption class=\"wp-element-caption\">Phi Phi Ferry<\/figcaption><\/figure>\n\n\n\n<p>Die wahrscheinlich beste M\u00f6glichkeit von Phuket nach Phi Phi Island zu gelangen, ist mit der F\u00e4hre. Wir organisieren zweimal t\u00e4glich den Transfer nach Phi Phi Island von jedem Hotel von Phuket.<\/p>\n\n\n<ul>\n<li><a href=\"https:\/\/www.easydayphuket.com\/de\/phuket-transfers\/ferry-von-phuket-nach-phi-phi-island\/\"><strong>Phi Phi island<\/strong>\u00a0<strong>F\u00e4hre!<\/strong><\/a><\/li>\n<li><strong>Zweimal t\u00e4glich!<\/strong><\/li>\n<li><strong>Abholung von ganz Phuket<\/strong>.<\/li>\n<\/ul>\n\n\n\n<p class=\"has-text-align-right\"><a title=\"Ferry from Phuket to Phi Phi Island\" href=\"https:\/\/www.easydayphuket.com\/de\/phuket-transfers\/ferry-von-phuket-nach-phi-phi-island\/\"><strong>Mehr Infos&#8230;<\/strong><\/a><\/p>\n\n\n<div class=\"divider\"><\/div>\n\n\n\n<h2 class=\"wp-block-heading\"><a href=\"https:\/\/www.easydayphuket.com\/de\/phuket-transfers\/reisen-von-phuket-nach-koh-samui\/\">Wie komme ich von Phuket nach Koh Samui?<\/a><\/h2>\n\n\n\n<figure class=\"wp-block-image alignleft\"><a href=\"https:\/\/www.easydayphuket.com\/wp-content\/uploads\/2015\/07\/Lomprayah-Ferry-1.jpg\"><img loading=\"lazy\" decoding=\"async\" width=\"150\" height=\"150\" src=\"https:\/\/www.easydayphuket.com\/wp-content\/uploads\/2015\/07\/Lomprayah-Ferry-1-150x150.jpg\" alt=\"Lomprayah Ferry\" class=\"wp-image-10941\"\/><\/a><figcaption class=\"wp-element-caption\">High Speed Ferry<\/figcaption><\/figure>\n\n\n\n<p>Der bequemste Weg ist mit dem Flugzeug. Es gibt aber auch t\u00e4glich die M\u00f6glichkeit von Phuket mit dem Bus &amp; F\u00e4hre auf die Insel Koh Samui zu gelangen<\/p>\n\n\n<ul>\n<li><strong><a href=\"https:\/\/www.easydayphuket.com\/de\/phuket-transfers\/reisen-von-phuket-nach-koh-samui\/\">Phuket Transfers nach Koh Samui.<\/a><\/strong><\/li>\n<li><strong>Zweimal t\u00e4glich!<\/strong><\/li>\n<li><strong>Abholung von ganz Phuket.<\/strong><\/li>\n<li><strong>Klimat. Minibus \/ Bus &amp; High Speed F\u00e4hre.<\/strong><\/li>\n<\/ul>\n\n\n\n<p class=\"has-text-align-right\"><strong><a href=\"https:\/\/www.easydayphuket.com\/de\/phuket-transfers\/reisen-von-phuket-nach-koh-samui\/\">Mehr Infos&#8230;<\/a><\/strong><\/p>\n\n\n<div class=\"divider\"><\/div>\n\n\n\n<h2 class=\"wp-block-heading\"><a href=\"https:\/\/www.easydayphuket.com\/de\/phuket-transfers\/reisen-von-phuket-nach-koh-tao\/\">Wie komme ich von Phuket nach Koh Tao?<\/a><\/h2>\n\n\n\n<figure class=\"wp-block-image alignleft\"><a href=\"https:\/\/www.easydayphuket.com\/wp-content\/uploads\/2015\/07\/Ferry-Pier-Koh-Tao.jpg\"><img loading=\"lazy\" decoding=\"async\" width=\"150\" height=\"150\" src=\"https:\/\/www.easydayphuket.com\/wp-content\/uploads\/2015\/07\/Ferry-Pier-Koh-Tao-150x150.jpg\" alt=\"Ferry Pier Koh Tao - How to get from Phuket to Koh Tao\" class=\"wp-image-10971\"\/><\/a><figcaption class=\"wp-element-caption\">Ferry Pier Koh Tao<\/figcaption><\/figure>\n\n\n\n<p>Wir bringen Sie t\u00e4glich auf die komfortabelste M\u00f6glichkeit von Phuket nach Koh Tao mit dem Bus &amp; F\u00e4hre.<\/p>\n\n\n<ul>\n<li><strong><a href=\"https:\/\/www.easydayphuket.com\/de\/phuket-transfers\/reisen-von-phuket-nach-koh-tao\/\">Phuket Transfers nach Koh Tao.<\/a><\/strong><\/li>\n<li><strong>T\u00e4glicher Transfer.<\/strong><\/li>\n<li><strong>Abholung von ganz Phuket.<\/strong><\/li>\n<li><strong>Klimat. Minibus \/ Bus &amp; High Speed F\u00e4hre.<\/strong><\/li>\n<\/ul>\n\n\n\n<p class=\"has-text-align-right\"><strong><a href=\"https:\/\/www.easydayphuket.com\/de\/phuket-transfers\/reisen-von-phuket-nach-koh-tao\/\">Mehr Infos&#8230;<\/a><\/strong><\/p>\n\n\n<div class=\"divider\"><\/div>\n\n\n\n<h2 class=\"wp-block-heading\">&nbsp;<a href=\"https:\/\/www.easydayphuket.com\/de\/phuket-transfers\/reisen-von-phuket-nach-koh-phangan\/\">Wie komme ich von Phuket nach Koh Phangan?<\/a><\/h2>\n\n\n\n<figure class=\"wp-block-image alignleft\"><a href=\"https:\/\/www.easydayphuket.com\/wp-content\/uploads\/2013\/12\/full-moon.jpg\"><img loading=\"lazy\" decoding=\"async\" width=\"150\" height=\"150\" src=\"https:\/\/www.easydayphuket.com\/wp-content\/uploads\/2013\/12\/full-moon-150x150.jpg\" alt=\"Full Moon Party\" class=\"wp-image-3339\"\/><\/a><figcaption class=\"wp-element-caption\">Full Moon Party Express<\/figcaption><\/figure>\n\n\n\n<p>Der Full Moon Party Express von Phuket! Buchen Sie ihren Besuch auf der Insel Koh Phangan schom im voraus, speziell wenn Sie an der Party teilnehmen m\u00f6chten.<\/p>\n\n\n<ul>\n<li><strong><a href=\"https:\/\/www.easydayphuket.com\/de\/phuket-transfers\/reisen-von-phuket-nach-koh-phangan\/\">Phuket nach Koh Phangan.<\/a><\/strong><\/li>\n<li><strong>Zweimal T\u00e4glich.<\/strong><\/li>\n<li><strong>Bus &amp; High Speed F\u00e4hre.<\/strong><\/li>\n<li><strong>Abholung von ganz Phuket.<\/strong><\/li>\n<\/ul>\n\n\n\n<p class=\"has-text-align-right\"><strong><a href=\"https:\/\/www.easydayphuket.com\/de\/phuket-transfers\/reisen-von-phuket-nach-koh-phangan\/\">Mehr Infos&#8230;<\/a><\/strong><\/p>\n\n\n<div class=\"divider\"><\/div>\n\n\n\n<h2 class=\"wp-block-heading\">Am besten von Phuket nach Krabi, Ao Nang?<\/h2>\n\n\n<ul>\n<li>Wie komme ich am einfachsten &amp; komfortabelsten vom <strong>Flughafen Phuket<\/strong> oder <strong>Hotel<\/strong>, nach <strong>Krabi oder Ao Nang<\/strong>\u00a0<strong>&gt;&gt; Mehr Infos&#8230;<\/strong><\/li>\n<\/ul>\n\n\n\n<h2 class=\"wp-block-heading\">Komfortabel von Phuket nach Bangkok reisen?<\/h2>\n\n\n<ul>\n<li>Der schnellste Weg ist zweifelsohne mit dem Flugzeug. Wer aber etwas Geld sparen m\u00f6chte und gerne die Landschaft und nette Leute kennenlernen m\u00f6chte, sollte\u00a0 mit einem VIP &#8211; Bus von Phuket nach Bangkok reisen. <strong>&gt;&gt;Mehr Infos&#8230;<\/strong><\/li>\n<\/ul>\n\n\n\n<h2 class=\"wp-block-heading\"><a title=\"Phuket Taxi Service\" href=\"https:\/\/www.easydayphuket.com\/de\/phuket-taxi-service\/\">Phuket Taxi Service<\/a><\/h2>\n\n\n<ul>\n<li>Wie komme ich am besten von A nach B ? Lassen Sie sich ein Taxi von Easy Day Phuket kommen. <a title=\"Phuket Taxi Service\" href=\"https:\/\/www.easydayphuket.com\/de\/phuket-taxi-service\/\"><strong>&gt;&gt;Mehr Infos&#8230;<\/strong><\/a><\/li>\n<\/ul>\n\n\n\n<h3 class=\"wp-block-heading\">&nbsp;<\/h3>\n\n\n\n<h3 class=\"wp-block-heading\">G\u00e4ste Kommentar<\/h3>\n\n\n\n<blockquote class=\"wp-block-quote is-layout-flow wp-block-quote-is-layout-flow\">\n<p>Hallo Francesco,<br>Wir wollten uns nochmal f\u00fcr den fantastischen Service von Dir und eurem Team bedanken. Es war eine wundersch\u00f6ne Zeit und wir werden unsere Hochzeitsreise wohl nie vergessen. Wir hatten einen gut organisierten Urlaub angefangen von den Transfers bis hin zu den super tollen Ausfl\u00fcgen. Wir hatten schon andere Urlaube wo man sich nicht so gerne dran erinnert. Nochmals vielen Dank und hoffentlich auf ein baldiges Wiedersehen.<br>Viele Gr\u00fc\u00dfe aus Hamburg.<br>Stephan &amp; Karmen<\/p>\n<\/blockquote>\n\n\n\n<h3 class=\"wp-block-heading\">Kontaktieren Sie uns f\u00fcr Ihre Phuket Transfers<\/h3>\n\n\n\n<script charset=\"utf-8\" type=\"text\/javascript\" src=\"\/\/js.hsforms.net\/forms\/embed\/v2.js\"><\/script>\n<script>\n  hbspt.forms.create({\n    region: \"na1\",\n    portalId: \"3413662\",\n    formId: \"59765d47-ffdf-4452-a315-11081d03c004\"\n  });\n<\/script>\n","protected":false},"excerpt":{"rendered":"<p>Easy Day Phuket Transfers &#8211; Wie kommen ich am besten von Phuket nach &#8230;. Wir haben die richtige Antwort und bieten Ihnen einen 24 Std Service vom Flughafen Phuket zu allen Hotels in Phuket und zu den umliegenden Urlaubszielen, Khao Lak und Krabi. Wie kommen Sie vom Flughafen Phuket zu Ihrem Hotel? Verlieren Sie keinen [&hellip;]<\/p>\n","protected":false},"author":4,"featured_media":0,"parent":0,"menu_order":0,"comment_status":"closed","ping_status":"closed","template":"","meta":{"_acf_changed":false,"_et_pb_use_builder":"","_et_pb_old_content":"","_et_gb_content_width":"","footnotes":""},"class_list":["post-11413","page","type-page","status-publish","hentry"],"acf":[],"yoast_head":"<!-- This site is optimized with the Yoast SEO plugin v25.1 - https:\/\/yoast.com\/wordpress\/plugins\/seo\/ -->\n<title>Phuket Transfers - Wie komme ich von Phuket zum n\u00e4chsten Ziel<\/title>\n<meta name=\"description\" content=\"Phuket Transfers zu den beliebtesten Reisezielen in ganz Thailand. Easy Day bringt sie von Phuket nach Koh Samui, Krabi, Phi Phi Island und nach Khao Lak.\" \/>\n<meta name=\"robots\" content=\"index, follow, max-snippet:-1, max-image-preview:large, max-video-preview:-1\" \/>\n<link rel=\"canonical\" href=\"https:\/\/www.easydayphuket.com\/de\/phuket-transfers\/\" \/>\n<meta property=\"og:locale\" content=\"de_DE\" \/>\n<meta property=\"og:type\" content=\"article\" \/>\n<meta property=\"og:title\" content=\"Phuket Transfers - Wie komme ich von Phuket zum n\u00e4chsten Ziel\" \/>\n<meta property=\"og:description\" content=\"Phuket Transfers zu den beliebtesten Reisezielen in ganz Thailand. Easy Day bringt sie von Phuket nach Koh Samui, Krabi, Phi Phi Island und nach Khao Lak.\" \/>\n<meta property=\"og:url\" content=\"https:\/\/www.easydayphuket.com\/de\/phuket-transfers\/\" \/>\n<meta property=\"og:site_name\" content=\"Easy Day Phuket\" \/>\n<meta property=\"article:publisher\" content=\"https:\/\/www.facebook.com\/Easydayinthailand\/\" \/>\n<meta property=\"article:modified_time\" content=\"2024-05-23T06:28:35+00:00\" \/>\n<meta property=\"og:image\" content=\"https:\/\/www.easydayphuket.com\/wp-content\/uploads\/2013\/07\/transfers.jpg\" \/>\n<meta name=\"twitter:label1\" content=\"Gesch\u00e4tzte Lesezeit\" \/>\n\t<meta name=\"twitter:data1\" content=\"4\u00a0Minuten\" \/>\n<script type=\"application\/ld+json\" class=\"yoast-schema-graph\">{\"@context\":\"https:\/\/schema.org\",\"@graph\":[{\"@type\":\"WebPage\",\"@id\":\"https:\/\/www.easydayphuket.com\/de\/phuket-transfers\/\",\"url\":\"https:\/\/www.easydayphuket.com\/de\/phuket-transfers\/\",\"name\":\"Phuket Transfers - Wie komme ich von Phuket zum n\u00e4chsten Ziel\",\"isPartOf\":{\"@id\":\"https:\/\/www.easydayphuket.com\/#website\"},\"primaryImageOfPage\":{\"@id\":\"https:\/\/www.easydayphuket.com\/de\/phuket-transfers\/#primaryimage\"},\"image\":{\"@id\":\"https:\/\/www.easydayphuket.com\/de\/phuket-transfers\/#primaryimage\"},\"thumbnailUrl\":\"https:\/\/www.easydayphuket.com\/wp-content\/uploads\/2013\/07\/transfers.jpg\",\"datePublished\":\"2015-09-13T01:02:38+00:00\",\"dateModified\":\"2024-05-23T06:28:35+00:00\",\"description\":\"Phuket Transfers zu den beliebtesten Reisezielen in ganz Thailand. Easy Day bringt sie von Phuket nach Koh Samui, Krabi, Phi Phi Island und nach Khao Lak.\",\"breadcrumb\":{\"@id\":\"https:\/\/www.easydayphuket.com\/de\/phuket-transfers\/#breadcrumb\"},\"inLanguage\":\"de\",\"potentialAction\":[{\"@type\":\"ReadAction\",\"target\":[\"https:\/\/www.easydayphuket.com\/de\/phuket-transfers\/\"]}]},{\"@type\":\"ImageObject\",\"inLanguage\":\"de\",\"@id\":\"https:\/\/www.easydayphuket.com\/de\/phuket-transfers\/#primaryimage\",\"url\":\"https:\/\/www.easydayphuket.com\/wp-content\/uploads\/2013\/07\/transfers.jpg\",\"contentUrl\":\"https:\/\/www.easydayphuket.com\/wp-content\/uploads\/2013\/07\/transfers.jpg\"},{\"@type\":\"BreadcrumbList\",\"@id\":\"https:\/\/www.easydayphuket.com\/de\/phuket-transfers\/#breadcrumb\",\"itemListElement\":[{\"@type\":\"ListItem\",\"position\":1,\"name\":\"Home\",\"item\":\"https:\/\/www.easydayphuket.com\/de\/\"},{\"@type\":\"ListItem\",\"position\":2,\"name\":\"Phuket Transfers\"}]},{\"@type\":\"WebSite\",\"@id\":\"https:\/\/www.easydayphuket.com\/#website\",\"url\":\"https:\/\/www.easydayphuket.com\/\",\"name\":\"Easy Day Phuket\",\"description\":\"Ihr Phuket Tour & Reise Partner\",\"publisher\":{\"@id\":\"https:\/\/www.easydayphuket.com\/#organization\"},\"potentialAction\":[{\"@type\":\"SearchAction\",\"target\":{\"@type\":\"EntryPoint\",\"urlTemplate\":\"https:\/\/www.easydayphuket.com\/?s={search_term_string}\"},\"query-input\":{\"@type\":\"PropertyValueSpecification\",\"valueRequired\":true,\"valueName\":\"search_term_string\"}}],\"inLanguage\":\"de\"},{\"@type\":\"Organization\",\"@id\":\"https:\/\/www.easydayphuket.com\/#organization\",\"name\":\"Easy Day Thailand\",\"url\":\"https:\/\/www.easydayphuket.com\/\",\"logo\":{\"@type\":\"ImageObject\",\"inLanguage\":\"de\",\"@id\":\"https:\/\/www.easydayphuket.com\/#\/schema\/logo\/image\/\",\"url\":\"https:\/\/www.easydayphuket.com\/wp-content\/uploads\/2013\/07\/Sun-Thaiflag_booking12.gif\",\"contentUrl\":\"https:\/\/www.easydayphuket.com\/wp-content\/uploads\/2013\/07\/Sun-Thaiflag_booking12.gif\",\"width\":100,\"height\":94,\"caption\":\"Easy Day Thailand\"},\"image\":{\"@id\":\"https:\/\/www.easydayphuket.com\/#\/schema\/logo\/image\/\"},\"sameAs\":[\"https:\/\/www.facebook.com\/Easydayinthailand\/\",\"https:\/\/www.instagram.com\/easydaythailand\/\"]}]}<\/script>\n<!-- \/ Yoast SEO plugin. -->","yoast_head_json":{"title":"Phuket Transfers - Wie komme ich von Phuket zum n\u00e4chsten Ziel","description":"Phuket Transfers zu den beliebtesten Reisezielen in ganz Thailand. Easy Day bringt sie von Phuket nach Koh Samui, Krabi, Phi Phi Island und nach Khao Lak.","robots":{"index":"index","follow":"follow","max-snippet":"max-snippet:-1","max-image-preview":"max-image-preview:large","max-video-preview":"max-video-preview:-1"},"canonical":"https:\/\/www.easydayphuket.com\/de\/phuket-transfers\/","og_locale":"de_DE","og_type":"article","og_title":"Phuket Transfers - Wie komme ich von Phuket zum n\u00e4chsten Ziel","og_description":"Phuket Transfers zu den beliebtesten Reisezielen in ganz Thailand. Easy Day bringt sie von Phuket nach Koh Samui, Krabi, Phi Phi Island und nach Khao Lak.","og_url":"https:\/\/www.easydayphuket.com\/de\/phuket-transfers\/","og_site_name":"Easy Day Phuket","article_publisher":"https:\/\/www.facebook.com\/Easydayinthailand\/","article_modified_time":"2024-05-23T06:28:35+00:00","og_image":[{"url":"https:\/\/www.easydayphuket.com\/wp-content\/uploads\/2013\/07\/transfers.jpg","type":"","width":"","height":""}],"twitter_misc":{"Gesch\u00e4tzte Lesezeit":"4\u00a0Minuten"},"schema":{"@context":"https:\/\/schema.org","@graph":[{"@type":"WebPage","@id":"https:\/\/www.easydayphuket.com\/de\/phuket-transfers\/","url":"https:\/\/www.easydayphuket.com\/de\/phuket-transfers\/","name":"Phuket Transfers - Wie komme ich von Phuket zum n\u00e4chsten Ziel","isPartOf":{"@id":"https:\/\/www.easydayphuket.com\/#website"},"primaryImageOfPage":{"@id":"https:\/\/www.easydayphuket.com\/de\/phuket-transfers\/#primaryimage"},"image":{"@id":"https:\/\/www.easydayphuket.com\/de\/phuket-transfers\/#primaryimage"},"thumbnailUrl":"https:\/\/www.easydayphuket.com\/wp-content\/uploads\/2013\/07\/transfers.jpg","datePublished":"2015-09-13T01:02:38+00:00","dateModified":"2024-05-23T06:28:35+00:00","description":"Phuket Transfers zu den beliebtesten Reisezielen in ganz Thailand. Easy Day bringt sie von Phuket nach Koh Samui, Krabi, Phi Phi Island und nach Khao Lak.","breadcrumb":{"@id":"https:\/\/www.easydayphuket.com\/de\/phuket-transfers\/#breadcrumb"},"inLanguage":"de","potentialAction":[{"@type":"ReadAction","target":["https:\/\/www.easydayphuket.com\/de\/phuket-transfers\/"]}]},{"@type":"ImageObject","inLanguage":"de","@id":"https:\/\/www.easydayphuket.com\/de\/phuket-transfers\/#primaryimage","url":"https:\/\/www.easydayphuket.com\/wp-content\/uploads\/2013\/07\/transfers.jpg","contentUrl":"https:\/\/www.easydayphuket.com\/wp-content\/uploads\/2013\/07\/transfers.jpg"},{"@type":"BreadcrumbList","@id":"https:\/\/www.easydayphuket.com\/de\/phuket-transfers\/#breadcrumb","itemListElement":[{"@type":"ListItem","position":1,"name":"Home","item":"https:\/\/www.easydayphuket.com\/de\/"},{"@type":"ListItem","position":2,"name":"Phuket Transfers"}]},{"@type":"WebSite","@id":"https:\/\/www.easydayphuket.com\/#website","url":"https:\/\/www.easydayphuket.com\/","name":"Easy Day Phuket","description":"Ihr Phuket Tour & Reise Partner","publisher":{"@id":"https:\/\/www.easydayphuket.com\/#organization"},"potentialAction":[{"@type":"SearchAction","target":{"@type":"EntryPoint","urlTemplate":"https:\/\/www.easydayphuket.com\/?s={search_term_string}"},"query-input":{"@type":"PropertyValueSpecification","valueRequired":true,"valueName":"search_term_string"}}],"inLanguage":"de"},{"@type":"Organization","@id":"https:\/\/www.easydayphuket.com\/#organization","name":"Easy Day Thailand","url":"https:\/\/www.easydayphuket.com\/","logo":{"@type":"ImageObject","inLanguage":"de","@id":"https:\/\/www.easydayphuket.com\/#\/schema\/logo\/image\/","url":"https:\/\/www.easydayphuket.com\/wp-content\/uploads\/2013\/07\/Sun-Thaiflag_booking12.gif","contentUrl":"https:\/\/www.easydayphuket.com\/wp-content\/uploads\/2013\/07\/Sun-Thaiflag_booking12.gif","width":100,"height":94,"caption":"Easy Day Thailand"},"image":{"@id":"https:\/\/www.easydayphuket.com\/#\/schema\/logo\/image\/"},"sameAs":["https:\/\/www.facebook.com\/Easydayinthailand\/","https:\/\/www.instagram.com\/easydaythailand\/"]}]}},"_links":{"self":[{"href":"https:\/\/www.easydayphuket.com\/de\/wp-json\/wp\/v2\/pages\/11413","targetHints":{"allow":["GET"]}}],"collection":[{"href":"https:\/\/www.easydayphuket.com\/de\/wp-json\/wp\/v2\/pages"}],"about":[{"href":"https:\/\/www.easydayphuket.com\/de\/wp-json\/wp\/v2\/types\/page"}],"author":[{"embeddable":true,"href":"https:\/\/www.easydayphuket.com\/de\/wp-json\/wp\/v2\/users\/4"}],"replies":[{"embeddable":true,"href":"https:\/\/www.easydayphuket.com\/de\/wp-json\/wp\/v2\/comments?post=11413"}],"version-history":[{"count":0,"href":"https:\/\/www.easydayphuket.com\/de\/wp-json\/wp\/v2\/pages\/11413\/revisions"}],"wp:attachment":[{"href":"https:\/\/www.easydayphuket.com\/de\/wp-json\/wp\/v2\/media?parent=11413"}],"curies":[{"name":"wp","href":"https:\/\/api.w.org\/{rel}","templated":true}]}}