{"id":11326,"date":"2015-08-20T16:52:53","date_gmt":"2015-08-20T09:52:53","guid":{"rendered":"https:\/\/www.easydayphuket.com\/de\/phuket-flughafentransfer\/"},"modified":"2024-05-23T13:30:18","modified_gmt":"2024-05-23T06:30:18","slug":"phuket-flughafentransfer","status":"publish","type":"page","link":"https:\/\/www.easydayphuket.com\/de\/phuket-transfers\/phuket-flughafentransfer\/","title":{"rendered":"Phuket Flughafen Transfer"},"content":{"rendered":"\n<figure class=\"wp-block-image alignright\"><a href=\"https:\/\/www.easydayphuket.com\/wp-content\/uploads\/2018\/07\/Phuket-Airport-Transfers-1-300x169.jpg\"><img loading=\"lazy\" decoding=\"async\" width=\"300\" height=\"169\" src=\"https:\/\/www.easydayphuket.com\/wp-content\/uploads\/2018\/07\/Phuket-Airport-Transfers-1-300x169.jpg\" alt=\"Phuket Flughafen Transfer\" class=\"wp-image-28301\" srcset=\"https:\/\/www.easydayphuket.com\/wp-content\/uploads\/2018\/07\/Phuket-Airport-Transfers-1.jpg 300w, https:\/\/www.easydayphuket.com\/wp-content\/uploads\/2018\/07\/Phuket-Airport-Transfers-1-98x55.jpg 98w\" sizes=\"(max-width: 300px) 100vw, 300px\" \/><\/a><figcaption class=\"wp-element-caption\">Privater Phuket Flughafen Transfer<\/figcaption><\/figure>\n\n\n\n<p>Phuket Flughafentransfer &#8211; Buchen Sie hier ihren privaten Flughafentransfer von oder zu Ihrem <a title=\"Phuket Hotels\" href=\"https:\/\/www.easydayphuket.com\/de\/phuket-hotels\/\">Phuket Hotel<\/a>. Sicher &amp; einfach im voraus buchen und wir garantieren ihnen P\u00fcnktlichkeit und keine unn\u00f6tigen Wartezeiten.<\/p>\n\n\n\n<ul class=\"wp-block-list\">\n<li><strong>Reisen mit Babys<\/strong> oder Kleinkinder? Fragen Sie uns nach einem Kindersitz<\/li>\n\n\n\n<li><strong>Alleinreisende Frau?<\/strong>&nbsp;Reservieren sie eine&nbsp;<strong>private Fahrerin <\/strong>ohne Extrakosten.<\/li>\n\n\n\n<li><strong>Zahlung bei Ankunft**<\/strong> oder&nbsp;<strong>Online <\/strong>mit Kreditkarte!<\/li>\n<\/ul>\n\n\n\n\t\t\t<div class='et-tabs-container et_sliderfx_fade et_sliderauto_false et_sliderauto_speed_5000 et_slidertype_top_tabs'>\n\t\t\t\t<div class='et_slidecontent'>\n\t\t\t<h2 style=\"text-align: center;\">Phuket Flughafentransfer zu Ihrem Hotel<\/h2>\n<p style=\"text-align: center;\">Nehmen Sie unseren Service in Anspruch und Ihr Urlaub f\u00e4ngt schon kurz nach der Landung in Phuket an.<\/p>\n<p style=\"text-align: center;\"><a href='https:\/\/www.easydayphuket.com\/de\/kontakt-phuket-flughafen-transfer\/?dest=1&#038;opt=1&#038;pers=8' class='small-button smallorange'>Einfach\n<strong>max. 8 Pers.<\/strong>\n<strong>THB 1,500\n<\/strong><em>Buchen<\/em><\/a><\/p>\n<p style=\"text-align: center;\"><a href='https:\/\/www.easydayphuket.com\/de\/kontakt-phuket-flughafen-transfer\/?dest=1&#038;opt=3&#038;pers=9' class='small-button smallgreen'>Hin &amp; R\u00fcck\nmax. 8 Pers.\n<strong>THB 2,900\n<\/strong>Buchen<\/a><\/p>\n<p style=\"text-align: center;\"><strong>Sie k\u00f6nnen Ihren Transfer im voraus sicher und einfach online bezahlen, mit den hier aufgef\u00fchrten Kreditkarten!<\/strong><\/p>\n<p style=\"text-align: center;\">\u00a0<a href=\"https:\/\/www.easydayphuket.com\/de\/kontakt-phuket-flughafen-transfer\/\"><img loading=\"lazy\" decoding=\"async\" class=\"alignnone\" src=\"https:\/\/www.easydaythailand.com\/images\/credit-card.gif\" alt=\"Credit Card Payment\" width=\"170\" height=\"30\" \/><\/a><\/p>\n<p style=\"text-align: right;\"><a href='https:\/\/www.easydayphuket.com\/de\/kontakt-phuket-flughafen-transfer\/?dest=1' class='small-button smallgreen'>Hier melden<\/a><\/p>\n\t\t<\/div> \n\t\t<div class='et_slidecontent'>\n\t\t\t<h2 style=\"text-align: center;\">Phuket Flughafentransfer nach Khao Lak<\/h2>\n<p style=\"text-align: center;\">Reisen Sie komfortabel vom Phuket Flughafen zu Ihrem Hotel nach Khao Lak mit Easy Day Thailand Flughafentransfers.<\/p>\n<p style=\"text-align: center;\"><a href='https:\/\/www.easydayphuket.com\/de\/kontakt-phuket-flughafen-transfer\/?dest=2&#038;opt=1&#038;pers=8' class='small-button smallorange'>Einfach\n<strong>max. 8 Pers.<\/strong>\n<strong>THB 2,100\n<\/strong><em>Buchen<\/em><\/a><a href='https:\/\/www.easydayphuket.com\/de\/kontakt-phuket-flughafen-transfer\/?dest=2&#038;opt=3&#038;pers=9' class='small-button smallgreen'>Hin &amp; R\u00fcck\n<strong>max. 8 Pers.<\/strong>\n<strong>THB 4,000\n<\/strong>Buchen<\/a><\/p>\n<p style=\"text-align: center;\"><strong>Sie k\u00f6nnen Ihren Transfer im voraus sicher und einfach online bezahlen, mit den hier aufgef\u00fchrten Kreditkarten!\n<\/strong><\/p>\n<p style=\"text-align: center;\">\u00a0<a href=\"https:\/\/www.easydayphuket.com\/de\/kontakt-phuket-flughafen-transfer\/\"><img loading=\"lazy\" decoding=\"async\" class=\"alignnone\" src=\"https:\/\/www.easydaythailand.com\/images\/credit-card.gif\" alt=\"Credit Card Payment\" width=\"170\" height=\"30\" \/><\/a><\/p>\n<p style=\"text-align: right;\"><a href='https:\/\/www.easydayphuket.com\/de\/kontakt-phuket-flughafen-transfer\/?dest=2' class='small-button smallgreen'>Hier melden<\/a><\/p>\n\t\t<\/div>\n\t\t\t<\/div>\n\n\n<p><strong>Hinweis:<\/strong>\u00a0** Transfers zwischen 20:00 &#8211; 05:59 Uhr und vom 01 Dezember bis 31 Januar wird die Zahlung im voraus eingezogen!<\/p>\n\n\n\n<p class=\"has-text-align-center\">Wir von Easy Day Thailand bieten den perfekten Transfer zwischen dem Flughafen und Ihrem Hotel auf ganz Phuket.<\/p>\n\n\n\n<ul class=\"wp-block-list\">\n<li>Beginnen Sie ihren Urlaub <strong>komfortabel und entspannt<\/strong>. Ihr Fahrer wird mit Ihrem Namensschild in der Hand am Easy Day Phuket Treffpunkt auf Sie warten.<\/li>\n\n\n\n<li><strong>Keine unn\u00f6tigen Wartezeiten<\/strong> oder Stopps auf dem Weg zu ihrem Hotel.<\/li>\n\n\n\n<li>Unsere Minibusse sind<strong> klimatisiert<\/strong>, gut gepflegt, gewartet und<strong> versichert.<\/strong><\/li>\n\n\n\n<li>Besuchen Sie unseren <strong>TripAdvisor &#8211; &#8222;Airporttransfer Kommentare&#8220;.<\/strong><\/li>\n<\/ul>\n\n\n\n<p><strong>Hinweis<\/strong><strong>:<\/strong><\/p>\n\n\n<ul>\n<li>Preise f\u00fcr <a title=\"Phuket International Airport\" href=\"https:\/\/www.easydayphuket.com\/de\/flughafen-phuket\/\" target=\"_blank\" rel=\"noopener\">Phuket Airport<\/a> service sind f\u00fcr Hin und R\u00fcckfahrt zu den Hotels in Phuket, Khao Lak und Krabi<\/li>\n<li><strong>Nachtzuschlag<\/strong> f\u00fcr Flughafentransfer zwischen:<br \/>\n21:00 und 04:59 &#8211; 200 Thai Baht<\/li>\n<li>Flug Versp\u00e4tungen &#8211; Unser Fahrer wird bis zu 1 Stunde nach geplanter Landung warten. Sollten Sie Kenntnis \u00fcber eine Versp\u00e4tung haben, lassen Sie uns die Informationen bitte umgehend zukommen, unsere Leistung bezieht sich auf die Ankunftszeit. Hier unsere 24 Stunden Hotline Nummer +66 (0) 80 390 6224.<\/li>\n<li>Reisen Sie in einer gr\u00f6\u00dferen Gruppe mit 10 oder mehr Personen, <a title=\"Contact \u2013 Phuket Aiport Transfer\" href=\"#form\">Bitte melden!<\/a><\/li>\n<\/ul>\n\n\n\n<h2 class=\"wp-block-heading\"><a href=\"https:\/\/www.easydayphuket.com\/de\/phuket-flughafen-transfer-teffpunkt\/\" target=\"_blank\" rel=\"noopener\">Easy Day Treffpunkt<\/a><\/h2>\n\n\n\n<h3 class=\"wp-block-heading\">Ankunft National<\/h3>\n\n\n\n<figure class=\"wp-block-image alignright\"><a href=\"https:\/\/www.easydayphuket.com\/phuket-airport-transfer-meeting-point\/#domestic\" rel=\"noopener\"><img loading=\"lazy\" decoding=\"async\" width=\"300\" height=\"170\" src=\"https:\/\/www.easydayphuket.com\/wp-content\/uploads\/2016\/09\/Phuket-Airport-Domestic-Meeting-Point-300x170.jpg\" alt=\"Phuket Airport Domestic Meeting Point\" class=\"wp-image-27325\" srcset=\"https:\/\/www.easydayphuket.com\/wp-content\/uploads\/2016\/09\/Phuket-Airport-Domestic-Meeting-Point-300x170.jpg 300w, https:\/\/www.easydayphuket.com\/wp-content\/uploads\/2016\/09\/Phuket-Airport-Domestic-Meeting-Point-768x436.jpg 768w, https:\/\/www.easydayphuket.com\/wp-content\/uploads\/2016\/09\/Phuket-Airport-Domestic-Meeting-Point-1024x582.jpg 1024w, https:\/\/www.easydayphuket.com\/wp-content\/uploads\/2016\/09\/Phuket-Airport-Domestic-Meeting-Point-97x55.jpg 97w, https:\/\/www.easydayphuket.com\/wp-content\/uploads\/2016\/09\/Phuket-Airport-Domestic-Meeting-Point.jpg 1070w\" sizes=\"(max-width: 300px) 100vw, 300px\" \/><\/a><figcaption class=\"wp-element-caption\">Treffpunkt Nationale Ankunft<\/figcaption><\/figure>\n\n\n\n<p><span style=\"font-weight: 400;\">Wenn Sie den Terminal verlassen, dann gehen Sie bitte nach rechts wo Ihr Fahrer Sie dann vor dem Billion Cafe in Empfang nehmen wird. Ihr Fahrer wird ein Schild in den H\u00e4nden haben wo Sie dann Ihren Namen darauf finden werden.&nbsp;<\/span><\/p>\n\n\n\n<p>F\u00fcr den hoffentlich nicht eintretenden Fall das Sie den Fahrer nicht sehen oder finden k\u00f6nnen, rufen Sie unsere 24 Std Easy Day Hotline an +66 (0) 80 390 62 24<\/p>\n\n\n\n<h3 class=\"wp-block-heading\">Ankunft International<\/h3>\n\n\n\n<figure class=\"wp-block-image alignright\"><a href=\"https:\/\/www.easydayphuket.com\/de\/phuket-flughafen-transfer-teffpunkt\/#international\" rel=\"noopener\"><img loading=\"lazy\" decoding=\"async\" width=\"300\" height=\"225\" src=\"https:\/\/www.easydayphuket.com\/wp-content\/uploads\/2016\/09\/Phuket-International-Airport-Arrival-Gate-5-300x225.jpg\" alt=\"Phuket International Flughafen- Ankunft Gate 5\" class=\"wp-image-15235\" srcset=\"https:\/\/www.easydayphuket.com\/wp-content\/uploads\/2016\/09\/Phuket-International-Airport-Arrival-Gate-5-300x225.jpg 300w, https:\/\/www.easydayphuket.com\/wp-content\/uploads\/2016\/09\/Phuket-International-Airport-Arrival-Gate-5-768x576.jpg 768w, https:\/\/www.easydayphuket.com\/wp-content\/uploads\/2016\/09\/Phuket-International-Airport-Arrival-Gate-5.jpg 1024w, https:\/\/www.easydayphuket.com\/wp-content\/uploads\/2016\/09\/Phuket-International-Airport-Arrival-Gate-5-73x55.jpg 73w\" sizes=\"(max-width: 300px) 100vw, 300px\" \/><\/a><figcaption class=\"wp-element-caption\">Ausgang 5 (Aussenansicht)<\/figcaption><\/figure>\n\n\n\n<p>Ihr Fahrer wartet vor dem Ausgang&nbsp;5 mit einem Schild in der Hand, wo Sie Ihren Namen darauf finden.<\/p>\n\n\n\n<p>Wenn Sie die Gep\u00e4ckausgabe verlassen, halten Sie sich links und schauen nach dem Ausgang 5.<\/p>\n\n\n\n<p>F\u00fcr den hoffentlich nicht eintretenden Fall das Sie den Fahrer nicht sehen oder finden k\u00f6nnen, rufen Sie unsere 24 Std Easy Day Hotline an +66 (0) 80 390 62 24<\/p>\n\n\n\n<p><strong>F\u00fcr zus\u00e4tzlich Informationen, besuchen Sie unsere Seite zum&nbsp;<a href=\"https:\/\/www.easydayphuket.com\/de\/phuket-flughafen-transfer-teffpunkt\/\" target=\"_blank\" rel=\"noopener\">Easy Day Treffpunkt<\/a><\/strong>.<\/p>\n\n\n\n<h2 class=\"wp-block-heading\">Phuket Flughafentransfer &#8211; Alternative<\/h2>\n\n\n\n<p>Sollten Sie es nicht eilig haben und wollen gleichzeitig noch etwas von Phuket sehen, dann empfehlen wir ihnen den <a href=\"https:\/\/easydaythailand.blogspot.com\/2013\/09\/phuket-airport-bus-to-patong.html\" target=\"_blank\" rel=\"noopener\">Phuket Airport Bus<\/a>. Ber\u00fccksichtigen Sie bitte das es ein \u00f6ffentliches Verkehrsmittel ist und nur an festgelegten Haltestellen stoppt. Sollten Sie mir schwerem Gep\u00e4ck reisen empfehlen wir Ihnen einen privaten Phuket Flughafentransfer.<\/p>\n\n\n\n<h3 class=\"wp-block-heading\" id=\"form\">Easy Day Phuket Anfragen<\/h3>\n\n\n\n<script charset=\"utf-8\" type=\"text\/javascript\" src=\"\/\/js.hsforms.net\/forms\/embed\/v2.js\"><\/script>\n<script>\n  hbspt.forms.create({\n    region: \"na1\",\n    portalId: \"3413662\",\n    formId: \"59765d47-ffdf-4452-a315-11081d03c004\"\n  });\n<\/script>\n\n\n\n<p class=\"has-text-align-right\">&nbsp;<\/p>\n","protected":false},"excerpt":{"rendered":"<p>Phuket Flughafentransfer &#8211; Buchen Sie hier ihren privaten Flughafentransfer von oder zu Ihrem Phuket Hotel. Sicher &amp; einfach im voraus buchen und wir garantieren ihnen P\u00fcnktlichkeit und keine unn\u00f6tigen Wartezeiten. Wir von Easy Day Thailand bieten den perfekten Transfer zwischen dem Flughafen und Ihrem Hotel auf ganz Phuket. Hinweis: Easy Day Treffpunkt Ankunft National Wenn [&hellip;]<\/p>\n","protected":false},"author":4,"featured_media":28306,"parent":11413,"menu_order":0,"comment_status":"closed","ping_status":"open","template":"template-fullwidth.php","meta":{"_acf_changed":false,"_et_pb_use_builder":"","_et_pb_old_content":"","_et_gb_content_width":"","footnotes":""},"class_list":["post-11326","page","type-page","status-publish","has-post-thumbnail","hentry"],"acf":[],"yoast_head":"<!-- This site is optimized with the Yoast SEO plugin v25.1 - https:\/\/yoast.com\/wordpress\/plugins\/seo\/ -->\n<title>Phuket Flughafentransfer mit Easy Day Phuket<\/title>\n<meta name=\"description\" content=\"Phuket Flughafentransfer zu ihrem Hotel in Phuket, Krabi, &amp; Khao Lak. Ihr Urlaub f\u00e4ngt schon mit einem Flughafentransfer an.\" \/>\n<meta name=\"robots\" content=\"index, follow, max-snippet:-1, max-image-preview:large, max-video-preview:-1\" \/>\n<link rel=\"canonical\" href=\"https:\/\/www.easydayphuket.com\/de\/phuket-transfers\/phuket-flughafentransfer\/\" \/>\n<meta property=\"og:locale\" content=\"de_DE\" \/>\n<meta property=\"og:type\" content=\"article\" \/>\n<meta property=\"og:title\" content=\"Phuket Flughafentransfer mit Easy Day Phuket\" \/>\n<meta property=\"og:description\" content=\"Phuket Flughafentransfer zu ihrem Hotel in Phuket, Krabi, &amp; Khao Lak. Ihr Urlaub f\u00e4ngt schon mit einem Flughafentransfer an.\" \/>\n<meta property=\"og:url\" content=\"https:\/\/www.easydayphuket.com\/de\/phuket-transfers\/phuket-flughafentransfer\/\" \/>\n<meta property=\"og:site_name\" content=\"Easy Day Phuket\" \/>\n<meta property=\"article:publisher\" content=\"https:\/\/www.facebook.com\/Easydayinthailand\/\" \/>\n<meta property=\"article:modified_time\" content=\"2024-05-23T06:30:18+00:00\" \/>\n<meta property=\"og:image\" content=\"https:\/\/www.easydayphuket.com\/wp-content\/uploads\/2018\/06\/Phuket-Airport-Transfers.jpg\" \/>\n\t<meta property=\"og:image:width\" content=\"1080\" \/>\n\t<meta property=\"og:image:height\" content=\"608\" \/>\n\t<meta property=\"og:image:type\" content=\"image\/jpeg\" \/>\n<meta name=\"twitter:label1\" content=\"Gesch\u00e4tzte Lesezeit\" \/>\n\t<meta name=\"twitter:data1\" content=\"4\u00a0Minuten\" \/>\n<script type=\"application\/ld+json\" class=\"yoast-schema-graph\">{\"@context\":\"https:\/\/schema.org\",\"@graph\":[{\"@type\":\"WebPage\",\"@id\":\"https:\/\/www.easydayphuket.com\/de\/phuket-transfers\/phuket-flughafentransfer\/\",\"url\":\"https:\/\/www.easydayphuket.com\/de\/phuket-transfers\/phuket-flughafentransfer\/\",\"name\":\"Phuket Flughafentransfer mit Easy Day Phuket\",\"isPartOf\":{\"@id\":\"https:\/\/www.easydayphuket.com\/#website\"},\"primaryImageOfPage\":{\"@id\":\"https:\/\/www.easydayphuket.com\/de\/phuket-transfers\/phuket-flughafentransfer\/#primaryimage\"},\"image\":{\"@id\":\"https:\/\/www.easydayphuket.com\/de\/phuket-transfers\/phuket-flughafentransfer\/#primaryimage\"},\"thumbnailUrl\":\"https:\/\/www.easydayphuket.com\/wp-content\/uploads\/2018\/06\/Phuket-Airport-Transfers.jpg\",\"datePublished\":\"2015-08-20T09:52:53+00:00\",\"dateModified\":\"2024-05-23T06:30:18+00:00\",\"description\":\"Phuket Flughafentransfer zu ihrem Hotel in Phuket, Krabi, & Khao Lak. Ihr Urlaub f\u00e4ngt schon mit einem Flughafentransfer an.\",\"breadcrumb\":{\"@id\":\"https:\/\/www.easydayphuket.com\/de\/phuket-transfers\/phuket-flughafentransfer\/#breadcrumb\"},\"inLanguage\":\"de\",\"potentialAction\":[{\"@type\":\"ReadAction\",\"target\":[\"https:\/\/www.easydayphuket.com\/de\/phuket-transfers\/phuket-flughafentransfer\/\"]}]},{\"@type\":\"ImageObject\",\"inLanguage\":\"de\",\"@id\":\"https:\/\/www.easydayphuket.com\/de\/phuket-transfers\/phuket-flughafentransfer\/#primaryimage\",\"url\":\"https:\/\/www.easydayphuket.com\/wp-content\/uploads\/2018\/06\/Phuket-Airport-Transfers.jpg\",\"contentUrl\":\"https:\/\/www.easydayphuket.com\/wp-content\/uploads\/2018\/06\/Phuket-Airport-Transfers.jpg\",\"width\":1080,\"height\":608,\"caption\":\"Phuket Airport Transfers\"},{\"@type\":\"BreadcrumbList\",\"@id\":\"https:\/\/www.easydayphuket.com\/de\/phuket-transfers\/phuket-flughafentransfer\/#breadcrumb\",\"itemListElement\":[{\"@type\":\"ListItem\",\"position\":1,\"name\":\"Home\",\"item\":\"https:\/\/www.easydayphuket.com\/de\/\"},{\"@type\":\"ListItem\",\"position\":2,\"name\":\"Phuket Transfers\",\"item\":\"https:\/\/www.easydayphuket.com\/de\/phuket-transfers\/\"},{\"@type\":\"ListItem\",\"position\":3,\"name\":\"Phuket Flughafen Transfer\"}]},{\"@type\":\"WebSite\",\"@id\":\"https:\/\/www.easydayphuket.com\/#website\",\"url\":\"https:\/\/www.easydayphuket.com\/\",\"name\":\"Easy Day Phuket\",\"description\":\"Ihr Phuket Tour & Reise Partner\",\"publisher\":{\"@id\":\"https:\/\/www.easydayphuket.com\/#organization\"},\"potentialAction\":[{\"@type\":\"SearchAction\",\"target\":{\"@type\":\"EntryPoint\",\"urlTemplate\":\"https:\/\/www.easydayphuket.com\/?s={search_term_string}\"},\"query-input\":{\"@type\":\"PropertyValueSpecification\",\"valueRequired\":true,\"valueName\":\"search_term_string\"}}],\"inLanguage\":\"de\"},{\"@type\":\"Organization\",\"@id\":\"https:\/\/www.easydayphuket.com\/#organization\",\"name\":\"Easy Day Thailand\",\"url\":\"https:\/\/www.easydayphuket.com\/\",\"logo\":{\"@type\":\"ImageObject\",\"inLanguage\":\"de\",\"@id\":\"https:\/\/www.easydayphuket.com\/#\/schema\/logo\/image\/\",\"url\":\"https:\/\/www.easydayphuket.com\/wp-content\/uploads\/2013\/07\/Sun-Thaiflag_booking12.gif\",\"contentUrl\":\"https:\/\/www.easydayphuket.com\/wp-content\/uploads\/2013\/07\/Sun-Thaiflag_booking12.gif\",\"width\":100,\"height\":94,\"caption\":\"Easy Day Thailand\"},\"image\":{\"@id\":\"https:\/\/www.easydayphuket.com\/#\/schema\/logo\/image\/\"},\"sameAs\":[\"https:\/\/www.facebook.com\/Easydayinthailand\/\",\"https:\/\/www.instagram.com\/easydaythailand\/\"]}]}<\/script>\n<!-- \/ Yoast SEO plugin. -->","yoast_head_json":{"title":"Phuket Flughafentransfer mit Easy Day Phuket","description":"Phuket Flughafentransfer zu ihrem Hotel in Phuket, Krabi, & Khao Lak. Ihr Urlaub f\u00e4ngt schon mit einem Flughafentransfer an.","robots":{"index":"index","follow":"follow","max-snippet":"max-snippet:-1","max-image-preview":"max-image-preview:large","max-video-preview":"max-video-preview:-1"},"canonical":"https:\/\/www.easydayphuket.com\/de\/phuket-transfers\/phuket-flughafentransfer\/","og_locale":"de_DE","og_type":"article","og_title":"Phuket Flughafentransfer mit Easy Day Phuket","og_description":"Phuket Flughafentransfer zu ihrem Hotel in Phuket, Krabi, & Khao Lak. Ihr Urlaub f\u00e4ngt schon mit einem Flughafentransfer an.","og_url":"https:\/\/www.easydayphuket.com\/de\/phuket-transfers\/phuket-flughafentransfer\/","og_site_name":"Easy Day Phuket","article_publisher":"https:\/\/www.facebook.com\/Easydayinthailand\/","article_modified_time":"2024-05-23T06:30:18+00:00","og_image":[{"width":1080,"height":608,"url":"https:\/\/www.easydayphuket.com\/wp-content\/uploads\/2018\/06\/Phuket-Airport-Transfers.jpg","type":"image\/jpeg"}],"twitter_misc":{"Gesch\u00e4tzte Lesezeit":"4\u00a0Minuten"},"schema":{"@context":"https:\/\/schema.org","@graph":[{"@type":"WebPage","@id":"https:\/\/www.easydayphuket.com\/de\/phuket-transfers\/phuket-flughafentransfer\/","url":"https:\/\/www.easydayphuket.com\/de\/phuket-transfers\/phuket-flughafentransfer\/","name":"Phuket Flughafentransfer mit Easy Day Phuket","isPartOf":{"@id":"https:\/\/www.easydayphuket.com\/#website"},"primaryImageOfPage":{"@id":"https:\/\/www.easydayphuket.com\/de\/phuket-transfers\/phuket-flughafentransfer\/#primaryimage"},"image":{"@id":"https:\/\/www.easydayphuket.com\/de\/phuket-transfers\/phuket-flughafentransfer\/#primaryimage"},"thumbnailUrl":"https:\/\/www.easydayphuket.com\/wp-content\/uploads\/2018\/06\/Phuket-Airport-Transfers.jpg","datePublished":"2015-08-20T09:52:53+00:00","dateModified":"2024-05-23T06:30:18+00:00","description":"Phuket Flughafentransfer zu ihrem Hotel in Phuket, Krabi, & Khao Lak. Ihr Urlaub f\u00e4ngt schon mit einem Flughafentransfer an.","breadcrumb":{"@id":"https:\/\/www.easydayphuket.com\/de\/phuket-transfers\/phuket-flughafentransfer\/#breadcrumb"},"inLanguage":"de","potentialAction":[{"@type":"ReadAction","target":["https:\/\/www.easydayphuket.com\/de\/phuket-transfers\/phuket-flughafentransfer\/"]}]},{"@type":"ImageObject","inLanguage":"de","@id":"https:\/\/www.easydayphuket.com\/de\/phuket-transfers\/phuket-flughafentransfer\/#primaryimage","url":"https:\/\/www.easydayphuket.com\/wp-content\/uploads\/2018\/06\/Phuket-Airport-Transfers.jpg","contentUrl":"https:\/\/www.easydayphuket.com\/wp-content\/uploads\/2018\/06\/Phuket-Airport-Transfers.jpg","width":1080,"height":608,"caption":"Phuket Airport Transfers"},{"@type":"BreadcrumbList","@id":"https:\/\/www.easydayphuket.com\/de\/phuket-transfers\/phuket-flughafentransfer\/#breadcrumb","itemListElement":[{"@type":"ListItem","position":1,"name":"Home","item":"https:\/\/www.easydayphuket.com\/de\/"},{"@type":"ListItem","position":2,"name":"Phuket Transfers","item":"https:\/\/www.easydayphuket.com\/de\/phuket-transfers\/"},{"@type":"ListItem","position":3,"name":"Phuket Flughafen Transfer"}]},{"@type":"WebSite","@id":"https:\/\/www.easydayphuket.com\/#website","url":"https:\/\/www.easydayphuket.com\/","name":"Easy Day Phuket","description":"Ihr Phuket Tour & Reise Partner","publisher":{"@id":"https:\/\/www.easydayphuket.com\/#organization"},"potentialAction":[{"@type":"SearchAction","target":{"@type":"EntryPoint","urlTemplate":"https:\/\/www.easydayphuket.com\/?s={search_term_string}"},"query-input":{"@type":"PropertyValueSpecification","valueRequired":true,"valueName":"search_term_string"}}],"inLanguage":"de"},{"@type":"Organization","@id":"https:\/\/www.easydayphuket.com\/#organization","name":"Easy Day Thailand","url":"https:\/\/www.easydayphuket.com\/","logo":{"@type":"ImageObject","inLanguage":"de","@id":"https:\/\/www.easydayphuket.com\/#\/schema\/logo\/image\/","url":"https:\/\/www.easydayphuket.com\/wp-content\/uploads\/2013\/07\/Sun-Thaiflag_booking12.gif","contentUrl":"https:\/\/www.easydayphuket.com\/wp-content\/uploads\/2013\/07\/Sun-Thaiflag_booking12.gif","width":100,"height":94,"caption":"Easy Day Thailand"},"image":{"@id":"https:\/\/www.easydayphuket.com\/#\/schema\/logo\/image\/"},"sameAs":["https:\/\/www.facebook.com\/Easydayinthailand\/","https:\/\/www.instagram.com\/easydaythailand\/"]}]}},"_links":{"self":[{"href":"https:\/\/www.easydayphuket.com\/de\/wp-json\/wp\/v2\/pages\/11326","targetHints":{"allow":["GET"]}}],"collection":[{"href":"https:\/\/www.easydayphuket.com\/de\/wp-json\/wp\/v2\/pages"}],"about":[{"href":"https:\/\/www.easydayphuket.com\/de\/wp-json\/wp\/v2\/types\/page"}],"author":[{"embeddable":true,"href":"https:\/\/www.easydayphuket.com\/de\/wp-json\/wp\/v2\/users\/4"}],"replies":[{"embeddable":true,"href":"https:\/\/www.easydayphuket.com\/de\/wp-json\/wp\/v2\/comments?post=11326"}],"version-history":[{"count":0,"href":"https:\/\/www.easydayphuket.com\/de\/wp-json\/wp\/v2\/pages\/11326\/revisions"}],"up":[{"embeddable":true,"href":"https:\/\/www.easydayphuket.com\/de\/wp-json\/wp\/v2\/pages\/11413"}],"wp:featuredmedia":[{"embeddable":true,"href":"https:\/\/www.easydayphuket.com\/de\/wp-json\/wp\/v2\/media\/28306"}],"wp:attachment":[{"href":"https:\/\/www.easydayphuket.com\/de\/wp-json\/wp\/v2\/media?parent=11326"}],"curies":[{"name":"wp","href":"https:\/\/api.w.org\/{rel}","templated":true}]}}