{"id":11313,"date":"2015-08-12T17:28:05","date_gmt":"2015-08-12T10:28:05","guid":{"rendered":"https:\/\/www.easydayphuket.com\/de\/reisen-von-phuket-nach-koh-tao\/"},"modified":"2024-05-23T23:50:01","modified_gmt":"2024-05-23T16:50:01","slug":"reisen-von-phuket-nach-koh-tao","status":"publish","type":"page","link":"https:\/\/www.easydayphuket.com\/de\/phuket-transfers\/reisen-von-phuket-nach-koh-tao\/","title":{"rendered":"Reisen von Phuket nach Koh Tao"},"content":{"rendered":"\n<p>Reisen von Phuket nach Koh Tao, die besten M\u00f6glichkeiten ? T\u00e4glich mit \u00f6ffentlichen oder privatem Minibus &amp; Hochgeschwindigkeitsf\u00e4hre. Eine andere Variante w\u00e4re vom Phuket Flughafen nach Koh Samui zu fliegen und von dort nach Koh Tao mit einer F\u00e4hre \u00fcbersetzen.<\/p>\n\n\n\n<script src=\"\/\/cdn0.trainbusferry.com\/tools\/form\/de\/?id=4089997&#038;domain=easydaythailand.12go.asia\" data-one2go=\"4089997\" data-color=\"default\" data-language=\"de\" data-adaptive=\"1\" data-border=\"1\" data-origin=\"Phuket\" data-destination=\"Koh Tao\" data-caption=\"Phuket nach Koh Tao\" data-sub_id=\"phuket-de\" data-domain=\"easydaythailand.12go.asia\"><\/script><div id=\"powered\">Powered by <a href=\"https:\/\/12go.asia\/?z=4089997&#038;sub_id=phuket-de\">12Go system<\/a><\/div>\n\n\n\n<h2 class=\"wp-block-heading\">Phuket nach Koh Tao mit Bus &amp;&nbsp;F\u00e4hre<\/h2>\n\n\n\n<figure class=\"wp-block-image alignright\"><a href=\"https:\/\/www.easydayphuket.com\/wp-content\/uploads\/2015\/07\/Ferry-Pier-Koh-Tao-300x197.jpg\"><img loading=\"lazy\" decoding=\"async\" width=\"300\" height=\"197\" src=\"https:\/\/www.easydayphuket.com\/wp-content\/uploads\/2015\/07\/Ferry-Pier-Koh-Tao-300x197.jpg\" alt=\"F\u00e4hr nach Koh Tao - Reisen von Phuket nach Koh Tao\" class=\"wp-image-10971\" srcset=\"https:\/\/www.easydayphuket.com\/wp-content\/uploads\/2015\/07\/Ferry-Pier-Koh-Tao-300x197.jpg 300w, https:\/\/www.easydayphuket.com\/wp-content\/uploads\/2015\/07\/Ferry-Pier-Koh-Tao-84x55.jpg 84w, https:\/\/www.easydayphuket.com\/wp-content\/uploads\/2015\/07\/Ferry-Pier-Koh-Tao.jpg 500w\" sizes=\"(max-width: 300px) 100vw, 300px\" \/><\/a><figcaption class=\"wp-element-caption\">F\u00e4hre nach Koh Tao<\/figcaption><\/figure>\n\n\n\n<p>Wie komme ich von Phuket nach <a href=\"https:\/\/www.easydaysamui.com\/koh-tao\/\" target=\"_blank\" rel=\"noopener noreferrer\">Koh Tao <\/a>? Mit dem Bus &amp; Hochgeschwindigkeitsf\u00e4hre <strong>von Phuket nach Koh Tao, Koh Phangan &amp; Koh Samui.<\/strong><\/p>\n\n\n<ul>\n<li><strong>Das ganze Jahr.<\/strong><\/li>\n<li><strong>G\u00fcnstiger Preis<\/strong><\/li>\n<li><strong>Schnelle F\u00e4hre<\/strong><\/li>\n<li><strong>Klimat. Minibus o. Bus<br \/>\n<\/strong><\/li>\n<li><strong>Private Reisen auf Anfrage.<\/strong><\/li>\n<\/ul>\n\n\n\n<p class=\"has-text-align-center\"><\/p>\n\n\n\n<p class=\"has-text-align-right\"><a href='#form' class='small-button smallblue'>Buchen \/ Kontakt<\/a><\/p>\n\n\n\n<p class=\"has-text-align-left\"><strong>Hinweis:<\/strong><\/p>\n\n\n\n<p class=\"has-text-align-left\">Getr\u00e4nke sind nicht im Preis enthalten. Wir von Easy Day Phuket empfehlen ihnen sich auf diesen Transfers selbst um ihr kulinarisches Wohl zu bem\u00fchen.<\/p>\n\n\n\n<p><strong>Note:<\/strong><\/p>\n\n\n\n<ul class=\"wp-block-list\">\n<li>Die Abholzeiten sind variabel und werden bei der Buchung mitgeteilt.<\/li>\n\n\n\n<li>Sollten Sie sp\u00e4ter als 8 Uhr in Phuket ankommen, ist die \u00dcberfahrt am gleichen Tag nach Koh Tao nur mit privaten Transfer zum Hafen von Surathani m\u00f6glich. Wenn es zu sp\u00e4t wird verbringen Sie eine Nacht bei uns in Phuket.<\/li>\n<\/ul>\n\n\n\n<h2 class=\"wp-block-heading\">Reisen von Phuket to Koh Tao? Flug+F\u00e4hre<\/h2>\n\n\n\n<figure class=\"wp-block-image alignleft\"><a href=\"https:\/\/www.easydayphuket.com\/wp-content\/uploads\/2015\/07\/Bangkok-Airways-Logo-150x126.jpg\"><img loading=\"lazy\" decoding=\"async\" width=\"150\" height=\"126\" src=\"https:\/\/www.easydayphuket.com\/wp-content\/uploads\/2015\/07\/Bangkok-Airways-Logo-150x126.jpg\" alt=\"Reisen von Phuket nach Koh Tao ? Mit Bangkok Airways nach Samui plus F\u00e4hre nach Koh Tao\" class=\"wp-image-10951\"\/><\/a><figcaption class=\"wp-element-caption\">Nach Koh Tao mit Bangkok Airways<\/figcaption><\/figure>\n\n\n\n<p><a href=\"https:\/\/www.bangkokair.com\/eng\/Announcement\/migration\" target=\"_blank\" rel=\"noopener noreferrer\">Bangkok Airways<\/a> bietet t\u00e4glich 4 Fl\u00fcge von Phuket zum <a href=\"https:\/\/www.easydaysamui.com\/koh-samui-international-airport\/\" target=\"_blank\" rel=\"noopener noreferrer\">Koh Samui Flughafen <\/a>an. Sie k\u00f6nnen die Fl\u00fcge im Internet buchen oder direkt bei Bangkok Air<\/p>\n\n\n\n<p><strong>Oder Buchen Sie mit Easy Day Phuket ihr pers\u00f6nliches Flug &amp; F\u00e4hre Paket.<\/strong><\/p>\n\n\n<ul>\n<li>Phuket Flughafen Transfer.<\/li>\n<li>Flug von Phuket nach Koh Samui.<\/li>\n<li>Transfer vom Koh Samui Flughafen zur F\u00e4hre.<\/li>\n<li>Hochgeschwindigkeitsf\u00e4hre nachKoh Tao.<\/li>\n<\/ul>\n<p>Sie sagen uns wann und wo Sie in Koh Tao sein m\u00f6chten und unser Easy Day Phuket Team wird Ihnen alle wichtigen Informationen zukommen lassen<\/p>\n<a href='#form' class='small-button smallblue'>Buchen \/ Kontakt<\/a>\n\n\n\n<h2 class=\"wp-block-heading\" id=\"form\">Kontakt f\u00fcr Reisen von Phuket nach Koh Tao<\/h2>\n\n\n\n<script charset=\"utf-8\" type=\"text\/javascript\" src=\"\/\/js.hsforms.net\/forms\/embed\/v2.js\"><\/script>\n<script>\n  hbspt.forms.create({\n    region: \"na1\",\n    portalId: \"3413662\",\n    formId: \"59765d47-ffdf-4452-a315-11081d03c004\"\n  });\n<\/script>\n","protected":false},"excerpt":{"rendered":"<p>Reisen von Phuket nach Koh Tao, die besten M\u00f6glichkeiten ? T\u00e4glich mit \u00f6ffentlichen oder privatem Minibus &amp; Hochgeschwindigkeitsf\u00e4hre. Eine andere Variante w\u00e4re vom Phuket Flughafen nach Koh Samui zu fliegen und von dort nach Koh Tao mit einer F\u00e4hre \u00fcbersetzen. Powered by 12Go system Phuket nach Koh Tao mit Bus &amp;&nbsp;F\u00e4hre Wie komme ich von [&hellip;]<\/p>\n","protected":false},"author":4,"featured_media":10943,"parent":11413,"menu_order":0,"comment_status":"open","ping_status":"open","template":"","meta":{"_acf_changed":false,"_et_pb_use_builder":"","_et_pb_old_content":"","_et_gb_content_width":"","footnotes":""},"class_list":["post-11313","page","type-page","status-publish","has-post-thumbnail","hentry"],"acf":[],"yoast_head":"<!-- This site is optimized with the Yoast SEO plugin v25.1 - https:\/\/yoast.com\/wordpress\/plugins\/seo\/ -->\n<title>Reisen von Phuket nach Koh Tao mit Easy Day Phuket<\/title>\n<meta name=\"description\" content=\"Reisen von Phuket nach Koh Tao kann man g\u00fcnstig mit Bus &amp; F\u00e4hre machen, aber auch als privatem Transfer von Easy Day Phuket.\" \/>\n<meta name=\"robots\" content=\"index, follow, max-snippet:-1, max-image-preview:large, max-video-preview:-1\" \/>\n<link rel=\"canonical\" href=\"https:\/\/www.easydayphuket.com\/de\/phuket-transfers\/reisen-von-phuket-nach-koh-tao\/\" \/>\n<meta property=\"og:locale\" content=\"de_DE\" \/>\n<meta property=\"og:type\" content=\"article\" \/>\n<meta property=\"og:title\" content=\"Reisen von Phuket nach Koh Tao mit Easy Day Phuket\" \/>\n<meta property=\"og:description\" content=\"Reisen von Phuket nach Koh Tao kann man g\u00fcnstig mit Bus &amp; F\u00e4hre machen, aber auch als privatem Transfer von Easy Day Phuket.\" \/>\n<meta property=\"og:url\" content=\"https:\/\/www.easydayphuket.com\/de\/phuket-transfers\/reisen-von-phuket-nach-koh-tao\/\" \/>\n<meta property=\"og:site_name\" content=\"Easy Day Phuket\" \/>\n<meta property=\"article:publisher\" content=\"https:\/\/www.facebook.com\/Easydayinthailand\/\" \/>\n<meta property=\"article:modified_time\" content=\"2024-05-23T16:50:01+00:00\" \/>\n<meta property=\"og:image\" content=\"https:\/\/www.easydayphuket.com\/wp-content\/uploads\/2015\/07\/Lomprayah-Ferry-1.jpg\" \/>\n\t<meta property=\"og:image:width\" content=\"600\" \/>\n\t<meta property=\"og:image:height\" content=\"373\" \/>\n\t<meta property=\"og:image:type\" content=\"image\/jpeg\" \/>\n<meta name=\"twitter:label1\" content=\"Gesch\u00e4tzte Lesezeit\" \/>\n\t<meta name=\"twitter:data1\" content=\"2\u00a0Minuten\" \/>\n<script type=\"application\/ld+json\" class=\"yoast-schema-graph\">{\"@context\":\"https:\/\/schema.org\",\"@graph\":[{\"@type\":\"WebPage\",\"@id\":\"https:\/\/www.easydayphuket.com\/de\/phuket-transfers\/reisen-von-phuket-nach-koh-tao\/\",\"url\":\"https:\/\/www.easydayphuket.com\/de\/phuket-transfers\/reisen-von-phuket-nach-koh-tao\/\",\"name\":\"Reisen von Phuket nach Koh Tao mit Easy Day Phuket\",\"isPartOf\":{\"@id\":\"https:\/\/www.easydayphuket.com\/#website\"},\"primaryImageOfPage\":{\"@id\":\"https:\/\/www.easydayphuket.com\/de\/phuket-transfers\/reisen-von-phuket-nach-koh-tao\/#primaryimage\"},\"image\":{\"@id\":\"https:\/\/www.easydayphuket.com\/de\/phuket-transfers\/reisen-von-phuket-nach-koh-tao\/#primaryimage\"},\"thumbnailUrl\":\"https:\/\/www.easydayphuket.com\/wp-content\/uploads\/2015\/07\/Lomprayah-Ferry-1.jpg\",\"datePublished\":\"2015-08-12T10:28:05+00:00\",\"dateModified\":\"2024-05-23T16:50:01+00:00\",\"description\":\"Reisen von Phuket nach Koh Tao kann man g\u00fcnstig mit Bus & F\u00e4hre machen, aber auch als privatem Transfer von Easy Day Phuket.\",\"breadcrumb\":{\"@id\":\"https:\/\/www.easydayphuket.com\/de\/phuket-transfers\/reisen-von-phuket-nach-koh-tao\/#breadcrumb\"},\"inLanguage\":\"de\",\"potentialAction\":[{\"@type\":\"ReadAction\",\"target\":[\"https:\/\/www.easydayphuket.com\/de\/phuket-transfers\/reisen-von-phuket-nach-koh-tao\/\"]}]},{\"@type\":\"ImageObject\",\"inLanguage\":\"de\",\"@id\":\"https:\/\/www.easydayphuket.com\/de\/phuket-transfers\/reisen-von-phuket-nach-koh-tao\/#primaryimage\",\"url\":\"https:\/\/www.easydayphuket.com\/wp-content\/uploads\/2015\/07\/Lomprayah-Ferry-1.jpg\",\"contentUrl\":\"https:\/\/www.easydayphuket.com\/wp-content\/uploads\/2015\/07\/Lomprayah-Ferry-1.jpg\",\"width\":600,\"height\":373},{\"@type\":\"BreadcrumbList\",\"@id\":\"https:\/\/www.easydayphuket.com\/de\/phuket-transfers\/reisen-von-phuket-nach-koh-tao\/#breadcrumb\",\"itemListElement\":[{\"@type\":\"ListItem\",\"position\":1,\"name\":\"Home\",\"item\":\"https:\/\/www.easydayphuket.com\/de\/\"},{\"@type\":\"ListItem\",\"position\":2,\"name\":\"Phuket Transfers\",\"item\":\"https:\/\/www.easydayphuket.com\/de\/phuket-transfers\/\"},{\"@type\":\"ListItem\",\"position\":3,\"name\":\"Reisen von Phuket nach Koh Tao\"}]},{\"@type\":\"WebSite\",\"@id\":\"https:\/\/www.easydayphuket.com\/#website\",\"url\":\"https:\/\/www.easydayphuket.com\/\",\"name\":\"Easy Day Phuket\",\"description\":\"Ihr Phuket Tour & Reise Partner\",\"publisher\":{\"@id\":\"https:\/\/www.easydayphuket.com\/#organization\"},\"potentialAction\":[{\"@type\":\"SearchAction\",\"target\":{\"@type\":\"EntryPoint\",\"urlTemplate\":\"https:\/\/www.easydayphuket.com\/?s={search_term_string}\"},\"query-input\":{\"@type\":\"PropertyValueSpecification\",\"valueRequired\":true,\"valueName\":\"search_term_string\"}}],\"inLanguage\":\"de\"},{\"@type\":\"Organization\",\"@id\":\"https:\/\/www.easydayphuket.com\/#organization\",\"name\":\"Easy Day Thailand\",\"url\":\"https:\/\/www.easydayphuket.com\/\",\"logo\":{\"@type\":\"ImageObject\",\"inLanguage\":\"de\",\"@id\":\"https:\/\/www.easydayphuket.com\/#\/schema\/logo\/image\/\",\"url\":\"https:\/\/www.easydayphuket.com\/wp-content\/uploads\/2013\/07\/Sun-Thaiflag_booking12.gif\",\"contentUrl\":\"https:\/\/www.easydayphuket.com\/wp-content\/uploads\/2013\/07\/Sun-Thaiflag_booking12.gif\",\"width\":100,\"height\":94,\"caption\":\"Easy Day Thailand\"},\"image\":{\"@id\":\"https:\/\/www.easydayphuket.com\/#\/schema\/logo\/image\/\"},\"sameAs\":[\"https:\/\/www.facebook.com\/Easydayinthailand\/\",\"https:\/\/www.instagram.com\/easydaythailand\/\"]}]}<\/script>\n<!-- \/ Yoast SEO plugin. -->","yoast_head_json":{"title":"Reisen von Phuket nach Koh Tao mit Easy Day Phuket","description":"Reisen von Phuket nach Koh Tao kann man g\u00fcnstig mit Bus & F\u00e4hre machen, aber auch als privatem Transfer von Easy Day Phuket.","robots":{"index":"index","follow":"follow","max-snippet":"max-snippet:-1","max-image-preview":"max-image-preview:large","max-video-preview":"max-video-preview:-1"},"canonical":"https:\/\/www.easydayphuket.com\/de\/phuket-transfers\/reisen-von-phuket-nach-koh-tao\/","og_locale":"de_DE","og_type":"article","og_title":"Reisen von Phuket nach Koh Tao mit Easy Day Phuket","og_description":"Reisen von Phuket nach Koh Tao kann man g\u00fcnstig mit Bus & F\u00e4hre machen, aber auch als privatem Transfer von Easy Day Phuket.","og_url":"https:\/\/www.easydayphuket.com\/de\/phuket-transfers\/reisen-von-phuket-nach-koh-tao\/","og_site_name":"Easy Day Phuket","article_publisher":"https:\/\/www.facebook.com\/Easydayinthailand\/","article_modified_time":"2024-05-23T16:50:01+00:00","og_image":[{"width":600,"height":373,"url":"https:\/\/www.easydayphuket.com\/wp-content\/uploads\/2015\/07\/Lomprayah-Ferry-1.jpg","type":"image\/jpeg"}],"twitter_misc":{"Gesch\u00e4tzte Lesezeit":"2\u00a0Minuten"},"schema":{"@context":"https:\/\/schema.org","@graph":[{"@type":"WebPage","@id":"https:\/\/www.easydayphuket.com\/de\/phuket-transfers\/reisen-von-phuket-nach-koh-tao\/","url":"https:\/\/www.easydayphuket.com\/de\/phuket-transfers\/reisen-von-phuket-nach-koh-tao\/","name":"Reisen von Phuket nach Koh Tao mit Easy Day Phuket","isPartOf":{"@id":"https:\/\/www.easydayphuket.com\/#website"},"primaryImageOfPage":{"@id":"https:\/\/www.easydayphuket.com\/de\/phuket-transfers\/reisen-von-phuket-nach-koh-tao\/#primaryimage"},"image":{"@id":"https:\/\/www.easydayphuket.com\/de\/phuket-transfers\/reisen-von-phuket-nach-koh-tao\/#primaryimage"},"thumbnailUrl":"https:\/\/www.easydayphuket.com\/wp-content\/uploads\/2015\/07\/Lomprayah-Ferry-1.jpg","datePublished":"2015-08-12T10:28:05+00:00","dateModified":"2024-05-23T16:50:01+00:00","description":"Reisen von Phuket nach Koh Tao kann man g\u00fcnstig mit Bus & F\u00e4hre machen, aber auch als privatem Transfer von Easy Day Phuket.","breadcrumb":{"@id":"https:\/\/www.easydayphuket.com\/de\/phuket-transfers\/reisen-von-phuket-nach-koh-tao\/#breadcrumb"},"inLanguage":"de","potentialAction":[{"@type":"ReadAction","target":["https:\/\/www.easydayphuket.com\/de\/phuket-transfers\/reisen-von-phuket-nach-koh-tao\/"]}]},{"@type":"ImageObject","inLanguage":"de","@id":"https:\/\/www.easydayphuket.com\/de\/phuket-transfers\/reisen-von-phuket-nach-koh-tao\/#primaryimage","url":"https:\/\/www.easydayphuket.com\/wp-content\/uploads\/2015\/07\/Lomprayah-Ferry-1.jpg","contentUrl":"https:\/\/www.easydayphuket.com\/wp-content\/uploads\/2015\/07\/Lomprayah-Ferry-1.jpg","width":600,"height":373},{"@type":"BreadcrumbList","@id":"https:\/\/www.easydayphuket.com\/de\/phuket-transfers\/reisen-von-phuket-nach-koh-tao\/#breadcrumb","itemListElement":[{"@type":"ListItem","position":1,"name":"Home","item":"https:\/\/www.easydayphuket.com\/de\/"},{"@type":"ListItem","position":2,"name":"Phuket Transfers","item":"https:\/\/www.easydayphuket.com\/de\/phuket-transfers\/"},{"@type":"ListItem","position":3,"name":"Reisen von Phuket nach Koh Tao"}]},{"@type":"WebSite","@id":"https:\/\/www.easydayphuket.com\/#website","url":"https:\/\/www.easydayphuket.com\/","name":"Easy Day Phuket","description":"Ihr Phuket Tour & Reise Partner","publisher":{"@id":"https:\/\/www.easydayphuket.com\/#organization"},"potentialAction":[{"@type":"SearchAction","target":{"@type":"EntryPoint","urlTemplate":"https:\/\/www.easydayphuket.com\/?s={search_term_string}"},"query-input":{"@type":"PropertyValueSpecification","valueRequired":true,"valueName":"search_term_string"}}],"inLanguage":"de"},{"@type":"Organization","@id":"https:\/\/www.easydayphuket.com\/#organization","name":"Easy Day Thailand","url":"https:\/\/www.easydayphuket.com\/","logo":{"@type":"ImageObject","inLanguage":"de","@id":"https:\/\/www.easydayphuket.com\/#\/schema\/logo\/image\/","url":"https:\/\/www.easydayphuket.com\/wp-content\/uploads\/2013\/07\/Sun-Thaiflag_booking12.gif","contentUrl":"https:\/\/www.easydayphuket.com\/wp-content\/uploads\/2013\/07\/Sun-Thaiflag_booking12.gif","width":100,"height":94,"caption":"Easy Day Thailand"},"image":{"@id":"https:\/\/www.easydayphuket.com\/#\/schema\/logo\/image\/"},"sameAs":["https:\/\/www.facebook.com\/Easydayinthailand\/","https:\/\/www.instagram.com\/easydaythailand\/"]}]}},"_links":{"self":[{"href":"https:\/\/www.easydayphuket.com\/de\/wp-json\/wp\/v2\/pages\/11313","targetHints":{"allow":["GET"]}}],"collection":[{"href":"https:\/\/www.easydayphuket.com\/de\/wp-json\/wp\/v2\/pages"}],"about":[{"href":"https:\/\/www.easydayphuket.com\/de\/wp-json\/wp\/v2\/types\/page"}],"author":[{"embeddable":true,"href":"https:\/\/www.easydayphuket.com\/de\/wp-json\/wp\/v2\/users\/4"}],"replies":[{"embeddable":true,"href":"https:\/\/www.easydayphuket.com\/de\/wp-json\/wp\/v2\/comments?post=11313"}],"version-history":[{"count":0,"href":"https:\/\/www.easydayphuket.com\/de\/wp-json\/wp\/v2\/pages\/11313\/revisions"}],"up":[{"embeddable":true,"href":"https:\/\/www.easydayphuket.com\/de\/wp-json\/wp\/v2\/pages\/11413"}],"wp:featuredmedia":[{"embeddable":true,"href":"https:\/\/www.easydayphuket.com\/de\/wp-json\/wp\/v2\/media\/10943"}],"wp:attachment":[{"href":"https:\/\/www.easydayphuket.com\/de\/wp-json\/wp\/v2\/media?parent=11313"}],"curies":[{"name":"wp","href":"https:\/\/api.w.org\/{rel}","templated":true}]}}