{"id":11294,"date":"2015-08-11T17:20:55","date_gmt":"2015-08-11T10:20:55","guid":{"rendered":"https:\/\/www.easydayphuket.com\/de\/reisen-von-phuket-nach-koh-phangan\/"},"modified":"2024-05-23T13:34:13","modified_gmt":"2024-05-23T06:34:13","slug":"reisen-von-phuket-nach-koh-phangan","status":"publish","type":"page","link":"https:\/\/www.easydayphuket.com\/de\/phuket-transfers\/reisen-von-phuket-nach-koh-phangan\/","title":{"rendered":"Reisen von Phuket nach Koh Phangan"},"content":{"rendered":"\n<p>Welche M\u00f6glichkeiten habe zu Reisen von Phuket nach Koh Phangan ? Von Phuket aus bieten sich verschiedene Varianten an, anbieten tut sich eine offizielle oder private Fahrt im Minibus von Phuket nach Surat Thani, von wo es dann mit der F\u00e4hre nach Koh Samui geht und von dort dann direkt nach Koh Phangan.<\/p>\n\n\n\n<p>Die wahrscheinlich komfortabelste M\u00f6glichkeit ist von Phuket nach Koh Samui zu fliegen und von dort mit der F\u00e4hre \u00fcbersetzen nach Koh Phangan.<\/p>\n\n\n\n<style type='text\/css'>\n\n\t\t.one2go-left {\n\t\t\tfont-size:12px;\n\t\t\tcolor:green;\n\t\t}\n\n\t\t.one2go-right {\n\t\t\tfont-size:12px;\n\t\t\tcolor:red;\n\t\t}\n\n\t\t.one2go-route-info {\n\t\t\tfloat: right;\n\t\t\tfont-size: 10pt;\n\t\t\twhite-space: nowrap;\n\t\t}\n\n\/*\t\t.one2go-route-price,\n\t\t.one2go-route-duration {\n\t\t\ttext-align: center;\n\t\t\tfont-size:10pt;\n\t\t}\n*\/\n\t\t.one2go-route-price {\n\t\t\tmargin-right: 20px;\n\t\t}\n\n\t\tli.country {\n\t\t\tbackground-position: 90%;\n\t\t\tbackground-repeat: no-repeat;\n\t\t}\n\t\t.one2go-trips {\n\t\t\twidth: 50%;\n\t\t}\n\t\t.one2go-trips ul {\n\t\t\tpadding-left: 0px;\n\t\t\tmargin-top: auto !important;\n\t\t\tmargin-bottom: auto !important;\n\t\t\tlist-style: none !important;\n\t\t}\n\t\t.one2go-trips li {\n\t\t\tline-height: 16pt;\n\t\t\tpadding-left:8px;\n\t\t}\n\t\t.one2go-timetable {\n\t\t\twidth:100%;\n\t\t\tfont-size:12px;\n\t\t\tborder-spacing: 10px;\n    \t\tborder-collapse: collapse;\n\t\t\tfont-family: \"Open Sans\", sans-serif;\n\t\t}\n\t\t.one2go-timetable td,\n\t\t.one2go-timetable tr.one2go-route-detail th {\n\t\t\tpadding: 6px;\n\t\t\tvertical-align: middle !important;\n\t\t\tborder:1px solid #ccc;\n\t\t}\n\n\t\t.one2go-route-name {\n\t\t\tpadding:15px;\n\t\t\tfont-size:14px;\n\t\t}\n\n\t\tspan.one2go-departures {\n\t\t\tcolor: #5d5d5d;\n\t\t}\n\t\tspan.one2go-class {\n\t\t\tfont-weight: bold;\n\t\t\tcolor: #5d5d5d;\n\t\t}\n\n\t\ttr.one2go-route-detail th {\n\t\t\ttext-align: center;\n\t\t\tcolor: #575757;\n\t\t}\n\n\t\t.one2go-buy-button {\n\t\t\tfont-family: \"Open Sans\", sans-serif;\n\t\t\tfont-size:12pt;\n\t\t\tfloat:right;\n\t\t\t\/*padding-left:10px;*\/\n\t\t}\n\n\t\t.one2go-route-header {\n\t\t\tfont-family: \"Open Sans\", sans-serif;\n\t\t\tpadding: 8px;\n\t\t\tbackground-color: #30abe0;\n\t\t\tletter-spacing: 0px;\n\t\t}\n\n\t\t.one2go-route-header a {\n\t\t\tcolor: white;\n\t\t\tfont-size: 18px;\n\t\t\tfont-weight: 400;\n\t\t}\n\n\t\t.one2go-route-container {\n\t\t\tpadding: 0;\n\t\t\tborder:  1px solid #30abe0;\n\t\t\tmargin-bottom: 20px;\n\t\t}\n\n<\/style>\n\n\n\t<div class=\"one2go-route-container\">\n\n\n\t<div class=\"one2go-route-header\">\n\t\t\t\t\t\t\t\t\t\t\t\t\n\t\t\t\t<a target=\"_blank\" href=\"https:\/\/12go.asia\/de\/travel\/phuket\/koh-phangan?z=4089997\">Phuket - Koh Phangan<\/a>\n\t\t\t\t\t\t\t\t\t<a class=\"one2go-buy-button\" target=\"_blank\" href=\"https:\/\/12go.asia\/de\/travel\/phuket\/koh-phangan?z=4089997\">Mehr Infos \/ Tickets<\/a>\n\t\t\t\t\t<\/div>\n\n\t<table class=\"one2go-timetable\"><tbody>\n\t\n\t\t<tr>\n\t\t\t<td class=\"one2go-route-name\" colspan=\"2\">\n\t\t\t\t\t\t\t\t\t\t\t\t\t\t\t\t\t<a target=\"_blank\" href=\"https:\/\/12go.asia\/de\/bus\/phuket\/koh-phangan?z=4089997\">Bus Phuket - Koh Phangan<\/a>\n\t\t\t\t\n\t\t\t\t<span class=\"one2go-route-info\">\n\t\t\t\t\t\t\t\t\t\t\t<span class=\"one2go-route-price\">\n\t\t\t\t\t\t\t\t\t\t\t\t\t\t\t\u0e3f 780&ndash;1,400\n\t\t\t\t\t\t\t\t\t\t\t\t\t<\/span>\n\t\t\t\t\t\n\t\t\t\t\t<span class=\"one2go-route-duration\">\n\t\t\t\t\t\t\t\t\t\t\t\t\t7h 30m &ndash; 19h\n\t\t\t\t\t\t\t\t\t\t\t<\/span>\n\t\t\t\t<\/span>\n\t\t\t<\/td>\n\n\t\t<\/tr>\n\t\t<tr>\n\t\t\t<td class=\"one2go-trips\" colspan=\"2\">\n\t\t\t\t<ul>\n\t\t\t\t\t\t\t\t\t\t\t<li>\n\t\t\t\t\t\t\t<b class=\"one2go-right\">\u2192<\/b>&nbsp;\n\t\t\t\t\t\t\t<span class=\"one2go-class\">Express<\/span>\n\t\t\t\t\t\t\t\t\t\t\t\t\t\t<span class=\"one2go-departures\">07:30, 09:00<\/span>\n\t\t\t\t\t\t\t\t\t\t\t\t\t<\/li>\n\t\t\t\t\t\t\t\t\t\t\t<li>\n\t\t\t\t\t\t\t<b class=\"one2go-right\">\u2192<\/b>&nbsp;\n\t\t\t\t\t\t\t<span class=\"one2go-class\">Bus + Bus + Ferry<\/span>\n\t\t\t\t\t\t\t\t\t\t\t\t\t\t<span class=\"one2go-departures\">06:00, 07:30<\/span>\n\t\t\t\t\t\t\t\t\t\t\t\t\t<\/li>\n\t\t\t\t\t\t\t\t\t\t\t<li>\n\t\t\t\t\t\t\t<b class=\"one2go-right\">\u2192<\/b>&nbsp;\n\t\t\t\t\t\t\t<span class=\"one2go-class\">Bus + Van + Sleeper Boat<\/span>\n\t\t\t\t\t\t\t\t\t\t\t\t\t\t<span class=\"one2go-departures\">11:00, 13:40<\/span>\n\t\t\t\t\t\t\t\t\t\t\t\t\t<\/li>\n\t\t\t\t\t\t\t\t\t\t\t<li>\n\t\t\t\t\t\t\t<b class=\"one2go-right\">\u2192<\/b>&nbsp;\n\t\t\t\t\t\t\t<span class=\"one2go-class\">Bus + Ferry<\/span>\n\t\t\t\t\t\t\t\t\t\t\t\t\t\t<span class=\"one2go-departures\">06:30, 08:00<\/span>\n\t\t\t\t\t\t\t\t\t\t\t\t\t<\/li>\n\t\t\t\t\t\t\t\t\t<\/ul>\n\t\t\t<\/td>\n\t\t\t\t<\/tr>\n\n\t\n\t\t<tr>\n\t\t\t<td class=\"one2go-route-name\" colspan=\"2\">\n\t\t\t\t\t\t\t\t\t\t\t\t\t\t\t\t\t<a target=\"_blank\" href=\"https:\/\/12go.asia\/de\/charter\/phuket\/koh-phangan?z=4089997\">Charter Phuket - Koh Phangan<\/a>\n\t\t\t\t\n\t\t\t\t<span class=\"one2go-route-info\">\n\t\t\t\t\t\t\t\t\t\t\t<span class=\"one2go-route-price\">\n\t\t\t\t\t\t\t\t\t\t\t\t\t\t\t\u0e3f 7,590&ndash;11,500\n\t\t\t\t\t\t\t\t\t\t\t\t\t<\/span>\n\t\t\t\t\t\n\t\t\t\t\t<span class=\"one2go-route-duration\">\n\t\t\t\t\t\t\t\t\t\t\t\t\t9h &ndash; 12h\n\t\t\t\t\t\t\t\t\t\t\t<\/span>\n\t\t\t\t<\/span>\n\t\t\t<\/td>\n\n\t\t<\/tr>\n\t\t<tr>\n\t\t\t<td class=\"one2go-trips\" colspan=\"2\">\n\t\t\t\t<ul>\n\t\t\t\t\t\t\t\t\t\t\t<li>\n\t\t\t\t\t\t\t<b class=\"one2go-right\">\u2192<\/b>&nbsp;\n\t\t\t\t\t\t\t<span class=\"one2go-class\">Komfort 3pax<\/span>\n\t\t\t\t\t\t\t\t\t\t\t\t\t<\/li>\n\t\t\t\t\t\t\t\t\t\t\t<li>\n\t\t\t\t\t\t\t<b class=\"one2go-right\">\u2192<\/b>&nbsp;\n\t\t\t\t\t\t\t<span class=\"one2go-class\">Luxus VIP Van 9 pax<\/span>\n\t\t\t\t\t\t\t\t\t\t\t\t\t<\/li>\n\t\t\t\t\t\t\t\t\t\t\t<li>\n\t\t\t\t\t\t\t<b class=\"one2go-right\">\u2192<\/b>&nbsp;\n\t\t\t\t\t\t\t<span class=\"one2go-class\">Luxus-SUV f\u00fcr 4 Personen<\/span>\n\t\t\t\t\t\t\t\t\t\t\t\t\t<\/li>\n\t\t\t\t\t\t\t\t\t\t\t<li>\n\t\t\t\t\t\t\t<b class=\"one2go-right\">\u2192<\/b>&nbsp;\n\t\t\t\t\t\t\t<span class=\"one2go-class\">Economy 3 Pers.<\/span>\n\t\t\t\t\t\t\t\t\t\t\t\t\t<\/li>\n\t\t\t\t\t\t\t\t\t\t\t<li>\n\t\t\t\t\t\t\t<b class=\"one2go-right\">\u2192<\/b>&nbsp;\n\t\t\t\t\t\t\t<span class=\"one2go-class\">SUV 4 Personen<\/span>\n\t\t\t\t\t\t\t\t\t\t\t\t\t<\/li>\n\t\t\t\t\t\t\t\t\t\t\t<li>\n\t\t\t\t\t\t\t<b class=\"one2go-right\">\u2192<\/b>&nbsp;\n\t\t\t\t\t\t\t<span class=\"one2go-class\">VIP Van 9pax<\/span>\n\t\t\t\t\t\t\t\t\t\t\t\t\t<\/li>\n\t\t\t\t\t\t\t\t\t\t\t<li>\n\t\t\t\t\t\t\t<b class=\"one2go-right\">\u2192<\/b>&nbsp;\n\t\t\t\t\t\t\t<span class=\"one2go-class\">Kleinbus 10pax<\/span>\n\t\t\t\t\t\t\t\t\t\t\t\t\t<\/li>\n\t\t\t\t\t\t\t\t\t<\/ul>\n\t\t\t<\/td>\n\t\t\t\t<\/tr>\n\n\t\n\t\t<tr>\n\t\t\t<td class=\"one2go-route-name\" colspan=\"2\">\n\t\t\t\t\t\t\t\t\t\t\t\t\t\t\t\t\t<a target=\"_blank\" href=\"https:\/\/12go.asia\/de\/ferry\/phuket\/koh-phangan?z=4089997\">F\u00e4hre Phuket - Koh Phangan<\/a>\n\t\t\t\t\n\t\t\t\t<span class=\"one2go-route-info\">\n\t\t\t\t\t\t\t\t\t\t\t<span class=\"one2go-route-price\">\n\t\t\t\t\t\t\t\t\t\t\t\t\t\t\t\u0e3f 756&ndash;996\n\t\t\t\t\t\t\t\t\t\t\t\t\t<\/span>\n\t\t\t\t\t\n\t\t\t\t\t<span class=\"one2go-route-duration\">\n\t\t\t\t\t\t\t\t\t\t\t\t\t8h 30m &ndash; 10h\n\t\t\t\t\t\t\t\t\t\t\t<\/span>\n\t\t\t\t<\/span>\n\t\t\t<\/td>\n\n\t\t<\/tr>\n\t\t<tr>\n\t\t\t<td class=\"one2go-trips\" colspan=\"2\">\n\t\t\t\t<ul>\n\t\t\t\t\t\t\t\t\t\t\t<li>\n\t\t\t\t\t\t\t<b class=\"one2go-right\">\u2192<\/b>&nbsp;\n\t\t\t\t\t\t\t<span class=\"one2go-class\">Express<\/span>\n\t\t\t\t\t\t\t\t\t\t\t\t\t\t<span class=\"one2go-departures\">06:30, 08:00<\/span>\n\t\t\t\t\t\t\t\t\t\t\t\t\t<\/li>\n\t\t\t\t\t\t\t\t\t<\/ul>\n\t\t\t<\/td>\n\t\t\t\t<\/tr>\n\n\t\n\t\t<tr>\n\t\t\t<td class=\"one2go-route-name\" colspan=\"2\">\n\t\t\t\t\t\t\t\t\t\t\t\t\t\t\t\t\t<a target=\"_blank\" href=\"https:\/\/12go.asia\/de\/van\/phuket\/koh-phangan?z=4089997\">Van Phuket - Koh Phangan<\/a>\n\t\t\t\t\n\t\t\t\t<span class=\"one2go-route-info\">\n\t\t\t\t\t\t\t\t\t\t\t<span class=\"one2go-route-price\">\n\t\t\t\t\t\t\t\t\t\t\t\t\t\t\t\u0e3f 950&ndash;1,700\n\t\t\t\t\t\t\t\t\t\t\t\t\t<\/span>\n\t\t\t\t\t\n\t\t\t\t\t<span class=\"one2go-route-duration\">\n\t\t\t\t\t\t\t\t\t\t\t\t\t7h &ndash; 10h 15m\n\t\t\t\t\t\t\t\t\t\t\t<\/span>\n\t\t\t\t<\/span>\n\t\t\t<\/td>\n\n\t\t<\/tr>\n\t\t<tr>\n\t\t\t<td class=\"one2go-trips\" colspan=\"2\">\n\t\t\t\t<ul>\n\t\t\t\t\t\t\t\t\t\t\t<li>\n\t\t\t\t\t\t\t<b class=\"one2go-right\">\u2192<\/b>&nbsp;\n\t\t\t\t\t\t\t<span class=\"one2go-class\">Van + Ferry<\/span>\n\t\t\t\t\t\t\t\t\t\t\t\t\t\t<span class=\"one2go-departures\">06:30, 07:00, 08:00, 08:45, 09:00, 09:30<\/span>\n\t\t\t\t\t\t\t\t\t\t\t\t\t<\/li>\n\t\t\t\t\t\t\t\t\t\t\t<li>\n\t\t\t\t\t\t\t<b class=\"one2go-right\">\u2192<\/b>&nbsp;\n\t\t\t\t\t\t\t<span class=\"one2go-class\">Van + Speedboat<\/span>\n\t\t\t\t\t\t\t\t\t\t\t\t\t\t<span class=\"one2go-departures\">06:30, 07:00, 08:00, 08:45, 09:15<\/span>\n\t\t\t\t\t\t\t\t\t\t\t\t\t<\/li>\n\t\t\t\t\t\t\t\t\t<\/ul>\n\t\t\t<\/td>\n\t\t\t\t<\/tr>\n\n\t\t<\/tbody><\/table><\/div>\n\n\n\n\n\n<h2 class=\"wp-block-heading\">Phuket nach Koh Phangan&nbsp;via Bus &amp; F\u00e4hre<\/h2>\n\n\n\n<figure class=\"wp-block-image alignright\"><a href=\"https:\/\/www.easydayphuket.com\/wp-content\/uploads\/2015\/07\/Ferry-to-Koh-Phangan-300x163.jpg\"><img loading=\"lazy\" decoding=\"async\" width=\"300\" height=\"163\" src=\"https:\/\/www.easydayphuket.com\/wp-content\/uploads\/2015\/07\/Ferry-to-Koh-Phangan-300x163.jpg\" alt=\"F\u00e4hre nach Koh Phangan - Reisen von Phuket nach Koh Phangan\" class=\"wp-image-10977\" srcset=\"https:\/\/www.easydayphuket.com\/wp-content\/uploads\/2015\/07\/Ferry-to-Koh-Phangan-300x163.jpg 300w, https:\/\/www.easydayphuket.com\/wp-content\/uploads\/2015\/07\/Ferry-to-Koh-Phangan-101x55.jpg 101w, https:\/\/www.easydayphuket.com\/wp-content\/uploads\/2015\/07\/Ferry-to-Koh-Phangan.jpg 583w\" sizes=\"(max-width: 300px) 100vw, 300px\" \/><\/a><figcaption class=\"wp-element-caption\">F\u00e4hre nach Koh Phangan<\/figcaption><\/figure>\n\n\n\n<p>Gute Angebote von Phuket nach&nbsp; <a href=\"https:\/\/www.easydaysamui.com\/koh-phangan-island-travel-guide\/\" target=\"_blank\" rel=\"noopener noreferrer\">Koh Phangan<\/a> und Umgebung ! T\u00e4glich mit dem Bus &amp; F\u00e4hre von Phuket nach Koh Phangan, Koh Tao &amp; Koh Samui.<\/p>\n\n\n<ul>\n<li><strong>Das ganze Jahr.<\/strong><\/li>\n<li><strong>Schnelle F\u00e4hre.<\/strong><\/li>\n<li><strong>G\u00fcnstiger Preis.<\/strong><\/li>\n<li><strong>Klimatisierter Minibusses \/ Bus.<\/strong><\/li>\n<li><strong>Private Reisen auf Anfrage.<\/strong><\/li>\n<\/ul>\n\n\n\n<p><strong>Im Preis inklusive:<\/strong><\/p>\n\n\n\n<p>Hotelabholungen in den hier aufgelisteten <strong>Orten und Abholzeiten. <\/strong>Die Preise f\u00fcr die Hochgeschwindigkeits F\u00e4hre im Anhang<\/p>\n\n\n\n<p class=\"has-text-align-right\"><a href='#form' class='small-button smallblue'>Buchen \/ Kontakt<\/a><\/p>\n\n\n\n<p class=\"has-text-align-left\"><strong>Hinweis:&nbsp;<\/strong>Getr\u00e4nke sind nicht im Preis enthalten. Wir von Easy Day Phuket empfehlen ihnen sich auf diesen Transfers selbst um ihr kulinarisches Wohl zu bem\u00fchen. Der Bus h\u00e4lt auf der Fahrt von Phuket zum Donsak Pier \u00f6fter an, wo Sie sich dann die M\u00f6glichkeit haben Getr\u00e4nke und Snacks zu kaufen. Die Transfers zur <a href=\"https:\/\/www.easydaysamui.com\/full-moon-party-koh-phangan\/\">Full Moon Party<\/a> sollten bei Zeiten im Voraus gebucht werden.<\/p>\n\n\n\n<p><a name=\"pickup\"><\/a><\/p>\n\n\n\n<p><strong>Note:<\/strong><\/p>\n\n\n\n<ul class=\"wp-block-list\">\n<li>Die Abholzeiten sind variabel und werden bei der Buchung mitgeteilt.<\/li>\n\n\n\n<li>Sollten Sie sp\u00e4ter als 8 Uhr in Phuket ankommen ist der ist die \u00dcberfahrt am gleichen Tag nach Koh Phangan nicht m\u00f6glich, au\u00dfer Sie buchen sich einen privaten Transfer vom Flughafen zum Donsak Pier. Eine andere M\u00f6glichkeit w\u00e4re dann in Phuket zu \u00fcbernachten und am n\u00e4chsten Tag mit dem offiziellen Bus zum Donsak pier zu gelangen.\n<div id=\"gt-res-content\" class=\"almost_half_cell\">\n<div dir=\"ltr\"><span id=\"result_box\" class=\"\" lang=\"de\">&nbsp;<\/span><\/div>\n<\/div>\n<\/li>\n<\/ul>\n\n\n\n<h2 class=\"wp-block-heading\" id=\"form\">Reisen von Phuket nach Koh Phangan? Flug+F\u00e4hre<\/h2>\n\n\n\n<figure class=\"wp-block-image alignleft\"><a href=\"https:\/\/www.easydayphuket.com\/wp-content\/uploads\/2015\/07\/Bangkok-Airways-Logo-150x126.jpg\"><img loading=\"lazy\" decoding=\"async\" width=\"150\" height=\"126\" src=\"https:\/\/www.easydayphuket.com\/wp-content\/uploads\/2015\/07\/Bangkok-Airways-Logo-150x126.jpg\" alt=\"Reisen von Phuket nach Koh Phangan mit Bangkok Airways nach Koh Samui und mit der F\u00e4hre dann nach Koh Phangan.\" class=\"wp-image-10951\"\/><\/a><figcaption class=\"wp-element-caption\">Reisen mit Bangkok Airways<\/figcaption><\/figure>\n\n\n\n<p><a href=\"https:\/\/www.bangkokair.com\/eng\/Announcement\/migration\" target=\"_blank\" rel=\"noopener noreferrer\">Bangkok Airways<\/a> bietet t\u00e4gliche Fl\u00fcge vom Flughafen Phuket nach <a href=\"https:\/\/www.easydaysamui.com\/koh-samui-international-airport\/\" target=\"_blank\" rel=\"noopener noreferrer\">Koh Samui <\/a>an. Buchen Sie Ihre Fl\u00fcge direkt bei Bangkok Air wo Sie die besten Angebote erhalten werden.<\/p>\n\n\n\n<p><strong>Oder Buchen Sie mit Easy Day Phuket ihr pers\u00f6nliches Flug &amp; F\u00e4hre Paket.<br><\/strong><\/p>\n\n\n<ul>\n<li>Phuket Flughafen Transfer.<\/li>\n<li>Flug von Phuket nach Koh Samui.<\/li>\n<li>Transfer vom Koh Samui Flughafen zur F\u00e4hre.<\/li>\n<li>Hochgeschwindigkeits F\u00e4hre von Koh Samui nach Koh Phangan.<\/li>\n<\/ul>\n<p>Sie sagen uns wann und wo Sie in Koh Phangan sein m\u00f6chten und unser Easy Day Phuket Team wird Ihnen alle wichtigen Informationen zukommen lassen<\/p>\n<p style=\"text-align: right;\"><a href='#form' class='small-button smallblue'>Buchen \/ Kontakt<\/a><\/p>\n\n\n\n<h2 class=\"wp-block-heading\">Kontakt f\u00fcr Reisen von Phuket nach Koh Phangan<\/h2>\n\n\n\n<script charset=\"utf-8\" type=\"text\/javascript\" src=\"\/\/js.hsforms.net\/forms\/embed\/v2.js\"><\/script>\n<script>\n  hbspt.forms.create({\n    region: \"na1\",\n    portalId: \"3413662\",\n    formId: \"59765d47-ffdf-4452-a315-11081d03c004\"\n  });\n<\/script>\n","protected":false},"excerpt":{"rendered":"<p>Welche M\u00f6glichkeiten habe zu Reisen von Phuket nach Koh Phangan ? Von Phuket aus bieten sich verschiedene Varianten an, anbieten tut sich eine offizielle oder private Fahrt im Minibus von Phuket nach Surat Thani, von wo es dann mit der F\u00e4hre nach Koh Samui geht und von dort dann direkt nach Koh Phangan. Die wahrscheinlich [&hellip;]<\/p>\n","protected":false},"author":4,"featured_media":10979,"parent":11413,"menu_order":0,"comment_status":"closed","ping_status":"open","template":"","meta":{"_acf_changed":false,"_et_pb_use_builder":"","_et_pb_old_content":"","_et_gb_content_width":"","footnotes":""},"class_list":["post-11294","page","type-page","status-publish","has-post-thumbnail","hentry"],"acf":[],"yoast_head":"<!-- This site is optimized with the Yoast SEO plugin v25.1 - https:\/\/yoast.com\/wordpress\/plugins\/seo\/ -->\n<title>Reisen von Phuket nah Koh Phangan mit Easy Day Tours<\/title>\n<meta name=\"description\" content=\"Reisen von Phuket nach Koh Phangan kann man g\u00fcnstig mit Bus &amp; F\u00e4hre gelangen aber auch mit einem privatem Transfer von Easy Day Phuket.\" \/>\n<meta name=\"robots\" content=\"index, follow, max-snippet:-1, max-image-preview:large, max-video-preview:-1\" \/>\n<link rel=\"canonical\" href=\"https:\/\/www.easydayphuket.com\/de\/phuket-transfers\/reisen-von-phuket-nach-koh-phangan\/\" \/>\n<meta property=\"og:locale\" content=\"de_DE\" \/>\n<meta property=\"og:type\" content=\"article\" \/>\n<meta property=\"og:title\" content=\"Reisen von Phuket nah Koh Phangan mit Easy Day Tours\" \/>\n<meta property=\"og:description\" content=\"Reisen von Phuket nach Koh Phangan kann man g\u00fcnstig mit Bus &amp; F\u00e4hre gelangen aber auch mit einem privatem Transfer von Easy Day Phuket.\" \/>\n<meta property=\"og:url\" content=\"https:\/\/www.easydayphuket.com\/de\/phuket-transfers\/reisen-von-phuket-nach-koh-phangan\/\" \/>\n<meta property=\"og:site_name\" content=\"Easy Day Phuket\" \/>\n<meta property=\"article:publisher\" content=\"https:\/\/www.facebook.com\/Easydayinthailand\/\" \/>\n<meta property=\"article:modified_time\" content=\"2024-05-23T06:34:13+00:00\" \/>\n<meta property=\"og:image\" content=\"https:\/\/www.easydayphuket.com\/wp-content\/uploads\/2015\/07\/Ferry-to-Koh-Phangan.jpg\" \/>\n\t<meta property=\"og:image:width\" content=\"583\" \/>\n\t<meta property=\"og:image:height\" content=\"317\" \/>\n\t<meta property=\"og:image:type\" content=\"image\/jpeg\" \/>\n<meta name=\"twitter:label1\" content=\"Gesch\u00e4tzte Lesezeit\" \/>\n\t<meta name=\"twitter:data1\" content=\"3\u00a0Minuten\" \/>\n<script type=\"application\/ld+json\" class=\"yoast-schema-graph\">{\"@context\":\"https:\/\/schema.org\",\"@graph\":[{\"@type\":\"WebPage\",\"@id\":\"https:\/\/www.easydayphuket.com\/de\/phuket-transfers\/reisen-von-phuket-nach-koh-phangan\/\",\"url\":\"https:\/\/www.easydayphuket.com\/de\/phuket-transfers\/reisen-von-phuket-nach-koh-phangan\/\",\"name\":\"Reisen von Phuket nah Koh Phangan mit Easy Day Tours\",\"isPartOf\":{\"@id\":\"https:\/\/www.easydayphuket.com\/#website\"},\"primaryImageOfPage\":{\"@id\":\"https:\/\/www.easydayphuket.com\/de\/phuket-transfers\/reisen-von-phuket-nach-koh-phangan\/#primaryimage\"},\"image\":{\"@id\":\"https:\/\/www.easydayphuket.com\/de\/phuket-transfers\/reisen-von-phuket-nach-koh-phangan\/#primaryimage\"},\"thumbnailUrl\":\"https:\/\/www.easydayphuket.com\/wp-content\/uploads\/2015\/07\/Ferry-to-Koh-Phangan.jpg\",\"datePublished\":\"2015-08-11T10:20:55+00:00\",\"dateModified\":\"2024-05-23T06:34:13+00:00\",\"description\":\"Reisen von Phuket nach Koh Phangan kann man g\u00fcnstig mit Bus & F\u00e4hre gelangen aber auch mit einem privatem Transfer von Easy Day Phuket.\",\"breadcrumb\":{\"@id\":\"https:\/\/www.easydayphuket.com\/de\/phuket-transfers\/reisen-von-phuket-nach-koh-phangan\/#breadcrumb\"},\"inLanguage\":\"de\",\"potentialAction\":[{\"@type\":\"ReadAction\",\"target\":[\"https:\/\/www.easydayphuket.com\/de\/phuket-transfers\/reisen-von-phuket-nach-koh-phangan\/\"]}]},{\"@type\":\"ImageObject\",\"inLanguage\":\"de\",\"@id\":\"https:\/\/www.easydayphuket.com\/de\/phuket-transfers\/reisen-von-phuket-nach-koh-phangan\/#primaryimage\",\"url\":\"https:\/\/www.easydayphuket.com\/wp-content\/uploads\/2015\/07\/Ferry-to-Koh-Phangan.jpg\",\"contentUrl\":\"https:\/\/www.easydayphuket.com\/wp-content\/uploads\/2015\/07\/Ferry-to-Koh-Phangan.jpg\",\"width\":583,\"height\":317},{\"@type\":\"BreadcrumbList\",\"@id\":\"https:\/\/www.easydayphuket.com\/de\/phuket-transfers\/reisen-von-phuket-nach-koh-phangan\/#breadcrumb\",\"itemListElement\":[{\"@type\":\"ListItem\",\"position\":1,\"name\":\"Home\",\"item\":\"https:\/\/www.easydayphuket.com\/de\/\"},{\"@type\":\"ListItem\",\"position\":2,\"name\":\"Phuket Transfers\",\"item\":\"https:\/\/www.easydayphuket.com\/de\/phuket-transfers\/\"},{\"@type\":\"ListItem\",\"position\":3,\"name\":\"Reisen von Phuket nach Koh Phangan\"}]},{\"@type\":\"WebSite\",\"@id\":\"https:\/\/www.easydayphuket.com\/#website\",\"url\":\"https:\/\/www.easydayphuket.com\/\",\"name\":\"Easy Day Phuket\",\"description\":\"Ihr Phuket Tour & Reise Partner\",\"publisher\":{\"@id\":\"https:\/\/www.easydayphuket.com\/#organization\"},\"potentialAction\":[{\"@type\":\"SearchAction\",\"target\":{\"@type\":\"EntryPoint\",\"urlTemplate\":\"https:\/\/www.easydayphuket.com\/?s={search_term_string}\"},\"query-input\":{\"@type\":\"PropertyValueSpecification\",\"valueRequired\":true,\"valueName\":\"search_term_string\"}}],\"inLanguage\":\"de\"},{\"@type\":\"Organization\",\"@id\":\"https:\/\/www.easydayphuket.com\/#organization\",\"name\":\"Easy Day Thailand\",\"url\":\"https:\/\/www.easydayphuket.com\/\",\"logo\":{\"@type\":\"ImageObject\",\"inLanguage\":\"de\",\"@id\":\"https:\/\/www.easydayphuket.com\/#\/schema\/logo\/image\/\",\"url\":\"https:\/\/www.easydayphuket.com\/wp-content\/uploads\/2013\/07\/Sun-Thaiflag_booking12.gif\",\"contentUrl\":\"https:\/\/www.easydayphuket.com\/wp-content\/uploads\/2013\/07\/Sun-Thaiflag_booking12.gif\",\"width\":100,\"height\":94,\"caption\":\"Easy Day Thailand\"},\"image\":{\"@id\":\"https:\/\/www.easydayphuket.com\/#\/schema\/logo\/image\/\"},\"sameAs\":[\"https:\/\/www.facebook.com\/Easydayinthailand\/\",\"https:\/\/www.instagram.com\/easydaythailand\/\"]}]}<\/script>\n<!-- \/ Yoast SEO plugin. -->","yoast_head_json":{"title":"Reisen von Phuket nah Koh Phangan mit Easy Day Tours","description":"Reisen von Phuket nach Koh Phangan kann man g\u00fcnstig mit Bus & F\u00e4hre gelangen aber auch mit einem privatem Transfer von Easy Day Phuket.","robots":{"index":"index","follow":"follow","max-snippet":"max-snippet:-1","max-image-preview":"max-image-preview:large","max-video-preview":"max-video-preview:-1"},"canonical":"https:\/\/www.easydayphuket.com\/de\/phuket-transfers\/reisen-von-phuket-nach-koh-phangan\/","og_locale":"de_DE","og_type":"article","og_title":"Reisen von Phuket nah Koh Phangan mit Easy Day Tours","og_description":"Reisen von Phuket nach Koh Phangan kann man g\u00fcnstig mit Bus & F\u00e4hre gelangen aber auch mit einem privatem Transfer von Easy Day Phuket.","og_url":"https:\/\/www.easydayphuket.com\/de\/phuket-transfers\/reisen-von-phuket-nach-koh-phangan\/","og_site_name":"Easy Day Phuket","article_publisher":"https:\/\/www.facebook.com\/Easydayinthailand\/","article_modified_time":"2024-05-23T06:34:13+00:00","og_image":[{"width":583,"height":317,"url":"https:\/\/www.easydayphuket.com\/wp-content\/uploads\/2015\/07\/Ferry-to-Koh-Phangan.jpg","type":"image\/jpeg"}],"twitter_misc":{"Gesch\u00e4tzte Lesezeit":"3\u00a0Minuten"},"schema":{"@context":"https:\/\/schema.org","@graph":[{"@type":"WebPage","@id":"https:\/\/www.easydayphuket.com\/de\/phuket-transfers\/reisen-von-phuket-nach-koh-phangan\/","url":"https:\/\/www.easydayphuket.com\/de\/phuket-transfers\/reisen-von-phuket-nach-koh-phangan\/","name":"Reisen von Phuket nah Koh Phangan mit Easy Day Tours","isPartOf":{"@id":"https:\/\/www.easydayphuket.com\/#website"},"primaryImageOfPage":{"@id":"https:\/\/www.easydayphuket.com\/de\/phuket-transfers\/reisen-von-phuket-nach-koh-phangan\/#primaryimage"},"image":{"@id":"https:\/\/www.easydayphuket.com\/de\/phuket-transfers\/reisen-von-phuket-nach-koh-phangan\/#primaryimage"},"thumbnailUrl":"https:\/\/www.easydayphuket.com\/wp-content\/uploads\/2015\/07\/Ferry-to-Koh-Phangan.jpg","datePublished":"2015-08-11T10:20:55+00:00","dateModified":"2024-05-23T06:34:13+00:00","description":"Reisen von Phuket nach Koh Phangan kann man g\u00fcnstig mit Bus & F\u00e4hre gelangen aber auch mit einem privatem Transfer von Easy Day Phuket.","breadcrumb":{"@id":"https:\/\/www.easydayphuket.com\/de\/phuket-transfers\/reisen-von-phuket-nach-koh-phangan\/#breadcrumb"},"inLanguage":"de","potentialAction":[{"@type":"ReadAction","target":["https:\/\/www.easydayphuket.com\/de\/phuket-transfers\/reisen-von-phuket-nach-koh-phangan\/"]}]},{"@type":"ImageObject","inLanguage":"de","@id":"https:\/\/www.easydayphuket.com\/de\/phuket-transfers\/reisen-von-phuket-nach-koh-phangan\/#primaryimage","url":"https:\/\/www.easydayphuket.com\/wp-content\/uploads\/2015\/07\/Ferry-to-Koh-Phangan.jpg","contentUrl":"https:\/\/www.easydayphuket.com\/wp-content\/uploads\/2015\/07\/Ferry-to-Koh-Phangan.jpg","width":583,"height":317},{"@type":"BreadcrumbList","@id":"https:\/\/www.easydayphuket.com\/de\/phuket-transfers\/reisen-von-phuket-nach-koh-phangan\/#breadcrumb","itemListElement":[{"@type":"ListItem","position":1,"name":"Home","item":"https:\/\/www.easydayphuket.com\/de\/"},{"@type":"ListItem","position":2,"name":"Phuket Transfers","item":"https:\/\/www.easydayphuket.com\/de\/phuket-transfers\/"},{"@type":"ListItem","position":3,"name":"Reisen von Phuket nach Koh Phangan"}]},{"@type":"WebSite","@id":"https:\/\/www.easydayphuket.com\/#website","url":"https:\/\/www.easydayphuket.com\/","name":"Easy Day Phuket","description":"Ihr Phuket Tour & Reise Partner","publisher":{"@id":"https:\/\/www.easydayphuket.com\/#organization"},"potentialAction":[{"@type":"SearchAction","target":{"@type":"EntryPoint","urlTemplate":"https:\/\/www.easydayphuket.com\/?s={search_term_string}"},"query-input":{"@type":"PropertyValueSpecification","valueRequired":true,"valueName":"search_term_string"}}],"inLanguage":"de"},{"@type":"Organization","@id":"https:\/\/www.easydayphuket.com\/#organization","name":"Easy Day Thailand","url":"https:\/\/www.easydayphuket.com\/","logo":{"@type":"ImageObject","inLanguage":"de","@id":"https:\/\/www.easydayphuket.com\/#\/schema\/logo\/image\/","url":"https:\/\/www.easydayphuket.com\/wp-content\/uploads\/2013\/07\/Sun-Thaiflag_booking12.gif","contentUrl":"https:\/\/www.easydayphuket.com\/wp-content\/uploads\/2013\/07\/Sun-Thaiflag_booking12.gif","width":100,"height":94,"caption":"Easy Day Thailand"},"image":{"@id":"https:\/\/www.easydayphuket.com\/#\/schema\/logo\/image\/"},"sameAs":["https:\/\/www.facebook.com\/Easydayinthailand\/","https:\/\/www.instagram.com\/easydaythailand\/"]}]}},"_links":{"self":[{"href":"https:\/\/www.easydayphuket.com\/de\/wp-json\/wp\/v2\/pages\/11294","targetHints":{"allow":["GET"]}}],"collection":[{"href":"https:\/\/www.easydayphuket.com\/de\/wp-json\/wp\/v2\/pages"}],"about":[{"href":"https:\/\/www.easydayphuket.com\/de\/wp-json\/wp\/v2\/types\/page"}],"author":[{"embeddable":true,"href":"https:\/\/www.easydayphuket.com\/de\/wp-json\/wp\/v2\/users\/4"}],"replies":[{"embeddable":true,"href":"https:\/\/www.easydayphuket.com\/de\/wp-json\/wp\/v2\/comments?post=11294"}],"version-history":[{"count":0,"href":"https:\/\/www.easydayphuket.com\/de\/wp-json\/wp\/v2\/pages\/11294\/revisions"}],"up":[{"embeddable":true,"href":"https:\/\/www.easydayphuket.com\/de\/wp-json\/wp\/v2\/pages\/11413"}],"wp:featuredmedia":[{"embeddable":true,"href":"https:\/\/www.easydayphuket.com\/de\/wp-json\/wp\/v2\/media\/10979"}],"wp:attachment":[{"href":"https:\/\/www.easydayphuket.com\/de\/wp-json\/wp\/v2\/media?parent=11294"}],"curies":[{"name":"wp","href":"https:\/\/api.w.org\/{rel}","templated":true}]}}