{"id":11263,"date":"2015-08-03T10:58:34","date_gmt":"2015-08-03T03:58:34","guid":{"rendered":"https:\/\/www.easydayphuket.com\/de\/phuket-inselhuepfen-ausfluege\/privates-phuket-inselhuepfen\/"},"modified":"2024-05-23T12:49:25","modified_gmt":"2024-05-23T05:49:25","slug":"privates-phuket-inselhuepfen","status":"publish","type":"page","link":"https:\/\/www.easydayphuket.com\/de\/phuket-inselhuepfen\/privates-phuket-inselhuepfen\/","title":{"rendered":"Privates Phuket Inselh\u00fcpfen"},"content":{"rendered":"\n\n\n\n[et_pb_section][et_pb_row][et_pb_column type=&#8220;4_4&#8243;][et_pb_text]<div id=\"attachment_5091\" style=\"width: 310px\" class=\"wp-caption alignright\"><a href=\"https:\/\/www.easydayphuket.com\/wp-content\/uploads\/2014\/05\/Speedboat-Island-hopping.jpg\"><img loading=\"lazy\" decoding=\"async\" aria-describedby=\"caption-attachment-5091\" class=\"wp-image-5091 size-medium\" src=\"https:\/\/www.easydayphuket.com\/wp-content\/uploads\/2014\/05\/Speedboat-Island-hopping-300x225.jpg\" alt=\"Private Phuket Island Hopping Tour with Speedboat\" width=\"300\" height=\"225\" srcset=\"https:\/\/www.easydayphuket.com\/wp-content\/uploads\/2014\/05\/Speedboat-Island-hopping-300x225.jpg 300w, https:\/\/www.easydayphuket.com\/wp-content\/uploads\/2014\/05\/Speedboat-Island-hopping-73x55.jpg 73w, https:\/\/www.easydayphuket.com\/wp-content\/uploads\/2014\/05\/Speedboat-Island-hopping.jpg 1024w\" sizes=\"(max-width: 300px) 100vw, 300px\" \/><\/a><p id=\"caption-attachment-5091\" class=\"wp-caption-text\">Speedboat Island Hopping<\/p><\/div>\n\nEasy Day`s <strong>privates\u00a0<\/strong><strong>Phuket Inselh\u00fcpfen <\/strong>&#8211; Genie\u00dfen Sie einen privaten Ausflug mit dem Schnellboot in den S\u00fcden zu den wundersch\u00f6nen <strong>Inseln Racha Yai, Koh Hae und Koh Aeo.<\/strong>\n<ul>\n \t<li><strong>Familie und Freunde.<\/strong><\/li>\n \t<li><strong>Sp\u00e4tere Abfahrt!<\/strong> Abseits der Massen und ohne Hektik.<\/li>\n \t<li><strong>Flexibler Ausflugsplan<\/strong>, Ihre W\u00fcnsche stehen im Vordergrund!<\/li>\n \t<li><strong>Schnorchelausr\u00fcstung kostenlos!<\/strong><\/li>\n<\/ul>\n<strong> Preise in Thai Baht pro Gruppe: 1-6 Erwachsene 26,700 | Extra Person\u00a02,400\n<\/strong>Kinder unter 5 Jahren kostenlos und zwischen 5-11 Jahren Thai Baht\u00a0 1,450\u00a0pro Kind.<strong>\u00a0<a title=\"Easy Day Contact Form\" href=\"#form\">&gt;&gt; Kostenloses Angebot! <\/a><\/strong>\n\n<strong>T<\/strong><strong>our Inklusive :<\/strong>\n\n\n<ul>\n \t<li>Hoteltransfer mit unserem klimatisierten Minibus.<\/li>\n \t<li>Schwimmwesten zum Schnorcheln.<\/li>\n \t<li>Erfahrener Thail\u00e4ndischer Tourguide<\/li>\n \t<li>Sehr leckeres Thail\u00e4ndisches Mittagessen oder Pic Nic am Strand.<\/li>\n \t<li>An Bord Erfrischungen &#8211; Alkoholfreie Getr\u00e4nke &amp; Fr\u00fcchte.<\/li>\n \t<li>Schnorchelausr\u00fcstung.<\/li>\n<\/ul>\n\n<p style=\"text-align: right;\"><a href='#form' class='small-button smallblue'>Book \/ Contact<\/a><\/p>\n\n<h2 style=\"text-align: left;\">Phuket Inselh\u00fcpfen &#8211; Schnorcheln &amp; Baden<\/h2>\n\n\t\t<style type=\"text\/css\">\n\t\t\t#gallery-1 {\n\t\t\t\tmargin: auto;\n\t\t\t}\n\t\t\t#gallery-1 .gallery-item {\n\t\t\t\tfloat: left;\n\t\t\t\tmargin-top: 10px;\n\t\t\t\ttext-align: center;\n\t\t\t\twidth: 33%;\n\t\t\t}\n\t\t\t#gallery-1 img {\n\t\t\t\tborder: 2px solid #cfcfcf;\n\t\t\t}\n\t\t\t#gallery-1 .gallery-caption {\n\t\t\t\tmargin-left: 0;\n\t\t\t}\n\t\t\t\/* see gallery_shortcode() in wp-includes\/media.php *\/\n\t\t<\/style>\n\t\t<div id='gallery-1' class='gallery galleryid-11263 gallery-columns-3 gallery-size-medium'><dl class='gallery-item'>\n\t\t\t<dt class='gallery-icon landscape'>\n\t\t\t\t<a href='https:\/\/www.easydayphuket.com\/de\/phuket-inselhuepfen\/privates-phuket-inselhuepfen\/phuket-island-hopping-tours-beach-2\/'><img loading=\"lazy\" decoding=\"async\" width=\"300\" height=\"225\" src=\"https:\/\/www.easydayphuket.com\/wp-content\/uploads\/2014\/05\/Phuket-Island-Hopping-Tours-Beach-300x225.jpg\" class=\"attachment-medium size-medium\" alt=\"Phuket Phuket Inselh\u00fcpfen\" aria-describedby=\"gallery-1-13241\" srcset=\"https:\/\/www.easydayphuket.com\/wp-content\/uploads\/2014\/05\/Phuket-Island-Hopping-Tours-Beach-300x225.jpg 300w, https:\/\/www.easydayphuket.com\/wp-content\/uploads\/2014\/05\/Phuket-Island-Hopping-Tours-Beach-768x576.jpg 768w, https:\/\/www.easydayphuket.com\/wp-content\/uploads\/2014\/05\/Phuket-Island-Hopping-Tours-Beach.jpg 1024w, https:\/\/www.easydayphuket.com\/wp-content\/uploads\/2014\/05\/Phuket-Island-Hopping-Tours-Beach-73x55.jpg 73w\" sizes=\"(max-width: 300px) 100vw, 300px\" \/><\/a>\n\t\t\t<\/dt>\n\t\t\t\t<dd class='wp-caption-text gallery-caption' id='gallery-1-13241'>\n\t\t\t\tTolle Str\u00e4nde\n\t\t\t\t<\/dd><\/dl><dl class='gallery-item'>\n\t\t\t<dt class='gallery-icon landscape'>\n\t\t\t\t<a href='https:\/\/www.easydayphuket.com\/de\/phuket-inselhuepfen\/privates-phuket-inselhuepfen\/phuket-island-hopping-tours-view-over-bungalow-bay-2\/'><img loading=\"lazy\" decoding=\"async\" width=\"300\" height=\"225\" src=\"https:\/\/www.easydayphuket.com\/wp-content\/uploads\/2014\/05\/Phuket-Island-Hopping-Tours-View-over-Bungalow-Bay-300x225.jpg\" class=\"attachment-medium size-medium\" alt=\"Phuket Phuket Inselh\u00fcpfen\" aria-describedby=\"gallery-1-13245\" srcset=\"https:\/\/www.easydayphuket.com\/wp-content\/uploads\/2014\/05\/Phuket-Island-Hopping-Tours-View-over-Bungalow-Bay-300x225.jpg 300w, https:\/\/www.easydayphuket.com\/wp-content\/uploads\/2014\/05\/Phuket-Island-Hopping-Tours-View-over-Bungalow-Bay-768x576.jpg 768w, https:\/\/www.easydayphuket.com\/wp-content\/uploads\/2014\/05\/Phuket-Island-Hopping-Tours-View-over-Bungalow-Bay.jpg 1024w, https:\/\/www.easydayphuket.com\/wp-content\/uploads\/2014\/05\/Phuket-Island-Hopping-Tours-View-over-Bungalow-Bay-73x55.jpg 73w\" sizes=\"(max-width: 300px) 100vw, 300px\" \/><\/a>\n\t\t\t<\/dt>\n\t\t\t\t<dd class='wp-caption-text gallery-caption' id='gallery-1-13245'>\n\t\t\t\tBungalow Bay\n\t\t\t\t<\/dd><\/dl><dl class='gallery-item'>\n\t\t\t<dt class='gallery-icon landscape'>\n\t\t\t\t<a href='https:\/\/www.easydayphuket.com\/de\/phuket-inselhuepfen\/privates-phuket-inselhuepfen\/phuket-island-hopping-tours-raya-yai-island-2\/'><img loading=\"lazy\" decoding=\"async\" width=\"300\" height=\"225\" src=\"https:\/\/www.easydayphuket.com\/wp-content\/uploads\/2014\/05\/Phuket-Island-Hopping-Tours-Raya-Yai-Island-300x225.jpg\" class=\"attachment-medium size-medium\" alt=\"Phuket Phuket Inselh\u00fcpfen\" aria-describedby=\"gallery-1-13253\" srcset=\"https:\/\/www.easydayphuket.com\/wp-content\/uploads\/2014\/05\/Phuket-Island-Hopping-Tours-Raya-Yai-Island-300x225.jpg 300w, https:\/\/www.easydayphuket.com\/wp-content\/uploads\/2014\/05\/Phuket-Island-Hopping-Tours-Raya-Yai-Island-768x576.jpg 768w, https:\/\/www.easydayphuket.com\/wp-content\/uploads\/2014\/05\/Phuket-Island-Hopping-Tours-Raya-Yai-Island.jpg 1024w, https:\/\/www.easydayphuket.com\/wp-content\/uploads\/2014\/05\/Phuket-Island-Hopping-Tours-Raya-Yai-Island-73x55.jpg 73w\" sizes=\"(max-width: 300px) 100vw, 300px\" \/><\/a>\n\t\t\t<\/dt>\n\t\t\t\t<dd class='wp-caption-text gallery-caption' id='gallery-1-13253'>\n\t\t\t\tRaya Yai Island\n\t\t\t\t<\/dd><\/dl><br style=\"clear: both\" \/><dl class='gallery-item'>\n\t\t\t<dt class='gallery-icon landscape'>\n\t\t\t\t<a href='https:\/\/www.easydayphuket.com\/de\/phuket-inselhuepfen\/privates-phuket-inselhuepfen\/phuket-island-hopping-tours-speedboat-2\/'><img loading=\"lazy\" decoding=\"async\" width=\"300\" height=\"225\" src=\"https:\/\/www.easydayphuket.com\/wp-content\/uploads\/2014\/05\/Phuket-Island-Hopping-Tours-Speedboat-300x225.jpg\" class=\"attachment-medium size-medium\" alt=\"Phuket Phuket Inselh\u00fcpfen\" aria-describedby=\"gallery-1-13257\" srcset=\"https:\/\/www.easydayphuket.com\/wp-content\/uploads\/2014\/05\/Phuket-Island-Hopping-Tours-Speedboat-300x225.jpg 300w, https:\/\/www.easydayphuket.com\/wp-content\/uploads\/2014\/05\/Phuket-Island-Hopping-Tours-Speedboat-768x576.jpg 768w, https:\/\/www.easydayphuket.com\/wp-content\/uploads\/2014\/05\/Phuket-Island-Hopping-Tours-Speedboat.jpg 1024w, https:\/\/www.easydayphuket.com\/wp-content\/uploads\/2014\/05\/Phuket-Island-Hopping-Tours-Speedboat-73x55.jpg 73w\" sizes=\"(max-width: 300px) 100vw, 300px\" \/><\/a>\n\t\t\t<\/dt>\n\t\t\t\t<dd class='wp-caption-text gallery-caption' id='gallery-1-13257'>\n\t\t\t\tSpeedboat\n\t\t\t\t<\/dd><\/dl><dl class='gallery-item'>\n\t\t\t<dt class='gallery-icon landscape'>\n\t\t\t\t<a href='https:\/\/www.easydayphuket.com\/de\/phuket-inselhuepfen\/privates-phuket-inselhuepfen\/phuket-island-hopping-tours-sunrise-at-early-bird-tour-2\/'><img loading=\"lazy\" decoding=\"async\" width=\"300\" height=\"225\" src=\"https:\/\/www.easydayphuket.com\/wp-content\/uploads\/2014\/05\/Phuket-Island-Hopping-Tours-Sunrise-at-Early-Bird-Tour-300x225.jpg\" class=\"attachment-medium size-medium\" alt=\"Phuket Phuket Inselh\u00fcpfen\" aria-describedby=\"gallery-1-13261\" srcset=\"https:\/\/www.easydayphuket.com\/wp-content\/uploads\/2014\/05\/Phuket-Island-Hopping-Tours-Sunrise-at-Early-Bird-Tour-300x225.jpg 300w, https:\/\/www.easydayphuket.com\/wp-content\/uploads\/2014\/05\/Phuket-Island-Hopping-Tours-Sunrise-at-Early-Bird-Tour-768x576.jpg 768w, https:\/\/www.easydayphuket.com\/wp-content\/uploads\/2014\/05\/Phuket-Island-Hopping-Tours-Sunrise-at-Early-Bird-Tour.jpg 1024w, https:\/\/www.easydayphuket.com\/wp-content\/uploads\/2014\/05\/Phuket-Island-Hopping-Tours-Sunrise-at-Early-Bird-Tour-73x55.jpg 73w\" sizes=\"(max-width: 300px) 100vw, 300px\" \/><\/a>\n\t\t\t<\/dt>\n\t\t\t\t<dd class='wp-caption-text gallery-caption' id='gallery-1-13261'>\n\t\t\t\tSonnenaufgang\n\t\t\t\t<\/dd><\/dl><dl class='gallery-item'>\n\t\t\t<dt class='gallery-icon landscape'>\n\t\t\t\t<a href='https:\/\/www.easydayphuket.com\/de\/phuket-inselhuepfen\/privates-phuket-inselhuepfen\/private-phuket-island-hopping-tours-2\/'><img loading=\"lazy\" decoding=\"async\" width=\"300\" height=\"225\" src=\"https:\/\/www.easydayphuket.com\/wp-content\/uploads\/2014\/05\/Private-Phuket-Island-Hopping-Tours-300x225.jpg\" class=\"attachment-medium size-medium\" alt=\"Phuket Phuket Inselh\u00fcpfen\" aria-describedby=\"gallery-1-13265\" srcset=\"https:\/\/www.easydayphuket.com\/wp-content\/uploads\/2014\/05\/Private-Phuket-Island-Hopping-Tours-300x225.jpg 300w, https:\/\/www.easydayphuket.com\/wp-content\/uploads\/2014\/05\/Private-Phuket-Island-Hopping-Tours-768x576.jpg 768w, https:\/\/www.easydayphuket.com\/wp-content\/uploads\/2014\/05\/Private-Phuket-Island-Hopping-Tours.jpg 1024w, https:\/\/www.easydayphuket.com\/wp-content\/uploads\/2014\/05\/Private-Phuket-Island-Hopping-Tours-73x55.jpg 73w\" sizes=\"(max-width: 300px) 100vw, 300px\" \/><\/a>\n\t\t\t<\/dt>\n\t\t\t\t<dd class='wp-caption-text gallery-caption' id='gallery-1-13265'>\n\t\t\t\tTolle Wasserqualit\u00e4t\n\t\t\t\t<\/dd><\/dl><br style=\"clear: both\" \/><dl class='gallery-item'>\n\t\t\t<dt class='gallery-icon landscape'>\n\t\t\t\t<a href='https:\/\/www.easydayphuket.com\/de\/phuket-inselhuepfen\/privates-phuket-inselhuepfen\/lunch-time-phuket-island-hopping-tours-2\/'><img loading=\"lazy\" decoding=\"async\" width=\"300\" height=\"169\" src=\"https:\/\/www.easydayphuket.com\/wp-content\/uploads\/2014\/05\/Lunch-Time-Phuket-Island-Hopping-Tours-300x169.jpg\" class=\"attachment-medium size-medium\" alt=\"Phuket Phuket Inselh\u00fcpfen\" aria-describedby=\"gallery-1-13285\" srcset=\"https:\/\/www.easydayphuket.com\/wp-content\/uploads\/2014\/05\/Lunch-Time-Phuket-Island-Hopping-Tours-300x169.jpg 300w, https:\/\/www.easydayphuket.com\/wp-content\/uploads\/2014\/05\/Lunch-Time-Phuket-Island-Hopping-Tours-768x432.jpg 768w, https:\/\/www.easydayphuket.com\/wp-content\/uploads\/2014\/05\/Lunch-Time-Phuket-Island-Hopping-Tours.jpg 1024w, https:\/\/www.easydayphuket.com\/wp-content\/uploads\/2014\/05\/Lunch-Time-Phuket-Island-Hopping-Tours-98x55.jpg 98w\" sizes=\"(max-width: 300px) 100vw, 300px\" \/><\/a>\n\t\t\t<\/dt>\n\t\t\t\t<dd class='wp-caption-text gallery-caption' id='gallery-1-13285'>\n\t\t\t\tEssen direkt am Strand\n\t\t\t\t<\/dd><\/dl><dl class='gallery-item'>\n\t\t\t<dt class='gallery-icon landscape'>\n\t\t\t\t<a href='https:\/\/www.easydayphuket.com\/de\/phuket-inselhuepfen\/privates-phuket-inselhuepfen\/siam-bay-wreck-racha-yai-island-2\/'><img loading=\"lazy\" decoding=\"async\" width=\"300\" height=\"169\" src=\"https:\/\/www.easydayphuket.com\/wp-content\/uploads\/2014\/05\/Siam-Bay-Wreck-Racha-Yai-Island-300x169.jpg\" class=\"attachment-medium size-medium\" alt=\"Phuket Phuket Inselh\u00fcpfen\" aria-describedby=\"gallery-1-13289\" srcset=\"https:\/\/www.easydayphuket.com\/wp-content\/uploads\/2014\/05\/Siam-Bay-Wreck-Racha-Yai-Island-300x169.jpg 300w, https:\/\/www.easydayphuket.com\/wp-content\/uploads\/2014\/05\/Siam-Bay-Wreck-Racha-Yai-Island-768x432.jpg 768w, https:\/\/www.easydayphuket.com\/wp-content\/uploads\/2014\/05\/Siam-Bay-Wreck-Racha-Yai-Island.jpg 1024w, https:\/\/www.easydayphuket.com\/wp-content\/uploads\/2014\/05\/Siam-Bay-Wreck-Racha-Yai-Island-98x55.jpg 98w\" sizes=\"(max-width: 300px) 100vw, 300px\" \/><\/a>\n\t\t\t<\/dt>\n\t\t\t\t<dd class='wp-caption-text gallery-caption' id='gallery-1-13289'>\n\t\t\t\tSiam Bay Wrack\n\t\t\t\t<\/dd><\/dl><dl class='gallery-item'>\n\t\t\t<dt class='gallery-icon landscape'>\n\t\t\t\t<a href='https:\/\/www.easydayphuket.com\/de\/phuket-inselhuepfen\/privates-phuket-inselhuepfen\/view-over-siam-bay-racha-yai-island-2\/'><img loading=\"lazy\" decoding=\"async\" width=\"300\" height=\"169\" src=\"https:\/\/www.easydayphuket.com\/wp-content\/uploads\/2014\/05\/View-over-Siam-Bay-Racha-Yai-Island-300x169.jpg\" class=\"attachment-medium size-medium\" alt=\"Phuket Phuket Inselh\u00fcpfen\" aria-describedby=\"gallery-1-13293\" srcset=\"https:\/\/www.easydayphuket.com\/wp-content\/uploads\/2014\/05\/View-over-Siam-Bay-Racha-Yai-Island-300x169.jpg 300w, https:\/\/www.easydayphuket.com\/wp-content\/uploads\/2014\/05\/View-over-Siam-Bay-Racha-Yai-Island-768x432.jpg 768w, https:\/\/www.easydayphuket.com\/wp-content\/uploads\/2014\/05\/View-over-Siam-Bay-Racha-Yai-Island.jpg 1024w, https:\/\/www.easydayphuket.com\/wp-content\/uploads\/2014\/05\/View-over-Siam-Bay-Racha-Yai-Island-98x55.jpg 98w\" sizes=\"(max-width: 300px) 100vw, 300px\" \/><\/a>\n\t\t\t<\/dt>\n\t\t\t\t<dd class='wp-caption-text gallery-caption' id='gallery-1-13293'>\n\t\t\t\tTraumhaft sch\u00f6n\n\t\t\t\t<\/dd><\/dl><br style=\"clear: both\" \/>\n\t\t<\/div>\n\n<h2>Privates Phuket Inselh\u00fcpfen &#8211; Tourplan<\/h2>\n<ul>\n \t<li>09.00 -Hotelabholung und Transfer zum Hafen Ao Chalong, Phuke<\/li>\n \t<li>10.00 &#8211; Erkl\u00e4rung der Tour und Sicherheit vom Tourleiter bei Easy Day Chalong.<\/li>\n \t<li>10.30 &#8211; \u00dcberfahrt ca. 30 Minuten mit dem Schnellboot nach <a title=\"Raya Island\" href=\"https:\/\/www.easydayphuket.com\/de\/raya-island\/\">Raya Yai Island<\/a><\/li>\n \t<li>11.00 &#8211; Schwimmen und Schnorcheln im glasklaren Wasser.<\/li>\n \t<li>12.30 &#8211; Zeit f\u00fcr eine leckeres thail\u00e4ndisches Mittagsessen oder Picknick.<\/li>\n \t<li>14.30 &#8211; Abfahrt nach Koh Hae<\/li>\n \t<li>15.00 &#8211; Schwimmen &amp; Schnorcheln in Koh Hae<\/li>\n \t<li>16.00 &#8211; Mehr Meer mit Schwimmen und Schnorcheln bei Koh Aeo Island<\/li>\n \t<li>17.00 &#8211; R\u00fcckfahrt zur Ao Chalong, Phuket Island.<\/li>\n \t<li>17.50 -Ankunft in Ao Chalong und R\u00fcckfahrt zum Hotel in Phuket.<\/li>\n<\/ul>\n* Der hier aufgef\u00fchrte Tourplan vom Phuket Inselh\u00fcpfen kann sich auf Grund der Wetterlage oder Meeressituation \u00e4ndern.\n\n<br clear=\"all\" \/><a name=\"form\"><\/a>\n<h2>Kontakt zum privaten Phuket Inselh\u00fcpfen.<\/h2>\n[gravityform id=&#8220;2&#8243; title=&#8220;false&#8220; description=&#8220;true&#8220; ajax=&#8220;true&#8220;][\/et_pb_text][\/et_pb_column][\/et_pb_row][\/et_pb_section]\n\n\n\n","protected":false},"excerpt":{"rendered":"","protected":false},"author":4,"featured_media":0,"parent":11262,"menu_order":0,"comment_status":"closed","ping_status":"open","template":"","meta":{"_acf_changed":false,"_et_pb_use_builder":"","_et_pb_old_content":"","_et_gb_content_width":"","footnotes":""},"class_list":["post-11263","page","type-page","status-publish","hentry"],"acf":[],"yoast_head":"<!-- This site is optimized with the Yoast SEO plugin v25.1 - https:\/\/yoast.com\/wordpress\/plugins\/seo\/ -->\n<title>Privates Phuket Inselh\u00fcpfen angeboten von Easy Day Phuket<\/title>\n<meta name=\"description\" content=\"Privates Phuket Inselh\u00fcpfen in den S\u00fcden von Phuket nach Racha Island, Koh Hae &amp; Koh Aeo. Fantastische Str\u00e4nden und glasklares Wasser erwarten Sie.\" \/>\n<meta name=\"robots\" content=\"index, follow, max-snippet:-1, max-image-preview:large, max-video-preview:-1\" \/>\n<link rel=\"canonical\" href=\"https:\/\/www.easydayphuket.com\/de\/phuket-inselhuepfen\/privates-phuket-inselhuepfen\/\" \/>\n<meta property=\"og:locale\" content=\"de_DE\" \/>\n<meta property=\"og:type\" content=\"article\" \/>\n<meta property=\"og:title\" content=\"Privates Phuket Inselh\u00fcpfen angeboten von Easy Day Phuket\" \/>\n<meta property=\"og:description\" content=\"Privates Phuket Inselh\u00fcpfen in den S\u00fcden von Phuket nach Racha Island, Koh Hae &amp; Koh Aeo. Fantastische Str\u00e4nden und glasklares Wasser erwarten Sie.\" \/>\n<meta property=\"og:url\" content=\"https:\/\/www.easydayphuket.com\/de\/phuket-inselhuepfen\/privates-phuket-inselhuepfen\/\" \/>\n<meta property=\"og:site_name\" content=\"Easy Day Phuket\" \/>\n<meta property=\"article:publisher\" content=\"https:\/\/www.facebook.com\/Easydayinthailand\/\" \/>\n<meta property=\"article:modified_time\" content=\"2024-05-23T05:49:25+00:00\" \/>\n<meta property=\"og:image\" content=\"https:\/\/www.easydayphuket.com\/wp-content\/uploads\/2014\/05\/Phuket-Island-Hopping-Tours-Beach-300x225.jpg\" \/>\n<script type=\"application\/ld+json\" class=\"yoast-schema-graph\">{\"@context\":\"https:\/\/schema.org\",\"@graph\":[{\"@type\":\"WebPage\",\"@id\":\"https:\/\/www.easydayphuket.com\/de\/phuket-inselhuepfen\/privates-phuket-inselhuepfen\/\",\"url\":\"https:\/\/www.easydayphuket.com\/de\/phuket-inselhuepfen\/privates-phuket-inselhuepfen\/\",\"name\":\"Privates Phuket Inselh\u00fcpfen angeboten von Easy Day Phuket\",\"isPartOf\":{\"@id\":\"https:\/\/www.easydayphuket.com\/#website\"},\"primaryImageOfPage\":{\"@id\":\"https:\/\/www.easydayphuket.com\/de\/phuket-inselhuepfen\/privates-phuket-inselhuepfen\/#primaryimage\"},\"image\":{\"@id\":\"https:\/\/www.easydayphuket.com\/de\/phuket-inselhuepfen\/privates-phuket-inselhuepfen\/#primaryimage\"},\"thumbnailUrl\":\"https:\/\/www.easydayphuket.com\/wp-content\/uploads\/2014\/05\/Speedboat-Island-hopping-300x225.jpg\",\"datePublished\":\"2015-08-03T03:58:34+00:00\",\"dateModified\":\"2024-05-23T05:49:25+00:00\",\"description\":\"Privates Phuket Inselh\u00fcpfen in den S\u00fcden von Phuket nach Racha Island, Koh Hae & Koh Aeo. Fantastische Str\u00e4nden und glasklares Wasser erwarten Sie.\",\"breadcrumb\":{\"@id\":\"https:\/\/www.easydayphuket.com\/de\/phuket-inselhuepfen\/privates-phuket-inselhuepfen\/#breadcrumb\"},\"inLanguage\":\"de\",\"potentialAction\":[{\"@type\":\"ReadAction\",\"target\":[\"https:\/\/www.easydayphuket.com\/de\/phuket-inselhuepfen\/privates-phuket-inselhuepfen\/\"]}]},{\"@type\":\"ImageObject\",\"inLanguage\":\"de\",\"@id\":\"https:\/\/www.easydayphuket.com\/de\/phuket-inselhuepfen\/privates-phuket-inselhuepfen\/#primaryimage\",\"url\":\"https:\/\/www.easydayphuket.com\/wp-content\/uploads\/2014\/05\/Speedboat-Island-hopping-300x225.jpg\",\"contentUrl\":\"https:\/\/www.easydayphuket.com\/wp-content\/uploads\/2014\/05\/Speedboat-Island-hopping-300x225.jpg\"},{\"@type\":\"BreadcrumbList\",\"@id\":\"https:\/\/www.easydayphuket.com\/de\/phuket-inselhuepfen\/privates-phuket-inselhuepfen\/#breadcrumb\",\"itemListElement\":[{\"@type\":\"ListItem\",\"position\":1,\"name\":\"Home\",\"item\":\"https:\/\/www.easydayphuket.com\/de\/\"},{\"@type\":\"ListItem\",\"position\":2,\"name\":\"Phuket Inselh\u00fcpfen\",\"item\":\"https:\/\/www.easydayphuket.com\/de\/phuket-inselhuepfen\/\"},{\"@type\":\"ListItem\",\"position\":3,\"name\":\"Privates Phuket Inselh\u00fcpfen\"}]},{\"@type\":\"WebSite\",\"@id\":\"https:\/\/www.easydayphuket.com\/#website\",\"url\":\"https:\/\/www.easydayphuket.com\/\",\"name\":\"Easy Day Phuket\",\"description\":\"Ihr Phuket Tour & Reise Partner\",\"publisher\":{\"@id\":\"https:\/\/www.easydayphuket.com\/#organization\"},\"potentialAction\":[{\"@type\":\"SearchAction\",\"target\":{\"@type\":\"EntryPoint\",\"urlTemplate\":\"https:\/\/www.easydayphuket.com\/?s={search_term_string}\"},\"query-input\":{\"@type\":\"PropertyValueSpecification\",\"valueRequired\":true,\"valueName\":\"search_term_string\"}}],\"inLanguage\":\"de\"},{\"@type\":\"Organization\",\"@id\":\"https:\/\/www.easydayphuket.com\/#organization\",\"name\":\"Easy Day Thailand\",\"url\":\"https:\/\/www.easydayphuket.com\/\",\"logo\":{\"@type\":\"ImageObject\",\"inLanguage\":\"de\",\"@id\":\"https:\/\/www.easydayphuket.com\/#\/schema\/logo\/image\/\",\"url\":\"https:\/\/www.easydayphuket.com\/wp-content\/uploads\/2013\/07\/Sun-Thaiflag_booking12.gif\",\"contentUrl\":\"https:\/\/www.easydayphuket.com\/wp-content\/uploads\/2013\/07\/Sun-Thaiflag_booking12.gif\",\"width\":100,\"height\":94,\"caption\":\"Easy Day Thailand\"},\"image\":{\"@id\":\"https:\/\/www.easydayphuket.com\/#\/schema\/logo\/image\/\"},\"sameAs\":[\"https:\/\/www.facebook.com\/Easydayinthailand\/\",\"https:\/\/www.instagram.com\/easydaythailand\/\"]}]}<\/script>\n<!-- \/ Yoast SEO plugin. -->","yoast_head_json":{"title":"Privates Phuket Inselh\u00fcpfen angeboten von Easy Day Phuket","description":"Privates Phuket Inselh\u00fcpfen in den S\u00fcden von Phuket nach Racha Island, Koh Hae & Koh Aeo. Fantastische Str\u00e4nden und glasklares Wasser erwarten Sie.","robots":{"index":"index","follow":"follow","max-snippet":"max-snippet:-1","max-image-preview":"max-image-preview:large","max-video-preview":"max-video-preview:-1"},"canonical":"https:\/\/www.easydayphuket.com\/de\/phuket-inselhuepfen\/privates-phuket-inselhuepfen\/","og_locale":"de_DE","og_type":"article","og_title":"Privates Phuket Inselh\u00fcpfen angeboten von Easy Day Phuket","og_description":"Privates Phuket Inselh\u00fcpfen in den S\u00fcden von Phuket nach Racha Island, Koh Hae & Koh Aeo. Fantastische Str\u00e4nden und glasklares Wasser erwarten Sie.","og_url":"https:\/\/www.easydayphuket.com\/de\/phuket-inselhuepfen\/privates-phuket-inselhuepfen\/","og_site_name":"Easy Day Phuket","article_publisher":"https:\/\/www.facebook.com\/Easydayinthailand\/","article_modified_time":"2024-05-23T05:49:25+00:00","og_image":[{"url":"https:\/\/www.easydayphuket.com\/wp-content\/uploads\/2014\/05\/Phuket-Island-Hopping-Tours-Beach-300x225.jpg","type":"","width":"","height":""}],"schema":{"@context":"https:\/\/schema.org","@graph":[{"@type":"WebPage","@id":"https:\/\/www.easydayphuket.com\/de\/phuket-inselhuepfen\/privates-phuket-inselhuepfen\/","url":"https:\/\/www.easydayphuket.com\/de\/phuket-inselhuepfen\/privates-phuket-inselhuepfen\/","name":"Privates Phuket Inselh\u00fcpfen angeboten von Easy Day Phuket","isPartOf":{"@id":"https:\/\/www.easydayphuket.com\/#website"},"primaryImageOfPage":{"@id":"https:\/\/www.easydayphuket.com\/de\/phuket-inselhuepfen\/privates-phuket-inselhuepfen\/#primaryimage"},"image":{"@id":"https:\/\/www.easydayphuket.com\/de\/phuket-inselhuepfen\/privates-phuket-inselhuepfen\/#primaryimage"},"thumbnailUrl":"https:\/\/www.easydayphuket.com\/wp-content\/uploads\/2014\/05\/Speedboat-Island-hopping-300x225.jpg","datePublished":"2015-08-03T03:58:34+00:00","dateModified":"2024-05-23T05:49:25+00:00","description":"Privates Phuket Inselh\u00fcpfen in den S\u00fcden von Phuket nach Racha Island, Koh Hae & Koh Aeo. Fantastische Str\u00e4nden und glasklares Wasser erwarten Sie.","breadcrumb":{"@id":"https:\/\/www.easydayphuket.com\/de\/phuket-inselhuepfen\/privates-phuket-inselhuepfen\/#breadcrumb"},"inLanguage":"de","potentialAction":[{"@type":"ReadAction","target":["https:\/\/www.easydayphuket.com\/de\/phuket-inselhuepfen\/privates-phuket-inselhuepfen\/"]}]},{"@type":"ImageObject","inLanguage":"de","@id":"https:\/\/www.easydayphuket.com\/de\/phuket-inselhuepfen\/privates-phuket-inselhuepfen\/#primaryimage","url":"https:\/\/www.easydayphuket.com\/wp-content\/uploads\/2014\/05\/Speedboat-Island-hopping-300x225.jpg","contentUrl":"https:\/\/www.easydayphuket.com\/wp-content\/uploads\/2014\/05\/Speedboat-Island-hopping-300x225.jpg"},{"@type":"BreadcrumbList","@id":"https:\/\/www.easydayphuket.com\/de\/phuket-inselhuepfen\/privates-phuket-inselhuepfen\/#breadcrumb","itemListElement":[{"@type":"ListItem","position":1,"name":"Home","item":"https:\/\/www.easydayphuket.com\/de\/"},{"@type":"ListItem","position":2,"name":"Phuket Inselh\u00fcpfen","item":"https:\/\/www.easydayphuket.com\/de\/phuket-inselhuepfen\/"},{"@type":"ListItem","position":3,"name":"Privates Phuket Inselh\u00fcpfen"}]},{"@type":"WebSite","@id":"https:\/\/www.easydayphuket.com\/#website","url":"https:\/\/www.easydayphuket.com\/","name":"Easy Day Phuket","description":"Ihr Phuket Tour & Reise Partner","publisher":{"@id":"https:\/\/www.easydayphuket.com\/#organization"},"potentialAction":[{"@type":"SearchAction","target":{"@type":"EntryPoint","urlTemplate":"https:\/\/www.easydayphuket.com\/?s={search_term_string}"},"query-input":{"@type":"PropertyValueSpecification","valueRequired":true,"valueName":"search_term_string"}}],"inLanguage":"de"},{"@type":"Organization","@id":"https:\/\/www.easydayphuket.com\/#organization","name":"Easy Day Thailand","url":"https:\/\/www.easydayphuket.com\/","logo":{"@type":"ImageObject","inLanguage":"de","@id":"https:\/\/www.easydayphuket.com\/#\/schema\/logo\/image\/","url":"https:\/\/www.easydayphuket.com\/wp-content\/uploads\/2013\/07\/Sun-Thaiflag_booking12.gif","contentUrl":"https:\/\/www.easydayphuket.com\/wp-content\/uploads\/2013\/07\/Sun-Thaiflag_booking12.gif","width":100,"height":94,"caption":"Easy Day Thailand"},"image":{"@id":"https:\/\/www.easydayphuket.com\/#\/schema\/logo\/image\/"},"sameAs":["https:\/\/www.facebook.com\/Easydayinthailand\/","https:\/\/www.instagram.com\/easydaythailand\/"]}]}},"_links":{"self":[{"href":"https:\/\/www.easydayphuket.com\/de\/wp-json\/wp\/v2\/pages\/11263","targetHints":{"allow":["GET"]}}],"collection":[{"href":"https:\/\/www.easydayphuket.com\/de\/wp-json\/wp\/v2\/pages"}],"about":[{"href":"https:\/\/www.easydayphuket.com\/de\/wp-json\/wp\/v2\/types\/page"}],"author":[{"embeddable":true,"href":"https:\/\/www.easydayphuket.com\/de\/wp-json\/wp\/v2\/users\/4"}],"replies":[{"embeddable":true,"href":"https:\/\/www.easydayphuket.com\/de\/wp-json\/wp\/v2\/comments?post=11263"}],"version-history":[{"count":0,"href":"https:\/\/www.easydayphuket.com\/de\/wp-json\/wp\/v2\/pages\/11263\/revisions"}],"up":[{"embeddable":true,"href":"https:\/\/www.easydayphuket.com\/de\/wp-json\/wp\/v2\/pages\/11262"}],"wp:attachment":[{"href":"https:\/\/www.easydayphuket.com\/de\/wp-json\/wp\/v2\/media?parent=11263"}],"curies":[{"name":"wp","href":"https:\/\/api.w.org\/{rel}","templated":true}]}}